{"id":11174,"date":"2022-08-29T21:52:26","date_gmt":"2022-08-29T19:52:26","guid":{"rendered":"https:\/\/www.laspa.ee\/?page_id=11174"},"modified":"2026-03-09T13:48:49","modified_gmt":"2026-03-09T11:48:49","slug":"meie-hotell","status":"publish","type":"page","link":"https:\/\/www.laspa.ee\/et\/meie-hotell\/","title":{"rendered":"Meie hotell"},"content":{"rendered":"\n<div class=\"wp-block-cover alignfull is-light\"><img loading=\"lazy\" decoding=\"async\" width=\"1920\" height=\"1280\" class=\"wp-block-cover__image-background wp-image-10433\" alt=\"\" src=\"https:\/\/www.laspa.ee\/wp-content\/uploads\/2022\/06\/DSC3293-copyjj-copyjjj.jpg\" data-object-fit=\"cover\" srcset=\"https:\/\/www.laspa.ee\/wp-content\/uploads\/2022\/06\/DSC3293-copyjj-copyjjj.jpg 1920w, https:\/\/www.laspa.ee\/wp-content\/uploads\/2022\/06\/DSC3293-copyjj-copyjjj-300x200.jpg 300w, https:\/\/www.laspa.ee\/wp-content\/uploads\/2022\/06\/DSC3293-copyjj-copyjjj-1150x767.jpg 1150w, https:\/\/www.laspa.ee\/wp-content\/uploads\/2022\/06\/DSC3293-copyjj-copyjjj-768x512.jpg 768w, https:\/\/www.laspa.ee\/wp-content\/uploads\/2022\/06\/DSC3293-copyjj-copyjjj-1536x1024.jpg 1536w, https:\/\/www.laspa.ee\/wp-content\/uploads\/2022\/06\/DSC3293-copyjj-copyjjj-800x533.jpg 800w\" sizes=\"auto, (max-width: 1920px) 100vw, 1920px\" \/><span aria-hidden=\"true\" class=\"wp-block-cover__background has-background-dim\"><\/span><div class=\"wp-block-cover__inner-container is-layout-flow wp-block-cover-is-layout-flow\">\n<h1 class=\"wp-block-heading has-text-align-center has-white-color has-text-color\">Meie hotell<\/h1>\n<\/div><\/div>\n\n\n\n<a href=\"#\" class=\"trigger-mobile-scrollmenu\">Vaata lisa <\/a><ul class=\"onpage-scrollmenu\">\n<li class=\"wp-block-edhotels-anchor-text\"><a href=\"#3f683b3e-2e49-465a-adce-56367af943a9\">Peamaja<\/a><\/li>\n\n\n\n<li class=\"wp-block-edhotels-anchor-text\"><a href=\"#3c31a334-2bb0-44d1-b9e2-7d6afb8e4496\">Rannamaja<\/a><\/li>\n<\/ul>\n\n\n\n<div class=\"custom-twin-cols\"><div class=\"wp-block-columns has-2-columns\"><div class=\"wp-block-column text-block\">\n<h2 class=\"wp-block-heading\">Tere tulemast meie heaolumaailma looduse keskel<\/h2>\n\n\n\n<p>Liivaranna ja m\u00e4ndide vahel pesitsev LaSpa on koht, kus nautida, puhata ja tunda end h\u00e4sti \u2013 nii kehas kui vaimus. LaSpa on m\u00f5eldud paaridele, kes unistavad romantilisest puhkusest. Peredele l\u00f5busaks koosviibimiseks kuid ka Sulle, kes sa reisid \u00fcksi ja vajad veidi aega iseendale. LaSpa on ideaalne peatuspaik ka siis, kui soovid paar p\u00e4eva t\u00f6\u00f6tada kontorist eemal, nautides samal ajal \u00fcmbritsevat loodust, spaahoolitsusi ja sportimisv\u00f5imalusi.<br>LaSpa on suurep\u00e4rane kohtumispaik ka meeskondadele ja gruppidele, pakkudes suurep\u00e4rast vaheldust tavap\u00e4rasele kontori \u00f5hkkonnale. Looduse keskel konverentside l\u00e4biviimine ja \u00fchiselt ajaveetmine annab hoogu nii tiimi loomingulisusele kui meeskonnavaimule.<br>Meie spaahotell on \u00fchtlasi koht, kus t\u00e4histada k\u00f5ikv\u00f5imalikke s\u00fcndmuseid &#8211; s\u00fcnnip\u00e4evi, pulmi ja k\u00f5iki muid t\u00e4htp\u00e4evi ja saavutusi. Lisaks on LaSpa suurep\u00e4rane peatuspaik, kuhu tulla oma s\u00f5brannade v\u00f5i s\u00f5pradega v\u00e4iksele v\u00e4ljas\u00f5idule.<br>LaSpa hotell koosneb kahest erinevast hoonest: LaSpa peahoonest ja LaSpa rannamajast, mis asub eraldi hoones. <\/p>\n<\/div><div class=\"wp-block-column image-block\" data-pos=\"right\"><div class=\"wp-block-column\"><figure class=\"wp-block-image\"><img decoding=\"async\" src=\"https:\/\/www.laspa.ee\/wp-content\/uploads\/2022\/08\/3N9A4188-scaled-e1661637009483-1065x1150.jpg\" alt=\"\"\/><\/figure><\/div><\/div><\/div><\/div>\n\n\n\n<div id=\"3f683b3e-2e49-465a-adce-56367af943a9\" class=\"wp-block-edhotels-anchor\"><\/div>\n\n\n\n<div class=\"wp-block-edhotels-text-media-patterns custom-activities-block\"><div class=\"wp-block-columns has-2-columns\">\n<div class=\"wp-block-edhotels-activity-text wp-block-column activities-text\">\n<h2 class=\"wp-block-heading\" id=\"wellness-is-all-around-us-in-laulasmaa\">Peamaja<\/h2>\n\n\n\n<p>Peamajas oled basseinide, Naudi LaSpa heaoluspaa, restoranide, fuajee ning konverentsiruumide vahetus l\u00e4heduses. K\u00f5ik \u00fchiskasutuses olevad alad on kaunilt renoveeritud, kuid v\u00e4rskenduskuuri pole veel l\u00e4binud peamaja toad. Me \u00fctleks, et need toad sobivad eelk\u00f5ige peredele, paaridele v\u00f5i \u00fcksinda reisivatele k\u00fclalistele, kes eelistavad soodsamat tuba, et selle arvelt keskenduda rohkem pakutavatele teenustele ja elamustele. Peamajas on 101 tuba ja k\u00f5ikidel merevaatega tubadel on r\u00f5dud. Meil on standardtoad (k.a puuetega inimestele sobilikud toad), superior toad, peretoad, deluxe toad ning \u00fcks 65 m2 kauni vaate ning eraldi saunaga sviit.<\/p>\n\n\n\n<div class=\"wp-block-buttons is-layout-flex wp-block-buttons-is-layout-flex\">\n<div class=\"wp-block-button is-style-outline is-style-outline--1\"><a class=\"wp-block-button__link no-border-radius wp-element-button\" href=\"https:\/\/www.laspa.ee\/et\/peamaja_toad\/\">TOAD<\/a><\/div>\n<\/div>\n<\/div>\n\n\n\n<div class=\"wp-block-edhotels-activity-medias wp-block-column activities-boxes\"><div class=\"grid\">\n<a class=\"wp-block-edhotels-activity-media grid-item\" href=\"https:\/\/www.laspa.ee\/et\/peamaja_toad\/\"><img decoding=\"async\" src=\"https:\/\/www.laspa.ee\/wp-content\/uploads\/2022\/08\/kaupokalda-com-20181019-DJI_0742-1150x861.jpg\" alt=\"\"\/><span><\/span><\/a>\n\n\n\n<a class=\"wp-block-edhotels-activity-media grid-item\" href=\"https:\/\/www.laspa.ee\/et\/peamaja_toad\/\"><img decoding=\"async\" src=\"https:\/\/www.laspa.ee\/wp-content\/uploads\/2023\/07\/20JJ1103_101-copy-2-767x1150.jpg\" alt=\"LaSpa Laulasmaa \"\/><span><\/span><\/a>\n\n\n\n<a class=\"wp-block-edhotels-activity-media grid-item\" href=\"https:\/\/www.laspa.ee\/et\/peamaja_toad\/\"><img decoding=\"async\" src=\"https:\/\/www.laspa.ee\/wp-content\/uploads\/2024\/03\/peretua-10-1150x862.jpg\" alt=\"\"\/><span><\/span><\/a>\n\n\n\n<a class=\"wp-block-edhotels-activity-media grid-item\" href=\"https:\/\/www.laspa.ee\/et\/peamaja_toad\/\"><img decoding=\"async\" src=\"https:\/\/www.laspa.ee\/wp-content\/uploads\/2022\/08\/deluxe-room_view_Laspa-3-1150x709.jpg\" alt=\"\"\/><span><\/span><\/a>\n\n\n\n<a class=\"wp-block-edhotels-activity-media grid-item\" href=\"https:\/\/www.laspa.ee\/et\/peamaja_toad\/\"><img decoding=\"async\" src=\"https:\/\/www.laspa.ee\/wp-content\/uploads\/2022\/05\/3N9A4170-1150x754.jpg\" alt=\"\"\/><span><\/span><\/a>\n<\/div><\/div>\n<\/div><\/div>\n\n\n\n<div id=\"3c31a334-2bb0-44d1-b9e2-7d6afb8e4496\" class=\"wp-block-edhotels-anchor\"><\/div>\n\n\n\n<div class=\"wp-block-edhotels-text-media-patterns custom-activities-block\"><div class=\"wp-block-columns has-2-columns\">\n<div class=\"wp-block-edhotels-activity-text wp-block-column activities-text\">\n<h2 class=\"wp-block-heading\" id=\"wellness-is-all-around-us-in-laulasmaa\">Rannamaja<\/h2>\n\n\n\n<p>Tere tulemast meie v\u00e4iksesse luksuslikku butiikhotelli LaSpa s\u00fcdames. Meil on v\u00e4ga hea meel Sind siin tervitada! Loodame, et tunned end siin kui k\u00fclaline soojas ja luksuslikus p\u00f5hjamaises rannamajas. Tubadesse oleme Sinu jaoks valinud luksuslikud Carpe Diem voodid, p\u00f5hjamaise disainm\u00f6\u00f6bli, kohaliku Eesti kunsti ning pehmed suletekid ja padjad.<br>Rannamaja asub 30 meetri kaugusel peamajast ning sobib suurep\u00e4raselt puhkuseks nii paaridele, k\u00fclalistele, kes on tulnud \u00fcksinda patareisid laadima, kui v\u00e4iksematele ettev\u00f5tete gruppidele, kes hindavad mugavust, rahu, privaatsust ning ilu. <br>M\u00f5ne lausega Rootsi luksusbr\u00e4ndi Carpe Diem vooditest, kellele huvi pakub. See ettev\u00f5te asutati v\u00e4ikeses kalurik\u00fclas Lysekil, kust on p\u00e4rit ka meie hotelli omanik Anna ning asutajaks oli tema s\u00f5ber B\u00f6rje. \u00dchel p\u00e4eval, kui B\u00f6rje pikutas kanarbike peal v\u00e4ikesel Bohusl\u00e4ni saarel Lusekili l\u00e4hedal, s\u00fcndis tal unistus. Ta otsustas hakata tootma voodeid, mis on just niisama pehmed ning samas annavad sellise kindlustunde, mida ta koges seal kanarbike peal pikutades. B\u00f6rje alustas voodite tootmist sealsamas Lysekil pea 30 aastat tagasi. T\u00e4na m\u00fc\u00fcakse tema voodeid k\u00f5ikjal Euroopas, isegi Harrodsi kaubamajas Londonis. Need on voodid, millest Sa iial t\u00f5usta ei sooviks. Kuna hea uni on tervisliku elu alustalaks, oli voodite valik meie jaoks LaSpas ilmselge.<\/p>\n\n\n\n<div class=\"wp-block-buttons is-layout-flex wp-block-buttons-is-layout-flex\">\n<div class=\"wp-block-button is-style-outline is-style-outline--2\"><a class=\"wp-block-button__link no-border-radius wp-element-button\" href=\"https:\/\/www.laspa.ee\/et\/rannamaja-toad\/\">TOAD<\/a><\/div>\n<\/div>\n<\/div>\n\n\n\n<div class=\"wp-block-edhotels-activity-medias wp-block-column activities-boxes\"><div class=\"grid\">\n<a class=\"wp-block-edhotels-activity-media grid-item\" href=\"https:\/\/www.laspa.ee\/et\/rannamaja-toad\/\"><img decoding=\"async\" src=\"https:\/\/www.laspa.ee\/wp-content\/uploads\/2022\/08\/20JJ1103_101-6-1150x726.jpg\" alt=\"\"\/><span><\/span><\/a>\n\n\n\n<a class=\"wp-block-edhotels-activity-media grid-item\" href=\"https:\/\/www.laspa.ee\/et\/rannamaja-toad\/\"><img decoding=\"async\" src=\"https:\/\/www.laspa.ee\/wp-content\/uploads\/2022\/08\/20JJ1103_101-copy-44-767x1150.jpg\" alt=\"\"\/><span><\/span><\/a>\n\n\n\n<a class=\"wp-block-edhotels-activity-media grid-item\" href=\"https:\/\/www.laspa.ee\/et\/rannamaja-toad\/\"><img decoding=\"async\" src=\"https:\/\/www.laspa.ee\/wp-content\/uploads\/2022\/08\/HV4-1150x606.jpg\" alt=\"\"\/><span><\/span><\/a>\n\n\n\n<a class=\"wp-block-edhotels-activity-media grid-item\" href=\"https:\/\/www.laspa.ee\/et\/rannamaja-toad\/\"><img decoding=\"async\" src=\"https:\/\/www.laspa.ee\/wp-content\/uploads\/2023\/05\/Beach-house-lobby-3-1150x863.jpg\" alt=\"\"\/><span><\/span><\/a>\n\n\n\n<a class=\"wp-block-edhotels-activity-media grid-item\" href=\"https:\/\/www.laspa.ee\/et\/rannamaja-toad\/\"><img decoding=\"async\" src=\"https:\/\/www.laspa.ee\/wp-content\/uploads\/2023\/05\/Sten-8-1150x606.jpg\" alt=\"\"\/><span><\/span><\/a>\n\n\n\n<a class=\"wp-block-edhotels-activity-media grid-item\" href=\"https:\/\/www.laspa.ee\/et\/rannamaja-toad\/\"><img decoding=\"async\" src=\"https:\/\/www.laspa.ee\/wp-content\/uploads\/2023\/11\/Beach-house-sea-view-junior-suite-6-1150x606.jpg\" alt=\"\"\/><span><\/span><\/a>\n<\/div><\/div>\n<\/div><\/div>\n","protected":false},"excerpt":{"rendered":"","protected":false},"author":4,"featured_media":0,"parent":0,"menu_order":104,"comment_status":"closed","ping_status":"closed","template":"","meta":{"_acf_changed":false,"footnotes":""},"class_list":["post-11174","page","type-page","status-publish","hentry"],"acf":false,"yoast_head":"<!-- This site is optimized with the Yoast SEO plugin v27.2 - https:\/\/yoast.com\/product\/yoast-seo-wordpress\/ -->\n<title>Meie hotell - LaSpa Laulasmaa<\/title>\n<meta name=\"robots\" content=\"index, follow, max-snippet:-1, max-image-preview:large, max-video-preview:-1\" \/>\n<link rel=\"canonical\" href=\"https:\/\/www.laspa.ee\/et\/meie-hotell\/\" \/>\n<meta property=\"og:locale\" content=\"et_EE\" \/>\n<meta property=\"og:type\" content=\"article\" \/>\n<meta property=\"og:title\" content=\"Meie hotell - LaSpa Laulasmaa\" \/>\n<meta property=\"og:url\" content=\"https:\/\/www.laspa.ee\/et\/meie-hotell\/\" \/>\n<meta property=\"og:site_name\" content=\"LaSpa Laulasmaa\" \/>\n<meta property=\"article:publisher\" content=\"https:\/\/www.facebook.com\/LaSpaLaulasmaa\" \/>\n<meta property=\"article:modified_time\" content=\"2026-03-09T11:48:49+00:00\" \/>\n<meta property=\"og:image\" content=\"https:\/\/www.laspa.ee\/wp-content\/uploads\/2022\/06\/DSC3293-copyjj-copyjjj.jpg\" \/>\n\t<meta property=\"og:image:width\" content=\"1920\" \/>\n\t<meta property=\"og:image:height\" content=\"1280\" \/>\n\t<meta property=\"og:image:type\" content=\"image\/jpeg\" \/>\n<meta name=\"twitter:card\" content=\"summary_large_image\" \/>\n<meta name=\"twitter:label1\" content=\"Est. reading time\" \/>\n\t<meta name=\"twitter:data1\" content=\"5 minutit\" \/>\n<script type=\"application\/ld+json\" class=\"yoast-schema-graph\">{\"@context\":\"https:\/\/schema.org\",\"@graph\":[{\"@type\":\"WebPage\",\"@id\":\"https:\/\/www.laspa.ee\/et\/meie-hotell\/\",\"url\":\"https:\/\/www.laspa.ee\/et\/meie-hotell\/\",\"name\":\"Meie hotell - LaSpa Laulasmaa\",\"isPartOf\":{\"@id\":\"https:\/\/www.laspa.ee\/et\/#website\"},\"primaryImageOfPage\":{\"@id\":\"https:\/\/www.laspa.ee\/et\/meie-hotell\/#primaryimage\"},\"image\":{\"@id\":\"https:\/\/www.laspa.ee\/et\/meie-hotell\/#primaryimage\"},\"thumbnailUrl\":\"https:\/\/www.laspa.ee\/wp-content\/uploads\/2022\/06\/DSC3293-copyjj-copyjjj.jpg\",\"datePublished\":\"2022-08-29T19:52:26+00:00\",\"dateModified\":\"2026-03-09T11:48:49+00:00\",\"breadcrumb\":{\"@id\":\"https:\/\/www.laspa.ee\/et\/meie-hotell\/#breadcrumb\"},\"inLanguage\":\"et\",\"potentialAction\":[{\"@type\":\"ReadAction\",\"target\":[\"https:\/\/www.laspa.ee\/et\/meie-hotell\/\"]}]},{\"@type\":\"ImageObject\",\"inLanguage\":\"et\",\"@id\":\"https:\/\/www.laspa.ee\/et\/meie-hotell\/#primaryimage\",\"url\":\"https:\/\/www.laspa.ee\/wp-content\/uploads\/2022\/06\/DSC3293-copyjj-copyjjj.jpg\",\"contentUrl\":\"https:\/\/www.laspa.ee\/wp-content\/uploads\/2022\/06\/DSC3293-copyjj-copyjjj.jpg\"},{\"@type\":\"BreadcrumbList\",\"@id\":\"https:\/\/www.laspa.ee\/et\/meie-hotell\/#breadcrumb\",\"itemListElement\":[{\"@type\":\"ListItem\",\"position\":1,\"name\":\"Home\",\"item\":\"https:\/\/www.laspa.ee\/et\/\"},{\"@type\":\"ListItem\",\"position\":2,\"name\":\"Meie hotell\"}]},{\"@type\":\"WebSite\",\"@id\":\"https:\/\/www.laspa.ee\/et\/#website\",\"url\":\"https:\/\/www.laspa.ee\/et\/\",\"name\":\"LaSpa Laulasmaa\",\"description\":\"Wellbeing by nature\",\"potentialAction\":[{\"@type\":\"SearchAction\",\"target\":{\"@type\":\"EntryPoint\",\"urlTemplate\":\"https:\/\/www.laspa.ee\/et\/?s={search_term_string}\"},\"query-input\":{\"@type\":\"PropertyValueSpecification\",\"valueRequired\":true,\"valueName\":\"search_term_string\"}}],\"inLanguage\":\"et\"}]}<\/script>\n<!-- \/ Yoast SEO plugin. -->","yoast_head_json":{"title":"Meie hotell - LaSpa Laulasmaa","robots":{"index":"index","follow":"follow","max-snippet":"max-snippet:-1","max-image-preview":"max-image-preview:large","max-video-preview":"max-video-preview:-1"},"canonical":"https:\/\/www.laspa.ee\/et\/meie-hotell\/","og_locale":"et_EE","og_type":"article","og_title":"Meie hotell - LaSpa Laulasmaa","og_url":"https:\/\/www.laspa.ee\/et\/meie-hotell\/","og_site_name":"LaSpa Laulasmaa","article_publisher":"https:\/\/www.facebook.com\/LaSpaLaulasmaa","article_modified_time":"2026-03-09T11:48:49+00:00","og_image":[{"width":1920,"height":1280,"url":"https:\/\/www.laspa.ee\/wp-content\/uploads\/2022\/06\/DSC3293-copyjj-copyjjj.jpg","type":"image\/jpeg"}],"twitter_card":"summary_large_image","twitter_misc":{"Est. reading time":"5 minutit"},"schema":{"@context":"https:\/\/schema.org","@graph":[{"@type":"WebPage","@id":"https:\/\/www.laspa.ee\/et\/meie-hotell\/","url":"https:\/\/www.laspa.ee\/et\/meie-hotell\/","name":"Meie hotell - LaSpa Laulasmaa","isPartOf":{"@id":"https:\/\/www.laspa.ee\/et\/#website"},"primaryImageOfPage":{"@id":"https:\/\/www.laspa.ee\/et\/meie-hotell\/#primaryimage"},"image":{"@id":"https:\/\/www.laspa.ee\/et\/meie-hotell\/#primaryimage"},"thumbnailUrl":"https:\/\/www.laspa.ee\/wp-content\/uploads\/2022\/06\/DSC3293-copyjj-copyjjj.jpg","datePublished":"2022-08-29T19:52:26+00:00","dateModified":"2026-03-09T11:48:49+00:00","breadcrumb":{"@id":"https:\/\/www.laspa.ee\/et\/meie-hotell\/#breadcrumb"},"inLanguage":"et","potentialAction":[{"@type":"ReadAction","target":["https:\/\/www.laspa.ee\/et\/meie-hotell\/"]}]},{"@type":"ImageObject","inLanguage":"et","@id":"https:\/\/www.laspa.ee\/et\/meie-hotell\/#primaryimage","url":"https:\/\/www.laspa.ee\/wp-content\/uploads\/2022\/06\/DSC3293-copyjj-copyjjj.jpg","contentUrl":"https:\/\/www.laspa.ee\/wp-content\/uploads\/2022\/06\/DSC3293-copyjj-copyjjj.jpg"},{"@type":"BreadcrumbList","@id":"https:\/\/www.laspa.ee\/et\/meie-hotell\/#breadcrumb","itemListElement":[{"@type":"ListItem","position":1,"name":"Home","item":"https:\/\/www.laspa.ee\/et\/"},{"@type":"ListItem","position":2,"name":"Meie hotell"}]},{"@type":"WebSite","@id":"https:\/\/www.laspa.ee\/et\/#website","url":"https:\/\/www.laspa.ee\/et\/","name":"LaSpa Laulasmaa","description":"Wellbeing by nature","potentialAction":[{"@type":"SearchAction","target":{"@type":"EntryPoint","urlTemplate":"https:\/\/www.laspa.ee\/et\/?s={search_term_string}"},"query-input":{"@type":"PropertyValueSpecification","valueRequired":true,"valueName":"search_term_string"}}],"inLanguage":"et"}]}},"_links":{"self":[{"href":"https:\/\/www.laspa.ee\/et\/wp-json\/wp\/v2\/pages\/11174","targetHints":{"allow":["GET"]}}],"collection":[{"href":"https:\/\/www.laspa.ee\/et\/wp-json\/wp\/v2\/pages"}],"about":[{"href":"https:\/\/www.laspa.ee\/et\/wp-json\/wp\/v2\/types\/page"}],"author":[{"embeddable":true,"href":"https:\/\/www.laspa.ee\/et\/wp-json\/wp\/v2\/users\/4"}],"replies":[{"embeddable":true,"href":"https:\/\/www.laspa.ee\/et\/wp-json\/wp\/v2\/comments?post=11174"}],"version-history":[{"count":20,"href":"https:\/\/www.laspa.ee\/et\/wp-json\/wp\/v2\/pages\/11174\/revisions"}],"predecessor-version":[{"id":21574,"href":"https:\/\/www.laspa.ee\/et\/wp-json\/wp\/v2\/pages\/11174\/revisions\/21574"}],"wp:attachment":[{"href":"https:\/\/www.laspa.ee\/et\/wp-json\/wp\/v2\/media?parent=11174"}],"curies":[{"name":"wp","href":"https:\/\/api.w.org\/{rel}","templated":true}]}}