{"id":11229,"date":"2022-08-30T18:03:37","date_gmt":"2022-08-30T16:03:37","guid":{"rendered":"https:\/\/www.laspa.ee\/?page_id=11229"},"modified":"2026-04-13T17:21:38","modified_gmt":"2026-04-13T15:21:38","slug":"rannamaja-toad","status":"publish","type":"page","link":"https:\/\/www.laspa.ee\/et\/rannamaja-toad\/","title":{"rendered":"Rannamaja toad"},"content":{"rendered":"\n<div class=\"wp-block-cover alignfull\" style=\"min-height:391px;aspect-ratio:unset;\"><img loading=\"lazy\" decoding=\"async\" width=\"2048\" height=\"1536\" class=\"wp-block-cover__image-background wp-image-14697\" alt=\"\" src=\"https:\/\/www.laspa.ee\/wp-content\/uploads\/2023\/05\/436346.jpg\" style=\"object-position:39% 30%\" data-object-fit=\"cover\" data-object-position=\"39% 30%\" srcset=\"https:\/\/www.laspa.ee\/wp-content\/uploads\/2023\/05\/436346.jpg 2048w, https:\/\/www.laspa.ee\/wp-content\/uploads\/2023\/05\/436346-300x225.jpg 300w, https:\/\/www.laspa.ee\/wp-content\/uploads\/2023\/05\/436346-1150x863.jpg 1150w, https:\/\/www.laspa.ee\/wp-content\/uploads\/2023\/05\/436346-768x576.jpg 768w, https:\/\/www.laspa.ee\/wp-content\/uploads\/2023\/05\/436346-1536x1152.jpg 1536w, https:\/\/www.laspa.ee\/wp-content\/uploads\/2023\/05\/436346-800x600.jpg 800w\" sizes=\"auto, (max-width: 2048px) 100vw, 2048px\" \/><span aria-hidden=\"true\" class=\"wp-block-cover__background has-black-background-color has-background-dim\"><\/span><div class=\"wp-block-cover__inner-container is-layout-flow wp-block-cover-is-layout-flow\">\n<h1 class=\"wp-block-heading has-text-align-center has-white-color has-text-color\" id=\"hotel-rooms\">Rannamaja toad<\/h1>\n<\/div><\/div>\n\n\n\n<a href=\"#\" class=\"trigger-mobile-scrollmenu\">Choose room type<\/a><ul class=\"onpage-scrollmenu\">\n<li class=\"wp-block-edhotels-anchor-text\"><a href=\"#e68fa9e8-d241-4464-ac72-f03f9dc3e0ab\">Merevaatega<\/a><\/li>\n\n\n\n<li class=\"wp-block-edhotels-anchor-text\"><a href=\"#8c6b9019-c3f9-4065-a4af-6d6c23c1d132\">Taevavaatega<\/a><\/li>\n\n\n\n<li class=\"wp-block-edhotels-anchor-text\"><a href=\"#754e2c2e-7ba7-4643-891a-1d847cd23af5\">Hoovivaatega<\/a><\/li>\n\n\n\n<li class=\"wp-block-edhotels-anchor-text\"><a href=\"#b6444086-8cfb-4c57-ae4a-82fd4e752a1f\">Merevaatega juuniorsviit<\/a><\/li>\n\n\n\n<li class=\"wp-block-edhotels-anchor-text\"><a href=\"#93887776-a21c-4aab-ab98-b5a4a119b415\">Hoovivaatega juuniorsviit<\/a><\/li>\n\n\n\n<li class=\"wp-block-edhotels-anchor-text\"><a href=\"#8fbc1f7b-6f9f-4767-a7bd-47247f1d9666\">Taevavaatega juuniorsviit<\/a><\/li>\n\n\n\n<li class=\"wp-block-edhotels-anchor-text\"><a href=\"#34000c97-f15f-40b7-82aa-440d8817c6a1\">Naudi juuniorsviit<\/a><\/li>\n<\/ul>\n\n\n\n<div id=\"e68fa9e8-d241-4464-ac72-f03f9dc3e0ab\" class=\"wp-block-edhotels-anchor\"><\/div>\n\n\n\n<div class=\"custom-twin-cols\"><div class=\"wp-block-columns has-2-columns\"><div class=\"wp-block-column text-block\">\n<h2 class=\"wp-block-heading alignwide\" id=\"standard-rooms\">Rannamaja merevaatega<\/h2>\n\n\n\n<p>Milline v\u00f5rratu vaade avaneb, kui sisened meie valgusk\u00fcllastesse ning hubastesse merevaatega tubadesse. Iga detail nendes tubades on valitud eesm\u00e4rgiga muuta sinu puhkus meie juures mugavaks ning t\u00f5eliselt nauditavaks. Need p\u00f5hjamaiselt \u0161ikid toad on kujundatud nii, et tunneksid ennast l\u00f5\u00f5gastunult ning looduse keskel tasakaalus. Loodame, et magad nagu beebi meie luksuslikel Rootsi Carpe Diem vooditel.<\/p>\n\n\n\n<div class=\"wp-block-buttons is-layout-flex wp-block-buttons-is-layout-flex\">\n<div class=\"wp-block-button is-style-outline is-style-outline--1\"><a class=\"wp-block-button__link wp-element-button\" href=\"https:\/\/bouk.io\/booking\/laspa\/323\/rooms\/?language=et&amp;currency=EUR&amp;adults=2&amp;roomId=3044\">BRONEERI<\/a><\/div>\n\n\n\n<div class=\"wp-block-button is-style-no-style\"><a class=\"wp-block-button__link wp-element-button\" href=\"https:\/\/www.laspa.ee\/et\/laspa_rannamaja-merevaatega\/\">Loe lisa<\/a><\/div>\n<\/div>\n<\/div><div class=\"wp-block-column image-block\" data-pos=\"right\"><div class=\"wp-block-column\"><figure class=\"wp-block-image\"><img decoding=\"async\" src=\"https:\/\/www.laspa.ee\/wp-content\/uploads\/2026\/04\/Sea-view-beach-house-4-1150x647.jpg\" alt=\"LaSpa beach house room with sea view, wooden window frame, soft textiles, natural light and Nordic interior\"\/><\/figure><\/div><\/div><\/div><\/div>\n\n\n\n<div id=\"8c6b9019-c3f9-4065-a4af-6d6c23c1d132\" class=\"wp-block-edhotels-anchor\"><\/div>\n\n\n\n<div class=\"custom-twin-cols\"><div class=\"wp-block-columns has-2-columns\"><div class=\"wp-block-column image-block\" data-pos=\"left\"><div class=\"wp-block-column\"><a href=\"https:\/\/www.laspa.ee\/wp-content\/uploads\/2023\/05\/HV-13-1150x606.jpg\"><figure class=\"wp-block-image\"><img decoding=\"async\" src=\"https:\/\/www.laspa.ee\/wp-content\/uploads\/2023\/05\/HV-13-1150x606.jpg\" alt=\"LaSpa sky view room\"\/><\/figure><\/a><\/div><\/div><div class=\"wp-block-column text-block\">\n<h2 class=\"wp-block-heading\" id=\"superior-rooms\">Rannamaja taevavaatega<\/h2>\n\n\n\n<p>Tere tulemast meie kolmanda korruse katusealustesse tubadesse. Need toad on m\u00f5eldud k\u00f5igile, kes tunnevad end hingelt noorena. Oleme nendest kaunitest ja hubastest tubadest t\u00e4ielikult lummatud! Naudi l\u00e4bi katuseakende t\u00e4histaevast v\u00f5i m\u00f5nule pleedi all raamatut lugedes v\u00f5i filmi vaadates, kui v\u00e4ljas sabistab vihma ja meri on tormine. Soovime sulle imelisi unen\u00e4gusid meie luksuslikel Rootsi Carpe Diem vooditel.<\/p>\n\n\n\n<div class=\"wp-block-buttons is-layout-flex wp-block-buttons-is-layout-flex\">\n<div class=\"wp-block-button is-style-outline is-style-outline--2\"><a class=\"wp-block-button__link wp-element-button\" href=\"https:\/\/bouk.io\/booking\/laspa\/323\/rooms\/?language=et&amp;currency=EUR&amp;adults=2&amp;roomId=3045\">BRONEERI<\/a><\/div>\n\n\n\n<div class=\"wp-block-button is-style-no-style\"><a class=\"wp-block-button__link wp-element-button\" href=\"https:\/\/www.laspa.ee\/et\/beach-house-sky-view\/\">Loe lisa<\/a><\/div>\n<\/div>\n<\/div><\/div><\/div>\n\n\n\n<div id=\"754e2c2e-7ba7-4643-891a-1d847cd23af5\" class=\"wp-block-edhotels-anchor\"><\/div>\n\n\n\n<div class=\"custom-twin-cols\"><div class=\"wp-block-columns has-2-columns\"><div class=\"wp-block-column text-block\">\n<h2 class=\"wp-block-heading\" id=\"family-rooms\">Rannamaja hoovivaatega<\/h2>\n\n\n\n<p>Tere tulemast meie k\u00f5rgete lagedega valgusk\u00fcllastesse ning hubastesse tubadesse, mis asuvad rannamaja esimesel ning teisel korrusel. Iga detail nendes tubades on armastuse ja hoolega valitud, et muuta Sinu puhkus meie juures nii mugavaks ning nauditavaks kui v\u00f5imalik. Soovime sulle imelisi unen\u00e4gusid meie luksuslikel Rootsi Carpe Diem vooditel.<\/p>\n\n\n\n<div class=\"wp-block-buttons is-layout-flex wp-block-buttons-is-layout-flex\">\n<div class=\"wp-block-button is-style-outline is-style-outline--3\"><a class=\"wp-block-button__link wp-element-button\" href=\"https:\/\/bouk.io\/booking\/laspa\/323\/rate\/?language=et&amp;currency=EUR&amp;adults=2&amp;roomId=3046\">BRONEERI<\/a><\/div>\n\n\n\n<div class=\"wp-block-button is-style-no-style\"><a class=\"wp-block-button__link wp-element-button\" href=\"https:\/\/www.laspa.ee\/et\/beach-house-courtyard-view\/\">Loe lisa<\/a><\/div>\n<\/div>\n<\/div><div class=\"wp-block-column image-block\" data-pos=\"right\"><div class=\"wp-block-column\"><figure class=\"wp-block-image\"><img decoding=\"async\" src=\"https:\/\/www.laspa.ee\/wp-content\/uploads\/2024\/08\/3rewqe-1150x647.jpg\" alt=\"\"\/><\/figure><\/div><\/div><\/div><\/div>\n\n\n\n<div id=\"b6444086-8cfb-4c57-ae4a-82fd4e752a1f\" class=\"wp-block-edhotels-anchor\"><\/div>\n\n\n\n<div class=\"custom-twin-cols\"><div class=\"wp-block-columns has-2-columns\"><div class=\"wp-block-column image-block\" data-pos=\"left\"><div class=\"wp-block-column\"><a href=\"https:\/\/www.laspa.ee\/wp-content\/uploads\/2023\/05\/Beach-house-sea-view-junior-suite-6-1150x606.jpg\"><figure class=\"wp-block-image\"><img decoding=\"async\" src=\"https:\/\/www.laspa.ee\/wp-content\/uploads\/2023\/05\/Beach-house-sea-view-junior-suite-6-1150x606.jpg\" alt=\"\"\/><\/figure><\/a><\/div><\/div><div class=\"wp-block-column text-block\">\n<h2 class=\"wp-block-heading\" id=\"deluxe-rooms\">Merevaatega juuniorsviit<\/h2>\n\n\n\n<p>Meie juuniorsviiti sisenedes on esimesest hetkest selge, et Sa ei soovi siit kunagi lahkuda. Meie avaratest ja valgusk\u00fcllastest juuniorsviitidest avanevad v\u00f5rratud vaated merele ja m\u00e4nnimetsale. Veeda siin unistades ja l\u00f5\u00f5gastudes oma puhkus v\u00f5i tule hoopis tee siin t\u00f6\u00f6d, lastes mere ja looduse l\u00e4hedusel rahustavalt m\u00f5juda. K\u00f5ik, mida Sa siin n\u00e4ed, on spetsiaalselt Sinu jaoks valitud, et tunneksid end kui kodus. Alates Rootsi luksusbr\u00e4ndi Carpe Diem vooditest, mugavast pehmest diivanist kuni Eesti kunstini seintel ning hoolega valitud m\u00f6\u00f6bli ja aksessuaarideni toas.<\/p>\n\n\n\n<div class=\"wp-block-buttons is-layout-flex wp-block-buttons-is-layout-flex\">\n<div class=\"wp-block-button is-style-outline is-style-outline--4\"><a class=\"wp-block-button__link wp-element-button\" href=\"https:\/\/bouk.io\/booking\/laspa\/398\/rooms?language=et&amp;currency=&amp;adults=2&amp;roomId=2097\">BRONEERI<\/a><\/div>\n\n\n\n<div class=\"wp-block-button is-style-no-style\"><a class=\"wp-block-button__link wp-element-button\" href=\"https:\/\/www.laspa.ee\/et\/merevaatega-juuniorsviit\/\">Loe lisa<\/a><\/div>\n<\/div>\n<\/div><\/div><\/div>\n\n\n\n<div id=\"93887776-a21c-4aab-ab98-b5a4a119b415\" class=\"wp-block-edhotels-anchor\"><\/div>\n\n\n\n<div class=\"custom-twin-cols\"><div class=\"wp-block-columns has-2-columns\"><div class=\"wp-block-column text-block\">\n<h2 class=\"wp-block-heading\" id=\"suite\">Hoovivaatega juuniorsviit<\/h2>\n\n\n\n<p>Meie juuniorsviiti sisenedes on esimesest hetkest selge, et Sa ei soovi siit kunagi lahkuda. Veeda siin unistades ja l\u00f5\u00f5gastudes oma puhkus v\u00f5i tule hoopis tee siin t\u00f6\u00f6d, lastes mere ja looduse l\u00e4hedusel rahustavalt m\u00f5juda. lastes mere ja looduse l\u00e4hedusel rahustavalt m\u00f5juda. K\u00f5ik, mida Sa siin n\u00e4ed, on spetsiaalselt Sinu jaoks valitud, et tunneksid end kui kodus. Alates Rootsi luksusbr\u00e4ndi Carpe Diem vooditest, mugavast pehmest diivanist kuni Eesti kunstini seintel ning hoolega valitud m\u00f6\u00f6bli ja aksessuaarideni toas.<\/p>\n\n\n\n<div class=\"wp-block-buttons is-layout-flex wp-block-buttons-is-layout-flex\">\n<div class=\"wp-block-button is-style-outline is-style-outline--5\"><a class=\"wp-block-button__link wp-element-button\" href=\"https:\/\/bouk.io\/booking\/laspa\/398\/rooms?language=et&amp;currency=&amp;adults=2&amp;roomId=2096\">BRONEERI<\/a><\/div>\n\n\n\n<div class=\"wp-block-button is-style-no-style\"><a class=\"wp-block-button__link wp-element-button\" href=\"https:\/\/www.laspa.ee\/et\/hoovivaatega-juuniorsviit\/\">Loe lisa<\/a><\/div>\n<\/div>\n<\/div><div class=\"wp-block-column image-block\" data-pos=\"right\"><div class=\"wp-block-column\"><figure class=\"wp-block-image\"><img decoding=\"async\" src=\"https:\/\/www.laspa.ee\/wp-content\/uploads\/2022\/08\/27.8-4-1-1150x606.jpg\" alt=\"\"\/><\/figure><\/div><\/div><\/div><\/div>\n\n\n\n<div id=\"8fbc1f7b-6f9f-4767-a7bd-47247f1d9666\" class=\"wp-block-edhotels-anchor\"><\/div>\n\n\n\n<div class=\"custom-twin-cols\"><div class=\"wp-block-columns has-2-columns\"><div class=\"wp-block-column image-block\" data-pos=\"left\"><div class=\"wp-block-column\"><a href=\"https:\/\/www.laspa.ee\/wp-content\/uploads\/2023\/01\/rgergr-1150x863.jpg\"><figure class=\"wp-block-image\"><img decoding=\"async\" src=\"https:\/\/www.laspa.ee\/wp-content\/uploads\/2023\/01\/rgergr-1150x863.jpg\" alt=\"\"\/><\/figure><\/a><\/div><\/div><div class=\"wp-block-column text-block\">\n<h2 class=\"wp-block-heading\" id=\"suite\">Taevavaatega juuniorsviit<\/h2>\n\n\n\n<p>Meie juuniorsviiti sisenedes on esimesest hetkest selge, et sa ei soovi siit kunagi lahkuda. Veeda siin avaras juuniorviidis unistades ja l\u00f5\u00f5gastudes oma puhkus v\u00f5i tule hoopis tee siin t\u00f6\u00f6d, lastes mere ja looduse l\u00e4hedusel rahustavalt m\u00f5juda. Naudi l\u00e4bi katuseakende t\u00e4histaevast v\u00f5i m\u00f5nule pleedi all raamatut lugedes v\u00f5i filmi vaadates, kui v\u00e4ljas sabistab vihma ja meri on tormine. K\u00f5ik, mida Sa siin n\u00e4ed, on spetsiaalselt Sinu jaoks valitud, et tunneksid end kui kodus. Alates Rootsi luksusbr\u00e4ndi Carpe Diem vooditest, mugavast pehmest diivanist kuni Eesti kunstini seintel ning hoolega valitud m\u00f6\u00f6bli ja aksessuaarideni toas.<\/p>\n\n\n\n<div class=\"wp-block-buttons is-layout-flex wp-block-buttons-is-layout-flex\">\n<div class=\"wp-block-button is-style-outline is-style-outline--6\"><a class=\"wp-block-button__link wp-element-button\" href=\"https:\/\/bouk.io\/booking\/laspa\/398\/rooms?language=et&amp;currency=&amp;adults=2&amp;roomId=2095\">BRONEERI<\/a><\/div>\n\n\n\n<div class=\"wp-block-button is-style-no-style\"><a class=\"wp-block-button__link wp-element-button\" href=\"https:\/\/www.laspa.ee\/et\/taevavaatega-juuniorsviit\/\">Loe lisa<\/a><\/div>\n<\/div>\n<\/div><\/div><\/div>\n\n\n\n<div id=\"34000c97-f15f-40b7-82aa-440d8817c6a1\" class=\"wp-block-edhotels-anchor\"><\/div>\n\n\n\n<div class=\"custom-twin-cols\"><div class=\"wp-block-columns has-2-columns\"><div class=\"wp-block-column text-block\">\n<h2 class=\"wp-block-heading\" id=\"suite\">Naudi juuniorsviit<\/h2>\n\n\n\n<p>Tere tulemast v\u00f5luvasse Naudi juuniorsviiti, kus mugavus ja luksus on p\u00f5imitud nautimist v\u00e4\u00e4rt elamuseks. Kujuta ette, et uinud luksuslikus Carpe Diem voodis, mida \u00fcmbritsevad suured aknad, raamides hingematvat mere- ja looduse ilu otse Sinu akna taga. P\u00f5hjamaise disainm\u00f6\u00f6bli, lummava sisekujunduse ja kaasaegsete mugavustega varustatud juuniorsviit lubab rahulikku ja unustamatut elamust. K\u00f5ik, mida Sa siin n\u00e4ed, on spetsiaalselt Sinu jaoks valitud, et tunneksid end kui kodus. <\/p>\n\n\n\n<div class=\"wp-block-buttons is-layout-flex wp-block-buttons-is-layout-flex\">\n<div class=\"wp-block-button is-style-outline is-style-outline--7\"><a class=\"wp-block-button__link wp-element-button\" href=\"https:\/\/bouk.io\/booking\/laspa\/398\/rooms?language=et&amp;currency=&amp;adults=2&amp;roomId=2095\">BRONEERI<\/a><\/div>\n\n\n\n<div class=\"wp-block-button is-style-no-style\"><a class=\"wp-block-button__link wp-element-button\" href=\"https:\/\/www.laspa.ee\/et\/naudi-juuniorsviit\/\">Loe lisa<\/a><\/div>\n<\/div>\n<\/div><div class=\"wp-block-column image-block\" data-pos=\"right\"><div class=\"wp-block-column\"><figure class=\"wp-block-image\"><img decoding=\"async\" src=\"https:\/\/www.laspa.ee\/wp-content\/uploads\/2024\/07\/NL2-1150x863.jpg\" alt=\"\"\/><\/figure><\/div><\/div><\/div><\/div>\n","protected":false},"excerpt":{"rendered":"","protected":false},"author":4,"featured_media":0,"parent":0,"menu_order":334,"comment_status":"closed","ping_status":"closed","template":"","meta":{"_acf_changed":false,"footnotes":""},"class_list":["post-11229","page","type-page","status-publish","hentry"],"acf":false,"yoast_head":"<!-- This site is optimized with the Yoast SEO plugin v27.2 - https:\/\/yoast.com\/product\/yoast-seo-wordpress\/ -->\n<title>Rannamaja toad - LaSpa Laulasmaa<\/title>\n<meta name=\"robots\" content=\"index, follow, max-snippet:-1, max-image-preview:large, max-video-preview:-1\" \/>\n<link rel=\"canonical\" href=\"https:\/\/www.laspa.ee\/et\/rannamaja-toad\/\" \/>\n<meta property=\"og:locale\" content=\"et_EE\" \/>\n<meta property=\"og:type\" content=\"article\" \/>\n<meta property=\"og:title\" content=\"Rannamaja toad - LaSpa Laulasmaa\" \/>\n<meta property=\"og:url\" content=\"https:\/\/www.laspa.ee\/et\/rannamaja-toad\/\" \/>\n<meta property=\"og:site_name\" content=\"LaSpa Laulasmaa\" \/>\n<meta property=\"article:publisher\" content=\"https:\/\/www.facebook.com\/LaSpaLaulasmaa\" \/>\n<meta property=\"article:modified_time\" content=\"2026-04-13T15:21:38+00:00\" \/>\n<meta property=\"og:image\" content=\"https:\/\/www.laspa.ee\/wp-content\/uploads\/2023\/05\/436346.jpg\" \/>\n\t<meta property=\"og:image:width\" content=\"2048\" \/>\n\t<meta property=\"og:image:height\" content=\"1536\" \/>\n\t<meta property=\"og:image:type\" content=\"image\/jpeg\" \/>\n<meta name=\"twitter:card\" content=\"summary_large_image\" \/>\n<meta name=\"twitter:label1\" content=\"Est. reading time\" \/>\n\t<meta name=\"twitter:data1\" content=\"4 minutit\" \/>\n<script type=\"application\/ld+json\" class=\"yoast-schema-graph\">{\"@context\":\"https:\/\/schema.org\",\"@graph\":[{\"@type\":\"WebPage\",\"@id\":\"https:\/\/www.laspa.ee\/et\/rannamaja-toad\/\",\"url\":\"https:\/\/www.laspa.ee\/et\/rannamaja-toad\/\",\"name\":\"Rannamaja toad - LaSpa Laulasmaa\",\"isPartOf\":{\"@id\":\"https:\/\/www.laspa.ee\/et\/#website\"},\"primaryImageOfPage\":{\"@id\":\"https:\/\/www.laspa.ee\/et\/rannamaja-toad\/#primaryimage\"},\"image\":{\"@id\":\"https:\/\/www.laspa.ee\/et\/rannamaja-toad\/#primaryimage\"},\"thumbnailUrl\":\"https:\/\/www.laspa.ee\/wp-content\/uploads\/2023\/05\/436346.jpg\",\"datePublished\":\"2022-08-30T16:03:37+00:00\",\"dateModified\":\"2026-04-13T15:21:38+00:00\",\"breadcrumb\":{\"@id\":\"https:\/\/www.laspa.ee\/et\/rannamaja-toad\/#breadcrumb\"},\"inLanguage\":\"et\",\"potentialAction\":[{\"@type\":\"ReadAction\",\"target\":[\"https:\/\/www.laspa.ee\/et\/rannamaja-toad\/\"]}]},{\"@type\":\"ImageObject\",\"inLanguage\":\"et\",\"@id\":\"https:\/\/www.laspa.ee\/et\/rannamaja-toad\/#primaryimage\",\"url\":\"https:\/\/www.laspa.ee\/wp-content\/uploads\/2023\/05\/436346.jpg\",\"contentUrl\":\"https:\/\/www.laspa.ee\/wp-content\/uploads\/2023\/05\/436346.jpg\"},{\"@type\":\"BreadcrumbList\",\"@id\":\"https:\/\/www.laspa.ee\/et\/rannamaja-toad\/#breadcrumb\",\"itemListElement\":[{\"@type\":\"ListItem\",\"position\":1,\"name\":\"Home\",\"item\":\"https:\/\/www.laspa.ee\/et\/\"},{\"@type\":\"ListItem\",\"position\":2,\"name\":\"Rannamaja toad\"}]},{\"@type\":\"WebSite\",\"@id\":\"https:\/\/www.laspa.ee\/et\/#website\",\"url\":\"https:\/\/www.laspa.ee\/et\/\",\"name\":\"LaSpa Laulasmaa\",\"description\":\"Wellbeing by nature\",\"potentialAction\":[{\"@type\":\"SearchAction\",\"target\":{\"@type\":\"EntryPoint\",\"urlTemplate\":\"https:\/\/www.laspa.ee\/et\/?s={search_term_string}\"},\"query-input\":{\"@type\":\"PropertyValueSpecification\",\"valueRequired\":true,\"valueName\":\"search_term_string\"}}],\"inLanguage\":\"et\"}]}<\/script>\n<!-- \/ Yoast SEO plugin. -->","yoast_head_json":{"title":"Rannamaja toad - LaSpa Laulasmaa","robots":{"index":"index","follow":"follow","max-snippet":"max-snippet:-1","max-image-preview":"max-image-preview:large","max-video-preview":"max-video-preview:-1"},"canonical":"https:\/\/www.laspa.ee\/et\/rannamaja-toad\/","og_locale":"et_EE","og_type":"article","og_title":"Rannamaja toad - LaSpa Laulasmaa","og_url":"https:\/\/www.laspa.ee\/et\/rannamaja-toad\/","og_site_name":"LaSpa Laulasmaa","article_publisher":"https:\/\/www.facebook.com\/LaSpaLaulasmaa","article_modified_time":"2026-04-13T15:21:38+00:00","og_image":[{"width":2048,"height":1536,"url":"https:\/\/www.laspa.ee\/wp-content\/uploads\/2023\/05\/436346.jpg","type":"image\/jpeg"}],"twitter_card":"summary_large_image","twitter_misc":{"Est. reading time":"4 minutit"},"schema":{"@context":"https:\/\/schema.org","@graph":[{"@type":"WebPage","@id":"https:\/\/www.laspa.ee\/et\/rannamaja-toad\/","url":"https:\/\/www.laspa.ee\/et\/rannamaja-toad\/","name":"Rannamaja toad - LaSpa Laulasmaa","isPartOf":{"@id":"https:\/\/www.laspa.ee\/et\/#website"},"primaryImageOfPage":{"@id":"https:\/\/www.laspa.ee\/et\/rannamaja-toad\/#primaryimage"},"image":{"@id":"https:\/\/www.laspa.ee\/et\/rannamaja-toad\/#primaryimage"},"thumbnailUrl":"https:\/\/www.laspa.ee\/wp-content\/uploads\/2023\/05\/436346.jpg","datePublished":"2022-08-30T16:03:37+00:00","dateModified":"2026-04-13T15:21:38+00:00","breadcrumb":{"@id":"https:\/\/www.laspa.ee\/et\/rannamaja-toad\/#breadcrumb"},"inLanguage":"et","potentialAction":[{"@type":"ReadAction","target":["https:\/\/www.laspa.ee\/et\/rannamaja-toad\/"]}]},{"@type":"ImageObject","inLanguage":"et","@id":"https:\/\/www.laspa.ee\/et\/rannamaja-toad\/#primaryimage","url":"https:\/\/www.laspa.ee\/wp-content\/uploads\/2023\/05\/436346.jpg","contentUrl":"https:\/\/www.laspa.ee\/wp-content\/uploads\/2023\/05\/436346.jpg"},{"@type":"BreadcrumbList","@id":"https:\/\/www.laspa.ee\/et\/rannamaja-toad\/#breadcrumb","itemListElement":[{"@type":"ListItem","position":1,"name":"Home","item":"https:\/\/www.laspa.ee\/et\/"},{"@type":"ListItem","position":2,"name":"Rannamaja toad"}]},{"@type":"WebSite","@id":"https:\/\/www.laspa.ee\/et\/#website","url":"https:\/\/www.laspa.ee\/et\/","name":"LaSpa Laulasmaa","description":"Wellbeing by nature","potentialAction":[{"@type":"SearchAction","target":{"@type":"EntryPoint","urlTemplate":"https:\/\/www.laspa.ee\/et\/?s={search_term_string}"},"query-input":{"@type":"PropertyValueSpecification","valueRequired":true,"valueName":"search_term_string"}}],"inLanguage":"et"}]}},"_links":{"self":[{"href":"https:\/\/www.laspa.ee\/et\/wp-json\/wp\/v2\/pages\/11229","targetHints":{"allow":["GET"]}}],"collection":[{"href":"https:\/\/www.laspa.ee\/et\/wp-json\/wp\/v2\/pages"}],"about":[{"href":"https:\/\/www.laspa.ee\/et\/wp-json\/wp\/v2\/types\/page"}],"author":[{"embeddable":true,"href":"https:\/\/www.laspa.ee\/et\/wp-json\/wp\/v2\/users\/4"}],"replies":[{"embeddable":true,"href":"https:\/\/www.laspa.ee\/et\/wp-json\/wp\/v2\/comments?post=11229"}],"version-history":[{"count":24,"href":"https:\/\/www.laspa.ee\/et\/wp-json\/wp\/v2\/pages\/11229\/revisions"}],"predecessor-version":[{"id":21890,"href":"https:\/\/www.laspa.ee\/et\/wp-json\/wp\/v2\/pages\/11229\/revisions\/21890"}],"wp:attachment":[{"href":"https:\/\/www.laspa.ee\/et\/wp-json\/wp\/v2\/media?parent=11229"}],"curies":[{"name":"wp","href":"https:\/\/api.w.org\/{rel}","templated":true}]}}