{"id":1238,"date":"2020-12-07T10:09:43","date_gmt":"2020-12-07T08:09:43","guid":{"rendered":"https:\/\/www.laspa.ee\/offers\/"},"modified":"2026-01-14T11:02:26","modified_gmt":"2026-01-14T09:02:26","slug":"majutusega-paketid","status":"publish","type":"page","link":"https:\/\/www.laspa.ee\/et\/majutusega-paketid\/","title":{"rendered":"Pakkumised"},"content":{"rendered":"\n<div class=\"wp-block-cover alignfull is-position-center-center\" style=\"min-height:311px;aspect-ratio:unset;\"><img loading=\"lazy\" decoding=\"async\" width=\"1920\" height=\"1280\" class=\"wp-block-cover__image-background wp-image-1401\" alt=\"Laspa Laulasmaa spaa\" src=\"https:\/\/www.laspa.ee\/wp-content\/uploads\/2020\/12\/laspa.jpg\" style=\"object-position:60% 61%\" data-object-fit=\"cover\" data-object-position=\"60% 61%\" srcset=\"https:\/\/www.laspa.ee\/wp-content\/uploads\/2020\/12\/laspa.jpg 1920w, https:\/\/www.laspa.ee\/wp-content\/uploads\/2020\/12\/laspa-300x200.jpg 300w, https:\/\/www.laspa.ee\/wp-content\/uploads\/2020\/12\/laspa-1150x767.jpg 1150w, https:\/\/www.laspa.ee\/wp-content\/uploads\/2020\/12\/laspa-768x512.jpg 768w, https:\/\/www.laspa.ee\/wp-content\/uploads\/2020\/12\/laspa-1536x1024.jpg 1536w, https:\/\/www.laspa.ee\/wp-content\/uploads\/2020\/12\/laspa-800x533.jpg 800w\" sizes=\"auto, (max-width: 1920px) 100vw, 1920px\" \/><span aria-hidden=\"true\" class=\"wp-block-cover__background has-background-dim-30 has-background-dim\"><\/span><div class=\"wp-block-cover__inner-container is-layout-flow wp-block-cover-is-layout-flow\">\n<h1 class=\"wp-block-heading has-text-align-center has-white-color has-text-color\" id=\"laspa-pakkumised-ja-paketid\">LaSpa pakkumised ja paketid<\/h1>\n<\/div><\/div>\n\n\n\n<div class=\"wp-block-edhotels-offers custom-three-blocks offers\"><div class=\"wp-offer-columns\">    <div class=\"wp-offer-column wide\">\n        <div class=\"offer-inner\">\n            <h5>Eripakkumine<\/h5>\n            <h4><span>\u00f6\u00f6 alates<\/span>185 \u20ac<\/h4>\n            <a href=\"https:\/\/www.laspa.ee\/et\/offer\/spaapuhkus-ohtusoogiga\/\"><figure class=\"wp-block-image\"><img loading=\"lazy\" decoding=\"async\" width=\"1150\" height=\"767\" src=\"https:\/\/www.laspa.ee\/wp-content\/uploads\/2022\/09\/Pakett-22-1150x767.jpg\" class=\"attachment-large size-large wp-post-image\" alt=\"\" srcset=\"https:\/\/www.laspa.ee\/wp-content\/uploads\/2022\/09\/Pakett-22-1150x767.jpg 1150w, https:\/\/www.laspa.ee\/wp-content\/uploads\/2022\/09\/Pakett-22-300x200.jpg 300w, https:\/\/www.laspa.ee\/wp-content\/uploads\/2022\/09\/Pakett-22-768x512.jpg 768w, https:\/\/www.laspa.ee\/wp-content\/uploads\/2022\/09\/Pakett-22-1536x1025.jpg 1536w, https:\/\/www.laspa.ee\/wp-content\/uploads\/2022\/09\/Pakett-22-800x534.jpg 800w, https:\/\/www.laspa.ee\/wp-content\/uploads\/2022\/09\/Pakett-22.jpg 1920w\" sizes=\"auto, (max-width: 1150px) 100vw, 1150px\" \/><\/figure><\/a>\n            <h3><a href=\"https:\/\/www.laspa.ee\/et\/offer\/spaapuhkus-ohtusoogiga\/\">Spaapuhkus \u00f5htus\u00f6\u00f6giga kahele- 1 \u00f6\u00f6<\/a><\/h3>\n            <ul>\n<li>Majutus kahele valitud toas<\/li>\n<li>Rikkalik hommikus\u00f6\u00f6k merevaatega restoranis K\u00e4bi<\/li>\n<li>2-k\u00e4iguline \u00f5htus\u00f6\u00f6k restoranis Wicca<\/li>\n<li>Piiramatu vee- ja saunakeskuse k\u00fclastus<\/li>\n<\/ul>\n            <div class=\"wp-block-button is-style-no-style\">\n                <a class=\"wp-block-button__link\" href=\"https:\/\/www.laspa.ee\/et\/offer\/spaapuhkus-ohtusoogiga\/\">Loe edasi<\/a>\n            <\/div>\n        <\/div>\n    <\/div>\n    \n\n    <div class=\"wp-offer-column \">\n        <div class=\"offer-inner\">\n            <h5>Perepuhkus<\/h5>\n            <h4><span>\u00f6\u00f6 alates<\/span>299 \u20ac<\/h4>\n            <a href=\"https:\/\/www.laspa.ee\/et\/offer\/perepuhkus\/\"><figure class=\"wp-block-image\"><img loading=\"lazy\" decoding=\"async\" width=\"1150\" height=\"767\" src=\"https:\/\/www.laspa.ee\/wp-content\/uploads\/2021\/01\/perepuhkus_laspa-1150x767.jpg\" class=\"attachment-large size-large wp-post-image\" alt=\"Veekeskus Laulasmaal I Lastega Laulasmaal\" srcset=\"https:\/\/www.laspa.ee\/wp-content\/uploads\/2021\/01\/perepuhkus_laspa-1150x767.jpg 1150w, https:\/\/www.laspa.ee\/wp-content\/uploads\/2021\/01\/perepuhkus_laspa-300x200.jpg 300w, https:\/\/www.laspa.ee\/wp-content\/uploads\/2021\/01\/perepuhkus_laspa-768x512.jpg 768w, https:\/\/www.laspa.ee\/wp-content\/uploads\/2021\/01\/perepuhkus_laspa-1536x1024.jpg 1536w, https:\/\/www.laspa.ee\/wp-content\/uploads\/2021\/01\/perepuhkus_laspa-800x533.jpg 800w, https:\/\/www.laspa.ee\/wp-content\/uploads\/2021\/01\/perepuhkus_laspa.jpg 1920w\" sizes=\"auto, (max-width: 1150px) 100vw, 1150px\" \/><\/figure><\/a>\n            <h3><a href=\"https:\/\/www.laspa.ee\/et\/offer\/perepuhkus\/\">Perepuhkus Laulasmaal<\/a><\/h3>\n            <ul>\n<li>Tuba kahele t\u00e4iskasvanule ja kuni kahele lapsele<\/li>\n<li>Piiramatu vee- ja saunakeskuse k\u00fclastus<\/li>\n<li>Lastele j\u00e4\u00e4tis vee- ja saunakeskuses<\/li>\n<li>3-k\u00e4iguline \u00f5htus\u00f6\u00f6k restoranis Liiv<\/li>\n<li>Soolakoopa k\u00fclastus kogu perele Naudi LaSpas<\/li>\n<\/ul>\n            <div class=\"wp-block-button is-style-no-style\">\n                <a class=\"wp-block-button__link\" href=\"https:\/\/www.laspa.ee\/et\/offer\/perepuhkus\/\">Loe edasi<\/a>\n            <\/div>\n        <\/div>\n    <\/div>\n    \n\n    <div class=\"wp-offer-column \">\n        <div class=\"offer-inner\">\n            <h5>Heaolu paketid<\/h5>\n            <h4><span>HIND KAHELE ALATES<\/span>265 \u20ac<\/h4>\n            <a href=\"https:\/\/www.laspa.ee\/et\/offer\/sobrannade-pakett\/\"><figure class=\"wp-block-image\"><img loading=\"lazy\" decoding=\"async\" width=\"1150\" height=\"766\" src=\"https:\/\/www.laspa.ee\/wp-content\/uploads\/2024\/03\/shutterstock_551149012-2-1150x766.jpg\" class=\"attachment-large size-large wp-post-image\" alt=\"\" srcset=\"https:\/\/www.laspa.ee\/wp-content\/uploads\/2024\/03\/shutterstock_551149012-2-1150x766.jpg 1150w, https:\/\/www.laspa.ee\/wp-content\/uploads\/2024\/03\/shutterstock_551149012-2-300x200.jpg 300w, https:\/\/www.laspa.ee\/wp-content\/uploads\/2024\/03\/shutterstock_551149012-2-768x512.jpg 768w, https:\/\/www.laspa.ee\/wp-content\/uploads\/2024\/03\/shutterstock_551149012-2-1536x1024.jpg 1536w, https:\/\/www.laspa.ee\/wp-content\/uploads\/2024\/03\/shutterstock_551149012-2-2048x1365.jpg 2048w, https:\/\/www.laspa.ee\/wp-content\/uploads\/2024\/03\/shutterstock_551149012-2-800x533.jpg 800w\" sizes=\"auto, (max-width: 1150px) 100vw, 1150px\" \/><\/figure><\/a>\n            <h3><a href=\"https:\/\/www.laspa.ee\/et\/offer\/sobrannade-pakett\/\">Hei s\u00f5brannad, l\u00e4hme Laulasmaale<\/a><\/h3>\n            <ul>\n<li>Majutus valitud toas kahele<\/li>\n<li>Piiramatu vee- ja saunakeskuse k\u00fclastus<\/li>\n<li>Rikkalik hommikus\u00f6\u00f6k buffet restoranis K\u00e4bi<\/li>\n<li>\u00dcks n\u00e4ohoolitsus v\u00f5i massaa\u017eirituaal valikust<\/li>\n<li>Pokaal kihisevat Naudi LaSpa l\u00f5\u00f5gastustoas peale hoolitsusi<\/li>\n<\/ul>\n            <div class=\"wp-block-button is-style-no-style\">\n                <a class=\"wp-block-button__link\" href=\"https:\/\/www.laspa.ee\/et\/offer\/sobrannade-pakett\/\">Loe edasi<\/a>\n            <\/div>\n        <\/div>\n    <\/div>\n    \n\n    <div class=\"wp-offer-column \">\n        <div class=\"offer-inner\">\n            <h5>Heaolu paketid<\/h5>\n            <h4><span>\u00d6\u00d6 HIND \u00fchele ALATES<\/span>144\u20ac<\/h4>\n            <a href=\"https:\/\/www.laspa.ee\/et\/offer\/kultuur-ja-spaa\/\"><figure class=\"wp-block-image\"><img loading=\"lazy\" decoding=\"async\" width=\"1150\" height=\"753\" src=\"https:\/\/www.laspa.ee\/wp-content\/uploads\/2021\/10\/av3-1150x753.jpg\" class=\"attachment-large size-large wp-post-image\" alt=\"\" srcset=\"https:\/\/www.laspa.ee\/wp-content\/uploads\/2021\/10\/av3-1150x753.jpg 1150w, https:\/\/www.laspa.ee\/wp-content\/uploads\/2021\/10\/av3-300x197.jpg 300w, https:\/\/www.laspa.ee\/wp-content\/uploads\/2021\/10\/av3-768x503.jpg 768w, https:\/\/www.laspa.ee\/wp-content\/uploads\/2021\/10\/av3-1536x1006.jpg 1536w, https:\/\/www.laspa.ee\/wp-content\/uploads\/2021\/10\/av3-800x524.jpg 800w, https:\/\/www.laspa.ee\/wp-content\/uploads\/2021\/10\/av3.jpg 1920w\" sizes=\"auto, (max-width: 1150px) 100vw, 1150px\" \/><\/figure><\/a>\n            <h3><a href=\"https:\/\/www.laspa.ee\/et\/offer\/kultuur-ja-spaa\/\">Kultuur ja spaa<\/a><\/h3>\n            <p>Spaapuhkus luksuslikus rannamajas koos Arvo P\u00e4rdi Keskuse k\u00fclastusega<\/p>\n            <div class=\"wp-block-button is-style-no-style\">\n                <a class=\"wp-block-button__link\" href=\"https:\/\/www.laspa.ee\/et\/offer\/kultuur-ja-spaa\/\">Loe edasi<\/a>\n            <\/div>\n        <\/div>\n    <\/div>\n    \n\n    <div class=\"wp-offer-column \">\n        <div class=\"offer-inner\">\n            <h5>Eripakkumine<\/h5>\n            <h4><span>\u00d6\u00d6 HIND KAHELE ALATES<\/span>99 \u20ac<\/h4>\n            <a href=\"https:\/\/www.laspa.ee\/et\/offer\/oobi-2-ood-ja-saasta-15\/\"><figure class=\"wp-block-image\"><img loading=\"lazy\" decoding=\"async\" width=\"1150\" height=\"801\" src=\"https:\/\/www.laspa.ee\/wp-content\/uploads\/2022\/11\/20JJ1203_503-Edit-e1669105574500-1150x801.jpg\" class=\"attachment-large size-large wp-post-image\" alt=\"\" srcset=\"https:\/\/www.laspa.ee\/wp-content\/uploads\/2022\/11\/20JJ1203_503-Edit-e1669105574500-1150x801.jpg 1150w, https:\/\/www.laspa.ee\/wp-content\/uploads\/2022\/11\/20JJ1203_503-Edit-e1669105574500-300x209.jpg 300w, https:\/\/www.laspa.ee\/wp-content\/uploads\/2022\/11\/20JJ1203_503-Edit-e1669105574500-768x535.jpg 768w, https:\/\/www.laspa.ee\/wp-content\/uploads\/2022\/11\/20JJ1203_503-Edit-e1669105574500-800x558.jpg 800w, https:\/\/www.laspa.ee\/wp-content\/uploads\/2022\/11\/20JJ1203_503-Edit-e1669105574500.jpg 1280w\" sizes=\"auto, (max-width: 1150px) 100vw, 1150px\" \/><\/figure><\/a>\n            <h3><a href=\"https:\/\/www.laspa.ee\/et\/offer\/oobi-2-ood-ja-saasta-15\/\">\u00d6\u00f6bi 2 v\u00f5i enam \u00f6\u00f6d ja s\u00e4\u00e4sta 15%<\/a><\/h3>\n            <ul>\n<li>Broneeri majutus LaSpas rohkem kui \u00fcheks \u00f6\u00f6ks ning hind on Sulle 15% soodsam<\/li>\n<li>Pakkumine kehtib k\u00f5igile toat\u00fc\u00fcpidele<\/li>\n<li>Soodustus arvutatakse mitte ettemaksu vajavast hinnast<\/li>\n<\/ul>\n            <div class=\"wp-block-button is-style-no-style\">\n                <a class=\"wp-block-button__link\" href=\"https:\/\/www.laspa.ee\/et\/offer\/oobi-2-ood-ja-saasta-15\/\">Loe edasi<\/a>\n            <\/div>\n        <\/div>\n    <\/div>\n    \n\n    <div class=\"wp-offer-column \">\n        <div class=\"offer-inner\">\n            <h5>Heaolu paketid<\/h5>\n            <h4><span>1 \u00f6\u00f6 kahele alates<\/span>396 \u20ac<\/h4>\n            <a href=\"https:\/\/www.laspa.ee\/et\/offer\/kahekesi-laspas\/\"><figure class=\"wp-block-image\"><img loading=\"lazy\" decoding=\"async\" width=\"1150\" height=\"722\" src=\"https:\/\/www.laspa.ee\/wp-content\/uploads\/2022\/02\/pablo-heimplatz-OSboZGvoEz4-unsplash-1150x722.jpg\" class=\"attachment-large size-large wp-post-image\" alt=\"K\u00e4sik\u00e4es\" srcset=\"https:\/\/www.laspa.ee\/wp-content\/uploads\/2022\/02\/pablo-heimplatz-OSboZGvoEz4-unsplash-1150x722.jpg 1150w, https:\/\/www.laspa.ee\/wp-content\/uploads\/2022\/02\/pablo-heimplatz-OSboZGvoEz4-unsplash-300x188.jpg 300w, https:\/\/www.laspa.ee\/wp-content\/uploads\/2022\/02\/pablo-heimplatz-OSboZGvoEz4-unsplash-768x482.jpg 768w, https:\/\/www.laspa.ee\/wp-content\/uploads\/2022\/02\/pablo-heimplatz-OSboZGvoEz4-unsplash-1536x965.jpg 1536w, https:\/\/www.laspa.ee\/wp-content\/uploads\/2022\/02\/pablo-heimplatz-OSboZGvoEz4-unsplash-800x503.jpg 800w, https:\/\/www.laspa.ee\/wp-content\/uploads\/2022\/02\/pablo-heimplatz-OSboZGvoEz4-unsplash.jpg 1920w\" sizes=\"auto, (max-width: 1150px) 100vw, 1150px\" \/><\/figure><\/a>\n            <h3><a href=\"https:\/\/www.laspa.ee\/et\/offer\/kahekesi-laspas\/\">Kahekesi LaSpas<\/a><\/h3>\n            <ul>\n<li>Majutus kahele valitud toas \u00fcheks \u00f6\u00f6ks<\/li>\n<li>Klassikaline massaa\u017e (60min) m\u00f5lemale k\u00fclalisele<\/li>\n<li>Kolmek\u00e4iguline gurmee\u00f5htus\u00f6\u00f6k restoranis Wicca<\/li>\n<li>Piiramatu l\u00f5\u00f5gastus vee- ja saunakeskuses<\/li>\n<\/ul>\n            <div class=\"wp-block-button is-style-no-style\">\n                <a class=\"wp-block-button__link\" href=\"https:\/\/www.laspa.ee\/et\/offer\/kahekesi-laspas\/\">Loe edasi<\/a>\n            <\/div>\n        <\/div>\n    <\/div>\n    \n\n    <div class=\"wp-offer-column \">\n        <div class=\"offer-inner\">\n            <h5>Heaolu paketid<\/h5>\n            <h4><span>\u00f6\u00f6 alates<\/span>302 \u20ac<\/h4>\n            <a href=\"https:\/\/www.laspa.ee\/et\/offer\/spaapuhkus-naudi-klassikat\/\"><figure class=\"wp-block-image\"><img loading=\"lazy\" decoding=\"async\" width=\"1150\" height=\"755\" src=\"https:\/\/www.laspa.ee\/wp-content\/uploads\/2022\/05\/22JJ0131_293_ekraanile_fotoJarekJoepera-copy-1-1150x755.jpg\" class=\"attachment-large size-large wp-post-image\" alt=\"\" srcset=\"https:\/\/www.laspa.ee\/wp-content\/uploads\/2022\/05\/22JJ0131_293_ekraanile_fotoJarekJoepera-copy-1-1150x755.jpg 1150w, https:\/\/www.laspa.ee\/wp-content\/uploads\/2022\/05\/22JJ0131_293_ekraanile_fotoJarekJoepera-copy-1-300x197.jpg 300w, https:\/\/www.laspa.ee\/wp-content\/uploads\/2022\/05\/22JJ0131_293_ekraanile_fotoJarekJoepera-copy-1-768x504.jpg 768w, https:\/\/www.laspa.ee\/wp-content\/uploads\/2022\/05\/22JJ0131_293_ekraanile_fotoJarekJoepera-copy-1-1536x1008.jpg 1536w, https:\/\/www.laspa.ee\/wp-content\/uploads\/2022\/05\/22JJ0131_293_ekraanile_fotoJarekJoepera-copy-1-800x525.jpg 800w, https:\/\/www.laspa.ee\/wp-content\/uploads\/2022\/05\/22JJ0131_293_ekraanile_fotoJarekJoepera-copy-1.jpg 1847w\" sizes=\"auto, (max-width: 1150px) 100vw, 1150px\" \/><\/figure><\/a>\n            <h3><a href=\"https:\/\/www.laspa.ee\/et\/offer\/spaapuhkus-naudi-klassikat\/\">Vaid parim LaSpas<\/a><\/h3>\n            <ul>\n<li>Majutus kahele valitud toas 1 \u00f6\u00f6<\/li>\n<li>Kahek\u00e4iguline \u00f5htus\u00f6\u00f6k kahele restoranis Wicca<\/li>\n<li>M\u00f5lemale k\u00fclalisele klassikaline massaa\u017e 60 minutit<\/li>\n<\/ul>\n            <div class=\"wp-block-button is-style-no-style\">\n                <a class=\"wp-block-button__link\" href=\"https:\/\/www.laspa.ee\/et\/offer\/spaapuhkus-naudi-klassikat\/\">Loe edasi<\/a>\n            <\/div>\n        <\/div>\n    <\/div>\n    \n\n    <div class=\"wp-offer-column \">\n        <div class=\"offer-inner\">\n            <h5>Perepuhkus<\/h5>\n            <h4><span>\u00f6\u00f6 alates<\/span>220 \u20ac<\/h4>\n            <a href=\"https:\/\/www.laspa.ee\/et\/offer\/perepuhkus_laspas\/\"><figure class=\"wp-block-image\"><img loading=\"lazy\" decoding=\"async\" width=\"1150\" height=\"767\" src=\"https:\/\/www.laspa.ee\/wp-content\/uploads\/2021\/01\/fun_laspa-1150x767.jpg\" class=\"attachment-large size-large wp-post-image\" alt=\"Perepuhkus LaSpa spaahotellis Laulasmaal I Veekeskus\" srcset=\"https:\/\/www.laspa.ee\/wp-content\/uploads\/2021\/01\/fun_laspa-1150x767.jpg 1150w, https:\/\/www.laspa.ee\/wp-content\/uploads\/2021\/01\/fun_laspa-300x200.jpg 300w, https:\/\/www.laspa.ee\/wp-content\/uploads\/2021\/01\/fun_laspa-768x512.jpg 768w, https:\/\/www.laspa.ee\/wp-content\/uploads\/2021\/01\/fun_laspa-1536x1024.jpg 1536w, https:\/\/www.laspa.ee\/wp-content\/uploads\/2021\/01\/fun_laspa-800x533.jpg 800w, https:\/\/www.laspa.ee\/wp-content\/uploads\/2021\/01\/fun_laspa.jpg 1920w\" sizes=\"auto, (max-width: 1150px) 100vw, 1150px\" \/><\/figure><\/a>\n            <h3><a href=\"https:\/\/www.laspa.ee\/et\/offer\/perepuhkus_laspas\/\">Perepuhkus Laulasmaal v\u00e4ikesele perele<\/a><\/h3>\n            <ul>\n<li>Tuba kahele t\u00e4iskasvanule ja \u00fchele lapsele<\/li>\n<li>Piiramatu vee- ja saunakeskuse k\u00fclastus<\/li>\n<li>Lastele j\u00e4\u00e4tis vee- ja saunakeskuses<\/li>\n<li>3-k\u00e4iguline \u00f5htus\u00f6\u00f6k resotranis Liiv<\/li>\n<li>Soolakoopa k\u00fclastus kogu perele Naudi LaSpas<\/li>\n<\/ul>\n            <div class=\"wp-block-button is-style-no-style\">\n                <a class=\"wp-block-button__link\" href=\"https:\/\/www.laspa.ee\/et\/offer\/perepuhkus_laspas\/\">Loe edasi<\/a>\n            <\/div>\n        <\/div>\n    <\/div>\n    \n\n    <div class=\"wp-offer-column \">\n        <div class=\"offer-inner\">\n            <h5>Golf<\/h5>\n            <h4><span>1 \u00f6\u00f6 alates<\/span>250 \u20ac<\/h4>\n            <a href=\"https:\/\/www.laspa.ee\/et\/?post_type=offer&#038;p=4208\"><figure class=\"wp-block-image\"><img loading=\"lazy\" decoding=\"async\" width=\"1150\" height=\"767\" src=\"https:\/\/www.laspa.ee\/wp-content\/uploads\/2021\/04\/Niita\u0308lja_Golf_Course_Joosep_Martinson_011-1150x767.jpg\" class=\"attachment-large size-large wp-post-image\" alt=\"\" srcset=\"https:\/\/www.laspa.ee\/wp-content\/uploads\/2021\/04\/Niita\u0308lja_Golf_Course_Joosep_Martinson_011-1150x767.jpg 1150w, https:\/\/www.laspa.ee\/wp-content\/uploads\/2021\/04\/Niita\u0308lja_Golf_Course_Joosep_Martinson_011-300x200.jpg 300w, https:\/\/www.laspa.ee\/wp-content\/uploads\/2021\/04\/Niita\u0308lja_Golf_Course_Joosep_Martinson_011-768x512.jpg 768w, https:\/\/www.laspa.ee\/wp-content\/uploads\/2021\/04\/Niita\u0308lja_Golf_Course_Joosep_Martinson_011-800x533.jpg 800w, https:\/\/www.laspa.ee\/wp-content\/uploads\/2021\/04\/Niita\u0308lja_Golf_Course_Joosep_Martinson_011.jpg 1500w\" sizes=\"auto, (max-width: 1150px) 100vw, 1150px\" \/><\/figure><\/a>\n            <h3><a href=\"https:\/\/www.laspa.ee\/et\/?post_type=offer&#038;p=4208\">Piiramatu golfipakett 1=2<\/a><\/h3>\n            <ul>\n<li>Majutus valitud toas \u00fcheks \u00f6\u00f6ks<\/li>\n<li>2 p\u00e4eva piiramatut golfi Niitv\u00e4lja Park-v\u00e4ljakul<\/li>\n<li>Piiramatu l\u00f5\u00f5gastus vee- ja saunakeskuses<\/li>\n<\/ul>\n            <div class=\"wp-block-button is-style-no-style\">\n                <a class=\"wp-block-button__link\" href=\"https:\/\/www.laspa.ee\/et\/?post_type=offer&#038;p=4208\">Loe edasi<\/a>\n            <\/div>\n        <\/div>\n    <\/div>\n    \n\n    <div class=\"wp-offer-column \">\n        <div class=\"offer-inner\">\n            <h5>Golf<\/h5>\n            <h4><span>2 \u00f6\u00f6d alates<\/span>395 \u20ac<\/h4>\n            <a href=\"https:\/\/www.laspa.ee\/et\/?post_type=offer&#038;p=4235\"><figure class=\"wp-block-image\"><img loading=\"lazy\" decoding=\"async\" width=\"867\" height=\"1150\" src=\"https:\/\/www.laspa.ee\/wp-content\/uploads\/2021\/04\/Beginners-at-PAR20-course_Joosep-Martinson-e1619996065425-867x1150.jpg\" class=\"attachment-large size-large wp-post-image\" alt=\"\" srcset=\"https:\/\/www.laspa.ee\/wp-content\/uploads\/2021\/04\/Beginners-at-PAR20-course_Joosep-Martinson-e1619996065425-867x1150.jpg 867w, https:\/\/www.laspa.ee\/wp-content\/uploads\/2021\/04\/Beginners-at-PAR20-course_Joosep-Martinson-e1619996065425-226x300.jpg 226w, https:\/\/www.laspa.ee\/wp-content\/uploads\/2021\/04\/Beginners-at-PAR20-course_Joosep-Martinson-e1619996065425-768x1019.jpg 768w, https:\/\/www.laspa.ee\/wp-content\/uploads\/2021\/04\/Beginners-at-PAR20-course_Joosep-Martinson-e1619996065425-800x1061.jpg 800w, https:\/\/www.laspa.ee\/wp-content\/uploads\/2021\/04\/Beginners-at-PAR20-course_Joosep-Martinson-e1619996065425.jpg 870w\" sizes=\"auto, (max-width: 867px) 100vw, 867px\" \/><\/figure><\/a>\n            <h3><a href=\"https:\/\/www.laspa.ee\/et\/?post_type=offer&#038;p=4235\">Piiramatu golfipakett 2=3<\/a><\/h3>\n            <ul>\n<li>Majutus valitud toas kaheks \u00f6\u00f6ks<\/li>\n<li>3 p\u00e4eva piiramatut golfi Niitv\u00e4lja Park-v\u00e4ljakul<\/li>\n<li>Piiramatu vee ja saunakeskuse kasutus<\/li>\n<\/ul>\n            <div class=\"wp-block-button is-style-no-style\">\n                <a class=\"wp-block-button__link\" href=\"https:\/\/www.laspa.ee\/et\/?post_type=offer&#038;p=4235\">Loe edasi<\/a>\n            <\/div>\n        <\/div>\n    <\/div>\n    <\/div><\/div>\n","protected":false},"excerpt":{"rendered":"","protected":false},"author":1,"featured_media":0,"parent":0,"menu_order":375,"comment_status":"closed","ping_status":"closed","template":"","meta":{"_acf_changed":false,"footnotes":""},"class_list":["post-1238","page","type-page","status-publish","hentry"],"acf":false,"yoast_head":"<!-- This site is optimized with the Yoast SEO plugin v27.2 - https:\/\/yoast.com\/product\/yoast-seo-wordpress\/ -->\n<title>Pakkumised - LaSpa Laulasmaa<\/title>\n<meta name=\"robots\" content=\"index, follow, max-snippet:-1, max-image-preview:large, max-video-preview:-1\" \/>\n<link rel=\"canonical\" href=\"https:\/\/www.laspa.ee\/et\/majutusega-paketid\/\" \/>\n<meta property=\"og:locale\" content=\"et_EE\" \/>\n<meta property=\"og:type\" content=\"article\" \/>\n<meta property=\"og:title\" content=\"Pakkumised - LaSpa Laulasmaa\" \/>\n<meta property=\"og:url\" content=\"https:\/\/www.laspa.ee\/et\/majutusega-paketid\/\" \/>\n<meta property=\"og:site_name\" content=\"LaSpa Laulasmaa\" \/>\n<meta property=\"article:publisher\" content=\"https:\/\/www.facebook.com\/LaSpaLaulasmaa\" \/>\n<meta property=\"article:modified_time\" content=\"2026-01-14T09:02:26+00:00\" \/>\n<meta property=\"og:image\" content=\"https:\/\/www.laspa.ee\/wp-content\/uploads\/2020\/12\/laspa.jpg\" \/>\n\t<meta property=\"og:image:width\" content=\"1920\" \/>\n\t<meta property=\"og:image:height\" content=\"1280\" \/>\n\t<meta property=\"og:image:type\" content=\"image\/jpeg\" \/>\n<meta name=\"twitter:card\" content=\"summary_large_image\" \/>\n<meta name=\"twitter:label1\" content=\"Est. reading time\" \/>\n\t<meta name=\"twitter:data1\" content=\"1 minut\" \/>\n<script type=\"application\/ld+json\" class=\"yoast-schema-graph\">{\"@context\":\"https:\/\/schema.org\",\"@graph\":[{\"@type\":\"WebPage\",\"@id\":\"https:\/\/www.laspa.ee\/et\/majutusega-paketid\/\",\"url\":\"https:\/\/www.laspa.ee\/et\/majutusega-paketid\/\",\"name\":\"Pakkumised - LaSpa Laulasmaa\",\"isPartOf\":{\"@id\":\"https:\/\/www.laspa.ee\/et\/#website\"},\"primaryImageOfPage\":{\"@id\":\"https:\/\/www.laspa.ee\/et\/majutusega-paketid\/#primaryimage\"},\"image\":{\"@id\":\"https:\/\/www.laspa.ee\/et\/majutusega-paketid\/#primaryimage\"},\"thumbnailUrl\":\"https:\/\/www.laspa.ee\/wp-content\/uploads\/2020\/12\/laspa.jpg\",\"datePublished\":\"2020-12-07T08:09:43+00:00\",\"dateModified\":\"2026-01-14T09:02:26+00:00\",\"breadcrumb\":{\"@id\":\"https:\/\/www.laspa.ee\/et\/majutusega-paketid\/#breadcrumb\"},\"inLanguage\":\"et\",\"potentialAction\":[{\"@type\":\"ReadAction\",\"target\":[\"https:\/\/www.laspa.ee\/et\/majutusega-paketid\/\"]}]},{\"@type\":\"ImageObject\",\"inLanguage\":\"et\",\"@id\":\"https:\/\/www.laspa.ee\/et\/majutusega-paketid\/#primaryimage\",\"url\":\"https:\/\/www.laspa.ee\/wp-content\/uploads\/2020\/12\/laspa.jpg\",\"contentUrl\":\"https:\/\/www.laspa.ee\/wp-content\/uploads\/2020\/12\/laspa.jpg\"},{\"@type\":\"BreadcrumbList\",\"@id\":\"https:\/\/www.laspa.ee\/et\/majutusega-paketid\/#breadcrumb\",\"itemListElement\":[{\"@type\":\"ListItem\",\"position\":1,\"name\":\"Home\",\"item\":\"https:\/\/www.laspa.ee\/et\/\"},{\"@type\":\"ListItem\",\"position\":2,\"name\":\"Pakkumised\"}]},{\"@type\":\"WebSite\",\"@id\":\"https:\/\/www.laspa.ee\/et\/#website\",\"url\":\"https:\/\/www.laspa.ee\/et\/\",\"name\":\"LaSpa Laulasmaa\",\"description\":\"Wellbeing by nature\",\"potentialAction\":[{\"@type\":\"SearchAction\",\"target\":{\"@type\":\"EntryPoint\",\"urlTemplate\":\"https:\/\/www.laspa.ee\/et\/?s={search_term_string}\"},\"query-input\":{\"@type\":\"PropertyValueSpecification\",\"valueRequired\":true,\"valueName\":\"search_term_string\"}}],\"inLanguage\":\"et\"}]}<\/script>\n<!-- \/ Yoast SEO plugin. -->","yoast_head_json":{"title":"Pakkumised - LaSpa Laulasmaa","robots":{"index":"index","follow":"follow","max-snippet":"max-snippet:-1","max-image-preview":"max-image-preview:large","max-video-preview":"max-video-preview:-1"},"canonical":"https:\/\/www.laspa.ee\/et\/majutusega-paketid\/","og_locale":"et_EE","og_type":"article","og_title":"Pakkumised - LaSpa Laulasmaa","og_url":"https:\/\/www.laspa.ee\/et\/majutusega-paketid\/","og_site_name":"LaSpa Laulasmaa","article_publisher":"https:\/\/www.facebook.com\/LaSpaLaulasmaa","article_modified_time":"2026-01-14T09:02:26+00:00","og_image":[{"width":1920,"height":1280,"url":"https:\/\/www.laspa.ee\/wp-content\/uploads\/2020\/12\/laspa.jpg","type":"image\/jpeg"}],"twitter_card":"summary_large_image","twitter_misc":{"Est. reading time":"1 minut"},"schema":{"@context":"https:\/\/schema.org","@graph":[{"@type":"WebPage","@id":"https:\/\/www.laspa.ee\/et\/majutusega-paketid\/","url":"https:\/\/www.laspa.ee\/et\/majutusega-paketid\/","name":"Pakkumised - LaSpa Laulasmaa","isPartOf":{"@id":"https:\/\/www.laspa.ee\/et\/#website"},"primaryImageOfPage":{"@id":"https:\/\/www.laspa.ee\/et\/majutusega-paketid\/#primaryimage"},"image":{"@id":"https:\/\/www.laspa.ee\/et\/majutusega-paketid\/#primaryimage"},"thumbnailUrl":"https:\/\/www.laspa.ee\/wp-content\/uploads\/2020\/12\/laspa.jpg","datePublished":"2020-12-07T08:09:43+00:00","dateModified":"2026-01-14T09:02:26+00:00","breadcrumb":{"@id":"https:\/\/www.laspa.ee\/et\/majutusega-paketid\/#breadcrumb"},"inLanguage":"et","potentialAction":[{"@type":"ReadAction","target":["https:\/\/www.laspa.ee\/et\/majutusega-paketid\/"]}]},{"@type":"ImageObject","inLanguage":"et","@id":"https:\/\/www.laspa.ee\/et\/majutusega-paketid\/#primaryimage","url":"https:\/\/www.laspa.ee\/wp-content\/uploads\/2020\/12\/laspa.jpg","contentUrl":"https:\/\/www.laspa.ee\/wp-content\/uploads\/2020\/12\/laspa.jpg"},{"@type":"BreadcrumbList","@id":"https:\/\/www.laspa.ee\/et\/majutusega-paketid\/#breadcrumb","itemListElement":[{"@type":"ListItem","position":1,"name":"Home","item":"https:\/\/www.laspa.ee\/et\/"},{"@type":"ListItem","position":2,"name":"Pakkumised"}]},{"@type":"WebSite","@id":"https:\/\/www.laspa.ee\/et\/#website","url":"https:\/\/www.laspa.ee\/et\/","name":"LaSpa Laulasmaa","description":"Wellbeing by nature","potentialAction":[{"@type":"SearchAction","target":{"@type":"EntryPoint","urlTemplate":"https:\/\/www.laspa.ee\/et\/?s={search_term_string}"},"query-input":{"@type":"PropertyValueSpecification","valueRequired":true,"valueName":"search_term_string"}}],"inLanguage":"et"}]}},"_links":{"self":[{"href":"https:\/\/www.laspa.ee\/et\/wp-json\/wp\/v2\/pages\/1238","targetHints":{"allow":["GET"]}}],"collection":[{"href":"https:\/\/www.laspa.ee\/et\/wp-json\/wp\/v2\/pages"}],"about":[{"href":"https:\/\/www.laspa.ee\/et\/wp-json\/wp\/v2\/types\/page"}],"author":[{"embeddable":true,"href":"https:\/\/www.laspa.ee\/et\/wp-json\/wp\/v2\/users\/1"}],"replies":[{"embeddable":true,"href":"https:\/\/www.laspa.ee\/et\/wp-json\/wp\/v2\/comments?post=1238"}],"version-history":[{"count":74,"href":"https:\/\/www.laspa.ee\/et\/wp-json\/wp\/v2\/pages\/1238\/revisions"}],"predecessor-version":[{"id":21252,"href":"https:\/\/www.laspa.ee\/et\/wp-json\/wp\/v2\/pages\/1238\/revisions\/21252"}],"wp:attachment":[{"href":"https:\/\/www.laspa.ee\/et\/wp-json\/wp\/v2\/media?parent=1238"}],"curies":[{"name":"wp","href":"https:\/\/api.w.org\/{rel}","templated":true}]}}