{"id":13227,"date":"2023-01-18T11:43:48","date_gmt":"2023-01-18T09:43:48","guid":{"rendered":"https:\/\/www.laspa.ee\/?page_id=13227"},"modified":"2025-09-11T11:58:19","modified_gmt":"2025-09-11T09:58:19","slug":"naudi-laspa-administraator","status":"publish","type":"page","link":"https:\/\/www.laspa.ee\/et\/naudi-laspa-administraator\/","title":{"rendered":"Naudi LaSpa administraator"},"content":{"rendered":"\n<div class=\"wp-block-cover alignfull is-light\" style=\"min-height:312px;aspect-ratio:unset;\"><img loading=\"lazy\" decoding=\"async\" width=\"1920\" height=\"1289\" class=\"wp-block-cover__image-background wp-image-9944\" alt=\"\" src=\"https:\/\/www.laspa.ee\/wp-content\/uploads\/2022\/05\/20JJ1103_151-Edit-1.jpg\" style=\"object-position:56% 48%\" data-object-fit=\"cover\" data-object-position=\"56% 48%\" srcset=\"https:\/\/www.laspa.ee\/wp-content\/uploads\/2022\/05\/20JJ1103_151-Edit-1.jpg 1920w, https:\/\/www.laspa.ee\/wp-content\/uploads\/2022\/05\/20JJ1103_151-Edit-1-300x201.jpg 300w, https:\/\/www.laspa.ee\/wp-content\/uploads\/2022\/05\/20JJ1103_151-Edit-1-1150x772.jpg 1150w, https:\/\/www.laspa.ee\/wp-content\/uploads\/2022\/05\/20JJ1103_151-Edit-1-768x516.jpg 768w, https:\/\/www.laspa.ee\/wp-content\/uploads\/2022\/05\/20JJ1103_151-Edit-1-1536x1031.jpg 1536w, https:\/\/www.laspa.ee\/wp-content\/uploads\/2022\/05\/20JJ1103_151-Edit-1-800x537.jpg 800w\" sizes=\"auto, (max-width: 1920px) 100vw, 1920px\" \/><span aria-hidden=\"true\" class=\"wp-block-cover__background has-background-dim\"><\/span><div class=\"wp-block-cover__inner-container is-layout-flow wp-block-cover-is-layout-flow\">\n<p class=\"has-text-align-center has-white-color has-text-color has-large-font-size\">Liitu LaSpa meeskonnaga \u2013 Naudi LaSpa heaoluspaa administraator!<\/p>\n<\/div><\/div>\n\n\n\n<div class=\"wp-block-columns alignwide is-layout-flex wp-container-corecolumns-is-layout-9d6595d7 wp-block-columns-is-layout-flex\">\n<div class=\"wp-block-column is-layout-flow wp-block-column-is-layout-flow\">\n<p><br>Kas Sulle meeldib pakkuda parimat k\u00fclastuskogemust ja olla k\u00fclalislahke avatud suhtumisega?<br>Oled abivalmis, s\u00f5bralik ja kohusetundlik ning m\u00f5istad, et iga k\u00fclaline on v\u00e4\u00e4rt hoidmist?<\/p>\n\n\n\n<p>Sinu peamised t\u00f6\u00f6\u00fclesanded administraatorina:<\/p>\n\n\n\n<ul class=\"wp-block-list\">\n<li>klientide professionaalne teenindamine,<\/li>\n\n\n\n<li>teenuste eest arveldamine,<\/li>\n\n\n\n<li>spaateenuste aktiivne m\u00fc\u00fck,<\/li>\n\n\n\n<li>k\u00fclastajatele vajaliku info edastamine.<\/li>\n<\/ul>\n\n\n\n<p><br>Ootused kandidaadile:<\/p>\n\n\n\n<ul class=\"wp-block-list\">\n<li>oled t\u00e4isealine,<\/li>\n\n\n\n<li>r\u00e4\u00e4gid eesti keelt ja valdad suhtlustasandil inglise keelt,<\/li>\n\n\n\n<li>v\u00e4ga hea suhtlemisoskusega,<\/li>\n\n\n\n<li>hea pingetaluvusega,<\/li>\n\n\n\n<li>positiivse ellusuhtumisega,<\/li>\n\n\n\n<li>korrektne ja kohusetundlik,<\/li>\n\n\n\n<li>valmis t\u00f6\u00f6tama t\u00e4ist\u00f6\u00f6ajaga graafiku alusel, sh n\u00e4dalavahetustel ja riigip\u00fchadel.<\/li>\n<\/ul>\n\n\n\n<p><br>Meie pakume:<\/p>\n\n\n\n<ul class=\"wp-block-list\">\n<li>p\u00fcsivat t\u00f6\u00f6suhet,<\/li>\n\n\n\n<li>soodustusi k\u00f5igilt meie teenustelt t\u00f6\u00f6tajatele ja nende pereliikmetele, sh tasuta vee- ja saunakeskuse ning j\u00f5usaali kasutust,<\/li>\n\n\n\n<li>t\u00f6\u00f6tajate oluliste t\u00e4htp\u00e4evade meelespidamist (nt t\u00f6\u00f6juubelid, lapse s\u00fcnd, koolitee algus).<\/li>\n<\/ul>\n\n\n\n<p><br>Lisak\u00fcsimuste puhul palun p\u00f6\u00f6rdu Naudi LaSpa heaoluspaa peaadministraatori Karmen Truup\u00f5llu poole <a href=\"mailto:karmen.truupold@laspa.ee\">karmen.truupold@laspa.ee<\/a>.<\/p>\n\n\n\n<p>Kandideerimiseks saada CV Karmen Truup\u00f5ld <a href=\"mailto:karmen.truupold@laspa.ee\" target=\"_blank\" rel=\"noreferrer noopener\">karmen.truupold@laspa.ee<\/a>.<\/p>\n<\/div>\n<\/div>\n\n\n\n<div class=\"wp-block-edhotels-gallery custom-grid-gallery\"><div class=\"grid lightgallery\"><div data-src=\"https:\/\/www.laspa.ee\/wp-content\/uploads\/2022\/02\/22JJ0131_293_ekraanile_fotoJarekJoepera-1.jpg\" class=\"grid-item\"><img decoding=\"async\" src=\"https:\/\/www.laspa.ee\/wp-content\/uploads\/2022\/02\/22JJ0131_293_ekraanile_fotoJarekJoepera-1-1150x755.jpg\" alt=\"\" data-id=\"8768\"\/><\/div><div data-src=\"https:\/\/www.laspa.ee\/wp-content\/uploads\/2020\/12\/CINQ-MONDES-Visage-2-HD-scaled.jpg\" class=\"grid-item\"><img decoding=\"async\" src=\"https:\/\/www.laspa.ee\/wp-content\/uploads\/2020\/12\/CINQ-MONDES-Visage-2-HD-683x1024.jpg\" alt=\"Facial treatments in LaSpa\" data-id=\"692\"\/><\/div><div data-src=\"https:\/\/www.laspa.ee\/wp-content\/uploads\/2021\/08\/naudi-3084.jpg\" class=\"grid-item\"><img decoding=\"async\" src=\"https:\/\/www.laspa.ee\/wp-content\/uploads\/2021\/08\/naudi-3084-1150x746.jpg\" alt=\"\" data-id=\"6158\"\/><\/div><div data-src=\"https:\/\/www.laspa.ee\/wp-content\/uploads\/2021\/07\/20JJ1103_151-Edit-2.jpg\" class=\"grid-item\"><img decoding=\"async\" src=\"https:\/\/www.laspa.ee\/wp-content\/uploads\/2021\/07\/20JJ1103_151-Edit-2-1150x772.jpg\" alt=\"\" data-id=\"5192\"\/><\/div><div data-src=\"https:\/\/www.laspa.ee\/wp-content\/uploads\/2020\/12\/massaaz_lastele_laspa.jpg\" class=\"grid-item\"><img decoding=\"async\" src=\"https:\/\/www.laspa.ee\/wp-content\/uploads\/2020\/12\/massaaz_lastele_laspa-1150x767.jpg\" alt=\"Laste massaa\u017e Laulasmaal\" data-id=\"2162\"\/><\/div><div data-src=\"https:\/\/www.laspa.ee\/wp-content\/uploads\/2021\/07\/20JJ1103_151-Edit4.jpg\" class=\"grid-item\"><img decoding=\"async\" src=\"https:\/\/www.laspa.ee\/wp-content\/uploads\/2021\/07\/20JJ1103_151-Edit4-1150x772.jpg\" alt=\"\" data-id=\"5198\"\/><\/div><div data-src=\"https:\/\/www.laspa.ee\/wp-content\/uploads\/2020\/12\/manikyyr_laulasmaa.jpg\" class=\"grid-item\"><img decoding=\"async\" src=\"https:\/\/www.laspa.ee\/wp-content\/uploads\/2020\/12\/manikyyr_laulasmaa-1150x739.jpg\" alt=\"Manik\u00fc\u00fcr Naudi Spaa Laulasmaal\" data-id=\"2177\"\/><\/div><div data-src=\"https:\/\/www.laspa.ee\/wp-content\/uploads\/2021\/01\/relax_laspa.jpg\" class=\"grid-item\"><img decoding=\"async\" src=\"https:\/\/www.laspa.ee\/wp-content\/uploads\/2021\/01\/relax_laspa-1150x767.jpg\" alt=\"Laspa Laulasmaa spaa\" data-id=\"1941\"\/><\/div><div data-src=\"https:\/\/www.laspa.ee\/wp-content\/uploads\/2022\/05\/P1110860v.jpg\" class=\"grid-item\"><img decoding=\"async\" src=\"https:\/\/www.laspa.ee\/wp-content\/uploads\/2022\/05\/P1110860v-1150x648.jpg\" alt=\"\" data-id=\"9840\"\/><\/div><div data-src=\"https:\/\/www.laspa.ee\/wp-content\/uploads\/2021\/01\/laspa_naudi_spa.jpg\" class=\"grid-item\"><img decoding=\"async\" src=\"https:\/\/www.laspa.ee\/wp-content\/uploads\/2021\/01\/laspa_naudi_spa-1150x767.jpg\" alt=\"Naudi spa treatments in Laulasmaa I LaSpa spa hotel\" data-id=\"1929\"\/><\/div><div data-src=\"https:\/\/www.laspa.ee\/wp-content\/uploads\/2020\/11\/gallery-5.jpg\" class=\"grid-item\"><img decoding=\"async\" src=\"https:\/\/www.laspa.ee\/wp-content\/uploads\/2020\/11\/gallery-5.jpg\" alt=\"Laulasmaa spaa I LaSpa\" data-id=\"1227\"\/><\/div><div data-src=\"https:\/\/www.laspa.ee\/wp-content\/uploads\/2022\/02\/22JJ0131_329_ekraanile_fotoJarekJoepera-1.jpg\" class=\"grid-item\"><img decoding=\"async\" src=\"https:\/\/www.laspa.ee\/wp-content\/uploads\/2022\/02\/22JJ0131_329_ekraanile_fotoJarekJoepera-1-1150x747.jpg\" alt=\"\" data-id=\"8771\"\/><\/div><div data-src=\"https:\/\/www.laspa.ee\/wp-content\/uploads\/2021\/08\/20JJ1103_151-Edit-3.jpg\" class=\"grid-item\"><img decoding=\"async\" src=\"https:\/\/www.laspa.ee\/wp-content\/uploads\/2021\/08\/20JJ1103_151-Edit-3-1150x772.jpg\" alt=\"\" data-id=\"6146\"\/><\/div><div data-src=\"https:\/\/www.laspa.ee\/wp-content\/uploads\/2020\/12\/CINQ-MONDES-Massage-Dos_laspa.jpg\" class=\"grid-item\"><img decoding=\"async\" src=\"https:\/\/www.laspa.ee\/wp-content\/uploads\/2020\/12\/CINQ-MONDES-Massage-Dos_laspa-1150x870.jpg\" alt=\"Naudi spa in Laulasmaa I LaSpa spa hotel\" data-id=\"1654\"\/><\/div><div data-src=\"https:\/\/www.laspa.ee\/wp-content\/uploads\/2021\/08\/20JJ1103_011-1.jpg\" class=\"grid-item\"><img decoding=\"async\" src=\"https:\/\/www.laspa.ee\/wp-content\/uploads\/2021\/08\/20JJ1103_011-1-1150x746.jpg\" alt=\"\" data-id=\"6179\"\/><\/div><div data-src=\"https:\/\/www.laspa.ee\/wp-content\/uploads\/2021\/01\/laspa_meeste_hoolitsus.jpg\" class=\"grid-item\"><img decoding=\"async\" src=\"https:\/\/www.laspa.ee\/wp-content\/uploads\/2021\/01\/laspa_meeste_hoolitsus-1150x767.jpg\" alt=\"Naudi spaa n\u00e4ohoolitsus meestele Laulasmaal\" data-id=\"2727\"\/><\/div><div data-src=\"https:\/\/www.laspa.ee\/wp-content\/uploads\/2021\/08\/naudi-3085.jpg\" class=\"grid-item\"><img decoding=\"async\" src=\"https:\/\/www.laspa.ee\/wp-content\/uploads\/2021\/08\/naudi-3085-1150x746.jpg\" alt=\"\" data-id=\"6161\"\/><\/div><div data-src=\"https:\/\/www.laspa.ee\/wp-content\/uploads\/2021\/08\/naudi-3088.jpg\" class=\"grid-item\"><img decoding=\"async\" src=\"https:\/\/www.laspa.ee\/wp-content\/uploads\/2021\/08\/naudi-3088-767x1150.jpg\" alt=\"\" data-id=\"6170\"\/><\/div><div data-src=\"https:\/\/www.laspa.ee\/wp-content\/uploads\/2021\/07\/20JJ1103_151-Edit-1.jpg\" class=\"grid-item\"><img decoding=\"async\" src=\"https:\/\/www.laspa.ee\/wp-content\/uploads\/2021\/07\/20JJ1103_151-Edit-1-1150x772.jpg\" alt=\"\" data-id=\"5189\"\/><\/div><div data-src=\"https:\/\/www.laspa.ee\/wp-content\/uploads\/2021\/08\/naudi-3082-1.jpg\" class=\"grid-item\"><img decoding=\"async\" src=\"https:\/\/www.laspa.ee\/wp-content\/uploads\/2021\/08\/naudi-3082-1-1150x746.jpg\" alt=\"\" data-id=\"6185\"\/><\/div><div data-src=\"https:\/\/www.laspa.ee\/wp-content\/uploads\/2021\/08\/naudi-3083.jpg\" class=\"grid-item\"><img decoding=\"async\" src=\"https:\/\/www.laspa.ee\/wp-content\/uploads\/2021\/08\/naudi-3083-1150x746.jpg\" alt=\"\" data-id=\"6155\"\/><\/div><div data-src=\"https:\/\/www.laspa.ee\/wp-content\/uploads\/2021\/08\/naudi-3086-1.jpg\" class=\"grid-item\"><img decoding=\"async\" src=\"https:\/\/www.laspa.ee\/wp-content\/uploads\/2021\/08\/naudi-3086-1-767x1150.jpg\" alt=\"\" data-id=\"6197\"\/><\/div><div data-src=\"https:\/\/www.laspa.ee\/wp-content\/uploads\/2021\/08\/naudi-3087-1.jpg\" class=\"grid-item\"><img decoding=\"async\" src=\"https:\/\/www.laspa.ee\/wp-content\/uploads\/2021\/08\/naudi-3087-1-767x1150.jpg\" alt=\"\" data-id=\"6200\"\/><\/div><div data-src=\"https:\/\/www.laspa.ee\/wp-content\/uploads\/2021\/08\/naudi-3089-1.jpg\" class=\"grid-item\"><img decoding=\"async\" src=\"https:\/\/www.laspa.ee\/wp-content\/uploads\/2021\/08\/naudi-3089-1-1150x746.jpg\" alt=\"\" data-id=\"6206\"\/><\/div><div data-src=\"https:\/\/www.laspa.ee\/wp-content\/uploads\/2021\/08\/naudi-3090-1.jpg\" class=\"grid-item\"><img decoding=\"async\" src=\"https:\/\/www.laspa.ee\/wp-content\/uploads\/2021\/08\/naudi-3090-1-767x1150.jpg\" alt=\"\" data-id=\"6209\"\/><\/div><div data-src=\"https:\/\/www.laspa.ee\/wp-content\/uploads\/2021\/08\/naudi-3091.jpg\" class=\"grid-item\"><img decoding=\"async\" src=\"https:\/\/www.laspa.ee\/wp-content\/uploads\/2021\/08\/naudi-3091-1150x746.jpg\" alt=\"\" data-id=\"6212\"\/><\/div><\/div><\/div>\n","protected":false},"excerpt":{"rendered":"<p>Kas Sulle meeldib pakkuda parimat k\u00fclastuskogemust ja olla k\u00fclalislahke avatud suhtumisega?Oled abivalmis, s\u00f5bralik ja kohusetundlik ning m\u00f5istad, et iga k\u00fclaline on v\u00e4\u00e4rt hoidmist? Sinu peamised t\u00f6\u00f6\u00fclesanded administraatorina: Ootused kandidaadile: Meie pakume: Lisak\u00fcsimuste puhul palun p\u00f6\u00f6rdu Naudi LaSpa heaoluspaa peaadministraatori Karmen Truup\u00f5llu poole karmen.truupold@laspa.ee. Kandideerimiseks saada CV Karmen Truup\u00f5ld karmen.truupold@laspa.ee.<\/p>\n","protected":false},"author":4,"featured_media":0,"parent":0,"menu_order":131,"comment_status":"closed","ping_status":"closed","template":"","meta":{"_acf_changed":false,"footnotes":""},"class_list":["post-13227","page","type-page","status-publish","hentry"],"acf":false,"yoast_head":"<!-- This site is optimized with the Yoast SEO plugin v27.2 - https:\/\/yoast.com\/product\/yoast-seo-wordpress\/ -->\n<title>Naudi LaSpa administraator - LaSpa Laulasmaa<\/title>\n<meta name=\"robots\" content=\"index, follow, max-snippet:-1, max-image-preview:large, max-video-preview:-1\" \/>\n<link rel=\"canonical\" href=\"https:\/\/www.laspa.ee\/et\/naudi-laspa-administraator\/\" \/>\n<meta property=\"og:locale\" content=\"et_EE\" \/>\n<meta property=\"og:type\" content=\"article\" \/>\n<meta property=\"og:title\" content=\"Naudi LaSpa administraator - LaSpa Laulasmaa\" \/>\n<meta property=\"og:description\" content=\"Kas Sulle meeldib pakkuda parimat k\u00fclastuskogemust ja olla k\u00fclalislahke avatud suhtumisega?Oled abivalmis, s\u00f5bralik ja kohusetundlik ning m\u00f5istad, et iga k\u00fclaline on v\u00e4\u00e4rt hoidmist? Sinu peamised t\u00f6\u00f6\u00fclesanded administraatorina: Ootused kandidaadile: Meie pakume: Lisak\u00fcsimuste puhul palun p\u00f6\u00f6rdu Naudi LaSpa heaoluspaa peaadministraatori Karmen Truup\u00f5llu poole karmen.truupold@laspa.ee. Kandideerimiseks saada CV Karmen Truup\u00f5ld karmen.truupold@laspa.ee.\" \/>\n<meta property=\"og:url\" content=\"https:\/\/www.laspa.ee\/et\/naudi-laspa-administraator\/\" \/>\n<meta property=\"og:site_name\" content=\"LaSpa Laulasmaa\" \/>\n<meta property=\"article:publisher\" content=\"https:\/\/www.facebook.com\/LaSpaLaulasmaa\" \/>\n<meta property=\"article:modified_time\" content=\"2025-09-11T09:58:19+00:00\" \/>\n<meta property=\"og:image\" content=\"https:\/\/www.laspa.ee\/wp-content\/uploads\/2022\/05\/20JJ1103_151-Edit-1.jpg\" \/>\n<meta name=\"twitter:card\" content=\"summary_large_image\" \/>\n<meta name=\"twitter:label1\" content=\"Est. reading time\" \/>\n\t<meta name=\"twitter:data1\" content=\"7 minutit\" \/>\n<script type=\"application\/ld+json\" class=\"yoast-schema-graph\">{\"@context\":\"https:\/\/schema.org\",\"@graph\":[{\"@type\":\"WebPage\",\"@id\":\"https:\/\/www.laspa.ee\/et\/naudi-laspa-administraator\/\",\"url\":\"https:\/\/www.laspa.ee\/et\/naudi-laspa-administraator\/\",\"name\":\"Naudi LaSpa administraator - LaSpa Laulasmaa\",\"isPartOf\":{\"@id\":\"https:\/\/www.laspa.ee\/et\/#website\"},\"primaryImageOfPage\":{\"@id\":\"https:\/\/www.laspa.ee\/et\/naudi-laspa-administraator\/#primaryimage\"},\"image\":{\"@id\":\"https:\/\/www.laspa.ee\/et\/naudi-laspa-administraator\/#primaryimage\"},\"thumbnailUrl\":\"https:\/\/www.laspa.ee\/wp-content\/uploads\/2022\/05\/20JJ1103_151-Edit-1.jpg\",\"datePublished\":\"2023-01-18T09:43:48+00:00\",\"dateModified\":\"2025-09-11T09:58:19+00:00\",\"breadcrumb\":{\"@id\":\"https:\/\/www.laspa.ee\/et\/naudi-laspa-administraator\/#breadcrumb\"},\"inLanguage\":\"et\",\"potentialAction\":[{\"@type\":\"ReadAction\",\"target\":[\"https:\/\/www.laspa.ee\/et\/naudi-laspa-administraator\/\"]}]},{\"@type\":\"ImageObject\",\"inLanguage\":\"et\",\"@id\":\"https:\/\/www.laspa.ee\/et\/naudi-laspa-administraator\/#primaryimage\",\"url\":\"https:\/\/www.laspa.ee\/wp-content\/uploads\/2022\/05\/20JJ1103_151-Edit-1.jpg\",\"contentUrl\":\"https:\/\/www.laspa.ee\/wp-content\/uploads\/2022\/05\/20JJ1103_151-Edit-1.jpg\"},{\"@type\":\"BreadcrumbList\",\"@id\":\"https:\/\/www.laspa.ee\/et\/naudi-laspa-administraator\/#breadcrumb\",\"itemListElement\":[{\"@type\":\"ListItem\",\"position\":1,\"name\":\"Home\",\"item\":\"https:\/\/www.laspa.ee\/et\/\"},{\"@type\":\"ListItem\",\"position\":2,\"name\":\"Naudi LaSpa administraator\"}]},{\"@type\":\"WebSite\",\"@id\":\"https:\/\/www.laspa.ee\/et\/#website\",\"url\":\"https:\/\/www.laspa.ee\/et\/\",\"name\":\"LaSpa Laulasmaa\",\"description\":\"Wellbeing by nature\",\"potentialAction\":[{\"@type\":\"SearchAction\",\"target\":{\"@type\":\"EntryPoint\",\"urlTemplate\":\"https:\/\/www.laspa.ee\/et\/?s={search_term_string}\"},\"query-input\":{\"@type\":\"PropertyValueSpecification\",\"valueRequired\":true,\"valueName\":\"search_term_string\"}}],\"inLanguage\":\"et\"}]}<\/script>\n<!-- \/ Yoast SEO plugin. -->","yoast_head_json":{"title":"Naudi LaSpa administraator - LaSpa Laulasmaa","robots":{"index":"index","follow":"follow","max-snippet":"max-snippet:-1","max-image-preview":"max-image-preview:large","max-video-preview":"max-video-preview:-1"},"canonical":"https:\/\/www.laspa.ee\/et\/naudi-laspa-administraator\/","og_locale":"et_EE","og_type":"article","og_title":"Naudi LaSpa administraator - LaSpa Laulasmaa","og_description":"Kas Sulle meeldib pakkuda parimat k\u00fclastuskogemust ja olla k\u00fclalislahke avatud suhtumisega?Oled abivalmis, s\u00f5bralik ja kohusetundlik ning m\u00f5istad, et iga k\u00fclaline on v\u00e4\u00e4rt hoidmist? Sinu peamised t\u00f6\u00f6\u00fclesanded administraatorina: Ootused kandidaadile: Meie pakume: Lisak\u00fcsimuste puhul palun p\u00f6\u00f6rdu Naudi LaSpa heaoluspaa peaadministraatori Karmen Truup\u00f5llu poole karmen.truupold@laspa.ee. Kandideerimiseks saada CV Karmen Truup\u00f5ld karmen.truupold@laspa.ee.","og_url":"https:\/\/www.laspa.ee\/et\/naudi-laspa-administraator\/","og_site_name":"LaSpa Laulasmaa","article_publisher":"https:\/\/www.facebook.com\/LaSpaLaulasmaa","article_modified_time":"2025-09-11T09:58:19+00:00","og_image":[{"url":"https:\/\/www.laspa.ee\/wp-content\/uploads\/2022\/05\/20JJ1103_151-Edit-1.jpg","type":"","width":"","height":""}],"twitter_card":"summary_large_image","twitter_misc":{"Est. reading time":"7 minutit"},"schema":{"@context":"https:\/\/schema.org","@graph":[{"@type":"WebPage","@id":"https:\/\/www.laspa.ee\/et\/naudi-laspa-administraator\/","url":"https:\/\/www.laspa.ee\/et\/naudi-laspa-administraator\/","name":"Naudi LaSpa administraator - LaSpa Laulasmaa","isPartOf":{"@id":"https:\/\/www.laspa.ee\/et\/#website"},"primaryImageOfPage":{"@id":"https:\/\/www.laspa.ee\/et\/naudi-laspa-administraator\/#primaryimage"},"image":{"@id":"https:\/\/www.laspa.ee\/et\/naudi-laspa-administraator\/#primaryimage"},"thumbnailUrl":"https:\/\/www.laspa.ee\/wp-content\/uploads\/2022\/05\/20JJ1103_151-Edit-1.jpg","datePublished":"2023-01-18T09:43:48+00:00","dateModified":"2025-09-11T09:58:19+00:00","breadcrumb":{"@id":"https:\/\/www.laspa.ee\/et\/naudi-laspa-administraator\/#breadcrumb"},"inLanguage":"et","potentialAction":[{"@type":"ReadAction","target":["https:\/\/www.laspa.ee\/et\/naudi-laspa-administraator\/"]}]},{"@type":"ImageObject","inLanguage":"et","@id":"https:\/\/www.laspa.ee\/et\/naudi-laspa-administraator\/#primaryimage","url":"https:\/\/www.laspa.ee\/wp-content\/uploads\/2022\/05\/20JJ1103_151-Edit-1.jpg","contentUrl":"https:\/\/www.laspa.ee\/wp-content\/uploads\/2022\/05\/20JJ1103_151-Edit-1.jpg"},{"@type":"BreadcrumbList","@id":"https:\/\/www.laspa.ee\/et\/naudi-laspa-administraator\/#breadcrumb","itemListElement":[{"@type":"ListItem","position":1,"name":"Home","item":"https:\/\/www.laspa.ee\/et\/"},{"@type":"ListItem","position":2,"name":"Naudi LaSpa administraator"}]},{"@type":"WebSite","@id":"https:\/\/www.laspa.ee\/et\/#website","url":"https:\/\/www.laspa.ee\/et\/","name":"LaSpa Laulasmaa","description":"Wellbeing by nature","potentialAction":[{"@type":"SearchAction","target":{"@type":"EntryPoint","urlTemplate":"https:\/\/www.laspa.ee\/et\/?s={search_term_string}"},"query-input":{"@type":"PropertyValueSpecification","valueRequired":true,"valueName":"search_term_string"}}],"inLanguage":"et"}]}},"_links":{"self":[{"href":"https:\/\/www.laspa.ee\/et\/wp-json\/wp\/v2\/pages\/13227","targetHints":{"allow":["GET"]}}],"collection":[{"href":"https:\/\/www.laspa.ee\/et\/wp-json\/wp\/v2\/pages"}],"about":[{"href":"https:\/\/www.laspa.ee\/et\/wp-json\/wp\/v2\/types\/page"}],"author":[{"embeddable":true,"href":"https:\/\/www.laspa.ee\/et\/wp-json\/wp\/v2\/users\/4"}],"replies":[{"embeddable":true,"href":"https:\/\/www.laspa.ee\/et\/wp-json\/wp\/v2\/comments?post=13227"}],"version-history":[{"count":7,"href":"https:\/\/www.laspa.ee\/et\/wp-json\/wp\/v2\/pages\/13227\/revisions"}],"predecessor-version":[{"id":20674,"href":"https:\/\/www.laspa.ee\/et\/wp-json\/wp\/v2\/pages\/13227\/revisions\/20674"}],"wp:attachment":[{"href":"https:\/\/www.laspa.ee\/et\/wp-json\/wp\/v2\/media?parent=13227"}],"curies":[{"name":"wp","href":"https:\/\/api.w.org\/{rel}","templated":true}]}}