{"id":1478,"date":"2020-12-21T16:17:39","date_gmt":"2020-12-21T14:17:39","guid":{"rendered":"https:\/\/www.laspa.ee\/standardroom\/"},"modified":"2026-04-13T15:28:36","modified_gmt":"2026-04-13T13:28:36","slug":"standardtuba","status":"publish","type":"page","link":"https:\/\/www.laspa.ee\/et\/standardtuba\/","title":{"rendered":"Standardtuba"},"content":{"rendered":"\n<div class=\"wp-block-cover alignfull is-light\" style=\"min-height:325px;aspect-ratio:unset;\"><img loading=\"lazy\" decoding=\"async\" width=\"1150\" height=\"691\" class=\"wp-block-cover__image-background wp-image-15087\" alt=\"LaSpa peamaja standardtuba\" src=\"https:\/\/www.laspa.ee\/wp-content\/uploads\/2023\/06\/standard_room_laspa-1150x691-23-2.jpg\" data-object-fit=\"cover\" srcset=\"https:\/\/www.laspa.ee\/wp-content\/uploads\/2023\/06\/standard_room_laspa-1150x691-23-2.jpg 1150w, https:\/\/www.laspa.ee\/wp-content\/uploads\/2023\/06\/standard_room_laspa-1150x691-23-2-300x180.jpg 300w, https:\/\/www.laspa.ee\/wp-content\/uploads\/2023\/06\/standard_room_laspa-1150x691-23-2-768x461.jpg 768w, https:\/\/www.laspa.ee\/wp-content\/uploads\/2023\/06\/standard_room_laspa-1150x691-23-2-800x481.jpg 800w\" sizes=\"auto, (max-width: 1150px) 100vw, 1150px\" \/><span aria-hidden=\"true\" class=\"wp-block-cover__background has-background-dim\"><\/span><div class=\"wp-block-cover__inner-container is-layout-flow wp-block-cover-is-layout-flow\">\n<h1 class=\"wp-block-heading has-text-align-center has-white-color has-text-color\" id=\"standardtuba\">Standardtuba<\/h1>\n<\/div><\/div>\n\n\n\n<div class=\"wp-block-edhotels-text-gallery custom-twin-cols\">\n<div class=\"wp-block-columns is-layout-flex wp-container-corecolumns-is-layout-9d6595d7 wp-block-columns-is-layout-flex\">\n<div class=\"wp-block-column is-vertically-aligned-center text-block is-layout-flow wp-block-column-is-layout-flow\">\n<p><\/p>\n\n\n\n<h3 class=\"wp-block-heading\" id=\"standardtuba-on-sobilik-kahele-taiskasvanule-ja-uhele-kuni-14-aastasele-lapsele-toad-on-suurusega-14-22m2-ning-asuvad-1-4-korrusel\">Standardtuba on sobilik kahele t\u00e4iskasvanule ja \u00fchele kuni 14-aastasele lapsele. Toad on suurusega 15-19m<sup>2<\/sup> ning asuvad peamaja 1-4 korrustel.<\/h3>\n\n\n\n<p>Standardklassi tuppa on v\u00f5imalus lisada kuni \u00fcks lisavoodi ning m\u00f5ned toad on v\u00f5imalik vaheukse abil \u00fchendada peretoaks.<\/p>\n\n\n\n<p>Lapsed vanuses 0-5 aastat \u00f6\u00f6bivad tasuta vanemate kaisus, beebi- v\u00f5i lisavoodis. Beebi- ja lisavoodid on vaja ette tellida ning nad on saadaval vastavalt vabade voodite olemasolule ilma lisatasuta.  <\/p>\n\n\n\n<p>Esimesel korrusel on meil ka toad kuhu on v\u00e4ga oodatud lemmikloomad. Vaata lisa <a href=\"https:\/\/www.laspa.ee\/et\/lemmikloomad\/\" type=\"link\" id=\"https:\/\/www.laspa.ee\/et\/lemmikloomad\/\">siit.<\/a> <\/p>\n\n\n\n<div class=\"wp-block-buttons is-layout-flex wp-block-buttons-is-layout-flex\">\n<div class=\"wp-block-button is-style-outline is-style-outline--1\"><a class=\"wp-block-button__link wp-element-button\" href=\"https:\/\/bouk.io\/booking\/laspa\/323\/rooms?language=et&amp;adults=2&amp;roomId=1680\">BRONEERI KOHE<\/a><\/div>\n<\/div>\n<\/div>\n\n\n\n<div class=\"wp-block-column is-vertically-aligned-top image-block is-layout-flow wp-block-column-is-layout-flow\">\n<figure class=\"wp-block-gallery has-nested-images columns-default is-cropped wp-block-gallery-2 is-layout-flex wp-block-gallery-is-layout-flex\">\n<figure class=\"wp-block-image size-full\"><a href=\"https:\/\/www.laspa.ee\/wp-content\/uploads\/2023\/06\/standard_room_laspa-1150x691-vannituba.jpg\"><img loading=\"lazy\" decoding=\"async\" width=\"1150\" height=\"691\" data-id=\"15105\" src=\"https:\/\/www.laspa.ee\/wp-content\/uploads\/2023\/06\/standard_room_laspa-1150x691-vannituba.jpg\" alt=\"LaSpa peamaja standardtuba vannituba\" class=\"wp-image-15105\" srcset=\"https:\/\/www.laspa.ee\/wp-content\/uploads\/2023\/06\/standard_room_laspa-1150x691-vannituba.jpg 1150w, https:\/\/www.laspa.ee\/wp-content\/uploads\/2023\/06\/standard_room_laspa-1150x691-vannituba-300x180.jpg 300w, https:\/\/www.laspa.ee\/wp-content\/uploads\/2023\/06\/standard_room_laspa-1150x691-vannituba-768x461.jpg 768w, https:\/\/www.laspa.ee\/wp-content\/uploads\/2023\/06\/standard_room_laspa-1150x691-vannituba-800x481.jpg 800w\" sizes=\"auto, (max-width: 1150px) 100vw, 1150px\" \/><\/a><\/figure>\n\n\n\n<figure class=\"wp-block-image size-large\"><a href=\"https:\/\/www.laspa.ee\/wp-content\/uploads\/2020\/12\/room_detail_laspa-1150x767.jpg\"><img loading=\"lazy\" decoding=\"async\" width=\"1150\" height=\"767\" data-id=\"1310\" src=\"https:\/\/www.laspa.ee\/wp-content\/uploads\/2020\/12\/room_detail_laspa-1150x767.jpg\" alt=\"\" class=\"wp-image-1310\" srcset=\"https:\/\/www.laspa.ee\/wp-content\/uploads\/2020\/12\/room_detail_laspa-1150x767.jpg 1150w, https:\/\/www.laspa.ee\/wp-content\/uploads\/2020\/12\/room_detail_laspa-300x200.jpg 300w, https:\/\/www.laspa.ee\/wp-content\/uploads\/2020\/12\/room_detail_laspa-768x512.jpg 768w, https:\/\/www.laspa.ee\/wp-content\/uploads\/2020\/12\/room_detail_laspa-1536x1024.jpg 1536w, https:\/\/www.laspa.ee\/wp-content\/uploads\/2020\/12\/room_detail_laspa-800x533.jpg 800w, https:\/\/www.laspa.ee\/wp-content\/uploads\/2020\/12\/room_detail_laspa.jpg 1920w\" sizes=\"auto, (max-width: 1150px) 100vw, 1150px\" \/><\/a><\/figure>\n\n\n\n<figure class=\"wp-block-image size-full\"><a href=\"https:\/\/www.laspa.ee\/wp-content\/uploads\/2026\/04\/Koeratuba.jpg\"><img loading=\"lazy\" decoding=\"async\" width=\"2048\" height=\"1152\" data-id=\"21794\" src=\"https:\/\/www.laspa.ee\/wp-content\/uploads\/2026\/04\/Koeratuba.jpg\" alt=\"LaSpa hotell I Heaolu koos loodusega\" class=\"wp-image-21794\" srcset=\"https:\/\/www.laspa.ee\/wp-content\/uploads\/2026\/04\/Koeratuba.jpg 2048w, https:\/\/www.laspa.ee\/wp-content\/uploads\/2026\/04\/Koeratuba-300x169.jpg 300w, https:\/\/www.laspa.ee\/wp-content\/uploads\/2026\/04\/Koeratuba-1150x647.jpg 1150w, https:\/\/www.laspa.ee\/wp-content\/uploads\/2026\/04\/Koeratuba-768x432.jpg 768w, https:\/\/www.laspa.ee\/wp-content\/uploads\/2026\/04\/Koeratuba-1536x864.jpg 1536w, https:\/\/www.laspa.ee\/wp-content\/uploads\/2026\/04\/Koeratuba-800x450.jpg 800w\" sizes=\"auto, (max-width: 2048px) 100vw, 2048px\" \/><\/a><\/figure>\n\n\n\n<figure class=\"wp-block-image size-full\"><a href=\"https:\/\/www.laspa.ee\/wp-content\/uploads\/2026\/04\/standardtuba-merevaatega.jpg\"><img loading=\"lazy\" decoding=\"async\" width=\"2048\" height=\"1152\" data-id=\"21817\" src=\"https:\/\/www.laspa.ee\/wp-content\/uploads\/2026\/04\/standardtuba-merevaatega.jpg\" alt=\"LaSpa standard room with twin beds, sea view through large window, balcony access and calm Nordic interior\" class=\"wp-image-21817\" srcset=\"https:\/\/www.laspa.ee\/wp-content\/uploads\/2026\/04\/standardtuba-merevaatega.jpg 2048w, https:\/\/www.laspa.ee\/wp-content\/uploads\/2026\/04\/standardtuba-merevaatega-300x169.jpg 300w, https:\/\/www.laspa.ee\/wp-content\/uploads\/2026\/04\/standardtuba-merevaatega-1150x647.jpg 1150w, https:\/\/www.laspa.ee\/wp-content\/uploads\/2026\/04\/standardtuba-merevaatega-768x432.jpg 768w, https:\/\/www.laspa.ee\/wp-content\/uploads\/2026\/04\/standardtuba-merevaatega-1536x864.jpg 1536w, https:\/\/www.laspa.ee\/wp-content\/uploads\/2026\/04\/standardtuba-merevaatega-800x450.jpg 800w\" sizes=\"auto, (max-width: 2048px) 100vw, 2048px\" \/><\/a><\/figure>\n<\/figure>\n<\/div>\n<\/div>\n\n\n\n<h3 class=\"wp-block-heading alignwide has-text-align-center\" id=\"amenities-in-the-room\">Toa hinnas sisaldub:<\/h3>\n\n\n\n<div class=\"wp-block-columns is-layout-flex wp-container-corecolumns-is-layout-9d6595d7 wp-block-columns-is-layout-flex\">\n<div class=\"wp-block-column is-layout-flow wp-block-column-is-layout-flow\" style=\"flex-basis:100%\">\n<ul class=\"wp-block-list\">\n<li>Piiramatu vee- ja saunakeskuse kasutus majutusperioodi ajal (avatud iga p\u00e4ev 09.00 &#8211; 22.00)<\/li>\n\n\n\n<li>Rikkalik buffet hommikus\u00f6\u00f6k meie merevaatega restoranis K\u00e4bi (E-R 07.00 \u2013 10:00 L-P 07.30 \u2013 11.00)<\/li>\n\n\n\n<li>Meie kaasaegse j\u00f5usaali tasuta kasutamine (avatud 24h) <\/li>\n\n\n\n<li>Tasuta osalemine meie treeningutes ja joogas (<a href=\"https:\/\/www.laspa.ee\/et\/laulasmaa-tegevused\/\">vastavalt ajakavale<\/a>) <\/li>\n\n\n\n<li>Sisseregistreerimine 15.00 ja v\u00e4ljaregistreerimine 12.00<\/li>\n<\/ul>\n<\/div>\n<\/div>\n\n\n\n<h3 class=\"wp-block-heading alignwide has-text-align-center\" id=\"amenities-in-the-room\">Mugavused toas<\/h3>\n\n\n\n<div class=\"wp-block-columns is-layout-flex wp-container-corecolumns-is-layout-9d6595d7 wp-block-columns-is-layout-flex\">\n<div class=\"wp-block-column is-layout-flow wp-block-column-is-layout-flow\" style=\"flex-basis:50%\">\n<ul class=\"wp-block-list\">\n<li>Privaatne r\u00f5du merevaatega tubades<\/li>\n\n\n\n<li>Enamus tubades konditsioneer, kuid see ei pruugi tagada sobivat temperatuuri ekstreemsetel <\/li>\n\n\n\n<li>M\u00f5ned standardtoad on invatoad<\/li>\n\n\n\n<li>Esimesel korrusel pakume tube lemmikloomadega k\u00fclalistele<\/li>\n<\/ul>\n<\/div>\n\n\n\n<div class=\"wp-block-column is-layout-flow wp-block-column-is-layout-flow\" style=\"flex-basis:50%\">\n<ul class=\"wp-block-list\">\n<li>\u00dcks kaheinimese v\u00f5i kaks \u00fcheinimese voodit<\/li>\n\n\n\n<li>Hommikumantlid ja sussid<\/li>\n\n\n\n<li>H\u00fcgieenitarbed ja f\u00f6\u00f6n<\/li>\n\n\n\n<li>Laiekraan televiisor<\/li>\n\n\n\n<li>Tasuta internet<\/li>\n\n\n\n<li>Tasuta parkimine <\/li>\n<\/ul>\n<\/div>\n<\/div>\n\n\n\n<div class=\"custom-twin-cols\"><div class=\"wp-block-columns has-2-columns\"><div class=\"wp-block-column text-block\">\n<h2 class=\"wp-block-heading alignwide\" id=\"laulasmaal-on-heaolu-koikjal-meie-umber\">Laulasmaal olles proovi kindlasti<\/h2>\n\n\n\n<p>Hellita ennast Naudi LaSpa heaolsupaa hoolitsusega ning l\u00f5\u00f5gastu peale hoolitsust kamina ees v\u00e4rskendavat teed juues. <a href=\"https:\/\/www.laspa.ee\/et\/naudi-spaa\/koik\/\">Broneeri hoolitsus siin. <\/a><\/p>\n\n\n\n<p>Naudi jalutusk\u00e4ike Laulasmaa rannas v\u00f5i m\u00e4nnimetsas. Uju meres, mine jooksma v\u00f5i rattaga s\u00f5itma. Vaata kuidas p\u00e4ike loojub \u00fcle horisondi. Hoia k\u00e4test kinni. Proovi joogat ja mediteerimist \u2013 isegi siis kui see on esimest korda sinu elus. Treeni meie j\u00f5usaalis v\u00f5i m\u00e4ngi piljardid v\u00f5i disc golfi. Proovi meie Naudi LaSpa heaoluspaa massaa\u017ee ja hoolitsusi. See on siin olles lausa kohustuslik! See meeldib sulle kindlasti. M\u00e4ngi golfi. Surfa. Supita. Naudi Angelica Udek\u00fclli v\u00f5rratut toitu.<br>Ning l\u00f5petuseks l\u00f5dvestu ning maga, see on hea tervise alustala.<\/p>\n<\/div><div class=\"wp-block-column image-block\" data-pos=\"right\"><div class=\"wp-block-column\"><figure class=\"wp-block-image\"><img decoding=\"async\" src=\"https:\/\/www.laspa.ee\/wp-content\/uploads\/2021\/02\/laulasmaa_nature_walking_trail-1150x863.jpg\" alt=\"Laulasmaa I Matkarajad\"\/><\/figure><\/div><\/div><\/div><\/div>\n<\/div>\n\n\n\n<div class=\"wp-block-webfactory-map alignfull google-map-edhotels\"><div class=\"wp-block-webfactory-map\"><\/div><\/div>\n\n\n\n<p><\/p>\n","protected":false},"excerpt":{"rendered":"","protected":false},"author":2,"featured_media":0,"parent":0,"menu_order":307,"comment_status":"closed","ping_status":"closed","template":"","meta":{"_acf_changed":false,"footnotes":""},"class_list":["post-1478","page","type-page","status-publish","hentry"],"acf":false,"yoast_head":"<!-- This site is optimized with the Yoast SEO plugin v27.4 - https:\/\/yoast.com\/product\/yoast-seo-wordpress\/ -->\n<title>Standardtuba - LaSpa Laulasmaa<\/title>\n<meta name=\"robots\" content=\"index, follow, max-snippet:-1, max-image-preview:large, max-video-preview:-1\" \/>\n<link rel=\"canonical\" href=\"https:\/\/www.laspa.ee\/et\/standardtuba\/\" \/>\n<meta property=\"og:locale\" content=\"et_EE\" \/>\n<meta property=\"og:type\" content=\"article\" \/>\n<meta property=\"og:title\" content=\"Standardtuba - LaSpa Laulasmaa\" \/>\n<meta property=\"og:url\" content=\"https:\/\/www.laspa.ee\/et\/standardtuba\/\" \/>\n<meta property=\"og:site_name\" content=\"LaSpa Laulasmaa\" \/>\n<meta property=\"article:publisher\" content=\"https:\/\/www.facebook.com\/LaSpaLaulasmaa\" \/>\n<meta property=\"article:modified_time\" content=\"2026-04-13T13:28:36+00:00\" \/>\n<meta property=\"og:image\" content=\"https:\/\/www.laspa.ee\/wp-content\/uploads\/2023\/06\/standard_room_laspa-1150x691-23-2.jpg\" \/>\n\t<meta property=\"og:image:width\" content=\"1150\" \/>\n\t<meta property=\"og:image:height\" content=\"691\" \/>\n\t<meta property=\"og:image:type\" content=\"image\/jpeg\" \/>\n<meta name=\"twitter:card\" content=\"summary_large_image\" \/>\n<meta name=\"twitter:label1\" content=\"Est. reading time\" \/>\n\t<meta name=\"twitter:data1\" content=\"3 minutit\" \/>\n<script type=\"application\/ld+json\" class=\"yoast-schema-graph\">{\"@context\":\"https:\\\/\\\/schema.org\",\"@graph\":[{\"@type\":\"WebPage\",\"@id\":\"https:\\\/\\\/www.laspa.ee\\\/et\\\/standardtuba\\\/\",\"url\":\"https:\\\/\\\/www.laspa.ee\\\/et\\\/standardtuba\\\/\",\"name\":\"Standardtuba - LaSpa Laulasmaa\",\"isPartOf\":{\"@id\":\"https:\\\/\\\/www.laspa.ee\\\/et\\\/#website\"},\"primaryImageOfPage\":{\"@id\":\"https:\\\/\\\/www.laspa.ee\\\/et\\\/standardtuba\\\/#primaryimage\"},\"image\":{\"@id\":\"https:\\\/\\\/www.laspa.ee\\\/et\\\/standardtuba\\\/#primaryimage\"},\"thumbnailUrl\":\"https:\\\/\\\/www.laspa.ee\\\/wp-content\\\/uploads\\\/2023\\\/06\\\/standard_room_laspa-1150x691-23-2.jpg\",\"datePublished\":\"2020-12-21T14:17:39+00:00\",\"dateModified\":\"2026-04-13T13:28:36+00:00\",\"breadcrumb\":{\"@id\":\"https:\\\/\\\/www.laspa.ee\\\/et\\\/standardtuba\\\/#breadcrumb\"},\"inLanguage\":\"et\",\"potentialAction\":[{\"@type\":\"ReadAction\",\"target\":[\"https:\\\/\\\/www.laspa.ee\\\/et\\\/standardtuba\\\/\"]}]},{\"@type\":\"ImageObject\",\"inLanguage\":\"et\",\"@id\":\"https:\\\/\\\/www.laspa.ee\\\/et\\\/standardtuba\\\/#primaryimage\",\"url\":\"https:\\\/\\\/www.laspa.ee\\\/wp-content\\\/uploads\\\/2023\\\/06\\\/standard_room_laspa-1150x691-23-2.jpg\",\"contentUrl\":\"https:\\\/\\\/www.laspa.ee\\\/wp-content\\\/uploads\\\/2023\\\/06\\\/standard_room_laspa-1150x691-23-2.jpg\"},{\"@type\":\"BreadcrumbList\",\"@id\":\"https:\\\/\\\/www.laspa.ee\\\/et\\\/standardtuba\\\/#breadcrumb\",\"itemListElement\":[{\"@type\":\"ListItem\",\"position\":1,\"name\":\"Home\",\"item\":\"https:\\\/\\\/www.laspa.ee\\\/et\\\/\"},{\"@type\":\"ListItem\",\"position\":2,\"name\":\"Standardtuba\"}]},{\"@type\":\"WebSite\",\"@id\":\"https:\\\/\\\/www.laspa.ee\\\/et\\\/#website\",\"url\":\"https:\\\/\\\/www.laspa.ee\\\/et\\\/\",\"name\":\"LaSpa Laulasmaa\",\"description\":\"Wellbeing by nature\",\"potentialAction\":[{\"@type\":\"SearchAction\",\"target\":{\"@type\":\"EntryPoint\",\"urlTemplate\":\"https:\\\/\\\/www.laspa.ee\\\/et\\\/?s={search_term_string}\"},\"query-input\":{\"@type\":\"PropertyValueSpecification\",\"valueRequired\":true,\"valueName\":\"search_term_string\"}}],\"inLanguage\":\"et\"}]}<\/script>\n<!-- \/ Yoast SEO plugin. -->","yoast_head_json":{"title":"Standardtuba - LaSpa Laulasmaa","robots":{"index":"index","follow":"follow","max-snippet":"max-snippet:-1","max-image-preview":"max-image-preview:large","max-video-preview":"max-video-preview:-1"},"canonical":"https:\/\/www.laspa.ee\/et\/standardtuba\/","og_locale":"et_EE","og_type":"article","og_title":"Standardtuba - LaSpa Laulasmaa","og_url":"https:\/\/www.laspa.ee\/et\/standardtuba\/","og_site_name":"LaSpa Laulasmaa","article_publisher":"https:\/\/www.facebook.com\/LaSpaLaulasmaa","article_modified_time":"2026-04-13T13:28:36+00:00","og_image":[{"width":1150,"height":691,"url":"https:\/\/www.laspa.ee\/wp-content\/uploads\/2023\/06\/standard_room_laspa-1150x691-23-2.jpg","type":"image\/jpeg"}],"twitter_card":"summary_large_image","twitter_misc":{"Est. reading time":"3 minutit"},"schema":{"@context":"https:\/\/schema.org","@graph":[{"@type":"WebPage","@id":"https:\/\/www.laspa.ee\/et\/standardtuba\/","url":"https:\/\/www.laspa.ee\/et\/standardtuba\/","name":"Standardtuba - LaSpa Laulasmaa","isPartOf":{"@id":"https:\/\/www.laspa.ee\/et\/#website"},"primaryImageOfPage":{"@id":"https:\/\/www.laspa.ee\/et\/standardtuba\/#primaryimage"},"image":{"@id":"https:\/\/www.laspa.ee\/et\/standardtuba\/#primaryimage"},"thumbnailUrl":"https:\/\/www.laspa.ee\/wp-content\/uploads\/2023\/06\/standard_room_laspa-1150x691-23-2.jpg","datePublished":"2020-12-21T14:17:39+00:00","dateModified":"2026-04-13T13:28:36+00:00","breadcrumb":{"@id":"https:\/\/www.laspa.ee\/et\/standardtuba\/#breadcrumb"},"inLanguage":"et","potentialAction":[{"@type":"ReadAction","target":["https:\/\/www.laspa.ee\/et\/standardtuba\/"]}]},{"@type":"ImageObject","inLanguage":"et","@id":"https:\/\/www.laspa.ee\/et\/standardtuba\/#primaryimage","url":"https:\/\/www.laspa.ee\/wp-content\/uploads\/2023\/06\/standard_room_laspa-1150x691-23-2.jpg","contentUrl":"https:\/\/www.laspa.ee\/wp-content\/uploads\/2023\/06\/standard_room_laspa-1150x691-23-2.jpg"},{"@type":"BreadcrumbList","@id":"https:\/\/www.laspa.ee\/et\/standardtuba\/#breadcrumb","itemListElement":[{"@type":"ListItem","position":1,"name":"Home","item":"https:\/\/www.laspa.ee\/et\/"},{"@type":"ListItem","position":2,"name":"Standardtuba"}]},{"@type":"WebSite","@id":"https:\/\/www.laspa.ee\/et\/#website","url":"https:\/\/www.laspa.ee\/et\/","name":"LaSpa Laulasmaa","description":"Wellbeing by nature","potentialAction":[{"@type":"SearchAction","target":{"@type":"EntryPoint","urlTemplate":"https:\/\/www.laspa.ee\/et\/?s={search_term_string}"},"query-input":{"@type":"PropertyValueSpecification","valueRequired":true,"valueName":"search_term_string"}}],"inLanguage":"et"}]}},"_links":{"self":[{"href":"https:\/\/www.laspa.ee\/et\/wp-json\/wp\/v2\/pages\/1478","targetHints":{"allow":["GET"]}}],"collection":[{"href":"https:\/\/www.laspa.ee\/et\/wp-json\/wp\/v2\/pages"}],"about":[{"href":"https:\/\/www.laspa.ee\/et\/wp-json\/wp\/v2\/types\/page"}],"author":[{"embeddable":true,"href":"https:\/\/www.laspa.ee\/et\/wp-json\/wp\/v2\/users\/2"}],"replies":[{"embeddable":true,"href":"https:\/\/www.laspa.ee\/et\/wp-json\/wp\/v2\/comments?post=1478"}],"version-history":[{"count":18,"href":"https:\/\/www.laspa.ee\/et\/wp-json\/wp\/v2\/pages\/1478\/revisions"}],"predecessor-version":[{"id":21822,"href":"https:\/\/www.laspa.ee\/et\/wp-json\/wp\/v2\/pages\/1478\/revisions\/21822"}],"wp:attachment":[{"href":"https:\/\/www.laspa.ee\/et\/wp-json\/wp\/v2\/media?parent=1478"}],"curies":[{"name":"wp","href":"https:\/\/api.w.org\/{rel}","templated":true}]}}