{"id":1481,"date":"2020-12-22T10:31:07","date_gmt":"2020-12-22T08:31:07","guid":{"rendered":"https:\/\/www.laspa.ee\/superior-room\/"},"modified":"2026-04-13T15:44:47","modified_gmt":"2026-04-13T13:44:47","slug":"superiortuba","status":"publish","type":"page","link":"https:\/\/www.laspa.ee\/et\/superiortuba\/","title":{"rendered":"Superiortuba"},"content":{"rendered":"\n<div class=\"wp-block-cover alignfull\" style=\"min-height:295px;aspect-ratio:unset;\"><img loading=\"lazy\" decoding=\"async\" width=\"1920\" height=\"1212\" class=\"wp-block-cover__image-background wp-image-18391\" alt=\"\" src=\"https:\/\/www.laspa.ee\/wp-content\/uploads\/2024\/05\/Superior-tuba-mai-2024-9.jpg\" style=\"object-position:53% 57%\" data-object-fit=\"cover\" data-object-position=\"53% 57%\" srcset=\"https:\/\/www.laspa.ee\/wp-content\/uploads\/2024\/05\/Superior-tuba-mai-2024-9.jpg 1920w, https:\/\/www.laspa.ee\/wp-content\/uploads\/2024\/05\/Superior-tuba-mai-2024-9-300x189.jpg 300w, https:\/\/www.laspa.ee\/wp-content\/uploads\/2024\/05\/Superior-tuba-mai-2024-9-1150x726.jpg 1150w, https:\/\/www.laspa.ee\/wp-content\/uploads\/2024\/05\/Superior-tuba-mai-2024-9-768x485.jpg 768w, https:\/\/www.laspa.ee\/wp-content\/uploads\/2024\/05\/Superior-tuba-mai-2024-9-1536x970.jpg 1536w, https:\/\/www.laspa.ee\/wp-content\/uploads\/2024\/05\/Superior-tuba-mai-2024-9-800x505.jpg 800w\" sizes=\"auto, (max-width: 1920px) 100vw, 1920px\" \/><span aria-hidden=\"true\" class=\"wp-block-cover__background has-background-dim-20 has-background-dim\"><\/span><div class=\"wp-block-cover__inner-container is-layout-flow wp-block-cover-is-layout-flow\">\n<h1 class=\"wp-block-heading has-text-align-center has-white-color has-text-color\" id=\"superiortuba\">Superiortuba<\/h1>\n<\/div><\/div>\n\n\n\n<div class=\"wp-block-edhotels-text-gallery custom-twin-cols\">\n<div class=\"wp-block-columns is-layout-flex wp-container-corecolumns-is-layout-9d6595d7 wp-block-columns-is-layout-flex\">\n<div class=\"wp-block-column is-vertically-aligned-center text-block is-layout-flow wp-block-column-is-layout-flow\">\n<p><\/p>\n\n\n\n<h3 class=\"wp-block-heading\" id=\"superiortuba-on-sobilik-kahele-taiskasvanule-ja-uhele-kuni-14-aastasele-lapsele-toad-on-suurusega-18-21m2\">Superiortuba on sobilik kahele t\u00e4iskasvanule ja \u00fchele kuni 14-aastasele lapsele. Toad on suurusega 18-21m<sup>2<\/sup>.<\/h3>\n\n\n\n<p>Superiorklassi tuppa on v\u00f5imalus lisada kuni \u00fcks lisavoodi. Lapsed vanuses 0-5 aastat \u00f6\u00f6bivad tasuta vanemate kaisus, beebi- v\u00f5i lisavoodis. Beebi- ja lisavoodid on vaja ette tellida ning nad on saadaval vastavalt vabade voodite olemasolule ilma lisatasuta.<\/p>\n\n\n\n<div class=\"wp-block-buttons is-layout-flex wp-block-buttons-is-layout-flex\">\n<div class=\"wp-block-button is-style-outline is-style-outline--1\"><a class=\"wp-block-button__link wp-element-button\" href=\"https:\/\/bouk.io\/booking\/laspa\/323\/rooms?language=et&amp;adults=2&amp;roomId=1681\">Broneeri kohe<\/a><\/div>\n<\/div>\n<\/div>\n\n\n\n<div class=\"wp-block-column is-vertically-aligned-top image-block is-layout-flow wp-block-column-is-layout-flow\">\n<figure class=\"wp-block-gallery has-nested-images columns-default is-cropped wp-block-gallery-2 is-layout-flex wp-block-gallery-is-layout-flex\">\n<figure class=\"wp-block-image size-large\"><a href=\"https:\/\/www.laspa.ee\/wp-content\/uploads\/2026\/04\/superior-tuba-2026-aprill.jpg\"><img loading=\"lazy\" decoding=\"async\" width=\"1150\" height=\"647\" data-id=\"21826\" src=\"https:\/\/www.laspa.ee\/wp-content\/uploads\/2026\/04\/superior-tuba-2026-aprill-1150x647.jpg\" alt=\"LaSpa superior room with twin beds, balcony and sea view, large window, soft natural light and Nordic interior\" class=\"wp-image-21826\" srcset=\"https:\/\/www.laspa.ee\/wp-content\/uploads\/2026\/04\/superior-tuba-2026-aprill-1150x647.jpg 1150w, https:\/\/www.laspa.ee\/wp-content\/uploads\/2026\/04\/superior-tuba-2026-aprill-300x169.jpg 300w, https:\/\/www.laspa.ee\/wp-content\/uploads\/2026\/04\/superior-tuba-2026-aprill-768x432.jpg 768w, https:\/\/www.laspa.ee\/wp-content\/uploads\/2026\/04\/superior-tuba-2026-aprill-1536x864.jpg 1536w, https:\/\/www.laspa.ee\/wp-content\/uploads\/2026\/04\/superior-tuba-2026-aprill-800x450.jpg 800w, https:\/\/www.laspa.ee\/wp-content\/uploads\/2026\/04\/superior-tuba-2026-aprill.jpg 2048w\" sizes=\"auto, (max-width: 1150px) 100vw, 1150px\" \/><\/a><\/figure>\n\n\n\n<figure class=\"wp-block-image size-full\"><a href=\"https:\/\/www.laspa.ee\/wp-content\/uploads\/2023\/07\/Superior-tuba-2.jpg\"><img loading=\"lazy\" decoding=\"async\" width=\"1150\" height=\"691\" data-id=\"15301\" src=\"https:\/\/www.laspa.ee\/wp-content\/uploads\/2023\/07\/Superior-tuba-2.jpg\" alt=\"LaSpa Laulasmaa superior tuba\" class=\"wp-image-15301\" srcset=\"https:\/\/www.laspa.ee\/wp-content\/uploads\/2023\/07\/Superior-tuba-2.jpg 1150w, https:\/\/www.laspa.ee\/wp-content\/uploads\/2023\/07\/Superior-tuba-2-300x180.jpg 300w, https:\/\/www.laspa.ee\/wp-content\/uploads\/2023\/07\/Superior-tuba-2-768x461.jpg 768w, https:\/\/www.laspa.ee\/wp-content\/uploads\/2023\/07\/Superior-tuba-2-800x481.jpg 800w\" sizes=\"auto, (max-width: 1150px) 100vw, 1150px\" \/><\/a><\/figure>\n\n\n\n<figure class=\"wp-block-image size-full\"><a href=\"https:\/\/www.laspa.ee\/wp-content\/uploads\/2024\/05\/Superior-tuba-mai-2024-5.jpg\"><img loading=\"lazy\" decoding=\"async\" width=\"1920\" height=\"1212\" data-id=\"18383\" src=\"https:\/\/www.laspa.ee\/wp-content\/uploads\/2024\/05\/Superior-tuba-mai-2024-5.jpg\" alt=\"\" class=\"wp-image-18383\" srcset=\"https:\/\/www.laspa.ee\/wp-content\/uploads\/2024\/05\/Superior-tuba-mai-2024-5.jpg 1920w, https:\/\/www.laspa.ee\/wp-content\/uploads\/2024\/05\/Superior-tuba-mai-2024-5-300x189.jpg 300w, https:\/\/www.laspa.ee\/wp-content\/uploads\/2024\/05\/Superior-tuba-mai-2024-5-1150x726.jpg 1150w, https:\/\/www.laspa.ee\/wp-content\/uploads\/2024\/05\/Superior-tuba-mai-2024-5-768x485.jpg 768w, https:\/\/www.laspa.ee\/wp-content\/uploads\/2024\/05\/Superior-tuba-mai-2024-5-1536x970.jpg 1536w, https:\/\/www.laspa.ee\/wp-content\/uploads\/2024\/05\/Superior-tuba-mai-2024-5-800x505.jpg 800w\" sizes=\"auto, (max-width: 1920px) 100vw, 1920px\" \/><\/a><\/figure>\n\n\n\n<figure class=\"wp-block-image size-full\"><a href=\"https:\/\/www.laspa.ee\/wp-content\/uploads\/2024\/05\/Superior-tuba-mai-2024-3.jpg\"><img loading=\"lazy\" decoding=\"async\" width=\"1920\" height=\"1212\" data-id=\"18379\" src=\"https:\/\/www.laspa.ee\/wp-content\/uploads\/2024\/05\/Superior-tuba-mai-2024-3.jpg\" alt=\"\" class=\"wp-image-18379\" srcset=\"https:\/\/www.laspa.ee\/wp-content\/uploads\/2024\/05\/Superior-tuba-mai-2024-3.jpg 1920w, https:\/\/www.laspa.ee\/wp-content\/uploads\/2024\/05\/Superior-tuba-mai-2024-3-300x189.jpg 300w, https:\/\/www.laspa.ee\/wp-content\/uploads\/2024\/05\/Superior-tuba-mai-2024-3-1150x726.jpg 1150w, https:\/\/www.laspa.ee\/wp-content\/uploads\/2024\/05\/Superior-tuba-mai-2024-3-768x485.jpg 768w, https:\/\/www.laspa.ee\/wp-content\/uploads\/2024\/05\/Superior-tuba-mai-2024-3-1536x970.jpg 1536w, https:\/\/www.laspa.ee\/wp-content\/uploads\/2024\/05\/Superior-tuba-mai-2024-3-800x505.jpg 800w\" sizes=\"auto, (max-width: 1920px) 100vw, 1920px\" \/><\/a><\/figure>\n<\/figure>\n<\/div>\n<\/div>\n\n\n\n<h3 class=\"wp-block-heading alignwide has-text-align-center\" id=\"mugavused-toas\">Toa hinnas sisaldub:<\/h3>\n\n\n\n<div class=\"wp-block-columns is-layout-flex wp-container-corecolumns-is-layout-9d6595d7 wp-block-columns-is-layout-flex\">\n<div class=\"wp-block-column is-layout-flow wp-block-column-is-layout-flow\" style=\"flex-basis:100%\">\n<ul class=\"wp-block-list\">\n<li>Piiramatu vee- ja saunakeskuse kasutus majutusperioodi ajal (avatud iga p\u00e4ev 09:00 &#8211; 22:00)<\/li>\n\n\n\n<li>Rikkalik buffet hommikus\u00f6\u00f6k meie merevaatega restoranis K\u00e4bi  (E-R 07:00 \u2013 10:00 L-P 07:30 \u2013 11:00)<\/li>\n\n\n\n<li>Meie kaasaegse j\u00f5usaali tasuta kasutamine (avatud 24h) <\/li>\n\n\n\n<li>Tasuta osalemine meie treeningutes ja joogas (<a href=\"https:\/\/www.laspa.ee\/et\/laulasmaa-tegevused\/\">vastavalt ajakavale<\/a>) <\/li>\n\n\n\n<li>Sisseregistreerimine 15:00 ja v\u00e4ljaregistreerimine 12:00<\/li>\n<\/ul>\n<\/div>\n<\/div>\n\n\n\n<h3 class=\"wp-block-heading alignwide has-text-align-center\" id=\"mugavused-toas\">Mugavused toas<\/h3>\n\n\n\n<div class=\"wp-block-columns alignfull is-layout-flex wp-container-corecolumns-is-layout-9d6595d7 wp-block-columns-is-layout-flex\">\n<div class=\"wp-block-column is-layout-flow wp-block-column-is-layout-flow\" style=\"flex-basis:50%\">\n<ul class=\"wp-block-list\">\n<li>Privaatne r\u00f5du vaatega merele ja m\u00e4nnimetsale.<\/li>\n\n\n\n<li>Tuba on varustatud konditsioneeriga, kuid see ei pruugi tagada sobivat temperatuuri ekstreemsetel kuumaperioodidel.<\/li>\n\n\n\n<li>Kohvi ja tee valmistamise v\u00f5imalus<\/li>\n\n\n\n<li>Nespresso kohvimasin<\/li>\n\n\n\n<li>Saabudes toas pudelivesi<\/li>\n<\/ul>\n<\/div>\n\n\n\n<div class=\"wp-block-column is-layout-flow wp-block-column-is-layout-flow\" style=\"flex-basis:50%\">\n<ul class=\"wp-block-list\">\n<li>\u00dcks kaheinimese voodi<\/li>\n\n\n\n<li>K\u00fclmik<\/li>\n\n\n\n<li>Hommikumantlid ja sussid<\/li>\n\n\n\n<li>H\u00fcgieenitarbed ja f\u00f6\u00f6n<\/li>\n\n\n\n<li>Televiisor ja telefon<\/li>\n\n\n\n<li>Tasuta internet<\/li>\n\n\n\n<li>Tasuta parkimine <\/li>\n<\/ul>\n<\/div>\n<\/div>\n\n\n\n<div class=\"custom-twin-cols\"><div class=\"wp-block-columns has-2-columns\"><div class=\"wp-block-column text-block\">\n<h2 class=\"wp-block-heading alignwide\" id=\"laulasmaal-on-heaolu-koikjal-meie-umber\">Laulasmaal olles proovi kindlasti<\/h2>\n\n\n\n<p>Hellita ennast Naudi LaSpa heaolsupaa hoolitsusega ning l\u00f5\u00f5gastu peale hoolitsust kamina ees v\u00e4rskendavat teed juues. <a href=\"https:\/\/www.laspa.ee\/et\/naudi-spaa\/koik\/\">Broneeri hoolitsus siin. <\/a><\/p>\n\n\n\n<p>Naudi jalutusk\u00e4ike Laulasmaa rannas v\u00f5i m\u00e4nnimetsas. Uju meres, mine jooksma v\u00f5i rattaga s\u00f5itma. Vaata kuidas p\u00e4ike loojub \u00fcle horisondi. Hoia k\u00e4test kinni. Proovi joogat ja mediteerimist \u2013 isegi siis kui see on esimest korda sinu elus. Treeni meie j\u00f5usaalis v\u00f5i m\u00e4ngi piljardid v\u00f5i disc golfi. Proovi meie NAUDI LaSpa massaa\u017ee ja hoolitsusi. See on siin olles lausa kohustuslik! See meeldib sulle kindlasti. M\u00e4ngi golfi. Surfa. Supita. Naudi Angelica Udek\u00fclli v\u00f5rratut toitu.<br>Ning l\u00f5petuseks l\u00f5dvestu ning maga, see on hea tervise alustala.<\/p>\n<\/div><div class=\"wp-block-column image-block\" data-pos=\"right\"><div class=\"wp-block-column\"><figure class=\"wp-block-image\"><img decoding=\"async\" src=\"https:\/\/www.laspa.ee\/wp-content\/uploads\/2021\/02\/laulasmaa_nature_walking_trail-1150x863.jpg\" alt=\"Laulasmaa I Matkarajad\"\/><\/figure><\/div><\/div><\/div><\/div>\n<\/div>\n\n\n\n<div class=\"wp-block-webfactory-map alignfull google-map-edhotels\"><div class=\"wp-block-webfactory-map\"><\/div><\/div>\n\n\n\n<p><\/p>\n","protected":false},"excerpt":{"rendered":"","protected":false},"author":2,"featured_media":0,"parent":0,"menu_order":283,"comment_status":"closed","ping_status":"closed","template":"","meta":{"_acf_changed":false,"footnotes":""},"class_list":["post-1481","page","type-page","status-publish","hentry"],"acf":false,"yoast_head":"<!-- This site is optimized with the Yoast SEO plugin v27.2 - https:\/\/yoast.com\/product\/yoast-seo-wordpress\/ -->\n<title>Superiortuba - LaSpa Laulasmaa<\/title>\n<meta name=\"robots\" content=\"index, follow, max-snippet:-1, max-image-preview:large, max-video-preview:-1\" \/>\n<link rel=\"canonical\" href=\"https:\/\/www.laspa.ee\/et\/superiortuba\/\" \/>\n<meta property=\"og:locale\" content=\"et_EE\" \/>\n<meta property=\"og:type\" content=\"article\" \/>\n<meta property=\"og:title\" content=\"Superiortuba - LaSpa Laulasmaa\" \/>\n<meta property=\"og:url\" content=\"https:\/\/www.laspa.ee\/et\/superiortuba\/\" \/>\n<meta property=\"og:site_name\" content=\"LaSpa Laulasmaa\" \/>\n<meta property=\"article:publisher\" content=\"https:\/\/www.facebook.com\/LaSpaLaulasmaa\" \/>\n<meta property=\"article:modified_time\" content=\"2026-04-13T13:44:47+00:00\" \/>\n<meta property=\"og:image\" content=\"https:\/\/www.laspa.ee\/wp-content\/uploads\/2024\/05\/Superior-tuba-mai-2024-9.jpg\" \/>\n\t<meta property=\"og:image:width\" content=\"1920\" \/>\n\t<meta property=\"og:image:height\" content=\"1212\" \/>\n\t<meta property=\"og:image:type\" content=\"image\/jpeg\" \/>\n<meta name=\"twitter:card\" content=\"summary_large_image\" \/>\n<meta name=\"twitter:label1\" content=\"Est. reading time\" \/>\n\t<meta name=\"twitter:data1\" content=\"3 minutit\" \/>\n<script type=\"application\/ld+json\" class=\"yoast-schema-graph\">{\"@context\":\"https:\/\/schema.org\",\"@graph\":[{\"@type\":\"WebPage\",\"@id\":\"https:\/\/www.laspa.ee\/et\/superiortuba\/\",\"url\":\"https:\/\/www.laspa.ee\/et\/superiortuba\/\",\"name\":\"Superiortuba - LaSpa Laulasmaa\",\"isPartOf\":{\"@id\":\"https:\/\/www.laspa.ee\/et\/#website\"},\"primaryImageOfPage\":{\"@id\":\"https:\/\/www.laspa.ee\/et\/superiortuba\/#primaryimage\"},\"image\":{\"@id\":\"https:\/\/www.laspa.ee\/et\/superiortuba\/#primaryimage\"},\"thumbnailUrl\":\"https:\/\/www.laspa.ee\/wp-content\/uploads\/2024\/05\/Superior-tuba-mai-2024-9.jpg\",\"datePublished\":\"2020-12-22T08:31:07+00:00\",\"dateModified\":\"2026-04-13T13:44:47+00:00\",\"breadcrumb\":{\"@id\":\"https:\/\/www.laspa.ee\/et\/superiortuba\/#breadcrumb\"},\"inLanguage\":\"et\",\"potentialAction\":[{\"@type\":\"ReadAction\",\"target\":[\"https:\/\/www.laspa.ee\/et\/superiortuba\/\"]}]},{\"@type\":\"ImageObject\",\"inLanguage\":\"et\",\"@id\":\"https:\/\/www.laspa.ee\/et\/superiortuba\/#primaryimage\",\"url\":\"https:\/\/www.laspa.ee\/wp-content\/uploads\/2024\/05\/Superior-tuba-mai-2024-9.jpg\",\"contentUrl\":\"https:\/\/www.laspa.ee\/wp-content\/uploads\/2024\/05\/Superior-tuba-mai-2024-9.jpg\"},{\"@type\":\"BreadcrumbList\",\"@id\":\"https:\/\/www.laspa.ee\/et\/superiortuba\/#breadcrumb\",\"itemListElement\":[{\"@type\":\"ListItem\",\"position\":1,\"name\":\"Home\",\"item\":\"https:\/\/www.laspa.ee\/et\/\"},{\"@type\":\"ListItem\",\"position\":2,\"name\":\"Superiortuba\"}]},{\"@type\":\"WebSite\",\"@id\":\"https:\/\/www.laspa.ee\/et\/#website\",\"url\":\"https:\/\/www.laspa.ee\/et\/\",\"name\":\"LaSpa Laulasmaa\",\"description\":\"Wellbeing by nature\",\"potentialAction\":[{\"@type\":\"SearchAction\",\"target\":{\"@type\":\"EntryPoint\",\"urlTemplate\":\"https:\/\/www.laspa.ee\/et\/?s={search_term_string}\"},\"query-input\":{\"@type\":\"PropertyValueSpecification\",\"valueRequired\":true,\"valueName\":\"search_term_string\"}}],\"inLanguage\":\"et\"}]}<\/script>\n<!-- \/ Yoast SEO plugin. -->","yoast_head_json":{"title":"Superiortuba - LaSpa Laulasmaa","robots":{"index":"index","follow":"follow","max-snippet":"max-snippet:-1","max-image-preview":"max-image-preview:large","max-video-preview":"max-video-preview:-1"},"canonical":"https:\/\/www.laspa.ee\/et\/superiortuba\/","og_locale":"et_EE","og_type":"article","og_title":"Superiortuba - LaSpa Laulasmaa","og_url":"https:\/\/www.laspa.ee\/et\/superiortuba\/","og_site_name":"LaSpa Laulasmaa","article_publisher":"https:\/\/www.facebook.com\/LaSpaLaulasmaa","article_modified_time":"2026-04-13T13:44:47+00:00","og_image":[{"width":1920,"height":1212,"url":"https:\/\/www.laspa.ee\/wp-content\/uploads\/2024\/05\/Superior-tuba-mai-2024-9.jpg","type":"image\/jpeg"}],"twitter_card":"summary_large_image","twitter_misc":{"Est. reading time":"3 minutit"},"schema":{"@context":"https:\/\/schema.org","@graph":[{"@type":"WebPage","@id":"https:\/\/www.laspa.ee\/et\/superiortuba\/","url":"https:\/\/www.laspa.ee\/et\/superiortuba\/","name":"Superiortuba - LaSpa Laulasmaa","isPartOf":{"@id":"https:\/\/www.laspa.ee\/et\/#website"},"primaryImageOfPage":{"@id":"https:\/\/www.laspa.ee\/et\/superiortuba\/#primaryimage"},"image":{"@id":"https:\/\/www.laspa.ee\/et\/superiortuba\/#primaryimage"},"thumbnailUrl":"https:\/\/www.laspa.ee\/wp-content\/uploads\/2024\/05\/Superior-tuba-mai-2024-9.jpg","datePublished":"2020-12-22T08:31:07+00:00","dateModified":"2026-04-13T13:44:47+00:00","breadcrumb":{"@id":"https:\/\/www.laspa.ee\/et\/superiortuba\/#breadcrumb"},"inLanguage":"et","potentialAction":[{"@type":"ReadAction","target":["https:\/\/www.laspa.ee\/et\/superiortuba\/"]}]},{"@type":"ImageObject","inLanguage":"et","@id":"https:\/\/www.laspa.ee\/et\/superiortuba\/#primaryimage","url":"https:\/\/www.laspa.ee\/wp-content\/uploads\/2024\/05\/Superior-tuba-mai-2024-9.jpg","contentUrl":"https:\/\/www.laspa.ee\/wp-content\/uploads\/2024\/05\/Superior-tuba-mai-2024-9.jpg"},{"@type":"BreadcrumbList","@id":"https:\/\/www.laspa.ee\/et\/superiortuba\/#breadcrumb","itemListElement":[{"@type":"ListItem","position":1,"name":"Home","item":"https:\/\/www.laspa.ee\/et\/"},{"@type":"ListItem","position":2,"name":"Superiortuba"}]},{"@type":"WebSite","@id":"https:\/\/www.laspa.ee\/et\/#website","url":"https:\/\/www.laspa.ee\/et\/","name":"LaSpa Laulasmaa","description":"Wellbeing by nature","potentialAction":[{"@type":"SearchAction","target":{"@type":"EntryPoint","urlTemplate":"https:\/\/www.laspa.ee\/et\/?s={search_term_string}"},"query-input":{"@type":"PropertyValueSpecification","valueRequired":true,"valueName":"search_term_string"}}],"inLanguage":"et"}]}},"_links":{"self":[{"href":"https:\/\/www.laspa.ee\/et\/wp-json\/wp\/v2\/pages\/1481","targetHints":{"allow":["GET"]}}],"collection":[{"href":"https:\/\/www.laspa.ee\/et\/wp-json\/wp\/v2\/pages"}],"about":[{"href":"https:\/\/www.laspa.ee\/et\/wp-json\/wp\/v2\/types\/page"}],"author":[{"embeddable":true,"href":"https:\/\/www.laspa.ee\/et\/wp-json\/wp\/v2\/users\/2"}],"replies":[{"embeddable":true,"href":"https:\/\/www.laspa.ee\/et\/wp-json\/wp\/v2\/comments?post=1481"}],"version-history":[{"count":20,"href":"https:\/\/www.laspa.ee\/et\/wp-json\/wp\/v2\/pages\/1481\/revisions"}],"predecessor-version":[{"id":21829,"href":"https:\/\/www.laspa.ee\/et\/wp-json\/wp\/v2\/pages\/1481\/revisions\/21829"}],"wp:attachment":[{"href":"https:\/\/www.laspa.ee\/et\/wp-json\/wp\/v2\/media?parent=1481"}],"curies":[{"name":"wp","href":"https:\/\/api.w.org\/{rel}","templated":true}]}}