{"id":1492,"date":"2020-12-22T11:17:49","date_gmt":"2020-12-22T09:17:49","guid":{"rendered":"https:\/\/www.laspa.ee\/suite\/"},"modified":"2026-04-13T16:17:58","modified_gmt":"2026-04-13T14:17:58","slug":"saunaga-sviit","status":"publish","type":"page","link":"https:\/\/www.laspa.ee\/et\/saunaga-sviit\/","title":{"rendered":"Sviit"},"content":{"rendered":"\n<div class=\"wp-block-cover alignfull\" style=\"min-height:313px;aspect-ratio:unset;\"><img loading=\"lazy\" decoding=\"async\" width=\"2048\" height=\"1536\" class=\"wp-block-cover__image-background wp-image-19428\" alt=\"\" src=\"https:\/\/www.laspa.ee\/wp-content\/uploads\/2024\/11\/Sviit2024_7.jpg\" data-object-fit=\"cover\" srcset=\"https:\/\/www.laspa.ee\/wp-content\/uploads\/2024\/11\/Sviit2024_7.jpg 2048w, https:\/\/www.laspa.ee\/wp-content\/uploads\/2024\/11\/Sviit2024_7-300x225.jpg 300w, https:\/\/www.laspa.ee\/wp-content\/uploads\/2024\/11\/Sviit2024_7-1150x863.jpg 1150w, https:\/\/www.laspa.ee\/wp-content\/uploads\/2024\/11\/Sviit2024_7-768x576.jpg 768w, https:\/\/www.laspa.ee\/wp-content\/uploads\/2024\/11\/Sviit2024_7-1536x1152.jpg 1536w, https:\/\/www.laspa.ee\/wp-content\/uploads\/2024\/11\/Sviit2024_7-800x600.jpg 800w\" sizes=\"auto, (max-width: 2048px) 100vw, 2048px\" \/><span aria-hidden=\"true\" class=\"wp-block-cover__background has-black-background-color has-background-dim-20 has-background-dim\"><\/span><div class=\"wp-block-cover__inner-container is-layout-flow wp-block-cover-is-layout-flow\">\n<h1 class=\"wp-block-heading has-text-align-center has-white-color has-text-color\" id=\"saunaga-sviit\">Saunaga sviit<\/h1>\n<\/div><\/div>\n\n\n\n<div class=\"wp-block-edhotels-text-gallery custom-twin-cols\">\n<div class=\"wp-block-columns is-layout-flex wp-container-corecolumns-is-layout-9d6595d7 wp-block-columns-is-layout-flex\">\n<div class=\"wp-block-column is-vertically-aligned-center text-block is-layout-flow wp-block-column-is-layout-flow\">\n<p><\/p>\n\n\n\n<h3 class=\"wp-block-heading\" id=\"saunaga-sviit-on-sobilik-kahele-taiskasvanule-ja-kahele-kuni-14-aastasele-lapsele-sviit-on-suurusega-60m2\">Saunaga sviit on sobilik kahele t\u00e4iskasvanule ja kahele kuni 14-aastasele lapsele. Sviit on suurusega 60m<sup>2<\/sup>.<\/h3>\n\n\n\n<p>Sviidis on avar elutuba koos lahtik\u00e4iva diivaniga, magamistuba, saun, du\u0161inurk ja vann. &nbsp;Tuppa saab lisada \u00fche lisavoodi. Saabudes ootab teid toas pudelivesi.<\/p>\n\n\n\n<div class=\"wp-block-buttons is-layout-flex wp-block-buttons-is-layout-flex\">\n<div class=\"wp-block-button is-style-outline is-style-outline--1\"><a class=\"wp-block-button__link wp-element-button\" href=\"https:\/\/bouk.io\/booking\/laspa\/323\/rooms?language=et&amp;adults=2&amp;roomId=1683\">BRONEERI KOHE<\/a><\/div>\n<\/div>\n\n\n\n<p><\/p>\n<\/div>\n\n\n\n<div class=\"wp-block-column is-vertically-aligned-top image-block is-layout-flow wp-block-column-is-layout-flow\">\n<figure class=\"wp-block-gallery has-nested-images columns-default is-cropped wp-block-gallery-2 is-layout-flex wp-block-gallery-is-layout-flex\">\n<figure class=\"wp-block-image size-large\"><a href=\"https:\/\/www.laspa.ee\/wp-content\/uploads\/2024\/11\/Sviit2024_7.jpg\"><img loading=\"lazy\" decoding=\"async\" width=\"1150\" height=\"863\" data-id=\"19428\" src=\"https:\/\/www.laspa.ee\/wp-content\/uploads\/2024\/11\/Sviit2024_7-1150x863.jpg\" alt=\"\" class=\"wp-image-19428\" srcset=\"https:\/\/www.laspa.ee\/wp-content\/uploads\/2024\/11\/Sviit2024_7-1150x863.jpg 1150w, https:\/\/www.laspa.ee\/wp-content\/uploads\/2024\/11\/Sviit2024_7-300x225.jpg 300w, https:\/\/www.laspa.ee\/wp-content\/uploads\/2024\/11\/Sviit2024_7-768x576.jpg 768w, https:\/\/www.laspa.ee\/wp-content\/uploads\/2024\/11\/Sviit2024_7-1536x1152.jpg 1536w, https:\/\/www.laspa.ee\/wp-content\/uploads\/2024\/11\/Sviit2024_7-800x600.jpg 800w, https:\/\/www.laspa.ee\/wp-content\/uploads\/2024\/11\/Sviit2024_7.jpg 2048w\" sizes=\"auto, (max-width: 1150px) 100vw, 1150px\" \/><\/a><\/figure>\n\n\n\n<figure class=\"wp-block-image size-large\"><a href=\"https:\/\/www.laspa.ee\/wp-content\/uploads\/2023\/07\/Sviit-6.jpg\"><img loading=\"lazy\" decoding=\"async\" width=\"1150\" height=\"863\" data-id=\"15345\" src=\"https:\/\/www.laspa.ee\/wp-content\/uploads\/2023\/07\/Sviit-6-1150x863.jpg\" alt=\"LaSpa Laulasmaa saunaga sviit\" class=\"wp-image-15345\" srcset=\"https:\/\/www.laspa.ee\/wp-content\/uploads\/2023\/07\/Sviit-6-1150x863.jpg 1150w, https:\/\/www.laspa.ee\/wp-content\/uploads\/2023\/07\/Sviit-6-300x225.jpg 300w, https:\/\/www.laspa.ee\/wp-content\/uploads\/2023\/07\/Sviit-6-768x576.jpg 768w, https:\/\/www.laspa.ee\/wp-content\/uploads\/2023\/07\/Sviit-6-1536x1152.jpg 1536w, https:\/\/www.laspa.ee\/wp-content\/uploads\/2023\/07\/Sviit-6-800x600.jpg 800w, https:\/\/www.laspa.ee\/wp-content\/uploads\/2023\/07\/Sviit-6.jpg 2048w\" sizes=\"auto, (max-width: 1150px) 100vw, 1150px\" \/><\/a><\/figure>\n\n\n\n<figure class=\"wp-block-image size-large\"><a href=\"https:\/\/www.laspa.ee\/wp-content\/uploads\/2026\/04\/suite-summer.jpg\"><img loading=\"lazy\" decoding=\"async\" width=\"1150\" height=\"647\" data-id=\"21855\" src=\"https:\/\/www.laspa.ee\/wp-content\/uploads\/2026\/04\/suite-summer-1150x647.jpg\" alt=\"LaSpa suite living area with mustard sofa, minimalist Nordic interior, soft light, wooden details and calm atmosphere\" class=\"wp-image-21855\" srcset=\"https:\/\/www.laspa.ee\/wp-content\/uploads\/2026\/04\/suite-summer-1150x647.jpg 1150w, https:\/\/www.laspa.ee\/wp-content\/uploads\/2026\/04\/suite-summer-300x169.jpg 300w, https:\/\/www.laspa.ee\/wp-content\/uploads\/2026\/04\/suite-summer-768x432.jpg 768w, https:\/\/www.laspa.ee\/wp-content\/uploads\/2026\/04\/suite-summer-1536x864.jpg 1536w, https:\/\/www.laspa.ee\/wp-content\/uploads\/2026\/04\/suite-summer-800x450.jpg 800w, https:\/\/www.laspa.ee\/wp-content\/uploads\/2026\/04\/suite-summer.jpg 2048w\" sizes=\"auto, (max-width: 1150px) 100vw, 1150px\" \/><\/a><\/figure>\n\n\n\n<figure class=\"wp-block-image size-full\"><a href=\"https:\/\/www.laspa.ee\/wp-content\/uploads\/2026\/04\/suite-summer-2.jpg\"><img loading=\"lazy\" decoding=\"async\" width=\"2048\" height=\"1152\" data-id=\"21811\" src=\"https:\/\/www.laspa.ee\/wp-content\/uploads\/2026\/04\/suite-summer-2.jpg\" alt=\"LaSpa suite with yellow lounge chairs by large window, balcony and sea view, soft natural light and calm Nordic interior\" class=\"wp-image-21811\" srcset=\"https:\/\/www.laspa.ee\/wp-content\/uploads\/2026\/04\/suite-summer-2.jpg 2048w, https:\/\/www.laspa.ee\/wp-content\/uploads\/2026\/04\/suite-summer-2-300x169.jpg 300w, https:\/\/www.laspa.ee\/wp-content\/uploads\/2026\/04\/suite-summer-2-1150x647.jpg 1150w, https:\/\/www.laspa.ee\/wp-content\/uploads\/2026\/04\/suite-summer-2-768x432.jpg 768w, https:\/\/www.laspa.ee\/wp-content\/uploads\/2026\/04\/suite-summer-2-1536x864.jpg 1536w, https:\/\/www.laspa.ee\/wp-content\/uploads\/2026\/04\/suite-summer-2-800x450.jpg 800w\" sizes=\"auto, (max-width: 2048px) 100vw, 2048px\" \/><\/a><\/figure>\n<\/figure>\n<\/div>\n<\/div>\n\n\n\n<h3 class=\"wp-block-heading alignwide has-text-align-center\" id=\"mugavused-toas\">Toa hinnas sisaldub<\/h3>\n<\/div>\n\n\n\n<div class=\"wp-block-columns alignfull is-layout-flex wp-container-corecolumns-is-layout-9d6595d7 wp-block-columns-is-layout-flex\">\n<div class=\"wp-block-column is-layout-flow wp-block-column-is-layout-flow\" style=\"flex-basis:100%\">\n<ul class=\"wp-block-list\">\n<li>Piiramatu vee- ja saunakeskuse kasutus majutusperioodi ajal (avatud iga p\u00e4ev 09:00 &#8211; 22:00)<\/li>\n\n\n\n<li>Rikkalik buffet hommikus\u00f6\u00f6k meie merevaatega restoranis K\u00e4bi  (E-R 07:00 \u2013 10:00 L-P 07:30 \u2013 11:00)<\/li>\n\n\n\n<li>Meie kaasaegse j\u00f5usaali tasuta kasutamine (avatud 24h) <\/li>\n\n\n\n<li>Tasuta osalemine meie treeningutes ja joogas (<a href=\"https:\/\/www.laspa.ee\/et\/laulasmaa-tegevused\/\">vastavalt ajakavale<\/a>) <\/li>\n\n\n\n<li>Sisseregistreerimine 15:00 ja v\u00e4ljaregistreerimine 12:00<\/li>\n<\/ul>\n<\/div>\n<\/div>\n\n\n\n<h1 class=\"wp-block-heading alignwide has-text-align-center\" id=\"mugavused-toas\">Mugavused toas<\/h1>\n\n\n\n<div class=\"wp-block-columns alignfull is-layout-flex wp-container-corecolumns-is-layout-9d6595d7 wp-block-columns-is-layout-flex\">\n<div class=\"wp-block-column is-layout-flow wp-block-column-is-layout-flow\" style=\"flex-basis:50%\">\n<ul class=\"wp-block-list\">\n<li>Privaatne r\u00f5du p\u00e4evitustoolidega<\/li>\n\n\n\n<li>Toad on varustatud konditsioneeriga, kuid see ei pruugi tagada sobivat temperatuuri ekstreemsetel kuumaperioodidel.<\/li>\n\n\n\n<li>Kohvi ja tee valmistamise v\u00f5imalus<\/li>\n\n\n\n<li>Nespresso kohvimasin<\/li>\n\n\n\n<li>Saabudes pudelivesi<\/li>\n<\/ul>\n<\/div>\n\n\n\n<div class=\"wp-block-column is-layout-flow wp-block-column-is-layout-flow\" style=\"flex-basis:50%\">\n<ul class=\"wp-block-list\">\n<li>\u00dcks kaheinimese voodi<\/li>\n\n\n\n<li>Hommikumantlid ja sussid<\/li>\n\n\n\n<li>H\u00fcgieenitarbed ja f\u00f6\u00f6n<\/li>\n\n\n\n<li>K\u00fclmik<\/li>\n\n\n\n<li>Televiisor<\/li>\n\n\n\n<li>Tasuta internet<\/li>\n\n\n\n<li>Tasuta parkimine <\/li>\n<\/ul>\n<\/div>\n<\/div>\n\n\n\n<div class=\"custom-twin-cols\"><div class=\"wp-block-columns has-2-columns\"><div class=\"wp-block-column text-block\">\n<h2 class=\"wp-block-heading alignwide\" id=\"laulasmaal-on-heaolu-koikjal-meie-umber\">Laulasmaal olles proovi kindlasti<\/h2>\n\n\n\n<p>Hellita ennast Naudi LaSpa heaolsupaa hoolitsusega ning l\u00f5\u00f5gastu peale hoolitsust kamina ees v\u00e4rskendavat teed juues. <a href=\"https:\/\/www.laspa.ee\/et\/naudi-spaa\/koik\/\">Broneeri hoolitsus siin. <\/a><\/p>\n\n\n\n<p>Naudi jalutusk\u00e4ike Laulasmaa rannas v\u00f5i m\u00e4nnimetsas. Uju meres, mine jooksma v\u00f5i rattaga s\u00f5itma. Vaata kuidas p\u00e4ike loojub \u00fcle horisondi. Hoia k\u00e4test kinni. Proovi joogat ja mediteerimist \u2013 isegi siis kui see on esimest korda sinu elus. Treeni meie j\u00f5usaalis v\u00f5i m\u00e4ngi piljardid v\u00f5i disc golfi. Proovi meie NAUDI LaSpa massaa\u017ee ja hoolitsusi. See on siin olles lausa kohustuslik! See meeldib sulle kindlasti. M\u00e4ngi golfi. Surfa. Supita. Naudi Angelica Udek\u00fclli v\u00f5rratut toitu.<br>Ning l\u00f5petuseks l\u00f5dvestu ning maga, see on hea tervise alustala.<\/p>\n<\/div><div class=\"wp-block-column image-block\" data-pos=\"right\"><div class=\"wp-block-column\"><figure class=\"wp-block-image\"><img decoding=\"async\" src=\"https:\/\/www.laspa.ee\/wp-content\/uploads\/2021\/02\/laulasmaa_nature_walking_trail-1150x863.jpg\" alt=\"Laulasmaa I Matkarajad\"\/><\/figure><\/div><\/div><\/div><\/div>\n\n\n\n<div class=\"wp-block-webfactory-map alignfull google-map-edhotels\"><div class=\"wp-block-webfactory-map\"><\/div><\/div>\n\n\n\n<p><\/p>\n","protected":false},"excerpt":{"rendered":"<p>Mugavused toas<\/p>\n","protected":false},"author":2,"featured_media":0,"parent":0,"menu_order":267,"comment_status":"closed","ping_status":"closed","template":"","meta":{"_acf_changed":false,"footnotes":""},"class_list":["post-1492","page","type-page","status-publish","hentry"],"acf":false,"yoast_head":"<!-- This site is optimized with the Yoast SEO plugin v27.4 - https:\/\/yoast.com\/product\/yoast-seo-wordpress\/ -->\n<title>Sviit - LaSpa Laulasmaa<\/title>\n<meta name=\"robots\" content=\"index, follow, max-snippet:-1, max-image-preview:large, max-video-preview:-1\" \/>\n<link rel=\"canonical\" href=\"https:\/\/www.laspa.ee\/et\/saunaga-sviit\/\" \/>\n<meta property=\"og:locale\" content=\"et_EE\" \/>\n<meta property=\"og:type\" content=\"article\" \/>\n<meta property=\"og:title\" content=\"Sviit - LaSpa Laulasmaa\" \/>\n<meta property=\"og:description\" content=\"Mugavused toas\" \/>\n<meta property=\"og:url\" content=\"https:\/\/www.laspa.ee\/et\/saunaga-sviit\/\" \/>\n<meta property=\"og:site_name\" content=\"LaSpa Laulasmaa\" \/>\n<meta property=\"article:publisher\" content=\"https:\/\/www.facebook.com\/LaSpaLaulasmaa\" \/>\n<meta property=\"article:modified_time\" content=\"2026-04-13T14:17:58+00:00\" \/>\n<meta property=\"og:image\" content=\"https:\/\/www.laspa.ee\/wp-content\/uploads\/2024\/11\/Sviit2024_7.jpg\" \/>\n\t<meta property=\"og:image:width\" content=\"2048\" \/>\n\t<meta property=\"og:image:height\" content=\"1536\" \/>\n\t<meta property=\"og:image:type\" content=\"image\/jpeg\" \/>\n<meta name=\"twitter:card\" content=\"summary_large_image\" \/>\n<meta name=\"twitter:label1\" content=\"Est. reading time\" \/>\n\t<meta name=\"twitter:data1\" content=\"3 minutit\" \/>\n<script type=\"application\/ld+json\" class=\"yoast-schema-graph\">{\"@context\":\"https:\\\/\\\/schema.org\",\"@graph\":[{\"@type\":\"WebPage\",\"@id\":\"https:\\\/\\\/www.laspa.ee\\\/et\\\/saunaga-sviit\\\/\",\"url\":\"https:\\\/\\\/www.laspa.ee\\\/et\\\/saunaga-sviit\\\/\",\"name\":\"Sviit - LaSpa Laulasmaa\",\"isPartOf\":{\"@id\":\"https:\\\/\\\/www.laspa.ee\\\/et\\\/#website\"},\"primaryImageOfPage\":{\"@id\":\"https:\\\/\\\/www.laspa.ee\\\/et\\\/saunaga-sviit\\\/#primaryimage\"},\"image\":{\"@id\":\"https:\\\/\\\/www.laspa.ee\\\/et\\\/saunaga-sviit\\\/#primaryimage\"},\"thumbnailUrl\":\"https:\\\/\\\/www.laspa.ee\\\/wp-content\\\/uploads\\\/2024\\\/11\\\/Sviit2024_7.jpg\",\"datePublished\":\"2020-12-22T09:17:49+00:00\",\"dateModified\":\"2026-04-13T14:17:58+00:00\",\"breadcrumb\":{\"@id\":\"https:\\\/\\\/www.laspa.ee\\\/et\\\/saunaga-sviit\\\/#breadcrumb\"},\"inLanguage\":\"et\",\"potentialAction\":[{\"@type\":\"ReadAction\",\"target\":[\"https:\\\/\\\/www.laspa.ee\\\/et\\\/saunaga-sviit\\\/\"]}]},{\"@type\":\"ImageObject\",\"inLanguage\":\"et\",\"@id\":\"https:\\\/\\\/www.laspa.ee\\\/et\\\/saunaga-sviit\\\/#primaryimage\",\"url\":\"https:\\\/\\\/www.laspa.ee\\\/wp-content\\\/uploads\\\/2024\\\/11\\\/Sviit2024_7.jpg\",\"contentUrl\":\"https:\\\/\\\/www.laspa.ee\\\/wp-content\\\/uploads\\\/2024\\\/11\\\/Sviit2024_7.jpg\"},{\"@type\":\"BreadcrumbList\",\"@id\":\"https:\\\/\\\/www.laspa.ee\\\/et\\\/saunaga-sviit\\\/#breadcrumb\",\"itemListElement\":[{\"@type\":\"ListItem\",\"position\":1,\"name\":\"Home\",\"item\":\"https:\\\/\\\/www.laspa.ee\\\/et\\\/\"},{\"@type\":\"ListItem\",\"position\":2,\"name\":\"Sviit\"}]},{\"@type\":\"WebSite\",\"@id\":\"https:\\\/\\\/www.laspa.ee\\\/et\\\/#website\",\"url\":\"https:\\\/\\\/www.laspa.ee\\\/et\\\/\",\"name\":\"LaSpa Laulasmaa\",\"description\":\"Wellbeing by nature\",\"potentialAction\":[{\"@type\":\"SearchAction\",\"target\":{\"@type\":\"EntryPoint\",\"urlTemplate\":\"https:\\\/\\\/www.laspa.ee\\\/et\\\/?s={search_term_string}\"},\"query-input\":{\"@type\":\"PropertyValueSpecification\",\"valueRequired\":true,\"valueName\":\"search_term_string\"}}],\"inLanguage\":\"et\"}]}<\/script>\n<!-- \/ Yoast SEO plugin. -->","yoast_head_json":{"title":"Sviit - LaSpa Laulasmaa","robots":{"index":"index","follow":"follow","max-snippet":"max-snippet:-1","max-image-preview":"max-image-preview:large","max-video-preview":"max-video-preview:-1"},"canonical":"https:\/\/www.laspa.ee\/et\/saunaga-sviit\/","og_locale":"et_EE","og_type":"article","og_title":"Sviit - LaSpa Laulasmaa","og_description":"Mugavused toas","og_url":"https:\/\/www.laspa.ee\/et\/saunaga-sviit\/","og_site_name":"LaSpa Laulasmaa","article_publisher":"https:\/\/www.facebook.com\/LaSpaLaulasmaa","article_modified_time":"2026-04-13T14:17:58+00:00","og_image":[{"width":2048,"height":1536,"url":"https:\/\/www.laspa.ee\/wp-content\/uploads\/2024\/11\/Sviit2024_7.jpg","type":"image\/jpeg"}],"twitter_card":"summary_large_image","twitter_misc":{"Est. reading time":"3 minutit"},"schema":{"@context":"https:\/\/schema.org","@graph":[{"@type":"WebPage","@id":"https:\/\/www.laspa.ee\/et\/saunaga-sviit\/","url":"https:\/\/www.laspa.ee\/et\/saunaga-sviit\/","name":"Sviit - LaSpa Laulasmaa","isPartOf":{"@id":"https:\/\/www.laspa.ee\/et\/#website"},"primaryImageOfPage":{"@id":"https:\/\/www.laspa.ee\/et\/saunaga-sviit\/#primaryimage"},"image":{"@id":"https:\/\/www.laspa.ee\/et\/saunaga-sviit\/#primaryimage"},"thumbnailUrl":"https:\/\/www.laspa.ee\/wp-content\/uploads\/2024\/11\/Sviit2024_7.jpg","datePublished":"2020-12-22T09:17:49+00:00","dateModified":"2026-04-13T14:17:58+00:00","breadcrumb":{"@id":"https:\/\/www.laspa.ee\/et\/saunaga-sviit\/#breadcrumb"},"inLanguage":"et","potentialAction":[{"@type":"ReadAction","target":["https:\/\/www.laspa.ee\/et\/saunaga-sviit\/"]}]},{"@type":"ImageObject","inLanguage":"et","@id":"https:\/\/www.laspa.ee\/et\/saunaga-sviit\/#primaryimage","url":"https:\/\/www.laspa.ee\/wp-content\/uploads\/2024\/11\/Sviit2024_7.jpg","contentUrl":"https:\/\/www.laspa.ee\/wp-content\/uploads\/2024\/11\/Sviit2024_7.jpg"},{"@type":"BreadcrumbList","@id":"https:\/\/www.laspa.ee\/et\/saunaga-sviit\/#breadcrumb","itemListElement":[{"@type":"ListItem","position":1,"name":"Home","item":"https:\/\/www.laspa.ee\/et\/"},{"@type":"ListItem","position":2,"name":"Sviit"}]},{"@type":"WebSite","@id":"https:\/\/www.laspa.ee\/et\/#website","url":"https:\/\/www.laspa.ee\/et\/","name":"LaSpa Laulasmaa","description":"Wellbeing by nature","potentialAction":[{"@type":"SearchAction","target":{"@type":"EntryPoint","urlTemplate":"https:\/\/www.laspa.ee\/et\/?s={search_term_string}"},"query-input":{"@type":"PropertyValueSpecification","valueRequired":true,"valueName":"search_term_string"}}],"inLanguage":"et"}]}},"_links":{"self":[{"href":"https:\/\/www.laspa.ee\/et\/wp-json\/wp\/v2\/pages\/1492","targetHints":{"allow":["GET"]}}],"collection":[{"href":"https:\/\/www.laspa.ee\/et\/wp-json\/wp\/v2\/pages"}],"about":[{"href":"https:\/\/www.laspa.ee\/et\/wp-json\/wp\/v2\/types\/page"}],"author":[{"embeddable":true,"href":"https:\/\/www.laspa.ee\/et\/wp-json\/wp\/v2\/users\/2"}],"replies":[{"embeddable":true,"href":"https:\/\/www.laspa.ee\/et\/wp-json\/wp\/v2\/comments?post=1492"}],"version-history":[{"count":19,"href":"https:\/\/www.laspa.ee\/et\/wp-json\/wp\/v2\/pages\/1492\/revisions"}],"predecessor-version":[{"id":21859,"href":"https:\/\/www.laspa.ee\/et\/wp-json\/wp\/v2\/pages\/1492\/revisions\/21859"}],"wp:attachment":[{"href":"https:\/\/www.laspa.ee\/et\/wp-json\/wp\/v2\/media?parent=1492"}],"curies":[{"name":"wp","href":"https:\/\/api.w.org\/{rel}","templated":true}]}}