{"id":14945,"date":"2023-06-14T08:07:48","date_gmt":"2023-06-14T06:07:48","guid":{"rendered":"https:\/\/www.laspa.ee\/?page_id=14945"},"modified":"2025-09-18T17:28:21","modified_gmt":"2025-09-18T15:28:21","slug":"teenindaja","status":"publish","type":"page","link":"https:\/\/www.laspa.ee\/et\/teenindaja\/","title":{"rendered":"Toitlustusteenindaja"},"content":{"rendered":"\n<div class=\"wp-block-cover alignfull\"><img loading=\"lazy\" decoding=\"async\" width=\"863\" height=\"1150\" class=\"wp-block-cover__image-background wp-image-19958 size-large\" alt=\"\" src=\"https:\/\/www.laspa.ee\/wp-content\/uploads\/2025\/02\/rerterte-863x1150.jpg\" style=\"object-position:76% 30%\" data-object-fit=\"cover\" data-object-position=\"76% 30%\" srcset=\"https:\/\/www.laspa.ee\/wp-content\/uploads\/2025\/02\/rerterte-863x1150.jpg 863w, https:\/\/www.laspa.ee\/wp-content\/uploads\/2025\/02\/rerterte-225x300.jpg 225w, https:\/\/www.laspa.ee\/wp-content\/uploads\/2025\/02\/rerterte-768x1024.jpg 768w, https:\/\/www.laspa.ee\/wp-content\/uploads\/2025\/02\/rerterte-1152x1536.jpg 1152w, https:\/\/www.laspa.ee\/wp-content\/uploads\/2025\/02\/rerterte-800x1067.jpg 800w, https:\/\/www.laspa.ee\/wp-content\/uploads\/2025\/02\/rerterte.jpg 1536w\" sizes=\"auto, (max-width: 863px) 100vw, 863px\" \/><span aria-hidden=\"true\" class=\"wp-block-cover__background has-strong-grey-background-color has-background-dim-30 has-background-dim\"><\/span><div class=\"wp-block-cover__inner-container is-layout-flow wp-block-cover-is-layout-flow\">\n<p class=\"has-text-align-center has-white-color has-text-color has-large-font-size\">Restoranide Wicca ja Liiv toitlustusteenindaja<\/p>\n<\/div><\/div>\n\n\n\n<div class=\"wp-block-columns alignwide is-layout-flex wp-container-corecolumns-is-layout-9d6595d7 wp-block-columns-is-layout-flex\">\n<div class=\"wp-block-column is-layout-flow wp-block-column-is-layout-flow\">\n<h2 class=\"wp-block-heading\" id=\"toitlustusteenindaja\">Liitu LaSpa restoranide teenindusmeeskonnaga!<\/h2>\n\n\n\n<p>Otsime ametialaste oskustega s\u00e4ravat teenindajat, kes liituks meie tunnustatud restoranide meeskonnaga. &nbsp;<\/p>\n\n\n\n<p>Kui k\u00fclalislahkus ei ole Sulle v\u00f5\u00f5ras ja oled p\u00fchendunud suurep\u00e4rase klienditeeninduse pakkumisele, on see v\u00f5imalus Sinu jaoks!<\/p>\n\n\n\n<ul class=\"wp-block-list\">\n<li>Sulle meeldib pakkuda parimat k\u00fclastuskogemust ja avatud suhtumisega k\u00fclalislahkust.<\/li>\n\n\n\n<li>Sulle meeldib tempokas ja vaheldusrikas t\u00f6\u00f6 ning pidev eneseareng.<\/li>\n\n\n\n<li>Oskad hinnata kvaliteetset toitu ja jooki ning soovid oma teadmisi jagada k\u00fclalistele.<\/li>\n\n\n\n<li>Meie t\u00f6\u00f6s on oluline, et r\u00e4\u00e4gid eesti keelt ja inglise keelt v\u00f5i m\u00f5nda muud levinud v\u00f5\u00f5rkeelt.<\/li>\n\n\n\n<li>Oled meeskonnam\u00e4ngija, hea suhtleja ning positiivse ellusuhtumisega, pead lugu klientidest ja oma kolleegidest.<\/li>\n\n\n\n<li>Suureks plussiks on eelnev restorani klienditeenindaja t\u00f6\u00f6kogemus, kuid hakkaja algaja v\u00f5tame ka heameelega vastu.<\/li>\n\n\n\n<li>Pakume merevaatega t\u00f6\u00f6kohta, paindlikku t\u00f6\u00f6aega, v\u00f5imalust t\u00f6\u00f6tada \u00f5htuti, n\u00e4dalavahetustel ja p\u00fchadel.<\/li>\n\n\n\n<li>V\u00f5imalust pidevalt oma erialaseid teadmisi t\u00e4iendada l\u00e4bi rohkete tootekoolituste.<\/li>\n\n\n\n<li>Kaugemalt tulijatele majutust t\u00f6\u00f6vahetuse ajaks<\/li>\n\n\n\n<li>Omat\u00f6\u00f6tajatele ja nende pereliikmetele on m\u00f5eldud soodustused k\u00f5igilt meie teenustelt, sealhulgas tasuta vee- ja saunakeskuse ning j\u00f5usaali kasutus.<\/li>\n\n\n\n<li>Peame meeles t\u00f6\u00f6tajate olulisi t\u00e4htp\u00e4evi (t\u00f6\u00f6juubelid, lapse s\u00fcnd, koolitee algus jne).<\/li>\n\n\n\n<li>LaSpa on suur ja d\u00fcnaamiline ettev\u00f5te ning meie juures on Sul v\u00f5imalik ametialaselt areneda ja kasvada.<\/li>\n<\/ul>\n\n\n\n<p>Pakume brutopalka vahemikus 1200\u20131400 eurot, s\u00f5ltuvalt kandidaadi kvalifikatsioonist ja kogemusest<\/p>\n\n\n\n<p><br>Lisainfot k\u00fcsi meie teenindusjuhilt Raul Sisal\u2019lt telefonil 56945949.<\/p>\n\n\n\n<p>Kandideerimiseks saada oma CV ja l\u00fchike kogemuste kirjeldus e-mailile personal@laspa.ee.<\/p>\n\n\n\n<p>Tere tulemast meie heaolumaailma looduse keskel, kus oleme p\u00fchendunud oma k\u00fclalistele erakordsete elamuste pakkumisele ja unustamatute m\u00e4lestuste loomisele.<\/p>\n<\/div>\n<\/div>\n\n\n\n<div class=\"wp-block-edhotels-gallery custom-grid-gallery\"><div class=\"grid lightgallery\"><div data-src=\"https:\/\/www.laspa.ee\/wp-content\/uploads\/2024\/07\/image00012-scaled.jpeg\" class=\"grid-item\"><img decoding=\"async\" src=\"https:\/\/www.laspa.ee\/wp-content\/uploads\/2024\/07\/image00012-863x1150.jpeg\" alt=\"\" data-id=\"18609\"\/><\/div><div data-src=\"https:\/\/www.laspa.ee\/wp-content\/uploads\/2024\/07\/image00023-scaled.jpeg\" class=\"grid-item\"><img decoding=\"async\" src=\"https:\/\/www.laspa.ee\/wp-content\/uploads\/2024\/07\/image00023-863x1150.jpeg\" alt=\"\" data-id=\"18637\"\/><\/div><div data-src=\"https:\/\/www.laspa.ee\/wp-content\/uploads\/2024\/05\/IMGC8386_fullsize_fotograaf.lauri_.laan2_-scaled.jpg\" class=\"grid-item\"><img decoding=\"async\" src=\"https:\/\/www.laspa.ee\/wp-content\/uploads\/2024\/05\/IMGC8386_fullsize_fotograaf.lauri_.laan2_-1150x767.jpg\" alt=\"Restoran Wicca brunch\" data-id=\"18269\"\/><\/div><div data-src=\"https:\/\/www.laspa.ee\/wp-content\/uploads\/2025\/06\/MICHELIN-2025_Selected_E-label-scaled.png\" class=\"grid-item\"><img decoding=\"async\" src=\"https:\/\/www.laspa.ee\/wp-content\/uploads\/2025\/06\/MICHELIN-2025_Selected_E-label-1150x1150.png\" alt=\"\" data-id=\"20482\"\/><\/div><div data-src=\"https:\/\/www.laspa.ee\/wp-content\/uploads\/2024\/07\/image00060-scaled.jpeg\" class=\"grid-item\"><img decoding=\"async\" src=\"https:\/\/www.laspa.ee\/wp-content\/uploads\/2024\/07\/image00060-863x1150.jpeg\" alt=\"\" data-id=\"18640\"\/><\/div><div data-src=\"https:\/\/www.laspa.ee\/wp-content\/uploads\/2022\/10\/310905494_830356394814917_3011285191734950579_njkk-scaled.jpg\" class=\"grid-item\"><img decoding=\"async\" src=\"https:\/\/www.laspa.ee\/wp-content\/uploads\/2022\/10\/310905494_830356394814917_3011285191734950579_njkk-1150x720.jpg\" alt=\"\" data-id=\"12094\"\/><\/div><div data-src=\"https:\/\/www.laspa.ee\/wp-content\/uploads\/2024\/11\/IMGL3990_websize_fotograaf.lauri_.laan_.jpg\" class=\"grid-item\"><img decoding=\"async\" src=\"https:\/\/www.laspa.ee\/wp-content\/uploads\/2024\/11\/IMGL3990_websize_fotograaf.lauri_.laan_-1150x767.jpg\" alt=\"\" data-id=\"19355\"\/><\/div><div data-src=\"https:\/\/www.laspa.ee\/wp-content\/uploads\/2023\/06\/347437665_6615086535177647_6122155207865454499_n.jpg\" class=\"grid-item\"><img decoding=\"async\" src=\"https:\/\/www.laspa.ee\/wp-content\/uploads\/2023\/06\/347437665_6615086535177647_6122155207865454499_n-1150x863.jpg\" alt=\"\" data-id=\"15014\"\/><\/div><div data-src=\"https:\/\/www.laspa.ee\/wp-content\/uploads\/2024\/02\/349533438_262659676293557_3425669088452120921_n.jpg\" class=\"grid-item\"><img decoding=\"async\" src=\"https:\/\/www.laspa.ee\/wp-content\/uploads\/2024\/02\/349533438_262659676293557_3425669088452120921_n-1150x766.jpg\" alt=\"\" data-id=\"17547\"\/><\/div><div data-src=\"https:\/\/www.laspa.ee\/wp-content\/uploads\/2022\/09\/kololaolaok.jpg\" class=\"grid-item\"><img decoding=\"async\" src=\"https:\/\/www.laspa.ee\/wp-content\/uploads\/2022\/09\/kololaolaok-1150x863.jpg\" alt=\"\" data-id=\"17717\"\/><\/div><div data-src=\"https:\/\/www.laspa.ee\/wp-content\/uploads\/2023\/06\/l-hdrr.jpg\" class=\"grid-item\"><img decoding=\"async\" src=\"https:\/\/www.laspa.ee\/wp-content\/uploads\/2023\/06\/l-hdrr-1150x863.jpg\" alt=\"\" data-id=\"15011\"\/><\/div><div data-src=\"https:\/\/www.laspa.ee\/wp-content\/uploads\/2024\/08\/LaSpa_rannamajaVEEB_72dpi_IMGL5824-Edit-scaled.jpg\" class=\"grid-item\"><img decoding=\"async\" src=\"https:\/\/www.laspa.ee\/wp-content\/uploads\/2024\/08\/LaSpa_rannamajaVEEB_72dpi_IMGL5824-Edit-1150x767.jpg\" alt=\"\" data-id=\"18741\"\/><\/div><div data-src=\"https:\/\/www.laspa.ee\/wp-content\/uploads\/2024\/07\/image00053-scaled.jpeg\" class=\"grid-item\"><img decoding=\"async\" src=\"https:\/\/www.laspa.ee\/wp-content\/uploads\/2024\/07\/image00053-1150x863.jpeg\" alt=\"\" data-id=\"18646\"\/><\/div><div data-src=\"https:\/\/www.laspa.ee\/wp-content\/uploads\/2024\/07\/image00042-scaled-e1720446374476.jpeg\" class=\"grid-item\"><img decoding=\"async\" src=\"https:\/\/www.laspa.ee\/wp-content\/uploads\/2024\/07\/image00042-scaled-e1720446374476-1150x864.jpeg\" alt=\"\" data-id=\"18605\"\/><\/div><div data-src=\"https:\/\/www.laspa.ee\/wp-content\/uploads\/2024\/07\/image00065-scaled-e1720446265590.jpeg\" class=\"grid-item\"><img decoding=\"async\" src=\"https:\/\/www.laspa.ee\/wp-content\/uploads\/2024\/07\/image00065-scaled-e1720446265590-1150x863.jpeg\" alt=\"\" data-id=\"18618\"\/><\/div><div data-src=\"https:\/\/www.laspa.ee\/wp-content\/uploads\/2021\/07\/20JJ1103_151-Edit7.jpg\" class=\"grid-item\"><img decoding=\"async\" src=\"https:\/\/www.laspa.ee\/wp-content\/uploads\/2021\/07\/20JJ1103_151-Edit7-1150x772.jpg\" alt=\"\" data-id=\"5204\"\/><\/div><div data-src=\"https:\/\/www.laspa.ee\/wp-content\/uploads\/2022\/10\/311429004_654345879440495_327476987852535846_n.jpg\" class=\"grid-item\"><img decoding=\"async\" src=\"https:\/\/www.laspa.ee\/wp-content\/uploads\/2022\/10\/311429004_654345879440495_327476987852535846_n-1150x863.jpg\" alt=\"\" data-id=\"12063\"\/><\/div><div data-src=\"https:\/\/www.laspa.ee\/wp-content\/uploads\/2021\/01\/hommikusook.jpg\" class=\"grid-item\"><img decoding=\"async\" src=\"https:\/\/www.laspa.ee\/wp-content\/uploads\/2021\/01\/hommikusook-1150x767.jpg\" alt=\"Hommikus\u00f6\u00f6k LaSpa spaahotellis\" data-id=\"2068\"\/><\/div><div data-src=\"https:\/\/www.laspa.ee\/wp-content\/uploads\/2024\/12\/dfhdrh.jpg\" class=\"grid-item\"><img decoding=\"async\" src=\"https:\/\/www.laspa.ee\/wp-content\/uploads\/2024\/12\/dfhdrh-1150x863.jpg\" alt=\"\" data-id=\"19461\"\/><\/div><div data-src=\"https:\/\/www.laspa.ee\/wp-content\/uploads\/2024\/02\/Liiv-13.jpg\" class=\"grid-item\"><img decoding=\"async\" src=\"https:\/\/www.laspa.ee\/wp-content\/uploads\/2024\/02\/Liiv-13-1150x863.jpg\" alt=\"\" data-id=\"17480\"\/><\/div><div data-src=\"https:\/\/www.laspa.ee\/wp-content\/uploads\/2023\/01\/WG23-veeb.jpg\" class=\"grid-item\"><img decoding=\"async\" src=\"https:\/\/www.laspa.ee\/wp-content\/uploads\/2023\/01\/WG23-veeb.jpg\" alt=\"\" data-id=\"12970\"\/><\/div><div data-src=\"https:\/\/www.laspa.ee\/wp-content\/uploads\/2023\/11\/IMGC8929_fullsize_fotograaf.lauri_.laan_-scaled.jpg\" class=\"grid-item\"><img decoding=\"async\" src=\"https:\/\/www.laspa.ee\/wp-content\/uploads\/2023\/11\/IMGC8929_fullsize_fotograaf.lauri_.laan_-1150x767.jpg\" alt=\"\" data-id=\"16569\"\/><\/div><div data-src=\"https:\/\/www.laspa.ee\/wp-content\/uploads\/2021\/08\/20JJ1203_503-Edit.jpg\" class=\"grid-item\"><img decoding=\"async\" src=\"https:\/\/www.laspa.ee\/wp-content\/uploads\/2021\/08\/20JJ1203_503-Edit-767x1150.jpg\" alt=\"\" data-id=\"5990\"\/><\/div><div data-src=\"https:\/\/www.laspa.ee\/wp-content\/uploads\/2021\/08\/IMGL8875_fullsize_fotograaf.lauri_.laan_-1.jpg\" class=\"grid-item\"><img decoding=\"async\" src=\"https:\/\/www.laspa.ee\/wp-content\/uploads\/2021\/08\/IMGL8875_fullsize_fotograaf.lauri_.laan_-1-1150x767.jpg\" alt=\"\" data-id=\"5879\"\/><\/div><div data-src=\"https:\/\/www.laspa.ee\/wp-content\/uploads\/2022\/10\/qwsq.jpg\" class=\"grid-item\"><img decoding=\"async\" src=\"https:\/\/www.laspa.ee\/wp-content\/uploads\/2022\/10\/qwsq-1150x889.jpg\" alt=\"Restaurant Wicca LaSpa\" data-id=\"16355\"\/><\/div><div data-src=\"https:\/\/www.laspa.ee\/wp-content\/uploads\/2024\/07\/image00015-scaled.jpeg\" class=\"grid-item\"><img decoding=\"async\" src=\"https:\/\/www.laspa.ee\/wp-content\/uploads\/2024\/07\/image00015-863x1150.jpeg\" alt=\"\" data-id=\"18634\"\/><\/div><div data-src=\"https:\/\/www.laspa.ee\/wp-content\/uploads\/2022\/10\/309308746_1466644703812989_1502147415371072837_n.jpg\" class=\"grid-item\"><img decoding=\"async\" src=\"https:\/\/www.laspa.ee\/wp-content\/uploads\/2022\/10\/309308746_1466644703812989_1502147415371072837_n-863x1150.jpg\" alt=\"\" data-id=\"12078\"\/><\/div><div data-src=\"https:\/\/www.laspa.ee\/wp-content\/uploads\/2021\/06\/Terrass-3.jpg\" class=\"grid-item\"><img decoding=\"async\" src=\"https:\/\/www.laspa.ee\/wp-content\/uploads\/2021\/06\/Terrass-3-1150x767.jpg\" alt=\"\" data-id=\"5063\"\/><\/div><div data-src=\"https:\/\/www.laspa.ee\/wp-content\/uploads\/2021\/08\/IMGL8800_fullsize_fotograaf.lauri_.laan_-1.jpg\" class=\"grid-item\"><img decoding=\"async\" src=\"https:\/\/www.laspa.ee\/wp-content\/uploads\/2021\/08\/IMGL8800_fullsize_fotograaf.lauri_.laan_-1-1150x767.jpg\" alt=\"\" data-id=\"5873\"\/><\/div><div data-src=\"https:\/\/www.laspa.ee\/wp-content\/uploads\/2021\/01\/laulasmaa_spaa.jpg\" class=\"grid-item\"><img decoding=\"async\" src=\"https:\/\/www.laspa.ee\/wp-content\/uploads\/2021\/01\/laulasmaa_spaa-1150x757.jpg\" alt=\"LaSpa spaahotell\" data-id=\"2549\"\/><\/div><div data-src=\"https:\/\/www.laspa.ee\/wp-content\/uploads\/2021\/08\/IMGM7650_fullsize_fotograaf.lauri_.laan_.jpg\" class=\"grid-item\"><img decoding=\"async\" src=\"https:\/\/www.laspa.ee\/wp-content\/uploads\/2021\/08\/IMGM7650_fullsize_fotograaf.lauri_.laan_-1150x767.jpg\" alt=\"\" data-id=\"5951\"\/><\/div><div data-src=\"https:\/\/www.laspa.ee\/wp-content\/uploads\/2024\/07\/image00043-scaled.jpeg\" class=\"grid-item\"><img decoding=\"async\" src=\"https:\/\/www.laspa.ee\/wp-content\/uploads\/2024\/07\/image00043-1150x862.jpeg\" alt=\"Restoran Wicca MICHELIN Guide soovitatud\" data-id=\"18643\"\/><\/div><div data-src=\"https:\/\/www.laspa.ee\/wp-content\/uploads\/2024\/07\/image00014-scaled.jpeg\" class=\"grid-item\"><img decoding=\"async\" src=\"https:\/\/www.laspa.ee\/wp-content\/uploads\/2024\/07\/image00014-863x1150.jpeg\" alt=\"\" data-id=\"18631\"\/><\/div><div data-src=\"https:\/\/www.laspa.ee\/wp-content\/uploads\/2023\/11\/IMGC8600_fullsize_fotograaf.lauri_.laan_-scaled.jpg\" class=\"grid-item\"><img decoding=\"async\" src=\"https:\/\/www.laspa.ee\/wp-content\/uploads\/2023\/11\/IMGC8600_fullsize_fotograaf.lauri_.laan_-767x1150.jpg\" alt=\"\" data-id=\"16582\"\/><\/div><div data-src=\"https:\/\/www.laspa.ee\/wp-content\/uploads\/2023\/07\/Wicca-suvemenuu-3.jpg\" class=\"grid-item\"><img decoding=\"async\" src=\"https:\/\/www.laspa.ee\/wp-content\/uploads\/2023\/07\/Wicca-suvemenuu-3-1150x863.jpg\" alt=\"\" data-id=\"15404\"\/><\/div><\/div><\/div>\n","protected":false},"excerpt":{"rendered":"<p>Liitu LaSpa restoranide teenindusmeeskonnaga! Otsime ametialaste oskustega s\u00e4ravat teenindajat, kes liituks meie tunnustatud restoranide meeskonnaga. &nbsp; Kui k\u00fclalislahkus ei ole Sulle v\u00f5\u00f5ras ja oled p\u00fchendunud suurep\u00e4rase klienditeeninduse pakkumisele, on see v\u00f5imalus Sinu jaoks! Pakume brutopalka vahemikus 1200\u20131400 eurot, s\u00f5ltuvalt kandidaadi kvalifikatsioonist ja kogemusest Lisainfot k\u00fcsi meie teenindusjuhilt Raul Sisal\u2019lt telefonil 56945949. Kandideerimiseks saada oma CV [&hellip;]<\/p>\n","protected":false},"author":4,"featured_media":0,"parent":0,"menu_order":167,"comment_status":"closed","ping_status":"closed","template":"","meta":{"_acf_changed":false,"footnotes":""},"class_list":["post-14945","page","type-page","status-publish","hentry"],"acf":false,"yoast_head":"<!-- This site is optimized with the Yoast SEO plugin v27.4 - https:\/\/yoast.com\/product\/yoast-seo-wordpress\/ -->\n<title>Toitlustusteenindaja - LaSpa Laulasmaa<\/title>\n<meta name=\"robots\" content=\"index, follow, max-snippet:-1, max-image-preview:large, max-video-preview:-1\" \/>\n<link rel=\"canonical\" href=\"https:\/\/www.laspa.ee\/et\/teenindaja\/\" \/>\n<meta property=\"og:locale\" content=\"et_EE\" \/>\n<meta property=\"og:type\" content=\"article\" \/>\n<meta property=\"og:title\" content=\"Toitlustusteenindaja - LaSpa Laulasmaa\" \/>\n<meta property=\"og:description\" content=\"Liitu LaSpa restoranide teenindusmeeskonnaga! Otsime ametialaste oskustega s\u00e4ravat teenindajat, kes liituks meie tunnustatud restoranide meeskonnaga. &nbsp; Kui k\u00fclalislahkus ei ole Sulle v\u00f5\u00f5ras ja oled p\u00fchendunud suurep\u00e4rase klienditeeninduse pakkumisele, on see v\u00f5imalus Sinu jaoks! Pakume brutopalka vahemikus 1200\u20131400 eurot, s\u00f5ltuvalt kandidaadi kvalifikatsioonist ja kogemusest Lisainfot k\u00fcsi meie teenindusjuhilt Raul Sisal\u2019lt telefonil 56945949. Kandideerimiseks saada oma CV [&hellip;]\" \/>\n<meta property=\"og:url\" content=\"https:\/\/www.laspa.ee\/et\/teenindaja\/\" \/>\n<meta property=\"og:site_name\" content=\"LaSpa Laulasmaa\" \/>\n<meta property=\"article:publisher\" content=\"https:\/\/www.facebook.com\/LaSpaLaulasmaa\" \/>\n<meta property=\"article:modified_time\" content=\"2025-09-18T15:28:21+00:00\" \/>\n<meta property=\"og:image\" content=\"https:\/\/www.laspa.ee\/wp-content\/uploads\/2025\/02\/rerterte-863x1150.jpg\" \/>\n<meta name=\"twitter:card\" content=\"summary_large_image\" \/>\n<meta name=\"twitter:label1\" content=\"Est. reading time\" \/>\n\t<meta name=\"twitter:data1\" content=\"7 minutit\" \/>\n<script type=\"application\/ld+json\" class=\"yoast-schema-graph\">{\"@context\":\"https:\\\/\\\/schema.org\",\"@graph\":[{\"@type\":\"WebPage\",\"@id\":\"https:\\\/\\\/www.laspa.ee\\\/et\\\/teenindaja\\\/\",\"url\":\"https:\\\/\\\/www.laspa.ee\\\/et\\\/teenindaja\\\/\",\"name\":\"Toitlustusteenindaja - LaSpa Laulasmaa\",\"isPartOf\":{\"@id\":\"https:\\\/\\\/www.laspa.ee\\\/et\\\/#website\"},\"primaryImageOfPage\":{\"@id\":\"https:\\\/\\\/www.laspa.ee\\\/et\\\/teenindaja\\\/#primaryimage\"},\"image\":{\"@id\":\"https:\\\/\\\/www.laspa.ee\\\/et\\\/teenindaja\\\/#primaryimage\"},\"thumbnailUrl\":\"https:\\\/\\\/www.laspa.ee\\\/wp-content\\\/uploads\\\/2025\\\/02\\\/rerterte-863x1150.jpg\",\"datePublished\":\"2023-06-14T06:07:48+00:00\",\"dateModified\":\"2025-09-18T15:28:21+00:00\",\"breadcrumb\":{\"@id\":\"https:\\\/\\\/www.laspa.ee\\\/et\\\/teenindaja\\\/#breadcrumb\"},\"inLanguage\":\"et\",\"potentialAction\":[{\"@type\":\"ReadAction\",\"target\":[\"https:\\\/\\\/www.laspa.ee\\\/et\\\/teenindaja\\\/\"]}]},{\"@type\":\"ImageObject\",\"inLanguage\":\"et\",\"@id\":\"https:\\\/\\\/www.laspa.ee\\\/et\\\/teenindaja\\\/#primaryimage\",\"url\":\"https:\\\/\\\/www.laspa.ee\\\/wp-content\\\/uploads\\\/2025\\\/02\\\/rerterte-863x1150.jpg\",\"contentUrl\":\"https:\\\/\\\/www.laspa.ee\\\/wp-content\\\/uploads\\\/2025\\\/02\\\/rerterte-863x1150.jpg\"},{\"@type\":\"BreadcrumbList\",\"@id\":\"https:\\\/\\\/www.laspa.ee\\\/et\\\/teenindaja\\\/#breadcrumb\",\"itemListElement\":[{\"@type\":\"ListItem\",\"position\":1,\"name\":\"Home\",\"item\":\"https:\\\/\\\/www.laspa.ee\\\/et\\\/\"},{\"@type\":\"ListItem\",\"position\":2,\"name\":\"Toitlustusteenindaja\"}]},{\"@type\":\"WebSite\",\"@id\":\"https:\\\/\\\/www.laspa.ee\\\/et\\\/#website\",\"url\":\"https:\\\/\\\/www.laspa.ee\\\/et\\\/\",\"name\":\"LaSpa Laulasmaa\",\"description\":\"Wellbeing by nature\",\"potentialAction\":[{\"@type\":\"SearchAction\",\"target\":{\"@type\":\"EntryPoint\",\"urlTemplate\":\"https:\\\/\\\/www.laspa.ee\\\/et\\\/?s={search_term_string}\"},\"query-input\":{\"@type\":\"PropertyValueSpecification\",\"valueRequired\":true,\"valueName\":\"search_term_string\"}}],\"inLanguage\":\"et\"}]}<\/script>\n<!-- \/ Yoast SEO plugin. -->","yoast_head_json":{"title":"Toitlustusteenindaja - LaSpa Laulasmaa","robots":{"index":"index","follow":"follow","max-snippet":"max-snippet:-1","max-image-preview":"max-image-preview:large","max-video-preview":"max-video-preview:-1"},"canonical":"https:\/\/www.laspa.ee\/et\/teenindaja\/","og_locale":"et_EE","og_type":"article","og_title":"Toitlustusteenindaja - LaSpa Laulasmaa","og_description":"Liitu LaSpa restoranide teenindusmeeskonnaga! Otsime ametialaste oskustega s\u00e4ravat teenindajat, kes liituks meie tunnustatud restoranide meeskonnaga. &nbsp; Kui k\u00fclalislahkus ei ole Sulle v\u00f5\u00f5ras ja oled p\u00fchendunud suurep\u00e4rase klienditeeninduse pakkumisele, on see v\u00f5imalus Sinu jaoks! Pakume brutopalka vahemikus 1200\u20131400 eurot, s\u00f5ltuvalt kandidaadi kvalifikatsioonist ja kogemusest Lisainfot k\u00fcsi meie teenindusjuhilt Raul Sisal\u2019lt telefonil 56945949. Kandideerimiseks saada oma CV [&hellip;]","og_url":"https:\/\/www.laspa.ee\/et\/teenindaja\/","og_site_name":"LaSpa Laulasmaa","article_publisher":"https:\/\/www.facebook.com\/LaSpaLaulasmaa","article_modified_time":"2025-09-18T15:28:21+00:00","og_image":[{"url":"https:\/\/www.laspa.ee\/wp-content\/uploads\/2025\/02\/rerterte-863x1150.jpg","type":"","width":"","height":""}],"twitter_card":"summary_large_image","twitter_misc":{"Est. reading time":"7 minutit"},"schema":{"@context":"https:\/\/schema.org","@graph":[{"@type":"WebPage","@id":"https:\/\/www.laspa.ee\/et\/teenindaja\/","url":"https:\/\/www.laspa.ee\/et\/teenindaja\/","name":"Toitlustusteenindaja - LaSpa Laulasmaa","isPartOf":{"@id":"https:\/\/www.laspa.ee\/et\/#website"},"primaryImageOfPage":{"@id":"https:\/\/www.laspa.ee\/et\/teenindaja\/#primaryimage"},"image":{"@id":"https:\/\/www.laspa.ee\/et\/teenindaja\/#primaryimage"},"thumbnailUrl":"https:\/\/www.laspa.ee\/wp-content\/uploads\/2025\/02\/rerterte-863x1150.jpg","datePublished":"2023-06-14T06:07:48+00:00","dateModified":"2025-09-18T15:28:21+00:00","breadcrumb":{"@id":"https:\/\/www.laspa.ee\/et\/teenindaja\/#breadcrumb"},"inLanguage":"et","potentialAction":[{"@type":"ReadAction","target":["https:\/\/www.laspa.ee\/et\/teenindaja\/"]}]},{"@type":"ImageObject","inLanguage":"et","@id":"https:\/\/www.laspa.ee\/et\/teenindaja\/#primaryimage","url":"https:\/\/www.laspa.ee\/wp-content\/uploads\/2025\/02\/rerterte-863x1150.jpg","contentUrl":"https:\/\/www.laspa.ee\/wp-content\/uploads\/2025\/02\/rerterte-863x1150.jpg"},{"@type":"BreadcrumbList","@id":"https:\/\/www.laspa.ee\/et\/teenindaja\/#breadcrumb","itemListElement":[{"@type":"ListItem","position":1,"name":"Home","item":"https:\/\/www.laspa.ee\/et\/"},{"@type":"ListItem","position":2,"name":"Toitlustusteenindaja"}]},{"@type":"WebSite","@id":"https:\/\/www.laspa.ee\/et\/#website","url":"https:\/\/www.laspa.ee\/et\/","name":"LaSpa Laulasmaa","description":"Wellbeing by nature","potentialAction":[{"@type":"SearchAction","target":{"@type":"EntryPoint","urlTemplate":"https:\/\/www.laspa.ee\/et\/?s={search_term_string}"},"query-input":{"@type":"PropertyValueSpecification","valueRequired":true,"valueName":"search_term_string"}}],"inLanguage":"et"}]}},"_links":{"self":[{"href":"https:\/\/www.laspa.ee\/et\/wp-json\/wp\/v2\/pages\/14945","targetHints":{"allow":["GET"]}}],"collection":[{"href":"https:\/\/www.laspa.ee\/et\/wp-json\/wp\/v2\/pages"}],"about":[{"href":"https:\/\/www.laspa.ee\/et\/wp-json\/wp\/v2\/types\/page"}],"author":[{"embeddable":true,"href":"https:\/\/www.laspa.ee\/et\/wp-json\/wp\/v2\/users\/4"}],"replies":[{"embeddable":true,"href":"https:\/\/www.laspa.ee\/et\/wp-json\/wp\/v2\/comments?post=14945"}],"version-history":[{"count":17,"href":"https:\/\/www.laspa.ee\/et\/wp-json\/wp\/v2\/pages\/14945\/revisions"}],"predecessor-version":[{"id":20698,"href":"https:\/\/www.laspa.ee\/et\/wp-json\/wp\/v2\/pages\/14945\/revisions\/20698"}],"wp:attachment":[{"href":"https:\/\/www.laspa.ee\/et\/wp-json\/wp\/v2\/media?parent=14945"}],"curies":[{"name":"wp","href":"https:\/\/api.w.org\/{rel}","templated":true}]}}