{"id":1496,"date":"2020-11-23T08:50:49","date_gmt":"2020-11-23T08:50:49","guid":{"rendered":"https:\/\/www.laspa.ee\/accomodation\/"},"modified":"2023-07-11T21:27:41","modified_gmt":"2023-07-11T19:27:41","slug":"majutus","status":"publish","type":"page","link":"https:\/\/www.laspa.ee\/et\/majutus\/","title":{"rendered":"Majutus"},"content":{"rendered":"\n<div class=\"wp-block-cover alignfull is-light\" style=\"min-height:391px;aspect-ratio:unset;\"><span aria-hidden=\"true\" class=\"wp-block-cover__background has-black-background-color has-background-dim\"><\/span><img loading=\"lazy\" decoding=\"async\" width=\"1920\" height=\"1280\" class=\"wp-block-cover__image-background wp-image-1310\" alt=\"\" src=\"https:\/\/www.laspa.ee\/wp-content\/uploads\/2020\/12\/room_detail_laspa.jpg\" data-object-fit=\"cover\" srcset=\"https:\/\/www.laspa.ee\/wp-content\/uploads\/2020\/12\/room_detail_laspa.jpg 1920w, https:\/\/www.laspa.ee\/wp-content\/uploads\/2020\/12\/room_detail_laspa-300x200.jpg 300w, https:\/\/www.laspa.ee\/wp-content\/uploads\/2020\/12\/room_detail_laspa-1150x767.jpg 1150w, https:\/\/www.laspa.ee\/wp-content\/uploads\/2020\/12\/room_detail_laspa-768x512.jpg 768w, https:\/\/www.laspa.ee\/wp-content\/uploads\/2020\/12\/room_detail_laspa-1536x1024.jpg 1536w, https:\/\/www.laspa.ee\/wp-content\/uploads\/2020\/12\/room_detail_laspa-800x533.jpg 800w\" sizes=\"auto, (max-width: 1920px) 100vw, 1920px\" \/><div class=\"wp-block-cover__inner-container is-layout-flow wp-block-cover-is-layout-flow\">\n<h1 class=\"has-text-align-center has-white-color has-text-color wp-block-heading\" id=\"majutus\">Majutus<\/h1>\n<\/div><\/div>\n\n\n\n<a href=\"#\" class=\"trigger-mobile-scrollmenu\">Vali toat\u00fc\u00fcp<\/a><ul class=\"onpage-scrollmenu\">\n<li class=\"wp-block-edhotels-anchor-text\"><a href=\"#b54a0655-c568-43d7-b535-1006fbe89851\">Standardtuba<\/a><\/li>\n\n\n\n<li class=\"wp-block-edhotels-anchor-text\"><a href=\"#6db08406-27f6-4e43-b8d5-54037265597f\">Superiortuba<\/a><\/li>\n\n\n\n<li class=\"wp-block-edhotels-anchor-text\"><a href=\"#50cbd3a9-cbe8-4a14-afb0-ca36b64eda6b\">Peretuba<\/a><\/li>\n\n\n\n<li class=\"wp-block-edhotels-anchor-text\"><a href=\"#005ab33f-f7ce-4e7e-94fc-0aeec8aab694\">Deluxe tuba<\/a><\/li>\n\n\n\n<li class=\"wp-block-edhotels-anchor-text\"><a href=\"#aa3be94e-7a74-48d9-bc9f-30a1d389a5c4\">Sviit<\/a><\/li>\n<\/ul>\n\n\n\n<div id=\"b54a0655-c568-43d7-b535-1006fbe89851\" class=\"wp-block-edhotels-anchor\"><\/div>\n\n\n\n<div class=\"custom-twin-cols\"><div class=\"wp-block-columns has-2-columns\"><div class=\"wp-block-column text-block\">\n<h2 class=\"alignwide wp-block-heading\" id=\"standardtuba\">Standardtuba<\/h2>\n\n\n\n<p>Meie k\u00f5igi mugavustega standardtubadel on paljudel privaatne r\u00f5du, millest avaneb kaunis vaade merele v\u00f5i m\u00e4nnimetsale. Valida saab kas \u00fche suure v\u00f5i kahe \u00fcheinimese voodiga tubade vahel.  Majutus standardtoas on sobilik kahele t\u00e4iskasvanule ja \u00fchele lapsele vanuses kuni 14 aastat. <\/p>\n\n\n\n<div class=\"wp-block-buttons is-layout-flex wp-block-buttons-is-layout-flex\">\n<div class=\"wp-block-button is-style-outline is-style-outline--1\"><a class=\"wp-block-button__link wp-element-button\" href=\"https:\/\/bouk.io\/booking\/laspa\/323\/rooms?language=et&amp;adults=2 \" style=\"border-radius:0px\">BRONEERI KOHE<\/a><\/div>\n\n\n\n<div class=\"wp-block-button is-style-no-style\"><a class=\"wp-block-button__link wp-element-button\" href=\"https:\/\/www.laspa.ee\/et\/standardtuba\">Loe edasi<\/a><\/div>\n<\/div>\n<\/div><div class=\"wp-block-column image-block\" data-pos=\"right\"><div class=\"wp-block-column\"><figure class=\"wp-block-image\"><img decoding=\"async\" src=\"https:\/\/www.laspa.ee\/wp-content\/uploads\/2023\/06\/standard_room_laspa-1150x691-3.jpg\" alt=\"\"\/><\/figure><\/div><\/div><\/div><\/div>\n\n\n\n<div id=\"6db08406-27f6-4e43-b8d5-54037265597f\" class=\"wp-block-edhotels-anchor\"><\/div>\n\n\n\n<div class=\"custom-twin-cols\"><div class=\"wp-block-columns has-2-columns\"><div class=\"wp-block-column image-block\" data-pos=\"left\"><div class=\"wp-block-column\"><a href=\"https:\/\/www.laspa.ee\/wp-content\/uploads\/2023\/07\/Superior-tuba-1.jpg\"><figure class=\"wp-block-image\"><img decoding=\"async\" src=\"https:\/\/www.laspa.ee\/wp-content\/uploads\/2023\/07\/Superior-tuba-1.jpg\" alt=\"LaSpa Laulasmaa\"\/><\/figure><\/a><\/div><\/div><div class=\"wp-block-column text-block\">\n<h2 class=\"wp-block-heading\" id=\"superiortuba\">Superiortuba<\/h2>\n\n\n\n<p>Superiorklassi toad asuvad hotelli viiendal korrusel, neil on avarad vannitoad ning privaatsed r\u00f5dud, kust avaneb imeline vaade m\u00e4nnimetsale ja merele. Toas on Nespresso kohvimasin ning tee keetmise v\u00f5imalus.<\/p>\n\n\n\n<div class=\"wp-block-buttons is-layout-flex wp-block-buttons-is-layout-flex\">\n<div class=\"wp-block-button is-style-outline is-style-outline--2\"><a class=\"wp-block-button__link wp-element-button\" href=\"https:\/\/bouk.io\/booking\/laspa\/323\/rooms?language=et&amp;adults=2 \" style=\"border-radius:0px\">Broneeri kohe<\/a><\/div>\n\n\n\n<div class=\"wp-block-button is-style-no-style\"><a class=\"wp-block-button__link wp-element-button\" href=\"https:\/\/www.laspa.ee\/et\/superiortuba\">Loe edasi<\/a><\/div>\n<\/div>\n<\/div><\/div><\/div>\n\n\n\n<div id=\"50cbd3a9-cbe8-4a14-afb0-ca36b64eda6b\" class=\"wp-block-edhotels-anchor\"><\/div>\n\n\n\n<div class=\"custom-twin-cols\"><div class=\"wp-block-columns has-2-columns\"><div class=\"wp-block-column text-block\">\n<h2 class=\"wp-block-heading\" id=\"peretuba\">Peretuba<\/h2>\n\n\n\n<p>Meie avarates peretubades on ruumi nii v\u00e4ikestele kui suurtele, osadesse tubadesse mahub koguni neli last. Tubades on kaheinimesevoodi ning \u00fcks v\u00f5i kaks lahtik\u00e4ivat diivanvoodit. Peretoad paiknevad hotelli erinevatel korrustel ning meie Rannaresidentsis, millest osadel avaneb vaade merele ja teistel m\u00e4nnimetsale, mitmel toal on ka oma r\u00f5du. Peretoas on Nespresso kohvimasin ja veekeetja ning k\u00fclmkapp. Parim majutus sinu perele.<\/p>\n\n\n\n<div class=\"wp-block-buttons is-layout-flex wp-block-buttons-is-layout-flex\">\n<div class=\"wp-block-button is-style-outline is-style-outline--3\"><a class=\"wp-block-button__link wp-element-button\" href=\"https:\/\/bouk.io\/booking\/laspa\/323\/rooms?language=et&amp;adults=2 \" style=\"border-radius:0px\">Broneeri kohe<\/a><\/div>\n\n\n\n<div class=\"wp-block-button is-style-no-style\"><a class=\"wp-block-button__link wp-element-button\" href=\"https:\/\/www.laspa.ee\/et\/peretuba\">Loe edasi<\/a><\/div>\n<\/div>\n<\/div><div class=\"wp-block-column image-block\" data-pos=\"right\"><div class=\"wp-block-column\"><figure class=\"wp-block-image\"><img decoding=\"async\" src=\"https:\/\/www.laspa.ee\/wp-content\/uploads\/2023\/06\/peretuba-2-1.jpg\" alt=\"LaSpa Laulasmaa peamaja peretuba\"\/><\/figure><\/div><\/div><\/div><\/div>\n\n\n\n<div id=\"005ab33f-f7ce-4e7e-94fc-0aeec8aab694\" class=\"wp-block-edhotels-anchor\"><\/div>\n\n\n\n<div class=\"custom-twin-cols\"><div class=\"wp-block-columns has-2-columns\"><div class=\"wp-block-column image-block\" data-pos=\"left\"><div class=\"wp-block-column\"><a href=\"https:\/\/www.laspa.ee\/wp-content\/uploads\/2023\/07\/Delux-tuba-3.jpg\"><figure class=\"wp-block-image\"><img decoding=\"async\" src=\"https:\/\/www.laspa.ee\/wp-content\/uploads\/2023\/07\/Delux-tuba-3.jpg\" alt=\"Delux tuba LaSpa Laulasmaa\"\/><\/figure><\/a><\/div><\/div><div class=\"wp-block-column text-block\">\n<h2 class=\"wp-block-heading\" id=\"deluxe-tuba\">Deluxe tuba<\/h2>\n\n\n\n<p>Avarad toad suurte vannitubadega asuvad hotelli viiendal korrusel ning neil on privaatsed r\u00f5dud lamamistoolidega, kust avaneb suurep\u00e4rane vaade merele. Deluxe tubades on puhkenurk tugitooliga ning Nespresso kohvimasin ja tee keetmise v\u00f5imalus.<\/p>\n\n\n\n<div class=\"wp-block-buttons is-layout-flex wp-block-buttons-is-layout-flex\">\n<div class=\"wp-block-button is-style-outline is-style-outline--4\"><a class=\"wp-block-button__link wp-element-button\" href=\"https:\/\/bouk.io\/booking\/laspa\/323\/rooms?language=et&amp;adults=2 \" style=\"border-radius:0px\">Broneeri kohe<\/a><\/div>\n\n\n\n<div class=\"wp-block-button is-style-no-style\"><a class=\"wp-block-button__link wp-element-button\" href=\"https:\/\/www.laspa.ee\/et\/deluxe-tuba\">Loe edasi<\/a><\/div>\n<\/div>\n<\/div><\/div><\/div>\n\n\n\n<div id=\"aa3be94e-7a74-48d9-bc9f-30a1d389a5c4\" class=\"wp-block-edhotels-anchor\"><\/div>\n\n\n\n<div class=\"custom-twin-cols\"><div class=\"wp-block-columns has-2-columns\"><div class=\"wp-block-column text-block\">\n<h2 class=\"wp-block-heading\" id=\"sviit\">Sviit<\/h2>\n\n\n\n<p>Hotelli ainulaadses saunaga sviidis on lisaks privaatsele ja avarale r\u00f5dule ka lummav merevaade. Sviit paikneb hotelli viiendal korrusel, pakkudes seel\u00e4bi v\u00f5imalust nautida r\u00f5dult nii p\u00e4ikeset\u00f5usu kui ka loojangut. Hotelli sviidis on Nespresso kohvimasin ning kohvi- ja tee valmistamise v\u00f5imalus.<\/p>\n\n\n\n<div class=\"wp-block-buttons is-layout-flex wp-block-buttons-is-layout-flex\">\n<div class=\"wp-block-button is-style-outline is-style-outline--5\"><a class=\"wp-block-button__link wp-element-button\" href=\"https:\/\/bouk.io\/booking\/laspa\/323\/rooms?language=et&amp;adults=2 \" style=\"border-radius:0px\">Broneeri kohe<\/a><\/div>\n\n\n\n<div class=\"wp-block-button is-style-no-style\"><a class=\"wp-block-button__link wp-element-button\" href=\"https:\/\/www.laspa.ee\/et\/sviit\">Loe edasi<\/a><\/div>\n<\/div>\n<\/div><div class=\"wp-block-column image-block\" data-pos=\"right\"><div class=\"wp-block-column\"><figure class=\"wp-block-image\"><img decoding=\"async\" src=\"https:\/\/www.laspa.ee\/wp-content\/uploads\/2023\/07\/sviit-2.jpg\" alt=\"LaSpa Laulasmaa saunaga sviit\"\/><\/figure><\/div><\/div><\/div><\/div>\n\n\n\n<div class=\"wp-block-webfactory-map alignfull google-map-edhotels\"><div class=\"wp-block-webfactory-map\"><iframe loading=\"lazy\" width=\"100%\" height=\"300px\" src=\"https:\/\/www.google.com\/maps\/embed\/v1\/place?q=Puhkekodu%204%2C%20Laulasmaa&amp;maptype=roadmap&amp;zoom=10&amp;key=AIzaSyAjyDspiPfzEfjRSS5fQzm-3jHFjHxeXB4\" frameborder=\"0\"><\/iframe><\/div><\/div>\n","protected":false},"excerpt":{"rendered":"","protected":false},"author":1,"featured_media":0,"parent":0,"menu_order":329,"comment_status":"closed","ping_status":"closed","template":"","meta":{"_acf_changed":false,"footnotes":""},"class_list":["post-1496","page","type-page","status-publish","hentry"],"acf":false,"yoast_head":"<!-- This site is optimized with the Yoast SEO plugin v27.4 - https:\/\/yoast.com\/product\/yoast-seo-wordpress\/ -->\n<title>Majutus - LaSpa Laulasmaa<\/title>\n<meta name=\"robots\" content=\"index, follow, max-snippet:-1, max-image-preview:large, max-video-preview:-1\" \/>\n<link rel=\"canonical\" href=\"https:\/\/www.laspa.ee\/et\/majutus\/\" \/>\n<meta property=\"og:locale\" content=\"et_EE\" \/>\n<meta property=\"og:type\" content=\"article\" \/>\n<meta property=\"og:title\" content=\"Majutus - LaSpa Laulasmaa\" \/>\n<meta property=\"og:url\" content=\"https:\/\/www.laspa.ee\/et\/majutus\/\" \/>\n<meta property=\"og:site_name\" content=\"LaSpa Laulasmaa\" \/>\n<meta property=\"article:publisher\" content=\"https:\/\/www.facebook.com\/LaSpaLaulasmaa\" \/>\n<meta property=\"article:modified_time\" content=\"2023-07-11T19:27:41+00:00\" \/>\n<meta property=\"og:image\" content=\"https:\/\/www.laspa.ee\/wp-content\/uploads\/2020\/12\/room_detail_laspa.jpg\" \/>\n<meta name=\"twitter:card\" content=\"summary_large_image\" \/>\n<meta name=\"twitter:label1\" content=\"Est. reading time\" \/>\n\t<meta name=\"twitter:data1\" content=\"3 minutit\" \/>\n<script type=\"application\/ld+json\" class=\"yoast-schema-graph\">{\"@context\":\"https:\\\/\\\/schema.org\",\"@graph\":[{\"@type\":\"WebPage\",\"@id\":\"https:\\\/\\\/www.laspa.ee\\\/et\\\/majutus\\\/\",\"url\":\"https:\\\/\\\/www.laspa.ee\\\/et\\\/majutus\\\/\",\"name\":\"Majutus - LaSpa Laulasmaa\",\"isPartOf\":{\"@id\":\"https:\\\/\\\/www.laspa.ee\\\/et\\\/#website\"},\"primaryImageOfPage\":{\"@id\":\"https:\\\/\\\/www.laspa.ee\\\/et\\\/majutus\\\/#primaryimage\"},\"image\":{\"@id\":\"https:\\\/\\\/www.laspa.ee\\\/et\\\/majutus\\\/#primaryimage\"},\"thumbnailUrl\":\"https:\\\/\\\/www.laspa.ee\\\/wp-content\\\/uploads\\\/2020\\\/12\\\/room_detail_laspa.jpg\",\"datePublished\":\"2020-11-23T08:50:49+00:00\",\"dateModified\":\"2023-07-11T19:27:41+00:00\",\"breadcrumb\":{\"@id\":\"https:\\\/\\\/www.laspa.ee\\\/et\\\/majutus\\\/#breadcrumb\"},\"inLanguage\":\"et\",\"potentialAction\":[{\"@type\":\"ReadAction\",\"target\":[\"https:\\\/\\\/www.laspa.ee\\\/et\\\/majutus\\\/\"]}]},{\"@type\":\"ImageObject\",\"inLanguage\":\"et\",\"@id\":\"https:\\\/\\\/www.laspa.ee\\\/et\\\/majutus\\\/#primaryimage\",\"url\":\"https:\\\/\\\/www.laspa.ee\\\/wp-content\\\/uploads\\\/2020\\\/12\\\/room_detail_laspa.jpg\",\"contentUrl\":\"https:\\\/\\\/www.laspa.ee\\\/wp-content\\\/uploads\\\/2020\\\/12\\\/room_detail_laspa.jpg\"},{\"@type\":\"BreadcrumbList\",\"@id\":\"https:\\\/\\\/www.laspa.ee\\\/et\\\/majutus\\\/#breadcrumb\",\"itemListElement\":[{\"@type\":\"ListItem\",\"position\":1,\"name\":\"Home\",\"item\":\"https:\\\/\\\/www.laspa.ee\\\/et\\\/\"},{\"@type\":\"ListItem\",\"position\":2,\"name\":\"Majutus\"}]},{\"@type\":\"WebSite\",\"@id\":\"https:\\\/\\\/www.laspa.ee\\\/et\\\/#website\",\"url\":\"https:\\\/\\\/www.laspa.ee\\\/et\\\/\",\"name\":\"LaSpa Laulasmaa\",\"description\":\"Wellbeing by nature\",\"potentialAction\":[{\"@type\":\"SearchAction\",\"target\":{\"@type\":\"EntryPoint\",\"urlTemplate\":\"https:\\\/\\\/www.laspa.ee\\\/et\\\/?s={search_term_string}\"},\"query-input\":{\"@type\":\"PropertyValueSpecification\",\"valueRequired\":true,\"valueName\":\"search_term_string\"}}],\"inLanguage\":\"et\"}]}<\/script>\n<!-- \/ Yoast SEO plugin. -->","yoast_head_json":{"title":"Majutus - LaSpa Laulasmaa","robots":{"index":"index","follow":"follow","max-snippet":"max-snippet:-1","max-image-preview":"max-image-preview:large","max-video-preview":"max-video-preview:-1"},"canonical":"https:\/\/www.laspa.ee\/et\/majutus\/","og_locale":"et_EE","og_type":"article","og_title":"Majutus - LaSpa Laulasmaa","og_url":"https:\/\/www.laspa.ee\/et\/majutus\/","og_site_name":"LaSpa Laulasmaa","article_publisher":"https:\/\/www.facebook.com\/LaSpaLaulasmaa","article_modified_time":"2023-07-11T19:27:41+00:00","og_image":[{"url":"https:\/\/www.laspa.ee\/wp-content\/uploads\/2020\/12\/room_detail_laspa.jpg","type":"","width":"","height":""}],"twitter_card":"summary_large_image","twitter_misc":{"Est. reading time":"3 minutit"},"schema":{"@context":"https:\/\/schema.org","@graph":[{"@type":"WebPage","@id":"https:\/\/www.laspa.ee\/et\/majutus\/","url":"https:\/\/www.laspa.ee\/et\/majutus\/","name":"Majutus - LaSpa Laulasmaa","isPartOf":{"@id":"https:\/\/www.laspa.ee\/et\/#website"},"primaryImageOfPage":{"@id":"https:\/\/www.laspa.ee\/et\/majutus\/#primaryimage"},"image":{"@id":"https:\/\/www.laspa.ee\/et\/majutus\/#primaryimage"},"thumbnailUrl":"https:\/\/www.laspa.ee\/wp-content\/uploads\/2020\/12\/room_detail_laspa.jpg","datePublished":"2020-11-23T08:50:49+00:00","dateModified":"2023-07-11T19:27:41+00:00","breadcrumb":{"@id":"https:\/\/www.laspa.ee\/et\/majutus\/#breadcrumb"},"inLanguage":"et","potentialAction":[{"@type":"ReadAction","target":["https:\/\/www.laspa.ee\/et\/majutus\/"]}]},{"@type":"ImageObject","inLanguage":"et","@id":"https:\/\/www.laspa.ee\/et\/majutus\/#primaryimage","url":"https:\/\/www.laspa.ee\/wp-content\/uploads\/2020\/12\/room_detail_laspa.jpg","contentUrl":"https:\/\/www.laspa.ee\/wp-content\/uploads\/2020\/12\/room_detail_laspa.jpg"},{"@type":"BreadcrumbList","@id":"https:\/\/www.laspa.ee\/et\/majutus\/#breadcrumb","itemListElement":[{"@type":"ListItem","position":1,"name":"Home","item":"https:\/\/www.laspa.ee\/et\/"},{"@type":"ListItem","position":2,"name":"Majutus"}]},{"@type":"WebSite","@id":"https:\/\/www.laspa.ee\/et\/#website","url":"https:\/\/www.laspa.ee\/et\/","name":"LaSpa Laulasmaa","description":"Wellbeing by nature","potentialAction":[{"@type":"SearchAction","target":{"@type":"EntryPoint","urlTemplate":"https:\/\/www.laspa.ee\/et\/?s={search_term_string}"},"query-input":{"@type":"PropertyValueSpecification","valueRequired":true,"valueName":"search_term_string"}}],"inLanguage":"et"}]}},"_links":{"self":[{"href":"https:\/\/www.laspa.ee\/et\/wp-json\/wp\/v2\/pages\/1496","targetHints":{"allow":["GET"]}}],"collection":[{"href":"https:\/\/www.laspa.ee\/et\/wp-json\/wp\/v2\/pages"}],"about":[{"href":"https:\/\/www.laspa.ee\/et\/wp-json\/wp\/v2\/types\/page"}],"author":[{"embeddable":true,"href":"https:\/\/www.laspa.ee\/et\/wp-json\/wp\/v2\/users\/1"}],"replies":[{"embeddable":true,"href":"https:\/\/www.laspa.ee\/et\/wp-json\/wp\/v2\/comments?post=1496"}],"version-history":[{"count":22,"href":"https:\/\/www.laspa.ee\/et\/wp-json\/wp\/v2\/pages\/1496\/revisions"}],"predecessor-version":[{"id":15389,"href":"https:\/\/www.laspa.ee\/et\/wp-json\/wp\/v2\/pages\/1496\/revisions\/15389"}],"wp:attachment":[{"href":"https:\/\/www.laspa.ee\/et\/wp-json\/wp\/v2\/media?parent=1496"}],"curies":[{"name":"wp","href":"https:\/\/api.w.org\/{rel}","templated":true}]}}