{"id":15202,"date":"2023-07-03T17:52:54","date_gmt":"2023-07-03T15:52:54","guid":{"rendered":"https:\/\/www.laspa.ee\/?page_id=15202"},"modified":"2024-11-14T15:17:08","modified_gmt":"2024-11-14T13:17:08","slug":"naudi-tooted","status":"publish","type":"page","link":"https:\/\/www.laspa.ee\/et\/naudi-tooted\/","title":{"rendered":"Naudi tooted"},"content":{"rendered":"\n<div class=\"wp-block-cover alignfull is-light\"><span aria-hidden=\"true\" class=\"wp-block-cover__background has-background-dim\"><\/span><img loading=\"lazy\" decoding=\"async\" width=\"1920\" height=\"1280\" class=\"wp-block-cover__image-background wp-image-1401\" alt=\"Laspa Laulasmaa spaa\" src=\"https:\/\/www.laspa.ee\/wp-content\/uploads\/2020\/12\/laspa.jpg\" style=\"object-position:81% 45%\" data-object-fit=\"cover\" data-object-position=\"81% 45%\" srcset=\"https:\/\/www.laspa.ee\/wp-content\/uploads\/2020\/12\/laspa.jpg 1920w, https:\/\/www.laspa.ee\/wp-content\/uploads\/2020\/12\/laspa-300x200.jpg 300w, https:\/\/www.laspa.ee\/wp-content\/uploads\/2020\/12\/laspa-1150x767.jpg 1150w, https:\/\/www.laspa.ee\/wp-content\/uploads\/2020\/12\/laspa-768x512.jpg 768w, https:\/\/www.laspa.ee\/wp-content\/uploads\/2020\/12\/laspa-1536x1024.jpg 1536w, https:\/\/www.laspa.ee\/wp-content\/uploads\/2020\/12\/laspa-800x533.jpg 800w\" sizes=\"auto, (max-width: 1920px) 100vw, 1920px\" \/><div class=\"wp-block-cover__inner-container is-layout-flow wp-block-cover-is-layout-flow\">\n<h1 class=\"wp-block-heading has-text-align-center has-white-color has-text-color\">Naudi kosmeetikatooted<\/h1>\n<\/div><\/div>\n\n\n\n<div class=\"custom-twin-cols\"><div class=\"wp-block-columns has-2-columns\"><div class=\"wp-block-column text-block\">\n<h2 class=\"wp-block-heading\">Naudi kosmeetikatooted<\/h2>\n\n\n\n<p>Soovime Sulle tutvustada meie spetsiaalselt LaSpa jaoks valmistatud \u0161ampooni, palsamit, k\u00e4te- &amp; kehapesugeeli ja kehakreemi. LaSpa kosmeetikatoodetes olev aroom p\u00e4rineb ainult looduslikest \u00f5lidest millest paljud on orgaaniliselt kasvatatud. K\u00f5ik meie tooted on parabeenide ja kahjulike ainete vabad. Kasutame suuri pudeleid kuna neid on kergem taaskasutada. <\/p>\n\n\n\n<p>K\u00f5iki meie kosmeetikatooteid saad kasutada meie hotellitubades. <\/p>\n\n\n\n<p>K\u00f5ik tooted on 300 ml ning toodetud Euroopa Liidus. <\/p>\n\n\n\n<div class=\"wp-block-buttons is-layout-flex wp-block-buttons-is-layout-flex\">\n<div class=\"wp-block-button is-style-outline is-style-outline--1\"><a class=\"wp-block-button__link wp-element-button\" href=\"https:\/\/shop.laspa.ee\/products\/category\/lang=ee\">E-POODI<\/a><\/div>\n<\/div>\n<\/div><div class=\"wp-block-column image-block\" data-pos=\"right\"><div class=\"wp-block-column\"><figure class=\"wp-block-image\"><img decoding=\"async\" src=\"https:\/\/www.laspa.ee\/wp-content\/uploads\/2023\/07\/Naudi-tooted-4-low-1150x767.jpg\" alt=\"Naudi products\"\/><\/figure><\/div><\/div><\/div><\/div>\n\n\n\n<div class=\"custom-twin-cols\"><div class=\"wp-block-columns has-2-columns\"><div class=\"wp-block-column image-block\" data-pos=\"left\"><div class=\"wp-block-column\"><a href=\"https:\/\/www.laspa.ee\/wp-content\/uploads\/2023\/07\/Naudi-hand-and-body-wash-low-1150x767.jpg\"><figure class=\"wp-block-image\"><img decoding=\"async\" src=\"https:\/\/www.laspa.ee\/wp-content\/uploads\/2023\/07\/Naudi-hand-and-body-wash-low-1150x767.jpg\" alt=\"\"\/><\/figure><\/a><\/div><\/div><div class=\"wp-block-column text-block\">\n<h2 class=\"wp-block-heading\">Niisutav k\u00e4te- ja kehapesugeel <\/h2>\n\n\n\n<p>Niisutav ja v\u00e4rskendav k\u00e4te- ja kehapesugeel betaiini ja mahep\u00f5llumajanduslikult kasvatatud k\u00fcdoonia ekstraktiga. Rikastatud nahka niisutavate toimeainetega, mis aitavad nahal niiskust s\u00e4ilitada.<\/p>\n\n\n\n<div class=\"wp-block-buttons is-layout-flex wp-block-buttons-is-layout-flex\">\n<div class=\"wp-block-button is-style-outline is-style-outline--2\"><a class=\"wp-block-button__link wp-element-button\" href=\"https:\/\/shop.laspa.ee\/products\/template\/135\/?lang=ee\">OSTA SIIN<\/a><\/div>\n<\/div>\n\n\n\n<p><br><br><\/p>\n<\/div><\/div><\/div>\n\n\n\n<div class=\"custom-twin-cols\"><div class=\"wp-block-columns has-2-columns\"><div class=\"wp-block-column text-block\">\n<h2 class=\"wp-block-heading\">\u00d5rn niisutav \u0161ampoon<\/h2>\n\n\n\n<p>\u00d5rnalt puhastav \u0161ampoon betaiini ja orgaaniliselt kasvatatud kaselehe ekstraktiga, mis j\u00e4tab juuksed niisutatuks ja kohevaks.<\/p>\n\n\n\n<div class=\"wp-block-buttons is-layout-flex wp-block-buttons-is-layout-flex\">\n<div class=\"wp-block-button is-style-outline is-style-outline--3\"><a class=\"wp-block-button__link wp-element-button\" href=\"https:\/\/shop.laspa.ee\/products\/template\/136\/?lang=ee\">OSTA SIIN<\/a><\/div>\n<\/div>\n<\/div><div class=\"wp-block-column image-block\" data-pos=\"right\"><div class=\"wp-block-column\"><figure class=\"wp-block-image\"><img decoding=\"async\" src=\"https:\/\/www.laspa.ee\/wp-content\/uploads\/2023\/07\/Naudi-shampoon-low-1150x767.jpg\" alt=\"\"\/><\/figure><\/div><\/div><\/div><\/div>\n\n\n\n<div class=\"custom-twin-cols\"><div class=\"wp-block-columns has-2-columns\"><div class=\"wp-block-column image-block\" data-pos=\"left\"><div class=\"wp-block-column\"><a href=\"https:\/\/www.laspa.ee\/wp-content\/uploads\/2023\/07\/Naudi-shampoon-low-1150x767.jpg\"><figure class=\"wp-block-image\"><img decoding=\"async\" src=\"https:\/\/www.laspa.ee\/wp-content\/uploads\/2023\/07\/Naudi-shampoon-low-1150x767.jpg\" alt=\"\"\/><\/figure><\/a><\/div><\/div><div class=\"wp-block-column text-block\">\n<h2 class=\"wp-block-heading\">Toitev ja niisutav palsam<\/h2>\n\n\n\n<p>Niisutav ja toitev palsam, mis j\u00e4tab juuksed katsudes sametiseks E-vitamiini ja argaania\u00f5liga. Aitab siluda juukseotsi ja parandada juuste tekstuuri.<\/p>\n\n\n\n<div class=\"wp-block-buttons is-layout-flex wp-block-buttons-is-layout-flex\">\n<div class=\"wp-block-button is-style-outline is-style-outline--4\"><a class=\"wp-block-button__link wp-element-button\" href=\"https:\/\/shop.laspa.ee\/products\/template\/137\/?lang=ee\">OSTA SIIN<\/a><\/div>\n<\/div>\n<\/div><\/div><\/div>\n\n\n\n<div class=\"custom-twin-cols\"><div class=\"wp-block-columns has-2-columns\"><div class=\"wp-block-column text-block\">\n<h2 class=\"wp-block-heading\">Toitev kehakreem<\/h2>\n\n\n\n<p>Rikkalik, mitterasvane kehakreem mahep\u00f5llumajanduslikult kasvatatud kakaoseemnev\u00f5i ja C- ja E-vitamiinidega rikastatud sheav\u00f5iga. J\u00e4tab naha pehmeks, s\u00e4ravaks ja hea l\u00f5hnaga.<\/p>\n\n\n\n<div class=\"wp-block-buttons is-layout-flex wp-block-buttons-is-layout-flex\">\n<div class=\"wp-block-button is-style-outline is-style-outline--5\"><a class=\"wp-block-button__link wp-element-button\" href=\"https:\/\/shop.laspa.ee\/products\/template\/134\/?lang=ee\">OSTA SIIN<\/a><\/div>\n<\/div>\n<\/div><div class=\"wp-block-column image-block\" data-pos=\"right\"><div class=\"wp-block-column\"><figure class=\"wp-block-image\"><img decoding=\"async\" src=\"https:\/\/www.laspa.ee\/wp-content\/uploads\/2023\/07\/Naudi-body-lotion-low-1150x767.jpg\" alt=\"\"\/><\/figure><\/div><\/div><\/div><\/div>\n","protected":false},"excerpt":{"rendered":"","protected":false},"author":4,"featured_media":0,"parent":0,"menu_order":71,"comment_status":"closed","ping_status":"closed","template":"","meta":{"_acf_changed":false,"footnotes":""},"class_list":["post-15202","page","type-page","status-publish","hentry"],"acf":false,"yoast_head":"<!-- This site is optimized with the Yoast SEO plugin v27.2 - https:\/\/yoast.com\/product\/yoast-seo-wordpress\/ -->\n<title>Naudi tooted - LaSpa Laulasmaa<\/title>\n<meta name=\"robots\" content=\"index, follow, max-snippet:-1, max-image-preview:large, max-video-preview:-1\" \/>\n<link rel=\"canonical\" href=\"https:\/\/www.laspa.ee\/et\/naudi-tooted\/\" \/>\n<meta property=\"og:locale\" content=\"et_EE\" \/>\n<meta property=\"og:type\" content=\"article\" \/>\n<meta property=\"og:title\" content=\"Naudi tooted - LaSpa Laulasmaa\" \/>\n<meta property=\"og:url\" content=\"https:\/\/www.laspa.ee\/et\/naudi-tooted\/\" \/>\n<meta property=\"og:site_name\" content=\"LaSpa Laulasmaa\" \/>\n<meta property=\"article:publisher\" content=\"https:\/\/www.facebook.com\/LaSpaLaulasmaa\" \/>\n<meta property=\"article:modified_time\" content=\"2024-11-14T13:17:08+00:00\" \/>\n<meta property=\"og:image\" content=\"https:\/\/www.laspa.ee\/wp-content\/uploads\/2020\/12\/laspa.jpg\" \/>\n<meta name=\"twitter:card\" content=\"summary_large_image\" \/>\n<meta name=\"twitter:label1\" content=\"Est. reading time\" \/>\n\t<meta name=\"twitter:data1\" content=\"2 minutit\" \/>\n<script type=\"application\/ld+json\" class=\"yoast-schema-graph\">{\"@context\":\"https:\/\/schema.org\",\"@graph\":[{\"@type\":\"WebPage\",\"@id\":\"https:\/\/www.laspa.ee\/et\/naudi-tooted\/\",\"url\":\"https:\/\/www.laspa.ee\/et\/naudi-tooted\/\",\"name\":\"Naudi tooted - LaSpa Laulasmaa\",\"isPartOf\":{\"@id\":\"https:\/\/www.laspa.ee\/et\/#website\"},\"primaryImageOfPage\":{\"@id\":\"https:\/\/www.laspa.ee\/et\/naudi-tooted\/#primaryimage\"},\"image\":{\"@id\":\"https:\/\/www.laspa.ee\/et\/naudi-tooted\/#primaryimage\"},\"thumbnailUrl\":\"https:\/\/www.laspa.ee\/wp-content\/uploads\/2020\/12\/laspa.jpg\",\"datePublished\":\"2023-07-03T15:52:54+00:00\",\"dateModified\":\"2024-11-14T13:17:08+00:00\",\"breadcrumb\":{\"@id\":\"https:\/\/www.laspa.ee\/et\/naudi-tooted\/#breadcrumb\"},\"inLanguage\":\"et\",\"potentialAction\":[{\"@type\":\"ReadAction\",\"target\":[\"https:\/\/www.laspa.ee\/et\/naudi-tooted\/\"]}]},{\"@type\":\"ImageObject\",\"inLanguage\":\"et\",\"@id\":\"https:\/\/www.laspa.ee\/et\/naudi-tooted\/#primaryimage\",\"url\":\"https:\/\/www.laspa.ee\/wp-content\/uploads\/2020\/12\/laspa.jpg\",\"contentUrl\":\"https:\/\/www.laspa.ee\/wp-content\/uploads\/2020\/12\/laspa.jpg\"},{\"@type\":\"BreadcrumbList\",\"@id\":\"https:\/\/www.laspa.ee\/et\/naudi-tooted\/#breadcrumb\",\"itemListElement\":[{\"@type\":\"ListItem\",\"position\":1,\"name\":\"Home\",\"item\":\"https:\/\/www.laspa.ee\/et\/\"},{\"@type\":\"ListItem\",\"position\":2,\"name\":\"Naudi tooted\"}]},{\"@type\":\"WebSite\",\"@id\":\"https:\/\/www.laspa.ee\/et\/#website\",\"url\":\"https:\/\/www.laspa.ee\/et\/\",\"name\":\"LaSpa Laulasmaa\",\"description\":\"Wellbeing by nature\",\"potentialAction\":[{\"@type\":\"SearchAction\",\"target\":{\"@type\":\"EntryPoint\",\"urlTemplate\":\"https:\/\/www.laspa.ee\/et\/?s={search_term_string}\"},\"query-input\":{\"@type\":\"PropertyValueSpecification\",\"valueRequired\":true,\"valueName\":\"search_term_string\"}}],\"inLanguage\":\"et\"}]}<\/script>\n<!-- \/ Yoast SEO plugin. -->","yoast_head_json":{"title":"Naudi tooted - LaSpa Laulasmaa","robots":{"index":"index","follow":"follow","max-snippet":"max-snippet:-1","max-image-preview":"max-image-preview:large","max-video-preview":"max-video-preview:-1"},"canonical":"https:\/\/www.laspa.ee\/et\/naudi-tooted\/","og_locale":"et_EE","og_type":"article","og_title":"Naudi tooted - LaSpa Laulasmaa","og_url":"https:\/\/www.laspa.ee\/et\/naudi-tooted\/","og_site_name":"LaSpa Laulasmaa","article_publisher":"https:\/\/www.facebook.com\/LaSpaLaulasmaa","article_modified_time":"2024-11-14T13:17:08+00:00","og_image":[{"url":"https:\/\/www.laspa.ee\/wp-content\/uploads\/2020\/12\/laspa.jpg","type":"","width":"","height":""}],"twitter_card":"summary_large_image","twitter_misc":{"Est. reading time":"2 minutit"},"schema":{"@context":"https:\/\/schema.org","@graph":[{"@type":"WebPage","@id":"https:\/\/www.laspa.ee\/et\/naudi-tooted\/","url":"https:\/\/www.laspa.ee\/et\/naudi-tooted\/","name":"Naudi tooted - LaSpa Laulasmaa","isPartOf":{"@id":"https:\/\/www.laspa.ee\/et\/#website"},"primaryImageOfPage":{"@id":"https:\/\/www.laspa.ee\/et\/naudi-tooted\/#primaryimage"},"image":{"@id":"https:\/\/www.laspa.ee\/et\/naudi-tooted\/#primaryimage"},"thumbnailUrl":"https:\/\/www.laspa.ee\/wp-content\/uploads\/2020\/12\/laspa.jpg","datePublished":"2023-07-03T15:52:54+00:00","dateModified":"2024-11-14T13:17:08+00:00","breadcrumb":{"@id":"https:\/\/www.laspa.ee\/et\/naudi-tooted\/#breadcrumb"},"inLanguage":"et","potentialAction":[{"@type":"ReadAction","target":["https:\/\/www.laspa.ee\/et\/naudi-tooted\/"]}]},{"@type":"ImageObject","inLanguage":"et","@id":"https:\/\/www.laspa.ee\/et\/naudi-tooted\/#primaryimage","url":"https:\/\/www.laspa.ee\/wp-content\/uploads\/2020\/12\/laspa.jpg","contentUrl":"https:\/\/www.laspa.ee\/wp-content\/uploads\/2020\/12\/laspa.jpg"},{"@type":"BreadcrumbList","@id":"https:\/\/www.laspa.ee\/et\/naudi-tooted\/#breadcrumb","itemListElement":[{"@type":"ListItem","position":1,"name":"Home","item":"https:\/\/www.laspa.ee\/et\/"},{"@type":"ListItem","position":2,"name":"Naudi tooted"}]},{"@type":"WebSite","@id":"https:\/\/www.laspa.ee\/et\/#website","url":"https:\/\/www.laspa.ee\/et\/","name":"LaSpa Laulasmaa","description":"Wellbeing by nature","potentialAction":[{"@type":"SearchAction","target":{"@type":"EntryPoint","urlTemplate":"https:\/\/www.laspa.ee\/et\/?s={search_term_string}"},"query-input":{"@type":"PropertyValueSpecification","valueRequired":true,"valueName":"search_term_string"}}],"inLanguage":"et"}]}},"_links":{"self":[{"href":"https:\/\/www.laspa.ee\/et\/wp-json\/wp\/v2\/pages\/15202","targetHints":{"allow":["GET"]}}],"collection":[{"href":"https:\/\/www.laspa.ee\/et\/wp-json\/wp\/v2\/pages"}],"about":[{"href":"https:\/\/www.laspa.ee\/et\/wp-json\/wp\/v2\/types\/page"}],"author":[{"embeddable":true,"href":"https:\/\/www.laspa.ee\/et\/wp-json\/wp\/v2\/users\/4"}],"replies":[{"embeddable":true,"href":"https:\/\/www.laspa.ee\/et\/wp-json\/wp\/v2\/comments?post=15202"}],"version-history":[{"count":6,"href":"https:\/\/www.laspa.ee\/et\/wp-json\/wp\/v2\/pages\/15202\/revisions"}],"predecessor-version":[{"id":19218,"href":"https:\/\/www.laspa.ee\/et\/wp-json\/wp\/v2\/pages\/15202\/revisions\/19218"}],"wp:attachment":[{"href":"https:\/\/www.laspa.ee\/et\/wp-json\/wp\/v2\/media?parent=15202"}],"curies":[{"name":"wp","href":"https:\/\/api.w.org\/{rel}","templated":true}]}}