{"id":1667,"date":"2020-12-29T20:24:35","date_gmt":"2020-12-29T18:24:35","guid":{"rendered":"https:\/\/www.laspa.ee\/naudi-spa\/"},"modified":"2025-09-11T13:50:14","modified_gmt":"2025-09-11T11:50:14","slug":"naudi-spaa","status":"publish","type":"page","link":"https:\/\/www.laspa.ee\/et\/naudi-spaa\/","title":{"rendered":"NAUDI LaSpa"},"content":{"rendered":"\n<div class=\"wp-block-cover alignfull is-light\" style=\"min-height:295px;aspect-ratio:unset;\"><img loading=\"lazy\" decoding=\"async\" width=\"1920\" height=\"1280\" class=\"wp-block-cover__image-background wp-image-1400\" alt=\"\" src=\"https:\/\/www.laspa.ee\/wp-content\/uploads\/2020\/12\/laspa.jpg\" style=\"object-position:53% 64%\" data-object-fit=\"cover\" data-object-position=\"53% 64%\" srcset=\"https:\/\/www.laspa.ee\/wp-content\/uploads\/2020\/12\/laspa.jpg 1920w, https:\/\/www.laspa.ee\/wp-content\/uploads\/2020\/12\/laspa-300x200.jpg 300w, https:\/\/www.laspa.ee\/wp-content\/uploads\/2020\/12\/laspa-1150x767.jpg 1150w, https:\/\/www.laspa.ee\/wp-content\/uploads\/2020\/12\/laspa-768x512.jpg 768w, https:\/\/www.laspa.ee\/wp-content\/uploads\/2020\/12\/laspa-1536x1024.jpg 1536w, https:\/\/www.laspa.ee\/wp-content\/uploads\/2020\/12\/laspa-800x533.jpg 800w\" sizes=\"auto, (max-width: 1920px) 100vw, 1920px\" \/><span aria-hidden=\"true\" class=\"wp-block-cover__background has-background-dim\"><\/span><div class=\"wp-block-cover__inner-container is-layout-flow wp-block-cover-is-layout-flow\">\n<h1 class=\"wp-block-heading has-text-align-center has-white-color has-text-color\" id=\"naudi-laspa\">Naudi LaSpa heaoluspaa<\/h1>\n<\/div><\/div>\n\n\n\n<div class=\"wp-block-edhotels-text-gallery custom-twin-cols\">\n<p class=\"has-text-align-center\"><\/p>\n\n\n\n<div class=\"wp-block-columns is-layout-flex wp-container-corecolumns-is-layout-9d6595d7 wp-block-columns-is-layout-flex\">\n<div class=\"wp-block-column is-vertically-aligned-center text-block is-layout-flow wp-block-column-is-layout-flow\">\n<p>Naudi LaSpa heaoluspaa asub hotelli 2. korrusel ja on avatud E\u2013P 09:00\u201320:00.<br>V\u00f5ta meiega \u00fchendust telefonil: +372 687 0877<\/p>\n\n\n\n<h3 class=\"wp-block-heading\" id=\"oma-rituaalides-ja-hoolitsustes-kasutame-parimaid-spaa-kaubamarke-rakendades-seejuures-oskuseid-ja-teadmisi-kogu-maailmast\">Oma rituaalides ja hoolitsustes kasutame parimaid spaa kaubam\u00e4rke, rakendades seejuures oskuseid ja teadmisi kogu maailmast.<\/h3>\n\n\n\n<p>Naudi LaSpas asub 16 hoolitsuste tuba, 8-kohaline soolakoobas, 2 veealust du\u0161\u0161massaa\u017eivanni ning 3 p\u00e4rlivanni. Naudi LaSpa on \u00fcks Balti riikide suuremaid spaasid \u2013 \u00fches p\u00e4evas saame hoolitsusi pakkuda kuni 200 k\u00fclalisele<\/p>\n\n\n\n<p>Meie suurim eeskuju on kvaliteetne Prantsuse spaa-sari \u201eCinq Mondes\u201c, mis kombineerib iluhoolitsused ja nende tervendava m\u00f5ju. Iga toode on valmistatud looduslikest ning puhastest orgaanilistest komponentidest, mis on inspireeritud maailma eri kultuuride iidsetest ilurituaalidest ja traditsioonilisest rahvameditsiinist. T\u00e4nu sellele saame pakkuda parimaid hoolitsusi, mis tervendavad seespidiselt ja kaunistavad v\u00e4liselt, ilma seejuures nahka \u00e4rritamata. See, mida NAUDI spaas pakume, on meile s\u00fcdamel\u00e4hedane ja toodud meie k\u00fclalisteni suure hoolivustundega.<\/p>\n\n\n\n<div class=\"wp-block-buttons is-layout-flex wp-block-buttons-is-layout-flex\">\n<div class=\"wp-block-button is-style-outline is-style-outline--1\"><a class=\"wp-block-button__link no-border-radius wp-element-button\" href=\"https:\/\/www.laspa.ee\/et\/naudi-spaa\/vee-hoolitsused\/\">Vali hoolitsusi<\/a><\/div>\n<\/div>\n<\/div>\n\n\n\n<div class=\"wp-block-column is-vertically-aligned-top image-block is-layout-flow wp-block-column-is-layout-flow\">\n<figure class=\"wp-block-gallery has-nested-images columns-default is-cropped wp-block-gallery-2 is-layout-flex wp-block-gallery-is-layout-flex\">\n<figure class=\"wp-block-image size-large\"><a href=\"https:\/\/www.laspa.ee\/wp-content\/uploads\/2021\/09\/20JJ1103_151-Edit-1.jpg\"><img loading=\"lazy\" decoding=\"async\" width=\"1150\" height=\"772\" data-id=\"6306\" src=\"https:\/\/www.laspa.ee\/wp-content\/uploads\/2021\/09\/20JJ1103_151-Edit-1-1150x772.jpg\" alt=\"\" class=\"wp-image-6306\" srcset=\"https:\/\/www.laspa.ee\/wp-content\/uploads\/2021\/09\/20JJ1103_151-Edit-1-1150x772.jpg 1150w, https:\/\/www.laspa.ee\/wp-content\/uploads\/2021\/09\/20JJ1103_151-Edit-1-300x201.jpg 300w, https:\/\/www.laspa.ee\/wp-content\/uploads\/2021\/09\/20JJ1103_151-Edit-1-768x516.jpg 768w, https:\/\/www.laspa.ee\/wp-content\/uploads\/2021\/09\/20JJ1103_151-Edit-1-1536x1031.jpg 1536w, https:\/\/www.laspa.ee\/wp-content\/uploads\/2021\/09\/20JJ1103_151-Edit-1-800x537.jpg 800w, https:\/\/www.laspa.ee\/wp-content\/uploads\/2021\/09\/20JJ1103_151-Edit-1.jpg 1920w\" sizes=\"auto, (max-width: 1150px) 100vw, 1150px\" \/><\/a><\/figure>\n\n\n\n<figure class=\"wp-block-image size-large\"><a href=\"https:\/\/www.laspa.ee\/wp-content\/uploads\/2021\/01\/face_treatments.jpg\"><img loading=\"lazy\" decoding=\"async\" width=\"1150\" height=\"767\" data-id=\"1931\" src=\"https:\/\/www.laspa.ee\/wp-content\/uploads\/2021\/01\/face_treatments-1150x767.jpg\" alt=\"\" class=\"wp-image-1931\" srcset=\"https:\/\/www.laspa.ee\/wp-content\/uploads\/2021\/01\/face_treatments-1150x767.jpg 1150w, https:\/\/www.laspa.ee\/wp-content\/uploads\/2021\/01\/face_treatments-300x200.jpg 300w, https:\/\/www.laspa.ee\/wp-content\/uploads\/2021\/01\/face_treatments-768x512.jpg 768w, https:\/\/www.laspa.ee\/wp-content\/uploads\/2021\/01\/face_treatments-1536x1024.jpg 1536w, https:\/\/www.laspa.ee\/wp-content\/uploads\/2021\/01\/face_treatments-800x533.jpg 800w, https:\/\/www.laspa.ee\/wp-content\/uploads\/2021\/01\/face_treatments.jpg 1920w\" sizes=\"auto, (max-width: 1150px) 100vw, 1150px\" \/><\/a><\/figure>\n\n\n\n<figure class=\"wp-block-image size-large\"><a href=\"https:\/\/www.laspa.ee\/wp-content\/uploads\/2021\/01\/naudi_spa.jpg\"><img loading=\"lazy\" decoding=\"async\" width=\"1150\" height=\"767\" data-id=\"1963\" src=\"https:\/\/www.laspa.ee\/wp-content\/uploads\/2021\/01\/naudi_spa-1150x767.jpg\" alt=\"\" class=\"wp-image-1963\" srcset=\"https:\/\/www.laspa.ee\/wp-content\/uploads\/2021\/01\/naudi_spa-1150x767.jpg 1150w, https:\/\/www.laspa.ee\/wp-content\/uploads\/2021\/01\/naudi_spa-300x200.jpg 300w, https:\/\/www.laspa.ee\/wp-content\/uploads\/2021\/01\/naudi_spa-768x512.jpg 768w, https:\/\/www.laspa.ee\/wp-content\/uploads\/2021\/01\/naudi_spa-1536x1024.jpg 1536w, https:\/\/www.laspa.ee\/wp-content\/uploads\/2021\/01\/naudi_spa-800x533.jpg 800w, https:\/\/www.laspa.ee\/wp-content\/uploads\/2021\/01\/naudi_spa.jpg 1920w\" sizes=\"auto, (max-width: 1150px) 100vw, 1150px\" \/><\/a><\/figure>\n\n\n\n<figure class=\"wp-block-image size-large\"><a href=\"https:\/\/www.laspa.ee\/wp-content\/uploads\/2022\/02\/22JJ0131_329_ekraanile_fotoJarekJoepera.jpg\"><img loading=\"lazy\" decoding=\"async\" width=\"1150\" height=\"747\" data-id=\"8725\" src=\"https:\/\/www.laspa.ee\/wp-content\/uploads\/2022\/02\/22JJ0131_329_ekraanile_fotoJarekJoepera-1150x747.jpg\" alt=\"\" class=\"wp-image-8725\" srcset=\"https:\/\/www.laspa.ee\/wp-content\/uploads\/2022\/02\/22JJ0131_329_ekraanile_fotoJarekJoepera-1150x747.jpg 1150w, https:\/\/www.laspa.ee\/wp-content\/uploads\/2022\/02\/22JJ0131_329_ekraanile_fotoJarekJoepera-300x195.jpg 300w, https:\/\/www.laspa.ee\/wp-content\/uploads\/2022\/02\/22JJ0131_329_ekraanile_fotoJarekJoepera-768x499.jpg 768w, https:\/\/www.laspa.ee\/wp-content\/uploads\/2022\/02\/22JJ0131_329_ekraanile_fotoJarekJoepera-1536x997.jpg 1536w, https:\/\/www.laspa.ee\/wp-content\/uploads\/2022\/02\/22JJ0131_329_ekraanile_fotoJarekJoepera-600x390.jpg 600w, https:\/\/www.laspa.ee\/wp-content\/uploads\/2022\/02\/22JJ0131_329_ekraanile_fotoJarekJoepera-800x519.jpg 800w, https:\/\/www.laspa.ee\/wp-content\/uploads\/2022\/02\/22JJ0131_329_ekraanile_fotoJarekJoepera.jpg 1867w\" sizes=\"auto, (max-width: 1150px) 100vw, 1150px\" \/><\/a><\/figure>\n<\/figure>\n<\/div>\n<\/div>\n\n\n\n<div class=\"custom-twin-cols\"><div class=\"wp-block-columns has-2-columns\"><div class=\"wp-block-column image-block\" data-pos=\"left\"><div class=\"wp-block-column\"><a href=\"https:\/\/www.laspa.ee\/wp-content\/uploads\/2022\/02\/22JJ0131_293_ekraanile_fotoJarekJoepera-1-1150x755.jpg\"><figure class=\"wp-block-image\"><img decoding=\"async\" src=\"https:\/\/www.laspa.ee\/wp-content\/uploads\/2022\/02\/22JJ0131_293_ekraanile_fotoJarekJoepera-1-1150x755.jpg\" alt=\"\"\/><\/figure><\/a><\/div><\/div><div class=\"wp-block-column text-block\">\n<h2 class=\"wp-block-heading\" id=\"cinq-mondes\">Meie atmosf\u00e4\u00e4r<\/h2>\n\n\n\n<p>Naudi LaSpa heaoluspaa on kantud mere ja metsa l\u00e4hedusest ning see peegeldub kogu atmosf\u00e4\u00e4ris. Arhitektid Toomas Korb ja Svilana Shakhnovska (Kiiev) eesm\u00e4rgiks oli luua P\u00f5hjamaade kauneim heaolukeskus, mille sisekujundus j\u00e4tkaks sama meeleolu, mida LaSpa k\u00fclaline kogeb Laulasmaa looduses, mere \u00e4\u00e4res ja m\u00e4nnimetsas. NAUDI LaSpa seintel on kasutatud voogava merelaine joont ning k\u00f5ikjal interj\u00f6\u00f6ris kasutatud kvaliteetsed naturaalsed materjalid loovad skandinaaviap\u00e4rase luksuse tunde. <br>Seintel on Rootsi fotokunstniku Katarina Waldenstromi lillefotod, millel on \u00f5isi kujutatud erinevas olekus, \u00f5ide puhkemisest ja t\u00e4iuslikust \u00f5iteilust kuni \u00f5ielehtede langemiseni.<\/p>\n<\/div><\/div><\/div>\n\n\n\n<h2 class=\"wp-block-heading has-text-align-center\" id=\"meie-spaa-brandid\">Meie spaa br\u00e4ndid<\/h2>\n\n\n\n<div class=\"custom-twin-cols\"><div class=\"wp-block-columns has-2-columns\"><div class=\"wp-block-column text-block\">\n<h2 class=\"wp-block-heading\" id=\"cinq-mondes\">Cinq Mondes<\/h2>\n\n\n\n<p>CINQ MONDES* SPA kaubam\u00e4rgi poolt loodud hooldusrituaalide valik koosneb parimatest maailma eri paikade iidsetest ilu rituaalidest ja traditsioonidest. MONDES hooldustes kasutatakse Dermapuncture tehnikat \u00ae &#8220;n\u00f5elravil ilma n\u00f5elata.&#8221;. See on massaa\u017eitehnika mis t\u00f5eliselt m\u00f5jub!<\/p>\n\n\n\n<p>Cinq Mondes kosmeetikatooted on loodud koos teadlastega \u00fcle maailma ja j\u00e4rgivad k\u00f5iki naturaalsete toodete n\u00f5udeid: sisaldavad orgaanilisi ja looduslikke koostisosi, 0% parabeeni, 0% fenoks\u00fcetanooli, 0% silikooni, 0% mineraal\u00f5li, 0% loomset toorainet, 0% kunstlikke v\u00e4rvaineid. K\u00f5ik tooted on dermatoloogiliselt kontrollitud.<br>*Viis maailma<\/p>\n<\/div><div class=\"wp-block-column image-block\" data-pos=\"right\"><div class=\"wp-block-column\"><figure class=\"wp-block-image\"><img decoding=\"async\" src=\"https:\/\/www.laspa.ee\/wp-content\/uploads\/2020\/12\/CINQ-MONDES-Massage-Dos_laspa-1150x870.jpg\" alt=\"\"\/><\/figure><\/div><\/div><\/div><\/div>\n\n\n\n<div class=\"custom-twin-cols\"><div class=\"wp-block-columns has-2-columns\"><div class=\"wp-block-column image-block\" data-pos=\"left\"><div class=\"wp-block-column\"><a href=\"https:\/\/www.laspa.ee\/wp-content\/uploads\/2020\/12\/swissline_laspa-1150x767.jpg\"><figure class=\"wp-block-image\"><img decoding=\"async\" src=\"https:\/\/www.laspa.ee\/wp-content\/uploads\/2020\/12\/swissline_laspa-1150x767.jpg\" alt=\"\"\/><\/figure><\/a><\/div><\/div><div class=\"wp-block-column text-block\">\n<h2 class=\"wp-block-heading\" id=\"swissline\">Swissline<\/h2>\n\n\n\n<p>Swissline on tulemustele orienteeritud professionaalne nahahooldussari, mis \u00fchendab endas \u0160veitsi tipptasemel teaduse ja eheda glamuuri ning \u00fcletab ka k\u00f5ige n\u00f5udlikumate klientide ootused. \u00dclima t\u00e4psusega loodud rikkalike tekstuuridega Swissline toodete koostised pakuvad nii m\u00f5\u00f5detavaid ja silmn\u00e4htavaid tulemusi kui ka v\u00f5imalust kogeda erakordselt luksuslikke rituaale.<\/p>\n\n\n\n<p>Iseloomustamaks oma unikaalset l\u00e4henemist nahahooldusele on Swissline loonud t\u00e4iesti uue m\u00f5iste GLAMSCIENCE, mis t\u00e4hendab, et oma t\u00f5hususes arste veenvad tooted, on samas ka vastupandamatult glamuursed.<\/p>\n<\/div><\/div><\/div>\n\n\n\n<div class=\"custom-twin-cols\"><div class=\"wp-block-columns has-2-columns\"><div class=\"wp-block-column text-block\">\n<h2 class=\"wp-block-heading\" id=\"leiger-medicinal-mud-from-hiiumaa-island\">Naudi LaSpa on osa Swissline Golden Circle programmist<\/h2>\n\n\n\n<p>Oleme v\u00e4ga \u00f5nnelikud Swissline tunnustuse eest, et LaSpa ja Naudi LaSpa heaoluspaa on valitud Swissline &#8220;Golden Circle&#8221; partnerite hulka.<\/p>\n\n\n\n<p>Swissline&#8217;i Golden Circle on kogum Swissline valitud partneritest, kes on luksuslikud meditsiinikliinikud, meditsiinispaad, viiet\u00e4rnihotellid ja Swissline&#8217;i esmaklassilised jaem\u00fc\u00fcjad.<\/p>\n\n\n\n<p><a href=\"https:\/\/www.swissline-cosmetics.com\/en\/content\/category\/7-golden-circle\">Vaata lisa programmi kohta Swissline Golden Circle<\/a><\/p>\n<\/div><div class=\"wp-block-column image-block\" data-pos=\"right\"><div class=\"wp-block-column\"><figure class=\"wp-block-image\"><img decoding=\"async\" src=\"https:\/\/www.laspa.ee\/wp-content\/uploads\/2024\/03\/SWSISSLINE_LABO_SPA_-16-scaled-e1711360605499-1150x871.jpg\" alt=\"\"\/><\/figure><\/div><\/div><\/div><\/div>\n\n\n\n<div class=\"wp-block-edhotels-gallery custom-grid-gallery\"><div class=\"grid lightgallery\"><div data-src=\"https:\/\/www.laspa.ee\/wp-content\/uploads\/2022\/02\/22JJ0131_293_ekraanile_fotoJarekJoepera-1.jpg\" class=\"grid-item\"><img decoding=\"async\" src=\"https:\/\/www.laspa.ee\/wp-content\/uploads\/2022\/02\/22JJ0131_293_ekraanile_fotoJarekJoepera-1-1150x755.jpg\" alt=\"\" data-id=\"8768\"\/><\/div><div data-src=\"https:\/\/www.laspa.ee\/wp-content\/uploads\/2020\/12\/CINQ-MONDES-Visage-2-HD-scaled.jpg\" class=\"grid-item\"><img decoding=\"async\" src=\"https:\/\/www.laspa.ee\/wp-content\/uploads\/2020\/12\/CINQ-MONDES-Visage-2-HD-683x1024.jpg\" alt=\"Facial treatments in LaSpa\" data-id=\"692\"\/><\/div><div data-src=\"https:\/\/www.laspa.ee\/wp-content\/uploads\/2021\/08\/naudi-3084.jpg\" class=\"grid-item\"><img decoding=\"async\" src=\"https:\/\/www.laspa.ee\/wp-content\/uploads\/2021\/08\/naudi-3084-1150x746.jpg\" alt=\"\" data-id=\"6158\"\/><\/div><div data-src=\"https:\/\/www.laspa.ee\/wp-content\/uploads\/2021\/07\/20JJ1103_151-Edit-2.jpg\" class=\"grid-item\"><img decoding=\"async\" src=\"https:\/\/www.laspa.ee\/wp-content\/uploads\/2021\/07\/20JJ1103_151-Edit-2-1150x772.jpg\" alt=\"\" data-id=\"5192\"\/><\/div><div data-src=\"https:\/\/www.laspa.ee\/wp-content\/uploads\/2020\/12\/massaaz_lastele_laspa.jpg\" class=\"grid-item\"><img decoding=\"async\" src=\"https:\/\/www.laspa.ee\/wp-content\/uploads\/2020\/12\/massaaz_lastele_laspa-1150x767.jpg\" alt=\"Laste massaa\u017e Laulasmaal\" data-id=\"2162\"\/><\/div><div data-src=\"https:\/\/www.laspa.ee\/wp-content\/uploads\/2021\/07\/20JJ1103_151-Edit4.jpg\" class=\"grid-item\"><img decoding=\"async\" src=\"https:\/\/www.laspa.ee\/wp-content\/uploads\/2021\/07\/20JJ1103_151-Edit4-1150x772.jpg\" alt=\"\" data-id=\"5198\"\/><\/div><div data-src=\"https:\/\/www.laspa.ee\/wp-content\/uploads\/2020\/12\/manikyyr_laulasmaa.jpg\" class=\"grid-item\"><img decoding=\"async\" src=\"https:\/\/www.laspa.ee\/wp-content\/uploads\/2020\/12\/manikyyr_laulasmaa-1150x739.jpg\" alt=\"Manik\u00fc\u00fcr Naudi Spaa Laulasmaal\" data-id=\"2177\"\/><\/div><div data-src=\"https:\/\/www.laspa.ee\/wp-content\/uploads\/2021\/01\/relax_laspa.jpg\" class=\"grid-item\"><img decoding=\"async\" src=\"https:\/\/www.laspa.ee\/wp-content\/uploads\/2021\/01\/relax_laspa-1150x767.jpg\" alt=\"Laspa Laulasmaa spaa\" data-id=\"1941\"\/><\/div><div data-src=\"https:\/\/www.laspa.ee\/wp-content\/uploads\/2022\/05\/P1110860v.jpg\" class=\"grid-item\"><img decoding=\"async\" src=\"https:\/\/www.laspa.ee\/wp-content\/uploads\/2022\/05\/P1110860v-1150x648.jpg\" alt=\"\" data-id=\"9840\"\/><\/div><div data-src=\"https:\/\/www.laspa.ee\/wp-content\/uploads\/2021\/01\/laspa_naudi_spa.jpg\" class=\"grid-item\"><img decoding=\"async\" src=\"https:\/\/www.laspa.ee\/wp-content\/uploads\/2021\/01\/laspa_naudi_spa-1150x767.jpg\" alt=\"Naudi spa treatments in Laulasmaa I LaSpa spa hotel\" data-id=\"1929\"\/><\/div><div data-src=\"https:\/\/www.laspa.ee\/wp-content\/uploads\/2020\/11\/gallery-5.jpg\" class=\"grid-item\"><img decoding=\"async\" src=\"https:\/\/www.laspa.ee\/wp-content\/uploads\/2020\/11\/gallery-5.jpg\" alt=\"Laulasmaa spaa I LaSpa\" data-id=\"1227\"\/><\/div><div data-src=\"https:\/\/www.laspa.ee\/wp-content\/uploads\/2022\/02\/22JJ0131_329_ekraanile_fotoJarekJoepera-1.jpg\" class=\"grid-item\"><img decoding=\"async\" src=\"https:\/\/www.laspa.ee\/wp-content\/uploads\/2022\/02\/22JJ0131_329_ekraanile_fotoJarekJoepera-1-1150x747.jpg\" alt=\"\" data-id=\"8771\"\/><\/div><div data-src=\"https:\/\/www.laspa.ee\/wp-content\/uploads\/2021\/08\/20JJ1103_151-Edit-3.jpg\" class=\"grid-item\"><img decoding=\"async\" src=\"https:\/\/www.laspa.ee\/wp-content\/uploads\/2021\/08\/20JJ1103_151-Edit-3-1150x772.jpg\" alt=\"\" data-id=\"6146\"\/><\/div><div data-src=\"https:\/\/www.laspa.ee\/wp-content\/uploads\/2020\/12\/CINQ-MONDES-Massage-Dos_laspa.jpg\" class=\"grid-item\"><img decoding=\"async\" src=\"https:\/\/www.laspa.ee\/wp-content\/uploads\/2020\/12\/CINQ-MONDES-Massage-Dos_laspa-1150x870.jpg\" alt=\"Naudi spa in Laulasmaa I LaSpa spa hotel\" data-id=\"1654\"\/><\/div><div data-src=\"https:\/\/www.laspa.ee\/wp-content\/uploads\/2021\/08\/20JJ1103_011-1.jpg\" class=\"grid-item\"><img decoding=\"async\" src=\"https:\/\/www.laspa.ee\/wp-content\/uploads\/2021\/08\/20JJ1103_011-1-1150x746.jpg\" alt=\"\" data-id=\"6179\"\/><\/div><div data-src=\"https:\/\/www.laspa.ee\/wp-content\/uploads\/2021\/01\/laspa_meeste_hoolitsus.jpg\" class=\"grid-item\"><img decoding=\"async\" src=\"https:\/\/www.laspa.ee\/wp-content\/uploads\/2021\/01\/laspa_meeste_hoolitsus-1150x767.jpg\" alt=\"Naudi spaa n\u00e4ohoolitsus meestele Laulasmaal\" data-id=\"2727\"\/><\/div><div data-src=\"https:\/\/www.laspa.ee\/wp-content\/uploads\/2021\/08\/naudi-3085.jpg\" class=\"grid-item\"><img decoding=\"async\" src=\"https:\/\/www.laspa.ee\/wp-content\/uploads\/2021\/08\/naudi-3085-1150x746.jpg\" alt=\"\" data-id=\"6161\"\/><\/div><div data-src=\"https:\/\/www.laspa.ee\/wp-content\/uploads\/2021\/08\/naudi-3088.jpg\" class=\"grid-item\"><img decoding=\"async\" src=\"https:\/\/www.laspa.ee\/wp-content\/uploads\/2021\/08\/naudi-3088-767x1150.jpg\" alt=\"\" data-id=\"6170\"\/><\/div><div data-src=\"https:\/\/www.laspa.ee\/wp-content\/uploads\/2021\/07\/20JJ1103_151-Edit-1.jpg\" class=\"grid-item\"><img decoding=\"async\" src=\"https:\/\/www.laspa.ee\/wp-content\/uploads\/2021\/07\/20JJ1103_151-Edit-1-1150x772.jpg\" alt=\"\" data-id=\"5189\"\/><\/div><div data-src=\"https:\/\/www.laspa.ee\/wp-content\/uploads\/2021\/08\/naudi-3082-1.jpg\" class=\"grid-item\"><img decoding=\"async\" src=\"https:\/\/www.laspa.ee\/wp-content\/uploads\/2021\/08\/naudi-3082-1-1150x746.jpg\" alt=\"\" data-id=\"6185\"\/><\/div><div data-src=\"https:\/\/www.laspa.ee\/wp-content\/uploads\/2021\/08\/naudi-3083.jpg\" class=\"grid-item\"><img decoding=\"async\" src=\"https:\/\/www.laspa.ee\/wp-content\/uploads\/2021\/08\/naudi-3083-1150x746.jpg\" alt=\"\" data-id=\"6155\"\/><\/div><div data-src=\"https:\/\/www.laspa.ee\/wp-content\/uploads\/2021\/08\/naudi-3086-1.jpg\" class=\"grid-item\"><img decoding=\"async\" src=\"https:\/\/www.laspa.ee\/wp-content\/uploads\/2021\/08\/naudi-3086-1-767x1150.jpg\" alt=\"\" data-id=\"6197\"\/><\/div><div data-src=\"https:\/\/www.laspa.ee\/wp-content\/uploads\/2021\/08\/naudi-3087-1.jpg\" class=\"grid-item\"><img decoding=\"async\" src=\"https:\/\/www.laspa.ee\/wp-content\/uploads\/2021\/08\/naudi-3087-1-767x1150.jpg\" alt=\"\" data-id=\"6200\"\/><\/div><div data-src=\"https:\/\/www.laspa.ee\/wp-content\/uploads\/2021\/08\/naudi-3089-1.jpg\" class=\"grid-item\"><img decoding=\"async\" src=\"https:\/\/www.laspa.ee\/wp-content\/uploads\/2021\/08\/naudi-3089-1-1150x746.jpg\" alt=\"\" data-id=\"6206\"\/><\/div><div data-src=\"https:\/\/www.laspa.ee\/wp-content\/uploads\/2021\/08\/naudi-3090-1.jpg\" class=\"grid-item\"><img decoding=\"async\" src=\"https:\/\/www.laspa.ee\/wp-content\/uploads\/2021\/08\/naudi-3090-1-767x1150.jpg\" alt=\"\" data-id=\"6209\"\/><\/div><div data-src=\"https:\/\/www.laspa.ee\/wp-content\/uploads\/2021\/08\/naudi-3091.jpg\" class=\"grid-item\"><img decoding=\"async\" src=\"https:\/\/www.laspa.ee\/wp-content\/uploads\/2021\/08\/naudi-3091-1150x746.jpg\" alt=\"\" data-id=\"6212\"\/><\/div><\/div><\/div>\n<\/div>\n\n\n\n<div class=\"wp-block-webfactory-map alignfull google-map-edhotels\"><div class=\"wp-block-webfactory-map\"><\/div><\/div>\n\n\n\n<p><\/p>\n","protected":false},"excerpt":{"rendered":"","protected":false},"author":2,"featured_media":0,"parent":0,"menu_order":274,"comment_status":"closed","ping_status":"closed","template":"","meta":{"_acf_changed":false,"footnotes":""},"class_list":["post-1667","page","type-page","status-publish","hentry"],"acf":false,"yoast_head":"<!-- This site is optimized with the Yoast SEO plugin v27.2 - https:\/\/yoast.com\/product\/yoast-seo-wordpress\/ -->\n<title>NAUDI LaSpa - LaSpa Laulasmaa<\/title>\n<meta name=\"robots\" content=\"index, follow, max-snippet:-1, max-image-preview:large, max-video-preview:-1\" \/>\n<link rel=\"canonical\" href=\"https:\/\/www.laspa.ee\/et\/naudi-spaa\/\" \/>\n<meta property=\"og:locale\" content=\"et_EE\" \/>\n<meta property=\"og:type\" content=\"article\" \/>\n<meta property=\"og:title\" content=\"NAUDI LaSpa - LaSpa Laulasmaa\" \/>\n<meta property=\"og:url\" content=\"https:\/\/www.laspa.ee\/et\/naudi-spaa\/\" \/>\n<meta property=\"og:site_name\" content=\"LaSpa Laulasmaa\" \/>\n<meta property=\"article:publisher\" content=\"https:\/\/www.facebook.com\/LaSpaLaulasmaa\" \/>\n<meta property=\"article:modified_time\" content=\"2025-09-11T11:50:14+00:00\" \/>\n<meta property=\"og:image\" content=\"https:\/\/www.laspa.ee\/wp-content\/uploads\/2020\/12\/laspa.jpg\" \/>\n<meta name=\"twitter:card\" content=\"summary_large_image\" \/>\n<meta name=\"twitter:label1\" content=\"Est. reading time\" \/>\n\t<meta name=\"twitter:data1\" content=\"9 minutit\" \/>\n<script type=\"application\/ld+json\" class=\"yoast-schema-graph\">{\"@context\":\"https:\/\/schema.org\",\"@graph\":[{\"@type\":\"WebPage\",\"@id\":\"https:\/\/www.laspa.ee\/et\/naudi-spaa\/\",\"url\":\"https:\/\/www.laspa.ee\/et\/naudi-spaa\/\",\"name\":\"NAUDI LaSpa - LaSpa Laulasmaa\",\"isPartOf\":{\"@id\":\"https:\/\/www.laspa.ee\/et\/#website\"},\"primaryImageOfPage\":{\"@id\":\"https:\/\/www.laspa.ee\/et\/naudi-spaa\/#primaryimage\"},\"image\":{\"@id\":\"https:\/\/www.laspa.ee\/et\/naudi-spaa\/#primaryimage\"},\"thumbnailUrl\":\"https:\/\/www.laspa.ee\/wp-content\/uploads\/2020\/12\/laspa.jpg\",\"datePublished\":\"2020-12-29T18:24:35+00:00\",\"dateModified\":\"2025-09-11T11:50:14+00:00\",\"breadcrumb\":{\"@id\":\"https:\/\/www.laspa.ee\/et\/naudi-spaa\/#breadcrumb\"},\"inLanguage\":\"et\",\"potentialAction\":[{\"@type\":\"ReadAction\",\"target\":[\"https:\/\/www.laspa.ee\/et\/naudi-spaa\/\"]}]},{\"@type\":\"ImageObject\",\"inLanguage\":\"et\",\"@id\":\"https:\/\/www.laspa.ee\/et\/naudi-spaa\/#primaryimage\",\"url\":\"https:\/\/www.laspa.ee\/wp-content\/uploads\/2020\/12\/laspa.jpg\",\"contentUrl\":\"https:\/\/www.laspa.ee\/wp-content\/uploads\/2020\/12\/laspa.jpg\"},{\"@type\":\"BreadcrumbList\",\"@id\":\"https:\/\/www.laspa.ee\/et\/naudi-spaa\/#breadcrumb\",\"itemListElement\":[{\"@type\":\"ListItem\",\"position\":1,\"name\":\"Home\",\"item\":\"https:\/\/www.laspa.ee\/et\/\"},{\"@type\":\"ListItem\",\"position\":2,\"name\":\"NAUDI LaSpa\"}]},{\"@type\":\"WebSite\",\"@id\":\"https:\/\/www.laspa.ee\/et\/#website\",\"url\":\"https:\/\/www.laspa.ee\/et\/\",\"name\":\"LaSpa Laulasmaa\",\"description\":\"Wellbeing by nature\",\"potentialAction\":[{\"@type\":\"SearchAction\",\"target\":{\"@type\":\"EntryPoint\",\"urlTemplate\":\"https:\/\/www.laspa.ee\/et\/?s={search_term_string}\"},\"query-input\":{\"@type\":\"PropertyValueSpecification\",\"valueRequired\":true,\"valueName\":\"search_term_string\"}}],\"inLanguage\":\"et\"}]}<\/script>\n<!-- \/ Yoast SEO plugin. -->","yoast_head_json":{"title":"NAUDI LaSpa - LaSpa Laulasmaa","robots":{"index":"index","follow":"follow","max-snippet":"max-snippet:-1","max-image-preview":"max-image-preview:large","max-video-preview":"max-video-preview:-1"},"canonical":"https:\/\/www.laspa.ee\/et\/naudi-spaa\/","og_locale":"et_EE","og_type":"article","og_title":"NAUDI LaSpa - LaSpa Laulasmaa","og_url":"https:\/\/www.laspa.ee\/et\/naudi-spaa\/","og_site_name":"LaSpa Laulasmaa","article_publisher":"https:\/\/www.facebook.com\/LaSpaLaulasmaa","article_modified_time":"2025-09-11T11:50:14+00:00","og_image":[{"url":"https:\/\/www.laspa.ee\/wp-content\/uploads\/2020\/12\/laspa.jpg","type":"","width":"","height":""}],"twitter_card":"summary_large_image","twitter_misc":{"Est. reading time":"9 minutit"},"schema":{"@context":"https:\/\/schema.org","@graph":[{"@type":"WebPage","@id":"https:\/\/www.laspa.ee\/et\/naudi-spaa\/","url":"https:\/\/www.laspa.ee\/et\/naudi-spaa\/","name":"NAUDI LaSpa - LaSpa Laulasmaa","isPartOf":{"@id":"https:\/\/www.laspa.ee\/et\/#website"},"primaryImageOfPage":{"@id":"https:\/\/www.laspa.ee\/et\/naudi-spaa\/#primaryimage"},"image":{"@id":"https:\/\/www.laspa.ee\/et\/naudi-spaa\/#primaryimage"},"thumbnailUrl":"https:\/\/www.laspa.ee\/wp-content\/uploads\/2020\/12\/laspa.jpg","datePublished":"2020-12-29T18:24:35+00:00","dateModified":"2025-09-11T11:50:14+00:00","breadcrumb":{"@id":"https:\/\/www.laspa.ee\/et\/naudi-spaa\/#breadcrumb"},"inLanguage":"et","potentialAction":[{"@type":"ReadAction","target":["https:\/\/www.laspa.ee\/et\/naudi-spaa\/"]}]},{"@type":"ImageObject","inLanguage":"et","@id":"https:\/\/www.laspa.ee\/et\/naudi-spaa\/#primaryimage","url":"https:\/\/www.laspa.ee\/wp-content\/uploads\/2020\/12\/laspa.jpg","contentUrl":"https:\/\/www.laspa.ee\/wp-content\/uploads\/2020\/12\/laspa.jpg"},{"@type":"BreadcrumbList","@id":"https:\/\/www.laspa.ee\/et\/naudi-spaa\/#breadcrumb","itemListElement":[{"@type":"ListItem","position":1,"name":"Home","item":"https:\/\/www.laspa.ee\/et\/"},{"@type":"ListItem","position":2,"name":"NAUDI LaSpa"}]},{"@type":"WebSite","@id":"https:\/\/www.laspa.ee\/et\/#website","url":"https:\/\/www.laspa.ee\/et\/","name":"LaSpa Laulasmaa","description":"Wellbeing by nature","potentialAction":[{"@type":"SearchAction","target":{"@type":"EntryPoint","urlTemplate":"https:\/\/www.laspa.ee\/et\/?s={search_term_string}"},"query-input":{"@type":"PropertyValueSpecification","valueRequired":true,"valueName":"search_term_string"}}],"inLanguage":"et"}]}},"_links":{"self":[{"href":"https:\/\/www.laspa.ee\/et\/wp-json\/wp\/v2\/pages\/1667","targetHints":{"allow":["GET"]}}],"collection":[{"href":"https:\/\/www.laspa.ee\/et\/wp-json\/wp\/v2\/pages"}],"about":[{"href":"https:\/\/www.laspa.ee\/et\/wp-json\/wp\/v2\/types\/page"}],"author":[{"embeddable":true,"href":"https:\/\/www.laspa.ee\/et\/wp-json\/wp\/v2\/users\/2"}],"replies":[{"embeddable":true,"href":"https:\/\/www.laspa.ee\/et\/wp-json\/wp\/v2\/comments?post=1667"}],"version-history":[{"count":53,"href":"https:\/\/www.laspa.ee\/et\/wp-json\/wp\/v2\/pages\/1667\/revisions"}],"predecessor-version":[{"id":20684,"href":"https:\/\/www.laspa.ee\/et\/wp-json\/wp\/v2\/pages\/1667\/revisions\/20684"}],"wp:attachment":[{"href":"https:\/\/www.laspa.ee\/et\/wp-json\/wp\/v2\/media?parent=1667"}],"curies":[{"name":"wp","href":"https:\/\/api.w.org\/{rel}","templated":true}]}}