{"id":16902,"date":"2023-12-11T00:36:32","date_gmt":"2023-12-10T22:36:32","guid":{"rendered":"https:\/\/www.laspa.ee\/?page_id=16902"},"modified":"2026-01-05T17:19:45","modified_gmt":"2026-01-05T15:19:45","slug":"ajalugu","status":"publish","type":"page","link":"https:\/\/www.laspa.ee\/et\/ajalugu\/","title":{"rendered":"Ajalugu"},"content":{"rendered":"\n<div class=\"wp-block-cover alignfull\"><img loading=\"lazy\" decoding=\"async\" width=\"2016\" height=\"1512\" class=\"wp-block-cover__image-background wp-image-15011\" alt=\"\" src=\"https:\/\/www.laspa.ee\/wp-content\/uploads\/2023\/06\/l-hdrr.jpg\" data-object-fit=\"cover\" srcset=\"https:\/\/www.laspa.ee\/wp-content\/uploads\/2023\/06\/l-hdrr.jpg 2016w, https:\/\/www.laspa.ee\/wp-content\/uploads\/2023\/06\/l-hdrr-300x225.jpg 300w, https:\/\/www.laspa.ee\/wp-content\/uploads\/2023\/06\/l-hdrr-1150x863.jpg 1150w, https:\/\/www.laspa.ee\/wp-content\/uploads\/2023\/06\/l-hdrr-768x576.jpg 768w, https:\/\/www.laspa.ee\/wp-content\/uploads\/2023\/06\/l-hdrr-1536x1152.jpg 1536w, https:\/\/www.laspa.ee\/wp-content\/uploads\/2023\/06\/l-hdrr-800x600.jpg 800w\" sizes=\"auto, (max-width: 2016px) 100vw, 2016px\" \/><span aria-hidden=\"true\" class=\"wp-block-cover__background has-background-dim\"><\/span><div class=\"wp-block-cover__inner-container is-layout-flow wp-block-cover-is-layout-flow\">\n<h1 class=\"wp-block-heading has-text-align-center has-white-color has-text-color\">Heaolu alates 1813<\/h1>\n<\/div><\/div>\n\n\n\n<div class=\"wp-block-columns alignwide is-layout-flex wp-container-corecolumns-is-layout-9d6595d7 wp-block-columns-is-layout-flex\">\n<div class=\"wp-block-column is-vertically-aligned-center text-block is-layout-flow wp-block-column-is-layout-flow\">\n<p>Laulasmaa k\u00fclast leiab esimesi kirjalikke teateid 17. sajandist. Rootsiaegsetel kaartidel kohtab nimekuju Laulasmeh. Laulasmaa m\u00f5is asutati 1787. a. Arvatavasti \u00fcsna varsti kerkis tagasihoidlik \u00fchekordne puidust peahoone, mida enam pole. <\/p>\n\n\n\n<p>Ajaloom\u00e4rkmed k\u00f5nelevad, et Laulasmaa m\u00f5isa vannimajas pakuti juba 1813. a ravik\u00fcmblusteenust, seega oli see esimesi spaalaadseid asutusi Eestis.<br>Kogu Laulasmaa piirkond muutus juba 19. sajandi l\u00f5pus menukaks suvituspaigaks. 20. sajandi jooksul kogus kuurort aina populaarsust. 1950. aastatel hakati mere \u00e4\u00e4rde m\u00e4nnikusse rajama suurt \u00fcleliidulist ameti\u00fchingute puhkekodu. 1950. ja 1960. aastatel sai see juurde hulga hooneid.  LaSpa territooriumil ongi k\u00f5ige vanem hoone LaSpa Rannamaja. 1980. aastatel paisus kompleks veel suuremaks. Puhkekodusse suvitama p\u00e4\u00e4ses n\u00f5ukogude t\u00f6\u00f6taja oma asutuse ameti\u00fchingust saadud tuusikuga.<\/p>\n\n\n\n<p><br>P\u00e4rast N\u00f5ukogude aega t\u00f6\u00f6tas kompleks l\u00fchidalt sanatooriumina. Seej\u00e4rel muutis omanik Ameti\u00fchingute Keskliit sanatooriumi Laulasmaa Koolitus- ja Puhkekeskuseks, mida kasutati suuremate \u00fcrituste l\u00e4biviimiseks. 1990. aastate teisel poolel m\u00fc\u00fcdi kogu kompleks eraettev\u00f5ttele, kes selle renoveeris ja rajas spa.<\/p>\n\n\n\n<div class=\"wp-block-buttons is-layout-flex wp-block-buttons-is-layout-flex\"><\/div>\n<\/div>\n\n\n\n<div class=\"wp-block-column is-vertically-aligned-top image-block is-layout-flow wp-block-column-is-layout-flow\">\n<figure class=\"wp-block-gallery has-nested-images columns-default is-cropped wp-block-gallery-1 is-layout-flex wp-block-gallery-is-layout-flex\">\n<figure class=\"wp-block-image size-full\"><a href=\"https:\/\/www.laspa.ee\/wp-content\/uploads\/2023\/12\/EFA.332.0.162284.jpg\"><img loading=\"lazy\" decoding=\"async\" width=\"800\" height=\"615\" data-id=\"16906\" src=\"https:\/\/www.laspa.ee\/wp-content\/uploads\/2023\/12\/EFA.332.0.162284.jpg\" alt=\"\" class=\"wp-image-16906\" srcset=\"https:\/\/www.laspa.ee\/wp-content\/uploads\/2023\/12\/EFA.332.0.162284.jpg 800w, https:\/\/www.laspa.ee\/wp-content\/uploads\/2023\/12\/EFA.332.0.162284-300x231.jpg 300w, https:\/\/www.laspa.ee\/wp-content\/uploads\/2023\/12\/EFA.332.0.162284-768x590.jpg 768w\" sizes=\"auto, (max-width: 800px) 100vw, 800px\" \/><\/a><figcaption class=\"wp-element-caption\"> <\/figcaption><\/figure>\n\n\n\n<figure class=\"wp-block-image size-full\"><a href=\"https:\/\/www.laspa.ee\/wp-content\/uploads\/2023\/12\/EFA.271.0.391096.jpg\"><img loading=\"lazy\" decoding=\"async\" width=\"800\" height=\"587\" data-id=\"16903\" src=\"https:\/\/www.laspa.ee\/wp-content\/uploads\/2023\/12\/EFA.271.0.391096.jpg\" alt=\"\" class=\"wp-image-16903\" srcset=\"https:\/\/www.laspa.ee\/wp-content\/uploads\/2023\/12\/EFA.271.0.391096.jpg 800w, https:\/\/www.laspa.ee\/wp-content\/uploads\/2023\/12\/EFA.271.0.391096-300x220.jpg 300w, https:\/\/www.laspa.ee\/wp-content\/uploads\/2023\/12\/EFA.271.0.391096-768x564.jpg 768w\" sizes=\"auto, (max-width: 800px) 100vw, 800px\" \/><\/a><\/figure>\n\n\n\n<figure class=\"wp-block-image size-full\"><a href=\"https:\/\/www.laspa.ee\/wp-content\/uploads\/2023\/12\/EFA.649.0.219546-1959.jpg\"><img loading=\"lazy\" decoding=\"async\" width=\"800\" height=\"822\" data-id=\"16918\" src=\"https:\/\/www.laspa.ee\/wp-content\/uploads\/2023\/12\/EFA.649.0.219546-1959.jpg\" alt=\"\" class=\"wp-image-16918\" srcset=\"https:\/\/www.laspa.ee\/wp-content\/uploads\/2023\/12\/EFA.649.0.219546-1959.jpg 800w, https:\/\/www.laspa.ee\/wp-content\/uploads\/2023\/12\/EFA.649.0.219546-1959-292x300.jpg 292w, https:\/\/www.laspa.ee\/wp-content\/uploads\/2023\/12\/EFA.649.0.219546-1959-768x789.jpg 768w\" sizes=\"auto, (max-width: 800px) 100vw, 800px\" \/><\/a><\/figure>\n\n\n\n<figure class=\"wp-block-image size-full\"><a href=\"https:\/\/www.laspa.ee\/wp-content\/uploads\/2023\/12\/EFA.570.0.402492-1966.jpg\"><img loading=\"lazy\" decoding=\"async\" width=\"800\" height=\"553\" data-id=\"16915\" src=\"https:\/\/www.laspa.ee\/wp-content\/uploads\/2023\/12\/EFA.570.0.402492-1966.jpg\" alt=\"\" class=\"wp-image-16915\" srcset=\"https:\/\/www.laspa.ee\/wp-content\/uploads\/2023\/12\/EFA.570.0.402492-1966.jpg 800w, https:\/\/www.laspa.ee\/wp-content\/uploads\/2023\/12\/EFA.570.0.402492-1966-300x207.jpg 300w, https:\/\/www.laspa.ee\/wp-content\/uploads\/2023\/12\/EFA.570.0.402492-1966-768x531.jpg 768w\" sizes=\"auto, (max-width: 800px) 100vw, 800px\" \/><\/a><\/figure>\n<\/figure>\n<\/div>\n<\/div>\n\n\n\n<div class=\"custom-twin-cols\"><div class=\"wp-block-columns has-2-columns\"><div class=\"wp-block-column image-block\" data-pos=\"left\"><div class=\"wp-block-column\"><a href=\"https:\/\/www.laspa.ee\/wp-content\/uploads\/2023\/12\/EFA.493.0.152287-1991.jpg\"><figure class=\"wp-block-image\"><img decoding=\"async\" src=\"https:\/\/www.laspa.ee\/wp-content\/uploads\/2023\/12\/EFA.493.0.152287-1991.jpg\" alt=\"\"\/><\/figure><\/a><\/div><\/div><div class=\"wp-block-column text-block\">\n<h2 class=\"wp-block-heading\">Hotelli peamaja<\/h2>\n\n\n\n<p>Laulasmaa spaahotell praegusel kujul on ehitatud 2003. aastal, hoone arhitekt oli Priit Ehala. Juba tehtud ja kavandatavate rekonstrueerimisprojektide projekteerijaks on sisekujundaja Toomas Korb. Perekond Elam H\u00e5kansson sai spaahotelli ja selle 14-hektarilise metsa- ja mereala omanikuks 13 aastat tagasi, esialgu osaliselt ja hiljem 100%. Sellest ajast on omanikud investeerinud spaakompleksi renoveerimisse \u00fcle 10 miljoni euro ning LaSpa uueneb pidevalt.<\/p>\n<\/div><\/div><\/div>\n\n\n\n<div class=\"wp-block-edhotels-gallery custom-grid-gallery\"><div class=\"grid lightgallery\"><div data-src=\"https:\/\/www.laspa.ee\/wp-content\/uploads\/2023\/12\/muis_V8Y0SK3.jpg\" class=\"grid-item\"><img decoding=\"async\" src=\"https:\/\/www.laspa.ee\/wp-content\/uploads\/2023\/12\/muis_V8Y0SK3.jpg\" alt=\"\" data-id=\"16927\"\/><\/div><div data-src=\"https:\/\/www.laspa.ee\/wp-content\/uploads\/2023\/12\/HMK___F_349995.jpg\" class=\"grid-item\"><img decoding=\"async\" src=\"https:\/\/www.laspa.ee\/wp-content\/uploads\/2023\/12\/HMK___F_349995.jpg\" alt=\"\" data-id=\"16930\"\/><\/div><div data-src=\"https:\/\/www.laspa.ee\/wp-content\/uploads\/2023\/12\/EFA.493.0.152287-1991.jpg\" class=\"grid-item\"><img decoding=\"async\" src=\"https:\/\/www.laspa.ee\/wp-content\/uploads\/2023\/12\/EFA.493.0.152287-1991.jpg\" alt=\"\" data-id=\"16922\"\/><\/div><div data-src=\"https:\/\/www.laspa.ee\/wp-content\/uploads\/2023\/12\/EFA.649.0.219546-1959.jpg\" class=\"grid-item\"><img decoding=\"async\" src=\"https:\/\/www.laspa.ee\/wp-content\/uploads\/2023\/12\/EFA.649.0.219546-1959.jpg\" alt=\"\" data-id=\"16919\"\/><\/div><div data-src=\"https:\/\/www.laspa.ee\/wp-content\/uploads\/2023\/12\/EFA.570.0.402492-1966.jpg\" class=\"grid-item\"><img decoding=\"async\" src=\"https:\/\/www.laspa.ee\/wp-content\/uploads\/2023\/12\/EFA.570.0.402492-1966.jpg\" alt=\"\" data-id=\"16916\"\/><\/div><div data-src=\"https:\/\/www.laspa.ee\/wp-content\/uploads\/2023\/12\/EFA.271.0.391096-1960.jpg\" class=\"grid-item\"><img decoding=\"async\" src=\"https:\/\/www.laspa.ee\/wp-content\/uploads\/2023\/12\/EFA.271.0.391096-1960.jpg\" alt=\"\" data-id=\"16913\"\/><\/div><div data-src=\"https:\/\/www.laspa.ee\/wp-content\/uploads\/2023\/12\/EFA.204.0.257250.jpg\" class=\"grid-item\"><img decoding=\"async\" src=\"https:\/\/www.laspa.ee\/wp-content\/uploads\/2023\/12\/EFA.204.0.257250.jpg\" alt=\"\" data-id=\"16910\"\/><\/div><div data-src=\"https:\/\/www.laspa.ee\/wp-content\/uploads\/2023\/12\/EFA.271.0.391096.jpg\" class=\"grid-item\"><img decoding=\"async\" src=\"https:\/\/www.laspa.ee\/wp-content\/uploads\/2023\/12\/EFA.271.0.391096.jpg\" alt=\"\" data-id=\"16904\"\/><\/div><div data-src=\"https:\/\/www.laspa.ee\/wp-content\/uploads\/2023\/12\/EFA.332.0.162284.jpg\" class=\"grid-item\"><img decoding=\"async\" src=\"https:\/\/www.laspa.ee\/wp-content\/uploads\/2023\/12\/EFA.332.0.162284.jpg\" alt=\"\" data-id=\"16907\"\/><\/div><\/div><\/div>\n","protected":false},"excerpt":{"rendered":"<p>Laulasmaa k\u00fclast leiab esimesi kirjalikke teateid 17. sajandist. Rootsiaegsetel kaartidel kohtab nimekuju Laulasmeh. Laulasmaa m\u00f5is asutati 1787. a. Arvatavasti \u00fcsna varsti kerkis tagasihoidlik \u00fchekordne puidust peahoone, mida enam pole. Ajaloom\u00e4rkmed k\u00f5nelevad, et Laulasmaa m\u00f5isa vannimajas pakuti juba 1813. a ravik\u00fcmblusteenust, seega oli see esimesi spaalaadseid asutusi Eestis.Kogu Laulasmaa piirkond muutus juba 19. sajandi l\u00f5pus menukaks [&hellip;]<\/p>\n","protected":false},"author":4,"featured_media":0,"parent":0,"menu_order":59,"comment_status":"closed","ping_status":"closed","template":"","meta":{"_acf_changed":false,"footnotes":""},"class_list":["post-16902","page","type-page","status-publish","hentry"],"acf":false,"yoast_head":"<!-- This site is optimized with the Yoast SEO plugin v27.4 - https:\/\/yoast.com\/product\/yoast-seo-wordpress\/ -->\n<title>Ajalugu - LaSpa Laulasmaa<\/title>\n<meta name=\"robots\" content=\"index, follow, max-snippet:-1, max-image-preview:large, max-video-preview:-1\" \/>\n<link rel=\"canonical\" href=\"https:\/\/www.laspa.ee\/et\/ajalugu\/\" \/>\n<meta property=\"og:locale\" content=\"et_EE\" \/>\n<meta property=\"og:type\" content=\"article\" \/>\n<meta property=\"og:title\" content=\"Ajalugu - LaSpa Laulasmaa\" \/>\n<meta property=\"og:description\" content=\"Laulasmaa k\u00fclast leiab esimesi kirjalikke teateid 17. sajandist. Rootsiaegsetel kaartidel kohtab nimekuju Laulasmeh. Laulasmaa m\u00f5is asutati 1787. a. Arvatavasti \u00fcsna varsti kerkis tagasihoidlik \u00fchekordne puidust peahoone, mida enam pole. Ajaloom\u00e4rkmed k\u00f5nelevad, et Laulasmaa m\u00f5isa vannimajas pakuti juba 1813. a ravik\u00fcmblusteenust, seega oli see esimesi spaalaadseid asutusi Eestis.Kogu Laulasmaa piirkond muutus juba 19. sajandi l\u00f5pus menukaks [&hellip;]\" \/>\n<meta property=\"og:url\" content=\"https:\/\/www.laspa.ee\/et\/ajalugu\/\" \/>\n<meta property=\"og:site_name\" content=\"LaSpa Laulasmaa\" \/>\n<meta property=\"article:publisher\" content=\"https:\/\/www.facebook.com\/LaSpaLaulasmaa\" \/>\n<meta property=\"article:modified_time\" content=\"2026-01-05T15:19:45+00:00\" \/>\n<meta property=\"og:image\" content=\"https:\/\/www.laspa.ee\/wp-content\/uploads\/2023\/06\/l-hdrr.jpg\" \/>\n\t<meta property=\"og:image:width\" content=\"2016\" \/>\n\t<meta property=\"og:image:height\" content=\"1512\" \/>\n\t<meta property=\"og:image:type\" content=\"image\/jpeg\" \/>\n<meta name=\"twitter:card\" content=\"summary_large_image\" \/>\n<meta name=\"twitter:label1\" content=\"Est. reading time\" \/>\n\t<meta name=\"twitter:data1\" content=\"4 minutit\" \/>\n<script type=\"application\/ld+json\" class=\"yoast-schema-graph\">{\"@context\":\"https:\\\/\\\/schema.org\",\"@graph\":[{\"@type\":\"WebPage\",\"@id\":\"https:\\\/\\\/www.laspa.ee\\\/et\\\/ajalugu\\\/\",\"url\":\"https:\\\/\\\/www.laspa.ee\\\/et\\\/ajalugu\\\/\",\"name\":\"Ajalugu - LaSpa Laulasmaa\",\"isPartOf\":{\"@id\":\"https:\\\/\\\/www.laspa.ee\\\/et\\\/#website\"},\"primaryImageOfPage\":{\"@id\":\"https:\\\/\\\/www.laspa.ee\\\/et\\\/ajalugu\\\/#primaryimage\"},\"image\":{\"@id\":\"https:\\\/\\\/www.laspa.ee\\\/et\\\/ajalugu\\\/#primaryimage\"},\"thumbnailUrl\":\"https:\\\/\\\/www.laspa.ee\\\/wp-content\\\/uploads\\\/2023\\\/06\\\/l-hdrr.jpg\",\"datePublished\":\"2023-12-10T22:36:32+00:00\",\"dateModified\":\"2026-01-05T15:19:45+00:00\",\"breadcrumb\":{\"@id\":\"https:\\\/\\\/www.laspa.ee\\\/et\\\/ajalugu\\\/#breadcrumb\"},\"inLanguage\":\"et\",\"potentialAction\":[{\"@type\":\"ReadAction\",\"target\":[\"https:\\\/\\\/www.laspa.ee\\\/et\\\/ajalugu\\\/\"]}]},{\"@type\":\"ImageObject\",\"inLanguage\":\"et\",\"@id\":\"https:\\\/\\\/www.laspa.ee\\\/et\\\/ajalugu\\\/#primaryimage\",\"url\":\"https:\\\/\\\/www.laspa.ee\\\/wp-content\\\/uploads\\\/2023\\\/06\\\/l-hdrr.jpg\",\"contentUrl\":\"https:\\\/\\\/www.laspa.ee\\\/wp-content\\\/uploads\\\/2023\\\/06\\\/l-hdrr.jpg\"},{\"@type\":\"BreadcrumbList\",\"@id\":\"https:\\\/\\\/www.laspa.ee\\\/et\\\/ajalugu\\\/#breadcrumb\",\"itemListElement\":[{\"@type\":\"ListItem\",\"position\":1,\"name\":\"Home\",\"item\":\"https:\\\/\\\/www.laspa.ee\\\/et\\\/\"},{\"@type\":\"ListItem\",\"position\":2,\"name\":\"Ajalugu\"}]},{\"@type\":\"WebSite\",\"@id\":\"https:\\\/\\\/www.laspa.ee\\\/et\\\/#website\",\"url\":\"https:\\\/\\\/www.laspa.ee\\\/et\\\/\",\"name\":\"LaSpa Laulasmaa\",\"description\":\"Wellbeing by nature\",\"potentialAction\":[{\"@type\":\"SearchAction\",\"target\":{\"@type\":\"EntryPoint\",\"urlTemplate\":\"https:\\\/\\\/www.laspa.ee\\\/et\\\/?s={search_term_string}\"},\"query-input\":{\"@type\":\"PropertyValueSpecification\",\"valueRequired\":true,\"valueName\":\"search_term_string\"}}],\"inLanguage\":\"et\"}]}<\/script>\n<!-- \/ Yoast SEO plugin. -->","yoast_head_json":{"title":"Ajalugu - LaSpa Laulasmaa","robots":{"index":"index","follow":"follow","max-snippet":"max-snippet:-1","max-image-preview":"max-image-preview:large","max-video-preview":"max-video-preview:-1"},"canonical":"https:\/\/www.laspa.ee\/et\/ajalugu\/","og_locale":"et_EE","og_type":"article","og_title":"Ajalugu - LaSpa Laulasmaa","og_description":"Laulasmaa k\u00fclast leiab esimesi kirjalikke teateid 17. sajandist. Rootsiaegsetel kaartidel kohtab nimekuju Laulasmeh. Laulasmaa m\u00f5is asutati 1787. a. Arvatavasti \u00fcsna varsti kerkis tagasihoidlik \u00fchekordne puidust peahoone, mida enam pole. Ajaloom\u00e4rkmed k\u00f5nelevad, et Laulasmaa m\u00f5isa vannimajas pakuti juba 1813. a ravik\u00fcmblusteenust, seega oli see esimesi spaalaadseid asutusi Eestis.Kogu Laulasmaa piirkond muutus juba 19. sajandi l\u00f5pus menukaks [&hellip;]","og_url":"https:\/\/www.laspa.ee\/et\/ajalugu\/","og_site_name":"LaSpa Laulasmaa","article_publisher":"https:\/\/www.facebook.com\/LaSpaLaulasmaa","article_modified_time":"2026-01-05T15:19:45+00:00","og_image":[{"width":2016,"height":1512,"url":"https:\/\/www.laspa.ee\/wp-content\/uploads\/2023\/06\/l-hdrr.jpg","type":"image\/jpeg"}],"twitter_card":"summary_large_image","twitter_misc":{"Est. reading time":"4 minutit"},"schema":{"@context":"https:\/\/schema.org","@graph":[{"@type":"WebPage","@id":"https:\/\/www.laspa.ee\/et\/ajalugu\/","url":"https:\/\/www.laspa.ee\/et\/ajalugu\/","name":"Ajalugu - LaSpa Laulasmaa","isPartOf":{"@id":"https:\/\/www.laspa.ee\/et\/#website"},"primaryImageOfPage":{"@id":"https:\/\/www.laspa.ee\/et\/ajalugu\/#primaryimage"},"image":{"@id":"https:\/\/www.laspa.ee\/et\/ajalugu\/#primaryimage"},"thumbnailUrl":"https:\/\/www.laspa.ee\/wp-content\/uploads\/2023\/06\/l-hdrr.jpg","datePublished":"2023-12-10T22:36:32+00:00","dateModified":"2026-01-05T15:19:45+00:00","breadcrumb":{"@id":"https:\/\/www.laspa.ee\/et\/ajalugu\/#breadcrumb"},"inLanguage":"et","potentialAction":[{"@type":"ReadAction","target":["https:\/\/www.laspa.ee\/et\/ajalugu\/"]}]},{"@type":"ImageObject","inLanguage":"et","@id":"https:\/\/www.laspa.ee\/et\/ajalugu\/#primaryimage","url":"https:\/\/www.laspa.ee\/wp-content\/uploads\/2023\/06\/l-hdrr.jpg","contentUrl":"https:\/\/www.laspa.ee\/wp-content\/uploads\/2023\/06\/l-hdrr.jpg"},{"@type":"BreadcrumbList","@id":"https:\/\/www.laspa.ee\/et\/ajalugu\/#breadcrumb","itemListElement":[{"@type":"ListItem","position":1,"name":"Home","item":"https:\/\/www.laspa.ee\/et\/"},{"@type":"ListItem","position":2,"name":"Ajalugu"}]},{"@type":"WebSite","@id":"https:\/\/www.laspa.ee\/et\/#website","url":"https:\/\/www.laspa.ee\/et\/","name":"LaSpa Laulasmaa","description":"Wellbeing by nature","potentialAction":[{"@type":"SearchAction","target":{"@type":"EntryPoint","urlTemplate":"https:\/\/www.laspa.ee\/et\/?s={search_term_string}"},"query-input":{"@type":"PropertyValueSpecification","valueRequired":true,"valueName":"search_term_string"}}],"inLanguage":"et"}]}},"_links":{"self":[{"href":"https:\/\/www.laspa.ee\/et\/wp-json\/wp\/v2\/pages\/16902","targetHints":{"allow":["GET"]}}],"collection":[{"href":"https:\/\/www.laspa.ee\/et\/wp-json\/wp\/v2\/pages"}],"about":[{"href":"https:\/\/www.laspa.ee\/et\/wp-json\/wp\/v2\/types\/page"}],"author":[{"embeddable":true,"href":"https:\/\/www.laspa.ee\/et\/wp-json\/wp\/v2\/users\/4"}],"replies":[{"embeddable":true,"href":"https:\/\/www.laspa.ee\/et\/wp-json\/wp\/v2\/comments?post=16902"}],"version-history":[{"count":5,"href":"https:\/\/www.laspa.ee\/et\/wp-json\/wp\/v2\/pages\/16902\/revisions"}],"predecessor-version":[{"id":21233,"href":"https:\/\/www.laspa.ee\/et\/wp-json\/wp\/v2\/pages\/16902\/revisions\/21233"}],"wp:attachment":[{"href":"https:\/\/www.laspa.ee\/et\/wp-json\/wp\/v2\/media?parent=16902"}],"curies":[{"name":"wp","href":"https:\/\/api.w.org\/{rel}","templated":true}]}}