{"id":18028,"date":"2024-03-26T10:38:28","date_gmt":"2024-03-26T08:38:28","guid":{"rendered":"https:\/\/www.laspa.ee\/?page_id=18028"},"modified":"2024-03-26T10:38:29","modified_gmt":"2024-03-26T08:38:29","slug":"lapse-sunnipaevapakett-vee-ja-saunakeskuses","status":"publish","type":"page","link":"https:\/\/www.laspa.ee\/et\/lapse-sunnipaevapakett-vee-ja-saunakeskuses\/","title":{"rendered":"Lapse s\u00fcnnip\u00e4evapakett vee- ja saunakeskuses"},"content":{"rendered":"\n<div class=\"wp-block-cover alignfull is-position-center-center\" style=\"min-height:311px;aspect-ratio:unset;\"><span aria-hidden=\"true\" class=\"wp-block-cover__background has-background-dim-40 has-background-dim\"><\/span><img loading=\"lazy\" decoding=\"async\" width=\"2560\" height=\"1706\" class=\"wp-block-cover__image-background wp-image-17931\" alt=\"\" src=\"https:\/\/www.laspa.ee\/wp-content\/uploads\/2024\/03\/20JJ1214_229-1-scaled.jpg\" style=\"object-position:45% 63%\" data-object-fit=\"cover\" data-object-position=\"45% 63%\" srcset=\"https:\/\/www.laspa.ee\/wp-content\/uploads\/2024\/03\/20JJ1214_229-1-scaled.jpg 2560w, https:\/\/www.laspa.ee\/wp-content\/uploads\/2024\/03\/20JJ1214_229-1-300x200.jpg 300w, https:\/\/www.laspa.ee\/wp-content\/uploads\/2024\/03\/20JJ1214_229-1-1150x766.jpg 1150w, https:\/\/www.laspa.ee\/wp-content\/uploads\/2024\/03\/20JJ1214_229-1-768x512.jpg 768w, https:\/\/www.laspa.ee\/wp-content\/uploads\/2024\/03\/20JJ1214_229-1-1536x1024.jpg 1536w, https:\/\/www.laspa.ee\/wp-content\/uploads\/2024\/03\/20JJ1214_229-1-2048x1365.jpg 2048w, https:\/\/www.laspa.ee\/wp-content\/uploads\/2024\/03\/20JJ1214_229-1-800x533.jpg 800w\" sizes=\"auto, (max-width: 2560px) 100vw, 2560px\" \/><div class=\"wp-block-cover__inner-container is-layout-flow wp-block-cover-is-layout-flow\">\n<h1 class=\"wp-block-heading has-text-align-center has-white-color has-text-color\" id=\"konverentsi-paketid\">Lapse s\u00fcnnip\u00e4evapakett vee- ja saunakeskuses<\/h1>\n<\/div><\/div>\n\n\n\n<div class=\"wp-block-edhotels-offers custom-three-blocks offers\"><div class=\"wp-offer-columns\">    <div class=\"wp-offer-column wide\">\n        <div class=\"offer-inner\">\n            <h5>Eripakkumine<\/h5>\n            <h4><span>Paketi hind alates<\/span>215\u20ac<\/h4>\n            <a href=\"https:\/\/www.laspa.ee\/et\/?post_type=offer&#038;p=17925\"><figure class=\"wp-block-image\"><img loading=\"lazy\" decoding=\"async\" width=\"1150\" height=\"766\" src=\"https:\/\/www.laspa.ee\/wp-content\/uploads\/2024\/03\/20JJ1214_223-1-1-1150x766.jpg\" class=\"attachment-large size-large wp-post-image\" alt=\"\" srcset=\"https:\/\/www.laspa.ee\/wp-content\/uploads\/2024\/03\/20JJ1214_223-1-1-1150x766.jpg 1150w, https:\/\/www.laspa.ee\/wp-content\/uploads\/2024\/03\/20JJ1214_223-1-1-300x200.jpg 300w, https:\/\/www.laspa.ee\/wp-content\/uploads\/2024\/03\/20JJ1214_223-1-1-768x512.jpg 768w, https:\/\/www.laspa.ee\/wp-content\/uploads\/2024\/03\/20JJ1214_223-1-1-1536x1024.jpg 1536w, https:\/\/www.laspa.ee\/wp-content\/uploads\/2024\/03\/20JJ1214_223-1-1-2048x1365.jpg 2048w, https:\/\/www.laspa.ee\/wp-content\/uploads\/2024\/03\/20JJ1214_223-1-1-800x533.jpg 800w\" sizes=\"auto, (max-width: 1150px) 100vw, 1150px\" \/><\/figure><\/a>\n            <h3><a href=\"https:\/\/www.laspa.ee\/et\/?post_type=offer&#038;p=17925\">Lapse s\u00fcnnip\u00e4evapakett LaSpa vee- ja saunakeskuses<\/a><\/h3>\n            <ul>\n<li>L\u00f5bus s\u00fcnnip\u00e4evapakett kuni 10le lapsele (hinnas kolm t\u00e4iskasvanut)<\/li>\n<li>Vee- ja saunakeskuse kasutus 3 tundi<\/li>\n<li>Suupisted vee- ja saunakeskuses<\/li>\n<\/ul>\n            <div class=\"wp-block-button is-style-no-style\">\n                <a class=\"wp-block-button__link\" href=\"https:\/\/www.laspa.ee\/et\/?post_type=offer&#038;p=17925\">Loe edasi<\/a>\n            <\/div>\n        <\/div>\n    <\/div>\n    <\/div><\/div>\n","protected":false},"excerpt":{"rendered":"","protected":false},"author":4,"featured_media":0,"parent":0,"menu_order":363,"comment_status":"closed","ping_status":"closed","template":"","meta":{"_acf_changed":false,"footnotes":""},"class_list":["post-18028","page","type-page","status-publish","hentry"],"acf":false,"yoast_head":"<!-- This site is optimized with the Yoast SEO plugin v27.2 - https:\/\/yoast.com\/product\/yoast-seo-wordpress\/ -->\n<title>Lapse s\u00fcnnip\u00e4evapakett vee- ja saunakeskuses - LaSpa Laulasmaa<\/title>\n<meta name=\"robots\" content=\"index, follow, max-snippet:-1, max-image-preview:large, max-video-preview:-1\" \/>\n<link rel=\"canonical\" href=\"https:\/\/www.laspa.ee\/et\/lapse-sunnipaevapakett-vee-ja-saunakeskuses\/\" \/>\n<meta property=\"og:locale\" content=\"et_EE\" \/>\n<meta property=\"og:type\" content=\"article\" \/>\n<meta property=\"og:title\" content=\"Lapse s\u00fcnnip\u00e4evapakett vee- ja saunakeskuses - LaSpa Laulasmaa\" \/>\n<meta property=\"og:url\" content=\"https:\/\/www.laspa.ee\/et\/lapse-sunnipaevapakett-vee-ja-saunakeskuses\/\" \/>\n<meta property=\"og:site_name\" content=\"LaSpa Laulasmaa\" \/>\n<meta property=\"article:publisher\" content=\"https:\/\/www.facebook.com\/LaSpaLaulasmaa\" \/>\n<meta property=\"article:modified_time\" content=\"2024-03-26T08:38:29+00:00\" \/>\n<meta property=\"og:image\" content=\"https:\/\/www.laspa.ee\/wp-content\/uploads\/2024\/03\/20JJ1214_229-1-scaled.jpg\" \/>\n<meta name=\"twitter:card\" content=\"summary_large_image\" \/>\n<meta name=\"twitter:label1\" content=\"Est. reading time\" \/>\n\t<meta name=\"twitter:data1\" content=\"1 minut\" \/>\n<script type=\"application\/ld+json\" class=\"yoast-schema-graph\">{\"@context\":\"https:\/\/schema.org\",\"@graph\":[{\"@type\":\"WebPage\",\"@id\":\"https:\/\/www.laspa.ee\/et\/lapse-sunnipaevapakett-vee-ja-saunakeskuses\/\",\"url\":\"https:\/\/www.laspa.ee\/et\/lapse-sunnipaevapakett-vee-ja-saunakeskuses\/\",\"name\":\"Lapse s\u00fcnnip\u00e4evapakett vee- ja saunakeskuses - LaSpa Laulasmaa\",\"isPartOf\":{\"@id\":\"https:\/\/www.laspa.ee\/et\/#website\"},\"primaryImageOfPage\":{\"@id\":\"https:\/\/www.laspa.ee\/et\/lapse-sunnipaevapakett-vee-ja-saunakeskuses\/#primaryimage\"},\"image\":{\"@id\":\"https:\/\/www.laspa.ee\/et\/lapse-sunnipaevapakett-vee-ja-saunakeskuses\/#primaryimage\"},\"thumbnailUrl\":\"https:\/\/www.laspa.ee\/wp-content\/uploads\/2024\/03\/20JJ1214_229-1-scaled.jpg\",\"datePublished\":\"2024-03-26T08:38:28+00:00\",\"dateModified\":\"2024-03-26T08:38:29+00:00\",\"breadcrumb\":{\"@id\":\"https:\/\/www.laspa.ee\/et\/lapse-sunnipaevapakett-vee-ja-saunakeskuses\/#breadcrumb\"},\"inLanguage\":\"et\",\"potentialAction\":[{\"@type\":\"ReadAction\",\"target\":[\"https:\/\/www.laspa.ee\/et\/lapse-sunnipaevapakett-vee-ja-saunakeskuses\/\"]}]},{\"@type\":\"ImageObject\",\"inLanguage\":\"et\",\"@id\":\"https:\/\/www.laspa.ee\/et\/lapse-sunnipaevapakett-vee-ja-saunakeskuses\/#primaryimage\",\"url\":\"https:\/\/www.laspa.ee\/wp-content\/uploads\/2024\/03\/20JJ1214_229-1-scaled.jpg\",\"contentUrl\":\"https:\/\/www.laspa.ee\/wp-content\/uploads\/2024\/03\/20JJ1214_229-1-scaled.jpg\"},{\"@type\":\"BreadcrumbList\",\"@id\":\"https:\/\/www.laspa.ee\/et\/lapse-sunnipaevapakett-vee-ja-saunakeskuses\/#breadcrumb\",\"itemListElement\":[{\"@type\":\"ListItem\",\"position\":1,\"name\":\"Home\",\"item\":\"https:\/\/www.laspa.ee\/et\/\"},{\"@type\":\"ListItem\",\"position\":2,\"name\":\"Lapse s\u00fcnnip\u00e4evapakett vee- ja saunakeskuses\"}]},{\"@type\":\"WebSite\",\"@id\":\"https:\/\/www.laspa.ee\/et\/#website\",\"url\":\"https:\/\/www.laspa.ee\/et\/\",\"name\":\"LaSpa Laulasmaa\",\"description\":\"Wellbeing by nature\",\"potentialAction\":[{\"@type\":\"SearchAction\",\"target\":{\"@type\":\"EntryPoint\",\"urlTemplate\":\"https:\/\/www.laspa.ee\/et\/?s={search_term_string}\"},\"query-input\":{\"@type\":\"PropertyValueSpecification\",\"valueRequired\":true,\"valueName\":\"search_term_string\"}}],\"inLanguage\":\"et\"}]}<\/script>\n<!-- \/ Yoast SEO plugin. -->","yoast_head_json":{"title":"Lapse s\u00fcnnip\u00e4evapakett vee- ja saunakeskuses - LaSpa Laulasmaa","robots":{"index":"index","follow":"follow","max-snippet":"max-snippet:-1","max-image-preview":"max-image-preview:large","max-video-preview":"max-video-preview:-1"},"canonical":"https:\/\/www.laspa.ee\/et\/lapse-sunnipaevapakett-vee-ja-saunakeskuses\/","og_locale":"et_EE","og_type":"article","og_title":"Lapse s\u00fcnnip\u00e4evapakett vee- ja saunakeskuses - LaSpa Laulasmaa","og_url":"https:\/\/www.laspa.ee\/et\/lapse-sunnipaevapakett-vee-ja-saunakeskuses\/","og_site_name":"LaSpa Laulasmaa","article_publisher":"https:\/\/www.facebook.com\/LaSpaLaulasmaa","article_modified_time":"2024-03-26T08:38:29+00:00","og_image":[{"url":"https:\/\/www.laspa.ee\/wp-content\/uploads\/2024\/03\/20JJ1214_229-1-scaled.jpg","type":"","width":"","height":""}],"twitter_card":"summary_large_image","twitter_misc":{"Est. reading time":"1 minut"},"schema":{"@context":"https:\/\/schema.org","@graph":[{"@type":"WebPage","@id":"https:\/\/www.laspa.ee\/et\/lapse-sunnipaevapakett-vee-ja-saunakeskuses\/","url":"https:\/\/www.laspa.ee\/et\/lapse-sunnipaevapakett-vee-ja-saunakeskuses\/","name":"Lapse s\u00fcnnip\u00e4evapakett vee- ja saunakeskuses - LaSpa Laulasmaa","isPartOf":{"@id":"https:\/\/www.laspa.ee\/et\/#website"},"primaryImageOfPage":{"@id":"https:\/\/www.laspa.ee\/et\/lapse-sunnipaevapakett-vee-ja-saunakeskuses\/#primaryimage"},"image":{"@id":"https:\/\/www.laspa.ee\/et\/lapse-sunnipaevapakett-vee-ja-saunakeskuses\/#primaryimage"},"thumbnailUrl":"https:\/\/www.laspa.ee\/wp-content\/uploads\/2024\/03\/20JJ1214_229-1-scaled.jpg","datePublished":"2024-03-26T08:38:28+00:00","dateModified":"2024-03-26T08:38:29+00:00","breadcrumb":{"@id":"https:\/\/www.laspa.ee\/et\/lapse-sunnipaevapakett-vee-ja-saunakeskuses\/#breadcrumb"},"inLanguage":"et","potentialAction":[{"@type":"ReadAction","target":["https:\/\/www.laspa.ee\/et\/lapse-sunnipaevapakett-vee-ja-saunakeskuses\/"]}]},{"@type":"ImageObject","inLanguage":"et","@id":"https:\/\/www.laspa.ee\/et\/lapse-sunnipaevapakett-vee-ja-saunakeskuses\/#primaryimage","url":"https:\/\/www.laspa.ee\/wp-content\/uploads\/2024\/03\/20JJ1214_229-1-scaled.jpg","contentUrl":"https:\/\/www.laspa.ee\/wp-content\/uploads\/2024\/03\/20JJ1214_229-1-scaled.jpg"},{"@type":"BreadcrumbList","@id":"https:\/\/www.laspa.ee\/et\/lapse-sunnipaevapakett-vee-ja-saunakeskuses\/#breadcrumb","itemListElement":[{"@type":"ListItem","position":1,"name":"Home","item":"https:\/\/www.laspa.ee\/et\/"},{"@type":"ListItem","position":2,"name":"Lapse s\u00fcnnip\u00e4evapakett vee- ja saunakeskuses"}]},{"@type":"WebSite","@id":"https:\/\/www.laspa.ee\/et\/#website","url":"https:\/\/www.laspa.ee\/et\/","name":"LaSpa Laulasmaa","description":"Wellbeing by nature","potentialAction":[{"@type":"SearchAction","target":{"@type":"EntryPoint","urlTemplate":"https:\/\/www.laspa.ee\/et\/?s={search_term_string}"},"query-input":{"@type":"PropertyValueSpecification","valueRequired":true,"valueName":"search_term_string"}}],"inLanguage":"et"}]}},"_links":{"self":[{"href":"https:\/\/www.laspa.ee\/et\/wp-json\/wp\/v2\/pages\/18028","targetHints":{"allow":["GET"]}}],"collection":[{"href":"https:\/\/www.laspa.ee\/et\/wp-json\/wp\/v2\/pages"}],"about":[{"href":"https:\/\/www.laspa.ee\/et\/wp-json\/wp\/v2\/types\/page"}],"author":[{"embeddable":true,"href":"https:\/\/www.laspa.ee\/et\/wp-json\/wp\/v2\/users\/4"}],"replies":[{"embeddable":true,"href":"https:\/\/www.laspa.ee\/et\/wp-json\/wp\/v2\/comments?post=18028"}],"version-history":[{"count":1,"href":"https:\/\/www.laspa.ee\/et\/wp-json\/wp\/v2\/pages\/18028\/revisions"}],"predecessor-version":[{"id":18031,"href":"https:\/\/www.laspa.ee\/et\/wp-json\/wp\/v2\/pages\/18028\/revisions\/18031"}],"wp:attachment":[{"href":"https:\/\/www.laspa.ee\/et\/wp-json\/wp\/v2\/media?parent=18028"}],"curies":[{"name":"wp","href":"https:\/\/api.w.org\/{rel}","templated":true}]}}