{"id":18536,"date":"2024-06-14T13:54:31","date_gmt":"2024-06-14T11:54:31","guid":{"rendered":"https:\/\/www.laspa.ee\/?page_id=18536"},"modified":"2024-06-14T13:54:31","modified_gmt":"2024-06-14T11:54:31","slug":"puhastusteenindaja","status":"publish","type":"page","link":"https:\/\/www.laspa.ee\/et\/puhastusteenindaja\/","title":{"rendered":"Puhastusteenindaja"},"content":{"rendered":"\n<div class=\"wp-block-cover alignfull is-light\" style=\"min-height:312px;aspect-ratio:unset;\"><span aria-hidden=\"true\" class=\"wp-block-cover__background has-background-dim\" style=\"background-color:#94978d\"><\/span><img loading=\"lazy\" decoding=\"async\" width=\"2048\" height=\"1152\" class=\"wp-block-cover__image-background wp-image-18436\" alt=\"LaSpa beach house I Spa hotel\" src=\"https:\/\/www.laspa.ee\/wp-content\/uploads\/2024\/05\/rannamaja-double.jpg\" data-object-fit=\"cover\" srcset=\"https:\/\/www.laspa.ee\/wp-content\/uploads\/2024\/05\/rannamaja-double.jpg 2048w, https:\/\/www.laspa.ee\/wp-content\/uploads\/2024\/05\/rannamaja-double-300x169.jpg 300w, https:\/\/www.laspa.ee\/wp-content\/uploads\/2024\/05\/rannamaja-double-1150x647.jpg 1150w, https:\/\/www.laspa.ee\/wp-content\/uploads\/2024\/05\/rannamaja-double-768x432.jpg 768w, https:\/\/www.laspa.ee\/wp-content\/uploads\/2024\/05\/rannamaja-double-1536x864.jpg 1536w, https:\/\/www.laspa.ee\/wp-content\/uploads\/2024\/05\/rannamaja-double-800x450.jpg 800w\" sizes=\"auto, (max-width: 2048px) 100vw, 2048px\" \/><div class=\"wp-block-cover__inner-container is-layout-flow wp-block-cover-is-layout-flow\">\n<p class=\"has-text-align-center has-white-color has-text-color has-large-font-size\">Puhastusteenindaja<\/p>\n<\/div><\/div>\n\n\n\n<div class=\"wp-block-columns alignwide is-layout-flex wp-container-corecolumns-is-layout-9d6595d7 wp-block-columns-is-layout-flex\">\n<div class=\"wp-block-column is-layout-flow wp-block-column-is-layout-flow\">\n<p>LaSpa Laulasmaa on koht, kus nautida, liikuda, puhata ja olla ning tunda ennast tervena \u2013 seda nii kehas kui vaimus.<br>Sinu tulevane t\u00f6\u00f6koht on kaasaegses skandinaavialikus keskkonnas metsa ja Laulasmaa laulvate liivade keskel.<br>Kui oskad ja armastad oma erialast t\u00f6\u00f6d ja Sulle meeldib olla osaline meeldej\u00e4\u00e4vate elamuste loomisel, siis kutsume Sind,<br>PUHASTUSTEENINDAJA, liituma meie s\u00f5braliku ja kokkuhoidva meeskonnaga.<\/p>\n\n\n\n<p>Sinu t\u00f6\u00f6 eesm\u00e4rgiks on hotelli \u00fcldkorruste ja nendega kaasnevate ruumide puhtus ja korrashoid.<br><strong>Oled meie inimene, kui:<\/strong><\/p>\n\n\n\n<ul class=\"wp-block-list\">\n<li>Pead lugu puhtusest ja korrast;<\/li>\n\n\n\n<li>Oled korrektne;<\/li>\n\n\n\n<li>Oled valmis f\u00fc\u00fcsiliseks t\u00f6\u00f6ks;<\/li>\n\n\n\n<li>Kasuks tuleb eesti keele oskus suhtlustasandil;<\/li>\n\n\n\n<li>Oled valmis t\u00f6\u00f6tama t\u00e4iskoormusega paindliku graafiku alusel, s.h. n\u00e4dalavahetustel ja riigip\u00fchadel.<\/li>\n<\/ul>\n\n\n\n<p><strong>Meie pakume Sulle:<\/strong><\/p>\n\n\n\n<ul class=\"wp-block-list\">\n<li>H\u00e4id t\u00f6\u00f6tingimusi ja stabiilset t\u00f6\u00f6d pikaajalise t\u00f6\u00f6suhte eesm\u00e4rgil;<\/li>\n\n\n\n<li>S\u00f5braliku meeskonna toetust;<\/li>\n\n\n\n<li>Rohkelt omapere soodustusi meie k\u00f5ikidelt teenustelt: meie t\u00f6\u00f6tajatel on v\u00f5imalik soodustingimustel kasutada vee- ja saunakeskust, kasutada j\u00f5usaali, nautida hoolitsusi Naudi LaSpas v\u00f5i restorani teenuseid;<\/li>\n\n\n\n<li>Kaugemalt tulijatele majutust t\u00f6\u00f6vahetuse ajaks.<br>Kui oled huvitatud v\u00f5imalusest saada osaks LaSpa hotelli meeskonnast, v\u00f5ta julgelt \u00fchendust: majapidamisjuht Eve Nikitin, tel 5629 0154, e-post: <a href=\"mailto:eve.nikitin@laspa.ee\">eve.nikitin@laspa.ee<\/a><\/li>\n<\/ul>\n<\/div>\n<\/div>\n\n\n\n<div class=\"wp-block-edhotels-gallery custom-grid-gallery\"><div class=\"grid lightgallery\"><div data-src=\"https:\/\/www.laspa.ee\/wp-content\/uploads\/2022\/04\/DSC2944-Edit-copy-H.jpg\" class=\"grid-item\"><img decoding=\"async\" src=\"https:\/\/www.laspa.ee\/wp-content\/uploads\/2022\/04\/DSC2944-Edit-copy-H-1150x767.jpg\" alt=\"\" data-id=\"9638\"\/><\/div><div data-src=\"https:\/\/www.laspa.ee\/wp-content\/uploads\/2023\/01\/rgergr.jpg\" class=\"grid-item\"><img decoding=\"async\" src=\"https:\/\/www.laspa.ee\/wp-content\/uploads\/2023\/01\/rgergr-1150x863.jpg\" alt=\"\" data-id=\"13015\"\/><\/div><div data-src=\"https:\/\/www.laspa.ee\/wp-content\/uploads\/2021\/04\/kaupokalda-com-20181019-DJI_0863-v2-scaled.jpg\" class=\"grid-item\"><img decoding=\"async\" src=\"https:\/\/www.laspa.ee\/wp-content\/uploads\/2021\/04\/kaupokalda-com-20181019-DJI_0863-v2-1150x838.jpg\" alt=\"\" data-id=\"4331\"\/><\/div><div data-src=\"https:\/\/www.laspa.ee\/wp-content\/uploads\/2024\/05\/Delux-24426554.jpg\" class=\"grid-item\"><img decoding=\"async\" src=\"https:\/\/www.laspa.ee\/wp-content\/uploads\/2024\/05\/Delux-24426554-1150x647.jpg\" alt=\"\" data-id=\"18272\"\/><\/div><div data-src=\"https:\/\/www.laspa.ee\/wp-content\/uploads\/2021\/01\/laspa_lobby.jpg\" class=\"grid-item\"><img decoding=\"async\" src=\"https:\/\/www.laspa.ee\/wp-content\/uploads\/2021\/01\/laspa_lobby-1150x723.jpg\" alt=\"LaSpa Laulasmaa lobby I Laulasmaa spaa\" data-id=\"2139\"\/><\/div><div data-src=\"https:\/\/www.laspa.ee\/wp-content\/uploads\/2023\/07\/20JJ1103_101-copy-2.jpg\" class=\"grid-item\"><img decoding=\"async\" src=\"https:\/\/www.laspa.ee\/wp-content\/uploads\/2023\/07\/20JJ1103_101-copy-2-767x1150.jpg\" alt=\"LaSpa Laulasmaa \" data-id=\"15394\"\/><\/div><div data-src=\"https:\/\/www.laspa.ee\/wp-content\/uploads\/2021\/05\/IMG_9843.jpeg\" class=\"grid-item\"><img decoding=\"async\" src=\"https:\/\/www.laspa.ee\/wp-content\/uploads\/2021\/05\/IMG_9843-863x1150.jpeg\" alt=\"\" data-id=\"4581\"\/><\/div><div data-src=\"https:\/\/www.laspa.ee\/wp-content\/uploads\/2022\/05\/Mammatus2.jpg\" class=\"grid-item\"><img decoding=\"async\" src=\"https:\/\/www.laspa.ee\/wp-content\/uploads\/2022\/05\/Mammatus2-1150x700.jpg\" alt=\"\" data-id=\"9846\"\/><\/div><div data-src=\"https:\/\/www.laspa.ee\/wp-content\/uploads\/2021\/11\/20210426_036-Recoveredk.jpg\" class=\"grid-item\"><img decoding=\"async\" src=\"https:\/\/www.laspa.ee\/wp-content\/uploads\/2021\/11\/20210426_036-Recoveredk-1150x767.jpg\" alt=\"LaSpa nature\" data-id=\"7383\"\/><\/div><div data-src=\"https:\/\/www.laspa.ee\/wp-content\/uploads\/2022\/08\/20JJ1103_101-6.jpg\" class=\"grid-item\"><img decoding=\"async\" src=\"https:\/\/www.laspa.ee\/wp-content\/uploads\/2022\/08\/20JJ1103_101-6-1150x726.jpg\" alt=\"\" data-id=\"11030\"\/><\/div><div data-src=\"https:\/\/www.laspa.ee\/wp-content\/uploads\/2021\/01\/Mammatus1.jpg\" class=\"grid-item\"><img decoding=\"async\" src=\"https:\/\/www.laspa.ee\/wp-content\/uploads\/2021\/01\/Mammatus1-1150x695.jpg\" alt=\"Mammutus konverentsisaal LaSpa\" data-id=\"2229\"\/><\/div><div data-src=\"https:\/\/www.laspa.ee\/wp-content\/uploads\/2022\/08\/20JJ1103_101-copy-44.jpg\" class=\"grid-item\"><img decoding=\"async\" src=\"https:\/\/www.laspa.ee\/wp-content\/uploads\/2022\/08\/20JJ1103_101-copy-44-767x1150.jpg\" alt=\"\" data-id=\"11033\"\/><\/div><div data-src=\"https:\/\/www.laspa.ee\/wp-content\/uploads\/2022\/09\/Sten-3.jpg\" class=\"grid-item\"><img decoding=\"async\" src=\"https:\/\/www.laspa.ee\/wp-content\/uploads\/2022\/09\/Sten-3-1150x606.jpg\" alt=\"\" data-id=\"11790\"\/><\/div><div data-src=\"https:\/\/www.laspa.ee\/wp-content\/uploads\/2024\/05\/Superior-tuba-mai-2024-3.jpg\" class=\"grid-item\"><img decoding=\"async\" src=\"https:\/\/www.laspa.ee\/wp-content\/uploads\/2024\/05\/Superior-tuba-mai-2024-3-1150x726.jpg\" alt=\"\" data-id=\"18377\"\/><\/div><div data-src=\"https:\/\/www.laspa.ee\/wp-content\/uploads\/2023\/07\/Delux-tuba-2.jpg\" class=\"grid-item\"><img decoding=\"async\" src=\"https:\/\/www.laspa.ee\/wp-content\/uploads\/2023\/07\/Delux-tuba-2.jpg\" alt=\"Delux tuba LaSpa Laulasmaa\" data-id=\"15318\"\/><\/div><div data-src=\"https:\/\/www.laspa.ee\/wp-content\/uploads\/2022\/08\/HV4.jpg\" class=\"grid-item\"><img decoding=\"async\" src=\"https:\/\/www.laspa.ee\/wp-content\/uploads\/2022\/08\/HV4-1150x606.jpg\" alt=\"\" data-id=\"11045\"\/><\/div><div data-src=\"https:\/\/www.laspa.ee\/wp-content\/uploads\/2022\/05\/3N9A4203-scaled.jpg\" class=\"grid-item\"><img decoding=\"async\" src=\"https:\/\/www.laspa.ee\/wp-content\/uploads\/2022\/05\/3N9A4203-1150x767.jpg\" alt=\"\" data-id=\"10016\"\/><\/div><div data-src=\"https:\/\/www.laspa.ee\/wp-content\/uploads\/2022\/05\/3N9A4188-scaled.jpg\" class=\"grid-item\"><img decoding=\"async\" src=\"https:\/\/www.laspa.ee\/wp-content\/uploads\/2022\/05\/3N9A4188-767x1150.jpg\" alt=\"\" data-id=\"10013\"\/><\/div><div data-src=\"https:\/\/www.laspa.ee\/wp-content\/uploads\/2022\/09\/20220831_143749-1.jpg\" class=\"grid-item\"><img decoding=\"async\" src=\"https:\/\/www.laspa.ee\/wp-content\/uploads\/2022\/09\/20220831_143749-1-1150x726.jpg\" alt=\"\" data-id=\"11405\"\/><\/div><div data-src=\"https:\/\/www.laspa.ee\/wp-content\/uploads\/2022\/08\/kaupokalda-com-20181019-DJI_0742.jpg\" class=\"grid-item\"><img decoding=\"async\" src=\"https:\/\/www.laspa.ee\/wp-content\/uploads\/2022\/08\/kaupokalda-com-20181019-DJI_0742-1150x861.jpg\" alt=\"\" data-id=\"11018\"\/><\/div><div data-src=\"https:\/\/www.laspa.ee\/wp-content\/uploads\/2023\/07\/Superior-tuba-2.jpg\" class=\"grid-item\"><img decoding=\"async\" src=\"https:\/\/www.laspa.ee\/wp-content\/uploads\/2023\/07\/Superior-tuba-2.jpg\" alt=\"LaSpa Laulasmaa superior tuba\" data-id=\"15299\"\/><\/div><\/div><\/div>\n","protected":false},"excerpt":{"rendered":"<p>LaSpa Laulasmaa on koht, kus nautida, liikuda, puhata ja olla ning tunda ennast tervena \u2013 seda nii kehas kui vaimus.Sinu tulevane t\u00f6\u00f6koht on kaasaegses skandinaavialikus keskkonnas metsa ja Laulasmaa laulvate liivade keskel.Kui oskad ja armastad oma erialast t\u00f6\u00f6d ja Sulle meeldib olla osaline meeldej\u00e4\u00e4vate elamuste loomisel, siis kutsume Sind,PUHASTUSTEENINDAJA, liituma meie s\u00f5braliku ja kokkuhoidva meeskonnaga. [&hellip;]<\/p>\n","protected":false},"author":4,"featured_media":0,"parent":0,"menu_order":179,"comment_status":"closed","ping_status":"closed","template":"","meta":{"_acf_changed":false,"footnotes":""},"class_list":["post-18536","page","type-page","status-publish","hentry"],"acf":false,"yoast_head":"<!-- This site is optimized with the Yoast SEO plugin v27.2 - https:\/\/yoast.com\/product\/yoast-seo-wordpress\/ -->\n<title>Puhastusteenindaja - LaSpa Laulasmaa<\/title>\n<meta name=\"robots\" content=\"index, follow, max-snippet:-1, max-image-preview:large, max-video-preview:-1\" \/>\n<link rel=\"canonical\" href=\"https:\/\/www.laspa.ee\/et\/puhastusteenindaja\/\" \/>\n<meta property=\"og:locale\" content=\"et_EE\" \/>\n<meta property=\"og:type\" content=\"article\" \/>\n<meta property=\"og:title\" content=\"Puhastusteenindaja - LaSpa Laulasmaa\" \/>\n<meta property=\"og:description\" content=\"LaSpa Laulasmaa on koht, kus nautida, liikuda, puhata ja olla ning tunda ennast tervena \u2013 seda nii kehas kui vaimus.Sinu tulevane t\u00f6\u00f6koht on kaasaegses skandinaavialikus keskkonnas metsa ja Laulasmaa laulvate liivade keskel.Kui oskad ja armastad oma erialast t\u00f6\u00f6d ja Sulle meeldib olla osaline meeldej\u00e4\u00e4vate elamuste loomisel, siis kutsume Sind,PUHASTUSTEENINDAJA, liituma meie s\u00f5braliku ja kokkuhoidva meeskonnaga. [&hellip;]\" \/>\n<meta property=\"og:url\" content=\"https:\/\/www.laspa.ee\/et\/puhastusteenindaja\/\" \/>\n<meta property=\"og:site_name\" content=\"LaSpa Laulasmaa\" \/>\n<meta property=\"article:publisher\" content=\"https:\/\/www.facebook.com\/LaSpaLaulasmaa\" \/>\n<meta property=\"og:image\" content=\"https:\/\/www.laspa.ee\/wp-content\/uploads\/2024\/05\/rannamaja-double.jpg\" \/>\n<meta name=\"twitter:card\" content=\"summary_large_image\" \/>\n<meta name=\"twitter:label1\" content=\"Est. reading time\" \/>\n\t<meta name=\"twitter:data1\" content=\"6 minutit\" \/>\n<script type=\"application\/ld+json\" class=\"yoast-schema-graph\">{\"@context\":\"https:\/\/schema.org\",\"@graph\":[{\"@type\":\"WebPage\",\"@id\":\"https:\/\/www.laspa.ee\/et\/puhastusteenindaja\/\",\"url\":\"https:\/\/www.laspa.ee\/et\/puhastusteenindaja\/\",\"name\":\"Puhastusteenindaja - LaSpa Laulasmaa\",\"isPartOf\":{\"@id\":\"https:\/\/www.laspa.ee\/et\/#website\"},\"primaryImageOfPage\":{\"@id\":\"https:\/\/www.laspa.ee\/et\/puhastusteenindaja\/#primaryimage\"},\"image\":{\"@id\":\"https:\/\/www.laspa.ee\/et\/puhastusteenindaja\/#primaryimage\"},\"thumbnailUrl\":\"https:\/\/www.laspa.ee\/wp-content\/uploads\/2024\/05\/rannamaja-double.jpg\",\"datePublished\":\"2024-06-14T11:54:31+00:00\",\"breadcrumb\":{\"@id\":\"https:\/\/www.laspa.ee\/et\/puhastusteenindaja\/#breadcrumb\"},\"inLanguage\":\"et\",\"potentialAction\":[{\"@type\":\"ReadAction\",\"target\":[\"https:\/\/www.laspa.ee\/et\/puhastusteenindaja\/\"]}]},{\"@type\":\"ImageObject\",\"inLanguage\":\"et\",\"@id\":\"https:\/\/www.laspa.ee\/et\/puhastusteenindaja\/#primaryimage\",\"url\":\"https:\/\/www.laspa.ee\/wp-content\/uploads\/2024\/05\/rannamaja-double.jpg\",\"contentUrl\":\"https:\/\/www.laspa.ee\/wp-content\/uploads\/2024\/05\/rannamaja-double.jpg\"},{\"@type\":\"BreadcrumbList\",\"@id\":\"https:\/\/www.laspa.ee\/et\/puhastusteenindaja\/#breadcrumb\",\"itemListElement\":[{\"@type\":\"ListItem\",\"position\":1,\"name\":\"Home\",\"item\":\"https:\/\/www.laspa.ee\/et\/\"},{\"@type\":\"ListItem\",\"position\":2,\"name\":\"Puhastusteenindaja\"}]},{\"@type\":\"WebSite\",\"@id\":\"https:\/\/www.laspa.ee\/et\/#website\",\"url\":\"https:\/\/www.laspa.ee\/et\/\",\"name\":\"LaSpa Laulasmaa\",\"description\":\"Wellbeing by nature\",\"potentialAction\":[{\"@type\":\"SearchAction\",\"target\":{\"@type\":\"EntryPoint\",\"urlTemplate\":\"https:\/\/www.laspa.ee\/et\/?s={search_term_string}\"},\"query-input\":{\"@type\":\"PropertyValueSpecification\",\"valueRequired\":true,\"valueName\":\"search_term_string\"}}],\"inLanguage\":\"et\"}]}<\/script>\n<!-- \/ Yoast SEO plugin. -->","yoast_head_json":{"title":"Puhastusteenindaja - LaSpa Laulasmaa","robots":{"index":"index","follow":"follow","max-snippet":"max-snippet:-1","max-image-preview":"max-image-preview:large","max-video-preview":"max-video-preview:-1"},"canonical":"https:\/\/www.laspa.ee\/et\/puhastusteenindaja\/","og_locale":"et_EE","og_type":"article","og_title":"Puhastusteenindaja - LaSpa Laulasmaa","og_description":"LaSpa Laulasmaa on koht, kus nautida, liikuda, puhata ja olla ning tunda ennast tervena \u2013 seda nii kehas kui vaimus.Sinu tulevane t\u00f6\u00f6koht on kaasaegses skandinaavialikus keskkonnas metsa ja Laulasmaa laulvate liivade keskel.Kui oskad ja armastad oma erialast t\u00f6\u00f6d ja Sulle meeldib olla osaline meeldej\u00e4\u00e4vate elamuste loomisel, siis kutsume Sind,PUHASTUSTEENINDAJA, liituma meie s\u00f5braliku ja kokkuhoidva meeskonnaga. [&hellip;]","og_url":"https:\/\/www.laspa.ee\/et\/puhastusteenindaja\/","og_site_name":"LaSpa Laulasmaa","article_publisher":"https:\/\/www.facebook.com\/LaSpaLaulasmaa","og_image":[{"url":"https:\/\/www.laspa.ee\/wp-content\/uploads\/2024\/05\/rannamaja-double.jpg","type":"","width":"","height":""}],"twitter_card":"summary_large_image","twitter_misc":{"Est. reading time":"6 minutit"},"schema":{"@context":"https:\/\/schema.org","@graph":[{"@type":"WebPage","@id":"https:\/\/www.laspa.ee\/et\/puhastusteenindaja\/","url":"https:\/\/www.laspa.ee\/et\/puhastusteenindaja\/","name":"Puhastusteenindaja - LaSpa Laulasmaa","isPartOf":{"@id":"https:\/\/www.laspa.ee\/et\/#website"},"primaryImageOfPage":{"@id":"https:\/\/www.laspa.ee\/et\/puhastusteenindaja\/#primaryimage"},"image":{"@id":"https:\/\/www.laspa.ee\/et\/puhastusteenindaja\/#primaryimage"},"thumbnailUrl":"https:\/\/www.laspa.ee\/wp-content\/uploads\/2024\/05\/rannamaja-double.jpg","datePublished":"2024-06-14T11:54:31+00:00","breadcrumb":{"@id":"https:\/\/www.laspa.ee\/et\/puhastusteenindaja\/#breadcrumb"},"inLanguage":"et","potentialAction":[{"@type":"ReadAction","target":["https:\/\/www.laspa.ee\/et\/puhastusteenindaja\/"]}]},{"@type":"ImageObject","inLanguage":"et","@id":"https:\/\/www.laspa.ee\/et\/puhastusteenindaja\/#primaryimage","url":"https:\/\/www.laspa.ee\/wp-content\/uploads\/2024\/05\/rannamaja-double.jpg","contentUrl":"https:\/\/www.laspa.ee\/wp-content\/uploads\/2024\/05\/rannamaja-double.jpg"},{"@type":"BreadcrumbList","@id":"https:\/\/www.laspa.ee\/et\/puhastusteenindaja\/#breadcrumb","itemListElement":[{"@type":"ListItem","position":1,"name":"Home","item":"https:\/\/www.laspa.ee\/et\/"},{"@type":"ListItem","position":2,"name":"Puhastusteenindaja"}]},{"@type":"WebSite","@id":"https:\/\/www.laspa.ee\/et\/#website","url":"https:\/\/www.laspa.ee\/et\/","name":"LaSpa Laulasmaa","description":"Wellbeing by nature","potentialAction":[{"@type":"SearchAction","target":{"@type":"EntryPoint","urlTemplate":"https:\/\/www.laspa.ee\/et\/?s={search_term_string}"},"query-input":{"@type":"PropertyValueSpecification","valueRequired":true,"valueName":"search_term_string"}}],"inLanguage":"et"}]}},"_links":{"self":[{"href":"https:\/\/www.laspa.ee\/et\/wp-json\/wp\/v2\/pages\/18536","targetHints":{"allow":["GET"]}}],"collection":[{"href":"https:\/\/www.laspa.ee\/et\/wp-json\/wp\/v2\/pages"}],"about":[{"href":"https:\/\/www.laspa.ee\/et\/wp-json\/wp\/v2\/types\/page"}],"author":[{"embeddable":true,"href":"https:\/\/www.laspa.ee\/et\/wp-json\/wp\/v2\/users\/4"}],"replies":[{"embeddable":true,"href":"https:\/\/www.laspa.ee\/et\/wp-json\/wp\/v2\/comments?post=18536"}],"version-history":[{"count":1,"href":"https:\/\/www.laspa.ee\/et\/wp-json\/wp\/v2\/pages\/18536\/revisions"}],"predecessor-version":[{"id":18537,"href":"https:\/\/www.laspa.ee\/et\/wp-json\/wp\/v2\/pages\/18536\/revisions\/18537"}],"wp:attachment":[{"href":"https:\/\/www.laspa.ee\/et\/wp-json\/wp\/v2\/media?parent=18536"}],"curies":[{"name":"wp","href":"https:\/\/api.w.org\/{rel}","templated":true}]}}