{"id":18562,"date":"2024-06-28T10:51:17","date_gmt":"2024-06-28T08:51:17","guid":{"rendered":"https:\/\/www.laspa.ee\/?page_id=18562"},"modified":"2025-04-15T14:58:44","modified_gmt":"2025-04-15T12:58:44","slug":"e-fatbike","status":"publish","type":"page","link":"https:\/\/www.laspa.ee\/et\/e-fatbike\/","title":{"rendered":"Jalgratta rent"},"content":{"rendered":"\n<div class=\"wp-block-cover alignfull\"><span aria-hidden=\"true\" class=\"wp-block-cover__background has-strong-grey-background-color has-background-dim\"><\/span><img loading=\"lazy\" decoding=\"async\" width=\"1280\" height=\"720\" class=\"wp-block-cover__image-background wp-image-18567\" alt=\"\" src=\"https:\/\/www.laspa.ee\/wp-content\/uploads\/2024\/06\/E-fatbike.jpg\" style=\"object-position:83% 58%\" data-object-fit=\"cover\" data-object-position=\"83% 58%\" srcset=\"https:\/\/www.laspa.ee\/wp-content\/uploads\/2024\/06\/E-fatbike.jpg 1280w, https:\/\/www.laspa.ee\/wp-content\/uploads\/2024\/06\/E-fatbike-300x169.jpg 300w, https:\/\/www.laspa.ee\/wp-content\/uploads\/2024\/06\/E-fatbike-1150x647.jpg 1150w, https:\/\/www.laspa.ee\/wp-content\/uploads\/2024\/06\/E-fatbike-768x432.jpg 768w, https:\/\/www.laspa.ee\/wp-content\/uploads\/2024\/06\/E-fatbike-800x450.jpg 800w\" sizes=\"auto, (max-width: 1280px) 100vw, 1280px\" \/><div class=\"wp-block-cover__inner-container is-layout-flow wp-block-cover-is-layout-flow\">\n<p class=\"has-text-align-center has-white-color has-text-color has-large-font-size\">Elektrilise fatbike jalgratta rent<\/p>\n<\/div><\/div>\n\n\n\n<div class=\"custom-twin-cols\"><div class=\"wp-block-columns has-2-columns\"><div class=\"wp-block-column text-block\">\n<h2 class=\"wp-block-heading\" id=\"naudi-vabadust\">Rendi elektriline fatbike jalgratas ja avasta Laulasmaad<\/h2>\n\n\n\n<p>Hotelli vastuv\u00f5tust on v\u00f5imalik rentida elektri fatbike rattaid koos kiivritega. Elektri fatbike ratastega on v\u00e4ga mugav avastada Laulasmaa ja Lohusalu randu ning nautida metsateid,. Samuti ootavad Sind meie l\u00e4hedal asuvad vaatamisv\u00e4\u00e4rsused nagu Keila juga ja Arvo P\u00e4rdi keskus. Ratastel on kolm erinevat kiirust.<\/p>\n\n\n\n<p><strong>Rattarendi hinnad<\/strong><br>1 tund \u2013 25\u20ac<br>3 tundi \u2013 55\u20ac<br>Terve p\u00e4ev \u2013 75\u20ac<\/p>\n\n\n\n<p>E- fatbike rattaid laenutame t\u00e4iskasvanutele v\u00f5i lastele koos vanemaga alates 140cm pikkuses. Kiivri kandmine on kohustuslik. <\/p>\n<\/div><div class=\"wp-block-column image-block\" data-pos=\"right\"><div class=\"wp-block-column\"><figure class=\"wp-block-image\"><img decoding=\"async\" src=\"https:\/\/www.laspa.ee\/wp-content\/uploads\/2024\/06\/E-fatbike-2-1150x863.jpg\" alt=\"\"\/><\/figure><\/div><\/div><\/div><\/div>\n","protected":false},"excerpt":{"rendered":"","protected":false},"author":4,"featured_media":0,"parent":0,"menu_order":216,"comment_status":"closed","ping_status":"closed","template":"","meta":{"_acf_changed":false,"footnotes":""},"class_list":["post-18562","page","type-page","status-publish","hentry"],"acf":false,"yoast_head":"<!-- This site is optimized with the Yoast SEO plugin v27.2 - https:\/\/yoast.com\/product\/yoast-seo-wordpress\/ -->\n<title>Jalgratta rent - LaSpa Laulasmaa<\/title>\n<meta name=\"robots\" content=\"index, follow, max-snippet:-1, max-image-preview:large, max-video-preview:-1\" \/>\n<link rel=\"canonical\" href=\"https:\/\/www.laspa.ee\/et\/e-fatbike\/\" \/>\n<meta property=\"og:locale\" content=\"et_EE\" \/>\n<meta property=\"og:type\" content=\"article\" \/>\n<meta property=\"og:title\" content=\"Jalgratta rent - LaSpa Laulasmaa\" \/>\n<meta property=\"og:url\" content=\"https:\/\/www.laspa.ee\/et\/e-fatbike\/\" \/>\n<meta property=\"og:site_name\" content=\"LaSpa Laulasmaa\" \/>\n<meta property=\"article:publisher\" content=\"https:\/\/www.facebook.com\/LaSpaLaulasmaa\" \/>\n<meta property=\"article:modified_time\" content=\"2025-04-15T12:58:44+00:00\" \/>\n<meta property=\"og:image\" content=\"https:\/\/www.laspa.ee\/wp-content\/uploads\/2024\/06\/E-fatbike.jpg\" \/>\n<meta name=\"twitter:card\" content=\"summary_large_image\" \/>\n<meta name=\"twitter:label1\" content=\"Est. reading time\" \/>\n\t<meta name=\"twitter:data1\" content=\"1 minut\" \/>\n<script type=\"application\/ld+json\" class=\"yoast-schema-graph\">{\"@context\":\"https:\/\/schema.org\",\"@graph\":[{\"@type\":\"WebPage\",\"@id\":\"https:\/\/www.laspa.ee\/et\/e-fatbike\/\",\"url\":\"https:\/\/www.laspa.ee\/et\/e-fatbike\/\",\"name\":\"Jalgratta rent - LaSpa Laulasmaa\",\"isPartOf\":{\"@id\":\"https:\/\/www.laspa.ee\/et\/#website\"},\"primaryImageOfPage\":{\"@id\":\"https:\/\/www.laspa.ee\/et\/e-fatbike\/#primaryimage\"},\"image\":{\"@id\":\"https:\/\/www.laspa.ee\/et\/e-fatbike\/#primaryimage\"},\"thumbnailUrl\":\"https:\/\/www.laspa.ee\/wp-content\/uploads\/2024\/06\/E-fatbike.jpg\",\"datePublished\":\"2024-06-28T08:51:17+00:00\",\"dateModified\":\"2025-04-15T12:58:44+00:00\",\"breadcrumb\":{\"@id\":\"https:\/\/www.laspa.ee\/et\/e-fatbike\/#breadcrumb\"},\"inLanguage\":\"et\",\"potentialAction\":[{\"@type\":\"ReadAction\",\"target\":[\"https:\/\/www.laspa.ee\/et\/e-fatbike\/\"]}]},{\"@type\":\"ImageObject\",\"inLanguage\":\"et\",\"@id\":\"https:\/\/www.laspa.ee\/et\/e-fatbike\/#primaryimage\",\"url\":\"https:\/\/www.laspa.ee\/wp-content\/uploads\/2024\/06\/E-fatbike.jpg\",\"contentUrl\":\"https:\/\/www.laspa.ee\/wp-content\/uploads\/2024\/06\/E-fatbike.jpg\"},{\"@type\":\"BreadcrumbList\",\"@id\":\"https:\/\/www.laspa.ee\/et\/e-fatbike\/#breadcrumb\",\"itemListElement\":[{\"@type\":\"ListItem\",\"position\":1,\"name\":\"Home\",\"item\":\"https:\/\/www.laspa.ee\/et\/\"},{\"@type\":\"ListItem\",\"position\":2,\"name\":\"Jalgratta rent\"}]},{\"@type\":\"WebSite\",\"@id\":\"https:\/\/www.laspa.ee\/et\/#website\",\"url\":\"https:\/\/www.laspa.ee\/et\/\",\"name\":\"LaSpa Laulasmaa\",\"description\":\"Wellbeing by nature\",\"potentialAction\":[{\"@type\":\"SearchAction\",\"target\":{\"@type\":\"EntryPoint\",\"urlTemplate\":\"https:\/\/www.laspa.ee\/et\/?s={search_term_string}\"},\"query-input\":{\"@type\":\"PropertyValueSpecification\",\"valueRequired\":true,\"valueName\":\"search_term_string\"}}],\"inLanguage\":\"et\"}]}<\/script>\n<!-- \/ Yoast SEO plugin. -->","yoast_head_json":{"title":"Jalgratta rent - LaSpa Laulasmaa","robots":{"index":"index","follow":"follow","max-snippet":"max-snippet:-1","max-image-preview":"max-image-preview:large","max-video-preview":"max-video-preview:-1"},"canonical":"https:\/\/www.laspa.ee\/et\/e-fatbike\/","og_locale":"et_EE","og_type":"article","og_title":"Jalgratta rent - LaSpa Laulasmaa","og_url":"https:\/\/www.laspa.ee\/et\/e-fatbike\/","og_site_name":"LaSpa Laulasmaa","article_publisher":"https:\/\/www.facebook.com\/LaSpaLaulasmaa","article_modified_time":"2025-04-15T12:58:44+00:00","og_image":[{"url":"https:\/\/www.laspa.ee\/wp-content\/uploads\/2024\/06\/E-fatbike.jpg","type":"","width":"","height":""}],"twitter_card":"summary_large_image","twitter_misc":{"Est. reading time":"1 minut"},"schema":{"@context":"https:\/\/schema.org","@graph":[{"@type":"WebPage","@id":"https:\/\/www.laspa.ee\/et\/e-fatbike\/","url":"https:\/\/www.laspa.ee\/et\/e-fatbike\/","name":"Jalgratta rent - LaSpa Laulasmaa","isPartOf":{"@id":"https:\/\/www.laspa.ee\/et\/#website"},"primaryImageOfPage":{"@id":"https:\/\/www.laspa.ee\/et\/e-fatbike\/#primaryimage"},"image":{"@id":"https:\/\/www.laspa.ee\/et\/e-fatbike\/#primaryimage"},"thumbnailUrl":"https:\/\/www.laspa.ee\/wp-content\/uploads\/2024\/06\/E-fatbike.jpg","datePublished":"2024-06-28T08:51:17+00:00","dateModified":"2025-04-15T12:58:44+00:00","breadcrumb":{"@id":"https:\/\/www.laspa.ee\/et\/e-fatbike\/#breadcrumb"},"inLanguage":"et","potentialAction":[{"@type":"ReadAction","target":["https:\/\/www.laspa.ee\/et\/e-fatbike\/"]}]},{"@type":"ImageObject","inLanguage":"et","@id":"https:\/\/www.laspa.ee\/et\/e-fatbike\/#primaryimage","url":"https:\/\/www.laspa.ee\/wp-content\/uploads\/2024\/06\/E-fatbike.jpg","contentUrl":"https:\/\/www.laspa.ee\/wp-content\/uploads\/2024\/06\/E-fatbike.jpg"},{"@type":"BreadcrumbList","@id":"https:\/\/www.laspa.ee\/et\/e-fatbike\/#breadcrumb","itemListElement":[{"@type":"ListItem","position":1,"name":"Home","item":"https:\/\/www.laspa.ee\/et\/"},{"@type":"ListItem","position":2,"name":"Jalgratta rent"}]},{"@type":"WebSite","@id":"https:\/\/www.laspa.ee\/et\/#website","url":"https:\/\/www.laspa.ee\/et\/","name":"LaSpa Laulasmaa","description":"Wellbeing by nature","potentialAction":[{"@type":"SearchAction","target":{"@type":"EntryPoint","urlTemplate":"https:\/\/www.laspa.ee\/et\/?s={search_term_string}"},"query-input":{"@type":"PropertyValueSpecification","valueRequired":true,"valueName":"search_term_string"}}],"inLanguage":"et"}]}},"_links":{"self":[{"href":"https:\/\/www.laspa.ee\/et\/wp-json\/wp\/v2\/pages\/18562","targetHints":{"allow":["GET"]}}],"collection":[{"href":"https:\/\/www.laspa.ee\/et\/wp-json\/wp\/v2\/pages"}],"about":[{"href":"https:\/\/www.laspa.ee\/et\/wp-json\/wp\/v2\/types\/page"}],"author":[{"embeddable":true,"href":"https:\/\/www.laspa.ee\/et\/wp-json\/wp\/v2\/users\/4"}],"replies":[{"embeddable":true,"href":"https:\/\/www.laspa.ee\/et\/wp-json\/wp\/v2\/comments?post=18562"}],"version-history":[{"count":5,"href":"https:\/\/www.laspa.ee\/et\/wp-json\/wp\/v2\/pages\/18562\/revisions"}],"predecessor-version":[{"id":18577,"href":"https:\/\/www.laspa.ee\/et\/wp-json\/wp\/v2\/pages\/18562\/revisions\/18577"}],"wp:attachment":[{"href":"https:\/\/www.laspa.ee\/et\/wp-json\/wp\/v2\/media?parent=18562"}],"curies":[{"name":"wp","href":"https:\/\/api.w.org\/{rel}","templated":true}]}}