{"id":18681,"date":"2024-07-20T00:34:31","date_gmt":"2024-07-19T22:34:31","guid":{"rendered":"https:\/\/www.laspa.ee\/?page_id=18681"},"modified":"2024-07-20T00:34:36","modified_gmt":"2024-07-19T22:34:36","slug":"naudi-juuniorsviit","status":"publish","type":"page","link":"https:\/\/www.laspa.ee\/et\/naudi-juuniorsviit\/","title":{"rendered":"Naudi juuniorsviit"},"content":{"rendered":"\n<div class=\"wp-block-cover alignfull is-light\" style=\"min-height:325px;aspect-ratio:unset;\"><span aria-hidden=\"true\" class=\"wp-block-cover__background has-background-dim\" style=\"background-color:#a5927f\"><\/span><img loading=\"lazy\" decoding=\"async\" width=\"2048\" height=\"1536\" class=\"wp-block-cover__image-background wp-image-18683\" alt=\"\" src=\"https:\/\/www.laspa.ee\/wp-content\/uploads\/2024\/07\/NL2.jpg\" data-object-fit=\"cover\" srcset=\"https:\/\/www.laspa.ee\/wp-content\/uploads\/2024\/07\/NL2.jpg 2048w, https:\/\/www.laspa.ee\/wp-content\/uploads\/2024\/07\/NL2-300x225.jpg 300w, https:\/\/www.laspa.ee\/wp-content\/uploads\/2024\/07\/NL2-1150x863.jpg 1150w, https:\/\/www.laspa.ee\/wp-content\/uploads\/2024\/07\/NL2-768x576.jpg 768w, https:\/\/www.laspa.ee\/wp-content\/uploads\/2024\/07\/NL2-1536x1152.jpg 1536w, https:\/\/www.laspa.ee\/wp-content\/uploads\/2024\/07\/NL2-800x600.jpg 800w\" sizes=\"auto, (max-width: 2048px) 100vw, 2048px\" \/><div class=\"wp-block-cover__inner-container is-layout-flow wp-block-cover-is-layout-flow\">\n<h1 class=\"wp-block-heading has-text-align-center has-white-color has-text-color\" id=\"standard-rooms\">Naudi juuniorsviit<\/h1>\n<\/div><\/div>\n\n\n\n<div class=\"wp-block-edhotels-text-gallery custom-twin-cols\">\n<div class=\"wp-block-columns is-layout-flex wp-container-corecolumns-is-layout-9d6595d7 wp-block-columns-is-layout-flex\">\n<div class=\"wp-block-column is-vertically-aligned-center text-block is-layout-flow wp-block-column-is-layout-flow\">\n<p><\/p>\n\n\n\n<h3 class=\"wp-block-heading\" id=\"standard-rooms-are-suitable-for-two-adults-and-one-child-up-to-14-years-of-age-the-rooms-vary-in-size-between-11-and-14-m2-rooms-are-located-on-floors-from-1st-4th\">Rannamaja asub 30 meetri kaugusel peamajast ning sobib suurep\u00e4raselt puhkuseks paaridele, k\u00fclalistele, kes on tulnud \u00fcksinda patareisid laadima ning v\u00e4iksematele ettev\u00f5tete gruppidele, kes hindavad mugavust, rahu, privaatsust ning ilu. Rannamaja merevaatega tuba mahutab kuni kaks t\u00e4iskasvanut.<\/h3>\n\n\n\n<p>Valgusk\u00fcllane k\u00f5rgete lagede ning imelise merevaatega nurgapealne juuniorsviit Naudi asub esimesel korusel ning on 30m<sup>2<\/sup> suur. <\/p>\n\n\n\n<p>LaSpa rannamaja asub eraldi hoones, sissep\u00e4\u00e4s vee- ja saunakeskusesse, Naudi LaSpa heaoluspaasse ja restoranidesse l\u00e4bi \u00f5ue.<\/p>\n\n\n\n<div class=\"wp-block-buttons is-layout-flex wp-block-buttons-is-layout-flex\">\n<div class=\"wp-block-button is-style-outline is-style-outline--1\"><a class=\"wp-block-button__link wp-element-button\" href=\"https:\/\/bouk.io\/booking\/laspa\/398\/rooms?language=et&amp;currency=&amp;adults=2&amp;roomId=2097\">BRONEERI<\/a><\/div>\n<\/div>\n<\/div>\n\n\n\n<div class=\"wp-block-column is-vertically-aligned-top image-block is-layout-flow wp-block-column-is-layout-flow\">\n<figure class=\"wp-block-gallery has-nested-images columns-default is-cropped wp-block-gallery-2 is-layout-flex wp-block-gallery-is-layout-flex\">\n<figure class=\"wp-block-image size-large\"><a href=\"https:\/\/www.laspa.ee\/wp-content\/uploads\/2024\/07\/Naudi-juuniorsviit-16.jpg\"><img loading=\"lazy\" decoding=\"async\" width=\"1150\" height=\"647\" data-id=\"18686\" src=\"https:\/\/www.laspa.ee\/wp-content\/uploads\/2024\/07\/Naudi-juuniorsviit-16-1150x647.jpg\" alt=\"\" class=\"wp-image-18686\" srcset=\"https:\/\/www.laspa.ee\/wp-content\/uploads\/2024\/07\/Naudi-juuniorsviit-16-1150x647.jpg 1150w, https:\/\/www.laspa.ee\/wp-content\/uploads\/2024\/07\/Naudi-juuniorsviit-16-300x169.jpg 300w, https:\/\/www.laspa.ee\/wp-content\/uploads\/2024\/07\/Naudi-juuniorsviit-16-768x432.jpg 768w, https:\/\/www.laspa.ee\/wp-content\/uploads\/2024\/07\/Naudi-juuniorsviit-16-1536x864.jpg 1536w, https:\/\/www.laspa.ee\/wp-content\/uploads\/2024\/07\/Naudi-juuniorsviit-16-800x450.jpg 800w, https:\/\/www.laspa.ee\/wp-content\/uploads\/2024\/07\/Naudi-juuniorsviit-16.jpg 2048w\" sizes=\"auto, (max-width: 1150px) 100vw, 1150px\" \/><\/a><\/figure>\n\n\n\n<figure class=\"wp-block-image size-large\"><a href=\"https:\/\/www.laspa.ee\/wp-content\/uploads\/2022\/08\/Beach-House-sea-view-4.jpg\"><img loading=\"lazy\" decoding=\"async\" width=\"1150\" height=\"606\" data-id=\"11103\" src=\"https:\/\/www.laspa.ee\/wp-content\/uploads\/2022\/08\/Beach-House-sea-view-4-1150x606.jpg\" alt=\"\" class=\"wp-image-11103\" srcset=\"https:\/\/www.laspa.ee\/wp-content\/uploads\/2022\/08\/Beach-House-sea-view-4-1150x606.jpg 1150w, https:\/\/www.laspa.ee\/wp-content\/uploads\/2022\/08\/Beach-House-sea-view-4-300x158.jpg 300w, https:\/\/www.laspa.ee\/wp-content\/uploads\/2022\/08\/Beach-House-sea-view-4-768x405.jpg 768w, https:\/\/www.laspa.ee\/wp-content\/uploads\/2022\/08\/Beach-House-sea-view-4-1536x810.jpg 1536w, https:\/\/www.laspa.ee\/wp-content\/uploads\/2022\/08\/Beach-House-sea-view-4-800x422.jpg 800w, https:\/\/www.laspa.ee\/wp-content\/uploads\/2022\/08\/Beach-House-sea-view-4.jpg 2048w\" sizes=\"auto, (max-width: 1150px) 100vw, 1150px\" \/><\/a><\/figure>\n\n\n\n<figure class=\"wp-block-image size-large\"><a href=\"https:\/\/www.laspa.ee\/wp-content\/uploads\/2024\/07\/Naudi-juuniorsviit-11-Copy.jpg\"><img loading=\"lazy\" decoding=\"async\" width=\"1150\" height=\"647\" data-id=\"18692\" src=\"https:\/\/www.laspa.ee\/wp-content\/uploads\/2024\/07\/Naudi-juuniorsviit-11-Copy-1150x647.jpg\" alt=\"\" class=\"wp-image-18692\" srcset=\"https:\/\/www.laspa.ee\/wp-content\/uploads\/2024\/07\/Naudi-juuniorsviit-11-Copy-1150x647.jpg 1150w, https:\/\/www.laspa.ee\/wp-content\/uploads\/2024\/07\/Naudi-juuniorsviit-11-Copy-300x169.jpg 300w, https:\/\/www.laspa.ee\/wp-content\/uploads\/2024\/07\/Naudi-juuniorsviit-11-Copy-768x432.jpg 768w, https:\/\/www.laspa.ee\/wp-content\/uploads\/2024\/07\/Naudi-juuniorsviit-11-Copy-1536x864.jpg 1536w, https:\/\/www.laspa.ee\/wp-content\/uploads\/2024\/07\/Naudi-juuniorsviit-11-Copy-800x450.jpg 800w, https:\/\/www.laspa.ee\/wp-content\/uploads\/2024\/07\/Naudi-juuniorsviit-11-Copy.jpg 2048w\" sizes=\"auto, (max-width: 1150px) 100vw, 1150px\" \/><\/a><\/figure>\n\n\n\n<figure class=\"wp-block-image size-large\"><a href=\"https:\/\/www.laspa.ee\/wp-content\/uploads\/2024\/07\/Naudi-juuniorsviit-15.jpg\"><img loading=\"lazy\" decoding=\"async\" width=\"1150\" height=\"647\" data-id=\"18689\" src=\"https:\/\/www.laspa.ee\/wp-content\/uploads\/2024\/07\/Naudi-juuniorsviit-15-1150x647.jpg\" alt=\"\" class=\"wp-image-18689\" srcset=\"https:\/\/www.laspa.ee\/wp-content\/uploads\/2024\/07\/Naudi-juuniorsviit-15-1150x647.jpg 1150w, https:\/\/www.laspa.ee\/wp-content\/uploads\/2024\/07\/Naudi-juuniorsviit-15-300x169.jpg 300w, https:\/\/www.laspa.ee\/wp-content\/uploads\/2024\/07\/Naudi-juuniorsviit-15-768x432.jpg 768w, https:\/\/www.laspa.ee\/wp-content\/uploads\/2024\/07\/Naudi-juuniorsviit-15-1536x864.jpg 1536w, https:\/\/www.laspa.ee\/wp-content\/uploads\/2024\/07\/Naudi-juuniorsviit-15-800x450.jpg 800w, https:\/\/www.laspa.ee\/wp-content\/uploads\/2024\/07\/Naudi-juuniorsviit-15.jpg 2048w\" sizes=\"auto, (max-width: 1150px) 100vw, 1150px\" \/><\/a><\/figure>\n<\/figure>\n<\/div>\n<\/div>\n\n\n\n<h3 class=\"wp-block-heading alignwide has-text-align-center\" id=\"amenities-in-the-room\">Toa hind sisaldab:<\/h3>\n\n\n\n<div class=\"wp-block-columns is-layout-flex wp-container-corecolumns-is-layout-9d6595d7 wp-block-columns-is-layout-flex\">\n<div class=\"wp-block-column is-layout-flow wp-block-column-is-layout-flow\" style=\"flex-basis:100%\">\n<ul class=\"wp-block-list\">\n<li>Piiramatu vee- ja saunakeskuse kasutus majutusperioodi ajal (avatud iga p\u00e4ev 09:00 &#8211; 22:00)<\/li>\n\n\n\n<li>Buffet hommikus\u00f6\u00f6k meie peamaja teise korruse restoranis M\u00e4nd  (E-R 07:00 \u2013 10:00 L-P 07:30 \u2013 11:00)<\/li>\n\n\n\n<li>Meie kaasaegse j\u00f5usaali tasuta kasutamine (avatud 24h) <\/li>\n\n\n\n<li>Tasuta osalemine meie treeningutes ja joogas (<a href=\"https:\/\/www.laspa.ee\/et\/laulasmaa-tegevused\/\">vastavalt ajakavale<\/a>) <\/li>\n\n\n\n<li>Sisseregistreerimine 15:00 ja v\u00e4ljaregistreerimine 12:00<\/li>\n<\/ul>\n<\/div>\n<\/div>\n\n\n\n<h3 class=\"wp-block-heading alignwide has-text-align-center\" id=\"amenities-in-the-room\">Mugavused toas<\/h3>\n<\/div>\n\n\n\n<div class=\"wp-block-columns alignfull is-layout-flex wp-container-corecolumns-is-layout-9d6595d7 wp-block-columns-is-layout-flex\">\n<div class=\"wp-block-column is-layout-flow wp-block-column-is-layout-flow\" style=\"flex-basis:50%\">\n<ul class=\"wp-block-list\">\n<li>Eksklusiivse Rootsi luksusbr\u00e4ndi Carpe Diem kaheinimesevoodi<\/li>\n\n\n\n<li>Sulepadjad ja suletekid (allergia puhul palun kirjuta meile)<\/li>\n\n\n\n<li>Konditsioneer<\/li>\n\n\n\n<li>Mugav diivan elutoa osaga<\/li>\n\n\n\n<li>Nespresso kohvimasin koos kapslitega ning veekeetja koos teega<\/li>\n\n\n\n<li>Tasuta pudelivesi<\/li>\n\n\n\n<li>Imeline merevaade<\/li>\n<\/ul>\n<\/div>\n\n\n\n<div class=\"wp-block-column is-layout-flow wp-block-column-is-layout-flow\" style=\"flex-basis:50%\">\n<ul class=\"wp-block-list\">\n<li>Minibaar<\/li>\n\n\n\n<li>Hommikumantlid ja sussid<\/li>\n\n\n\n<li>H\u00fcgieenitarbed ja f\u00f6\u00f6n<\/li>\n\n\n\n<li>Laiekraan televiisor<\/li>\n\n\n\n<li>Tasuta internet<\/li>\n\n\n\n<li>Tasuta parkimine <\/li>\n<\/ul>\n<\/div>\n<\/div>\n\n\n\n<div class=\"wp-block-columns alignfull is-layout-flex wp-container-corecolumns-is-layout-9d6595d7 wp-block-columns-is-layout-flex\">\n<div class=\"wp-block-column is-layout-flow wp-block-column-is-layout-flow\" style=\"flex-basis:100%\">\n<div class=\"custom-twin-cols\"><div class=\"wp-block-columns has-2-columns\"><div class=\"wp-block-column text-block\">\n<h2 class=\"wp-block-heading alignwide\" id=\"laulasmaal-on-heaolu-koikjal-meie-umber\">Laulasmaal olles proovi kindlasti<\/h2>\n\n\n\n<p>Hellita ennast Naudi LaSpa heaolsupaa hoolitsusega ning l\u00f5\u00f5gastu peale hoolitsust kamina ees v\u00e4rskendavat teed juues. <a href=\"https:\/\/www.laspa.ee\/et\/naudi-spaa\/koik\/\">Broneeri hoolitsus siin. <\/a><\/p>\n\n\n\n<p>Naudi jalutusk\u00e4ike Laulasmaa rannas v\u00f5i m\u00e4nnimetsas. Uju meres, mine jooksma v\u00f5i rattaga s\u00f5itma. Vaata kuidas p\u00e4ike loojub \u00fcle horisondi. Hoia k\u00e4test kinni. Proovi joogat ja mediteerimist \u2013 isegi siis kui see on esimest korda sinu elus. Treeni meie j\u00f5usaalis v\u00f5i m\u00e4ngi piljardid v\u00f5i disc golfi. Proovi meie NAUDI LaSpa massaa\u017ee ja hoolitsusi. See on siin olles lausa kohustuslik! See meeldib sulle kindlasti. M\u00e4ngi golfi. Surfa. Supita. Naudi Angelica Udek\u00fclli v\u00f5rratut toitu.<br>Ning l\u00f5petuseks l\u00f5dvestu ning maga, see on hea tervise alustala.<\/p>\n<\/div><div class=\"wp-block-column image-block\" data-pos=\"right\"><div class=\"wp-block-column\"><figure class=\"wp-block-image\"><img decoding=\"async\" src=\"https:\/\/www.laspa.ee\/wp-content\/uploads\/2021\/02\/laulasmaa_nature_walking_trail-1150x863.jpg\" alt=\"Laulasmaa I Matkarajad\"\/><\/figure><\/div><\/div><\/div><\/div>\n<\/div>\n<\/div>\n\n\n\n<div class=\"wp-block-webfactory-map alignfull google-map-edhotels\"><div class=\"wp-block-webfactory-map\"><\/div><\/div>\n\n\n\n<p><\/p>\n","protected":false},"excerpt":{"rendered":"","protected":false},"author":4,"featured_media":11101,"parent":0,"menu_order":301,"comment_status":"closed","ping_status":"closed","template":"","meta":{"_acf_changed":false,"footnotes":""},"class_list":["post-18681","page","type-page","status-publish","has-post-thumbnail","hentry"],"acf":false,"yoast_head":"<!-- This site is optimized with the Yoast SEO plugin v27.2 - https:\/\/yoast.com\/product\/yoast-seo-wordpress\/ -->\n<title>Naudi juuniorsviit - LaSpa Laulasmaa<\/title>\n<meta name=\"robots\" content=\"index, follow, max-snippet:-1, max-image-preview:large, max-video-preview:-1\" \/>\n<link rel=\"canonical\" href=\"https:\/\/www.laspa.ee\/et\/naudi-juuniorsviit\/\" \/>\n<meta property=\"og:locale\" content=\"et_EE\" \/>\n<meta property=\"og:type\" content=\"article\" \/>\n<meta property=\"og:title\" content=\"Naudi juuniorsviit - LaSpa Laulasmaa\" \/>\n<meta property=\"og:url\" content=\"https:\/\/www.laspa.ee\/et\/naudi-juuniorsviit\/\" \/>\n<meta property=\"og:site_name\" content=\"LaSpa Laulasmaa\" \/>\n<meta property=\"article:publisher\" content=\"https:\/\/www.facebook.com\/LaSpaLaulasmaa\" \/>\n<meta property=\"article:modified_time\" content=\"2024-07-19T22:34:36+00:00\" \/>\n<meta property=\"og:image\" content=\"https:\/\/www.laspa.ee\/wp-content\/uploads\/2022\/08\/AE1.jpg\" \/>\n\t<meta property=\"og:image:width\" content=\"2048\" \/>\n\t<meta property=\"og:image:height\" content=\"1080\" \/>\n\t<meta property=\"og:image:type\" content=\"image\/jpeg\" \/>\n<meta name=\"twitter:card\" content=\"summary_large_image\" \/>\n<meta name=\"twitter:label1\" content=\"Est. reading time\" \/>\n\t<meta name=\"twitter:data1\" content=\"3 minutit\" \/>\n<script type=\"application\/ld+json\" class=\"yoast-schema-graph\">{\"@context\":\"https:\/\/schema.org\",\"@graph\":[{\"@type\":\"WebPage\",\"@id\":\"https:\/\/www.laspa.ee\/et\/naudi-juuniorsviit\/\",\"url\":\"https:\/\/www.laspa.ee\/et\/naudi-juuniorsviit\/\",\"name\":\"Naudi juuniorsviit - LaSpa Laulasmaa\",\"isPartOf\":{\"@id\":\"https:\/\/www.laspa.ee\/et\/#website\"},\"primaryImageOfPage\":{\"@id\":\"https:\/\/www.laspa.ee\/et\/naudi-juuniorsviit\/#primaryimage\"},\"image\":{\"@id\":\"https:\/\/www.laspa.ee\/et\/naudi-juuniorsviit\/#primaryimage\"},\"thumbnailUrl\":\"https:\/\/www.laspa.ee\/wp-content\/uploads\/2022\/08\/AE1.jpg\",\"datePublished\":\"2024-07-19T22:34:31+00:00\",\"dateModified\":\"2024-07-19T22:34:36+00:00\",\"breadcrumb\":{\"@id\":\"https:\/\/www.laspa.ee\/et\/naudi-juuniorsviit\/#breadcrumb\"},\"inLanguage\":\"et\",\"potentialAction\":[{\"@type\":\"ReadAction\",\"target\":[\"https:\/\/www.laspa.ee\/et\/naudi-juuniorsviit\/\"]}]},{\"@type\":\"ImageObject\",\"inLanguage\":\"et\",\"@id\":\"https:\/\/www.laspa.ee\/et\/naudi-juuniorsviit\/#primaryimage\",\"url\":\"https:\/\/www.laspa.ee\/wp-content\/uploads\/2022\/08\/AE1.jpg\",\"contentUrl\":\"https:\/\/www.laspa.ee\/wp-content\/uploads\/2022\/08\/AE1.jpg\",\"width\":2048,\"height\":1080},{\"@type\":\"BreadcrumbList\",\"@id\":\"https:\/\/www.laspa.ee\/et\/naudi-juuniorsviit\/#breadcrumb\",\"itemListElement\":[{\"@type\":\"ListItem\",\"position\":1,\"name\":\"Home\",\"item\":\"https:\/\/www.laspa.ee\/et\/\"},{\"@type\":\"ListItem\",\"position\":2,\"name\":\"Naudi juuniorsviit\"}]},{\"@type\":\"WebSite\",\"@id\":\"https:\/\/www.laspa.ee\/et\/#website\",\"url\":\"https:\/\/www.laspa.ee\/et\/\",\"name\":\"LaSpa Laulasmaa\",\"description\":\"Wellbeing by nature\",\"potentialAction\":[{\"@type\":\"SearchAction\",\"target\":{\"@type\":\"EntryPoint\",\"urlTemplate\":\"https:\/\/www.laspa.ee\/et\/?s={search_term_string}\"},\"query-input\":{\"@type\":\"PropertyValueSpecification\",\"valueRequired\":true,\"valueName\":\"search_term_string\"}}],\"inLanguage\":\"et\"}]}<\/script>\n<!-- \/ Yoast SEO plugin. -->","yoast_head_json":{"title":"Naudi juuniorsviit - LaSpa Laulasmaa","robots":{"index":"index","follow":"follow","max-snippet":"max-snippet:-1","max-image-preview":"max-image-preview:large","max-video-preview":"max-video-preview:-1"},"canonical":"https:\/\/www.laspa.ee\/et\/naudi-juuniorsviit\/","og_locale":"et_EE","og_type":"article","og_title":"Naudi juuniorsviit - LaSpa Laulasmaa","og_url":"https:\/\/www.laspa.ee\/et\/naudi-juuniorsviit\/","og_site_name":"LaSpa Laulasmaa","article_publisher":"https:\/\/www.facebook.com\/LaSpaLaulasmaa","article_modified_time":"2024-07-19T22:34:36+00:00","og_image":[{"width":2048,"height":1080,"url":"https:\/\/www.laspa.ee\/wp-content\/uploads\/2022\/08\/AE1.jpg","type":"image\/jpeg"}],"twitter_card":"summary_large_image","twitter_misc":{"Est. reading time":"3 minutit"},"schema":{"@context":"https:\/\/schema.org","@graph":[{"@type":"WebPage","@id":"https:\/\/www.laspa.ee\/et\/naudi-juuniorsviit\/","url":"https:\/\/www.laspa.ee\/et\/naudi-juuniorsviit\/","name":"Naudi juuniorsviit - LaSpa Laulasmaa","isPartOf":{"@id":"https:\/\/www.laspa.ee\/et\/#website"},"primaryImageOfPage":{"@id":"https:\/\/www.laspa.ee\/et\/naudi-juuniorsviit\/#primaryimage"},"image":{"@id":"https:\/\/www.laspa.ee\/et\/naudi-juuniorsviit\/#primaryimage"},"thumbnailUrl":"https:\/\/www.laspa.ee\/wp-content\/uploads\/2022\/08\/AE1.jpg","datePublished":"2024-07-19T22:34:31+00:00","dateModified":"2024-07-19T22:34:36+00:00","breadcrumb":{"@id":"https:\/\/www.laspa.ee\/et\/naudi-juuniorsviit\/#breadcrumb"},"inLanguage":"et","potentialAction":[{"@type":"ReadAction","target":["https:\/\/www.laspa.ee\/et\/naudi-juuniorsviit\/"]}]},{"@type":"ImageObject","inLanguage":"et","@id":"https:\/\/www.laspa.ee\/et\/naudi-juuniorsviit\/#primaryimage","url":"https:\/\/www.laspa.ee\/wp-content\/uploads\/2022\/08\/AE1.jpg","contentUrl":"https:\/\/www.laspa.ee\/wp-content\/uploads\/2022\/08\/AE1.jpg","width":2048,"height":1080},{"@type":"BreadcrumbList","@id":"https:\/\/www.laspa.ee\/et\/naudi-juuniorsviit\/#breadcrumb","itemListElement":[{"@type":"ListItem","position":1,"name":"Home","item":"https:\/\/www.laspa.ee\/et\/"},{"@type":"ListItem","position":2,"name":"Naudi juuniorsviit"}]},{"@type":"WebSite","@id":"https:\/\/www.laspa.ee\/et\/#website","url":"https:\/\/www.laspa.ee\/et\/","name":"LaSpa Laulasmaa","description":"Wellbeing by nature","potentialAction":[{"@type":"SearchAction","target":{"@type":"EntryPoint","urlTemplate":"https:\/\/www.laspa.ee\/et\/?s={search_term_string}"},"query-input":{"@type":"PropertyValueSpecification","valueRequired":true,"valueName":"search_term_string"}}],"inLanguage":"et"}]}},"_links":{"self":[{"href":"https:\/\/www.laspa.ee\/et\/wp-json\/wp\/v2\/pages\/18681","targetHints":{"allow":["GET"]}}],"collection":[{"href":"https:\/\/www.laspa.ee\/et\/wp-json\/wp\/v2\/pages"}],"about":[{"href":"https:\/\/www.laspa.ee\/et\/wp-json\/wp\/v2\/types\/page"}],"author":[{"embeddable":true,"href":"https:\/\/www.laspa.ee\/et\/wp-json\/wp\/v2\/users\/4"}],"replies":[{"embeddable":true,"href":"https:\/\/www.laspa.ee\/et\/wp-json\/wp\/v2\/comments?post=18681"}],"version-history":[{"count":1,"href":"https:\/\/www.laspa.ee\/et\/wp-json\/wp\/v2\/pages\/18681\/revisions"}],"predecessor-version":[{"id":18695,"href":"https:\/\/www.laspa.ee\/et\/wp-json\/wp\/v2\/pages\/18681\/revisions\/18695"}],"wp:featuredmedia":[{"embeddable":true,"href":"https:\/\/www.laspa.ee\/et\/wp-json\/wp\/v2\/media\/11101"}],"wp:attachment":[{"href":"https:\/\/www.laspa.ee\/et\/wp-json\/wp\/v2\/media?parent=18681"}],"curies":[{"name":"wp","href":"https:\/\/api.w.org\/{rel}","templated":true}]}}