{"id":18908,"date":"2024-09-18T17:56:14","date_gmt":"2024-09-18T15:56:14","guid":{"rendered":"https:\/\/www.laspa.ee\/?page_id=18908"},"modified":"2025-11-28T11:06:20","modified_gmt":"2025-11-28T09:06:20","slug":"laspa-joulupeod","status":"publish","type":"page","link":"https:\/\/www.laspa.ee\/et\/laspa-joulupeod\/","title":{"rendered":"LaSpa j\u00f5ulupeod"},"content":{"rendered":"\n<div class=\"wp-block-cover alignfull is-light\" style=\"min-height:391px;aspect-ratio:unset;\"><img loading=\"lazy\" decoding=\"async\" width=\"1170\" height=\"1560\" class=\"wp-block-cover__image-background wp-image-12081\" alt=\"\" src=\"https:\/\/www.laspa.ee\/wp-content\/uploads\/2022\/10\/309799611_670638870939689_6581975266926025953_n.jpg\" style=\"object-position:37% 62%\" data-object-fit=\"cover\" data-object-position=\"37% 62%\" srcset=\"https:\/\/www.laspa.ee\/wp-content\/uploads\/2022\/10\/309799611_670638870939689_6581975266926025953_n.jpg 1170w, https:\/\/www.laspa.ee\/wp-content\/uploads\/2022\/10\/309799611_670638870939689_6581975266926025953_n-225x300.jpg 225w, https:\/\/www.laspa.ee\/wp-content\/uploads\/2022\/10\/309799611_670638870939689_6581975266926025953_n-863x1150.jpg 863w, https:\/\/www.laspa.ee\/wp-content\/uploads\/2022\/10\/309799611_670638870939689_6581975266926025953_n-768x1024.jpg 768w, https:\/\/www.laspa.ee\/wp-content\/uploads\/2022\/10\/309799611_670638870939689_6581975266926025953_n-1152x1536.jpg 1152w, https:\/\/www.laspa.ee\/wp-content\/uploads\/2022\/10\/309799611_670638870939689_6581975266926025953_n-800x1067.jpg 800w\" sizes=\"auto, (max-width: 1170px) 100vw, 1170px\" \/><span aria-hidden=\"true\" class=\"wp-block-cover__background has-strong-grey-background-color has-background-dim-20 has-background-dim\"><\/span><div class=\"wp-block-cover__inner-container is-layout-flow wp-block-cover-is-layout-flow\">\n<h1 class=\"wp-block-heading has-text-align-center has-white-color has-text-color\">J\u00f5ulupidu restoranis Wicca<\/h1>\n<\/div><\/div>\n\n\n\n<div class=\"custom-twin-cols\"><div class=\"wp-block-columns has-2-columns\"><div class=\"wp-block-column text-block\">\n<h1 class=\"wp-block-heading\">J\u00f5ulu\u00f5htus\u00f6\u00f6k restoranis Wicca koos elava muusikaga<\/h1>\n\n\n\n<p>J\u00f5uluaeg LaSpas. Tulge nautima Angelica Udek\u00fclli meeskonna loodud v\u00f5rratut kolmek\u00e4igulist \u00f5htus\u00f6\u00f6ki koos meeleoluka elava muusikaga.<br>J\u00f5uluh\u00f5nguline \u00f5htus\u00f6\u00f6k sobib suurep\u00e4raselt nii meeskonna v\u00e4ljas\u00f5iduks kui ka s\u00f5pradega aja veetmiseks.<\/p>\n\n\n\n<p><br>Restoranis Wicca ootab teid:<\/p>\n\n\n\n<ul class=\"wp-block-list\">\n<li>Kolmek\u00e4iguline \u00f5htus\u00f6\u00f6k MICHELIN Guide Estonia 2025 poolt soovitatud restoranis algusega kell 19.00<\/li>\n\n\n\n<li>Meeleolukas akustiline kontsert meie imeliste artistide poolt, mis sobilik ka tantsuks<\/li>\n\n\n\n<li>M\u00f5nus \u00f5hkkond s\u00f5prade v\u00f5i kolleegidega j\u00f5uluaja nautimiseks<\/li>\n<\/ul>\n\n\n\n<h4 class=\"wp-block-heading\">J\u00f5ulu\u00f5htus\u00f6\u00f6gid toimuvad:<br>Neljap\u00e4eviti ja reedeti: 4.12, 5.12, 11.12, 12.12, 18.12, 19.12<\/h4>\n\n\n\n<p><strong>Kolmek\u00e4iguline erimen\u00fc\u00fc hinnaga 69\u20ac inimene.<\/strong><\/p>\n\n\n\n<p>Broneeri laud ja veeda meiega meeldej\u00e4\u00e4v \u00f5htu!<br><br>\u00d5htus\u00f6\u00f6gi algus: 19.00<\/p>\n\n\n\n<p>Broneeri laud &#8211;&nbsp;<a href=\"mailto:reservations@laspa.ee\">reservations@laspa.ee<\/a><br>K\u00fcsimuste korral helista: +372 687 0888<\/p>\n\n\n\n<p><br><\/p>\n<\/div><div class=\"wp-block-column image-block\" data-pos=\"right\"><div class=\"wp-block-column\"><figure class=\"wp-block-image\"><img decoding=\"async\" src=\"https:\/\/www.laspa.ee\/wp-content\/uploads\/2025\/10\/LaSpa-jouluohtusook-2-1150x647.jpg\" alt=\"\"\/><\/figure><\/div><\/div><\/div><\/div>\n\n\n\n<div class=\"custom-twin-cols\"><div class=\"wp-block-columns has-2-columns\"><div class=\"wp-block-column image-block\" data-pos=\"left\"><div class=\"wp-block-column\"><a href=\"https:\/\/www.laspa.ee\/wp-content\/uploads\/2025\/11\/dhewrer-1150x647.jpg\"><figure class=\"wp-block-image\"><img decoding=\"async\" src=\"https:\/\/www.laspa.ee\/wp-content\/uploads\/2025\/11\/dhewrer-1150x647.jpg\" alt=\"LaSpa armastab muusikat\"\/><\/figure><\/a><\/div><\/div><div class=\"wp-block-column text-block\">\n<h2 class=\"wp-block-heading has-text-align-left\">Meie esinejad<\/h2>\n\n\n\n<p class=\"has-text-align-left\">4. detsember &#8211; <strong>Johanna duo<\/strong><br>5. detsember &#8211; <strong>Singlecrew<\/strong><\/p>\n\n\n\n<p class=\"has-text-align-left\"><br>11. detsember &#8211; <strong>Johanna duo<\/strong><br>12. detsember &#8211; <strong>Singlecrew<\/strong><\/p>\n\n\n\n<p class=\"has-text-align-left\">18. detsember &#8211; <strong>Johanna duo<\/strong><br>19. detsember &#8211; <strong>Singlecrew<\/strong><\/p>\n<\/div><\/div><\/div>\n\n\n\n<div class=\"custom-twin-cols\"><div class=\"wp-block-columns has-2-columns\"><div class=\"wp-block-column text-block\">\n<h2 class=\"wp-block-heading has-text-align-center\">Pidulik kolmek\u00e4iguline j\u00f5ulumen\u00fc\u00fc <\/h2>\n\n\n\n<p class=\"has-text-align-center\">EELROAD<\/p>\n\n\n\n<p class=\"has-text-align-center\"><br>S\u00c4INAS<br>S\u00e4inas peedi marinaadis, kiirmarineeritud peet, rose pipra marinaadis p\u00e4rlsibul, sibulakreem, kr\u00f5bekartul<br>VEISE S\u00dcDA<br>Soolatud veise s\u00fcda, mustjuurekreem, linnase muld.<br>MUSTJUUR<br>Mustjuur, mustjuurekreem, kiirmarineeritud peet, mustjuurekr\u00f5bedik<\/p>\n\n\n\n<p class=\"has-text-align-center\">PEAROAD<\/p>\n\n\n\n<p class=\"has-text-align-center\"><br>H\u00d5RNAS<br>Praetud h\u00f5rnas, kartulikroket, tomatip\u00e4rlid, koorene portveinikaste<br>VEISE P\u00d5SK<br>K\u00fcpsetatud veisep\u00f5sk, verikroket, hapukapsakreem, p\u00e4rlkruubid, koorene veiseleemekaste<br>L\u00d5VILAKK<br>Praetud l\u00f5vilakk, sibulakreem, kartulikroket, fermenteeritud k\u00fc\u00fcslauk, koorene seenekaste<\/p>\n\n\n\n<p class=\"has-text-align-center\">DESSERT<\/p>\n\n\n\n<p class=\"has-text-align-center\"><br>K\u00d5RVITS<br>K\u00f5rvitsa-ingverikreem, mandli-kardemonikr\u00f5bedik,ahju\u00f5un, k\u00f5rvitsasalat, ebak\u00fcdooniaj\u00e4\u00e4tis, pohlad<br>EESTI K\u00c4SIT\u00d6\u00d6 JUUSTUD<br>Kolotsi, ja Viinam\u00e4rdi juustud, kardemoni-apelsinik\u00fcpsis, veini\u017eelee<br>WICCA MAGUSAD AMPSUD<br>Pohlakomm, leiva-ploomitr\u00fchvel, p\u00f5ldmarja vahukomm, mandlik\u00fcpsis<\/p>\n\n\n\n<p class=\"has-text-align-center\">Hind sisaldab ka tervitusjooki ja tassi kohvi v\u00f5i teed. <\/p>\n<\/div><div class=\"wp-block-column image-block\" data-pos=\"right\"><div class=\"wp-block-column\"><figure class=\"wp-block-image\"><img decoding=\"async\" src=\"https:\/\/www.laspa.ee\/wp-content\/uploads\/2025\/10\/jtyjtyj-1-scaled-e1761859420928-1150x735.jpg\" alt=\"LaSpa I Heaolu koos loodusega I j\u00f5ulupidu\"\/><\/figure><\/div><\/div><\/div><\/div>\n\n\n\n<div class=\"wp-block-edhotels-gallery custom-grid-gallery\"><div class=\"grid lightgallery\"><div data-src=\"https:\/\/www.laspa.ee\/wp-content\/uploads\/2025\/10\/LaSpa-jouluohtusook-1.jpg\" class=\"grid-item\"><img decoding=\"async\" src=\"https:\/\/www.laspa.ee\/wp-content\/uploads\/2025\/10\/LaSpa-jouluohtusook-1-1150x647.jpg\" alt=\"\" data-id=\"20824\"\/><\/div><div data-src=\"https:\/\/www.laspa.ee\/wp-content\/uploads\/2022\/10\/309308746_1466644703812989_1502147415371072837_n.jpg\" class=\"grid-item\"><img decoding=\"async\" src=\"https:\/\/www.laspa.ee\/wp-content\/uploads\/2022\/10\/309308746_1466644703812989_1502147415371072837_n-863x1150.jpg\" alt=\"\" data-id=\"12078\"\/><\/div><div data-src=\"https:\/\/www.laspa.ee\/wp-content\/uploads\/2025\/10\/LaSpa-jouluohtusook-2.jpg\" class=\"grid-item\"><img decoding=\"async\" src=\"https:\/\/www.laspa.ee\/wp-content\/uploads\/2025\/10\/LaSpa-jouluohtusook-2-1150x647.jpg\" alt=\"\" data-id=\"20821\"\/><\/div><div data-src=\"https:\/\/www.laspa.ee\/wp-content\/uploads\/2022\/10\/qwsq.jpg\" class=\"grid-item\"><img decoding=\"async\" src=\"https:\/\/www.laspa.ee\/wp-content\/uploads\/2022\/10\/qwsq-1150x889.jpg\" alt=\"Restaurant Wicca LaSpa\" data-id=\"16355\"\/><\/div><div data-src=\"https:\/\/www.laspa.ee\/wp-content\/uploads\/2023\/01\/ljkhi.jpg\" class=\"grid-item\"><img decoding=\"async\" src=\"https:\/\/www.laspa.ee\/wp-content\/uploads\/2023\/01\/ljkhi-1150x767.jpg\" alt=\"\" data-id=\"13274\"\/><\/div><div data-src=\"https:\/\/www.laspa.ee\/wp-content\/uploads\/2025\/10\/LaSpa-jouluohtusook-3.jpg\" class=\"grid-item\"><img decoding=\"async\" src=\"https:\/\/www.laspa.ee\/wp-content\/uploads\/2025\/10\/LaSpa-jouluohtusook-3-1150x647.jpg\" alt=\"\" data-id=\"20818\"\/><\/div><div data-src=\"https:\/\/www.laspa.ee\/wp-content\/uploads\/2023\/10\/20JJ1214_229-lkj-scaled.jpg\" class=\"grid-item\"><img decoding=\"async\" src=\"https:\/\/www.laspa.ee\/wp-content\/uploads\/2023\/10\/20JJ1214_229-lkj-1150x767.jpg\" alt=\"\" data-id=\"16256\"\/><\/div><div data-src=\"https:\/\/www.laspa.ee\/wp-content\/uploads\/2023\/04\/lkhf-scaled.jpg\" class=\"grid-item\"><img decoding=\"async\" src=\"https:\/\/www.laspa.ee\/wp-content\/uploads\/2023\/04\/lkhf-1150x861.jpg\" alt=\"\" data-id=\"14064\"\/><\/div><div data-src=\"https:\/\/www.laspa.ee\/wp-content\/uploads\/2022\/10\/309799611_670638870939689_6581975266926025953_n.jpg\" class=\"grid-item\"><img decoding=\"async\" src=\"https:\/\/www.laspa.ee\/wp-content\/uploads\/2022\/10\/309799611_670638870939689_6581975266926025953_n-863x1150.jpg\" alt=\"\" data-id=\"12081\"\/><\/div><div data-src=\"https:\/\/www.laspa.ee\/wp-content\/uploads\/2024\/09\/221102_AgendaPR-LaSpa_Erlend_Staub611.jpg\" class=\"grid-item\"><img decoding=\"async\" src=\"https:\/\/www.laspa.ee\/wp-content\/uploads\/2024\/09\/221102_AgendaPR-LaSpa_Erlend_Staub611-1150x767.jpg\" alt=\"\" data-id=\"18914\"\/><\/div><div data-src=\"https:\/\/www.laspa.ee\/wp-content\/uploads\/2022\/11\/310905494_830356394814917_3011285191734950579_n.jpg\" class=\"grid-item\"><img decoding=\"async\" src=\"https:\/\/www.laspa.ee\/wp-content\/uploads\/2022\/11\/310905494_830356394814917_3011285191734950579_n-863x1150.jpg\" alt=\"\" data-id=\"12423\"\/><\/div><div data-src=\"https:\/\/www.laspa.ee\/wp-content\/uploads\/2024\/09\/221102_AgendaPR-LaSpa_Erlend_Staub304-e1726674139328.jpg\" class=\"grid-item\"><img decoding=\"async\" src=\"https:\/\/www.laspa.ee\/wp-content\/uploads\/2024\/09\/221102_AgendaPR-LaSpa_Erlend_Staub304-e1726674139328-1150x1018.jpg\" alt=\"\" data-id=\"18920\"\/><\/div><div data-src=\"https:\/\/www.laspa.ee\/wp-content\/uploads\/2023\/12\/Wicca-christmas.jpg\" class=\"grid-item\"><img decoding=\"async\" src=\"https:\/\/www.laspa.ee\/wp-content\/uploads\/2023\/12\/Wicca-christmas-1150x863.jpg\" alt=\"\" data-id=\"16844\"\/><\/div><div data-src=\"https:\/\/www.laspa.ee\/wp-content\/uploads\/2022\/01\/IMGL6821_fullsize_fotograaf.lauri_.laan_.jpg\" class=\"grid-item\"><img decoding=\"async\" src=\"https:\/\/www.laspa.ee\/wp-content\/uploads\/2022\/01\/IMGL6821_fullsize_fotograaf.lauri_.laan_-767x1150.jpg\" alt=\"\" data-id=\"8119\"\/><\/div><div data-src=\"https:\/\/www.laspa.ee\/wp-content\/uploads\/2024\/07\/image00023-scaled.jpeg\" class=\"grid-item\"><img decoding=\"async\" src=\"https:\/\/www.laspa.ee\/wp-content\/uploads\/2024\/07\/image00023-863x1150.jpeg\" alt=\"\" data-id=\"18637\"\/><\/div><div data-src=\"https:\/\/www.laspa.ee\/wp-content\/uploads\/2022\/09\/20220831_143836-1-1.jpg\" class=\"grid-item\"><img decoding=\"async\" src=\"https:\/\/www.laspa.ee\/wp-content\/uploads\/2022\/09\/20220831_143836-1-1-1150x726.jpg\" alt=\"\" data-id=\"11450\"\/><\/div><div data-src=\"https:\/\/www.laspa.ee\/wp-content\/uploads\/2024\/09\/221102_AgendaPR-LaSpa_Erlend_Staub484.jpg\" class=\"grid-item\"><img decoding=\"async\" src=\"https:\/\/www.laspa.ee\/wp-content\/uploads\/2024\/09\/221102_AgendaPR-LaSpa_Erlend_Staub484-1150x767.jpg\" alt=\"\" data-id=\"18917\"\/><\/div><div data-src=\"https:\/\/www.laspa.ee\/wp-content\/uploads\/2022\/10\/311429004_654345879440495_327476987852535846_n-copy.jpg\" class=\"grid-item\"><img decoding=\"async\" src=\"https:\/\/www.laspa.ee\/wp-content\/uploads\/2022\/10\/311429004_654345879440495_327476987852535846_n-copy-1150x863.jpg\" alt=\"\" data-id=\"12069\"\/><\/div><\/div><\/div>\n","protected":false},"excerpt":{"rendered":"","protected":false},"author":4,"featured_media":0,"parent":0,"menu_order":94,"comment_status":"closed","ping_status":"closed","template":"","meta":{"_acf_changed":false,"footnotes":""},"class_list":["post-18908","page","type-page","status-publish","hentry"],"acf":false,"yoast_head":"<!-- This site is optimized with the Yoast SEO plugin v27.2 - https:\/\/yoast.com\/product\/yoast-seo-wordpress\/ -->\n<title>LaSpa j\u00f5ulupeod - LaSpa Laulasmaa<\/title>\n<meta name=\"robots\" content=\"index, follow, max-snippet:-1, max-image-preview:large, max-video-preview:-1\" \/>\n<link rel=\"canonical\" href=\"https:\/\/www.laspa.ee\/et\/laspa-joulupeod\/\" \/>\n<meta property=\"og:locale\" content=\"et_EE\" \/>\n<meta property=\"og:type\" content=\"article\" \/>\n<meta property=\"og:title\" content=\"LaSpa j\u00f5ulupeod - LaSpa Laulasmaa\" \/>\n<meta property=\"og:url\" content=\"https:\/\/www.laspa.ee\/et\/laspa-joulupeod\/\" \/>\n<meta property=\"og:site_name\" content=\"LaSpa Laulasmaa\" \/>\n<meta property=\"article:publisher\" content=\"https:\/\/www.facebook.com\/LaSpaLaulasmaa\" \/>\n<meta property=\"article:modified_time\" content=\"2025-11-28T09:06:20+00:00\" \/>\n<meta property=\"og:image\" content=\"https:\/\/www.laspa.ee\/wp-content\/uploads\/2022\/10\/309799611_670638870939689_6581975266926025953_n.jpg\" \/>\n\t<meta property=\"og:image:width\" content=\"1170\" \/>\n\t<meta property=\"og:image:height\" content=\"1560\" \/>\n\t<meta property=\"og:image:type\" content=\"image\/jpeg\" \/>\n<meta name=\"twitter:card\" content=\"summary_large_image\" \/>\n<meta name=\"twitter:label1\" content=\"Est. reading time\" \/>\n\t<meta name=\"twitter:data1\" content=\"5 minutit\" \/>\n<script type=\"application\/ld+json\" class=\"yoast-schema-graph\">{\"@context\":\"https:\/\/schema.org\",\"@graph\":[{\"@type\":\"WebPage\",\"@id\":\"https:\/\/www.laspa.ee\/et\/laspa-joulupeod\/\",\"url\":\"https:\/\/www.laspa.ee\/et\/laspa-joulupeod\/\",\"name\":\"LaSpa j\u00f5ulupeod - LaSpa Laulasmaa\",\"isPartOf\":{\"@id\":\"https:\/\/www.laspa.ee\/et\/#website\"},\"primaryImageOfPage\":{\"@id\":\"https:\/\/www.laspa.ee\/et\/laspa-joulupeod\/#primaryimage\"},\"image\":{\"@id\":\"https:\/\/www.laspa.ee\/et\/laspa-joulupeod\/#primaryimage\"},\"thumbnailUrl\":\"https:\/\/www.laspa.ee\/wp-content\/uploads\/2022\/10\/309799611_670638870939689_6581975266926025953_n.jpg\",\"datePublished\":\"2024-09-18T15:56:14+00:00\",\"dateModified\":\"2025-11-28T09:06:20+00:00\",\"breadcrumb\":{\"@id\":\"https:\/\/www.laspa.ee\/et\/laspa-joulupeod\/#breadcrumb\"},\"inLanguage\":\"et\",\"potentialAction\":[{\"@type\":\"ReadAction\",\"target\":[\"https:\/\/www.laspa.ee\/et\/laspa-joulupeod\/\"]}]},{\"@type\":\"ImageObject\",\"inLanguage\":\"et\",\"@id\":\"https:\/\/www.laspa.ee\/et\/laspa-joulupeod\/#primaryimage\",\"url\":\"https:\/\/www.laspa.ee\/wp-content\/uploads\/2022\/10\/309799611_670638870939689_6581975266926025953_n.jpg\",\"contentUrl\":\"https:\/\/www.laspa.ee\/wp-content\/uploads\/2022\/10\/309799611_670638870939689_6581975266926025953_n.jpg\"},{\"@type\":\"BreadcrumbList\",\"@id\":\"https:\/\/www.laspa.ee\/et\/laspa-joulupeod\/#breadcrumb\",\"itemListElement\":[{\"@type\":\"ListItem\",\"position\":1,\"name\":\"Home\",\"item\":\"https:\/\/www.laspa.ee\/et\/\"},{\"@type\":\"ListItem\",\"position\":2,\"name\":\"LaSpa j\u00f5ulupeod\"}]},{\"@type\":\"WebSite\",\"@id\":\"https:\/\/www.laspa.ee\/et\/#website\",\"url\":\"https:\/\/www.laspa.ee\/et\/\",\"name\":\"LaSpa Laulasmaa\",\"description\":\"Wellbeing by nature\",\"potentialAction\":[{\"@type\":\"SearchAction\",\"target\":{\"@type\":\"EntryPoint\",\"urlTemplate\":\"https:\/\/www.laspa.ee\/et\/?s={search_term_string}\"},\"query-input\":{\"@type\":\"PropertyValueSpecification\",\"valueRequired\":true,\"valueName\":\"search_term_string\"}}],\"inLanguage\":\"et\"}]}<\/script>\n<!-- \/ Yoast SEO plugin. -->","yoast_head_json":{"title":"LaSpa j\u00f5ulupeod - LaSpa Laulasmaa","robots":{"index":"index","follow":"follow","max-snippet":"max-snippet:-1","max-image-preview":"max-image-preview:large","max-video-preview":"max-video-preview:-1"},"canonical":"https:\/\/www.laspa.ee\/et\/laspa-joulupeod\/","og_locale":"et_EE","og_type":"article","og_title":"LaSpa j\u00f5ulupeod - LaSpa Laulasmaa","og_url":"https:\/\/www.laspa.ee\/et\/laspa-joulupeod\/","og_site_name":"LaSpa Laulasmaa","article_publisher":"https:\/\/www.facebook.com\/LaSpaLaulasmaa","article_modified_time":"2025-11-28T09:06:20+00:00","og_image":[{"width":1170,"height":1560,"url":"https:\/\/www.laspa.ee\/wp-content\/uploads\/2022\/10\/309799611_670638870939689_6581975266926025953_n.jpg","type":"image\/jpeg"}],"twitter_card":"summary_large_image","twitter_misc":{"Est. reading time":"5 minutit"},"schema":{"@context":"https:\/\/schema.org","@graph":[{"@type":"WebPage","@id":"https:\/\/www.laspa.ee\/et\/laspa-joulupeod\/","url":"https:\/\/www.laspa.ee\/et\/laspa-joulupeod\/","name":"LaSpa j\u00f5ulupeod - LaSpa Laulasmaa","isPartOf":{"@id":"https:\/\/www.laspa.ee\/et\/#website"},"primaryImageOfPage":{"@id":"https:\/\/www.laspa.ee\/et\/laspa-joulupeod\/#primaryimage"},"image":{"@id":"https:\/\/www.laspa.ee\/et\/laspa-joulupeod\/#primaryimage"},"thumbnailUrl":"https:\/\/www.laspa.ee\/wp-content\/uploads\/2022\/10\/309799611_670638870939689_6581975266926025953_n.jpg","datePublished":"2024-09-18T15:56:14+00:00","dateModified":"2025-11-28T09:06:20+00:00","breadcrumb":{"@id":"https:\/\/www.laspa.ee\/et\/laspa-joulupeod\/#breadcrumb"},"inLanguage":"et","potentialAction":[{"@type":"ReadAction","target":["https:\/\/www.laspa.ee\/et\/laspa-joulupeod\/"]}]},{"@type":"ImageObject","inLanguage":"et","@id":"https:\/\/www.laspa.ee\/et\/laspa-joulupeod\/#primaryimage","url":"https:\/\/www.laspa.ee\/wp-content\/uploads\/2022\/10\/309799611_670638870939689_6581975266926025953_n.jpg","contentUrl":"https:\/\/www.laspa.ee\/wp-content\/uploads\/2022\/10\/309799611_670638870939689_6581975266926025953_n.jpg"},{"@type":"BreadcrumbList","@id":"https:\/\/www.laspa.ee\/et\/laspa-joulupeod\/#breadcrumb","itemListElement":[{"@type":"ListItem","position":1,"name":"Home","item":"https:\/\/www.laspa.ee\/et\/"},{"@type":"ListItem","position":2,"name":"LaSpa j\u00f5ulupeod"}]},{"@type":"WebSite","@id":"https:\/\/www.laspa.ee\/et\/#website","url":"https:\/\/www.laspa.ee\/et\/","name":"LaSpa Laulasmaa","description":"Wellbeing by nature","potentialAction":[{"@type":"SearchAction","target":{"@type":"EntryPoint","urlTemplate":"https:\/\/www.laspa.ee\/et\/?s={search_term_string}"},"query-input":{"@type":"PropertyValueSpecification","valueRequired":true,"valueName":"search_term_string"}}],"inLanguage":"et"}]}},"_links":{"self":[{"href":"https:\/\/www.laspa.ee\/et\/wp-json\/wp\/v2\/pages\/18908","targetHints":{"allow":["GET"]}}],"collection":[{"href":"https:\/\/www.laspa.ee\/et\/wp-json\/wp\/v2\/pages"}],"about":[{"href":"https:\/\/www.laspa.ee\/et\/wp-json\/wp\/v2\/types\/page"}],"author":[{"embeddable":true,"href":"https:\/\/www.laspa.ee\/et\/wp-json\/wp\/v2\/users\/4"}],"replies":[{"embeddable":true,"href":"https:\/\/www.laspa.ee\/et\/wp-json\/wp\/v2\/comments?post=18908"}],"version-history":[{"count":12,"href":"https:\/\/www.laspa.ee\/et\/wp-json\/wp\/v2\/pages\/18908\/revisions"}],"predecessor-version":[{"id":21108,"href":"https:\/\/www.laspa.ee\/et\/wp-json\/wp\/v2\/pages\/18908\/revisions\/21108"}],"wp:attachment":[{"href":"https:\/\/www.laspa.ee\/et\/wp-json\/wp\/v2\/media?parent=18908"}],"curies":[{"name":"wp","href":"https:\/\/api.w.org\/{rel}","templated":true}]}}