{"id":19211,"date":"2024-11-13T11:12:04","date_gmt":"2024-11-13T09:12:04","guid":{"rendered":"https:\/\/www.laspa.ee\/?page_id=19211"},"modified":"2026-02-09T16:51:39","modified_gmt":"2026-02-09T14:51:39","slug":"wicca-menuu","status":"publish","type":"page","link":"https:\/\/www.laspa.ee\/et\/wicca-menuu\/","title":{"rendered":"Wicca men\u00fc\u00fc"},"content":{"rendered":"\n<div class=\"wp-block-cover alignfull is-light\" style=\"min-height:293px;aspect-ratio:unset;\"><img loading=\"lazy\" decoding=\"async\" width=\"1150\" height=\"767\" class=\"wp-block-cover__image-background wp-image-19351 size-large\" alt=\"\" src=\"https:\/\/www.laspa.ee\/wp-content\/uploads\/2024\/11\/IMGL3721_websize_fotograaf.lauri_.laan_-1150x767.jpg\" style=\"object-position:58% 63%\" data-object-fit=\"cover\" data-object-position=\"58% 63%\" srcset=\"https:\/\/www.laspa.ee\/wp-content\/uploads\/2024\/11\/IMGL3721_websize_fotograaf.lauri_.laan_-1150x767.jpg 1150w, https:\/\/www.laspa.ee\/wp-content\/uploads\/2024\/11\/IMGL3721_websize_fotograaf.lauri_.laan_-300x200.jpg 300w, https:\/\/www.laspa.ee\/wp-content\/uploads\/2024\/11\/IMGL3721_websize_fotograaf.lauri_.laan_-768x512.jpg 768w, https:\/\/www.laspa.ee\/wp-content\/uploads\/2024\/11\/IMGL3721_websize_fotograaf.lauri_.laan_-1536x1025.jpg 1536w, https:\/\/www.laspa.ee\/wp-content\/uploads\/2024\/11\/IMGL3721_websize_fotograaf.lauri_.laan_-800x534.jpg 800w, https:\/\/www.laspa.ee\/wp-content\/uploads\/2024\/11\/IMGL3721_websize_fotograaf.lauri_.laan_.jpg 1920w\" sizes=\"auto, (max-width: 1150px) 100vw, 1150px\" \/><span aria-hidden=\"true\" class=\"wp-block-cover__background has-strong-grey-background-color has-background-dim-10 has-background-dim\"><\/span><div class=\"wp-block-cover__inner-container is-layout-flow wp-block-cover-is-layout-flow\">\n<h1 class=\"wp-block-heading has-text-align-center has-white-color has-text-color\">Restoran Wicca men\u00fc\u00fc<\/h1>\n<\/div><\/div>\n\n\n\n<p class=\"has-text-align-center\">WICCA LEIB 6<br>*Jagub kahele<br>Must seemneleib, kilgi-kanepiseemnen\u00e4kileib, saialillekarask,<br>vahustatud v\u00f5i, umbrohu- \u00fcrdipesto<\/p>\n\n\n\n<h2 class=\"wp-block-heading has-text-align-center\"><br>KERGED ROAD<\/h2>\n\n\n\n<p class=\"has-text-align-center\"><br>PEET 16<br>Kiirmarineeritud peet, peedipesto, kitsepiimajogurt, musta k\u00fc\u00fcslaugu kreem, peedikr\u00f5bedik, peedireduktsioon<br><br>R\u00c4IM 17<br>R\u00e4im \u00f5lletaignas, kurk, murulaugumajo,<br>murulaugu-m\u00e4dar\u00f5ikaemulsioon, m\u00e4dar\u00f5ika helbed<br><br>SIIG 21<br>Siia \u00e4kine, uputatud vutimuna, kurk, marineeritud p\u00e4rlsibul, vetikamajo, siianahat\u0161ips, kr\u00f5be p\u00f5isadru, tilli\u00f5li<br><br>KANAS\u00dcDA 16<br>Praetud \u00c4ntu mahekana s\u00fcdamed, kadakabalsamicos marineeritud p\u00e4rlsibulad , pastinaagivaht, s\u00f5straveinip\u00e4rlid<br><br>HIRV 18<br>Hirve carpaccio, vaarika\u00e4\u00e4dikamajo, vaarikad rohelise pipra siirupis, rohelise pipra juust, vaarikane samblik, j\u00e4nesekapsas<\/p>\n\n\n\n<h2 class=\"wp-block-heading has-text-align-center\"><br>TOEKAMAD ROAD<\/h2>\n\n\n\n<p class=\"has-text-align-center\"><br>SEEN 17<br>Seeneleem, praetud lehterkukeseened, musta torbikseene k\u00fcpsis, sibulakreem, mustad sinepiseemned<br><br>KARTUL 20<br>Fermenteeritud kartuli kotlet, praetud lehterkukeseened,<br>\u00fcrdimajo, hapukurk, kr\u00f5bekartul, kaeravaht, v\u00f5rsesalat<br><br>KOHALIK VALGE KALA 27<br>Praetud valge kala, kala-vetikarull, mustjuurekreem, mustjuur,<br>Kr\u00f5be kalanahk, vadakune kalaleemekaste, tilli\u00f5li<br><br>\u00c4NTU KANA 28<br>\u00dcrdit\u00e4idisega kanakints, kooresed kanapugud, kr\u00f5bedad kanasabad, porgandigrat\u00e4\u00e4n, fermenteeritud porgandikreem, kanaleemekaste<br><br>LAMMAS 29<br>Pikalt k\u00fcpsetatud lamba kintsuliha, s\u00fctel k\u00fcpsetatud juurseller, sellerikreem, peterselli-k\u00fc\u00fcslaugu \u00f5likaste, idandatud rukkiterad, lambaleemekaste<br><br>LIIVIMAA LIHAVEIS 36<br>Rohumaa lihaveis, kapsakuppel, fermenteeritud punase kapsa kreem, p\u00e4rloder, fermenteeritud k\u00fc\u00fcslauk, kreemjas veiseleemekaste<\/p>\n\n\n\n<h2 class=\"wp-block-heading has-text-align-center\"><br>MAGUSAD ROAD<\/h2>\n\n\n\n<p class=\"has-text-align-center\"><br>PLOOM ja LEIB 11<br>Ploomi-ingverikreem leiva-ploomip\u00f5hjal,<br>\u201eVana Tallinn\u201c lik\u00f6\u00f6riga karameliseeritud ploomid<br><br>SINIKUSLAPUU 10<br>Hapukoorej\u00e4\u00e4tis, sinikuslapuu supike,<br>t\u00fc\u00fcmiani kr\u00f5bedik, besee r\u00f5ngas<br><br>\u00d5LLEKE 10<br>\u00d5llej\u00e4\u00e4tis, \u00f5llevaht, \u00f5llesiirup, kr\u00f5be linnasebiskviit, k\u00fclmkuivatatud vaarikad<br><br>EESTI K\u00c4SIT\u00d6\u00d6 JUUSTUD 12<br>Eesti v\u00e4iketootjate juustud, valge s\u00f5stra veini\u017eelee,<br>t\u00fc\u00fcmiani \u2013 speltak\u00fcpsis<br><br>V\u00c4IKESED MAGUSAD AMPSUD 9<br>Wicca k\u00e4sit\u00f6\u00f6kommid<\/p>\n\n\n\n<p class=\"has-text-align-center\"><\/p>\n\n\n\n<p><\/p>\n","protected":false},"excerpt":{"rendered":"<p>WICCA LEIB 6*Jagub kaheleMust seemneleib, kilgi-kanepiseemnen\u00e4kileib, saialillekarask,vahustatud v\u00f5i, umbrohu- \u00fcrdipesto KERGED ROAD PEET 16Kiirmarineeritud peet, peedipesto, kitsepiimajogurt, musta k\u00fc\u00fcslaugu kreem, peedikr\u00f5bedik, peedireduktsioon R\u00c4IM 17R\u00e4im \u00f5lletaignas, kurk, murulaugumajo,murulaugu-m\u00e4dar\u00f5ikaemulsioon, m\u00e4dar\u00f5ika helbed SIIG 21Siia \u00e4kine, uputatud vutimuna, kurk, marineeritud p\u00e4rlsibul, vetikamajo, siianahat\u0161ips, kr\u00f5be p\u00f5isadru, tilli\u00f5li KANAS\u00dcDA 16Praetud \u00c4ntu mahekana s\u00fcdamed, kadakabalsamicos marineeritud p\u00e4rlsibulad , pastinaagivaht, s\u00f5straveinip\u00e4rlid HIRV 18Hirve [&hellip;]<\/p>\n","protected":false},"author":4,"featured_media":0,"parent":0,"menu_order":40,"comment_status":"closed","ping_status":"closed","template":"","meta":{"_acf_changed":false,"footnotes":""},"class_list":["post-19211","page","type-page","status-publish","hentry"],"acf":false,"yoast_head":"<!-- This site is optimized with the Yoast SEO plugin v27.2 - https:\/\/yoast.com\/product\/yoast-seo-wordpress\/ -->\n<title>Wicca men\u00fc\u00fc - LaSpa Laulasmaa<\/title>\n<meta name=\"robots\" content=\"index, follow, max-snippet:-1, max-image-preview:large, max-video-preview:-1\" \/>\n<link rel=\"canonical\" href=\"https:\/\/www.laspa.ee\/et\/wicca-menuu\/\" \/>\n<meta property=\"og:locale\" content=\"et_EE\" \/>\n<meta property=\"og:type\" content=\"article\" \/>\n<meta property=\"og:title\" content=\"Wicca men\u00fc\u00fc - LaSpa Laulasmaa\" \/>\n<meta property=\"og:description\" content=\"WICCA LEIB 6*Jagub kaheleMust seemneleib, kilgi-kanepiseemnen\u00e4kileib, saialillekarask,vahustatud v\u00f5i, umbrohu- \u00fcrdipesto KERGED ROAD PEET 16Kiirmarineeritud peet, peedipesto, kitsepiimajogurt, musta k\u00fc\u00fcslaugu kreem, peedikr\u00f5bedik, peedireduktsioon R\u00c4IM 17R\u00e4im \u00f5lletaignas, kurk, murulaugumajo,murulaugu-m\u00e4dar\u00f5ikaemulsioon, m\u00e4dar\u00f5ika helbed SIIG 21Siia \u00e4kine, uputatud vutimuna, kurk, marineeritud p\u00e4rlsibul, vetikamajo, siianahat\u0161ips, kr\u00f5be p\u00f5isadru, tilli\u00f5li KANAS\u00dcDA 16Praetud \u00c4ntu mahekana s\u00fcdamed, kadakabalsamicos marineeritud p\u00e4rlsibulad , pastinaagivaht, s\u00f5straveinip\u00e4rlid HIRV 18Hirve [&hellip;]\" \/>\n<meta property=\"og:url\" content=\"https:\/\/www.laspa.ee\/et\/wicca-menuu\/\" \/>\n<meta property=\"og:site_name\" content=\"LaSpa Laulasmaa\" \/>\n<meta property=\"article:publisher\" content=\"https:\/\/www.facebook.com\/LaSpaLaulasmaa\" \/>\n<meta property=\"article:modified_time\" content=\"2026-02-09T14:51:39+00:00\" \/>\n<meta property=\"og:image\" content=\"https:\/\/www.laspa.ee\/wp-content\/uploads\/2024\/11\/IMGL3721_websize_fotograaf.lauri_.laan_.jpg\" \/>\n\t<meta property=\"og:image:width\" content=\"1920\" \/>\n\t<meta property=\"og:image:height\" content=\"1281\" \/>\n\t<meta property=\"og:image:type\" content=\"image\/jpeg\" \/>\n<meta name=\"twitter:card\" content=\"summary_large_image\" \/>\n<meta name=\"twitter:label1\" content=\"Est. reading time\" \/>\n\t<meta name=\"twitter:data1\" content=\"1 minut\" \/>\n<script type=\"application\/ld+json\" class=\"yoast-schema-graph\">{\"@context\":\"https:\/\/schema.org\",\"@graph\":[{\"@type\":\"WebPage\",\"@id\":\"https:\/\/www.laspa.ee\/et\/wicca-menuu\/\",\"url\":\"https:\/\/www.laspa.ee\/et\/wicca-menuu\/\",\"name\":\"Wicca men\u00fc\u00fc - LaSpa Laulasmaa\",\"isPartOf\":{\"@id\":\"https:\/\/www.laspa.ee\/et\/#website\"},\"primaryImageOfPage\":{\"@id\":\"https:\/\/www.laspa.ee\/et\/wicca-menuu\/#primaryimage\"},\"image\":{\"@id\":\"https:\/\/www.laspa.ee\/et\/wicca-menuu\/#primaryimage\"},\"thumbnailUrl\":\"https:\/\/www.laspa.ee\/wp-content\/uploads\/2024\/11\/IMGL3721_websize_fotograaf.lauri_.laan_-1150x767.jpg\",\"datePublished\":\"2024-11-13T09:12:04+00:00\",\"dateModified\":\"2026-02-09T14:51:39+00:00\",\"breadcrumb\":{\"@id\":\"https:\/\/www.laspa.ee\/et\/wicca-menuu\/#breadcrumb\"},\"inLanguage\":\"et\",\"potentialAction\":[{\"@type\":\"ReadAction\",\"target\":[\"https:\/\/www.laspa.ee\/et\/wicca-menuu\/\"]}]},{\"@type\":\"ImageObject\",\"inLanguage\":\"et\",\"@id\":\"https:\/\/www.laspa.ee\/et\/wicca-menuu\/#primaryimage\",\"url\":\"https:\/\/www.laspa.ee\/wp-content\/uploads\/2024\/11\/IMGL3721_websize_fotograaf.lauri_.laan_-1150x767.jpg\",\"contentUrl\":\"https:\/\/www.laspa.ee\/wp-content\/uploads\/2024\/11\/IMGL3721_websize_fotograaf.lauri_.laan_-1150x767.jpg\"},{\"@type\":\"BreadcrumbList\",\"@id\":\"https:\/\/www.laspa.ee\/et\/wicca-menuu\/#breadcrumb\",\"itemListElement\":[{\"@type\":\"ListItem\",\"position\":1,\"name\":\"Home\",\"item\":\"https:\/\/www.laspa.ee\/et\/\"},{\"@type\":\"ListItem\",\"position\":2,\"name\":\"Wicca men\u00fc\u00fc\"}]},{\"@type\":\"WebSite\",\"@id\":\"https:\/\/www.laspa.ee\/et\/#website\",\"url\":\"https:\/\/www.laspa.ee\/et\/\",\"name\":\"LaSpa Laulasmaa\",\"description\":\"Wellbeing by nature\",\"potentialAction\":[{\"@type\":\"SearchAction\",\"target\":{\"@type\":\"EntryPoint\",\"urlTemplate\":\"https:\/\/www.laspa.ee\/et\/?s={search_term_string}\"},\"query-input\":{\"@type\":\"PropertyValueSpecification\",\"valueRequired\":true,\"valueName\":\"search_term_string\"}}],\"inLanguage\":\"et\"}]}<\/script>\n<!-- \/ Yoast SEO plugin. -->","yoast_head_json":{"title":"Wicca men\u00fc\u00fc - LaSpa Laulasmaa","robots":{"index":"index","follow":"follow","max-snippet":"max-snippet:-1","max-image-preview":"max-image-preview:large","max-video-preview":"max-video-preview:-1"},"canonical":"https:\/\/www.laspa.ee\/et\/wicca-menuu\/","og_locale":"et_EE","og_type":"article","og_title":"Wicca men\u00fc\u00fc - LaSpa Laulasmaa","og_description":"WICCA LEIB 6*Jagub kaheleMust seemneleib, kilgi-kanepiseemnen\u00e4kileib, saialillekarask,vahustatud v\u00f5i, umbrohu- \u00fcrdipesto KERGED ROAD PEET 16Kiirmarineeritud peet, peedipesto, kitsepiimajogurt, musta k\u00fc\u00fcslaugu kreem, peedikr\u00f5bedik, peedireduktsioon R\u00c4IM 17R\u00e4im \u00f5lletaignas, kurk, murulaugumajo,murulaugu-m\u00e4dar\u00f5ikaemulsioon, m\u00e4dar\u00f5ika helbed SIIG 21Siia \u00e4kine, uputatud vutimuna, kurk, marineeritud p\u00e4rlsibul, vetikamajo, siianahat\u0161ips, kr\u00f5be p\u00f5isadru, tilli\u00f5li KANAS\u00dcDA 16Praetud \u00c4ntu mahekana s\u00fcdamed, kadakabalsamicos marineeritud p\u00e4rlsibulad , pastinaagivaht, s\u00f5straveinip\u00e4rlid HIRV 18Hirve [&hellip;]","og_url":"https:\/\/www.laspa.ee\/et\/wicca-menuu\/","og_site_name":"LaSpa Laulasmaa","article_publisher":"https:\/\/www.facebook.com\/LaSpaLaulasmaa","article_modified_time":"2026-02-09T14:51:39+00:00","og_image":[{"width":1920,"height":1281,"url":"https:\/\/www.laspa.ee\/wp-content\/uploads\/2024\/11\/IMGL3721_websize_fotograaf.lauri_.laan_.jpg","type":"image\/jpeg"}],"twitter_card":"summary_large_image","twitter_misc":{"Est. reading time":"1 minut"},"schema":{"@context":"https:\/\/schema.org","@graph":[{"@type":"WebPage","@id":"https:\/\/www.laspa.ee\/et\/wicca-menuu\/","url":"https:\/\/www.laspa.ee\/et\/wicca-menuu\/","name":"Wicca men\u00fc\u00fc - LaSpa Laulasmaa","isPartOf":{"@id":"https:\/\/www.laspa.ee\/et\/#website"},"primaryImageOfPage":{"@id":"https:\/\/www.laspa.ee\/et\/wicca-menuu\/#primaryimage"},"image":{"@id":"https:\/\/www.laspa.ee\/et\/wicca-menuu\/#primaryimage"},"thumbnailUrl":"https:\/\/www.laspa.ee\/wp-content\/uploads\/2024\/11\/IMGL3721_websize_fotograaf.lauri_.laan_-1150x767.jpg","datePublished":"2024-11-13T09:12:04+00:00","dateModified":"2026-02-09T14:51:39+00:00","breadcrumb":{"@id":"https:\/\/www.laspa.ee\/et\/wicca-menuu\/#breadcrumb"},"inLanguage":"et","potentialAction":[{"@type":"ReadAction","target":["https:\/\/www.laspa.ee\/et\/wicca-menuu\/"]}]},{"@type":"ImageObject","inLanguage":"et","@id":"https:\/\/www.laspa.ee\/et\/wicca-menuu\/#primaryimage","url":"https:\/\/www.laspa.ee\/wp-content\/uploads\/2024\/11\/IMGL3721_websize_fotograaf.lauri_.laan_-1150x767.jpg","contentUrl":"https:\/\/www.laspa.ee\/wp-content\/uploads\/2024\/11\/IMGL3721_websize_fotograaf.lauri_.laan_-1150x767.jpg"},{"@type":"BreadcrumbList","@id":"https:\/\/www.laspa.ee\/et\/wicca-menuu\/#breadcrumb","itemListElement":[{"@type":"ListItem","position":1,"name":"Home","item":"https:\/\/www.laspa.ee\/et\/"},{"@type":"ListItem","position":2,"name":"Wicca men\u00fc\u00fc"}]},{"@type":"WebSite","@id":"https:\/\/www.laspa.ee\/et\/#website","url":"https:\/\/www.laspa.ee\/et\/","name":"LaSpa Laulasmaa","description":"Wellbeing by nature","potentialAction":[{"@type":"SearchAction","target":{"@type":"EntryPoint","urlTemplate":"https:\/\/www.laspa.ee\/et\/?s={search_term_string}"},"query-input":{"@type":"PropertyValueSpecification","valueRequired":true,"valueName":"search_term_string"}}],"inLanguage":"et"}]}},"_links":{"self":[{"href":"https:\/\/www.laspa.ee\/et\/wp-json\/wp\/v2\/pages\/19211","targetHints":{"allow":["GET"]}}],"collection":[{"href":"https:\/\/www.laspa.ee\/et\/wp-json\/wp\/v2\/pages"}],"about":[{"href":"https:\/\/www.laspa.ee\/et\/wp-json\/wp\/v2\/types\/page"}],"author":[{"embeddable":true,"href":"https:\/\/www.laspa.ee\/et\/wp-json\/wp\/v2\/users\/4"}],"replies":[{"embeddable":true,"href":"https:\/\/www.laspa.ee\/et\/wp-json\/wp\/v2\/comments?post=19211"}],"version-history":[{"count":7,"href":"https:\/\/www.laspa.ee\/et\/wp-json\/wp\/v2\/pages\/19211\/revisions"}],"predecessor-version":[{"id":21408,"href":"https:\/\/www.laspa.ee\/et\/wp-json\/wp\/v2\/pages\/19211\/revisions\/21408"}],"wp:attachment":[{"href":"https:\/\/www.laspa.ee\/et\/wp-json\/wp\/v2\/media?parent=19211"}],"curies":[{"name":"wp","href":"https:\/\/api.w.org\/{rel}","templated":true}]}}