{"id":20249,"date":"2025-04-29T14:35:16","date_gmt":"2025-04-29T12:35:16","guid":{"rendered":"https:\/\/www.laspa.ee\/?page_id=20249"},"modified":"2025-04-30T12:05:52","modified_gmt":"2025-04-30T10:05:52","slug":"transport","status":"publish","type":"page","link":"https:\/\/www.laspa.ee\/et\/transport\/","title":{"rendered":"LaSpa transport"},"content":{"rendered":"\n<div class=\"wp-block-cover alignfull\"><img loading=\"lazy\" decoding=\"async\" width=\"1150\" height=\"863\" class=\"wp-block-cover__image-background wp-image-20175 size-large\" alt=\"LaSpa transport\" src=\"https:\/\/www.laspa.ee\/wp-content\/uploads\/2025\/04\/490471100_10004668486263869_3653026134497663806_n-1150x863.jpg\" style=\"object-position:36% 49%\" data-object-fit=\"cover\" data-object-position=\"36% 49%\" srcset=\"https:\/\/www.laspa.ee\/wp-content\/uploads\/2025\/04\/490471100_10004668486263869_3653026134497663806_n-1150x863.jpg 1150w, https:\/\/www.laspa.ee\/wp-content\/uploads\/2025\/04\/490471100_10004668486263869_3653026134497663806_n-300x225.jpg 300w, https:\/\/www.laspa.ee\/wp-content\/uploads\/2025\/04\/490471100_10004668486263869_3653026134497663806_n-768x576.jpg 768w, https:\/\/www.laspa.ee\/wp-content\/uploads\/2025\/04\/490471100_10004668486263869_3653026134497663806_n-800x600.jpg 800w, https:\/\/www.laspa.ee\/wp-content\/uploads\/2025\/04\/490471100_10004668486263869_3653026134497663806_n.jpg 1170w\" sizes=\"auto, (max-width: 1150px) 100vw, 1150px\" \/><span aria-hidden=\"true\" class=\"wp-block-cover__background has-black-background-color has-background-dim-30 has-background-dim\"><\/span><div class=\"wp-block-cover__inner-container is-layout-flow wp-block-cover-is-layout-flow\">\n<h1 class=\"wp-block-heading has-text-align-center has-white-color has-text-color\">LaSpa elektribuss<\/h1>\n<\/div><\/div>\n\n\n\n<div class=\"custom-twin-cols\"><div class=\"wp-block-columns has-2-columns\"><div class=\"wp-block-column text-block\">\n<h2 class=\"wp-block-heading\">Transport LaSpa mugavas elektribussis<\/h2>\n\n\n\n<p>LaSpa pakub oma k\u00fclalistele v\u00f5imalust liikuda stiilselt ja keskkonnas\u00f5bralikult \u2013 meie mugav elektribuss mahutab kuni neli reisijat ning s\u00f5idukit juhib meie kogenud juht.<\/p>\n\n\n\n<p><strong>Broneeri transport ja k\u00fcsi lisainfot:<\/strong> <a class=\"\">info@laspa.ee<\/a><\/p>\n\n\n\n<h4 class=\"wp-block-heading\">N\u00e4idishinnad \u00fche otsa kohta:<\/h4>\n\n\n\n<p><strong>Tallinna Lennujaam \u2013 LaSpa<\/strong> \u2013 60\u20ac<\/p>\n\n\n\n<p><strong>Tallinna Sadamad (A\u2013D terminalid) \u2013 LaSpa<\/strong> \u2013 60\u20ac<\/p>\n\n\n\n<p><strong>LaSpa \u2013 Niitv\u00e4lja Golfiklubi<\/strong> \u2013 30\u20ac<\/p>\n\n\n\n<p><strong>LaSpa \u2013 Keila-Joa m\u00f5is<\/strong> \u2013 30\u20ac<\/p>\n\n\n\n<p><strong>LaSpa \u2013 Lahepere Villa<\/strong> \u2013 30\u20ac<\/p>\n<\/div><div class=\"wp-block-column image-block\" data-pos=\"right\"><div class=\"wp-block-column\"><figure class=\"wp-block-image\"><img decoding=\"async\" src=\"https:\/\/www.laspa.ee\/wp-content\/uploads\/2025\/04\/LaSpa-auto-1-1150x647.jpg\" alt=\"\"\/><\/figure><\/div><\/div><\/div><\/div>\n\n\n\n<div class=\"wp-block-edhotels-gallery custom-grid-gallery\"><div class=\"grid lightgallery\"><div data-src=\"https:\/\/www.laspa.ee\/wp-content\/uploads\/2025\/04\/258097-niitvalja-golf-center-scaled.jpg\" class=\"grid-item\"><img decoding=\"async\" src=\"https:\/\/www.laspa.ee\/wp-content\/uploads\/2025\/04\/258097-niitvalja-golf-center-1150x766.jpg\" alt=\"\" data-id=\"20261\"\/><\/div><div data-src=\"https:\/\/www.laspa.ee\/wp-content\/uploads\/2024\/02\/20JJ1103_101-6.jpg\" class=\"grid-item\"><img decoding=\"async\" src=\"https:\/\/www.laspa.ee\/wp-content\/uploads\/2024\/02\/20JJ1103_101-6-1150x726.jpg\" alt=\"\" data-id=\"17436\"\/><\/div><div data-src=\"https:\/\/www.laspa.ee\/wp-content\/uploads\/2025\/04\/490471100_10004668486263869_3653026134497663806_n.jpg\" class=\"grid-item\"><img decoding=\"async\" src=\"https:\/\/www.laspa.ee\/wp-content\/uploads\/2025\/04\/490471100_10004668486263869_3653026134497663806_n-1150x863.jpg\" alt=\"LaSpa transport\" data-id=\"20175\"\/><\/div><div data-src=\"https:\/\/www.laspa.ee\/wp-content\/uploads\/2021\/04\/Clubhouse_Kaido-Haagen_2.jpg\" class=\"grid-item\"><img decoding=\"async\" src=\"https:\/\/www.laspa.ee\/wp-content\/uploads\/2021\/04\/Clubhouse_Kaido-Haagen_2-1150x766.jpg\" alt=\"\" data-id=\"4229\"\/><\/div><div data-src=\"https:\/\/www.laspa.ee\/wp-content\/uploads\/2025\/04\/253467-woman-on-phone-in-tallinn-old-town-scaled.jpg\" class=\"grid-item\"><img decoding=\"async\" src=\"https:\/\/www.laspa.ee\/wp-content\/uploads\/2025\/04\/253467-woman-on-phone-in-tallinn-old-town-1150x767.jpg\" alt=\"\" data-id=\"20258\"\/><\/div><div data-src=\"https:\/\/www.laspa.ee\/wp-content\/uploads\/2025\/04\/646072-tallinn-old-town-scaled.jpg\" class=\"grid-item\"><img decoding=\"async\" src=\"https:\/\/www.laspa.ee\/wp-content\/uploads\/2025\/04\/646072-tallinn-old-town-1150x862.jpg\" alt=\"\" data-id=\"20267\"\/><\/div><div data-src=\"https:\/\/www.laspa.ee\/wp-content\/uploads\/2023\/01\/Modern-Tallinn_Kaupo-Kalda.jpg\" class=\"grid-item\"><img decoding=\"async\" src=\"https:\/\/www.laspa.ee\/wp-content\/uploads\/2023\/01\/Modern-Tallinn_Kaupo-Kalda-1150x546.jpg\" alt=\"\" data-id=\"13140\"\/><\/div><div data-src=\"https:\/\/www.laspa.ee\/wp-content\/uploads\/2021\/04\/Niitvalja_Golf_Course_Joosep_Martinson_drone_2.jpg\" class=\"grid-item\"><img decoding=\"async\" src=\"https:\/\/www.laspa.ee\/wp-content\/uploads\/2021\/04\/Niitvalja_Golf_Course_Joosep_Martinson_drone_2-1150x766.jpg\" alt=\"\" data-id=\"4238\"\/><\/div><div data-src=\"https:\/\/www.laspa.ee\/wp-content\/uploads\/2025\/04\/LaSpa-auto-1-1.jpg\" class=\"grid-item\"><img decoding=\"async\" src=\"https:\/\/www.laspa.ee\/wp-content\/uploads\/2025\/04\/LaSpa-auto-1-1-1150x647.jpg\" alt=\"\" data-id=\"20254\"\/><\/div><div data-src=\"https:\/\/www.laspa.ee\/wp-content\/uploads\/2023\/01\/Port-of-Tallinn-Cruise-Terminal_Visit-Estonia2.jpg\" class=\"grid-item\"><img decoding=\"async\" src=\"https:\/\/www.laspa.ee\/wp-content\/uploads\/2023\/01\/Port-of-Tallinn-Cruise-Terminal_Visit-Estonia2-1150x766.jpg\" alt=\"\" data-id=\"13169\"\/><\/div><div data-src=\"https:\/\/www.laspa.ee\/wp-content\/uploads\/2023\/01\/Tartu-Old-Town_Tarmo-Haud.jpg\" class=\"grid-item\"><img decoding=\"async\" src=\"https:\/\/www.laspa.ee\/wp-content\/uploads\/2023\/01\/Tartu-Old-Town_Tarmo-Haud-1150x479.jpg\" alt=\"\" data-id=\"13133\"\/><\/div><div data-src=\"https:\/\/www.laspa.ee\/wp-content\/uploads\/2021\/05\/20JJ1103_101-7.jpg\" class=\"grid-item\"><img decoding=\"async\" src=\"https:\/\/www.laspa.ee\/wp-content\/uploads\/2021\/05\/20JJ1103_101-7-767x1150.jpg\" alt=\"\" data-id=\"4524\"\/><\/div><div data-src=\"https:\/\/www.laspa.ee\/wp-content\/uploads\/2021\/04\/Niita\u0308lja_Golf_Course_Joosep_Martinson_019-1.jpg\" class=\"grid-item\"><img decoding=\"async\" src=\"https:\/\/www.laspa.ee\/wp-content\/uploads\/2021\/04\/Niita\u0308lja_Golf_Course_Joosep_Martinson_019-1-1150x767.jpg\" alt=\"\" data-id=\"4211\"\/><\/div><div data-src=\"https:\/\/www.laspa.ee\/wp-content\/uploads\/2025\/04\/258471-fatbike-tour-scaled.jpg\" class=\"grid-item\"><img decoding=\"async\" src=\"https:\/\/www.laspa.ee\/wp-content\/uploads\/2025\/04\/258471-fatbike-tour-1150x767.jpg\" alt=\"\" data-id=\"20264\"\/><\/div><\/div><\/div>\n","protected":false},"excerpt":{"rendered":"","protected":false},"author":4,"featured_media":20175,"parent":0,"menu_order":31,"comment_status":"closed","ping_status":"closed","template":"","meta":{"_acf_changed":false,"footnotes":""},"class_list":["post-20249","page","type-page","status-publish","has-post-thumbnail","hentry"],"acf":false,"yoast_head":"<!-- This site is optimized with the Yoast SEO plugin v27.4 - https:\/\/yoast.com\/product\/yoast-seo-wordpress\/ -->\n<title>LaSpa transport - LaSpa Laulasmaa<\/title>\n<meta name=\"robots\" content=\"index, follow, max-snippet:-1, max-image-preview:large, max-video-preview:-1\" \/>\n<link rel=\"canonical\" href=\"https:\/\/www.laspa.ee\/et\/transport\/\" \/>\n<meta property=\"og:locale\" content=\"et_EE\" \/>\n<meta property=\"og:type\" content=\"article\" \/>\n<meta property=\"og:title\" content=\"LaSpa transport - LaSpa Laulasmaa\" \/>\n<meta property=\"og:url\" content=\"https:\/\/www.laspa.ee\/et\/transport\/\" \/>\n<meta property=\"og:site_name\" content=\"LaSpa Laulasmaa\" \/>\n<meta property=\"article:publisher\" content=\"https:\/\/www.facebook.com\/LaSpaLaulasmaa\" \/>\n<meta property=\"article:modified_time\" content=\"2025-04-30T10:05:52+00:00\" \/>\n<meta property=\"og:image\" content=\"https:\/\/www.laspa.ee\/wp-content\/uploads\/2025\/04\/490471100_10004668486263869_3653026134497663806_n.jpg\" \/>\n\t<meta property=\"og:image:width\" content=\"1170\" \/>\n\t<meta property=\"og:image:height\" content=\"878\" \/>\n\t<meta property=\"og:image:type\" content=\"image\/jpeg\" \/>\n<meta name=\"twitter:card\" content=\"summary_large_image\" \/>\n<script type=\"application\/ld+json\" class=\"yoast-schema-graph\">{\"@context\":\"https:\\\/\\\/schema.org\",\"@graph\":[{\"@type\":\"WebPage\",\"@id\":\"https:\\\/\\\/www.laspa.ee\\\/et\\\/transport\\\/\",\"url\":\"https:\\\/\\\/www.laspa.ee\\\/et\\\/transport\\\/\",\"name\":\"LaSpa transport - LaSpa Laulasmaa\",\"isPartOf\":{\"@id\":\"https:\\\/\\\/www.laspa.ee\\\/et\\\/#website\"},\"primaryImageOfPage\":{\"@id\":\"https:\\\/\\\/www.laspa.ee\\\/et\\\/transport\\\/#primaryimage\"},\"image\":{\"@id\":\"https:\\\/\\\/www.laspa.ee\\\/et\\\/transport\\\/#primaryimage\"},\"thumbnailUrl\":\"https:\\\/\\\/www.laspa.ee\\\/wp-content\\\/uploads\\\/2025\\\/04\\\/490471100_10004668486263869_3653026134497663806_n.jpg\",\"datePublished\":\"2025-04-29T12:35:16+00:00\",\"dateModified\":\"2025-04-30T10:05:52+00:00\",\"breadcrumb\":{\"@id\":\"https:\\\/\\\/www.laspa.ee\\\/et\\\/transport\\\/#breadcrumb\"},\"inLanguage\":\"et\",\"potentialAction\":[{\"@type\":\"ReadAction\",\"target\":[\"https:\\\/\\\/www.laspa.ee\\\/et\\\/transport\\\/\"]}]},{\"@type\":\"ImageObject\",\"inLanguage\":\"et\",\"@id\":\"https:\\\/\\\/www.laspa.ee\\\/et\\\/transport\\\/#primaryimage\",\"url\":\"https:\\\/\\\/www.laspa.ee\\\/wp-content\\\/uploads\\\/2025\\\/04\\\/490471100_10004668486263869_3653026134497663806_n.jpg\",\"contentUrl\":\"https:\\\/\\\/www.laspa.ee\\\/wp-content\\\/uploads\\\/2025\\\/04\\\/490471100_10004668486263869_3653026134497663806_n.jpg\",\"width\":1170,\"height\":878,\"caption\":\"LaSpa transport\"},{\"@type\":\"BreadcrumbList\",\"@id\":\"https:\\\/\\\/www.laspa.ee\\\/et\\\/transport\\\/#breadcrumb\",\"itemListElement\":[{\"@type\":\"ListItem\",\"position\":1,\"name\":\"Home\",\"item\":\"https:\\\/\\\/www.laspa.ee\\\/et\\\/\"},{\"@type\":\"ListItem\",\"position\":2,\"name\":\"LaSpa transport\"}]},{\"@type\":\"WebSite\",\"@id\":\"https:\\\/\\\/www.laspa.ee\\\/et\\\/#website\",\"url\":\"https:\\\/\\\/www.laspa.ee\\\/et\\\/\",\"name\":\"LaSpa Laulasmaa\",\"description\":\"Wellbeing by nature\",\"potentialAction\":[{\"@type\":\"SearchAction\",\"target\":{\"@type\":\"EntryPoint\",\"urlTemplate\":\"https:\\\/\\\/www.laspa.ee\\\/et\\\/?s={search_term_string}\"},\"query-input\":{\"@type\":\"PropertyValueSpecification\",\"valueRequired\":true,\"valueName\":\"search_term_string\"}}],\"inLanguage\":\"et\"}]}<\/script>\n<!-- \/ Yoast SEO plugin. -->","yoast_head_json":{"title":"LaSpa transport - LaSpa Laulasmaa","robots":{"index":"index","follow":"follow","max-snippet":"max-snippet:-1","max-image-preview":"max-image-preview:large","max-video-preview":"max-video-preview:-1"},"canonical":"https:\/\/www.laspa.ee\/et\/transport\/","og_locale":"et_EE","og_type":"article","og_title":"LaSpa transport - LaSpa Laulasmaa","og_url":"https:\/\/www.laspa.ee\/et\/transport\/","og_site_name":"LaSpa Laulasmaa","article_publisher":"https:\/\/www.facebook.com\/LaSpaLaulasmaa","article_modified_time":"2025-04-30T10:05:52+00:00","og_image":[{"width":1170,"height":878,"url":"https:\/\/www.laspa.ee\/wp-content\/uploads\/2025\/04\/490471100_10004668486263869_3653026134497663806_n.jpg","type":"image\/jpeg"}],"twitter_card":"summary_large_image","schema":{"@context":"https:\/\/schema.org","@graph":[{"@type":"WebPage","@id":"https:\/\/www.laspa.ee\/et\/transport\/","url":"https:\/\/www.laspa.ee\/et\/transport\/","name":"LaSpa transport - LaSpa Laulasmaa","isPartOf":{"@id":"https:\/\/www.laspa.ee\/et\/#website"},"primaryImageOfPage":{"@id":"https:\/\/www.laspa.ee\/et\/transport\/#primaryimage"},"image":{"@id":"https:\/\/www.laspa.ee\/et\/transport\/#primaryimage"},"thumbnailUrl":"https:\/\/www.laspa.ee\/wp-content\/uploads\/2025\/04\/490471100_10004668486263869_3653026134497663806_n.jpg","datePublished":"2025-04-29T12:35:16+00:00","dateModified":"2025-04-30T10:05:52+00:00","breadcrumb":{"@id":"https:\/\/www.laspa.ee\/et\/transport\/#breadcrumb"},"inLanguage":"et","potentialAction":[{"@type":"ReadAction","target":["https:\/\/www.laspa.ee\/et\/transport\/"]}]},{"@type":"ImageObject","inLanguage":"et","@id":"https:\/\/www.laspa.ee\/et\/transport\/#primaryimage","url":"https:\/\/www.laspa.ee\/wp-content\/uploads\/2025\/04\/490471100_10004668486263869_3653026134497663806_n.jpg","contentUrl":"https:\/\/www.laspa.ee\/wp-content\/uploads\/2025\/04\/490471100_10004668486263869_3653026134497663806_n.jpg","width":1170,"height":878,"caption":"LaSpa transport"},{"@type":"BreadcrumbList","@id":"https:\/\/www.laspa.ee\/et\/transport\/#breadcrumb","itemListElement":[{"@type":"ListItem","position":1,"name":"Home","item":"https:\/\/www.laspa.ee\/et\/"},{"@type":"ListItem","position":2,"name":"LaSpa transport"}]},{"@type":"WebSite","@id":"https:\/\/www.laspa.ee\/et\/#website","url":"https:\/\/www.laspa.ee\/et\/","name":"LaSpa Laulasmaa","description":"Wellbeing by nature","potentialAction":[{"@type":"SearchAction","target":{"@type":"EntryPoint","urlTemplate":"https:\/\/www.laspa.ee\/et\/?s={search_term_string}"},"query-input":{"@type":"PropertyValueSpecification","valueRequired":true,"valueName":"search_term_string"}}],"inLanguage":"et"}]}},"_links":{"self":[{"href":"https:\/\/www.laspa.ee\/et\/wp-json\/wp\/v2\/pages\/20249","targetHints":{"allow":["GET"]}}],"collection":[{"href":"https:\/\/www.laspa.ee\/et\/wp-json\/wp\/v2\/pages"}],"about":[{"href":"https:\/\/www.laspa.ee\/et\/wp-json\/wp\/v2\/types\/page"}],"author":[{"embeddable":true,"href":"https:\/\/www.laspa.ee\/et\/wp-json\/wp\/v2\/users\/4"}],"replies":[{"embeddable":true,"href":"https:\/\/www.laspa.ee\/et\/wp-json\/wp\/v2\/comments?post=20249"}],"version-history":[{"count":6,"href":"https:\/\/www.laspa.ee\/et\/wp-json\/wp\/v2\/pages\/20249\/revisions"}],"predecessor-version":[{"id":20286,"href":"https:\/\/www.laspa.ee\/et\/wp-json\/wp\/v2\/pages\/20249\/revisions\/20286"}],"wp:featuredmedia":[{"embeddable":true,"href":"https:\/\/www.laspa.ee\/et\/wp-json\/wp\/v2\/media\/20175"}],"wp:attachment":[{"href":"https:\/\/www.laspa.ee\/et\/wp-json\/wp\/v2\/media?parent=20249"}],"curies":[{"name":"wp","href":"https:\/\/api.w.org\/{rel}","templated":true}]}}