{"id":20322,"date":"2025-05-13T16:18:08","date_gmt":"2025-05-13T14:18:08","guid":{"rendered":"https:\/\/www.laspa.ee\/?page_id=20322"},"modified":"2026-03-18T16:35:02","modified_gmt":"2026-03-18T14:35:02","slug":"maitserannak-5-kaiku","status":"publish","type":"page","link":"https:\/\/www.laspa.ee\/et\/maitserannak-5-kaiku\/","title":{"rendered":"maitser\u00e4nnak 5 k\u00e4iku"},"content":{"rendered":"\n<div class=\"wp-block-cover alignfull is-light\"><img loading=\"lazy\" decoding=\"async\" width=\"1150\" height=\"862\" class=\"wp-block-cover__image-background wp-image-18643 size-large\" alt=\"Restoran Wicca MICHELIN Guide soovitatud\" src=\"https:\/\/www.laspa.ee\/wp-content\/uploads\/2024\/07\/image00043-1150x862.jpeg\" style=\"object-position:40% 72%\" data-object-fit=\"cover\" data-object-position=\"40% 72%\" srcset=\"https:\/\/www.laspa.ee\/wp-content\/uploads\/2024\/07\/image00043-1150x862.jpeg 1150w, https:\/\/www.laspa.ee\/wp-content\/uploads\/2024\/07\/image00043-300x225.jpeg 300w, https:\/\/www.laspa.ee\/wp-content\/uploads\/2024\/07\/image00043-768x576.jpeg 768w, https:\/\/www.laspa.ee\/wp-content\/uploads\/2024\/07\/image00043-1536x1152.jpeg 1536w, https:\/\/www.laspa.ee\/wp-content\/uploads\/2024\/07\/image00043-2048x1536.jpeg 2048w, https:\/\/www.laspa.ee\/wp-content\/uploads\/2024\/07\/image00043-800x600.jpeg 800w\" sizes=\"auto, (max-width: 1150px) 100vw, 1150px\" \/><span aria-hidden=\"true\" class=\"wp-block-cover__background has-black-background-color has-background-dim-20 has-background-dim\"><\/span><div class=\"wp-block-cover__inner-container is-layout-flow wp-block-cover-is-layout-flow\">\n<h1 class=\"wp-block-heading has-text-align-center has-white-color has-text-color\">Viiek\u00e4iguline maitser\u00e4nnak<\/h1>\n<\/div><\/div>\n\n\n\n<p class=\"has-text-align-center\"><strong>WICCA LEIB<\/strong><\/p>\n\n\n\n<p class=\"has-text-align-center\">Must seemneleib, kilgi-kanepiseemnen\u00e4kileib, saialillekarask,<br>vahustatud v\u00f5i, umbrohu- \u00fcrdipesto<\/p>\n\n\n\n<p class=\"has-text-align-center\"><strong>SIIG<br><\/strong>Siia \u00e4kine, uputatud vutimuna, kiirmarineeritud kurk, marineeritud p\u00e4rlsibul, vetikamajo, siianahat\u0161ips, kr\u00f5be p\u00f5isadru, tilli\u00f5li<\/p>\n\n\n\n<p class=\"has-text-align-center\"><strong>KARTUL<\/strong><\/p>\n\n\n\n<p class=\"has-text-align-center\">Fermenteeritud kartuli kotlet, kukeseened, \u00fcrdimajokaste, kiirsoolakurk, kr\u00f5bekartul, kaeravaht, v\u00f5rsesalat<\/p>\n\n\n\n<p class=\"has-text-align-center\"><strong>\u00c4NTU KANA<\/strong><\/p>\n\n\n\n<p class=\"has-text-align-center\">\u00dcrdit\u00e4idisega kanakints, kooresed kanapugud, kr\u00f5bedad kanasabad, porgandigrat\u00e4\u00e4n, fermenteeritud porgandikreem, kanaleemekaste<\/p>\n\n\n\n<p class=\"has-text-align-center\"><strong>\u00d5LLEKE&nbsp;<\/strong><\/p>\n\n\n\n<p class=\"has-text-align-center\">\u00d5llej\u00e4\u00e4tis, \u00f5llevaht, \u00f5llesiirup, kr\u00f5be linnasebiskviit,<br>&nbsp;k\u00fclmkuivatatud vaarikad<\/p>\n\n\n\n<p class=\"has-text-align-center\">Maitser\u00e4nnaku palume tellida tervele laudkonnale<br><br><\/p>\n\n\n\n<p class=\"has-text-align-center\">Viiek\u00e4iguline maitser\u00e4nnak 65\u20ac&nbsp;<\/p>\n\n\n\n<p class=\"has-text-align-center\">Sobitatud joogimen\u00fc\u00fc 45\u20ac<br>Sobitatud mittealkohoolne joogimen\u00fc\u00fc 35\u20ac<\/p>\n\n\n\n<p><\/p>\n\n\n\n<p><\/p>\n\n\n\n<h2 class=\"wp-block-heading has-text-align-center\">Taimne maitser\u00e4nnak<\/h2>\n\n\n\n<p class=\"has-text-align-center\"><strong>WICCA LEIB<\/strong><\/p>\n\n\n\n<p class=\"has-text-align-center\">Must seemneleib, kilgi-kanepiseemnen\u00e4kileib, saialillekarask,<br>vahustatud v\u00f5i, umbrohu- \u00fcrdipesto<\/p>\n\n\n\n<p class=\"has-text-align-center\"><strong>PEET<\/strong><br>Kiirmarineeritud peet, peedipesto, kitsepiimajogurt,<br>musta k\u00fc\u00fcslaugu kreem, peedikr\u00f5bedik, peedireduktsioon<\/p>\n\n\n\n<p class=\"has-text-align-center\"><br><strong>SEEN<\/strong><br>Seeneleem, praetud lehterkukeseened, musta torbikseene k\u00fcpsis,<br>sibulakreem, mustad sinepiseemned<\/p>\n\n\n\n<p class=\"has-text-align-center\"><strong>KARTUL<\/strong><\/p>\n\n\n\n<p class=\"has-text-align-center\">Fermenteeritud kartuli kotlet, praetud lehterkukeseened, \u00fcrdimajokaste, kiirsoolakurk, kr\u00f5bekartul, kaeravaht, v\u00f5rsesalat<\/p>\n\n\n\n<p class=\"has-text-align-center\"><strong>\u00d5LLEKE&nbsp;<\/strong><\/p>\n\n\n\n<p class=\"has-text-align-center\">\u00d5llej\u00e4\u00e4tis, \u00f5llevaht, \u00f5llesiirup, kr\u00f5be linnasebiskviit,<br>&nbsp;k\u00fclmkuivatatud vaarikad<\/p>\n\n\n\n<p class=\"has-text-align-center\">Maitser\u00e4nnaku palume tellida tervele laudkonnale<br><br><\/p>\n\n\n\n<p class=\"has-text-align-center\">Viiek\u00e4iguline taimne maitser\u00e4nnak 65\u20ac&nbsp;<\/p>\n\n\n\n<p class=\"has-text-align-center\">Sobitatud joogimen\u00fc\u00fc 45\u20ac<br>Sobitatud mittealkohoolne joogimen\u00fc\u00fc 35\u20ac<\/p>\n","protected":false},"excerpt":{"rendered":"<p>WICCA LEIB Must seemneleib, kilgi-kanepiseemnen\u00e4kileib, saialillekarask,vahustatud v\u00f5i, umbrohu- \u00fcrdipesto SIIGSiia \u00e4kine, uputatud vutimuna, kiirmarineeritud kurk, marineeritud p\u00e4rlsibul, vetikamajo, siianahat\u0161ips, kr\u00f5be p\u00f5isadru, tilli\u00f5li KARTUL Fermenteeritud kartuli kotlet, kukeseened, \u00fcrdimajokaste, kiirsoolakurk, kr\u00f5bekartul, kaeravaht, v\u00f5rsesalat \u00c4NTU KANA \u00dcrdit\u00e4idisega kanakints, kooresed kanapugud, kr\u00f5bedad kanasabad, porgandigrat\u00e4\u00e4n, fermenteeritud porgandikreem, kanaleemekaste \u00d5LLEKE&nbsp; \u00d5llej\u00e4\u00e4tis, \u00f5llevaht, \u00f5llesiirup, kr\u00f5be linnasebiskviit,&nbsp;k\u00fclmkuivatatud vaarikad Maitser\u00e4nnaku palume tellida tervele [&hellip;]<\/p>\n","protected":false},"author":4,"featured_media":0,"parent":0,"menu_order":26,"comment_status":"closed","ping_status":"closed","template":"","meta":{"_acf_changed":false,"footnotes":""},"class_list":["post-20322","page","type-page","status-publish","hentry"],"acf":false,"yoast_head":"<!-- This site is optimized with the Yoast SEO plugin v27.2 - https:\/\/yoast.com\/product\/yoast-seo-wordpress\/ -->\n<title>maitser\u00e4nnak 5 k\u00e4iku - LaSpa Laulasmaa<\/title>\n<meta name=\"robots\" content=\"index, follow, max-snippet:-1, max-image-preview:large, max-video-preview:-1\" \/>\n<link rel=\"canonical\" href=\"https:\/\/www.laspa.ee\/et\/maitserannak-5-kaiku\/\" \/>\n<meta property=\"og:locale\" content=\"et_EE\" \/>\n<meta property=\"og:type\" content=\"article\" \/>\n<meta property=\"og:title\" content=\"maitser\u00e4nnak 5 k\u00e4iku - LaSpa Laulasmaa\" \/>\n<meta property=\"og:description\" content=\"WICCA LEIB Must seemneleib, kilgi-kanepiseemnen\u00e4kileib, saialillekarask,vahustatud v\u00f5i, umbrohu- \u00fcrdipesto SIIGSiia \u00e4kine, uputatud vutimuna, kiirmarineeritud kurk, marineeritud p\u00e4rlsibul, vetikamajo, siianahat\u0161ips, kr\u00f5be p\u00f5isadru, tilli\u00f5li KARTUL Fermenteeritud kartuli kotlet, kukeseened, \u00fcrdimajokaste, kiirsoolakurk, kr\u00f5bekartul, kaeravaht, v\u00f5rsesalat \u00c4NTU KANA \u00dcrdit\u00e4idisega kanakints, kooresed kanapugud, kr\u00f5bedad kanasabad, porgandigrat\u00e4\u00e4n, fermenteeritud porgandikreem, kanaleemekaste \u00d5LLEKE&nbsp; \u00d5llej\u00e4\u00e4tis, \u00f5llevaht, \u00f5llesiirup, kr\u00f5be linnasebiskviit,&nbsp;k\u00fclmkuivatatud vaarikad Maitser\u00e4nnaku palume tellida tervele [&hellip;]\" \/>\n<meta property=\"og:url\" content=\"https:\/\/www.laspa.ee\/et\/maitserannak-5-kaiku\/\" \/>\n<meta property=\"og:site_name\" content=\"LaSpa Laulasmaa\" \/>\n<meta property=\"article:publisher\" content=\"https:\/\/www.facebook.com\/LaSpaLaulasmaa\" \/>\n<meta property=\"article:modified_time\" content=\"2026-03-18T14:35:02+00:00\" \/>\n<meta property=\"og:image\" content=\"https:\/\/www.laspa.ee\/wp-content\/uploads\/2024\/07\/image00043-scaled.jpeg\" \/>\n\t<meta property=\"og:image:width\" content=\"2560\" \/>\n\t<meta property=\"og:image:height\" content=\"1920\" \/>\n\t<meta property=\"og:image:type\" content=\"image\/jpeg\" \/>\n<meta name=\"twitter:card\" content=\"summary_large_image\" \/>\n<meta name=\"twitter:label1\" content=\"Est. reading time\" \/>\n\t<meta name=\"twitter:data1\" content=\"1 minut\" \/>\n<script type=\"application\/ld+json\" class=\"yoast-schema-graph\">{\"@context\":\"https:\/\/schema.org\",\"@graph\":[{\"@type\":\"WebPage\",\"@id\":\"https:\/\/www.laspa.ee\/et\/maitserannak-5-kaiku\/\",\"url\":\"https:\/\/www.laspa.ee\/et\/maitserannak-5-kaiku\/\",\"name\":\"maitser\u00e4nnak 5 k\u00e4iku - LaSpa Laulasmaa\",\"isPartOf\":{\"@id\":\"https:\/\/www.laspa.ee\/et\/#website\"},\"primaryImageOfPage\":{\"@id\":\"https:\/\/www.laspa.ee\/et\/maitserannak-5-kaiku\/#primaryimage\"},\"image\":{\"@id\":\"https:\/\/www.laspa.ee\/et\/maitserannak-5-kaiku\/#primaryimage\"},\"thumbnailUrl\":\"https:\/\/www.laspa.ee\/wp-content\/uploads\/2024\/07\/image00043-1150x862.jpeg\",\"datePublished\":\"2025-05-13T14:18:08+00:00\",\"dateModified\":\"2026-03-18T14:35:02+00:00\",\"breadcrumb\":{\"@id\":\"https:\/\/www.laspa.ee\/et\/maitserannak-5-kaiku\/#breadcrumb\"},\"inLanguage\":\"et\",\"potentialAction\":[{\"@type\":\"ReadAction\",\"target\":[\"https:\/\/www.laspa.ee\/et\/maitserannak-5-kaiku\/\"]}]},{\"@type\":\"ImageObject\",\"inLanguage\":\"et\",\"@id\":\"https:\/\/www.laspa.ee\/et\/maitserannak-5-kaiku\/#primaryimage\",\"url\":\"https:\/\/www.laspa.ee\/wp-content\/uploads\/2024\/07\/image00043-1150x862.jpeg\",\"contentUrl\":\"https:\/\/www.laspa.ee\/wp-content\/uploads\/2024\/07\/image00043-1150x862.jpeg\"},{\"@type\":\"BreadcrumbList\",\"@id\":\"https:\/\/www.laspa.ee\/et\/maitserannak-5-kaiku\/#breadcrumb\",\"itemListElement\":[{\"@type\":\"ListItem\",\"position\":1,\"name\":\"Home\",\"item\":\"https:\/\/www.laspa.ee\/et\/\"},{\"@type\":\"ListItem\",\"position\":2,\"name\":\"maitser\u00e4nnak 5 k\u00e4iku\"}]},{\"@type\":\"WebSite\",\"@id\":\"https:\/\/www.laspa.ee\/et\/#website\",\"url\":\"https:\/\/www.laspa.ee\/et\/\",\"name\":\"LaSpa Laulasmaa\",\"description\":\"Wellbeing by nature\",\"potentialAction\":[{\"@type\":\"SearchAction\",\"target\":{\"@type\":\"EntryPoint\",\"urlTemplate\":\"https:\/\/www.laspa.ee\/et\/?s={search_term_string}\"},\"query-input\":{\"@type\":\"PropertyValueSpecification\",\"valueRequired\":true,\"valueName\":\"search_term_string\"}}],\"inLanguage\":\"et\"}]}<\/script>\n<!-- \/ Yoast SEO plugin. -->","yoast_head_json":{"title":"maitser\u00e4nnak 5 k\u00e4iku - LaSpa Laulasmaa","robots":{"index":"index","follow":"follow","max-snippet":"max-snippet:-1","max-image-preview":"max-image-preview:large","max-video-preview":"max-video-preview:-1"},"canonical":"https:\/\/www.laspa.ee\/et\/maitserannak-5-kaiku\/","og_locale":"et_EE","og_type":"article","og_title":"maitser\u00e4nnak 5 k\u00e4iku - LaSpa Laulasmaa","og_description":"WICCA LEIB Must seemneleib, kilgi-kanepiseemnen\u00e4kileib, saialillekarask,vahustatud v\u00f5i, umbrohu- \u00fcrdipesto SIIGSiia \u00e4kine, uputatud vutimuna, kiirmarineeritud kurk, marineeritud p\u00e4rlsibul, vetikamajo, siianahat\u0161ips, kr\u00f5be p\u00f5isadru, tilli\u00f5li KARTUL Fermenteeritud kartuli kotlet, kukeseened, \u00fcrdimajokaste, kiirsoolakurk, kr\u00f5bekartul, kaeravaht, v\u00f5rsesalat \u00c4NTU KANA \u00dcrdit\u00e4idisega kanakints, kooresed kanapugud, kr\u00f5bedad kanasabad, porgandigrat\u00e4\u00e4n, fermenteeritud porgandikreem, kanaleemekaste \u00d5LLEKE&nbsp; \u00d5llej\u00e4\u00e4tis, \u00f5llevaht, \u00f5llesiirup, kr\u00f5be linnasebiskviit,&nbsp;k\u00fclmkuivatatud vaarikad Maitser\u00e4nnaku palume tellida tervele [&hellip;]","og_url":"https:\/\/www.laspa.ee\/et\/maitserannak-5-kaiku\/","og_site_name":"LaSpa Laulasmaa","article_publisher":"https:\/\/www.facebook.com\/LaSpaLaulasmaa","article_modified_time":"2026-03-18T14:35:02+00:00","og_image":[{"width":2560,"height":1920,"url":"https:\/\/www.laspa.ee\/wp-content\/uploads\/2024\/07\/image00043-scaled.jpeg","type":"image\/jpeg"}],"twitter_card":"summary_large_image","twitter_misc":{"Est. reading time":"1 minut"},"schema":{"@context":"https:\/\/schema.org","@graph":[{"@type":"WebPage","@id":"https:\/\/www.laspa.ee\/et\/maitserannak-5-kaiku\/","url":"https:\/\/www.laspa.ee\/et\/maitserannak-5-kaiku\/","name":"maitser\u00e4nnak 5 k\u00e4iku - LaSpa Laulasmaa","isPartOf":{"@id":"https:\/\/www.laspa.ee\/et\/#website"},"primaryImageOfPage":{"@id":"https:\/\/www.laspa.ee\/et\/maitserannak-5-kaiku\/#primaryimage"},"image":{"@id":"https:\/\/www.laspa.ee\/et\/maitserannak-5-kaiku\/#primaryimage"},"thumbnailUrl":"https:\/\/www.laspa.ee\/wp-content\/uploads\/2024\/07\/image00043-1150x862.jpeg","datePublished":"2025-05-13T14:18:08+00:00","dateModified":"2026-03-18T14:35:02+00:00","breadcrumb":{"@id":"https:\/\/www.laspa.ee\/et\/maitserannak-5-kaiku\/#breadcrumb"},"inLanguage":"et","potentialAction":[{"@type":"ReadAction","target":["https:\/\/www.laspa.ee\/et\/maitserannak-5-kaiku\/"]}]},{"@type":"ImageObject","inLanguage":"et","@id":"https:\/\/www.laspa.ee\/et\/maitserannak-5-kaiku\/#primaryimage","url":"https:\/\/www.laspa.ee\/wp-content\/uploads\/2024\/07\/image00043-1150x862.jpeg","contentUrl":"https:\/\/www.laspa.ee\/wp-content\/uploads\/2024\/07\/image00043-1150x862.jpeg"},{"@type":"BreadcrumbList","@id":"https:\/\/www.laspa.ee\/et\/maitserannak-5-kaiku\/#breadcrumb","itemListElement":[{"@type":"ListItem","position":1,"name":"Home","item":"https:\/\/www.laspa.ee\/et\/"},{"@type":"ListItem","position":2,"name":"maitser\u00e4nnak 5 k\u00e4iku"}]},{"@type":"WebSite","@id":"https:\/\/www.laspa.ee\/et\/#website","url":"https:\/\/www.laspa.ee\/et\/","name":"LaSpa Laulasmaa","description":"Wellbeing by nature","potentialAction":[{"@type":"SearchAction","target":{"@type":"EntryPoint","urlTemplate":"https:\/\/www.laspa.ee\/et\/?s={search_term_string}"},"query-input":{"@type":"PropertyValueSpecification","valueRequired":true,"valueName":"search_term_string"}}],"inLanguage":"et"}]}},"_links":{"self":[{"href":"https:\/\/www.laspa.ee\/et\/wp-json\/wp\/v2\/pages\/20322","targetHints":{"allow":["GET"]}}],"collection":[{"href":"https:\/\/www.laspa.ee\/et\/wp-json\/wp\/v2\/pages"}],"about":[{"href":"https:\/\/www.laspa.ee\/et\/wp-json\/wp\/v2\/types\/page"}],"author":[{"embeddable":true,"href":"https:\/\/www.laspa.ee\/et\/wp-json\/wp\/v2\/users\/4"}],"replies":[{"embeddable":true,"href":"https:\/\/www.laspa.ee\/et\/wp-json\/wp\/v2\/comments?post=20322"}],"version-history":[{"count":7,"href":"https:\/\/www.laspa.ee\/et\/wp-json\/wp\/v2\/pages\/20322\/revisions"}],"predecessor-version":[{"id":21661,"href":"https:\/\/www.laspa.ee\/et\/wp-json\/wp\/v2\/pages\/20322\/revisions\/21661"}],"wp:attachment":[{"href":"https:\/\/www.laspa.ee\/et\/wp-json\/wp\/v2\/media?parent=20322"}],"curies":[{"name":"wp","href":"https:\/\/api.w.org\/{rel}","templated":true}]}}