{"id":20761,"date":"2025-10-27T10:48:08","date_gmt":"2025-10-27T08:48:08","guid":{"rendered":"https:\/\/www.laspa.ee\/?page_id=20761"},"modified":"2026-03-25T14:53:31","modified_gmt":"2026-03-25T12:53:31","slug":"academy_loeng_15-04","status":"publish","type":"page","link":"https:\/\/www.laspa.ee\/et\/academy_loeng_15-04\/","title":{"rendered":"Academy-loeng-15.04.2026"},"content":{"rendered":"\n<div class=\"wp-block-cover alignfull is-light\" style=\"min-height:341px;aspect-ratio:unset;\"><img loading=\"lazy\" decoding=\"async\" width=\"1150\" height=\"739\" class=\"wp-block-cover__image-background wp-image-21263 size-large\" alt=\"LaSpa koosolekud looduse keskel\" src=\"https:\/\/www.laspa.ee\/wp-content\/uploads\/2026\/01\/Uudiskiri-jaanuar-2026-EE-3-1150x739.jpg\" style=\"object-position:48% 29%\" data-object-fit=\"cover\" data-object-position=\"48% 29%\" srcset=\"https:\/\/www.laspa.ee\/wp-content\/uploads\/2026\/01\/Uudiskiri-jaanuar-2026-EE-3-1150x739.jpg 1150w, https:\/\/www.laspa.ee\/wp-content\/uploads\/2026\/01\/Uudiskiri-jaanuar-2026-EE-3-300x193.jpg 300w, https:\/\/www.laspa.ee\/wp-content\/uploads\/2026\/01\/Uudiskiri-jaanuar-2026-EE-3-768x494.jpg 768w, https:\/\/www.laspa.ee\/wp-content\/uploads\/2026\/01\/Uudiskiri-jaanuar-2026-EE-3-1536x987.jpg 1536w, https:\/\/www.laspa.ee\/wp-content\/uploads\/2026\/01\/Uudiskiri-jaanuar-2026-EE-3-800x514.jpg 800w, https:\/\/www.laspa.ee\/wp-content\/uploads\/2026\/01\/Uudiskiri-jaanuar-2026-EE-3.jpg 2048w\" sizes=\"auto, (max-width: 1150px) 100vw, 1150px\" \/><span aria-hidden=\"true\" class=\"wp-block-cover__background has-black-background-color has-background-dim-10 has-background-dim\"><\/span><div class=\"wp-block-cover__inner-container is-layout-flow wp-block-cover-is-layout-flow\">\n<h1 class=\"wp-block-heading has-text-align-center has-white-color has-text-color\">LaSpa Longevity akadeemia loeng<\/h1>\n<\/div><\/div>\n\n\n\n<div class=\"custom-twin-cols\"><div class=\"wp-block-columns has-2-columns\"><div class=\"wp-block-column text-block\">\n<h2 class=\"wp-block-heading\">Tasuta avatud loeng: Menopaus ja toitumine<\/h2>\n\n\n\n<h4 class=\"wp-block-heading\"><strong>15.04.2026 18.00 \u2013 20.00<\/strong> LaSpa konverentsikeskuses<\/h4>\n\n\n\n<p>Lektor: Jekaterina Umjarova<br>Tallinna Tervishoiu K\u00f5rgkooli \u00f5ppej\u00f5ud<br>Toitumisn\u00f5ustaja<\/p>\n\n\n\n<p>Oled oodatud LaSpa Health &amp; Wellbeing Academy programmi tasuta avatud loengule! Loeng on kasulik naistele nii perimenopausi kui ka menopausi eluetpil.<\/p>\n\n\n\n<p>\u00dcritusel saad teadmisi menopausist ja sellega seotud toitumisaspektidest. Jekaterina Umjarova jagab oma ekspertteadmisi, kuidas toitumine v\u00f5ib m\u00f5jutada perimenopaus ja menopausi s\u00fcmptomeid ja \u00fcldist heaolu nendes eluettapides.<\/p>\n\n\n\n<ul class=\"wp-block-list\">\n<li>Saate v\u00e4rskeid teadmisi menopausist ja toitumisest<\/li>\n\n\n\n<li>V\u00f5imalus k\u00fcsida k\u00fcsimusi otse eksperdilt<\/li>\n\n\n\n<li>Kohtute sarnaste huvidega inimestega<\/li>\n\n\n\n<li>Nautige LaSpa loodusl\u00e4hedast keskkonda<\/li>\n<\/ul>\n<\/div><div class=\"wp-block-column image-block\" data-pos=\"right\"><div class=\"wp-block-column\"><figure class=\"wp-block-image\"><img decoding=\"async\" src=\"https:\/\/www.laspa.ee\/wp-content\/uploads\/2026\/03\/LaSpa-Longivity-Akadeemia-tasuta-loengu-esindaja-Jekaterina-Umjarova-e1772789655900.jpg\" alt=\"LaSpa Longevity Akadeemia\"\/><\/figure><\/div><\/div><\/div><\/div>\n\n\n\n<div class=\"wp-block-group alignwide is-content-justification-center is-nowrap is-layout-flex wp-container-coregroup-is-layout-94bc23d7 wp-block-group-is-layout-flex\"><script type=\"text\/javascript\">\n\/* <![CDATA[ *\/\nvar gform;gform||(document.addEventListener(\"gform_main_scripts_loaded\",function(){gform.scriptsLoaded=!0}),document.addEventListener(\"gform\/theme\/scripts_loaded\",function(){gform.themeScriptsLoaded=!0}),window.addEventListener(\"DOMContentLoaded\",function(){gform.domLoaded=!0}),gform={domLoaded:!1,scriptsLoaded:!1,themeScriptsLoaded:!1,isFormEditor:()=>\"function\"==typeof InitializeEditor,callIfLoaded:function(o){return!(!gform.domLoaded||!gform.scriptsLoaded||!gform.themeScriptsLoaded&&!gform.isFormEditor()||(gform.isFormEditor()&&console.warn(\"The use of gform.initializeOnLoaded() is deprecated in the form editor context and will be removed in Gravity Forms 3.1.\"),o(),0))},initializeOnLoaded:function(o){gform.callIfLoaded(o)||(document.addEventListener(\"gform_main_scripts_loaded\",()=>{gform.scriptsLoaded=!0,gform.callIfLoaded(o)}),document.addEventListener(\"gform\/theme\/scripts_loaded\",()=>{gform.themeScriptsLoaded=!0,gform.callIfLoaded(o)}),window.addEventListener(\"DOMContentLoaded\",()=>{gform.domLoaded=!0,gform.callIfLoaded(o)}))},hooks:{action:{},filter:{}},addAction:function(o,r,e,t){gform.addHook(\"action\",o,r,e,t)},addFilter:function(o,r,e,t){gform.addHook(\"filter\",o,r,e,t)},doAction:function(o){gform.doHook(\"action\",o,arguments)},applyFilters:function(o){return gform.doHook(\"filter\",o,arguments)},removeAction:function(o,r){gform.removeHook(\"action\",o,r)},removeFilter:function(o,r,e){gform.removeHook(\"filter\",o,r,e)},addHook:function(o,r,e,t,n){null==gform.hooks[o][r]&&(gform.hooks[o][r]=[]);var d=gform.hooks[o][r];null==n&&(n=r+\"_\"+d.length),gform.hooks[o][r].push({tag:n,callable:e,priority:t=null==t?10:t})},doHook:function(r,o,e){var t;if(e=Array.prototype.slice.call(e,1),null!=gform.hooks[r][o]&&((o=gform.hooks[r][o]).sort(function(o,r){return o.priority-r.priority}),o.forEach(function(o){\"function\"!=typeof(t=o.callable)&&(t=window[t]),\"action\"==r?t.apply(null,e):e[0]=t.apply(null,e)})),\"filter\"==r)return e[0]},removeHook:function(o,r,t,n){var e;null!=gform.hooks[o][r]&&(e=(e=gform.hooks[o][r]).filter(function(o,r,e){return!!(null!=n&&n!=o.tag||null!=t&&t!=o.priority)}),gform.hooks[o][r]=e)}});\n\/* ]]> *\/\n<\/script>\n\n                <div class='gf_browser_gecko gform_wrapper gravity-theme gform-theme--no-framework' data-form-theme='gravity-theme' data-form-index='0' id='gform_wrapper_22' >\n                        <div class='gform_heading'>\n                            <h2 class=\"gform_title\">Registreeru LaSpa Longevity Academy avatud loengule 15.04.2026<\/h2>\n                            <p class='gform_description'><\/p>\n                        <\/div><form method='post' enctype='multipart\/form-data'  id='gform_22'  action='\/et\/wp-json\/wp\/v2\/pages\/20761' data-formid='22' novalidate>\n                        <div class='gform-body gform_body'><div id='gform_fields_22' class='gform_fields top_label form_sublabel_below description_below validation_below'><div id=\"field_22_15\" class=\"gfield gfield--type-honeypot gform_validation_container field_sublabel_below gfield--has-description field_description_below field_validation_below gfield_visibility_visible\"  ><label class='gfield_label gform-field-label' for='input_22_15'>Email<\/label><div class='ginput_container'><input name='input_15' id='input_22_15' type='text' value='' autocomplete='new-password'\/><\/div><div class='gfield_description' id='gfield_description_22_15'>This field is for validation purposes and should be left unchanged.<\/div><\/div><fieldset id=\"field_22_4\" class=\"gfield gfield--type-name gfield--input-type-name gfield--width-full gfield_contains_required field_sublabel_below gfield--no-description field_description_below field_validation_below gfield_visibility_visible\"  ><legend class='gfield_label gform-field-label gfield_label_before_complex' >Nimi\/ Name<span class=\"gfield_required\"><span class=\"gfield_required gfield_required_text\">(kohustuslik)<\/span><\/span><\/legend><div class='ginput_complex ginput_container ginput_container--name no_prefix has_first_name no_middle_name has_last_name no_suffix gf_name_has_2 ginput_container_name gform-grid-row' id='input_22_4'>\n                            \n                            <span id='input_22_4_3_container' class='name_first gform-grid-col gform-grid-col--size-auto' >\n                                                    <input type='text' name='input_4.3' id='input_22_4_3' value=''   aria-required='true'     \/>\n                                                    <label for='input_22_4_3' class='gform-field-label gform-field-label--type-sub '>Eesnimi\/ Firstname<\/label>\n                                                <\/span>\n                            \n                            <span id='input_22_4_6_container' class='name_last gform-grid-col gform-grid-col--size-auto' >\n                                                    <input type='text' name='input_4.6' id='input_22_4_6' value=''   aria-required='true'     \/>\n                                                    <label for='input_22_4_6' class='gform-field-label gform-field-label--type-sub '>Perekonnanimi\/ Lastname<\/label>\n                                                <\/span>\n                            \n                        <\/div><\/fieldset><div id=\"field_22_10\" class=\"gfield gfield--type-phone gfield--input-type-phone gfield--width-half field_sublabel_below gfield--no-description field_description_below field_validation_below gfield_visibility_visible\"  ><label class='gfield_label gform-field-label' for='input_22_10'>Telefoninumber\/ Phone<\/label><div class='ginput_container ginput_container_phone'><input name='input_10' id='input_22_10' type='tel' value='' class='large'    aria-invalid=\"false\"   \/><\/div><\/div><div id=\"field_22_11\" class=\"gfield gfield--type-email gfield--input-type-email gfield--width-half gfield_contains_required field_sublabel_below gfield--no-description field_description_below field_validation_below gfield_visibility_visible\"  ><label class='gfield_label gform-field-label' for='input_22_11'>E-post\/ Email<span class=\"gfield_required\"><span class=\"gfield_required gfield_required_text\">(kohustuslik)<\/span><\/span><\/label><div class='ginput_container ginput_container_email'>\n                            <input name='input_11' id='input_22_11' type='email' value='' class='large'    aria-required=\"true\" aria-invalid=\"false\"  \/>\n                        <\/div><\/div><div id=\"field_22_14\" class=\"gfield gfield--type-captcha gfield--input-type-captcha field_sublabel_below gfield--no-description field_description_below field_validation_below gfield_visibility_visible\"  ><label class='gfield_label gform-field-label' for='input_22_14'>CAPTCHA<\/label><div id='input_22_14' class='ginput_container ginput_recaptcha' data-sitekey='6Ld3GYApAAAAACfiZPu_YKYVofqAcxU05AFa7w32'  data-theme='light' data-tabindex='-1' data-size='invisible' data-badge='bottomright'><\/div><\/div><\/div><\/div>\n        <div class='gform-footer gform_footer top_label'> <input type='submit' id='gform_submit_button_22' class='gform_button button' onclick='gform.submission.handleButtonClick(this);' data-submission-type='submit' value='Submit'  \/> \n            <input type='hidden' class='gform_hidden' name='gform_submission_method' data-js='gform_submission_method_22' value='postback' \/>\n            <input type='hidden' class='gform_hidden' name='gform_theme' data-js='gform_theme_22' id='gform_theme_22' value='gravity-theme' \/>\n            <input type='hidden' class='gform_hidden' name='gform_style_settings' data-js='gform_style_settings_22' id='gform_style_settings_22' value='{&quot;inputPrimaryColor&quot;:&quot;#204ce5&quot;}' \/>\n            <input type='hidden' class='gform_hidden' name='is_submit_22' value='1' \/>\n            <input type='hidden' class='gform_hidden' name='gform_submit' value='22' \/>\n            \n            <input type='hidden' class='gform_hidden' name='gform_currency' data-currency='EUR' value='xtzkj9yvLjwfxyuacMEUGiDDxBZ+glZ7ClPlha8mhUKBTu9KbtgGZEYpuxyzBJ7NH0WfwhLM\/KXXatGX5bjUKb826eE3wBD3Hdjv9hWAkWzXcDI=' \/>\n            <input type='hidden' class='gform_hidden' name='gform_unique_id' value='' \/>\n            <input type='hidden' class='gform_hidden' name='state_22' value='WyJbXSIsIjgwNTBiMzRhNjhiNTc0MmI3YTA2ZDk3NDViNTZkNjM3Il0=' \/>\n            <input type='hidden' autocomplete='off' class='gform_hidden' name='gform_target_page_number_22' id='gform_target_page_number_22' value='0' \/>\n            <input type='hidden' autocomplete='off' class='gform_hidden' name='gform_source_page_number_22' id='gform_source_page_number_22' value='1' \/>\n            <input type='hidden' name='gform_field_values' value='' \/>\n            \n        <\/div>\n                        <\/form>\n                        <\/div><script type=\"text\/javascript\">\n\/* <![CDATA[ *\/\n gform.initializeOnLoaded( function() {gformInitSpinner( 22, 'https:\/\/www.laspa.ee\/wp-content\/plugins\/gravityforms\/images\/spinner.svg', true );jQuery('#gform_ajax_frame_22').on('load',function(){var contents = jQuery(this).contents().find('*').html();var is_postback = contents.indexOf('GF_AJAX_POSTBACK') >= 0;if(!is_postback){return;}var form_content = jQuery(this).contents().find('#gform_wrapper_22');var is_confirmation = jQuery(this).contents().find('#gform_confirmation_wrapper_22').length > 0;var is_redirect = contents.indexOf('gformRedirect(){') >= 0;var is_form = form_content.length > 0 && ! is_redirect && ! is_confirmation;var mt = parseInt(jQuery('html').css('margin-top'), 10) + parseInt(jQuery('body').css('margin-top'), 10) + 100;if(is_form){jQuery('#gform_wrapper_22').html(form_content.html());if(form_content.hasClass('gform_validation_error')){jQuery('#gform_wrapper_22').addClass('gform_validation_error');} else {jQuery('#gform_wrapper_22').removeClass('gform_validation_error');}setTimeout( function() { \/* delay the scroll by 50 milliseconds to fix a bug in chrome *\/  }, 50 );if(window['gformInitDatepicker']) {gformInitDatepicker();}if(window['gformInitPriceFields']) {gformInitPriceFields();}var current_page = jQuery('#gform_source_page_number_22').val();gformInitSpinner( 22, 'https:\/\/www.laspa.ee\/wp-content\/plugins\/gravityforms\/images\/spinner.svg', true );jQuery(document).trigger('gform_page_loaded', [22, current_page]);window['gf_submitting_22'] = false;}else if(!is_redirect){var confirmation_content = jQuery(this).contents().find('.GF_AJAX_POSTBACK').html();if(!confirmation_content){confirmation_content = contents;}jQuery('#gform_wrapper_22').replaceWith(confirmation_content);jQuery(document).trigger('gform_confirmation_loaded', [22]);window['gf_submitting_22'] = false;wp.a11y.speak(jQuery('#gform_confirmation_message_22').text());}else{jQuery('#gform_22').append(contents);if(window['gformRedirect']) {gformRedirect();}}jQuery(document).trigger(\"gform_pre_post_render\", [{ formId: \"22\", currentPage: \"current_page\", abort: function() { this.preventDefault(); } }]);        if (event && event.defaultPrevented) {                return;        }        const gformWrapperDiv = document.getElementById( \"gform_wrapper_22\" );        if ( gformWrapperDiv ) {            const visibilitySpan = document.createElement( \"span\" );            visibilitySpan.id = \"gform_visibility_test_22\";            gformWrapperDiv.insertAdjacentElement( \"afterend\", visibilitySpan );        }        const visibilityTestDiv = document.getElementById( \"gform_visibility_test_22\" );        let postRenderFired = false;        function triggerPostRender() {            if ( postRenderFired ) {                return;            }            postRenderFired = true;            gform.core.triggerPostRenderEvents( 22, current_page );            if ( visibilityTestDiv ) {                visibilityTestDiv.parentNode.removeChild( visibilityTestDiv );            }        }        function debounce( func, wait, immediate ) {            var timeout;            return function() {                var context = this, args = arguments;                var later = function() {                    timeout = null;                    if ( !immediate ) func.apply( context, args );                };                var callNow = immediate && !timeout;                clearTimeout( timeout );                timeout = setTimeout( later, wait );                if ( callNow ) func.apply( context, args );            };        }        const debouncedTriggerPostRender = debounce( function() {            triggerPostRender();        }, 200 );        if ( visibilityTestDiv && visibilityTestDiv.offsetParent === null ) {            const observer = new MutationObserver( ( mutations ) => {                mutations.forEach( ( mutation ) => {                    if ( mutation.type === 'attributes' && visibilityTestDiv.offsetParent !== null ) {                        debouncedTriggerPostRender();                        observer.disconnect();                    }                });            });            observer.observe( document.body, {                attributes: true,                childList: false,                subtree: true,                attributeFilter: [ 'style', 'class' ],            });        } else {            triggerPostRender();        }    } );} ); \n\/* ]]> *\/\n<\/script>\n<\/div>\n\n\n\n<div class=\"wp-block-columns alignwide is-layout-flex wp-container-corecolumns-is-layout-9d6595d7 wp-block-columns-is-layout-flex\">\n<div class=\"wp-block-column is-layout-flow wp-block-column-is-layout-flow\"><\/div>\n\n\n\n<div class=\"wp-block-column is-layout-flow wp-block-column-is-layout-flow\"><\/div>\n<\/div>\n","protected":false},"excerpt":{"rendered":"","protected":false},"author":4,"featured_media":0,"parent":0,"menu_order":17,"comment_status":"closed","ping_status":"closed","template":"","meta":{"_acf_changed":false,"footnotes":""},"class_list":["post-20761","page","type-page","status-publish","hentry"],"acf":false,"yoast_head":"<!-- This site is optimized with the Yoast SEO plugin v27.2 - https:\/\/yoast.com\/product\/yoast-seo-wordpress\/ -->\n<title>Academy-loeng-15.04.2026 - LaSpa Laulasmaa<\/title>\n<meta name=\"robots\" content=\"index, follow, max-snippet:-1, max-image-preview:large, max-video-preview:-1\" \/>\n<link rel=\"canonical\" href=\"https:\/\/www.laspa.ee\/et\/academy_loeng_15-04\/\" \/>\n<meta property=\"og:locale\" content=\"et_EE\" \/>\n<meta property=\"og:type\" content=\"article\" \/>\n<meta property=\"og:title\" content=\"Academy-loeng-15.04.2026 - LaSpa Laulasmaa\" \/>\n<meta property=\"og:url\" content=\"https:\/\/www.laspa.ee\/et\/academy_loeng_15-04\/\" \/>\n<meta property=\"og:site_name\" content=\"LaSpa Laulasmaa\" \/>\n<meta property=\"article:publisher\" content=\"https:\/\/www.facebook.com\/LaSpaLaulasmaa\" \/>\n<meta property=\"article:modified_time\" content=\"2026-03-25T12:53:31+00:00\" \/>\n<meta property=\"og:image\" content=\"https:\/\/www.laspa.ee\/wp-content\/uploads\/2026\/01\/Uudiskiri-jaanuar-2026-EE-3.jpg\" \/>\n\t<meta property=\"og:image:width\" content=\"2048\" \/>\n\t<meta property=\"og:image:height\" content=\"1316\" \/>\n\t<meta property=\"og:image:type\" content=\"image\/jpeg\" \/>\n<meta name=\"twitter:card\" content=\"summary_large_image\" \/>\n<script type=\"application\/ld+json\" class=\"yoast-schema-graph\">{\"@context\":\"https:\/\/schema.org\",\"@graph\":[{\"@type\":\"WebPage\",\"@id\":\"https:\/\/www.laspa.ee\/et\/academy_loeng_15-04\/\",\"url\":\"https:\/\/www.laspa.ee\/et\/academy_loeng_15-04\/\",\"name\":\"Academy-loeng-15.04.2026 - LaSpa Laulasmaa\",\"isPartOf\":{\"@id\":\"https:\/\/www.laspa.ee\/et\/#website\"},\"primaryImageOfPage\":{\"@id\":\"https:\/\/www.laspa.ee\/et\/academy_loeng_15-04\/#primaryimage\"},\"image\":{\"@id\":\"https:\/\/www.laspa.ee\/et\/academy_loeng_15-04\/#primaryimage\"},\"thumbnailUrl\":\"https:\/\/www.laspa.ee\/wp-content\/uploads\/2026\/01\/Uudiskiri-jaanuar-2026-EE-3-1150x739.jpg\",\"datePublished\":\"2025-10-27T08:48:08+00:00\",\"dateModified\":\"2026-03-25T12:53:31+00:00\",\"breadcrumb\":{\"@id\":\"https:\/\/www.laspa.ee\/et\/academy_loeng_15-04\/#breadcrumb\"},\"inLanguage\":\"et\",\"potentialAction\":[{\"@type\":\"ReadAction\",\"target\":[\"https:\/\/www.laspa.ee\/et\/academy_loeng_15-04\/\"]}]},{\"@type\":\"ImageObject\",\"inLanguage\":\"et\",\"@id\":\"https:\/\/www.laspa.ee\/et\/academy_loeng_15-04\/#primaryimage\",\"url\":\"https:\/\/www.laspa.ee\/wp-content\/uploads\/2026\/01\/Uudiskiri-jaanuar-2026-EE-3-1150x739.jpg\",\"contentUrl\":\"https:\/\/www.laspa.ee\/wp-content\/uploads\/2026\/01\/Uudiskiri-jaanuar-2026-EE-3-1150x739.jpg\"},{\"@type\":\"BreadcrumbList\",\"@id\":\"https:\/\/www.laspa.ee\/et\/academy_loeng_15-04\/#breadcrumb\",\"itemListElement\":[{\"@type\":\"ListItem\",\"position\":1,\"name\":\"Home\",\"item\":\"https:\/\/www.laspa.ee\/et\/\"},{\"@type\":\"ListItem\",\"position\":2,\"name\":\"Academy-loeng-15.04.2026\"}]},{\"@type\":\"WebSite\",\"@id\":\"https:\/\/www.laspa.ee\/et\/#website\",\"url\":\"https:\/\/www.laspa.ee\/et\/\",\"name\":\"LaSpa Laulasmaa\",\"description\":\"Wellbeing by nature\",\"potentialAction\":[{\"@type\":\"SearchAction\",\"target\":{\"@type\":\"EntryPoint\",\"urlTemplate\":\"https:\/\/www.laspa.ee\/et\/?s={search_term_string}\"},\"query-input\":{\"@type\":\"PropertyValueSpecification\",\"valueRequired\":true,\"valueName\":\"search_term_string\"}}],\"inLanguage\":\"et\"}]}<\/script>\n<!-- \/ Yoast SEO plugin. -->","yoast_head_json":{"title":"Academy-loeng-15.04.2026 - LaSpa Laulasmaa","robots":{"index":"index","follow":"follow","max-snippet":"max-snippet:-1","max-image-preview":"max-image-preview:large","max-video-preview":"max-video-preview:-1"},"canonical":"https:\/\/www.laspa.ee\/et\/academy_loeng_15-04\/","og_locale":"et_EE","og_type":"article","og_title":"Academy-loeng-15.04.2026 - LaSpa Laulasmaa","og_url":"https:\/\/www.laspa.ee\/et\/academy_loeng_15-04\/","og_site_name":"LaSpa Laulasmaa","article_publisher":"https:\/\/www.facebook.com\/LaSpaLaulasmaa","article_modified_time":"2026-03-25T12:53:31+00:00","og_image":[{"width":2048,"height":1316,"url":"https:\/\/www.laspa.ee\/wp-content\/uploads\/2026\/01\/Uudiskiri-jaanuar-2026-EE-3.jpg","type":"image\/jpeg"}],"twitter_card":"summary_large_image","schema":{"@context":"https:\/\/schema.org","@graph":[{"@type":"WebPage","@id":"https:\/\/www.laspa.ee\/et\/academy_loeng_15-04\/","url":"https:\/\/www.laspa.ee\/et\/academy_loeng_15-04\/","name":"Academy-loeng-15.04.2026 - LaSpa Laulasmaa","isPartOf":{"@id":"https:\/\/www.laspa.ee\/et\/#website"},"primaryImageOfPage":{"@id":"https:\/\/www.laspa.ee\/et\/academy_loeng_15-04\/#primaryimage"},"image":{"@id":"https:\/\/www.laspa.ee\/et\/academy_loeng_15-04\/#primaryimage"},"thumbnailUrl":"https:\/\/www.laspa.ee\/wp-content\/uploads\/2026\/01\/Uudiskiri-jaanuar-2026-EE-3-1150x739.jpg","datePublished":"2025-10-27T08:48:08+00:00","dateModified":"2026-03-25T12:53:31+00:00","breadcrumb":{"@id":"https:\/\/www.laspa.ee\/et\/academy_loeng_15-04\/#breadcrumb"},"inLanguage":"et","potentialAction":[{"@type":"ReadAction","target":["https:\/\/www.laspa.ee\/et\/academy_loeng_15-04\/"]}]},{"@type":"ImageObject","inLanguage":"et","@id":"https:\/\/www.laspa.ee\/et\/academy_loeng_15-04\/#primaryimage","url":"https:\/\/www.laspa.ee\/wp-content\/uploads\/2026\/01\/Uudiskiri-jaanuar-2026-EE-3-1150x739.jpg","contentUrl":"https:\/\/www.laspa.ee\/wp-content\/uploads\/2026\/01\/Uudiskiri-jaanuar-2026-EE-3-1150x739.jpg"},{"@type":"BreadcrumbList","@id":"https:\/\/www.laspa.ee\/et\/academy_loeng_15-04\/#breadcrumb","itemListElement":[{"@type":"ListItem","position":1,"name":"Home","item":"https:\/\/www.laspa.ee\/et\/"},{"@type":"ListItem","position":2,"name":"Academy-loeng-15.04.2026"}]},{"@type":"WebSite","@id":"https:\/\/www.laspa.ee\/et\/#website","url":"https:\/\/www.laspa.ee\/et\/","name":"LaSpa Laulasmaa","description":"Wellbeing by nature","potentialAction":[{"@type":"SearchAction","target":{"@type":"EntryPoint","urlTemplate":"https:\/\/www.laspa.ee\/et\/?s={search_term_string}"},"query-input":{"@type":"PropertyValueSpecification","valueRequired":true,"valueName":"search_term_string"}}],"inLanguage":"et"}]}},"_links":{"self":[{"href":"https:\/\/www.laspa.ee\/et\/wp-json\/wp\/v2\/pages\/20761","targetHints":{"allow":["GET"]}}],"collection":[{"href":"https:\/\/www.laspa.ee\/et\/wp-json\/wp\/v2\/pages"}],"about":[{"href":"https:\/\/www.laspa.ee\/et\/wp-json\/wp\/v2\/types\/page"}],"author":[{"embeddable":true,"href":"https:\/\/www.laspa.ee\/et\/wp-json\/wp\/v2\/users\/4"}],"replies":[{"embeddable":true,"href":"https:\/\/www.laspa.ee\/et\/wp-json\/wp\/v2\/comments?post=20761"}],"version-history":[{"count":19,"href":"https:\/\/www.laspa.ee\/et\/wp-json\/wp\/v2\/pages\/20761\/revisions"}],"predecessor-version":[{"id":21547,"href":"https:\/\/www.laspa.ee\/et\/wp-json\/wp\/v2\/pages\/20761\/revisions\/21547"}],"wp:attachment":[{"href":"https:\/\/www.laspa.ee\/et\/wp-json\/wp\/v2\/media?parent=20761"}],"curies":[{"name":"wp","href":"https:\/\/api.w.org\/{rel}","templated":true}]}}