{"id":20969,"date":"2025-11-05T18:17:26","date_gmt":"2025-11-05T16:17:26","guid":{"rendered":"https:\/\/www.laspa.ee\/?page_id=20969"},"modified":"2025-12-02T12:58:28","modified_gmt":"2025-12-02T10:58:28","slug":"arvustused","status":"publish","type":"page","link":"https:\/\/www.laspa.ee\/et\/arvustused\/","title":{"rendered":"arvustused"},"content":{"rendered":"\n<div class=\"wp-block-cover alignfull\"><img loading=\"lazy\" decoding=\"async\" width=\"1150\" height=\"862\" class=\"wp-block-cover__image-background wp-image-20728 size-large\" alt=\"Wellbeing by nature\" src=\"https:\/\/www.laspa.ee\/wp-content\/uploads\/2025\/10\/reryre-1150x862.jpg\" data-object-fit=\"cover\" srcset=\"https:\/\/www.laspa.ee\/wp-content\/uploads\/2025\/10\/reryre-1150x862.jpg 1150w, https:\/\/www.laspa.ee\/wp-content\/uploads\/2025\/10\/reryre-300x225.jpg 300w, https:\/\/www.laspa.ee\/wp-content\/uploads\/2025\/10\/reryre-768x576.jpg 768w, https:\/\/www.laspa.ee\/wp-content\/uploads\/2025\/10\/reryre-1536x1151.jpg 1536w, https:\/\/www.laspa.ee\/wp-content\/uploads\/2025\/10\/reryre-800x600.jpg 800w, https:\/\/www.laspa.ee\/wp-content\/uploads\/2025\/10\/reryre.jpg 2048w\" sizes=\"auto, (max-width: 1150px) 100vw, 1150px\" \/><span aria-hidden=\"true\" class=\"wp-block-cover__background has-black-background-color has-background-dim-10 has-background-dim\"><\/span><div class=\"wp-block-cover__inner-container is-layout-flow wp-block-cover-is-layout-flow\">\n<h1 class=\"wp-block-heading has-text-align-center has-white-color has-text-color\">Mida meie k\u00fclalised arvavad<\/h1>\n<\/div><\/div>\n\n\n\n<p>Meile v\u00e4ga meeldis meie tuba! Kogu personal oli tore ja abivalmis. Oli v\u00e4ga m\u00f5nus perepuhkus, ait\u00e4h!<br>Sander, november 2025<\/p>\n\n\n\n<p><strong>Tunnen, et olen oodatud<\/strong><\/p>\n\n\n\n<p><em>\u201cK\u00e4in igal aastal minimaalselt \u00fchel korral Laulasmaal, minu arvates \u00fcks erilisemaid ja parimaid spaasid Eestis. Kogu kogemus algusest l\u00f5puni on veatu. On n\u00e4ha ja tunda, et klientidest hoolitakse. Eriline t\u00e4helepanu personalile, kes on alati s\u00f5bralik ja olen tundnud end oodatud. Tundub, et hoiate h\u00e4sti personali!<\/em><\/p>\n\n\n\n<p>Karin, juuni 2025<\/p>\n\n\n\n<p><strong>S\u00f5bralik personal<\/strong><\/p>\n\n\n\n<p><em>\u201cV\u00e4ga s\u00f5bralikud ja abivalmis personal oli meie hotellis viibimise ajal. Voodid olid v\u00e4ga pehmed. Keha hooldus vahendid hotelli toas olid v\u00e4ga m\u00f5nusad. \u201c<\/em><\/p>\n\n\n\n<p>Triin, aprill 2025<\/p>\n\n\n\n<p><strong>Palju vabaajategevusi<\/strong><\/p>\n\n\n\n<p><em>\u201cMeeldis v\u00e4ga, et oli v\u00f5imalus oma aega v\u00e4ga mitmekesiselt sisustada. Ratta laenutamine oli tore ja samuti tasuta jooga v\u00f5imalus.\u201d<\/em><\/p>\n\n\n\n<p>Stina, aprill 2025<\/p>\n\n\n\n<p><strong>Detailide m\u00e4rkamine<\/strong><\/p>\n\n\n\n<p><em>\u201cMulle v\u00e4ga meeldis, et teeninduskogemus on terviklik \u2013 alates toa ja restorani broneeringutest kuni hotellist lahkumiseni. Detailide m\u00e4rkamine j\u00e4tab tunde, et k\u00fclastaja on oluline. Restorani Wicca teenindus ja men\u00fc\u00fc oli erakordne.\u201d<\/em><\/p>\n\n\n\n<p>Ingrid, aprill 2025<\/p>\n","protected":false},"excerpt":{"rendered":"<p>Meile v\u00e4ga meeldis meie tuba! Kogu personal oli tore ja abivalmis. Oli v\u00e4ga m\u00f5nus perepuhkus, ait\u00e4h!Sander, november 2025 Tunnen, et olen oodatud \u201cK\u00e4in igal aastal minimaalselt \u00fchel korral Laulasmaal, minu arvates \u00fcks erilisemaid ja parimaid spaasid Eestis. Kogu kogemus algusest l\u00f5puni on veatu. On n\u00e4ha ja tunda, et klientidest hoolitakse. Eriline t\u00e4helepanu personalile, kes on [&hellip;]<\/p>\n","protected":false},"author":4,"featured_media":0,"parent":0,"menu_order":13,"comment_status":"closed","ping_status":"closed","template":"","meta":{"_acf_changed":false,"footnotes":""},"class_list":["post-20969","page","type-page","status-publish","hentry"],"acf":false,"yoast_head":"<!-- This site is optimized with the Yoast SEO plugin v27.2 - https:\/\/yoast.com\/product\/yoast-seo-wordpress\/ -->\n<title>arvustused - LaSpa Laulasmaa<\/title>\n<meta name=\"robots\" content=\"index, follow, max-snippet:-1, max-image-preview:large, max-video-preview:-1\" \/>\n<link rel=\"canonical\" href=\"https:\/\/www.laspa.ee\/et\/arvustused\/\" \/>\n<meta property=\"og:locale\" content=\"et_EE\" \/>\n<meta property=\"og:type\" content=\"article\" \/>\n<meta property=\"og:title\" content=\"arvustused - LaSpa Laulasmaa\" \/>\n<meta property=\"og:description\" content=\"Meile v\u00e4ga meeldis meie tuba! Kogu personal oli tore ja abivalmis. Oli v\u00e4ga m\u00f5nus perepuhkus, ait\u00e4h!Sander, november 2025 Tunnen, et olen oodatud \u201cK\u00e4in igal aastal minimaalselt \u00fchel korral Laulasmaal, minu arvates \u00fcks erilisemaid ja parimaid spaasid Eestis. Kogu kogemus algusest l\u00f5puni on veatu. On n\u00e4ha ja tunda, et klientidest hoolitakse. Eriline t\u00e4helepanu personalile, kes on [&hellip;]\" \/>\n<meta property=\"og:url\" content=\"https:\/\/www.laspa.ee\/et\/arvustused\/\" \/>\n<meta property=\"og:site_name\" content=\"LaSpa Laulasmaa\" \/>\n<meta property=\"article:publisher\" content=\"https:\/\/www.facebook.com\/LaSpaLaulasmaa\" \/>\n<meta property=\"article:modified_time\" content=\"2025-12-02T10:58:28+00:00\" \/>\n<meta property=\"og:image\" content=\"https:\/\/www.laspa.ee\/wp-content\/uploads\/2025\/10\/reryre.jpg\" \/>\n\t<meta property=\"og:image:width\" content=\"2048\" \/>\n\t<meta property=\"og:image:height\" content=\"1535\" \/>\n\t<meta property=\"og:image:type\" content=\"image\/jpeg\" \/>\n<meta name=\"twitter:card\" content=\"summary_large_image\" \/>\n<meta name=\"twitter:label1\" content=\"Est. reading time\" \/>\n\t<meta name=\"twitter:data1\" content=\"1 minut\" \/>\n<script type=\"application\/ld+json\" class=\"yoast-schema-graph\">{\"@context\":\"https:\/\/schema.org\",\"@graph\":[{\"@type\":\"WebPage\",\"@id\":\"https:\/\/www.laspa.ee\/et\/arvustused\/\",\"url\":\"https:\/\/www.laspa.ee\/et\/arvustused\/\",\"name\":\"arvustused - LaSpa Laulasmaa\",\"isPartOf\":{\"@id\":\"https:\/\/www.laspa.ee\/et\/#website\"},\"primaryImageOfPage\":{\"@id\":\"https:\/\/www.laspa.ee\/et\/arvustused\/#primaryimage\"},\"image\":{\"@id\":\"https:\/\/www.laspa.ee\/et\/arvustused\/#primaryimage\"},\"thumbnailUrl\":\"https:\/\/www.laspa.ee\/wp-content\/uploads\/2025\/10\/reryre-1150x862.jpg\",\"datePublished\":\"2025-11-05T16:17:26+00:00\",\"dateModified\":\"2025-12-02T10:58:28+00:00\",\"breadcrumb\":{\"@id\":\"https:\/\/www.laspa.ee\/et\/arvustused\/#breadcrumb\"},\"inLanguage\":\"et\",\"potentialAction\":[{\"@type\":\"ReadAction\",\"target\":[\"https:\/\/www.laspa.ee\/et\/arvustused\/\"]}]},{\"@type\":\"ImageObject\",\"inLanguage\":\"et\",\"@id\":\"https:\/\/www.laspa.ee\/et\/arvustused\/#primaryimage\",\"url\":\"https:\/\/www.laspa.ee\/wp-content\/uploads\/2025\/10\/reryre-1150x862.jpg\",\"contentUrl\":\"https:\/\/www.laspa.ee\/wp-content\/uploads\/2025\/10\/reryre-1150x862.jpg\"},{\"@type\":\"BreadcrumbList\",\"@id\":\"https:\/\/www.laspa.ee\/et\/arvustused\/#breadcrumb\",\"itemListElement\":[{\"@type\":\"ListItem\",\"position\":1,\"name\":\"Home\",\"item\":\"https:\/\/www.laspa.ee\/et\/\"},{\"@type\":\"ListItem\",\"position\":2,\"name\":\"arvustused\"}]},{\"@type\":\"WebSite\",\"@id\":\"https:\/\/www.laspa.ee\/et\/#website\",\"url\":\"https:\/\/www.laspa.ee\/et\/\",\"name\":\"LaSpa Laulasmaa\",\"description\":\"Wellbeing by nature\",\"potentialAction\":[{\"@type\":\"SearchAction\",\"target\":{\"@type\":\"EntryPoint\",\"urlTemplate\":\"https:\/\/www.laspa.ee\/et\/?s={search_term_string}\"},\"query-input\":{\"@type\":\"PropertyValueSpecification\",\"valueRequired\":true,\"valueName\":\"search_term_string\"}}],\"inLanguage\":\"et\"}]}<\/script>\n<!-- \/ Yoast SEO plugin. -->","yoast_head_json":{"title":"arvustused - LaSpa Laulasmaa","robots":{"index":"index","follow":"follow","max-snippet":"max-snippet:-1","max-image-preview":"max-image-preview:large","max-video-preview":"max-video-preview:-1"},"canonical":"https:\/\/www.laspa.ee\/et\/arvustused\/","og_locale":"et_EE","og_type":"article","og_title":"arvustused - LaSpa Laulasmaa","og_description":"Meile v\u00e4ga meeldis meie tuba! Kogu personal oli tore ja abivalmis. Oli v\u00e4ga m\u00f5nus perepuhkus, ait\u00e4h!Sander, november 2025 Tunnen, et olen oodatud \u201cK\u00e4in igal aastal minimaalselt \u00fchel korral Laulasmaal, minu arvates \u00fcks erilisemaid ja parimaid spaasid Eestis. Kogu kogemus algusest l\u00f5puni on veatu. On n\u00e4ha ja tunda, et klientidest hoolitakse. Eriline t\u00e4helepanu personalile, kes on [&hellip;]","og_url":"https:\/\/www.laspa.ee\/et\/arvustused\/","og_site_name":"LaSpa Laulasmaa","article_publisher":"https:\/\/www.facebook.com\/LaSpaLaulasmaa","article_modified_time":"2025-12-02T10:58:28+00:00","og_image":[{"width":2048,"height":1535,"url":"https:\/\/www.laspa.ee\/wp-content\/uploads\/2025\/10\/reryre.jpg","type":"image\/jpeg"}],"twitter_card":"summary_large_image","twitter_misc":{"Est. reading time":"1 minut"},"schema":{"@context":"https:\/\/schema.org","@graph":[{"@type":"WebPage","@id":"https:\/\/www.laspa.ee\/et\/arvustused\/","url":"https:\/\/www.laspa.ee\/et\/arvustused\/","name":"arvustused - LaSpa Laulasmaa","isPartOf":{"@id":"https:\/\/www.laspa.ee\/et\/#website"},"primaryImageOfPage":{"@id":"https:\/\/www.laspa.ee\/et\/arvustused\/#primaryimage"},"image":{"@id":"https:\/\/www.laspa.ee\/et\/arvustused\/#primaryimage"},"thumbnailUrl":"https:\/\/www.laspa.ee\/wp-content\/uploads\/2025\/10\/reryre-1150x862.jpg","datePublished":"2025-11-05T16:17:26+00:00","dateModified":"2025-12-02T10:58:28+00:00","breadcrumb":{"@id":"https:\/\/www.laspa.ee\/et\/arvustused\/#breadcrumb"},"inLanguage":"et","potentialAction":[{"@type":"ReadAction","target":["https:\/\/www.laspa.ee\/et\/arvustused\/"]}]},{"@type":"ImageObject","inLanguage":"et","@id":"https:\/\/www.laspa.ee\/et\/arvustused\/#primaryimage","url":"https:\/\/www.laspa.ee\/wp-content\/uploads\/2025\/10\/reryre-1150x862.jpg","contentUrl":"https:\/\/www.laspa.ee\/wp-content\/uploads\/2025\/10\/reryre-1150x862.jpg"},{"@type":"BreadcrumbList","@id":"https:\/\/www.laspa.ee\/et\/arvustused\/#breadcrumb","itemListElement":[{"@type":"ListItem","position":1,"name":"Home","item":"https:\/\/www.laspa.ee\/et\/"},{"@type":"ListItem","position":2,"name":"arvustused"}]},{"@type":"WebSite","@id":"https:\/\/www.laspa.ee\/et\/#website","url":"https:\/\/www.laspa.ee\/et\/","name":"LaSpa Laulasmaa","description":"Wellbeing by nature","potentialAction":[{"@type":"SearchAction","target":{"@type":"EntryPoint","urlTemplate":"https:\/\/www.laspa.ee\/et\/?s={search_term_string}"},"query-input":{"@type":"PropertyValueSpecification","valueRequired":true,"valueName":"search_term_string"}}],"inLanguage":"et"}]}},"_links":{"self":[{"href":"https:\/\/www.laspa.ee\/et\/wp-json\/wp\/v2\/pages\/20969","targetHints":{"allow":["GET"]}}],"collection":[{"href":"https:\/\/www.laspa.ee\/et\/wp-json\/wp\/v2\/pages"}],"about":[{"href":"https:\/\/www.laspa.ee\/et\/wp-json\/wp\/v2\/types\/page"}],"author":[{"embeddable":true,"href":"https:\/\/www.laspa.ee\/et\/wp-json\/wp\/v2\/users\/4"}],"replies":[{"embeddable":true,"href":"https:\/\/www.laspa.ee\/et\/wp-json\/wp\/v2\/comments?post=20969"}],"version-history":[{"count":2,"href":"https:\/\/www.laspa.ee\/et\/wp-json\/wp\/v2\/pages\/20969\/revisions"}],"predecessor-version":[{"id":21139,"href":"https:\/\/www.laspa.ee\/et\/wp-json\/wp\/v2\/pages\/20969\/revisions\/21139"}],"wp:attachment":[{"href":"https:\/\/www.laspa.ee\/et\/wp-json\/wp\/v2\/media?parent=20969"}],"curies":[{"name":"wp","href":"https:\/\/api.w.org\/{rel}","templated":true}]}}