{"id":21297,"date":"2026-01-26T20:10:14","date_gmt":"2026-01-26T18:10:14","guid":{"rendered":"https:\/\/www.laspa.ee\/?page_id=21297"},"modified":"2026-04-14T14:10:26","modified_gmt":"2026-04-14T12:10:26","slug":"erimenuu","status":"publish","type":"page","link":"https:\/\/www.laspa.ee\/et\/erimenuu\/","title":{"rendered":"Brunch"},"content":{"rendered":"\n<div class=\"wp-block-cover alignfull is-light\"><img loading=\"lazy\" decoding=\"async\" width=\"1150\" height=\"647\" class=\"wp-block-cover__image-background wp-image-20127 size-large\" alt=\"\" src=\"https:\/\/www.laspa.ee\/wp-content\/uploads\/2025\/04\/erreger-1150x647.jpg\" style=\"object-position:48% 0%\" data-object-fit=\"cover\" data-object-position=\"48% 0%\" srcset=\"https:\/\/www.laspa.ee\/wp-content\/uploads\/2025\/04\/erreger-1150x647.jpg 1150w, https:\/\/www.laspa.ee\/wp-content\/uploads\/2025\/04\/erreger-300x169.jpg 300w, https:\/\/www.laspa.ee\/wp-content\/uploads\/2025\/04\/erreger-768x432.jpg 768w, https:\/\/www.laspa.ee\/wp-content\/uploads\/2025\/04\/erreger-1536x864.jpg 1536w, https:\/\/www.laspa.ee\/wp-content\/uploads\/2025\/04\/erreger-800x450.jpg 800w, https:\/\/www.laspa.ee\/wp-content\/uploads\/2025\/04\/erreger.jpg 2048w\" sizes=\"auto, (max-width: 1150px) 100vw, 1150px\" \/><span aria-hidden=\"true\" class=\"wp-block-cover__background has-black-background-color has-background-dim-20 has-background-dim\"><\/span><div class=\"wp-block-cover__inner-container is-layout-flow wp-block-cover-is-layout-flow\">\n<h1 class=\"wp-block-heading has-text-align-center has-white-color has-text-color\">Emadep\u00e4eva <em>brunch<\/em> 10.05.2026<\/h1>\n<\/div><\/div>\n\n\n\n<div class=\"custom-twin-cols\"><div class=\"wp-block-columns has-2-columns\"><div class=\"wp-block-column text-block\">\n<h2 class=\"wp-block-heading\">Tere tulemast emadep\u00e4eva <em>brunchile<\/em><\/h2>\n\n\n\n<p>10.05.2026 11.00 &#8211; 15.00<\/p>\n\n\n\n<div class=\"wp-block-buttons is-layout-flex wp-block-buttons-is-layout-flex\">\n<div class=\"wp-block-button is-style-outline is-style-outline--1\"><a class=\"wp-block-button__link wp-element-button\" href=\"https:\/\/v2.tableonline.fi\/instabook\/bookings\/dNIPbuE\/selection\">Broneeri laud<\/a><\/div>\n<\/div>\n\n\n\n<p>Brunchi buffet-laud soolaste ja magusate suupistetega \u2013 19 \u20ac<br>Lapsed 6\u201312 a \u2013 9,50 \u20ac<br>Lapsed 0\u20135 a \u2013 tasuta<\/p>\n\n\n\n<p>Gruppidele suurusega alates 6 inimest saadetakse peale broneeringu tegemist ettemaksuarve. <br>Seltskonnad kuni 5 inimest- tasumine kohapeal restoranis.<\/p>\n\n\n\n<p>Kohapeal on v\u00f5imalik lisatasu eest tellida soojasid roogasid ja jooke.<\/p>\n\n\n\n<div class=\"wp-block-buttons is-layout-flex wp-block-buttons-is-layout-flex\"><\/div>\n<\/div><div class=\"wp-block-column image-block\" data-pos=\"right\"><div class=\"wp-block-column\"><figure class=\"wp-block-image\"><img decoding=\"async\" src=\"https:\/\/www.laspa.ee\/wp-content\/uploads\/2026\/04\/Emadepaeva-burnch-2026-EE-1150x647.jpg\" alt=\"\"\/><\/figure><\/div><\/div><\/div><\/div>\n\n\n\n<div class=\"wp-block-columns alignwide is-layout-flex wp-container-corecolumns-is-layout-9d6595d7 wp-block-columns-is-layout-flex\">\n<div class=\"wp-block-column is-layout-flow wp-block-column-is-layout-flow\" style=\"flex-basis:50%\">\n<h4 class=\"wp-block-heading\">Buffet laua men\u00fc\u00fc, mis on hinna sees<\/h4>\n\n\n\n<p>Hummus ja karulaugu\u00f5li<br>Kanamaksapasteet, sibulamoos<br>Krevetisalat, kurk ja tsitrusemajo<br>Marineeritud s\u00e4inas, s\u00e4inamajo<br>Suitsusink, hapukurk<br>N\u00f5mmiku talu juust<br>Sparglipirukas<br>Roheline lehtsalat<br>Wicca leivakorv \u2013 koorikleib, hapusai, focaccia<br>Vahustatud v\u00f5i<br><br>Vanillikreemikorvike<br>Marjavaht<br>Puuviljad<\/p>\n\n\n\n<p>Maitsevesi<\/p>\n<\/div>\n\n\n\n<div class=\"wp-block-column is-layout-flow wp-block-column-is-layout-flow\" style=\"flex-basis:50%\">\n<h4 class=\"wp-block-heading\"><strong>Lisatasu eest on v\u00f5imalik osta: <\/strong><\/h4>\n\n\n\n<p>Ahjuomlett juustuga, kirsstomatid, rukola 12\u20ac<br>Egg benedict 14\u20ac<br>\u2013 forelliga<br>\u2013 peekoniga<\/p>\n\n\n\n<p>Pannkoogid<br>\u2013 forellimari, hapukoorevaht, roheline sibul 16\u20ac<br>\u2013 j\u00e4\u00e4tis, marjakompott, soolakaramellikaste 8\u20ac<\/p>\n\n\n\n<p>Joogid<\/p>\n\n\n\n<p>Wicca limonaad 6\u20ac<br>V\u00e4rskelt pressitud mahl 6\u20ac<br>Smuuti 6\u20ac<br>J\u00e4\u00e4tisekokteil 8\u20ac<br>Mimosa (kraadiga ja alkoholivaba) 10\u20ac<br>Kohvijoogid\/ tee *Meie teenindajad tutvustavad lahkesti valikuid<\/p>\n<\/div>\n<\/div>\n\n\n\n<p><\/p>\n","protected":false},"excerpt":{"rendered":"<p>Buffet laua men\u00fc\u00fc, mis on hinna sees Hummus ja karulaugu\u00f5liKanamaksapasteet, sibulamoosKrevetisalat, kurk ja tsitrusemajoMarineeritud s\u00e4inas, s\u00e4inamajoSuitsusink, hapukurkN\u00f5mmiku talu juustSparglipirukasRoheline lehtsalatWicca leivakorv \u2013 koorikleib, hapusai, focacciaVahustatud v\u00f5i VanillikreemikorvikeMarjavahtPuuviljad Maitsevesi Lisatasu eest on v\u00f5imalik osta: Ahjuomlett juustuga, kirsstomatid, rukola 12\u20acEgg benedict 14\u20ac\u2013 forelliga\u2013 peekoniga Pannkoogid\u2013 forellimari, hapukoorevaht, roheline sibul 16\u20ac\u2013 j\u00e4\u00e4tis, marjakompott, soolakaramellikaste 8\u20ac Joogid Wicca limonaad [&hellip;]<\/p>\n","protected":false},"author":4,"featured_media":0,"parent":0,"menu_order":5,"comment_status":"closed","ping_status":"closed","template":"","meta":{"_acf_changed":false,"footnotes":""},"class_list":["post-21297","page","type-page","status-publish","hentry"],"acf":false,"yoast_head":"<!-- This site is optimized with the Yoast SEO plugin v27.2 - https:\/\/yoast.com\/product\/yoast-seo-wordpress\/ -->\n<title>Brunch - LaSpa Laulasmaa<\/title>\n<meta name=\"robots\" content=\"index, follow, max-snippet:-1, max-image-preview:large, max-video-preview:-1\" \/>\n<link rel=\"canonical\" href=\"https:\/\/www.laspa.ee\/et\/erimenuu\/\" \/>\n<meta property=\"og:locale\" content=\"et_EE\" \/>\n<meta property=\"og:type\" content=\"article\" \/>\n<meta property=\"og:title\" content=\"Brunch - LaSpa Laulasmaa\" \/>\n<meta property=\"og:description\" content=\"Buffet laua men\u00fc\u00fc, mis on hinna sees Hummus ja karulaugu\u00f5liKanamaksapasteet, sibulamoosKrevetisalat, kurk ja tsitrusemajoMarineeritud s\u00e4inas, s\u00e4inamajoSuitsusink, hapukurkN\u00f5mmiku talu juustSparglipirukasRoheline lehtsalatWicca leivakorv \u2013 koorikleib, hapusai, focacciaVahustatud v\u00f5i VanillikreemikorvikeMarjavahtPuuviljad Maitsevesi Lisatasu eest on v\u00f5imalik osta: Ahjuomlett juustuga, kirsstomatid, rukola 12\u20acEgg benedict 14\u20ac\u2013 forelliga\u2013 peekoniga Pannkoogid\u2013 forellimari, hapukoorevaht, roheline sibul 16\u20ac\u2013 j\u00e4\u00e4tis, marjakompott, soolakaramellikaste 8\u20ac Joogid Wicca limonaad [&hellip;]\" \/>\n<meta property=\"og:url\" content=\"https:\/\/www.laspa.ee\/et\/erimenuu\/\" \/>\n<meta property=\"og:site_name\" content=\"LaSpa Laulasmaa\" \/>\n<meta property=\"article:publisher\" content=\"https:\/\/www.facebook.com\/LaSpaLaulasmaa\" \/>\n<meta property=\"article:modified_time\" content=\"2026-04-14T12:10:26+00:00\" \/>\n<meta property=\"og:image\" content=\"https:\/\/www.laspa.ee\/wp-content\/uploads\/2025\/04\/erreger.jpg\" \/>\n\t<meta property=\"og:image:width\" content=\"2048\" \/>\n\t<meta property=\"og:image:height\" content=\"1152\" \/>\n\t<meta property=\"og:image:type\" content=\"image\/jpeg\" \/>\n<meta name=\"twitter:card\" content=\"summary_large_image\" \/>\n<meta name=\"twitter:label1\" content=\"Est. reading time\" \/>\n\t<meta name=\"twitter:data1\" content=\"1 minut\" \/>\n<script type=\"application\/ld+json\" class=\"yoast-schema-graph\">{\"@context\":\"https:\/\/schema.org\",\"@graph\":[{\"@type\":\"WebPage\",\"@id\":\"https:\/\/www.laspa.ee\/et\/erimenuu\/\",\"url\":\"https:\/\/www.laspa.ee\/et\/erimenuu\/\",\"name\":\"Brunch - LaSpa Laulasmaa\",\"isPartOf\":{\"@id\":\"https:\/\/www.laspa.ee\/et\/#website\"},\"primaryImageOfPage\":{\"@id\":\"https:\/\/www.laspa.ee\/et\/erimenuu\/#primaryimage\"},\"image\":{\"@id\":\"https:\/\/www.laspa.ee\/et\/erimenuu\/#primaryimage\"},\"thumbnailUrl\":\"https:\/\/www.laspa.ee\/wp-content\/uploads\/2025\/04\/erreger-1150x647.jpg\",\"datePublished\":\"2026-01-26T18:10:14+00:00\",\"dateModified\":\"2026-04-14T12:10:26+00:00\",\"breadcrumb\":{\"@id\":\"https:\/\/www.laspa.ee\/et\/erimenuu\/#breadcrumb\"},\"inLanguage\":\"et\",\"potentialAction\":[{\"@type\":\"ReadAction\",\"target\":[\"https:\/\/www.laspa.ee\/et\/erimenuu\/\"]}]},{\"@type\":\"ImageObject\",\"inLanguage\":\"et\",\"@id\":\"https:\/\/www.laspa.ee\/et\/erimenuu\/#primaryimage\",\"url\":\"https:\/\/www.laspa.ee\/wp-content\/uploads\/2025\/04\/erreger-1150x647.jpg\",\"contentUrl\":\"https:\/\/www.laspa.ee\/wp-content\/uploads\/2025\/04\/erreger-1150x647.jpg\"},{\"@type\":\"BreadcrumbList\",\"@id\":\"https:\/\/www.laspa.ee\/et\/erimenuu\/#breadcrumb\",\"itemListElement\":[{\"@type\":\"ListItem\",\"position\":1,\"name\":\"Home\",\"item\":\"https:\/\/www.laspa.ee\/et\/\"},{\"@type\":\"ListItem\",\"position\":2,\"name\":\"Brunch\"}]},{\"@type\":\"WebSite\",\"@id\":\"https:\/\/www.laspa.ee\/et\/#website\",\"url\":\"https:\/\/www.laspa.ee\/et\/\",\"name\":\"LaSpa Laulasmaa\",\"description\":\"Wellbeing by nature\",\"potentialAction\":[{\"@type\":\"SearchAction\",\"target\":{\"@type\":\"EntryPoint\",\"urlTemplate\":\"https:\/\/www.laspa.ee\/et\/?s={search_term_string}\"},\"query-input\":{\"@type\":\"PropertyValueSpecification\",\"valueRequired\":true,\"valueName\":\"search_term_string\"}}],\"inLanguage\":\"et\"}]}<\/script>\n<!-- \/ Yoast SEO plugin. -->","yoast_head_json":{"title":"Brunch - LaSpa Laulasmaa","robots":{"index":"index","follow":"follow","max-snippet":"max-snippet:-1","max-image-preview":"max-image-preview:large","max-video-preview":"max-video-preview:-1"},"canonical":"https:\/\/www.laspa.ee\/et\/erimenuu\/","og_locale":"et_EE","og_type":"article","og_title":"Brunch - LaSpa Laulasmaa","og_description":"Buffet laua men\u00fc\u00fc, mis on hinna sees Hummus ja karulaugu\u00f5liKanamaksapasteet, sibulamoosKrevetisalat, kurk ja tsitrusemajoMarineeritud s\u00e4inas, s\u00e4inamajoSuitsusink, hapukurkN\u00f5mmiku talu juustSparglipirukasRoheline lehtsalatWicca leivakorv \u2013 koorikleib, hapusai, focacciaVahustatud v\u00f5i VanillikreemikorvikeMarjavahtPuuviljad Maitsevesi Lisatasu eest on v\u00f5imalik osta: Ahjuomlett juustuga, kirsstomatid, rukola 12\u20acEgg benedict 14\u20ac\u2013 forelliga\u2013 peekoniga Pannkoogid\u2013 forellimari, hapukoorevaht, roheline sibul 16\u20ac\u2013 j\u00e4\u00e4tis, marjakompott, soolakaramellikaste 8\u20ac Joogid Wicca limonaad [&hellip;]","og_url":"https:\/\/www.laspa.ee\/et\/erimenuu\/","og_site_name":"LaSpa Laulasmaa","article_publisher":"https:\/\/www.facebook.com\/LaSpaLaulasmaa","article_modified_time":"2026-04-14T12:10:26+00:00","og_image":[{"width":2048,"height":1152,"url":"https:\/\/www.laspa.ee\/wp-content\/uploads\/2025\/04\/erreger.jpg","type":"image\/jpeg"}],"twitter_card":"summary_large_image","twitter_misc":{"Est. reading time":"1 minut"},"schema":{"@context":"https:\/\/schema.org","@graph":[{"@type":"WebPage","@id":"https:\/\/www.laspa.ee\/et\/erimenuu\/","url":"https:\/\/www.laspa.ee\/et\/erimenuu\/","name":"Brunch - LaSpa Laulasmaa","isPartOf":{"@id":"https:\/\/www.laspa.ee\/et\/#website"},"primaryImageOfPage":{"@id":"https:\/\/www.laspa.ee\/et\/erimenuu\/#primaryimage"},"image":{"@id":"https:\/\/www.laspa.ee\/et\/erimenuu\/#primaryimage"},"thumbnailUrl":"https:\/\/www.laspa.ee\/wp-content\/uploads\/2025\/04\/erreger-1150x647.jpg","datePublished":"2026-01-26T18:10:14+00:00","dateModified":"2026-04-14T12:10:26+00:00","breadcrumb":{"@id":"https:\/\/www.laspa.ee\/et\/erimenuu\/#breadcrumb"},"inLanguage":"et","potentialAction":[{"@type":"ReadAction","target":["https:\/\/www.laspa.ee\/et\/erimenuu\/"]}]},{"@type":"ImageObject","inLanguage":"et","@id":"https:\/\/www.laspa.ee\/et\/erimenuu\/#primaryimage","url":"https:\/\/www.laspa.ee\/wp-content\/uploads\/2025\/04\/erreger-1150x647.jpg","contentUrl":"https:\/\/www.laspa.ee\/wp-content\/uploads\/2025\/04\/erreger-1150x647.jpg"},{"@type":"BreadcrumbList","@id":"https:\/\/www.laspa.ee\/et\/erimenuu\/#breadcrumb","itemListElement":[{"@type":"ListItem","position":1,"name":"Home","item":"https:\/\/www.laspa.ee\/et\/"},{"@type":"ListItem","position":2,"name":"Brunch"}]},{"@type":"WebSite","@id":"https:\/\/www.laspa.ee\/et\/#website","url":"https:\/\/www.laspa.ee\/et\/","name":"LaSpa Laulasmaa","description":"Wellbeing by nature","potentialAction":[{"@type":"SearchAction","target":{"@type":"EntryPoint","urlTemplate":"https:\/\/www.laspa.ee\/et\/?s={search_term_string}"},"query-input":{"@type":"PropertyValueSpecification","valueRequired":true,"valueName":"search_term_string"}}],"inLanguage":"et"}]}},"_links":{"self":[{"href":"https:\/\/www.laspa.ee\/et\/wp-json\/wp\/v2\/pages\/21297","targetHints":{"allow":["GET"]}}],"collection":[{"href":"https:\/\/www.laspa.ee\/et\/wp-json\/wp\/v2\/pages"}],"about":[{"href":"https:\/\/www.laspa.ee\/et\/wp-json\/wp\/v2\/types\/page"}],"author":[{"embeddable":true,"href":"https:\/\/www.laspa.ee\/et\/wp-json\/wp\/v2\/users\/4"}],"replies":[{"embeddable":true,"href":"https:\/\/www.laspa.ee\/et\/wp-json\/wp\/v2\/comments?post=21297"}],"version-history":[{"count":16,"href":"https:\/\/www.laspa.ee\/et\/wp-json\/wp\/v2\/pages\/21297\/revisions"}],"predecessor-version":[{"id":21912,"href":"https:\/\/www.laspa.ee\/et\/wp-json\/wp\/v2\/pages\/21297\/revisions\/21912"}],"wp:attachment":[{"href":"https:\/\/www.laspa.ee\/et\/wp-json\/wp\/v2\/media?parent=21297"}],"curies":[{"name":"wp","href":"https:\/\/api.w.org\/{rel}","templated":true}]}}