{"id":21323,"date":"2026-01-28T18:23:22","date_gmt":"2026-01-28T16:23:22","guid":{"rendered":"https:\/\/www.laspa.ee\/?page_id=21323"},"modified":"2026-01-28T19:07:46","modified_gmt":"2026-01-28T17:07:46","slug":"kkk","status":"publish","type":"page","link":"https:\/\/www.laspa.ee\/et\/kkk\/","title":{"rendered":"kkk"},"content":{"rendered":"\n<div class=\"wp-block-cover alignfull is-light\" style=\"min-height:334px;aspect-ratio:unset;\"><img loading=\"lazy\" decoding=\"async\" width=\"1150\" height=\"739\" class=\"wp-block-cover__image-background wp-image-21263 size-large\" alt=\"LaSpa koosolekud looduse keskel\" src=\"https:\/\/www.laspa.ee\/wp-content\/uploads\/2026\/01\/Uudiskiri-jaanuar-2026-EE-3-1150x739.jpg\" data-object-fit=\"cover\" srcset=\"https:\/\/www.laspa.ee\/wp-content\/uploads\/2026\/01\/Uudiskiri-jaanuar-2026-EE-3-1150x739.jpg 1150w, https:\/\/www.laspa.ee\/wp-content\/uploads\/2026\/01\/Uudiskiri-jaanuar-2026-EE-3-300x193.jpg 300w, https:\/\/www.laspa.ee\/wp-content\/uploads\/2026\/01\/Uudiskiri-jaanuar-2026-EE-3-768x494.jpg 768w, https:\/\/www.laspa.ee\/wp-content\/uploads\/2026\/01\/Uudiskiri-jaanuar-2026-EE-3-1536x987.jpg 1536w, https:\/\/www.laspa.ee\/wp-content\/uploads\/2026\/01\/Uudiskiri-jaanuar-2026-EE-3-800x514.jpg 800w, https:\/\/www.laspa.ee\/wp-content\/uploads\/2026\/01\/Uudiskiri-jaanuar-2026-EE-3.jpg 2048w\" sizes=\"auto, (max-width: 1150px) 100vw, 1150px\" \/><span aria-hidden=\"true\" class=\"wp-block-cover__background has-background-dim-0 has-background-dim\" style=\"background-color:#9f938c\"><\/span><div class=\"wp-block-cover__inner-container is-layout-flow wp-block-cover-is-layout-flow\">\n<h1 class=\"wp-block-heading has-text-align-center has-white-color has-text-color\">Korduma kippuvad k\u00fcsimused<\/h1>\n<\/div><\/div>\n\n\n\n<div class=\"wp-block-columns alignwide is-layout-flex wp-container-corecolumns-is-layout-9d6595d7 wp-block-columns-is-layout-flex\">\n<div class=\"wp-block-column is-layout-flow wp-block-column-is-layout-flow\" style=\"flex-basis:100%\">\n<h3 class=\"wp-block-heading\">Mis kell on hommikus\u00f6\u00f6k?<\/h3>\n\n\n\n<p>Hommikus\u00f6\u00f6ki serveeritakse restoranis K\u00e4bi.<br>Esmasp\u00e4evast reedeni kell 07:00\u201310:00.<br>Laup\u00e4eviti ja p\u00fchap\u00e4eviti kell 07:30\u201311:00.<\/p>\n\n\n\n<h3 class=\"wp-block-heading\">Mis on vee- ja saunakeskuse avamisajad?<\/h3>\n\n\n\n<p>Vee- ja saunakeskus on avatud iga p\u00e4ev kell 09:00\u201322:00.<br>Vee- ja saunakeskuse k\u00fclastus kuulub alati Sinu majutuse hinna sisse, nii et saad l\u00f5\u00f5gastuda igal p\u00e4eval ilma lisatasuta. Vee- ja saunakeskusesse v\u00f5tta toast kaasa r\u00e4tik. <\/p>\n\n\n\n<h3 class=\"wp-block-heading\">Millised on basseinide temperatuurid?<\/h3>\n\n\n\n<p>LaSpa vee- ja saunakeskuses ootavad Sind 6 basseini:<\/p>\n\n\n\n<p>20-meetrine ujumisbassein \u2013 vesi umbes 29 \u00b0C, sobib nii suplemiseks kui ujumistreeninguks.<br>Vastuvoolu bassein \u2013 vesi umbes 32 \u00b0C, et nautida nii m\u00e4ngu kui vastuvoolu treeningut.<br>Lastebassein \u2013 vesi umbes 32 \u00b0C, ideaalne v\u00e4ikestele pereliikmetele.<br>Mullivann ja massaa\u017eibassein \u2013 vesi umbes 32 \u00b0C, et keha ja meeli rahustada.<br>Jaapani vann \u2013 vesi umbes 41 \u00b0C, et keha s\u00fcgavalt soojendada ja l\u00f5\u00f5gastada.<br>V\u00e4libassein \u2013 vesi umbes 20 \u00b0C, mis on v\u00e4rskendav p\u00e4rast saunakaudu.<\/p>\n\n\n\n<h3 class=\"wp-block-heading\">Kas igas toas on hommikumantlid?<\/h3>\n\n\n\n<p>Jah. Hommikumantlid on Sinu toas ning k\u00f5igile k\u00fclalistele kasutamiseks kogu majutuse ajal.<\/p>\n\n\n\n<h3 class=\"wp-block-heading\">Mis on Naudi LaSpa heaoluspaa?<\/h3>\n\n\n\n<p>Naudi LaSpa heaoluspaa on vaikne ja rahulik ala s\u00fcgavaks l\u00f5\u00f5gastumiseks ja taastumiseks. Siin kohtuvad teadlik puudutus, loodusest inspireeritud hoolitsused ja aeglane tempo.<\/p>\n\n\n\n<p>Naudi LaSpa pakub mitmekesist valikut massaa\u017ee, n\u00e4o- ja kehahoolitsusi ning rituaale, mis toetavad nii f\u00fc\u00fcsilist kui vaimset heaolu. Hoolitsused viiakse l\u00e4bi professionaalsete terapeutide poolt ning p\u00f5hinevad kvaliteetsetel ja hoolikalt valitud toodetel. Soovitame hoolitsused ette broneerida, et tagada sobiv aeg ja rahulik kogemus. Broneeri hoolitsused <a href=\"https:\/\/www.laspa.ee\/et\/naudi-spaa\/koik\/\">siin.<\/a><\/p>\n\n\n\n<h3 class=\"wp-block-heading\">Kas pered on LaSpasse oodatud?<\/h3>\n\n\n\n<p>Pered on LaSpasse v\u00e4ga oodatud. Meie vee- ja saunakeskus on soe ja turvaline keskkond nii v\u00e4ikestele kui suurematele \u2013 iga\u00fcks leiab endale sobiva vee- v\u00f5i l\u00f5\u00f5gastusala.<\/p>\n\n\n\n<h3 class=\"wp-block-heading\">Kas LaSpas toimuvad saunarituaalid?<\/h3>\n\n\n\n<p>Jah. Saunarituaalid on juhendatud saunameistrite poolt ning pakuvad teadlikku ja rahulikku saunaelamust saunakultuuri p\u00f5hialuste kaudu. Rituaalid \u00fchendavad leili, aroome ja meelte puhkamist.<\/p>\n\n\n\n<h3 class=\"wp-block-heading\">Millised saunarituaalid toimuvad?<\/h3>\n\n\n\n<p>LaSpas toimuvad j\u00e4rgmised rituaalid:<\/p>\n\n\n\n<p>Leilirituaal \u2013 klassikaline rituaal puuk\u00fcttega v\u00e4lisaunas, kus leil ja vihtlemine ergutavad vereringet.<br>Aroomirituaal \u2013 rituaal aroomisaunas, kus looduslikud l\u00f5hnad ja pehme leil loovad tasakaalu.<br>Soola- ja meerituaal \u2013 rituaal, mis \u00fchendab soola kooriva ja mee niisutava toime, et keha ja nahk oleksid pehmed ja v\u00e4rsked.<\/p>\n\n\n\n<h3 class=\"wp-block-heading\">Millal saunarituaalid toimuvad?<\/h3>\n\n\n\n<p>Saunarituaalid toimuvad:<\/p>\n\n\n\n<p>Teisip\u00e4eviti ja reedeti<br>18:00 \u2013 leilirituaal<br>19:00 \u2013 aroomirituaal<br>20:00 \u2013 soola- ja meerituaal<\/p>\n\n\n\n<p>Laup\u00e4eviti<br>17:00 \u2013 leilirituaal<br>18:00 \u2013 aroomirituaal<br>19:00 \u2013 leilirituaal<br>20:00 \u2013 soola- ja meerituaal<\/p>\n\n\n\n<p>Iga rituaali kestus on ligikaudu 10\u201315 minutit ning soovitame saabuda veidi enne algust, et r\u00fctmisse sisse elada.<\/p>\n\n\n\n<h3 class=\"wp-block-heading\">Millised on restoranide avamisajad?<\/h3>\n\n\n\n<p>LaSpas ootavad Sind MICHELIN Guide soovitatud gurmeerestoran Wicca ja kogupererestoran Liiv. <\/p>\n\n\n\n<p><strong>Restoran Wicca<\/strong><br>Teisip\u00e4ev\u2013neljap\u00e4ev: 17:00\u201322:00<br>Reede\u2013laup\u00e4ev: 17:00\u201323:00<br>P\u00fchap\u00e4ev: 17:00\u201322:00<br>(Restoran on esmasp\u00e4eviti suletud.)<\/p>\n\n\n\n<p><strong>Restoran Liiv<\/strong><br>Esmasp\u00e4ev\u2013neljap\u00e4ev: 10:00\u201322:00<br>Reede: 10:00\u201323:00<br>Laup\u00e4ev: 11:00\u201323:00<br>P\u00fchap\u00e4ev: 11:00\u201322:00<br>K\u00f6\u00f6k on avatud alates kell 12:00.<\/p>\n\n\n\n<h3 class=\"wp-block-heading\">Kas LaSpas on ka elav muusika?<\/h3>\n\n\n\n<p>Jah. LaSpa armastab muusikat ning elav muusika on loomulik osa meie \u00f5htutest.<\/p>\n\n\n\n<p>Igal <strong>reedel ja laup\u00e4eval<\/strong> toimuvad LaSpas elava muusika esinemised:<br>\u2013 <strong>Reedeti restoranis Liiv<\/strong> kell <strong>18:00, 19:00 ja 20:00<\/strong><br>\u2013 <strong>Laup\u00e4eviti restoranis Wicca<\/strong> kell <strong>18:00, 19:00 ja 20:00<\/strong><\/p>\n\n\n\n<p>Suvehooajal t\u00e4itub LaSpa \u00f5htuti muusikaga ka vabas \u00f5hus. <strong>Igal suve\u00f5htul<\/strong> toimuvad kontserdid restorani Liiv terrassil <strong>LaSpa Acoustic<\/strong> suvekontsertide sarja raames. <\/p>\n\n\n\n<h3 class=\"wp-block-heading\">Mis on j\u00f5usaali avamisajad?<\/h3>\n\n\n\n<p>LaSpa j\u00f5usaal on avatud iga p\u00e4ev kell 07:00\u201322:00 <\/p>\n\n\n\n<h3 class=\"wp-block-heading\">Kas LaSpas toimuvad treeningud?<\/h3>\n\n\n\n<p>Jah. LaSpas toimuvad periooditi juhendatud treeningud, sh joogatunnid, mis on majutuvale k\u00fclalisele tasuta. Treeningute toimumise ajad leiad <a href=\"https:\/\/www.laspa.ee\/et\/treeningud\/\">siit.<\/a><\/p>\n\n\n\n<h3 class=\"wp-block-heading\">Kust saan lisainfot v\u00f5i abi?<\/h3>\n\n\n\n<p>K\u00f5ige vahetumalt aitab sind hotelli vastuv\u00f5tt v\u00f5i vee- ja saunakeskuse teeninduslett. Meie meeskond on alati valmis Sulle n\u00f5u andma.<\/p>\n<\/div>\n<\/div>\n","protected":false},"excerpt":{"rendered":"<p>Mis kell on hommikus\u00f6\u00f6k? Hommikus\u00f6\u00f6ki serveeritakse restoranis K\u00e4bi.Esmasp\u00e4evast reedeni kell 07:00\u201310:00.Laup\u00e4eviti ja p\u00fchap\u00e4eviti kell 07:30\u201311:00. Mis on vee- ja saunakeskuse avamisajad? Vee- ja saunakeskus on avatud iga p\u00e4ev kell 09:00\u201322:00.Vee- ja saunakeskuse k\u00fclastus kuulub alati Sinu majutuse hinna sisse, nii et saad l\u00f5\u00f5gastuda igal p\u00e4eval ilma lisatasuta. Vee- ja saunakeskusesse v\u00f5tta toast kaasa r\u00e4tik. Millised [&hellip;]<\/p>\n","protected":false},"author":4,"featured_media":0,"parent":0,"menu_order":6,"comment_status":"closed","ping_status":"closed","template":"","meta":{"_acf_changed":false,"footnotes":""},"class_list":["post-21323","page","type-page","status-publish","hentry"],"acf":false,"yoast_head":"<!-- This site is optimized with the Yoast SEO plugin v27.4 - https:\/\/yoast.com\/product\/yoast-seo-wordpress\/ -->\n<title>kkk - LaSpa Laulasmaa<\/title>\n<meta name=\"description\" content=\"K\u00f5ik, mida on hea teada LaSpas viibides \u2013 hommikus\u00f6\u00f6k, spaad ja saunad, basseinid, rituaalid, restoranid ja liikumine.\" \/>\n<meta name=\"robots\" content=\"index, follow, max-snippet:-1, max-image-preview:large, max-video-preview:-1\" \/>\n<link rel=\"canonical\" href=\"https:\/\/www.laspa.ee\/et\/kkk\/\" \/>\n<meta property=\"og:locale\" content=\"et_EE\" \/>\n<meta property=\"og:type\" content=\"article\" \/>\n<meta property=\"og:title\" content=\"kkk - LaSpa Laulasmaa\" \/>\n<meta property=\"og:description\" content=\"K\u00f5ik, mida on hea teada LaSpas viibides \u2013 hommikus\u00f6\u00f6k, spaad ja saunad, basseinid, rituaalid, restoranid ja liikumine.\" \/>\n<meta property=\"og:url\" content=\"https:\/\/www.laspa.ee\/et\/kkk\/\" \/>\n<meta property=\"og:site_name\" content=\"LaSpa Laulasmaa\" \/>\n<meta property=\"article:publisher\" content=\"https:\/\/www.facebook.com\/LaSpaLaulasmaa\" \/>\n<meta property=\"article:modified_time\" content=\"2026-01-28T17:07:46+00:00\" \/>\n<meta property=\"og:image\" content=\"https:\/\/www.laspa.ee\/wp-content\/uploads\/2026\/01\/Uudiskiri-jaanuar-2026-EE-3.jpg\" \/>\n\t<meta property=\"og:image:width\" content=\"2048\" \/>\n\t<meta property=\"og:image:height\" content=\"1316\" \/>\n\t<meta property=\"og:image:type\" content=\"image\/jpeg\" \/>\n<meta name=\"twitter:card\" content=\"summary_large_image\" \/>\n<meta name=\"twitter:label1\" content=\"Est. reading time\" \/>\n\t<meta name=\"twitter:data1\" content=\"3 minutit\" \/>\n<script type=\"application\/ld+json\" class=\"yoast-schema-graph\">{\"@context\":\"https:\\\/\\\/schema.org\",\"@graph\":[{\"@type\":\"WebPage\",\"@id\":\"https:\\\/\\\/www.laspa.ee\\\/et\\\/kkk\\\/\",\"url\":\"https:\\\/\\\/www.laspa.ee\\\/et\\\/kkk\\\/\",\"name\":\"kkk - LaSpa Laulasmaa\",\"isPartOf\":{\"@id\":\"https:\\\/\\\/www.laspa.ee\\\/et\\\/#website\"},\"primaryImageOfPage\":{\"@id\":\"https:\\\/\\\/www.laspa.ee\\\/et\\\/kkk\\\/#primaryimage\"},\"image\":{\"@id\":\"https:\\\/\\\/www.laspa.ee\\\/et\\\/kkk\\\/#primaryimage\"},\"thumbnailUrl\":\"https:\\\/\\\/www.laspa.ee\\\/wp-content\\\/uploads\\\/2026\\\/01\\\/Uudiskiri-jaanuar-2026-EE-3-1150x739.jpg\",\"datePublished\":\"2026-01-28T16:23:22+00:00\",\"dateModified\":\"2026-01-28T17:07:46+00:00\",\"description\":\"K\u00f5ik, mida on hea teada LaSpas viibides \u2013 hommikus\u00f6\u00f6k, spaad ja saunad, basseinid, rituaalid, restoranid ja liikumine.\",\"breadcrumb\":{\"@id\":\"https:\\\/\\\/www.laspa.ee\\\/et\\\/kkk\\\/#breadcrumb\"},\"inLanguage\":\"et\",\"potentialAction\":[{\"@type\":\"ReadAction\",\"target\":[\"https:\\\/\\\/www.laspa.ee\\\/et\\\/kkk\\\/\"]}]},{\"@type\":\"ImageObject\",\"inLanguage\":\"et\",\"@id\":\"https:\\\/\\\/www.laspa.ee\\\/et\\\/kkk\\\/#primaryimage\",\"url\":\"https:\\\/\\\/www.laspa.ee\\\/wp-content\\\/uploads\\\/2026\\\/01\\\/Uudiskiri-jaanuar-2026-EE-3-1150x739.jpg\",\"contentUrl\":\"https:\\\/\\\/www.laspa.ee\\\/wp-content\\\/uploads\\\/2026\\\/01\\\/Uudiskiri-jaanuar-2026-EE-3-1150x739.jpg\"},{\"@type\":\"BreadcrumbList\",\"@id\":\"https:\\\/\\\/www.laspa.ee\\\/et\\\/kkk\\\/#breadcrumb\",\"itemListElement\":[{\"@type\":\"ListItem\",\"position\":1,\"name\":\"Home\",\"item\":\"https:\\\/\\\/www.laspa.ee\\\/et\\\/\"},{\"@type\":\"ListItem\",\"position\":2,\"name\":\"kkk\"}]},{\"@type\":\"WebSite\",\"@id\":\"https:\\\/\\\/www.laspa.ee\\\/et\\\/#website\",\"url\":\"https:\\\/\\\/www.laspa.ee\\\/et\\\/\",\"name\":\"LaSpa Laulasmaa\",\"description\":\"Wellbeing by nature\",\"potentialAction\":[{\"@type\":\"SearchAction\",\"target\":{\"@type\":\"EntryPoint\",\"urlTemplate\":\"https:\\\/\\\/www.laspa.ee\\\/et\\\/?s={search_term_string}\"},\"query-input\":{\"@type\":\"PropertyValueSpecification\",\"valueRequired\":true,\"valueName\":\"search_term_string\"}}],\"inLanguage\":\"et\"}]}<\/script>\n<!-- \/ Yoast SEO plugin. -->","yoast_head_json":{"title":"kkk - LaSpa Laulasmaa","description":"K\u00f5ik, mida on hea teada LaSpas viibides \u2013 hommikus\u00f6\u00f6k, spaad ja saunad, basseinid, rituaalid, restoranid ja liikumine.","robots":{"index":"index","follow":"follow","max-snippet":"max-snippet:-1","max-image-preview":"max-image-preview:large","max-video-preview":"max-video-preview:-1"},"canonical":"https:\/\/www.laspa.ee\/et\/kkk\/","og_locale":"et_EE","og_type":"article","og_title":"kkk - LaSpa Laulasmaa","og_description":"K\u00f5ik, mida on hea teada LaSpas viibides \u2013 hommikus\u00f6\u00f6k, spaad ja saunad, basseinid, rituaalid, restoranid ja liikumine.","og_url":"https:\/\/www.laspa.ee\/et\/kkk\/","og_site_name":"LaSpa Laulasmaa","article_publisher":"https:\/\/www.facebook.com\/LaSpaLaulasmaa","article_modified_time":"2026-01-28T17:07:46+00:00","og_image":[{"width":2048,"height":1316,"url":"https:\/\/www.laspa.ee\/wp-content\/uploads\/2026\/01\/Uudiskiri-jaanuar-2026-EE-3.jpg","type":"image\/jpeg"}],"twitter_card":"summary_large_image","twitter_misc":{"Est. reading time":"3 minutit"},"schema":{"@context":"https:\/\/schema.org","@graph":[{"@type":"WebPage","@id":"https:\/\/www.laspa.ee\/et\/kkk\/","url":"https:\/\/www.laspa.ee\/et\/kkk\/","name":"kkk - LaSpa Laulasmaa","isPartOf":{"@id":"https:\/\/www.laspa.ee\/et\/#website"},"primaryImageOfPage":{"@id":"https:\/\/www.laspa.ee\/et\/kkk\/#primaryimage"},"image":{"@id":"https:\/\/www.laspa.ee\/et\/kkk\/#primaryimage"},"thumbnailUrl":"https:\/\/www.laspa.ee\/wp-content\/uploads\/2026\/01\/Uudiskiri-jaanuar-2026-EE-3-1150x739.jpg","datePublished":"2026-01-28T16:23:22+00:00","dateModified":"2026-01-28T17:07:46+00:00","description":"K\u00f5ik, mida on hea teada LaSpas viibides \u2013 hommikus\u00f6\u00f6k, spaad ja saunad, basseinid, rituaalid, restoranid ja liikumine.","breadcrumb":{"@id":"https:\/\/www.laspa.ee\/et\/kkk\/#breadcrumb"},"inLanguage":"et","potentialAction":[{"@type":"ReadAction","target":["https:\/\/www.laspa.ee\/et\/kkk\/"]}]},{"@type":"ImageObject","inLanguage":"et","@id":"https:\/\/www.laspa.ee\/et\/kkk\/#primaryimage","url":"https:\/\/www.laspa.ee\/wp-content\/uploads\/2026\/01\/Uudiskiri-jaanuar-2026-EE-3-1150x739.jpg","contentUrl":"https:\/\/www.laspa.ee\/wp-content\/uploads\/2026\/01\/Uudiskiri-jaanuar-2026-EE-3-1150x739.jpg"},{"@type":"BreadcrumbList","@id":"https:\/\/www.laspa.ee\/et\/kkk\/#breadcrumb","itemListElement":[{"@type":"ListItem","position":1,"name":"Home","item":"https:\/\/www.laspa.ee\/et\/"},{"@type":"ListItem","position":2,"name":"kkk"}]},{"@type":"WebSite","@id":"https:\/\/www.laspa.ee\/et\/#website","url":"https:\/\/www.laspa.ee\/et\/","name":"LaSpa Laulasmaa","description":"Wellbeing by nature","potentialAction":[{"@type":"SearchAction","target":{"@type":"EntryPoint","urlTemplate":"https:\/\/www.laspa.ee\/et\/?s={search_term_string}"},"query-input":{"@type":"PropertyValueSpecification","valueRequired":true,"valueName":"search_term_string"}}],"inLanguage":"et"}]}},"_links":{"self":[{"href":"https:\/\/www.laspa.ee\/et\/wp-json\/wp\/v2\/pages\/21323","targetHints":{"allow":["GET"]}}],"collection":[{"href":"https:\/\/www.laspa.ee\/et\/wp-json\/wp\/v2\/pages"}],"about":[{"href":"https:\/\/www.laspa.ee\/et\/wp-json\/wp\/v2\/types\/page"}],"author":[{"embeddable":true,"href":"https:\/\/www.laspa.ee\/et\/wp-json\/wp\/v2\/users\/4"}],"replies":[{"embeddable":true,"href":"https:\/\/www.laspa.ee\/et\/wp-json\/wp\/v2\/comments?post=21323"}],"version-history":[{"count":4,"href":"https:\/\/www.laspa.ee\/et\/wp-json\/wp\/v2\/pages\/21323\/revisions"}],"predecessor-version":[{"id":21356,"href":"https:\/\/www.laspa.ee\/et\/wp-json\/wp\/v2\/pages\/21323\/revisions\/21356"}],"wp:attachment":[{"href":"https:\/\/www.laspa.ee\/et\/wp-json\/wp\/v2\/media?parent=21323"}],"curies":[{"name":"wp","href":"https:\/\/api.w.org\/{rel}","templated":true}]}}