{"id":21639,"date":"2026-03-17T23:51:44","date_gmt":"2026-03-17T21:51:44","guid":{"rendered":"https:\/\/www.laspa.ee\/?page_id=21639"},"modified":"2026-03-17T23:55:42","modified_gmt":"2026-03-17T21:55:42","slug":"vastuvotu-oo-administraator","status":"publish","type":"page","link":"https:\/\/www.laspa.ee\/et\/vastuvotu-oo-administraator\/","title":{"rendered":"Vastuv\u00f5tu \u00f6\u00f6 administraator"},"content":{"rendered":"\n<div class=\"wp-block-cover alignfull is-light\"><img loading=\"lazy\" decoding=\"async\" width=\"1816\" height=\"2420\" class=\"wp-block-cover__image-background wp-image-11632\" alt=\"\" src=\"https:\/\/www.laspa.ee\/wp-content\/uploads\/2022\/09\/Image1693-copy4.jpg\" style=\"object-position:51% 54%\" data-object-fit=\"cover\" data-object-position=\"51% 54%\" srcset=\"https:\/\/www.laspa.ee\/wp-content\/uploads\/2022\/09\/Image1693-copy4.jpg 1816w, https:\/\/www.laspa.ee\/wp-content\/uploads\/2022\/09\/Image1693-copy4-225x300.jpg 225w, https:\/\/www.laspa.ee\/wp-content\/uploads\/2022\/09\/Image1693-copy4-863x1150.jpg 863w, https:\/\/www.laspa.ee\/wp-content\/uploads\/2022\/09\/Image1693-copy4-768x1023.jpg 768w, https:\/\/www.laspa.ee\/wp-content\/uploads\/2022\/09\/Image1693-copy4-1153x1536.jpg 1153w, https:\/\/www.laspa.ee\/wp-content\/uploads\/2022\/09\/Image1693-copy4-1537x2048.jpg 1537w, https:\/\/www.laspa.ee\/wp-content\/uploads\/2022\/09\/Image1693-copy4-800x1066.jpg 800w\" sizes=\"auto, (max-width: 1816px) 100vw, 1816px\" \/><span aria-hidden=\"true\" class=\"wp-block-cover__background has-background-dim-20 has-background-dim\"><\/span><div class=\"wp-block-cover__inner-container is-layout-flow wp-block-cover-is-layout-flow\">\n<p class=\"has-text-align-center has-white-color has-text-color has-large-font-size\">Tule t\u00f6\u00f6le: Hotelli vastuv\u00f5tu (\u00f6\u00f6) administraator<\/p>\n<\/div><\/div>\n\n\n\n<div class=\"wp-block-columns alignfull is-layout-flex wp-container-corecolumns-is-layout-9d6595d7 wp-block-columns-is-layout-flex\">\n<div class=\"wp-block-column is-layout-flow wp-block-column-is-layout-flow\" style=\"flex-basis:100%\">\n<div class=\"wp-block-columns alignwide is-layout-flex wp-container-corecolumns-is-layout-9d6595d7 wp-block-columns-is-layout-flex\">\n<div class=\"wp-block-column is-layout-flow wp-block-column-is-layout-flow\" style=\"flex-basis:100%\">\n<div class=\"wp-block-columns is-layout-flex wp-container-corecolumns-is-layout-9d6595d7 wp-block-columns-is-layout-flex\">\n<div class=\"wp-block-column is-layout-flow wp-block-column-is-layout-flow\">\n<div class=\"wp-block-columns is-layout-flex wp-container-corecolumns-is-layout-9d6595d7 wp-block-columns-is-layout-flex\">\n<div class=\"wp-block-column is-layout-flow wp-block-column-is-layout-flow\">\n<h2 class=\"wp-block-heading\" id=\"laspa-laulasmaa-meeskonda-on-oodatud-toateenija\">Kas oled inimene, kelle jaoks k\u00fclalislahkus tuleb s\u00fcdamest ning kellele meeldib luua k\u00fclalistele meeldej\u00e4\u00e4vaid hetki juba esimesest tervitusest? <\/h2>\n\n\n\n<p>Hotelli vastuv\u00f5tt on hotelli s\u00fcda, kus kohtuvad erinevad lood, kultuurid ja inimesed \u00fcle maailma. Kui sulle meeldib suhelda, lahendada olukordi loovalt ning pakkuda teenindust, mis paneb k\u00fclalised end t\u00f5eliselt oodatuna tundma, siis oled just \u00f5iges kohas.<\/p>\n\n\n\n<p><strong>Sobid suurep\u00e4raselt<\/strong>, kui Sa naudid suhtlemist nii eesti kui ka inglise keeles, oskad luua meeldiva ja professionaalse \u00f5hkkonna ning oled valmis t\u00f6\u00f6tama graafiku alusel eelk\u00f5ige \u00f6istes vahetustes kell 20:00-08.00.<\/p>\n\n\n\n<p><strong>Pakume Sulle:<\/strong><\/p>\n\n\n\n<ul class=\"wp-block-list\">\n<li><strong>Paindlikku t\u00f6\u00f6aega<\/strong> (\u00f5htuti, n\u00e4dalavahetustel ja p\u00fchadel).<\/li>\n\n\n\n<li><strong>Majutust<\/strong> t\u00f6\u00f6vahetuste ajaks kaugemalt tulijatele.<\/li>\n\n\n\n<li><strong>Soodustusi<\/strong> sulle ja su pereliikmetele k\u00f5ikidelt LaSpa teenustelt.<\/li>\n\n\n\n<li>Soodsat <strong>toitlustust<\/strong> t\u00f6\u00f6p\u00e4evadel.<\/li>\n\n\n\n<li><strong>Tasuta vee- ja saunakeskuse<\/strong> ning <strong>j\u00f5usaali kasutust<\/strong>.<\/li>\n\n\n\n<li>Meeleolukaid <strong>\u00fchis\u00fcritusi<\/strong> ja <strong>sportlikke tegevusi<\/strong>.<\/li>\n\n\n\n<li>Ning mis peamine \u2013 <strong>kindlat<\/strong> ja <strong>stabiilset<\/strong> t\u00f6\u00f6kohta, <strong>toetavat<\/strong> t\u00f6\u00f6keskkonda ja <strong>s\u00f5bralikke <\/strong>kolleege.<\/li>\n<\/ul>\n\n\n\n<p>Kui Sina v\u00f5iksid olla meie hotelli s\u00fcda, siis tule ja loome \u00fcheskoos igale k\u00fclastajale meeldej\u00e4\u00e4va majutuskogemuse.<\/p>\n\n\n\n<p>Lisainfot k\u00fcsi vastuv\u00f5tujuhilt Olgalt <a href=\"mailto:olga.pivovarova@laspa.ee\" target=\"_blank\" rel=\"noreferrer noopener\">olga.pivovarova@laspa.ee<\/a> v\u00f5i telefonil 55558360<br><a href=\"Lisainfo: vastuv\u00f5tujuht Olga Pivovarova, tel. 55\u00a0558 360.\n\nKandideerimine: saada oma CV aadressile olga.pivovarova@laspa.ee v\u00f5i l\u00e4bi\nCV Keskuse\"><br><\/a>Kui oled valmis meie meeskonnaga liituma, anna oma soovist koos CV-ga teada e-postile: <a href=\"mailto:marika.taks@laspa.ee\"><\/a><a href=\"mailto:olga.pivovarova@laspa.ee\" target=\"_blank\" rel=\"noreferrer noopener\">olga.pivovarova@laspa.ee<\/a><\/p>\n\n\n\n<p><\/p>\n<\/div>\n<\/div>\n<\/div>\n<\/div>\n<\/div>\n<\/div>\n\n\n\n<div class=\"wp-block-edhotels-gallery custom-grid-gallery\"><div class=\"grid lightgallery\"><div data-src=\"https:\/\/www.laspa.ee\/wp-content\/uploads\/2023\/11\/Rannamaja-merevaade-2011234-2.jpg\" class=\"grid-item\"><img decoding=\"async\" src=\"https:\/\/www.laspa.ee\/wp-content\/uploads\/2023\/11\/Rannamaja-merevaade-2011234-2.jpg\" alt=\"\" data-id=\"16724\"\/><\/div><div data-src=\"https:\/\/www.laspa.ee\/wp-content\/uploads\/2020\/12\/kaupokalda-com-20181019-DJI_0699-scaled.jpg\" class=\"grid-item\"><img decoding=\"async\" src=\"https:\/\/www.laspa.ee\/wp-content\/uploads\/2020\/12\/kaupokalda-com-20181019-DJI_0699-1150x861.jpg\" alt=\"Laulasmaa beach I Laulasmaa spa hotel LaSpa\" data-id=\"1197\"\/><\/div><div data-src=\"https:\/\/www.laspa.ee\/wp-content\/uploads\/2024\/12\/LaSpa-peamaja-03112005.jpg\" class=\"grid-item\"><img decoding=\"async\" src=\"https:\/\/www.laspa.ee\/wp-content\/uploads\/2024\/12\/LaSpa-peamaja-03112005-1150x863.jpg\" alt=\"LaSoa rannamaja peamaja tuba\" data-id=\"21114\"\/><\/div><div data-src=\"https:\/\/www.laspa.ee\/wp-content\/uploads\/2023\/06\/standard_room_laspa-1150x691-23-2.jpg\" class=\"grid-item\"><img decoding=\"async\" src=\"https:\/\/www.laspa.ee\/wp-content\/uploads\/2023\/06\/standard_room_laspa-1150x691-23-2.jpg\" alt=\"LaSpa peamaja standardtuba\" data-id=\"15087\"\/><\/div><div data-src=\"https:\/\/www.laspa.ee\/wp-content\/uploads\/2021\/01\/laspa_lobby.jpg\" class=\"grid-item\"><img decoding=\"async\" src=\"https:\/\/www.laspa.ee\/wp-content\/uploads\/2021\/01\/laspa_lobby-1150x723.jpg\" alt=\"LaSpa Laulasmaa lobby I Laulasmaa spaa\" data-id=\"2139\"\/><\/div><div data-src=\"https:\/\/www.laspa.ee\/wp-content\/uploads\/2022\/08\/AE1.jpg\" class=\"grid-item\"><img decoding=\"async\" src=\"https:\/\/www.laspa.ee\/wp-content\/uploads\/2022\/08\/AE1-1150x606.jpg\" alt=\"\" data-id=\"11101\"\/><\/div><div data-src=\"https:\/\/www.laspa.ee\/wp-content\/uploads\/2023\/09\/Beach-house-sea-view-junior-suite-6.jpg\" class=\"grid-item\"><img decoding=\"async\" src=\"https:\/\/www.laspa.ee\/wp-content\/uploads\/2023\/09\/Beach-house-sea-view-junior-suite-6-1150x606.jpg\" alt=\"\" data-id=\"16108\"\/><\/div><div data-src=\"https:\/\/www.laspa.ee\/wp-content\/uploads\/2022\/09\/20220831_152210-1.jpg\" class=\"grid-item\"><img decoding=\"async\" src=\"https:\/\/www.laspa.ee\/wp-content\/uploads\/2022\/09\/20220831_152210-1-1150x726.jpg\" alt=\"\" data-id=\"11420\"\/><\/div><div data-src=\"https:\/\/www.laspa.ee\/wp-content\/uploads\/2024\/11\/Sviit2024_3.jpg\" class=\"grid-item\"><img decoding=\"async\" src=\"https:\/\/www.laspa.ee\/wp-content\/uploads\/2024\/11\/Sviit2024_3-1150x863.jpg\" alt=\"\" data-id=\"19417\"\/><\/div><div data-src=\"https:\/\/www.laspa.ee\/wp-content\/uploads\/2023\/01\/dfgrege-1.jpg\" class=\"grid-item\"><img decoding=\"async\" src=\"https:\/\/www.laspa.ee\/wp-content\/uploads\/2023\/01\/dfgrege-1-1150x676.jpg\" alt=\"\" data-id=\"13027\"\/><\/div><div data-src=\"https:\/\/www.laspa.ee\/wp-content\/uploads\/2023\/01\/rgergr-1.jpg\" class=\"grid-item\"><img decoding=\"async\" src=\"https:\/\/www.laspa.ee\/wp-content\/uploads\/2023\/01\/rgergr-1-1150x676.jpg\" alt=\"\" data-id=\"13036\"\/><\/div><div data-src=\"https:\/\/www.laspa.ee\/wp-content\/uploads\/2022\/08\/3N9A4188-scaled-e1661637009483.jpg\" class=\"grid-item\"><img decoding=\"async\" src=\"https:\/\/www.laspa.ee\/wp-content\/uploads\/2022\/08\/3N9A4188-767x1150.jpg\" alt=\"\" data-id=\"11015\"\/><\/div><div data-src=\"https:\/\/www.laspa.ee\/wp-content\/uploads\/2025\/01\/GDGDR.jpg\" class=\"grid-item\"><img decoding=\"async\" src=\"https:\/\/www.laspa.ee\/wp-content\/uploads\/2025\/01\/GDGDR-1150x647.jpg\" alt=\"\" data-id=\"19731\"\/><\/div><div data-src=\"https:\/\/www.laspa.ee\/wp-content\/uploads\/2025\/01\/Tourest-taevavaade.jpg\" class=\"grid-item\"><img decoding=\"async\" src=\"https:\/\/www.laspa.ee\/wp-content\/uploads\/2025\/01\/Tourest-taevavaade-1150x734.jpg\" alt=\"LaSpa Tourest pakkumine rannamaja\" data-id=\"19819\"\/><\/div><div data-src=\"https:\/\/www.laspa.ee\/wp-content\/uploads\/2023\/01\/20Sept2022-122503_IMG_3896_photoSilverGutmann-scaled.jpg\" class=\"grid-item\"><img decoding=\"async\" src=\"https:\/\/www.laspa.ee\/wp-content\/uploads\/2023\/01\/20Sept2022-122503_IMG_3896_photoSilverGutmann-1150x767.jpg\" alt=\"\" data-id=\"12964\"\/><\/div><div data-src=\"https:\/\/www.laspa.ee\/wp-content\/uploads\/2020\/12\/kaupokalda-com-20181019-DJI_0704-scaled.jpg\" class=\"grid-item\"><img decoding=\"async\" src=\"https:\/\/www.laspa.ee\/wp-content\/uploads\/2020\/12\/kaupokalda-com-20181019-DJI_0704-1150x834.jpg\" alt=\"Laulasmaa nature I Beach in Laulasmaa\" data-id=\"1189\"\/><\/div><div data-src=\"https:\/\/www.laspa.ee\/wp-content\/uploads\/2022\/09\/20220831_143836-2-1.jpg\" class=\"grid-item\"><img decoding=\"async\" src=\"https:\/\/www.laspa.ee\/wp-content\/uploads\/2022\/09\/20220831_143836-2-1-1150x726.jpg\" alt=\"\" data-id=\"11447\"\/><\/div><div data-src=\"https:\/\/www.laspa.ee\/wp-content\/uploads\/2024\/11\/Sviit2024_7.jpg\" class=\"grid-item\"><img decoding=\"async\" src=\"https:\/\/www.laspa.ee\/wp-content\/uploads\/2024\/11\/Sviit2024_7-1150x863.jpg\" alt=\"\" data-id=\"19428\"\/><\/div><div data-src=\"https:\/\/www.laspa.ee\/wp-content\/uploads\/2021\/02\/kaupokalda-com-20181019-DJI_0882-scaled.jpg\" class=\"grid-item\"><img decoding=\"async\" src=\"https:\/\/www.laspa.ee\/wp-content\/uploads\/2021\/02\/kaupokalda-com-20181019-DJI_0882-1150x861.jpg\" alt=\"spaa pakkumised I LaSpa spaahotell\" data-id=\"2839\"\/><\/div><div data-src=\"https:\/\/www.laspa.ee\/wp-content\/uploads\/2025\/01\/Pool-women.jpg\" class=\"grid-item\"><img decoding=\"async\" src=\"https:\/\/www.laspa.ee\/wp-content\/uploads\/2025\/01\/Pool-women-1150x734.jpg\" alt=\"LaSpa pool and sauna\" data-id=\"19811\"\/><\/div><div data-src=\"https:\/\/www.laspa.ee\/wp-content\/uploads\/2020\/12\/suite_sauna_laspa.jpg\" class=\"grid-item\"><img decoding=\"async\" src=\"https:\/\/www.laspa.ee\/wp-content\/uploads\/2020\/12\/suite_sauna_laspa-1150x767.jpg\" alt=\"Saunaga sviit I LaSpa spaahotellis\" data-id=\"1357\"\/><\/div><div data-src=\"https:\/\/www.laspa.ee\/wp-content\/uploads\/2023\/11\/Beach-house-sea-view-junior-suite-6.jpg\" class=\"grid-item\"><img decoding=\"async\" src=\"https:\/\/www.laspa.ee\/wp-content\/uploads\/2023\/11\/Beach-house-sea-view-junior-suite-6-1150x606.jpg\" alt=\"\" data-id=\"16607\"\/><\/div><div data-src=\"https:\/\/www.laspa.ee\/wp-content\/uploads\/2024\/11\/Delux2024_3.jpg\" class=\"grid-item\"><img decoding=\"async\" src=\"https:\/\/www.laspa.ee\/wp-content\/uploads\/2024\/11\/Delux2024_3-1150x889.jpg\" alt=\"\" data-id=\"19421\"\/><\/div><div data-src=\"https:\/\/www.laspa.ee\/wp-content\/uploads\/2023\/11\/Rannamaja-merevaade-2011236.jpg\" class=\"grid-item\"><img decoding=\"async\" src=\"https:\/\/www.laspa.ee\/wp-content\/uploads\/2023\/11\/Rannamaja-merevaade-2011236-1150x863.jpg\" alt=\"\" data-id=\"16731\"\/><\/div><div data-src=\"https:\/\/www.laspa.ee\/wp-content\/uploads\/2023\/07\/20JJ1103_101-copy-2.jpg\" class=\"grid-item\"><img decoding=\"async\" src=\"https:\/\/www.laspa.ee\/wp-content\/uploads\/2023\/07\/20JJ1103_101-copy-2-767x1150.jpg\" alt=\"LaSpa Laulasmaa \" data-id=\"15394\"\/><\/div><div data-src=\"https:\/\/www.laspa.ee\/wp-content\/uploads\/2020\/12\/sauna_suite.jpg\" class=\"grid-item\"><img decoding=\"async\" src=\"https:\/\/www.laspa.ee\/wp-content\/uploads\/2020\/12\/sauna_suite-1150x759.jpg\" alt=\"Saunaga sviit I LaSpa spaahotellis\" data-id=\"1355\"\/><\/div><div data-src=\"https:\/\/www.laspa.ee\/wp-content\/uploads\/2025\/01\/Tourest-peamaja-kahele.jpg\" class=\"grid-item\"><img decoding=\"async\" src=\"https:\/\/www.laspa.ee\/wp-content\/uploads\/2025\/01\/Tourest-peamaja-kahele-1150x734.jpg\" alt=\"LaSpa Tourest pakkumine\" data-id=\"19816\"\/><\/div><\/div><\/div>\n<\/div>\n<\/div>\n","protected":false},"excerpt":{"rendered":"<p>Kas oled inimene, kelle jaoks k\u00fclalislahkus tuleb s\u00fcdamest ning kellele meeldib luua k\u00fclalistele meeldej\u00e4\u00e4vaid hetki juba esimesest tervitusest? Hotelli vastuv\u00f5tt on hotelli s\u00fcda, kus kohtuvad erinevad lood, kultuurid ja inimesed \u00fcle maailma. Kui sulle meeldib suhelda, lahendada olukordi loovalt ning pakkuda teenindust, mis paneb k\u00fclalised end t\u00f5eliselt oodatuna tundma, siis oled just \u00f5iges kohas. Sobid [&hellip;]<\/p>\n","protected":false},"author":4,"featured_media":0,"parent":0,"menu_order":126,"comment_status":"closed","ping_status":"closed","template":"","meta":{"_acf_changed":false,"footnotes":""},"class_list":["post-21639","page","type-page","status-publish","hentry"],"acf":false,"yoast_head":"<!-- This site is optimized with the Yoast SEO plugin v27.2 - https:\/\/yoast.com\/product\/yoast-seo-wordpress\/ -->\n<title>Vastuv\u00f5tu \u00f6\u00f6 administraator - LaSpa Laulasmaa<\/title>\n<meta name=\"robots\" content=\"index, follow, max-snippet:-1, max-image-preview:large, max-video-preview:-1\" \/>\n<link rel=\"canonical\" href=\"https:\/\/www.laspa.ee\/et\/vastuvotu-oo-administraator\/\" \/>\n<meta property=\"og:locale\" content=\"et_EE\" \/>\n<meta property=\"og:type\" content=\"article\" \/>\n<meta property=\"og:title\" content=\"Vastuv\u00f5tu \u00f6\u00f6 administraator - LaSpa Laulasmaa\" \/>\n<meta property=\"og:description\" content=\"Kas oled inimene, kelle jaoks k\u00fclalislahkus tuleb s\u00fcdamest ning kellele meeldib luua k\u00fclalistele meeldej\u00e4\u00e4vaid hetki juba esimesest tervitusest? Hotelli vastuv\u00f5tt on hotelli s\u00fcda, kus kohtuvad erinevad lood, kultuurid ja inimesed \u00fcle maailma. Kui sulle meeldib suhelda, lahendada olukordi loovalt ning pakkuda teenindust, mis paneb k\u00fclalised end t\u00f5eliselt oodatuna tundma, siis oled just \u00f5iges kohas. Sobid [&hellip;]\" \/>\n<meta property=\"og:url\" content=\"https:\/\/www.laspa.ee\/et\/vastuvotu-oo-administraator\/\" \/>\n<meta property=\"og:site_name\" content=\"LaSpa Laulasmaa\" \/>\n<meta property=\"article:publisher\" content=\"https:\/\/www.facebook.com\/LaSpaLaulasmaa\" \/>\n<meta property=\"article:modified_time\" content=\"2026-03-17T21:55:42+00:00\" \/>\n<meta property=\"og:image\" content=\"https:\/\/www.laspa.ee\/wp-content\/uploads\/2022\/09\/Image1693-copy4.jpg\" \/>\n\t<meta property=\"og:image:width\" content=\"1816\" \/>\n\t<meta property=\"og:image:height\" content=\"2420\" \/>\n\t<meta property=\"og:image:type\" content=\"image\/jpeg\" \/>\n<meta name=\"twitter:card\" content=\"summary_large_image\" \/>\n<meta name=\"twitter:label1\" content=\"Est. reading time\" \/>\n\t<meta name=\"twitter:data1\" content=\"7 minutit\" \/>\n<script type=\"application\/ld+json\" class=\"yoast-schema-graph\">{\"@context\":\"https:\/\/schema.org\",\"@graph\":[{\"@type\":\"WebPage\",\"@id\":\"https:\/\/www.laspa.ee\/et\/vastuvotu-oo-administraator\/\",\"url\":\"https:\/\/www.laspa.ee\/et\/vastuvotu-oo-administraator\/\",\"name\":\"Vastuv\u00f5tu \u00f6\u00f6 administraator - LaSpa Laulasmaa\",\"isPartOf\":{\"@id\":\"https:\/\/www.laspa.ee\/et\/#website\"},\"primaryImageOfPage\":{\"@id\":\"https:\/\/www.laspa.ee\/et\/vastuvotu-oo-administraator\/#primaryimage\"},\"image\":{\"@id\":\"https:\/\/www.laspa.ee\/et\/vastuvotu-oo-administraator\/#primaryimage\"},\"thumbnailUrl\":\"https:\/\/www.laspa.ee\/wp-content\/uploads\/2022\/09\/Image1693-copy4.jpg\",\"datePublished\":\"2026-03-17T21:51:44+00:00\",\"dateModified\":\"2026-03-17T21:55:42+00:00\",\"breadcrumb\":{\"@id\":\"https:\/\/www.laspa.ee\/et\/vastuvotu-oo-administraator\/#breadcrumb\"},\"inLanguage\":\"et\",\"potentialAction\":[{\"@type\":\"ReadAction\",\"target\":[\"https:\/\/www.laspa.ee\/et\/vastuvotu-oo-administraator\/\"]}]},{\"@type\":\"ImageObject\",\"inLanguage\":\"et\",\"@id\":\"https:\/\/www.laspa.ee\/et\/vastuvotu-oo-administraator\/#primaryimage\",\"url\":\"https:\/\/www.laspa.ee\/wp-content\/uploads\/2022\/09\/Image1693-copy4.jpg\",\"contentUrl\":\"https:\/\/www.laspa.ee\/wp-content\/uploads\/2022\/09\/Image1693-copy4.jpg\"},{\"@type\":\"BreadcrumbList\",\"@id\":\"https:\/\/www.laspa.ee\/et\/vastuvotu-oo-administraator\/#breadcrumb\",\"itemListElement\":[{\"@type\":\"ListItem\",\"position\":1,\"name\":\"Home\",\"item\":\"https:\/\/www.laspa.ee\/et\/\"},{\"@type\":\"ListItem\",\"position\":2,\"name\":\"Vastuv\u00f5tu \u00f6\u00f6 administraator\"}]},{\"@type\":\"WebSite\",\"@id\":\"https:\/\/www.laspa.ee\/et\/#website\",\"url\":\"https:\/\/www.laspa.ee\/et\/\",\"name\":\"LaSpa Laulasmaa\",\"description\":\"Wellbeing by nature\",\"potentialAction\":[{\"@type\":\"SearchAction\",\"target\":{\"@type\":\"EntryPoint\",\"urlTemplate\":\"https:\/\/www.laspa.ee\/et\/?s={search_term_string}\"},\"query-input\":{\"@type\":\"PropertyValueSpecification\",\"valueRequired\":true,\"valueName\":\"search_term_string\"}}],\"inLanguage\":\"et\"}]}<\/script>\n<!-- \/ Yoast SEO plugin. -->","yoast_head_json":{"title":"Vastuv\u00f5tu \u00f6\u00f6 administraator - LaSpa Laulasmaa","robots":{"index":"index","follow":"follow","max-snippet":"max-snippet:-1","max-image-preview":"max-image-preview:large","max-video-preview":"max-video-preview:-1"},"canonical":"https:\/\/www.laspa.ee\/et\/vastuvotu-oo-administraator\/","og_locale":"et_EE","og_type":"article","og_title":"Vastuv\u00f5tu \u00f6\u00f6 administraator - LaSpa Laulasmaa","og_description":"Kas oled inimene, kelle jaoks k\u00fclalislahkus tuleb s\u00fcdamest ning kellele meeldib luua k\u00fclalistele meeldej\u00e4\u00e4vaid hetki juba esimesest tervitusest? Hotelli vastuv\u00f5tt on hotelli s\u00fcda, kus kohtuvad erinevad lood, kultuurid ja inimesed \u00fcle maailma. Kui sulle meeldib suhelda, lahendada olukordi loovalt ning pakkuda teenindust, mis paneb k\u00fclalised end t\u00f5eliselt oodatuna tundma, siis oled just \u00f5iges kohas. Sobid [&hellip;]","og_url":"https:\/\/www.laspa.ee\/et\/vastuvotu-oo-administraator\/","og_site_name":"LaSpa Laulasmaa","article_publisher":"https:\/\/www.facebook.com\/LaSpaLaulasmaa","article_modified_time":"2026-03-17T21:55:42+00:00","og_image":[{"width":1816,"height":2420,"url":"https:\/\/www.laspa.ee\/wp-content\/uploads\/2022\/09\/Image1693-copy4.jpg","type":"image\/jpeg"}],"twitter_card":"summary_large_image","twitter_misc":{"Est. reading time":"7 minutit"},"schema":{"@context":"https:\/\/schema.org","@graph":[{"@type":"WebPage","@id":"https:\/\/www.laspa.ee\/et\/vastuvotu-oo-administraator\/","url":"https:\/\/www.laspa.ee\/et\/vastuvotu-oo-administraator\/","name":"Vastuv\u00f5tu \u00f6\u00f6 administraator - LaSpa Laulasmaa","isPartOf":{"@id":"https:\/\/www.laspa.ee\/et\/#website"},"primaryImageOfPage":{"@id":"https:\/\/www.laspa.ee\/et\/vastuvotu-oo-administraator\/#primaryimage"},"image":{"@id":"https:\/\/www.laspa.ee\/et\/vastuvotu-oo-administraator\/#primaryimage"},"thumbnailUrl":"https:\/\/www.laspa.ee\/wp-content\/uploads\/2022\/09\/Image1693-copy4.jpg","datePublished":"2026-03-17T21:51:44+00:00","dateModified":"2026-03-17T21:55:42+00:00","breadcrumb":{"@id":"https:\/\/www.laspa.ee\/et\/vastuvotu-oo-administraator\/#breadcrumb"},"inLanguage":"et","potentialAction":[{"@type":"ReadAction","target":["https:\/\/www.laspa.ee\/et\/vastuvotu-oo-administraator\/"]}]},{"@type":"ImageObject","inLanguage":"et","@id":"https:\/\/www.laspa.ee\/et\/vastuvotu-oo-administraator\/#primaryimage","url":"https:\/\/www.laspa.ee\/wp-content\/uploads\/2022\/09\/Image1693-copy4.jpg","contentUrl":"https:\/\/www.laspa.ee\/wp-content\/uploads\/2022\/09\/Image1693-copy4.jpg"},{"@type":"BreadcrumbList","@id":"https:\/\/www.laspa.ee\/et\/vastuvotu-oo-administraator\/#breadcrumb","itemListElement":[{"@type":"ListItem","position":1,"name":"Home","item":"https:\/\/www.laspa.ee\/et\/"},{"@type":"ListItem","position":2,"name":"Vastuv\u00f5tu \u00f6\u00f6 administraator"}]},{"@type":"WebSite","@id":"https:\/\/www.laspa.ee\/et\/#website","url":"https:\/\/www.laspa.ee\/et\/","name":"LaSpa Laulasmaa","description":"Wellbeing by nature","potentialAction":[{"@type":"SearchAction","target":{"@type":"EntryPoint","urlTemplate":"https:\/\/www.laspa.ee\/et\/?s={search_term_string}"},"query-input":{"@type":"PropertyValueSpecification","valueRequired":true,"valueName":"search_term_string"}}],"inLanguage":"et"}]}},"_links":{"self":[{"href":"https:\/\/www.laspa.ee\/et\/wp-json\/wp\/v2\/pages\/21639","targetHints":{"allow":["GET"]}}],"collection":[{"href":"https:\/\/www.laspa.ee\/et\/wp-json\/wp\/v2\/pages"}],"about":[{"href":"https:\/\/www.laspa.ee\/et\/wp-json\/wp\/v2\/types\/page"}],"author":[{"embeddable":true,"href":"https:\/\/www.laspa.ee\/et\/wp-json\/wp\/v2\/users\/4"}],"replies":[{"embeddable":true,"href":"https:\/\/www.laspa.ee\/et\/wp-json\/wp\/v2\/comments?post=21639"}],"version-history":[{"count":2,"href":"https:\/\/www.laspa.ee\/et\/wp-json\/wp\/v2\/pages\/21639\/revisions"}],"predecessor-version":[{"id":21642,"href":"https:\/\/www.laspa.ee\/et\/wp-json\/wp\/v2\/pages\/21639\/revisions\/21642"}],"wp:attachment":[{"href":"https:\/\/www.laspa.ee\/et\/wp-json\/wp\/v2\/media?parent=21639"}],"curies":[{"name":"wp","href":"https:\/\/api.w.org\/{rel}","templated":true}]}}