{"id":21731,"date":"2026-04-02T11:28:28","date_gmt":"2026-04-02T09:28:28","guid":{"rendered":"https:\/\/www.laspa.ee\/?page_id=21731"},"modified":"2026-04-02T11:36:09","modified_gmt":"2026-04-02T09:36:09","slug":"lihavotte-erimenuu","status":"publish","type":"page","link":"https:\/\/www.laspa.ee\/et\/lihavotte-erimenuu\/","title":{"rendered":"Lihav\u00f5tte erimen\u00fc\u00fc"},"content":{"rendered":"\n<div class=\"wp-block-cover alignfull is-light\"><img loading=\"lazy\" decoding=\"async\" width=\"1150\" height=\"769\" class=\"wp-block-cover__image-background wp-image-20140 size-large\" alt=\"Lihav\u00f5tte brunch\" src=\"https:\/\/www.laspa.ee\/wp-content\/uploads\/2025\/04\/Lihavotte-brunch-web-1150x769.jpg\" data-object-fit=\"cover\" srcset=\"https:\/\/www.laspa.ee\/wp-content\/uploads\/2025\/04\/Lihavotte-brunch-web-1150x769.jpg 1150w, https:\/\/www.laspa.ee\/wp-content\/uploads\/2025\/04\/Lihavotte-brunch-web-300x200.jpg 300w, https:\/\/www.laspa.ee\/wp-content\/uploads\/2025\/04\/Lihavotte-brunch-web-768x513.jpg 768w, https:\/\/www.laspa.ee\/wp-content\/uploads\/2025\/04\/Lihavotte-brunch-web-1536x1027.jpg 1536w, https:\/\/www.laspa.ee\/wp-content\/uploads\/2025\/04\/Lihavotte-brunch-web-800x535.jpg 800w, https:\/\/www.laspa.ee\/wp-content\/uploads\/2025\/04\/Lihavotte-brunch-web.jpg 1616w\" sizes=\"auto, (max-width: 1150px) 100vw, 1150px\" \/><span aria-hidden=\"true\" class=\"wp-block-cover__background has-black-background-color has-background-dim-10 has-background-dim\"><\/span><div class=\"wp-block-cover__inner-container is-layout-flow wp-block-cover-is-layout-flow\">\n<h1 class=\"wp-block-heading has-text-align-center has-white-color has-text-color\">Lihav\u00f5tte erimen\u00fc\u00fc<\/h1>\n<\/div><\/div>\n\n\n\n<div class=\"wp-block-columns alignwide is-layout-flex wp-container-corecolumns-is-layout-9d6595d7 wp-block-columns-is-layout-flex\">\n<div class=\"wp-block-column is-layout-flow wp-block-column-is-layout-flow\" style=\"flex-basis:100%\">\n<p>Kevadine tervitusjook<br>PIHLAKAS JA RABARBER 9<br>Pihlakapungasiirup, rabarberi vahuvein, soodavesi<br>*ka alkoholivabana<\/p>\n<\/div>\n<\/div>\n\n\n\n<div class=\"wp-block-columns alignwide is-layout-flex wp-container-corecolumns-is-layout-9d6595d7 wp-block-columns-is-layout-flex\">\n<div class=\"wp-block-column is-layout-flow wp-block-column-is-layout-flow\" style=\"flex-basis:100%\">\n<p>EELROOG 18<br>Po\u0161eeritud \u201e\u00c4ntu\u201c kanamuna, suitsune Hollandi kaste,<br>spinatipannkook, forellimari, tilli\u00f5li<br>Joogisoovitus<br>Rohelise s\u00f5stra vahuvein, Allikukivi veinim\u00f5is 12 cl \/ 8,5<br>*Kurk ja Tohi d\u017einn 0% 8,5<\/p>\n<\/div>\n<\/div>\n\n\n\n<div class=\"wp-block-columns alignwide is-layout-flex wp-container-corecolumns-is-layout-9d6595d7 wp-block-columns-is-layout-flex\">\n<div class=\"wp-block-column is-layout-flow wp-block-column-is-layout-flow\" style=\"flex-basis:100%\">\n<p>PEAROOG 29<br>Pikalt k\u00fcpsetatud lamba kintsuliha, s\u00fctel k\u00fcpsetatud juurseller, sellerikreem, karulaugu\u00f5likaste, idandatud rukkiterad, lambaleemekaste<br>Joogisoovitus<br>Viveinaks 2023, Murim\u00e4e veinikelder 12 cl \/ 9<br>*Sinikuslapuu-t\u00fc\u00fcmian vahujook, \u00d6un drinks 14 cl \/ 9<\/p>\n<\/div>\n<\/div>\n\n\n\n<div class=\"wp-block-columns alignwide is-layout-flex wp-container-corecolumns-is-layout-9d6595d7 wp-block-columns-is-layout-flex\">\n<div class=\"wp-block-column is-layout-flow wp-block-column-is-layout-flow\" style=\"flex-basis:100%\">\n<p>DESSERT 10<br>J\u00e4ine Kohupiimavaht, kreemine porgandivaht, astelpajugeel, porgandi-mandlik\u00fcpsis,<br>kr\u00f5be porgand<\/p>\n<\/div>\n<\/div>\n\n\n\n<div class=\"wp-block-columns alignwide is-layout-flex wp-container-corecolumns-is-layout-9d6595d7 wp-block-columns-is-layout-flex\">\n<div class=\"wp-block-column is-layout-flow wp-block-column-is-layout-flow\" style=\"flex-basis:100%\">\n<p>Joogisoovitus<br>Koorelik\u00f6\u00f6r \u201eVana Tallinn\u201c 4 cl \/ 7<br>*Kihisev astelpaju 6,5<\/p>\n<\/div>\n<\/div>\n\n\n\n<div class=\"wp-block-columns alignwide is-layout-flex wp-container-corecolumns-is-layout-9d6595d7 wp-block-columns-is-layout-flex\">\n<div class=\"wp-block-column is-layout-flow wp-block-column-is-layout-flow\" style=\"flex-basis:100%\">\n<p>ALKOHOLIVABAD JOOGID<br>Wicca limps 6<br>J\u00e4\u00e4tisekokteil 6,5<\/p>\n<\/div>\n<\/div>\n\n\n\n<p><\/p>\n","protected":false},"excerpt":{"rendered":"<p>Kevadine tervitusjookPIHLAKAS JA RABARBER 9Pihlakapungasiirup, rabarberi vahuvein, soodavesi*ka alkoholivabana EELROOG 18Po\u0161eeritud \u201e\u00c4ntu\u201c kanamuna, suitsune Hollandi kaste,spinatipannkook, forellimari, tilli\u00f5liJoogisoovitusRohelise s\u00f5stra vahuvein, Allikukivi veinim\u00f5is 12 cl \/ 8,5*Kurk ja Tohi d\u017einn 0% 8,5 PEAROOG 29Pikalt k\u00fcpsetatud lamba kintsuliha, s\u00fctel k\u00fcpsetatud juurseller, sellerikreem, karulaugu\u00f5likaste, idandatud rukkiterad, lambaleemekasteJoogisoovitusViveinaks 2023, Murim\u00e4e veinikelder 12 cl \/ 9*Sinikuslapuu-t\u00fc\u00fcmian vahujook, \u00d6un drinks 14 [&hellip;]<\/p>\n","protected":false},"author":4,"featured_media":0,"parent":0,"menu_order":0,"comment_status":"closed","ping_status":"closed","template":"","meta":{"_acf_changed":false,"footnotes":""},"class_list":["post-21731","page","type-page","status-publish","hentry"],"acf":false,"yoast_head":"<!-- This site is optimized with the Yoast SEO plugin v27.2 - https:\/\/yoast.com\/product\/yoast-seo-wordpress\/ -->\n<title>Lihav\u00f5tte erimen\u00fc\u00fc - LaSpa Laulasmaa<\/title>\n<meta name=\"robots\" content=\"index, follow, max-snippet:-1, max-image-preview:large, max-video-preview:-1\" \/>\n<link rel=\"canonical\" href=\"https:\/\/www.laspa.ee\/et\/lihavotte-erimenuu\/\" \/>\n<meta property=\"og:locale\" content=\"et_EE\" \/>\n<meta property=\"og:type\" content=\"article\" \/>\n<meta property=\"og:title\" content=\"Lihav\u00f5tte erimen\u00fc\u00fc - LaSpa Laulasmaa\" \/>\n<meta property=\"og:description\" content=\"Kevadine tervitusjookPIHLAKAS JA RABARBER 9Pihlakapungasiirup, rabarberi vahuvein, soodavesi*ka alkoholivabana EELROOG 18Po\u0161eeritud \u201e\u00c4ntu\u201c kanamuna, suitsune Hollandi kaste,spinatipannkook, forellimari, tilli\u00f5liJoogisoovitusRohelise s\u00f5stra vahuvein, Allikukivi veinim\u00f5is 12 cl \/ 8,5*Kurk ja Tohi d\u017einn 0% 8,5 PEAROOG 29Pikalt k\u00fcpsetatud lamba kintsuliha, s\u00fctel k\u00fcpsetatud juurseller, sellerikreem, karulaugu\u00f5likaste, idandatud rukkiterad, lambaleemekasteJoogisoovitusViveinaks 2023, Murim\u00e4e veinikelder 12 cl \/ 9*Sinikuslapuu-t\u00fc\u00fcmian vahujook, \u00d6un drinks 14 [&hellip;]\" \/>\n<meta property=\"og:url\" content=\"https:\/\/www.laspa.ee\/et\/lihavotte-erimenuu\/\" \/>\n<meta property=\"og:site_name\" content=\"LaSpa Laulasmaa\" \/>\n<meta property=\"article:publisher\" content=\"https:\/\/www.facebook.com\/LaSpaLaulasmaa\" \/>\n<meta property=\"article:modified_time\" content=\"2026-04-02T09:36:09+00:00\" \/>\n<meta property=\"og:image\" content=\"https:\/\/www.laspa.ee\/wp-content\/uploads\/2025\/04\/Lihavotte-brunch-web.jpg\" \/>\n\t<meta property=\"og:image:width\" content=\"1616\" \/>\n\t<meta property=\"og:image:height\" content=\"1080\" \/>\n\t<meta property=\"og:image:type\" content=\"image\/jpeg\" \/>\n<meta name=\"twitter:card\" content=\"summary_large_image\" \/>\n<script type=\"application\/ld+json\" class=\"yoast-schema-graph\">{\"@context\":\"https:\/\/schema.org\",\"@graph\":[{\"@type\":\"WebPage\",\"@id\":\"https:\/\/www.laspa.ee\/et\/lihavotte-erimenuu\/\",\"url\":\"https:\/\/www.laspa.ee\/et\/lihavotte-erimenuu\/\",\"name\":\"Lihav\u00f5tte erimen\u00fc\u00fc - LaSpa Laulasmaa\",\"isPartOf\":{\"@id\":\"https:\/\/www.laspa.ee\/et\/#website\"},\"primaryImageOfPage\":{\"@id\":\"https:\/\/www.laspa.ee\/et\/lihavotte-erimenuu\/#primaryimage\"},\"image\":{\"@id\":\"https:\/\/www.laspa.ee\/et\/lihavotte-erimenuu\/#primaryimage\"},\"thumbnailUrl\":\"https:\/\/www.laspa.ee\/wp-content\/uploads\/2025\/04\/Lihavotte-brunch-web-1150x769.jpg\",\"datePublished\":\"2026-04-02T09:28:28+00:00\",\"dateModified\":\"2026-04-02T09:36:09+00:00\",\"breadcrumb\":{\"@id\":\"https:\/\/www.laspa.ee\/et\/lihavotte-erimenuu\/#breadcrumb\"},\"inLanguage\":\"et\",\"potentialAction\":[{\"@type\":\"ReadAction\",\"target\":[\"https:\/\/www.laspa.ee\/et\/lihavotte-erimenuu\/\"]}]},{\"@type\":\"ImageObject\",\"inLanguage\":\"et\",\"@id\":\"https:\/\/www.laspa.ee\/et\/lihavotte-erimenuu\/#primaryimage\",\"url\":\"https:\/\/www.laspa.ee\/wp-content\/uploads\/2025\/04\/Lihavotte-brunch-web-1150x769.jpg\",\"contentUrl\":\"https:\/\/www.laspa.ee\/wp-content\/uploads\/2025\/04\/Lihavotte-brunch-web-1150x769.jpg\"},{\"@type\":\"BreadcrumbList\",\"@id\":\"https:\/\/www.laspa.ee\/et\/lihavotte-erimenuu\/#breadcrumb\",\"itemListElement\":[{\"@type\":\"ListItem\",\"position\":1,\"name\":\"Home\",\"item\":\"https:\/\/www.laspa.ee\/et\/\"},{\"@type\":\"ListItem\",\"position\":2,\"name\":\"Lihav\u00f5tte erimen\u00fc\u00fc\"}]},{\"@type\":\"WebSite\",\"@id\":\"https:\/\/www.laspa.ee\/et\/#website\",\"url\":\"https:\/\/www.laspa.ee\/et\/\",\"name\":\"LaSpa Laulasmaa\",\"description\":\"Wellbeing by nature\",\"potentialAction\":[{\"@type\":\"SearchAction\",\"target\":{\"@type\":\"EntryPoint\",\"urlTemplate\":\"https:\/\/www.laspa.ee\/et\/?s={search_term_string}\"},\"query-input\":{\"@type\":\"PropertyValueSpecification\",\"valueRequired\":true,\"valueName\":\"search_term_string\"}}],\"inLanguage\":\"et\"}]}<\/script>\n<!-- \/ Yoast SEO plugin. -->","yoast_head_json":{"title":"Lihav\u00f5tte erimen\u00fc\u00fc - LaSpa Laulasmaa","robots":{"index":"index","follow":"follow","max-snippet":"max-snippet:-1","max-image-preview":"max-image-preview:large","max-video-preview":"max-video-preview:-1"},"canonical":"https:\/\/www.laspa.ee\/et\/lihavotte-erimenuu\/","og_locale":"et_EE","og_type":"article","og_title":"Lihav\u00f5tte erimen\u00fc\u00fc - LaSpa Laulasmaa","og_description":"Kevadine tervitusjookPIHLAKAS JA RABARBER 9Pihlakapungasiirup, rabarberi vahuvein, soodavesi*ka alkoholivabana EELROOG 18Po\u0161eeritud \u201e\u00c4ntu\u201c kanamuna, suitsune Hollandi kaste,spinatipannkook, forellimari, tilli\u00f5liJoogisoovitusRohelise s\u00f5stra vahuvein, Allikukivi veinim\u00f5is 12 cl \/ 8,5*Kurk ja Tohi d\u017einn 0% 8,5 PEAROOG 29Pikalt k\u00fcpsetatud lamba kintsuliha, s\u00fctel k\u00fcpsetatud juurseller, sellerikreem, karulaugu\u00f5likaste, idandatud rukkiterad, lambaleemekasteJoogisoovitusViveinaks 2023, Murim\u00e4e veinikelder 12 cl \/ 9*Sinikuslapuu-t\u00fc\u00fcmian vahujook, \u00d6un drinks 14 [&hellip;]","og_url":"https:\/\/www.laspa.ee\/et\/lihavotte-erimenuu\/","og_site_name":"LaSpa Laulasmaa","article_publisher":"https:\/\/www.facebook.com\/LaSpaLaulasmaa","article_modified_time":"2026-04-02T09:36:09+00:00","og_image":[{"width":1616,"height":1080,"url":"https:\/\/www.laspa.ee\/wp-content\/uploads\/2025\/04\/Lihavotte-brunch-web.jpg","type":"image\/jpeg"}],"twitter_card":"summary_large_image","schema":{"@context":"https:\/\/schema.org","@graph":[{"@type":"WebPage","@id":"https:\/\/www.laspa.ee\/et\/lihavotte-erimenuu\/","url":"https:\/\/www.laspa.ee\/et\/lihavotte-erimenuu\/","name":"Lihav\u00f5tte erimen\u00fc\u00fc - LaSpa Laulasmaa","isPartOf":{"@id":"https:\/\/www.laspa.ee\/et\/#website"},"primaryImageOfPage":{"@id":"https:\/\/www.laspa.ee\/et\/lihavotte-erimenuu\/#primaryimage"},"image":{"@id":"https:\/\/www.laspa.ee\/et\/lihavotte-erimenuu\/#primaryimage"},"thumbnailUrl":"https:\/\/www.laspa.ee\/wp-content\/uploads\/2025\/04\/Lihavotte-brunch-web-1150x769.jpg","datePublished":"2026-04-02T09:28:28+00:00","dateModified":"2026-04-02T09:36:09+00:00","breadcrumb":{"@id":"https:\/\/www.laspa.ee\/et\/lihavotte-erimenuu\/#breadcrumb"},"inLanguage":"et","potentialAction":[{"@type":"ReadAction","target":["https:\/\/www.laspa.ee\/et\/lihavotte-erimenuu\/"]}]},{"@type":"ImageObject","inLanguage":"et","@id":"https:\/\/www.laspa.ee\/et\/lihavotte-erimenuu\/#primaryimage","url":"https:\/\/www.laspa.ee\/wp-content\/uploads\/2025\/04\/Lihavotte-brunch-web-1150x769.jpg","contentUrl":"https:\/\/www.laspa.ee\/wp-content\/uploads\/2025\/04\/Lihavotte-brunch-web-1150x769.jpg"},{"@type":"BreadcrumbList","@id":"https:\/\/www.laspa.ee\/et\/lihavotte-erimenuu\/#breadcrumb","itemListElement":[{"@type":"ListItem","position":1,"name":"Home","item":"https:\/\/www.laspa.ee\/et\/"},{"@type":"ListItem","position":2,"name":"Lihav\u00f5tte erimen\u00fc\u00fc"}]},{"@type":"WebSite","@id":"https:\/\/www.laspa.ee\/et\/#website","url":"https:\/\/www.laspa.ee\/et\/","name":"LaSpa Laulasmaa","description":"Wellbeing by nature","potentialAction":[{"@type":"SearchAction","target":{"@type":"EntryPoint","urlTemplate":"https:\/\/www.laspa.ee\/et\/?s={search_term_string}"},"query-input":{"@type":"PropertyValueSpecification","valueRequired":true,"valueName":"search_term_string"}}],"inLanguage":"et"}]}},"_links":{"self":[{"href":"https:\/\/www.laspa.ee\/et\/wp-json\/wp\/v2\/pages\/21731","targetHints":{"allow":["GET"]}}],"collection":[{"href":"https:\/\/www.laspa.ee\/et\/wp-json\/wp\/v2\/pages"}],"about":[{"href":"https:\/\/www.laspa.ee\/et\/wp-json\/wp\/v2\/types\/page"}],"author":[{"embeddable":true,"href":"https:\/\/www.laspa.ee\/et\/wp-json\/wp\/v2\/users\/4"}],"replies":[{"embeddable":true,"href":"https:\/\/www.laspa.ee\/et\/wp-json\/wp\/v2\/comments?post=21731"}],"version-history":[{"count":3,"href":"https:\/\/www.laspa.ee\/et\/wp-json\/wp\/v2\/pages\/21731\/revisions"}],"predecessor-version":[{"id":21735,"href":"https:\/\/www.laspa.ee\/et\/wp-json\/wp\/v2\/pages\/21731\/revisions\/21735"}],"wp:attachment":[{"href":"https:\/\/www.laspa.ee\/et\/wp-json\/wp\/v2\/media?parent=21731"}],"curies":[{"name":"wp","href":"https:\/\/api.w.org\/{rel}","templated":true}]}}