{"id":21941,"date":"2026-04-27T16:45:16","date_gmt":"2026-04-27T14:45:16","guid":{"rendered":"https:\/\/www.laspa.ee\/?page_id=21941"},"modified":"2026-04-27T17:04:45","modified_gmt":"2026-04-27T15:04:45","slug":"tana-laspas-toimumas","status":"publish","type":"page","link":"https:\/\/www.laspa.ee\/et\/tana-laspas-toimumas\/","title":{"rendered":"T\u00e4na LaSpas toimumas"},"content":{"rendered":"\n<div class=\"wp-block-cover alignfull is-light\"><img loading=\"lazy\" decoding=\"async\" width=\"1150\" height=\"863\" class=\"wp-block-cover__image-background wp-image-20049 size-large\" alt=\"\" src=\"https:\/\/www.laspa.ee\/wp-content\/uploads\/2025\/03\/ihuoi-1150x863.jpg\" data-object-fit=\"cover\" srcset=\"https:\/\/www.laspa.ee\/wp-content\/uploads\/2025\/03\/ihuoi-1150x863.jpg 1150w, https:\/\/www.laspa.ee\/wp-content\/uploads\/2025\/03\/ihuoi-300x225.jpg 300w, https:\/\/www.laspa.ee\/wp-content\/uploads\/2025\/03\/ihuoi-768x576.jpg 768w, https:\/\/www.laspa.ee\/wp-content\/uploads\/2025\/03\/ihuoi-1536x1152.jpg 1536w, https:\/\/www.laspa.ee\/wp-content\/uploads\/2025\/03\/ihuoi-2048x1536.jpg 2048w, https:\/\/www.laspa.ee\/wp-content\/uploads\/2025\/03\/ihuoi-800x600.jpg 800w\" sizes=\"auto, (max-width: 1150px) 100vw, 1150px\" \/><span aria-hidden=\"true\" class=\"wp-block-cover__background has-background-dim-20 has-background-dim\" style=\"background-color:#7ba6c5\"><\/span><div class=\"wp-block-cover__inner-container is-layout-flow wp-block-cover-is-layout-flow\">\n<h1 class=\"wp-block-heading has-text-align-center has-white-color has-text-color\">T\u00e4na toimumas<\/h1>\n<\/div><\/div>\n\n\n\n<div class=\"wp-block-columns alignfull is-layout-flex wp-container-corecolumns-is-layout-9d6595d7 wp-block-columns-is-layout-flex\">\n<div class=\"wp-block-column is-layout-flow wp-block-column-is-layout-flow\">\n<h2 class=\"wp-block-heading\">Esmasp\u00e4ev<\/h2>\n\n\n\n<p><strong>Treeningud<\/strong><br>18.30 j\u00f5usaali ringtreening<\/p>\n\n\n\n<p><strong>Restoranid<\/strong><br>Restoran Liiv on avatud 10.00\u201322.00.<\/p>\n<\/div>\n\n\n\n<div class=\"wp-block-column is-layout-flow wp-block-column-is-layout-flow\">\n<h2 class=\"wp-block-heading\">Teisip\u00e4ev<\/h2>\n\n\n\n<p><strong>Treeningud<\/strong><br>11.00 j\u00f5usaali ringtreening<\/p>\n\n\n\n<p><strong>Saunarituaalid<\/strong><br>18.00 leilirituaal puuk\u00fcttega v\u00e4lisaunas<br>19.00 aroomirituaal aroomisaunas<br>20.00 soola- ja meerituaal soolasaunas<\/p>\n\n\n\n<p><strong>Restoranid<\/strong><br>Restoran Wicca on avatud 17.00\u201322.00.<br>Restoran Liiv on avatud 10.00\u201322.00.<\/p>\n<\/div>\n\n\n\n<div class=\"wp-block-column is-layout-flow wp-block-column-is-layout-flow\">\n<h2 class=\"wp-block-heading\">Kolmap\u00e4ev<\/h2>\n\n\n\n<p><strong>Treeningud<\/strong><br>18.00 jooga<br>18.30 j\u00f5usaali ringtreening<\/p>\n\n\n\n<p><strong>Restoranid<\/strong><br>Restoran Wicca on avatud 17.00\u201322.00.<br>Restoran Liiv on avatud 10.00\u201322.00.<\/p>\n<\/div>\n<\/div>\n\n\n\n<div class=\"wp-block-columns alignfull is-layout-flex wp-container-corecolumns-is-layout-9d6595d7 wp-block-columns-is-layout-flex\">\n<div class=\"wp-block-column is-layout-flow wp-block-column-is-layout-flow\">\n<h2 class=\"wp-block-heading alignfull\">Neljap\u00e4ev<\/h2>\n\n\n\n<p><strong>Treeningud<\/strong><br>10.00 j\u00f5usaali ringtreening<br>10.30 &#8211; 12.00 v\u00e4ikelaste ja beebide ujumistrennid<br>18.00 jooga<\/p>\n\n\n\n<p><strong>Restoranid<\/strong><br>Restoran Wicca on avatud 17.00\u201322.00.<br>Restoran Liiv on avatud 10.00\u201322.00.<\/p>\n<\/div>\n\n\n\n<div class=\"wp-block-column is-layout-flow wp-block-column-is-layout-flow\">\n<h2 class=\"wp-block-heading\">Reede<\/h2>\n\n\n\n<p><strong>Saunarituaalid<\/strong><br>18.00 leilirituaal puuk\u00fcttega v\u00e4lisaunas<br>19.00 aroomirituaal aroomisaunas<br>20.00 soola- ja meerituaal soolasaunas<\/p>\n\n\n\n<p><strong>Restoranid<\/strong><br>Restoran Wicca on avatud 17.00\u201323.00.<br>Restoran Liiv on avatud 10.00\u201323.00.<br>Elav muusika 18.00-20.30<\/p>\n<\/div>\n\n\n\n<div class=\"wp-block-column is-layout-flow wp-block-column-is-layout-flow\">\n<h2 class=\"wp-block-heading\">Laup\u00e4ev<\/h2>\n\n\n\n<p><strong>Treeningud<\/strong><br>10.30 jooga<\/p>\n\n\n\n<p><strong>Saunarituaalid<\/strong><br>17.00 leilirituaal puuk\u00fcttega v\u00e4lisaunas<br>18.00 aroomirituaal aroomisaunas<br>19.00 leilirituaal puuk\u00fcttega v\u00e4lisaunas<br>20.00 soola- ja meerituaal soolasaunas<\/p>\n\n\n\n<p><strong>Restoranid<\/strong><br>Restoran Wicca on avatud 17.00\u201323.00.<br>Elav muusika 18-00<br>Restoran Liiv on avatud 11.00\u201323.00.<\/p>\n<\/div>\n<\/div>\n\n\n\n<div class=\"wp-block-columns alignfull is-layout-flex wp-container-corecolumns-is-layout-9d6595d7 wp-block-columns-is-layout-flex\">\n<div class=\"wp-block-column is-layout-flow wp-block-column-is-layout-flow\">\n<h2 class=\"wp-block-heading\">P\u00fchap\u00e4ev<\/h2>\n\n\n\n<p><strong>Treeningud<\/strong><br>17.00 jooga<\/p>\n\n\n\n<p><strong>Restoranid<\/strong><br>Restoran Wicca on avatud 17.00\u201322.00.<br>Restoran Liiv on avatud 11.00\u201322.00.<\/p>\n<\/div>\n\n\n\n<div class=\"wp-block-column is-layout-flow wp-block-column-is-layout-flow\"><\/div>\n<\/div>\n\n\n\n<div class=\"wp-block-columns alignfull is-layout-flex wp-container-corecolumns-is-layout-9d6595d7 wp-block-columns-is-layout-flex\">\n<div class=\"wp-block-column is-layout-flow wp-block-column-is-layout-flow\" style=\"flex-basis:100%\">\n<p><\/p>\n<\/div>\n<\/div>\n\n\n\n<p><\/p>\n","protected":false},"excerpt":{"rendered":"<p>Esmasp\u00e4ev Treeningud18.30 j\u00f5usaali ringtreening RestoranidRestoran Liiv on avatud 10.00\u201322.00. Teisip\u00e4ev Treeningud11.00 j\u00f5usaali ringtreening Saunarituaalid18.00 leilirituaal puuk\u00fcttega v\u00e4lisaunas19.00 aroomirituaal aroomisaunas20.00 soola- ja meerituaal soolasaunas RestoranidRestoran Wicca on avatud 17.00\u201322.00.Restoran Liiv on avatud 10.00\u201322.00. Kolmap\u00e4ev Treeningud18.00 jooga18.30 j\u00f5usaali ringtreening RestoranidRestoran Wicca on avatud 17.00\u201322.00.Restoran Liiv on avatud 10.00\u201322.00. Neljap\u00e4ev Treeningud10.00 j\u00f5usaali ringtreening10.30 &#8211; 12.00 v\u00e4ikelaste ja beebide [&hellip;]<\/p>\n","protected":false},"author":4,"featured_media":0,"parent":0,"menu_order":2,"comment_status":"closed","ping_status":"closed","template":"","meta":{"_acf_changed":false,"footnotes":""},"class_list":["post-21941","page","type-page","status-publish","hentry"],"acf":false,"yoast_head":"<!-- This site is optimized with the Yoast SEO plugin v27.4 - https:\/\/yoast.com\/product\/yoast-seo-wordpress\/ -->\n<title>T\u00e4na LaSpas toimumas - LaSpa Laulasmaa<\/title>\n<meta name=\"robots\" content=\"index, follow, max-snippet:-1, max-image-preview:large, max-video-preview:-1\" \/>\n<link rel=\"canonical\" href=\"https:\/\/www.laspa.ee\/et\/tana-laspas-toimumas\/\" \/>\n<meta property=\"og:locale\" content=\"et_EE\" \/>\n<meta property=\"og:type\" content=\"article\" \/>\n<meta property=\"og:title\" content=\"T\u00e4na LaSpas toimumas - LaSpa Laulasmaa\" \/>\n<meta property=\"og:description\" content=\"Esmasp\u00e4ev Treeningud18.30 j\u00f5usaali ringtreening RestoranidRestoran Liiv on avatud 10.00\u201322.00. Teisip\u00e4ev Treeningud11.00 j\u00f5usaali ringtreening Saunarituaalid18.00 leilirituaal puuk\u00fcttega v\u00e4lisaunas19.00 aroomirituaal aroomisaunas20.00 soola- ja meerituaal soolasaunas RestoranidRestoran Wicca on avatud 17.00\u201322.00.Restoran Liiv on avatud 10.00\u201322.00. Kolmap\u00e4ev Treeningud18.00 jooga18.30 j\u00f5usaali ringtreening RestoranidRestoran Wicca on avatud 17.00\u201322.00.Restoran Liiv on avatud 10.00\u201322.00. Neljap\u00e4ev Treeningud10.00 j\u00f5usaali ringtreening10.30 &#8211; 12.00 v\u00e4ikelaste ja beebide [&hellip;]\" \/>\n<meta property=\"og:url\" content=\"https:\/\/www.laspa.ee\/et\/tana-laspas-toimumas\/\" \/>\n<meta property=\"og:site_name\" content=\"LaSpa Laulasmaa\" \/>\n<meta property=\"article:publisher\" content=\"https:\/\/www.facebook.com\/LaSpaLaulasmaa\" \/>\n<meta property=\"article:modified_time\" content=\"2026-04-27T15:04:45+00:00\" \/>\n<meta property=\"og:image\" content=\"https:\/\/www.laspa.ee\/wp-content\/uploads\/2025\/03\/ihuoi-scaled.jpg\" \/>\n\t<meta property=\"og:image:width\" content=\"2560\" \/>\n\t<meta property=\"og:image:height\" content=\"1920\" \/>\n\t<meta property=\"og:image:type\" content=\"image\/jpeg\" \/>\n<meta name=\"twitter:card\" content=\"summary_large_image\" \/>\n<meta name=\"twitter:label1\" content=\"Est. reading time\" \/>\n\t<meta name=\"twitter:data1\" content=\"1 minut\" \/>\n<script type=\"application\/ld+json\" class=\"yoast-schema-graph\">{\"@context\":\"https:\\\/\\\/schema.org\",\"@graph\":[{\"@type\":\"WebPage\",\"@id\":\"https:\\\/\\\/www.laspa.ee\\\/et\\\/tana-laspas-toimumas\\\/\",\"url\":\"https:\\\/\\\/www.laspa.ee\\\/et\\\/tana-laspas-toimumas\\\/\",\"name\":\"T\u00e4na LaSpas toimumas - LaSpa Laulasmaa\",\"isPartOf\":{\"@id\":\"https:\\\/\\\/www.laspa.ee\\\/et\\\/#website\"},\"primaryImageOfPage\":{\"@id\":\"https:\\\/\\\/www.laspa.ee\\\/et\\\/tana-laspas-toimumas\\\/#primaryimage\"},\"image\":{\"@id\":\"https:\\\/\\\/www.laspa.ee\\\/et\\\/tana-laspas-toimumas\\\/#primaryimage\"},\"thumbnailUrl\":\"https:\\\/\\\/www.laspa.ee\\\/wp-content\\\/uploads\\\/2025\\\/03\\\/ihuoi-1150x863.jpg\",\"datePublished\":\"2026-04-27T14:45:16+00:00\",\"dateModified\":\"2026-04-27T15:04:45+00:00\",\"breadcrumb\":{\"@id\":\"https:\\\/\\\/www.laspa.ee\\\/et\\\/tana-laspas-toimumas\\\/#breadcrumb\"},\"inLanguage\":\"et\",\"potentialAction\":[{\"@type\":\"ReadAction\",\"target\":[\"https:\\\/\\\/www.laspa.ee\\\/et\\\/tana-laspas-toimumas\\\/\"]}]},{\"@type\":\"ImageObject\",\"inLanguage\":\"et\",\"@id\":\"https:\\\/\\\/www.laspa.ee\\\/et\\\/tana-laspas-toimumas\\\/#primaryimage\",\"url\":\"https:\\\/\\\/www.laspa.ee\\\/wp-content\\\/uploads\\\/2025\\\/03\\\/ihuoi-1150x863.jpg\",\"contentUrl\":\"https:\\\/\\\/www.laspa.ee\\\/wp-content\\\/uploads\\\/2025\\\/03\\\/ihuoi-1150x863.jpg\"},{\"@type\":\"BreadcrumbList\",\"@id\":\"https:\\\/\\\/www.laspa.ee\\\/et\\\/tana-laspas-toimumas\\\/#breadcrumb\",\"itemListElement\":[{\"@type\":\"ListItem\",\"position\":1,\"name\":\"Home\",\"item\":\"https:\\\/\\\/www.laspa.ee\\\/et\\\/\"},{\"@type\":\"ListItem\",\"position\":2,\"name\":\"T\u00e4na LaSpas toimumas\"}]},{\"@type\":\"WebSite\",\"@id\":\"https:\\\/\\\/www.laspa.ee\\\/et\\\/#website\",\"url\":\"https:\\\/\\\/www.laspa.ee\\\/et\\\/\",\"name\":\"LaSpa Laulasmaa\",\"description\":\"Wellbeing by nature\",\"potentialAction\":[{\"@type\":\"SearchAction\",\"target\":{\"@type\":\"EntryPoint\",\"urlTemplate\":\"https:\\\/\\\/www.laspa.ee\\\/et\\\/?s={search_term_string}\"},\"query-input\":{\"@type\":\"PropertyValueSpecification\",\"valueRequired\":true,\"valueName\":\"search_term_string\"}}],\"inLanguage\":\"et\"}]}<\/script>\n<!-- \/ Yoast SEO plugin. -->","yoast_head_json":{"title":"T\u00e4na LaSpas toimumas - LaSpa Laulasmaa","robots":{"index":"index","follow":"follow","max-snippet":"max-snippet:-1","max-image-preview":"max-image-preview:large","max-video-preview":"max-video-preview:-1"},"canonical":"https:\/\/www.laspa.ee\/et\/tana-laspas-toimumas\/","og_locale":"et_EE","og_type":"article","og_title":"T\u00e4na LaSpas toimumas - LaSpa Laulasmaa","og_description":"Esmasp\u00e4ev Treeningud18.30 j\u00f5usaali ringtreening RestoranidRestoran Liiv on avatud 10.00\u201322.00. Teisip\u00e4ev Treeningud11.00 j\u00f5usaali ringtreening Saunarituaalid18.00 leilirituaal puuk\u00fcttega v\u00e4lisaunas19.00 aroomirituaal aroomisaunas20.00 soola- ja meerituaal soolasaunas RestoranidRestoran Wicca on avatud 17.00\u201322.00.Restoran Liiv on avatud 10.00\u201322.00. Kolmap\u00e4ev Treeningud18.00 jooga18.30 j\u00f5usaali ringtreening RestoranidRestoran Wicca on avatud 17.00\u201322.00.Restoran Liiv on avatud 10.00\u201322.00. Neljap\u00e4ev Treeningud10.00 j\u00f5usaali ringtreening10.30 &#8211; 12.00 v\u00e4ikelaste ja beebide [&hellip;]","og_url":"https:\/\/www.laspa.ee\/et\/tana-laspas-toimumas\/","og_site_name":"LaSpa Laulasmaa","article_publisher":"https:\/\/www.facebook.com\/LaSpaLaulasmaa","article_modified_time":"2026-04-27T15:04:45+00:00","og_image":[{"width":2560,"height":1920,"url":"https:\/\/www.laspa.ee\/wp-content\/uploads\/2025\/03\/ihuoi-scaled.jpg","type":"image\/jpeg"}],"twitter_card":"summary_large_image","twitter_misc":{"Est. reading time":"1 minut"},"schema":{"@context":"https:\/\/schema.org","@graph":[{"@type":"WebPage","@id":"https:\/\/www.laspa.ee\/et\/tana-laspas-toimumas\/","url":"https:\/\/www.laspa.ee\/et\/tana-laspas-toimumas\/","name":"T\u00e4na LaSpas toimumas - LaSpa Laulasmaa","isPartOf":{"@id":"https:\/\/www.laspa.ee\/et\/#website"},"primaryImageOfPage":{"@id":"https:\/\/www.laspa.ee\/et\/tana-laspas-toimumas\/#primaryimage"},"image":{"@id":"https:\/\/www.laspa.ee\/et\/tana-laspas-toimumas\/#primaryimage"},"thumbnailUrl":"https:\/\/www.laspa.ee\/wp-content\/uploads\/2025\/03\/ihuoi-1150x863.jpg","datePublished":"2026-04-27T14:45:16+00:00","dateModified":"2026-04-27T15:04:45+00:00","breadcrumb":{"@id":"https:\/\/www.laspa.ee\/et\/tana-laspas-toimumas\/#breadcrumb"},"inLanguage":"et","potentialAction":[{"@type":"ReadAction","target":["https:\/\/www.laspa.ee\/et\/tana-laspas-toimumas\/"]}]},{"@type":"ImageObject","inLanguage":"et","@id":"https:\/\/www.laspa.ee\/et\/tana-laspas-toimumas\/#primaryimage","url":"https:\/\/www.laspa.ee\/wp-content\/uploads\/2025\/03\/ihuoi-1150x863.jpg","contentUrl":"https:\/\/www.laspa.ee\/wp-content\/uploads\/2025\/03\/ihuoi-1150x863.jpg"},{"@type":"BreadcrumbList","@id":"https:\/\/www.laspa.ee\/et\/tana-laspas-toimumas\/#breadcrumb","itemListElement":[{"@type":"ListItem","position":1,"name":"Home","item":"https:\/\/www.laspa.ee\/et\/"},{"@type":"ListItem","position":2,"name":"T\u00e4na LaSpas toimumas"}]},{"@type":"WebSite","@id":"https:\/\/www.laspa.ee\/et\/#website","url":"https:\/\/www.laspa.ee\/et\/","name":"LaSpa Laulasmaa","description":"Wellbeing by nature","potentialAction":[{"@type":"SearchAction","target":{"@type":"EntryPoint","urlTemplate":"https:\/\/www.laspa.ee\/et\/?s={search_term_string}"},"query-input":{"@type":"PropertyValueSpecification","valueRequired":true,"valueName":"search_term_string"}}],"inLanguage":"et"}]}},"_links":{"self":[{"href":"https:\/\/www.laspa.ee\/et\/wp-json\/wp\/v2\/pages\/21941","targetHints":{"allow":["GET"]}}],"collection":[{"href":"https:\/\/www.laspa.ee\/et\/wp-json\/wp\/v2\/pages"}],"about":[{"href":"https:\/\/www.laspa.ee\/et\/wp-json\/wp\/v2\/types\/page"}],"author":[{"embeddable":true,"href":"https:\/\/www.laspa.ee\/et\/wp-json\/wp\/v2\/users\/4"}],"replies":[{"embeddable":true,"href":"https:\/\/www.laspa.ee\/et\/wp-json\/wp\/v2\/comments?post=21941"}],"version-history":[{"count":8,"href":"https:\/\/www.laspa.ee\/et\/wp-json\/wp\/v2\/pages\/21941\/revisions"}],"predecessor-version":[{"id":21955,"href":"https:\/\/www.laspa.ee\/et\/wp-json\/wp\/v2\/pages\/21941\/revisions\/21955"}],"wp:attachment":[{"href":"https:\/\/www.laspa.ee\/et\/wp-json\/wp\/v2\/media?parent=21941"}],"curies":[{"name":"wp","href":"https:\/\/api.w.org\/{rel}","templated":true}]}}