{"id":2239,"date":"2021-01-05T15:28:46","date_gmt":"2021-01-05T13:28:46","guid":{"rendered":"https:\/\/www.laspa.ee\/?page_id=2239"},"modified":"2026-04-02T11:24:39","modified_gmt":"2026-04-02T09:24:39","slug":"sauna-ja-veekeskus-hinnakiri","status":"publish","type":"page","link":"https:\/\/www.laspa.ee\/et\/sauna-ja-veekeskus-hinnakiri\/","title":{"rendered":"Vee- ja saunakeskus"},"content":{"rendered":"\n<div class=\"wp-block-cover alignfull is-light\" style=\"min-height:312px;aspect-ratio:unset;\"><img loading=\"lazy\" decoding=\"async\" width=\"1920\" height=\"1212\" class=\"wp-block-cover__image-background wp-image-1694\" alt=\"\" src=\"https:\/\/www.laspa.ee\/wp-content\/uploads\/2020\/12\/laspa_pool.jpg\" data-object-fit=\"cover\" srcset=\"https:\/\/www.laspa.ee\/wp-content\/uploads\/2020\/12\/laspa_pool.jpg 1920w, https:\/\/www.laspa.ee\/wp-content\/uploads\/2020\/12\/laspa_pool-300x189.jpg 300w, https:\/\/www.laspa.ee\/wp-content\/uploads\/2020\/12\/laspa_pool-1150x726.jpg 1150w, https:\/\/www.laspa.ee\/wp-content\/uploads\/2020\/12\/laspa_pool-768x485.jpg 768w, https:\/\/www.laspa.ee\/wp-content\/uploads\/2020\/12\/laspa_pool-1536x970.jpg 1536w, https:\/\/www.laspa.ee\/wp-content\/uploads\/2020\/12\/laspa_pool-800x505.jpg 800w\" sizes=\"auto, (max-width: 1920px) 100vw, 1920px\" \/><span aria-hidden=\"true\" class=\"wp-block-cover__background has-background-dim\"><\/span><div class=\"wp-block-cover__inner-container is-layout-flow wp-block-cover-is-layout-flow\">\n<h1 class=\"wp-block-heading has-text-align-center has-white-color has-text-color\" id=\"vee-ja-saunakeskus\">Vee- ja saunakeskus<\/h1>\n\n\n\n<p><\/p>\n<\/div><\/div>\n\n\n\n<div class=\"wp-block-columns alignfull is-layout-flex wp-container-corecolumns-is-layout-9d6595d7 wp-block-columns-is-layout-flex\">\n<div class=\"wp-block-column is-layout-flow wp-block-column-is-layout-flow\">\n<p class=\"has-text-align-center\"><\/p>\n<\/div>\n<\/div>\n\n\n\n<div class=\"wp-block-edhotels-intro-text-image custom-wide-block reverse\"><div class=\"wp-block-cover has-background-dim has-background-dim-50\" style=\"background-image:url(https:\/\/www.laspa.ee\/wp-content\/uploads\/2021\/01\/veekeskus_laulasmaa.jpg);background-position:50% 50%\" alt=\"Veekeskus LaSpa spaahotellis Laulasmaal \"><div class=\"wp-block-cover__inner-container\">\n<h2 class=\"wp-block-heading has-white-color has-text-color\">Iga p\u00e4ev<br>09:00 &#8211; 22:00 <\/h2>\n\n\n\n<p class=\"has-white-color has-text-color\">Vaata saunade avamisaegu <a href=\"https:\/\/www.laspa.ee\/et\/saunade-avamisajad\/\">SIIN<\/a><br>Kontakt telefon: +372 687 0830<br><br><br><\/p>\n<\/div><\/div><\/div>\n\n\n\n<h4 class=\"wp-block-heading alignfull has-text-align-center\" id=\"hinnakiri\"> Hinnakiri<\/h4>\n\n\n\n<figure class=\"wp-block-table alignwide\"><table><tbody><tr><td>N\u00e4dalap\u00e4evad<\/td><td>Tavapilet 2,5 tundi<\/td><td>Perepilet** 2,5 tundi<\/td><td>Sooduspilet* 2,5 tundi<\/td><td>Lapsed 2-6a. ****<\/td><\/tr><tr><td>E-R&nbsp;9:00- 15:00<\/td><td>15\u20ac<\/td><td>45\u20ac<\/td><td>12\u20ac<\/td><td>3\u20ac<\/td><\/tr><tr><td>E-R 15:00-22:00<\/td><td>23\u20ac<\/td><td>60\u20ac<\/td><td>17\u20ac<\/td><td>3\u20ac<\/td><\/tr><tr><td>L-P 09:00-22:00<\/td><td>27\u20ac<\/td><td>75\u20ac<\/td><td>22\u20ac<\/td><td>3\u20ac<\/td><\/tr><tr><td><\/td><td>P\u00e4evapilet<\/td><td>Pere** p\u00e4evapilet<\/td><td>Sooduspilet<\/td><td>Lapsed 2-6a.<\/td><\/tr><tr><td>E-R 09:00-22:00<\/td><td>39\u20ac<\/td><td>79\u20ac<\/td><td>35\u20ac<\/td><td>5\u20ac<\/td><\/tr><tr><td>L-P 09:00-22:00<\/td><td>58\u20ac<\/td><td>120\u20ac<\/td><td>48\u20ac<\/td><td>5\u20ac<\/td><\/tr><\/tbody><\/table><figcaption class=\"wp-element-caption\">Hinnakiri alates 01.04.2025<\/figcaption><\/figure>\n\n\n\n<div class=\"custom-twin-cols\"><div class=\"wp-block-columns has-2-columns\"><div class=\"wp-block-column text-block\">\n<ul class=\"wp-block-list\">\n<li>Vee- ja saunakeskuse pilet kehtib 2,5 tundi, iga \u00fcletatud spaak\u00fclastuse minuti maksumus inimese kohta on 20 senti.<\/li>\n\n\n\n<li>*\u00d5pilastele\/\u00fcli\u00f5pilastele, pension\u00e4ridele kehtib sooduspilet vastava dokumendi olemasolul.&nbsp;&nbsp;<strong>Sooduspiletitele ei kehti muud soodustused!<\/strong><\/li>\n\n\n\n<li>**** 2-6a sooduspilet kehtib koos pileti ostnud t\u00e4iskasvanuga<\/li>\n\n\n\n<li>**Perepilet: 2 t\u00e4iskasvanut ja kuni 3 alla 16 aastast last<\/li>\n\n\n\n<li>Beebid vanuses 0-12 kuud, tasuta<\/li>\n\n\n\n<li>Riiklikel p\u00fchadel kehtivad n\u00e4dalavahetuse hinnad.<\/li>\n\n\n\n<li>Alla 12 aastastel lastel on lubatud veekeskust k\u00fclastada vaid koos t\u00e4iskasvanud saatjaga. <\/li>\n\n\n\n<li>Vee- ja saunakeskuses ei ole lubatud viibida alkoholi joobes.<\/li>\n\n\n\n<li>Laste gruppide puhul peab iga 4 lapse kohta olema 1 t\u00e4iskasvanu.<\/li>\n\n\n\n<li>10 korra kaart m\u00fc\u00fcgil sauna- ja veekeskuse vastuv\u00f5tus. (10x korra kaart sisaldab 10 korda vee- ja saunakeskuse k\u00fclastust, \u00fche k\u00fclastuse pikkus on 2,5h). <br><br>K\u00f5ik vee- ja saunakeskuse k\u00fclastajad n\u00f5ustuvad piletit ostes meie <a href=\"https:\/\/www.laspa.ee\/et\/hea-tava\/\">spaa hea tava<\/a> reeglitega. <\/li>\n<\/ul>\n<\/div><div class=\"wp-block-column image-block\" data-pos=\"right\"><div class=\"wp-block-column\"><figure class=\"wp-block-image\"><img decoding=\"async\" src=\"https:\/\/www.laspa.ee\/wp-content\/uploads\/2021\/01\/fun_laspa-1150x767.jpg\" alt=\"Perepuhkus LaSpa spaahotellis Laulasmaal I  Veekeskus\"\/><\/figure><\/div><\/div><\/div><\/div>\n\n\n\n<div class=\"custom-twin-cols\"><div class=\"wp-block-columns has-2-columns\"><div class=\"wp-block-column image-block\" data-pos=\"left\"><div class=\"wp-block-column\"><a href=\"https:\/\/www.laspa.ee\/wp-content\/uploads\/2024\/10\/20JJ1214_018-1150x767.jpg\"><figure class=\"wp-block-image\"><img decoding=\"async\" src=\"https:\/\/www.laspa.ee\/wp-content\/uploads\/2024\/10\/20JJ1214_018-1150x767.jpg\" alt=\"\"\/><\/figure><\/a><\/div><\/div><div class=\"wp-block-column text-block\">\n<h2 class=\"wp-block-heading\">LaSpa saunarituaalid<\/h2>\n\n\n\n<p>Saunameistri juhendamisel viiakse Sind erinevatesse saunaelamustesse, kus nautida head leili, erinevaid aroome ja vihtlemist.<br>Saunarituaalid toovad sinuni saunakultuuri v\u00f5luj\u00f5u, rahustavad meeli ja korrastavad m\u00f5tteid. Siin saavad kokku tuli ja vesi, kivide tarkus ja kuuma \u00f5hu tervendav m\u00f5ju.<\/p>\n\n\n\n<p>Saunarituaalid saunameistrite juhendamisel toimuvad kolmel p\u00e4eval n\u00e4dalas \u2013 teisip\u00e4eviti, reedeti ja laup\u00e4eviti. Rituaali pikkus on 10-15 minutit.<\/p>\n\n\n\n<div class=\"wp-block-buttons is-layout-flex wp-block-buttons-is-layout-flex\">\n<div class=\"wp-block-button is-style-outline is-style-outline--1\"><a class=\"wp-block-button__link wp-element-button\" href=\"https:\/\/www.laspa.ee\/et\/saunarituaalid\/\">Vaata lisa<\/a><\/div>\n<\/div>\n<\/div><\/div><\/div>\n\n\n\n<h2 class=\"wp-block-heading has-text-align-center\" id=\"hinnakiri\">Saunade avamisajad<\/h2>\n\n\n\n<figure class=\"wp-block-table alignwide\"><table><tbody><tr><td>K\u00e4bisaun<\/td><td>E-P 09:00 &#8211; 22:00<\/td><\/tr><tr><td>Aroomisaun<\/td><td>E-P 09:00 &#8211; 22:00<\/td><\/tr><tr><td>Sanaarium<\/td><td>E-P 09:00 &#8211; 22:00<\/td><\/tr><tr><td>Mereline aurusaun<\/td><td>E-P 09:00 &#8211; 22:00<\/td><\/tr><tr><td>Soola-aurusaun<\/td><td>E-P 09:00 &#8211; 22:00<\/td><\/tr><tr><td>Puuk\u00fcttega v\u00e4lisaun<\/td><td>E-R 16:00-22:00<br>L &#8211; P 12:00-22:00<\/td><\/tr><\/tbody><\/table><figcaption class=\"wp-element-caption\">Muudetud 12.09.2025<\/figcaption><\/figure>\n\n\n\n<div class=\"wp-block-edhotels-intro-text-image custom-wide-block\"><div class=\"wp-block-cover has-background-dim has-background-dim-50\" style=\"background-image:url(https:\/\/www.laspa.ee\/wp-content\/uploads\/2020\/11\/pool_laspa.jpg);background-position:50% 50%\" alt=\"Spaapuhkus LaSpa I Veekeskus\"><div class=\"wp-block-cover__inner-container\">\n<h2 class=\"wp-block-heading has-white-color has-text-color\">10 korra kaart<\/h2>\n\n\n\n<p class=\"has-white-color has-text-color\">E-R kasutatav 10x kaart, kehtib 6 kuud 180\u20ac &#8211; <a href=\"https:\/\/bouk.io\/booking\/laspa\/323\/gift-cards?_gl=1\">OSTA<\/a><br>E-P kasutatav 10x kaart, kehtib 6 kuud 210\u20ac &#8211; <a href=\"https:\/\/bouk.io\/booking\/laspa\/323\/gift-cards?_gl=1\">OSTA<\/a> <br><\/p>\n<\/div><\/div><\/div>\n\n\n\n<div class=\"custom-twin-cols\"><div class=\"wp-block-columns has-2-columns\"><div class=\"wp-block-column text-block\">\n<h2 class=\"wp-block-heading\">Vee- ja saunakeskuse hooldusp\u00e4evad<\/h2>\n\n\n\n<p>Vee- ja saunakeskuse regulaarsed hooldusp\u00e4evad toimuvad iga kuu, igal 1. teisip\u00e4eval.<br><br>2026 aasta suurpuhastusp\u00e4evad on:<\/p>\n\n\n\n<p>06.01, 03.02, 03.03, 07.04, 05.05, 02.06, 07.07, 04.08, 01.09, 06.10, 03.11, 01.12<\/p>\n\n\n\n<p>Nendel p\u00e4evadel avame vee- ja saunakeskuse kell 15:00.<\/p>\n<\/div><div class=\"wp-block-column image-block\" data-pos=\"right\"><div class=\"wp-block-column\"><figure class=\"wp-block-image\"><img decoding=\"async\" src=\"https:\/\/www.laspa.ee\/wp-content\/uploads\/2022\/10\/20JJ1103_097-1150x758.jpg\" alt=\"\"\/><\/figure><\/div><\/div><\/div><\/div>\n\n\n\n<div class=\"wp-block-edhotels-gallery custom-grid-gallery\"><div class=\"grid lightgallery\"><div data-src=\"https:\/\/www.laspa.ee\/wp-content\/uploads\/2021\/01\/laspa_veekeskus.jpg\" class=\"grid-item\"><img decoding=\"async\" src=\"https:\/\/www.laspa.ee\/wp-content\/uploads\/2021\/01\/laspa_veekeskus-1150x746.jpg\" alt=\"\" data-id=\"2075\"\/><\/div><div data-src=\"https:\/\/www.laspa.ee\/wp-content\/uploads\/2021\/01\/basseinide_ala_laspa.jpg\" class=\"grid-item\"><img decoding=\"async\" src=\"https:\/\/www.laspa.ee\/wp-content\/uploads\/2021\/01\/basseinide_ala_laspa-1150x691.jpg\" alt=\"\" data-id=\"2066\"\/><\/div><div data-src=\"https:\/\/www.laspa.ee\/wp-content\/uploads\/2021\/01\/saun.laspa_.jpg\" class=\"grid-item\"><img decoding=\"async\" src=\"https:\/\/www.laspa.ee\/wp-content\/uploads\/2021\/01\/saun.laspa_-767x1150.jpg\" alt=\"\" data-id=\"1945\"\/><\/div><div data-src=\"https:\/\/www.laspa.ee\/wp-content\/uploads\/2021\/01\/fun_laspa.jpg\" class=\"grid-item\"><img decoding=\"async\" src=\"https:\/\/www.laspa.ee\/wp-content\/uploads\/2021\/01\/fun_laspa-1150x767.jpg\" alt=\"\" data-id=\"1955\"\/><\/div><div data-src=\"https:\/\/www.laspa.ee\/wp-content\/uploads\/2021\/01\/perepuhkus_laspa.jpg\" class=\"grid-item\"><img decoding=\"async\" src=\"https:\/\/www.laspa.ee\/wp-content\/uploads\/2021\/01\/perepuhkus_laspa-1150x767.jpg\" alt=\"\" data-id=\"1953\"\/><\/div><div data-src=\"https:\/\/www.laspa.ee\/wp-content\/uploads\/2020\/12\/20JJ1103_101.jpg\" class=\"grid-item\"><img decoding=\"async\" src=\"https:\/\/www.laspa.ee\/wp-content\/uploads\/2020\/12\/20JJ1103_101-767x1150.jpg\" alt=\"\" data-id=\"1708\"\/><\/div><div data-src=\"https:\/\/www.laspa.ee\/wp-content\/uploads\/2021\/01\/laulasmaa_perega.jpg\" class=\"grid-item\"><img decoding=\"async\" src=\"https:\/\/www.laspa.ee\/wp-content\/uploads\/2021\/01\/laulasmaa_perega-1150x767.jpg\" alt=\"\" data-id=\"1959\"\/><\/div><div data-src=\"https:\/\/www.laspa.ee\/wp-content\/uploads\/2021\/01\/veekeskus_laulasmaa.jpg\" class=\"grid-item\"><img decoding=\"async\" src=\"https:\/\/www.laspa.ee\/wp-content\/uploads\/2021\/01\/veekeskus_laulasmaa-1150x767.jpg\" alt=\"\" data-id=\"1957\"\/><\/div><div data-src=\"https:\/\/www.laspa.ee\/wp-content\/uploads\/2021\/01\/laspa_saunas.jpg\" class=\"grid-item\"><img decoding=\"async\" src=\"https:\/\/www.laspa.ee\/wp-content\/uploads\/2021\/01\/laspa_saunas-1150x767.jpg\" alt=\"\" data-id=\"1947\"\/><\/div><div data-src=\"https:\/\/www.laspa.ee\/wp-content\/uploads\/2021\/01\/jaapani_vann.jpg\" class=\"grid-item\"><img decoding=\"async\" src=\"https:\/\/www.laspa.ee\/wp-content\/uploads\/2021\/01\/jaapani_vann-1150x761.jpg\" alt=\"\" data-id=\"1951\"\/><\/div><div data-src=\"https:\/\/www.laspa.ee\/wp-content\/uploads\/2021\/01\/laspa_saunad.jpg\" class=\"grid-item\"><img decoding=\"async\" src=\"https:\/\/www.laspa.ee\/wp-content\/uploads\/2021\/01\/laspa_saunad-1150x767.jpg\" alt=\"\" data-id=\"1943\"\/><\/div><div data-src=\"https:\/\/www.laspa.ee\/wp-content\/uploads\/2020\/11\/pool_laspa.jpg\" class=\"grid-item\"><img decoding=\"async\" src=\"https:\/\/www.laspa.ee\/wp-content\/uploads\/2020\/11\/pool_laspa-1150x758.jpg\" alt=\"\" data-id=\"1531\"\/><\/div><div data-src=\"https:\/\/www.laspa.ee\/wp-content\/uploads\/2020\/11\/laspa_pool_familyvacation.jpg\" class=\"grid-item\"><img decoding=\"async\" src=\"https:\/\/www.laspa.ee\/wp-content\/uploads\/2020\/11\/laspa_pool_familyvacation-1150x767.jpg\" alt=\"\" data-id=\"1533\"\/><\/div><div data-src=\"https:\/\/www.laspa.ee\/wp-content\/uploads\/2020\/12\/laspa_pool.jpg\" class=\"grid-item\"><img decoding=\"async\" src=\"https:\/\/www.laspa.ee\/wp-content\/uploads\/2020\/12\/laspa_pool-1150x726.jpg\" alt=\"\" data-id=\"1694\"\/><\/div><div data-src=\"https:\/\/www.laspa.ee\/wp-content\/uploads\/2020\/12\/laspa_sauna.jpg\" class=\"grid-item\"><img decoding=\"async\" src=\"https:\/\/www.laspa.ee\/wp-content\/uploads\/2020\/12\/laspa_sauna-1150x756.jpg\" alt=\"\" data-id=\"1714\"\/><\/div><div data-src=\"https:\/\/www.laspa.ee\/wp-content\/uploads\/2020\/12\/laulasmaa_view.jpg\" class=\"grid-item\"><img decoding=\"async\" src=\"https:\/\/www.laspa.ee\/wp-content\/uploads\/2020\/12\/laulasmaa_view-1150x739.jpg\" alt=\"\" data-id=\"1716\"\/><\/div><div data-src=\"https:\/\/www.laspa.ee\/wp-content\/uploads\/2021\/01\/aurusaun.jpg\" class=\"grid-item\"><img decoding=\"async\" src=\"https:\/\/www.laspa.ee\/wp-content\/uploads\/2021\/01\/aurusaun-1150x761.jpg\" alt=\"\" data-id=\"2064\"\/><\/div><div data-src=\"https:\/\/www.laspa.ee\/wp-content\/uploads\/2021\/01\/soolasaun.jpg\" class=\"grid-item\"><img decoding=\"async\" src=\"https:\/\/www.laspa.ee\/wp-content\/uploads\/2021\/01\/soolasaun-1150x767.jpg\" alt=\"\" data-id=\"1949\"\/><\/div><div data-src=\"https:\/\/www.laspa.ee\/wp-content\/uploads\/2021\/01\/soolasaun_laspa.jpg\" class=\"grid-item\"><img decoding=\"async\" src=\"https:\/\/www.laspa.ee\/wp-content\/uploads\/2021\/01\/soolasaun_laspa-1150x772.jpg\" alt=\"\" data-id=\"2061\"\/><\/div><div data-src=\"https:\/\/www.laspa.ee\/wp-content\/uploads\/2020\/12\/laspa_watercentre.jpg\" class=\"grid-item\"><img decoding=\"async\" src=\"https:\/\/www.laspa.ee\/wp-content\/uploads\/2020\/12\/laspa_watercentre-1150x767.jpg\" alt=\"\" data-id=\"1704\"\/><\/div><div data-src=\"https:\/\/www.laspa.ee\/wp-content\/uploads\/2020\/12\/pool_laspa.jpg\" class=\"grid-item\"><img decoding=\"async\" src=\"https:\/\/www.laspa.ee\/wp-content\/uploads\/2020\/12\/pool_laspa-1150x767.jpg\" alt=\"\" data-id=\"1696\"\/><\/div><div data-src=\"https:\/\/www.laspa.ee\/wp-content\/uploads\/2020\/12\/laulasmaa_spa_pool.jpg\" class=\"grid-item\"><img decoding=\"async\" src=\"https:\/\/www.laspa.ee\/wp-content\/uploads\/2020\/12\/laulasmaa_spa_pool-1150x732.jpg\" alt=\"\" data-id=\"1702\"\/><\/div><div data-src=\"https:\/\/www.laspa.ee\/wp-content\/uploads\/2020\/12\/laulasmaa_saunas.jpg\" class=\"grid-item\"><img decoding=\"async\" src=\"https:\/\/www.laspa.ee\/wp-content\/uploads\/2020\/12\/laulasmaa_saunas-1150x722.jpg\" alt=\"\" data-id=\"1718\"\/><\/div><\/div><\/div>\n","protected":false},"excerpt":{"rendered":"<p>Hinnakiri N\u00e4dalap\u00e4evad Tavapilet 2,5 tundi Perepilet** 2,5 tundi Sooduspilet* 2,5 tundi Lapsed 2-6a. **** E-R&nbsp;9:00- 15:00 15\u20ac 45\u20ac 12\u20ac 3\u20ac E-R 15:00-22:00 23\u20ac 60\u20ac 17\u20ac 3\u20ac L-P 09:00-22:00 27\u20ac 75\u20ac 22\u20ac 3\u20ac P\u00e4evapilet Pere** p\u00e4evapilet Sooduspilet Lapsed 2-6a. E-R 09:00-22:00 39\u20ac 79\u20ac 35\u20ac 5\u20ac L-P 09:00-22:00 58\u20ac 120\u20ac 48\u20ac 5\u20ac Hinnakiri alates 01.04.2025 Saunade avamisajad [&hellip;]<\/p>\n","protected":false},"author":2,"featured_media":0,"parent":0,"menu_order":247,"comment_status":"closed","ping_status":"closed","template":"","meta":{"_acf_changed":false,"footnotes":""},"class_list":["post-2239","page","type-page","status-publish","hentry"],"acf":false,"yoast_head":"<!-- This site is optimized with the Yoast SEO plugin v27.2 - https:\/\/yoast.com\/product\/yoast-seo-wordpress\/ -->\n<title>Veekeskus LaSpa spaahotellis Laulasmaal I Sauna- ja veekeskus<\/title>\n<meta name=\"description\" content=\"LaSpa sauna- ja veekeskus pakub lustimiseks erinevaid basseine: laste-, v\u00e4li- ja vastuvoolu basseini, jaapani vanni, mullivanni ning 20m ujumisbasseini.\" \/>\n<meta name=\"robots\" content=\"index, follow, max-snippet:-1, max-image-preview:large, max-video-preview:-1\" \/>\n<link rel=\"canonical\" href=\"https:\/\/www.laspa.ee\/et\/sauna-ja-veekeskus-hinnakiri\/\" \/>\n<meta property=\"og:locale\" content=\"et_EE\" \/>\n<meta property=\"og:type\" content=\"article\" \/>\n<meta property=\"og:title\" content=\"Veekeskus LaSpa spaahotellis Laulasmaal I Sauna- ja veekeskus\" \/>\n<meta property=\"og:description\" content=\"LaSpa sauna- ja veekeskus pakub lustimiseks erinevaid basseine: laste-, v\u00e4li- ja vastuvoolu basseini, jaapani vanni, mullivanni ning 20m ujumisbasseini.\" \/>\n<meta property=\"og:url\" content=\"https:\/\/www.laspa.ee\/et\/sauna-ja-veekeskus-hinnakiri\/\" \/>\n<meta property=\"og:site_name\" content=\"LaSpa Laulasmaa\" \/>\n<meta property=\"article:publisher\" content=\"https:\/\/www.facebook.com\/LaSpaLaulasmaa\" \/>\n<meta property=\"article:modified_time\" content=\"2026-04-02T09:24:39+00:00\" \/>\n<meta property=\"og:image\" content=\"https:\/\/www.laspa.ee\/wp-content\/uploads\/2020\/12\/laspa_pool.jpg\" \/>\n\t<meta property=\"og:image:width\" content=\"1920\" \/>\n\t<meta property=\"og:image:height\" content=\"1212\" \/>\n\t<meta property=\"og:image:type\" content=\"image\/jpeg\" \/>\n<meta name=\"twitter:card\" content=\"summary_large_image\" \/>\n<meta name=\"twitter:label1\" content=\"Est. reading time\" \/>\n\t<meta name=\"twitter:data1\" content=\"7 minutit\" \/>\n<script type=\"application\/ld+json\" class=\"yoast-schema-graph\">{\"@context\":\"https:\/\/schema.org\",\"@graph\":[{\"@type\":\"WebPage\",\"@id\":\"https:\/\/www.laspa.ee\/et\/sauna-ja-veekeskus-hinnakiri\/\",\"url\":\"https:\/\/www.laspa.ee\/et\/sauna-ja-veekeskus-hinnakiri\/\",\"name\":\"Veekeskus LaSpa spaahotellis Laulasmaal I Sauna- ja veekeskus\",\"isPartOf\":{\"@id\":\"https:\/\/www.laspa.ee\/et\/#website\"},\"primaryImageOfPage\":{\"@id\":\"https:\/\/www.laspa.ee\/et\/sauna-ja-veekeskus-hinnakiri\/#primaryimage\"},\"image\":{\"@id\":\"https:\/\/www.laspa.ee\/et\/sauna-ja-veekeskus-hinnakiri\/#primaryimage\"},\"thumbnailUrl\":\"https:\/\/www.laspa.ee\/wp-content\/uploads\/2020\/12\/laspa_pool.jpg\",\"datePublished\":\"2021-01-05T13:28:46+00:00\",\"dateModified\":\"2026-04-02T09:24:39+00:00\",\"description\":\"LaSpa sauna- ja veekeskus pakub lustimiseks erinevaid basseine: laste-, v\u00e4li- ja vastuvoolu basseini, jaapani vanni, mullivanni ning 20m ujumisbasseini.\",\"breadcrumb\":{\"@id\":\"https:\/\/www.laspa.ee\/et\/sauna-ja-veekeskus-hinnakiri\/#breadcrumb\"},\"inLanguage\":\"et\",\"potentialAction\":[{\"@type\":\"ReadAction\",\"target\":[\"https:\/\/www.laspa.ee\/et\/sauna-ja-veekeskus-hinnakiri\/\"]}]},{\"@type\":\"ImageObject\",\"inLanguage\":\"et\",\"@id\":\"https:\/\/www.laspa.ee\/et\/sauna-ja-veekeskus-hinnakiri\/#primaryimage\",\"url\":\"https:\/\/www.laspa.ee\/wp-content\/uploads\/2020\/12\/laspa_pool.jpg\",\"contentUrl\":\"https:\/\/www.laspa.ee\/wp-content\/uploads\/2020\/12\/laspa_pool.jpg\"},{\"@type\":\"BreadcrumbList\",\"@id\":\"https:\/\/www.laspa.ee\/et\/sauna-ja-veekeskus-hinnakiri\/#breadcrumb\",\"itemListElement\":[{\"@type\":\"ListItem\",\"position\":1,\"name\":\"Home\",\"item\":\"https:\/\/www.laspa.ee\/et\/\"},{\"@type\":\"ListItem\",\"position\":2,\"name\":\"Vee- ja saunakeskus\"}]},{\"@type\":\"WebSite\",\"@id\":\"https:\/\/www.laspa.ee\/et\/#website\",\"url\":\"https:\/\/www.laspa.ee\/et\/\",\"name\":\"LaSpa Laulasmaa\",\"description\":\"Wellbeing by nature\",\"potentialAction\":[{\"@type\":\"SearchAction\",\"target\":{\"@type\":\"EntryPoint\",\"urlTemplate\":\"https:\/\/www.laspa.ee\/et\/?s={search_term_string}\"},\"query-input\":{\"@type\":\"PropertyValueSpecification\",\"valueRequired\":true,\"valueName\":\"search_term_string\"}}],\"inLanguage\":\"et\"}]}<\/script>\n<!-- \/ Yoast SEO plugin. -->","yoast_head_json":{"title":"Veekeskus LaSpa spaahotellis Laulasmaal I Sauna- ja veekeskus","description":"LaSpa sauna- ja veekeskus pakub lustimiseks erinevaid basseine: laste-, v\u00e4li- ja vastuvoolu basseini, jaapani vanni, mullivanni ning 20m ujumisbasseini.","robots":{"index":"index","follow":"follow","max-snippet":"max-snippet:-1","max-image-preview":"max-image-preview:large","max-video-preview":"max-video-preview:-1"},"canonical":"https:\/\/www.laspa.ee\/et\/sauna-ja-veekeskus-hinnakiri\/","og_locale":"et_EE","og_type":"article","og_title":"Veekeskus LaSpa spaahotellis Laulasmaal I Sauna- ja veekeskus","og_description":"LaSpa sauna- ja veekeskus pakub lustimiseks erinevaid basseine: laste-, v\u00e4li- ja vastuvoolu basseini, jaapani vanni, mullivanni ning 20m ujumisbasseini.","og_url":"https:\/\/www.laspa.ee\/et\/sauna-ja-veekeskus-hinnakiri\/","og_site_name":"LaSpa Laulasmaa","article_publisher":"https:\/\/www.facebook.com\/LaSpaLaulasmaa","article_modified_time":"2026-04-02T09:24:39+00:00","og_image":[{"width":1920,"height":1212,"url":"https:\/\/www.laspa.ee\/wp-content\/uploads\/2020\/12\/laspa_pool.jpg","type":"image\/jpeg"}],"twitter_card":"summary_large_image","twitter_misc":{"Est. reading time":"7 minutit"},"schema":{"@context":"https:\/\/schema.org","@graph":[{"@type":"WebPage","@id":"https:\/\/www.laspa.ee\/et\/sauna-ja-veekeskus-hinnakiri\/","url":"https:\/\/www.laspa.ee\/et\/sauna-ja-veekeskus-hinnakiri\/","name":"Veekeskus LaSpa spaahotellis Laulasmaal I Sauna- ja veekeskus","isPartOf":{"@id":"https:\/\/www.laspa.ee\/et\/#website"},"primaryImageOfPage":{"@id":"https:\/\/www.laspa.ee\/et\/sauna-ja-veekeskus-hinnakiri\/#primaryimage"},"image":{"@id":"https:\/\/www.laspa.ee\/et\/sauna-ja-veekeskus-hinnakiri\/#primaryimage"},"thumbnailUrl":"https:\/\/www.laspa.ee\/wp-content\/uploads\/2020\/12\/laspa_pool.jpg","datePublished":"2021-01-05T13:28:46+00:00","dateModified":"2026-04-02T09:24:39+00:00","description":"LaSpa sauna- ja veekeskus pakub lustimiseks erinevaid basseine: laste-, v\u00e4li- ja vastuvoolu basseini, jaapani vanni, mullivanni ning 20m ujumisbasseini.","breadcrumb":{"@id":"https:\/\/www.laspa.ee\/et\/sauna-ja-veekeskus-hinnakiri\/#breadcrumb"},"inLanguage":"et","potentialAction":[{"@type":"ReadAction","target":["https:\/\/www.laspa.ee\/et\/sauna-ja-veekeskus-hinnakiri\/"]}]},{"@type":"ImageObject","inLanguage":"et","@id":"https:\/\/www.laspa.ee\/et\/sauna-ja-veekeskus-hinnakiri\/#primaryimage","url":"https:\/\/www.laspa.ee\/wp-content\/uploads\/2020\/12\/laspa_pool.jpg","contentUrl":"https:\/\/www.laspa.ee\/wp-content\/uploads\/2020\/12\/laspa_pool.jpg"},{"@type":"BreadcrumbList","@id":"https:\/\/www.laspa.ee\/et\/sauna-ja-veekeskus-hinnakiri\/#breadcrumb","itemListElement":[{"@type":"ListItem","position":1,"name":"Home","item":"https:\/\/www.laspa.ee\/et\/"},{"@type":"ListItem","position":2,"name":"Vee- ja saunakeskus"}]},{"@type":"WebSite","@id":"https:\/\/www.laspa.ee\/et\/#website","url":"https:\/\/www.laspa.ee\/et\/","name":"LaSpa Laulasmaa","description":"Wellbeing by nature","potentialAction":[{"@type":"SearchAction","target":{"@type":"EntryPoint","urlTemplate":"https:\/\/www.laspa.ee\/et\/?s={search_term_string}"},"query-input":{"@type":"PropertyValueSpecification","valueRequired":true,"valueName":"search_term_string"}}],"inLanguage":"et"}]}},"_links":{"self":[{"href":"https:\/\/www.laspa.ee\/et\/wp-json\/wp\/v2\/pages\/2239","targetHints":{"allow":["GET"]}}],"collection":[{"href":"https:\/\/www.laspa.ee\/et\/wp-json\/wp\/v2\/pages"}],"about":[{"href":"https:\/\/www.laspa.ee\/et\/wp-json\/wp\/v2\/types\/page"}],"author":[{"embeddable":true,"href":"https:\/\/www.laspa.ee\/et\/wp-json\/wp\/v2\/users\/2"}],"replies":[{"embeddable":true,"href":"https:\/\/www.laspa.ee\/et\/wp-json\/wp\/v2\/comments?post=2239"}],"version-history":[{"count":236,"href":"https:\/\/www.laspa.ee\/et\/wp-json\/wp\/v2\/pages\/2239\/revisions"}],"predecessor-version":[{"id":21726,"href":"https:\/\/www.laspa.ee\/et\/wp-json\/wp\/v2\/pages\/2239\/revisions\/21726"}],"wp:attachment":[{"href":"https:\/\/www.laspa.ee\/et\/wp-json\/wp\/v2\/media?parent=2239"}],"curies":[{"name":"wp","href":"https:\/\/api.w.org\/{rel}","templated":true}]}}