{"id":2413,"date":"2021-01-06T14:42:31","date_gmt":"2021-01-06T12:42:31","guid":{"rendered":"https:\/\/www.laspa.ee\/?page_id=2413"},"modified":"2026-02-04T11:07:46","modified_gmt":"2026-02-04T09:07:46","slug":"laulasmaa-tegevused","status":"publish","type":"page","link":"https:\/\/www.laspa.ee\/et\/laulasmaa-tegevused\/","title":{"rendered":"Tegevused"},"content":{"rendered":"\n<div class=\"wp-block-cover alignfull is-light\" style=\"min-height:335px;aspect-ratio:unset;\"><img loading=\"lazy\" decoding=\"async\" width=\"1150\" height=\"739\" class=\"wp-block-cover__image-background wp-image-21263 size-large\" alt=\"LaSpa koosolekud looduse keskel\" src=\"https:\/\/www.laspa.ee\/wp-content\/uploads\/2026\/01\/Uudiskiri-jaanuar-2026-EE-3-1150x739.jpg\" style=\"object-position:51% 36%\" data-object-fit=\"cover\" data-object-position=\"51% 36%\" srcset=\"https:\/\/www.laspa.ee\/wp-content\/uploads\/2026\/01\/Uudiskiri-jaanuar-2026-EE-3-1150x739.jpg 1150w, https:\/\/www.laspa.ee\/wp-content\/uploads\/2026\/01\/Uudiskiri-jaanuar-2026-EE-3-300x193.jpg 300w, https:\/\/www.laspa.ee\/wp-content\/uploads\/2026\/01\/Uudiskiri-jaanuar-2026-EE-3-768x494.jpg 768w, https:\/\/www.laspa.ee\/wp-content\/uploads\/2026\/01\/Uudiskiri-jaanuar-2026-EE-3-1536x987.jpg 1536w, https:\/\/www.laspa.ee\/wp-content\/uploads\/2026\/01\/Uudiskiri-jaanuar-2026-EE-3-800x514.jpg 800w, https:\/\/www.laspa.ee\/wp-content\/uploads\/2026\/01\/Uudiskiri-jaanuar-2026-EE-3.jpg 2048w\" sizes=\"auto, (max-width: 1150px) 100vw, 1150px\" \/><span aria-hidden=\"true\" class=\"wp-block-cover__background has-black-background-color has-background-dim-10 has-background-dim\"><\/span><div class=\"wp-block-cover__inner-container is-layout-flow wp-block-cover-is-layout-flow\">\n<h1 class=\"wp-block-heading has-text-align-center has-white-color has-text-color\" id=\"tegevused-laulasmaal\">Tegevused Laulasmaal<\/h1>\n<\/div><\/div>\n\n\n\n<div class=\"wp-block-group alignwide is-layout-constrained wp-block-group-is-layout-constrained\">\n<div class=\"wp-block-buttons is-layout-flex wp-block-buttons-is-layout-flex\">\n<div class=\"wp-block-button is-style-outline is-style-outline--1\"><a class=\"wp-block-button__link has-text-align-center wp-element-button\" href=\"https:\/\/www.laspa.ee\/et\/kkk\/\">Vaata korduma kippuvaid k\u00fcsimusi siin. <\/a><\/div>\n\n\n\n<div class=\"wp-block-button is-style-outline is-style-outline--2\"><a class=\"wp-block-button__link has-text-align-center wp-element-button\" href=\"https:\/\/www.laspa.ee\/wp-content\/uploads\/2023\/08\/Laspa-map-web-scaled.jpg\">Vaata LaSpa ala kaarti siin.<\/a><\/div>\n<\/div>\n<\/div>\n\n\n\n<div class=\"custom-twin-cols\"><div class=\"wp-block-columns has-2-columns\"><div class=\"wp-block-column image-block\" data-pos=\"left\"><div class=\"wp-block-column\"><a href=\"https:\/\/www.laspa.ee\/wp-content\/uploads\/2022\/05\/20JJ1203_605-Edit-copy-1150x767.jpg\"><figure class=\"wp-block-image\"><img decoding=\"async\" src=\"https:\/\/www.laspa.ee\/wp-content\/uploads\/2022\/05\/20JJ1203_605-Edit-copy-1150x767.jpg\" alt=\"\"\/><\/figure><\/a><\/div><\/div><div class=\"wp-block-column text-block\">\n<h2 class=\"wp-block-heading alignwide\" id=\"laulasmaal-on-heaolu-koikjal-meie-umber\">Naudi LaSpa heaoluspaa<\/h2>\n\n\n\n<p>Oma rituaalides ja hoolitsustes kasutame parimaid spaa kaubam\u00e4rke, rakendades seejuures oskuseid ja teadmisi kogu maailmast. Naudi LaSpas asub 16 hoolitsuste tuba, 7 erineva toimega basseini, 8-kohaline soolakoobas, 2 veealust du\u0161\u0161massaa\u017eivanni ning 3 p\u00e4rlivanni. Naudi LaSpa on \u00fcks Balti riikide suuremaid spaasid \u2013 \u00fches p\u00e4evas saame hoolitsusi pakkuda kuni 200 k\u00fclalisele<br><br>Naudi LaSpa heaoluspaa asub hotelli 2. korrusel ja on avatud E\u2013P 09:00\u201320:00.<br>V\u00f5ta meiega \u00fchendust telefonil: +372 687 0877<\/p>\n\n\n\n<div class=\"wp-block-buttons is-layout-flex wp-block-buttons-is-layout-flex\">\n<div class=\"wp-block-button is-style-no-style\"><a class=\"wp-block-button__link wp-element-button\" href=\"https:\/\/www.laspa.ee\/et\/naudi-spaa\/vee-hoolitsused\/\">Vaata hoolitsusi ja broneeri<\/a><\/div>\n<\/div>\n<\/div><\/div><\/div>\n\n\n\n<div class=\"custom-twin-cols\"><div class=\"wp-block-columns has-2-columns\"><div class=\"wp-block-column text-block\">\n<h2 class=\"wp-block-heading\" id=\"naudi-vabadust\">Naudi vabadust<\/h2>\n\n\n\n<p>Hotelli vastuv\u00f5tust on v\u00f5imalik rentida jalgrattaid koos kiivrite, helkurvestide ja lastetooliga. <\/p>\n\n\n\n<p>Valikus on klassikalised jalgrattad t\u00e4iskasvanutele  ning laste jalgrattad vanusele 6-10a. <\/p>\n\n\n\n<p><strong>Rattarendi hinnad<\/strong><br>1 tund \u2013 5\u20ac<br>Pool p\u00e4eva \u2013 10\u20ac<br>Terve p\u00e4ev \u2013 16\u20ac<\/p>\n<\/div><div class=\"wp-block-column image-block\" data-pos=\"right\"><div class=\"wp-block-column\"><figure class=\"wp-block-image\"><img decoding=\"async\" src=\"https:\/\/www.laspa.ee\/wp-content\/uploads\/2024\/05\/Jalgrattad-1150x647.jpg\" alt=\"LaSpa Laulasmaa bycicle rent \"\/><\/figure><\/div><\/div><\/div><\/div>\n\n\n\n<div class=\"custom-twin-cols\"><div class=\"wp-block-columns has-2-columns\"><div class=\"wp-block-column image-block\" data-pos=\"left\"><div class=\"wp-block-column\"><a href=\"https:\/\/www.laspa.ee\/wp-content\/uploads\/2023\/09\/Minigolf-2.jpg\"><figure class=\"wp-block-image\"><img decoding=\"async\" src=\"https:\/\/www.laspa.ee\/wp-content\/uploads\/2023\/09\/Minigolf-2.jpg\" alt=\"\"\/><\/figure><\/a><\/div><\/div><div class=\"wp-block-column text-block\">\n<h2 class=\"wp-block-heading alignwide\" id=\"matkarajad\">Minigolf<\/h2>\n\n\n\n<p>Minigolfi m\u00e4ngimine m\u00e4nnipuude all vabas \u00f5hus on v\u00f5rratu kogemus. K\u00f5rged m\u00e4nnid loovad rahuliku ja v\u00e4rskendava tausta, luues s\u00f5braliku m\u00e4ngu jaoks rahuliku atmosf\u00e4\u00e4ri. Lehtede vaikne sahin, m\u00e4nnil\u00f5hn ja okste vahelt paistev hajutatud p\u00e4ikesevalgus lisavad v\u00f5lu. P\u00f5gene linna saginast, l\u00f5\u00f5gastu s\u00f5prade v\u00f5i pere seltsis ning naudi lihtsat tegevust v\u00e4rske \u00f5hu k\u00e4es. Seega ei ole asi ainult m\u00e4ngus endas; see on ka looduse hindamine ja m\u00f5nusate hetkede jagamine v\u00e4rskes \u00f5hus.<\/p>\n\n\n\n<p>Minigolfi pallide ja keppide rent hotelli vastuv\u00f5tus &#8211; 5\u20ac komplekt<\/p>\n<\/div><\/div><\/div>\n\n\n\n<div class=\"custom-twin-cols\"><div class=\"wp-block-columns has-2-columns\"><div class=\"wp-block-column text-block\">\n<h2 class=\"wp-block-heading\" id=\"naudi-vabadust\">Rendi elektriline fatbike jalgratas ja avasta Laulasmaad<\/h2>\n\n\n\n<p>Hotelli vastuv\u00f5tust on v\u00f5imalik rentida elektri fatbike rattaid koos kiivritega. Elektri fatbike ratastega on v\u00e4ga mugav avastada Laulasmaa ja Lohusalu randu ning nautida metsateid,. Samuti ootavad Sind meie l\u00e4hedal asuvad vaatamisv\u00e4\u00e4rsused nagu Keila juga ja Arvo P\u00e4rdi keskus. Ratastel on kolm erinevat kiirust.<\/p>\n\n\n\n<p><strong>Rattarendi hinnad<\/strong><br>1 tund \u2013 25\u20ac<br>3 tundi \u2013 55\u20ac<br>Terve p\u00e4ev \u2013 75\u20ac<\/p>\n\n\n\n<p>E- fatbike rattaid laenutame t\u00e4iskasvanutele v\u00f5i lastele koos vanemaga alates 140cm pikkuses. Kiivri kandmine on kohustuslik. <\/p>\n<\/div><div class=\"wp-block-column image-block\" data-pos=\"right\"><div class=\"wp-block-column\"><figure class=\"wp-block-image\"><img decoding=\"async\" src=\"https:\/\/www.laspa.ee\/wp-content\/uploads\/2024\/06\/E-fatbike-2-1150x863.jpg\" alt=\"\"\/><\/figure><\/div><\/div><\/div><\/div>\n\n\n\n<div class=\"custom-twin-cols\"><div class=\"wp-block-columns has-2-columns\"><div class=\"wp-block-column image-block\" data-pos=\"left\"><div class=\"wp-block-column\"><a href=\"https:\/\/www.laspa.ee\/wp-content\/uploads\/2020\/12\/summer_laulasmaa-1024x683.jpg\"><figure class=\"wp-block-image\"><img decoding=\"async\" src=\"https:\/\/www.laspa.ee\/wp-content\/uploads\/2020\/12\/summer_laulasmaa-1024x683.jpg\" alt=\"Surf school in Laulasmaa\"\/><\/figure><\/a><\/div><\/div><div class=\"wp-block-column text-block\">\n<h2 class=\"wp-block-heading\" id=\"surfikool-laspa-rannas\">Surfikool LaSpa rannas<\/h2>\n\n\n\n<p>Laulasmaa Surfikool pakub surfamise ja aerusurfi varustuse renti ning koolitusi k\u00f5igile veespordi austajatele olenemata tasemest. Surfikoolis saab l\u00e4bida \u00fchep\u00e4evaseid v\u00f5i pikemaid kursuseid. <\/p>\n\n\n\n<div class=\"wp-block-buttons is-layout-flex wp-block-buttons-is-layout-flex\">\n<div class=\"wp-block-button is-style-no-style\"><a class=\"wp-block-button__link wp-element-button\" href=\"http:\/\/www.surfikool.ee\/\">Vaata lisa<\/a><\/div>\n<\/div>\n<\/div><\/div><\/div>\n\n\n\n<div class=\"custom-twin-cols\"><div class=\"wp-block-columns has-2-columns\"><div class=\"wp-block-column text-block\">\n<h2 class=\"wp-block-heading alignwide\" id=\"arvo-pardi-keskus\">Arvo P\u00e4rdi Keskus<\/h2>\n\n\n\n<p>Vaid 1.5 km kaugusel meist asub Arvo P\u00e4rdi Keskus mis on helilooja Arvo P\u00e4rdi isikuarhiiv ning info- ja muusikakeskus. See on avatud&nbsp; kohtumispaik muusikutele, teadlastele ja muusikahuvilistele \u2013 k\u00f5igile neile, kes tunnevad huvi tema loomingu v\u00f5i m\u00f5ttemaailma vastu. Keskuses on mitmeid v\u00f5imalusi helilooja muusika kuulamiseks, selle s\u00fcgavamaks m\u00f5istmiseks ja lahtim\u00f5testamiseks.<\/p>\n<\/div><div class=\"wp-block-column image-block\" data-pos=\"right\"><div class=\"wp-block-column\"><figure class=\"wp-block-image\"><img decoding=\"async\" src=\"https:\/\/www.laspa.ee\/wp-content\/uploads\/2023\/07\/Arvo-Part-1007-1150x767.jpg\" alt=\"LaSpa Laulasmaa\"\/><\/figure><\/div><\/div><\/div><\/div>\n\n\n\n<div class=\"custom-twin-cols\"><div class=\"wp-block-columns has-2-columns\"><div class=\"wp-block-column image-block\" data-pos=\"left\"><div class=\"wp-block-column\"><a href=\"https:\/\/www.laspa.ee\/wp-content\/uploads\/2025\/05\/Estonian-fishing-trip-Nicander-35-1150x805.jpg\"><figure class=\"wp-block-image\"><img decoding=\"async\" src=\"https:\/\/www.laspa.ee\/wp-content\/uploads\/2025\/05\/Estonian-fishing-trip-Nicander-35-1150x805.jpg\" alt=\"LaSpa kalap\u00fc\u00fck\"\/><\/figure><\/a><\/div><\/div><div class=\"wp-block-column text-block\">\n<h2 class=\"wp-block-heading\">Seikluslik kalap\u00fc\u00fck looduses \u2013 koost\u00f6\u00f6s Fishing Estoniaga<\/h2>\n\n\n\n<p>Soovid oma puhkusele lisada midagi erilist? Kalap\u00fc\u00fck looduskaunites paikades LaSpa l\u00e4heduses on t\u00f5eline elamus, mis \u00fchendab vaikuse, seikluse ja looduse. Meie partner <strong>Fishing Estonia<\/strong> pakub professionaalselt korraldatud kalastusretki, mis sobivad nii esmakordsetele huvilistele kui ka kogenud kalameestele.<\/p>\n\n\n\n<p>Valikus on kaks kalastusretke<\/p>\n\n\n\n<ul class=\"wp-block-list\">\n<li><strong>Kahlates p\u00fc\u00fck<\/strong> v\u00e4ikestel j\u00f5gedel, kus sihtm\u00e4rgiks on j\u00f5eforell, haug ja ahven.<\/li>\n\n\n\n<li><strong>Paadist p\u00fc\u00fck<\/strong> rannikumerel, kus hooajati p\u00fc\u00fcame meriforelli, tuulehaugi ja teisi kalu.<\/li>\n<\/ul>\n\n\n\n<p>Fishing Estonia giidid hoolitsevad kogu korralduse eest \u2013 alates p\u00fc\u00fcgivarustusest ja transportist kuni sn\u00e4kkide ja turvalisuseni. Retked toimuvad v\u00e4ikestes gruppides, pakkudes personaalseid ja kvaliteetseid elamusi.<\/p>\n\n\n\n<p>Avasta kohad kuhu niisama ei satu \u2013 ja loo m\u00e4lestusi, mis j\u00e4\u00e4vad!<\/p>\n<\/div><\/div><\/div>\n\n\n\n<div class=\"custom-twin-cols\"><div class=\"wp-block-columns has-2-columns\"><div class=\"wp-block-column text-block\">\n<h2 class=\"wp-block-heading alignwide\" id=\"matkarajad\">Matkarajad<\/h2>\n\n\n\n<p>Tule Laulasmaale imekauni looduse keskele. Otse meie hotelli ees algab ja l\u00f5ppeb kahe ranna Laulasmaa \u2013 Lohusalu 7 km matkarada. Matkarada l\u00e4bib mitmeid kauneid kohti Lohusalu poolsaare l\u00f5una- ja p\u00f5hjakaldal. Teepeal kohtad sa r\u00e4ndrahne, p\u00f5nevaid moondunud m\u00e4nnij\u00e4ndrikke, saad puhata jalga Helik\u00fcla piiril asuval dirigent T\u00f5nu Kaljuste pingil ning piiluda sisse Arvo P\u00e4rdi keskusesse. Rada toob sind tagasi meie juurde kus pakume sulle tassi sooja teed v\u00f5i kaasa ostmiseks meie pagarite ja kokkade h\u00f5rgutavaid s\u00f6\u00f6ke ning kooke.<\/p>\n<\/div><div class=\"wp-block-column image-block\" data-pos=\"right\"><div class=\"wp-block-column\"><figure class=\"wp-block-image\"><img decoding=\"async\" src=\"https:\/\/www.laspa.ee\/wp-content\/uploads\/2022\/04\/DSC2944-Edit-copy-H-1150x767.jpg\" alt=\"\"\/><\/figure><\/div><\/div><\/div><\/div>\n\n\n\n<div class=\"custom-twin-cols\"><div class=\"wp-block-columns has-2-columns\"><div class=\"wp-block-column image-block\" data-pos=\"left\"><div class=\"wp-block-column\"><a href=\"https:\/\/www.laspa.ee\/wp-content\/uploads\/2021\/02\/jooga-laulasmaal-1150x767.jpg\"><figure class=\"wp-block-image\"><img decoding=\"async\" src=\"https:\/\/www.laspa.ee\/wp-content\/uploads\/2021\/02\/jooga-laulasmaal-1150x767.jpg\" alt=\"Jooga Laulasmaa spaahotellis\"\/><\/figure><\/a><\/div><\/div><div class=\"wp-block-column text-block\">\n<h2 class=\"wp-block-heading alignwide\" id=\"jooga\">Jooga<\/h2>\n\n\n\n<p>Tule osa saama meie juures regulaarselt juhendaja k\u00e4e all toimuvatest jooga tundidest, isegi kui proovid seda esimest korda. See meeldib sulle kindlasti. See hingeline distsipliin aitab sul leida harmoonia keha ja hinge vahel. Ilusate ilmade puhul harjuta joogat otse mere\u00e4\u00e4res ning kui puhuvad jahedad meretuuled, tule sisse. Meil on jooga jaoks lausa eraldi hubane saal.<\/p>\n\n\n\n<div class=\"wp-block-buttons is-layout-flex wp-block-buttons-is-layout-flex\">\n<div class=\"wp-block-button is-style-no-style\"><a class=\"wp-block-button__link no-border-radius wp-element-button\" href=\"https:\/\/www.laspa.ee\/et\/jooga\/\">Vaata lisa<\/a><\/div>\n<\/div>\n<\/div><\/div><\/div>\n\n\n\n<div class=\"custom-twin-cols\"><div class=\"wp-block-columns has-2-columns\"><div class=\"wp-block-column text-block\">\n<h2 class=\"wp-block-heading alignwide\" id=\"golf\">Golf<\/h2>\n\n\n\n<p>Vaid l\u00fchikese autos\u00f5idu kaugusel asub Eesti \u00fcks parimaid ning Baltikumi vanim golfikeskus Niitv\u00e4lja Golf. Niitv\u00e4lja Golf on golfarite poolt k\u00f5rgelt hinnatud nii v\u00e4ljaku kvaliteedi kui ka mitmekesiste harjutustingimuste poolest, samuti leiab sealt spetsiaalse alustajatele m\u00f5eldud PAR20 v\u00e4ljaku, kus saab oma tempos, ilma kedagi h\u00e4irimata harjutada.<\/p>\n\n\n\n<p>Vaata meie uusi golfipakette <a href=\"https:\/\/www.laspa.ee\/et\/golfipaketid\/\">SIIN.<\/a><\/p>\n<\/div><div class=\"wp-block-column image-block\" data-pos=\"right\"><div class=\"wp-block-column\"><figure class=\"wp-block-image\"><img decoding=\"async\" src=\"https:\/\/www.laspa.ee\/wp-content\/uploads\/2021\/01\/golf-1150x767.jpg\" alt=\"Golf Laulasmaa I LaSpa\"\/><\/figure><\/div><\/div><\/div><\/div>\n\n\n\n<div class=\"custom-twin-cols\"><div class=\"wp-block-columns has-2-columns\"><div class=\"wp-block-column image-block\" data-pos=\"left\"><div class=\"wp-block-column\"><a href=\"https:\/\/www.laspa.ee\/wp-content\/uploads\/2023\/03\/20JJ1103_247-1150x767.jpg\"><figure class=\"wp-block-image\"><img decoding=\"async\" src=\"https:\/\/www.laspa.ee\/wp-content\/uploads\/2023\/03\/20JJ1103_247-1150x767.jpg\" alt=\"\"\/><\/figure><\/a><\/div><\/div><div class=\"wp-block-column text-block\">\n<h2 class=\"wp-block-heading alignwide\" id=\"jalutamine-mannimetsas\">Jalutamine m\u00e4nnimetsas<\/h2>\n\n\n\n<p>Laulasmaa v\u00f5rratu mets tagab erilise heaolutunde, mida jaapanlased nimetavad Shinrin-yoku. On teaduslikult t\u00f5estatud, et nii \u00f6elda metsa \u00f5hus k\u00fcmblemine garanteerib hea tervise, alandab verer\u00f5hku ja tugevdab isegi immuunsuss\u00fcsteemi.<\/p>\n<\/div><\/div><\/div>\n\n\n\n<div class=\"custom-twin-cols\"><div class=\"wp-block-columns has-2-columns\"><div class=\"wp-block-column text-block\">\n<h2 class=\"wp-block-heading alignwide\" id=\"jousaal\">J\u00f5usaal<\/h2>\n\n\n\n<p>Meie kaasaegne j\u00f5usaal ootab teid hotelli esimesel korrusel ning pakub suurep\u00e4raseid tingimusi nii kardio- kui ka j\u00f5utreeninguteks.<\/p>\n\n\n\n<p>Meie hotelli k\u00fclalistele on j\u00f5usaal TASUTA ja avatud iga p\u00e4ev 7:00 \u2013 22:00<\/p>\n\n\n\n<p><\/p>\n<\/div><div class=\"wp-block-column image-block\" data-pos=\"right\"><div class=\"wp-block-column\"><figure class=\"wp-block-image\"><img decoding=\"async\" src=\"https:\/\/www.laspa.ee\/wp-content\/uploads\/2021\/01\/laspa_jousaal-1150x657.jpg\" alt=\"J\u00f5usaal Laulasmaal I LaSpa\"\/><\/figure><\/div><\/div><\/div><\/div>\n\n\n\n<h2 class=\"wp-block-heading has-text-align-center\" id=\"heaolu-koikjal-meie-umber\">Heaolu k\u00f5ikjal meie \u00fcmber<\/h2>\n\n\n\n<p class=\"has-text-align-center\">Tutvu k\u00f5igi v\u00f5imalustega!<\/p>\n\n\n\n<div class=\"wp-block-columns alignwide is-layout-flex wp-container-corecolumns-is-layout-9d6595d7 wp-block-columns-is-layout-flex\">\n<div class=\"wp-block-column is-layout-flow wp-block-column-is-layout-flow\">\n<ul class=\"wp-block-list\">\n<li>Heaoluspaa NAUDI LaSpa<\/li>\n\n\n\n<li>Vee- ja saunakeskus<\/li>\n\n\n\n<li>Joogasaal<\/li>\n\n\n\n<li>Jooga r\u00fchmatreeningud<\/li>\n\n\n\n<li>Kaasaegne j\u00f5usaal 07:00-22:00 (hotelli k\u00fclalisele tasuta)<\/li>\n<\/ul>\n<\/div>\n\n\n\n<div class=\"wp-block-column is-layout-flow wp-block-column-is-layout-flow\">\n<ul class=\"wp-block-list\">\n<li>J\u00f5usaali r\u00fchmatreeningud<\/li>\n\n\n\n<li>Laste m\u00e4nguv\u00e4ljak<\/li>\n\n\n\n<li>Lauatennis (tasuta)<\/li>\n\n\n\n<li>Rannavolle (tasuta)<\/li>\n\n\n\n<li>Jalgrattalaenutus<\/li>\n\n\n\n<li>Niitv\u00e4lja Golfi tiiaja broneerimine<\/li>\n\n\n\n<li>Tennis \u2013 2 liivav\u00e4ljakut vaid 500m hotellist<\/li>\n\n\n\n<li>Surfikool \u2013 SUPi laenutus suvel<\/li>\n\n\n\n<li>Jalgrattarent <\/li>\n\n\n\n<li>Minigolf 5\u20ac \/ komplekt)<\/li>\n<\/ul>\n<\/div>\n\n\n\n<div class=\"wp-block-column is-layout-flow wp-block-column-is-layout-flow\">\n<div class=\"wp-block-columns is-layout-flex wp-container-corecolumns-is-layout-9d6595d7 wp-block-columns-is-layout-flex\">\n<div class=\"wp-block-column is-layout-flow wp-block-column-is-layout-flow\" style=\"flex-basis:100%\">\n<p><\/p>\n\n\n\n<ul class=\"wp-block-list\">\n<li>Discgolf (5\u20ac \/ set)<\/li>\n\n\n\n<li>\u00d5uemale (tasuta)<\/li>\n\n\n\n<li>Petang (tasuta)<\/li>\n\n\n\n<li>M\u00f6lkky (tasuta)<\/li>\n\n\n\n<li>K\u00e4imiskeppide laenutus<\/li>\n\n\n\n<li>Laulasmaa \u2013 Lohusalu t\u00e4histatud matkarada (7 km)<\/li>\n\n\n\n<li>Kergliiklustee Keila joa juurde (6 km)<\/li>\n\n\n\n<li>Merem\u00f5isa RMK plats (5 km)<\/li>\n\n\n\n<li>Kergliiklustee Treppoja joastiku juurde (3,5 km)<\/li>\n<\/ul>\n<\/div>\n<\/div>\n<\/div>\n<\/div>\n\n\n\n<div class=\"wp-block-webfactory-map alignfull google-map-edhotels\"><div class=\"wp-block-webfactory-map\"><\/div><\/div>\n\n\n\n<p><\/p>\n","protected":false},"excerpt":{"rendered":"<p>Heaolu k\u00f5ikjal meie \u00fcmber Tutvu k\u00f5igi v\u00f5imalustega!<\/p>\n","protected":false},"author":2,"featured_media":0,"parent":0,"menu_order":320,"comment_status":"closed","ping_status":"closed","template":"","meta":{"_acf_changed":false,"footnotes":""},"class_list":["post-2413","page","type-page","status-publish","hentry"],"acf":false,"yoast_head":"<!-- This site is optimized with the Yoast SEO plugin v27.2 - https:\/\/yoast.com\/product\/yoast-seo-wordpress\/ -->\n<title>Tegevused - LaSpa Laulasmaa<\/title>\n<meta name=\"robots\" content=\"index, follow, max-snippet:-1, max-image-preview:large, max-video-preview:-1\" \/>\n<link rel=\"canonical\" href=\"https:\/\/www.laspa.ee\/et\/laulasmaa-tegevused\/\" \/>\n<meta property=\"og:locale\" content=\"et_EE\" \/>\n<meta property=\"og:type\" content=\"article\" \/>\n<meta property=\"og:title\" content=\"Tegevused - LaSpa Laulasmaa\" \/>\n<meta property=\"og:description\" content=\"Heaolu k\u00f5ikjal meie \u00fcmber Tutvu k\u00f5igi v\u00f5imalustega!\" \/>\n<meta property=\"og:url\" content=\"https:\/\/www.laspa.ee\/et\/laulasmaa-tegevused\/\" \/>\n<meta property=\"og:site_name\" content=\"LaSpa Laulasmaa\" \/>\n<meta property=\"article:publisher\" content=\"https:\/\/www.facebook.com\/LaSpaLaulasmaa\" \/>\n<meta property=\"article:modified_time\" content=\"2026-02-04T09:07:46+00:00\" \/>\n<meta property=\"og:image\" content=\"https:\/\/www.laspa.ee\/wp-content\/uploads\/2026\/01\/Uudiskiri-jaanuar-2026-EE-3.jpg\" \/>\n\t<meta property=\"og:image:width\" content=\"2048\" \/>\n\t<meta property=\"og:image:height\" content=\"1316\" \/>\n\t<meta property=\"og:image:type\" content=\"image\/jpeg\" \/>\n<meta name=\"twitter:card\" content=\"summary_large_image\" \/>\n<meta name=\"twitter:label1\" content=\"Est. reading time\" \/>\n\t<meta name=\"twitter:data1\" content=\"5 minutit\" \/>\n<script type=\"application\/ld+json\" class=\"yoast-schema-graph\">{\"@context\":\"https:\/\/schema.org\",\"@graph\":[{\"@type\":\"WebPage\",\"@id\":\"https:\/\/www.laspa.ee\/et\/laulasmaa-tegevused\/\",\"url\":\"https:\/\/www.laspa.ee\/et\/laulasmaa-tegevused\/\",\"name\":\"Tegevused - LaSpa Laulasmaa\",\"isPartOf\":{\"@id\":\"https:\/\/www.laspa.ee\/et\/#website\"},\"primaryImageOfPage\":{\"@id\":\"https:\/\/www.laspa.ee\/et\/laulasmaa-tegevused\/#primaryimage\"},\"image\":{\"@id\":\"https:\/\/www.laspa.ee\/et\/laulasmaa-tegevused\/#primaryimage\"},\"thumbnailUrl\":\"https:\/\/www.laspa.ee\/wp-content\/uploads\/2026\/01\/Uudiskiri-jaanuar-2026-EE-3-1150x739.jpg\",\"datePublished\":\"2021-01-06T12:42:31+00:00\",\"dateModified\":\"2026-02-04T09:07:46+00:00\",\"breadcrumb\":{\"@id\":\"https:\/\/www.laspa.ee\/et\/laulasmaa-tegevused\/#breadcrumb\"},\"inLanguage\":\"et\",\"potentialAction\":[{\"@type\":\"ReadAction\",\"target\":[\"https:\/\/www.laspa.ee\/et\/laulasmaa-tegevused\/\"]}]},{\"@type\":\"ImageObject\",\"inLanguage\":\"et\",\"@id\":\"https:\/\/www.laspa.ee\/et\/laulasmaa-tegevused\/#primaryimage\",\"url\":\"https:\/\/www.laspa.ee\/wp-content\/uploads\/2026\/01\/Uudiskiri-jaanuar-2026-EE-3-1150x739.jpg\",\"contentUrl\":\"https:\/\/www.laspa.ee\/wp-content\/uploads\/2026\/01\/Uudiskiri-jaanuar-2026-EE-3-1150x739.jpg\"},{\"@type\":\"BreadcrumbList\",\"@id\":\"https:\/\/www.laspa.ee\/et\/laulasmaa-tegevused\/#breadcrumb\",\"itemListElement\":[{\"@type\":\"ListItem\",\"position\":1,\"name\":\"Home\",\"item\":\"https:\/\/www.laspa.ee\/et\/\"},{\"@type\":\"ListItem\",\"position\":2,\"name\":\"Tegevused\"}]},{\"@type\":\"WebSite\",\"@id\":\"https:\/\/www.laspa.ee\/et\/#website\",\"url\":\"https:\/\/www.laspa.ee\/et\/\",\"name\":\"LaSpa Laulasmaa\",\"description\":\"Wellbeing by nature\",\"potentialAction\":[{\"@type\":\"SearchAction\",\"target\":{\"@type\":\"EntryPoint\",\"urlTemplate\":\"https:\/\/www.laspa.ee\/et\/?s={search_term_string}\"},\"query-input\":{\"@type\":\"PropertyValueSpecification\",\"valueRequired\":true,\"valueName\":\"search_term_string\"}}],\"inLanguage\":\"et\"}]}<\/script>\n<!-- \/ Yoast SEO plugin. -->","yoast_head_json":{"title":"Tegevused - LaSpa Laulasmaa","robots":{"index":"index","follow":"follow","max-snippet":"max-snippet:-1","max-image-preview":"max-image-preview:large","max-video-preview":"max-video-preview:-1"},"canonical":"https:\/\/www.laspa.ee\/et\/laulasmaa-tegevused\/","og_locale":"et_EE","og_type":"article","og_title":"Tegevused - LaSpa Laulasmaa","og_description":"Heaolu k\u00f5ikjal meie \u00fcmber Tutvu k\u00f5igi v\u00f5imalustega!","og_url":"https:\/\/www.laspa.ee\/et\/laulasmaa-tegevused\/","og_site_name":"LaSpa Laulasmaa","article_publisher":"https:\/\/www.facebook.com\/LaSpaLaulasmaa","article_modified_time":"2026-02-04T09:07:46+00:00","og_image":[{"width":2048,"height":1316,"url":"https:\/\/www.laspa.ee\/wp-content\/uploads\/2026\/01\/Uudiskiri-jaanuar-2026-EE-3.jpg","type":"image\/jpeg"}],"twitter_card":"summary_large_image","twitter_misc":{"Est. reading time":"5 minutit"},"schema":{"@context":"https:\/\/schema.org","@graph":[{"@type":"WebPage","@id":"https:\/\/www.laspa.ee\/et\/laulasmaa-tegevused\/","url":"https:\/\/www.laspa.ee\/et\/laulasmaa-tegevused\/","name":"Tegevused - LaSpa Laulasmaa","isPartOf":{"@id":"https:\/\/www.laspa.ee\/et\/#website"},"primaryImageOfPage":{"@id":"https:\/\/www.laspa.ee\/et\/laulasmaa-tegevused\/#primaryimage"},"image":{"@id":"https:\/\/www.laspa.ee\/et\/laulasmaa-tegevused\/#primaryimage"},"thumbnailUrl":"https:\/\/www.laspa.ee\/wp-content\/uploads\/2026\/01\/Uudiskiri-jaanuar-2026-EE-3-1150x739.jpg","datePublished":"2021-01-06T12:42:31+00:00","dateModified":"2026-02-04T09:07:46+00:00","breadcrumb":{"@id":"https:\/\/www.laspa.ee\/et\/laulasmaa-tegevused\/#breadcrumb"},"inLanguage":"et","potentialAction":[{"@type":"ReadAction","target":["https:\/\/www.laspa.ee\/et\/laulasmaa-tegevused\/"]}]},{"@type":"ImageObject","inLanguage":"et","@id":"https:\/\/www.laspa.ee\/et\/laulasmaa-tegevused\/#primaryimage","url":"https:\/\/www.laspa.ee\/wp-content\/uploads\/2026\/01\/Uudiskiri-jaanuar-2026-EE-3-1150x739.jpg","contentUrl":"https:\/\/www.laspa.ee\/wp-content\/uploads\/2026\/01\/Uudiskiri-jaanuar-2026-EE-3-1150x739.jpg"},{"@type":"BreadcrumbList","@id":"https:\/\/www.laspa.ee\/et\/laulasmaa-tegevused\/#breadcrumb","itemListElement":[{"@type":"ListItem","position":1,"name":"Home","item":"https:\/\/www.laspa.ee\/et\/"},{"@type":"ListItem","position":2,"name":"Tegevused"}]},{"@type":"WebSite","@id":"https:\/\/www.laspa.ee\/et\/#website","url":"https:\/\/www.laspa.ee\/et\/","name":"LaSpa Laulasmaa","description":"Wellbeing by nature","potentialAction":[{"@type":"SearchAction","target":{"@type":"EntryPoint","urlTemplate":"https:\/\/www.laspa.ee\/et\/?s={search_term_string}"},"query-input":{"@type":"PropertyValueSpecification","valueRequired":true,"valueName":"search_term_string"}}],"inLanguage":"et"}]}},"_links":{"self":[{"href":"https:\/\/www.laspa.ee\/et\/wp-json\/wp\/v2\/pages\/2413","targetHints":{"allow":["GET"]}}],"collection":[{"href":"https:\/\/www.laspa.ee\/et\/wp-json\/wp\/v2\/pages"}],"about":[{"href":"https:\/\/www.laspa.ee\/et\/wp-json\/wp\/v2\/types\/page"}],"author":[{"embeddable":true,"href":"https:\/\/www.laspa.ee\/et\/wp-json\/wp\/v2\/users\/2"}],"replies":[{"embeddable":true,"href":"https:\/\/www.laspa.ee\/et\/wp-json\/wp\/v2\/comments?post=2413"}],"version-history":[{"count":48,"href":"https:\/\/www.laspa.ee\/et\/wp-json\/wp\/v2\/pages\/2413\/revisions"}],"predecessor-version":[{"id":21389,"href":"https:\/\/www.laspa.ee\/et\/wp-json\/wp\/v2\/pages\/2413\/revisions\/21389"}],"wp:attachment":[{"href":"https:\/\/www.laspa.ee\/et\/wp-json\/wp\/v2\/media?parent=2413"}],"curies":[{"name":"wp","href":"https:\/\/api.w.org\/{rel}","templated":true}]}}