{"id":4271,"date":"2021-04-09T09:49:49","date_gmt":"2021-04-09T07:49:49","guid":{"rendered":"https:\/\/www.laspa.ee\/?page_id=4271"},"modified":"2022-03-28T09:44:42","modified_gmt":"2022-03-28T07:44:42","slug":"golfipaketid","status":"publish","type":"page","link":"https:\/\/www.laspa.ee\/et\/golfipaketid\/","title":{"rendered":"Golfipaketid"},"content":{"rendered":"\n<div class=\"wp-block-cover alignfull is-light is-position-center-center\" style=\"min-height:311px;aspect-ratio:unset;\"><span aria-hidden=\"true\" class=\"has-background-dim-40 wp-block-cover__gradient-background has-background-dim\"><\/span><img loading=\"lazy\" decoding=\"async\" width=\"1500\" height=\"1000\" class=\"wp-block-cover__image-background wp-image-4226\" alt=\"\" src=\"https:\/\/www.laspa.ee\/wp-content\/uploads\/2021\/04\/Niita\u0308lja_Golf_Course_Joosep_Martinson_011.jpg\" style=\"object-position:53% 51%\" data-object-fit=\"cover\" data-object-position=\"53% 51%\" srcset=\"https:\/\/www.laspa.ee\/wp-content\/uploads\/2021\/04\/Niita\u0308lja_Golf_Course_Joosep_Martinson_011.jpg 1500w, https:\/\/www.laspa.ee\/wp-content\/uploads\/2021\/04\/Niita\u0308lja_Golf_Course_Joosep_Martinson_011-300x200.jpg 300w, https:\/\/www.laspa.ee\/wp-content\/uploads\/2021\/04\/Niita\u0308lja_Golf_Course_Joosep_Martinson_011-1150x767.jpg 1150w, https:\/\/www.laspa.ee\/wp-content\/uploads\/2021\/04\/Niita\u0308lja_Golf_Course_Joosep_Martinson_011-768x512.jpg 768w, https:\/\/www.laspa.ee\/wp-content\/uploads\/2021\/04\/Niita\u0308lja_Golf_Course_Joosep_Martinson_011-800x533.jpg 800w\" sizes=\"auto, (max-width: 1500px) 100vw, 1500px\" \/><div class=\"wp-block-cover__inner-container is-layout-flow wp-block-cover-is-layout-flow\">\n<h1 class=\"has-text-align-center has-white-color has-text-color wp-block-heading\" id=\"golfipaketid\">Golfipaketid<\/h1>\n<\/div><\/div>\n\n\n\n<div class=\"wp-block-edhotels-offers custom-three-blocks offers\"><div class=\"wp-offer-columns\">    <div class=\"wp-offer-column \">\n        <div class=\"offer-inner\">\n            <h5>Golf<\/h5>\n            <h4><span>1 \u00f6\u00f6 alates<\/span>250 \u20ac<\/h4>\n            <a href=\"https:\/\/www.laspa.ee\/et\/?post_type=offer&#038;p=4208\"><figure class=\"wp-block-image\"><img loading=\"lazy\" decoding=\"async\" width=\"1150\" height=\"767\" src=\"https:\/\/www.laspa.ee\/wp-content\/uploads\/2021\/04\/Niita\u0308lja_Golf_Course_Joosep_Martinson_011-1150x767.jpg\" class=\"attachment-large size-large wp-post-image\" alt=\"\" srcset=\"https:\/\/www.laspa.ee\/wp-content\/uploads\/2021\/04\/Niita\u0308lja_Golf_Course_Joosep_Martinson_011-1150x767.jpg 1150w, https:\/\/www.laspa.ee\/wp-content\/uploads\/2021\/04\/Niita\u0308lja_Golf_Course_Joosep_Martinson_011-300x200.jpg 300w, https:\/\/www.laspa.ee\/wp-content\/uploads\/2021\/04\/Niita\u0308lja_Golf_Course_Joosep_Martinson_011-768x512.jpg 768w, https:\/\/www.laspa.ee\/wp-content\/uploads\/2021\/04\/Niita\u0308lja_Golf_Course_Joosep_Martinson_011-800x533.jpg 800w, https:\/\/www.laspa.ee\/wp-content\/uploads\/2021\/04\/Niita\u0308lja_Golf_Course_Joosep_Martinson_011.jpg 1500w\" sizes=\"auto, (max-width: 1150px) 100vw, 1150px\" \/><\/figure><\/a>\n            <h3><a href=\"https:\/\/www.laspa.ee\/et\/?post_type=offer&#038;p=4208\">Piiramatu golfipakett 1=2<\/a><\/h3>\n            <ul>\n<li>Majutus valitud toas \u00fcheks \u00f6\u00f6ks<\/li>\n<li>2 p\u00e4eva piiramatut golfi Niitv\u00e4lja Park-v\u00e4ljakul<\/li>\n<li>Piiramatu l\u00f5\u00f5gastus vee- ja saunakeskuses<\/li>\n<\/ul>\n            <div class=\"wp-block-button is-style-no-style\">\n                <a class=\"wp-block-button__link\" href=\"https:\/\/www.laspa.ee\/et\/?post_type=offer&#038;p=4208\">Loe edasi<\/a>\n            <\/div>\n        <\/div>\n    <\/div>\n    \n\n    <div class=\"wp-offer-column \">\n        <div class=\"offer-inner\">\n            <h5>Golf<\/h5>\n            <h4><span>2 \u00f6\u00f6d alates<\/span>395 \u20ac<\/h4>\n            <a href=\"https:\/\/www.laspa.ee\/et\/?post_type=offer&#038;p=4235\"><figure class=\"wp-block-image\"><img loading=\"lazy\" decoding=\"async\" width=\"867\" height=\"1150\" src=\"https:\/\/www.laspa.ee\/wp-content\/uploads\/2021\/04\/Beginners-at-PAR20-course_Joosep-Martinson-e1619996065425-867x1150.jpg\" class=\"attachment-large size-large wp-post-image\" alt=\"\" srcset=\"https:\/\/www.laspa.ee\/wp-content\/uploads\/2021\/04\/Beginners-at-PAR20-course_Joosep-Martinson-e1619996065425-867x1150.jpg 867w, https:\/\/www.laspa.ee\/wp-content\/uploads\/2021\/04\/Beginners-at-PAR20-course_Joosep-Martinson-e1619996065425-226x300.jpg 226w, https:\/\/www.laspa.ee\/wp-content\/uploads\/2021\/04\/Beginners-at-PAR20-course_Joosep-Martinson-e1619996065425-768x1019.jpg 768w, https:\/\/www.laspa.ee\/wp-content\/uploads\/2021\/04\/Beginners-at-PAR20-course_Joosep-Martinson-e1619996065425-800x1061.jpg 800w, https:\/\/www.laspa.ee\/wp-content\/uploads\/2021\/04\/Beginners-at-PAR20-course_Joosep-Martinson-e1619996065425.jpg 870w\" sizes=\"auto, (max-width: 867px) 100vw, 867px\" \/><\/figure><\/a>\n            <h3><a href=\"https:\/\/www.laspa.ee\/et\/?post_type=offer&#038;p=4235\">Piiramatu golfipakett 2=3<\/a><\/h3>\n            <ul>\n<li>Majutus valitud toas kaheks \u00f6\u00f6ks<\/li>\n<li>3 p\u00e4eva piiramatut golfi Niitv\u00e4lja Park-v\u00e4ljakul<\/li>\n<li>Piiramatu vee ja saunakeskuse kasutus<\/li>\n<\/ul>\n            <div class=\"wp-block-button is-style-no-style\">\n                <a class=\"wp-block-button__link\" href=\"https:\/\/www.laspa.ee\/et\/?post_type=offer&#038;p=4235\">Loe edasi<\/a>\n            <\/div>\n        <\/div>\n    <\/div>\n    <\/div><\/div>\n","protected":false},"excerpt":{"rendered":"","protected":false},"author":4,"featured_media":0,"parent":0,"menu_order":377,"comment_status":"closed","ping_status":"closed","template":"","meta":{"_acf_changed":false,"footnotes":""},"class_list":["post-4271","page","type-page","status-publish","hentry"],"acf":false,"yoast_head":"<!-- This site is optimized with the Yoast SEO plugin v27.2 - https:\/\/yoast.com\/product\/yoast-seo-wordpress\/ -->\n<title>Golfipaketid - LaSpa Laulasmaa<\/title>\n<meta name=\"robots\" content=\"index, follow, max-snippet:-1, max-image-preview:large, max-video-preview:-1\" \/>\n<link rel=\"canonical\" href=\"https:\/\/www.laspa.ee\/et\/golfipaketid\/\" \/>\n<meta property=\"og:locale\" content=\"et_EE\" \/>\n<meta property=\"og:type\" content=\"article\" \/>\n<meta property=\"og:title\" content=\"Golfipaketid - LaSpa Laulasmaa\" \/>\n<meta property=\"og:url\" content=\"https:\/\/www.laspa.ee\/et\/golfipaketid\/\" \/>\n<meta property=\"og:site_name\" content=\"LaSpa Laulasmaa\" \/>\n<meta property=\"article:publisher\" content=\"https:\/\/www.facebook.com\/LaSpaLaulasmaa\" \/>\n<meta property=\"article:modified_time\" content=\"2022-03-28T07:44:42+00:00\" \/>\n<meta name=\"twitter:card\" content=\"summary_large_image\" \/>\n<meta name=\"twitter:label1\" content=\"Est. reading time\" \/>\n\t<meta name=\"twitter:data1\" content=\"1 minut\" \/>\n<script type=\"application\/ld+json\" class=\"yoast-schema-graph\">{\"@context\":\"https:\/\/schema.org\",\"@graph\":[{\"@type\":\"WebPage\",\"@id\":\"https:\/\/www.laspa.ee\/et\/golfipaketid\/\",\"url\":\"https:\/\/www.laspa.ee\/et\/golfipaketid\/\",\"name\":\"Golfipaketid - LaSpa Laulasmaa\",\"isPartOf\":{\"@id\":\"https:\/\/www.laspa.ee\/et\/#website\"},\"datePublished\":\"2021-04-09T07:49:49+00:00\",\"dateModified\":\"2022-03-28T07:44:42+00:00\",\"breadcrumb\":{\"@id\":\"https:\/\/www.laspa.ee\/et\/golfipaketid\/#breadcrumb\"},\"inLanguage\":\"et\",\"potentialAction\":[{\"@type\":\"ReadAction\",\"target\":[\"https:\/\/www.laspa.ee\/et\/golfipaketid\/\"]}]},{\"@type\":\"BreadcrumbList\",\"@id\":\"https:\/\/www.laspa.ee\/et\/golfipaketid\/#breadcrumb\",\"itemListElement\":[{\"@type\":\"ListItem\",\"position\":1,\"name\":\"Home\",\"item\":\"https:\/\/www.laspa.ee\/et\/\"},{\"@type\":\"ListItem\",\"position\":2,\"name\":\"Golfipaketid\"}]},{\"@type\":\"WebSite\",\"@id\":\"https:\/\/www.laspa.ee\/et\/#website\",\"url\":\"https:\/\/www.laspa.ee\/et\/\",\"name\":\"LaSpa Laulasmaa\",\"description\":\"Wellbeing by nature\",\"potentialAction\":[{\"@type\":\"SearchAction\",\"target\":{\"@type\":\"EntryPoint\",\"urlTemplate\":\"https:\/\/www.laspa.ee\/et\/?s={search_term_string}\"},\"query-input\":{\"@type\":\"PropertyValueSpecification\",\"valueRequired\":true,\"valueName\":\"search_term_string\"}}],\"inLanguage\":\"et\"}]}<\/script>\n<!-- \/ Yoast SEO plugin. -->","yoast_head_json":{"title":"Golfipaketid - LaSpa Laulasmaa","robots":{"index":"index","follow":"follow","max-snippet":"max-snippet:-1","max-image-preview":"max-image-preview:large","max-video-preview":"max-video-preview:-1"},"canonical":"https:\/\/www.laspa.ee\/et\/golfipaketid\/","og_locale":"et_EE","og_type":"article","og_title":"Golfipaketid - LaSpa Laulasmaa","og_url":"https:\/\/www.laspa.ee\/et\/golfipaketid\/","og_site_name":"LaSpa Laulasmaa","article_publisher":"https:\/\/www.facebook.com\/LaSpaLaulasmaa","article_modified_time":"2022-03-28T07:44:42+00:00","twitter_card":"summary_large_image","twitter_misc":{"Est. reading time":"1 minut"},"schema":{"@context":"https:\/\/schema.org","@graph":[{"@type":"WebPage","@id":"https:\/\/www.laspa.ee\/et\/golfipaketid\/","url":"https:\/\/www.laspa.ee\/et\/golfipaketid\/","name":"Golfipaketid - LaSpa Laulasmaa","isPartOf":{"@id":"https:\/\/www.laspa.ee\/et\/#website"},"datePublished":"2021-04-09T07:49:49+00:00","dateModified":"2022-03-28T07:44:42+00:00","breadcrumb":{"@id":"https:\/\/www.laspa.ee\/et\/golfipaketid\/#breadcrumb"},"inLanguage":"et","potentialAction":[{"@type":"ReadAction","target":["https:\/\/www.laspa.ee\/et\/golfipaketid\/"]}]},{"@type":"BreadcrumbList","@id":"https:\/\/www.laspa.ee\/et\/golfipaketid\/#breadcrumb","itemListElement":[{"@type":"ListItem","position":1,"name":"Home","item":"https:\/\/www.laspa.ee\/et\/"},{"@type":"ListItem","position":2,"name":"Golfipaketid"}]},{"@type":"WebSite","@id":"https:\/\/www.laspa.ee\/et\/#website","url":"https:\/\/www.laspa.ee\/et\/","name":"LaSpa Laulasmaa","description":"Wellbeing by nature","potentialAction":[{"@type":"SearchAction","target":{"@type":"EntryPoint","urlTemplate":"https:\/\/www.laspa.ee\/et\/?s={search_term_string}"},"query-input":{"@type":"PropertyValueSpecification","valueRequired":true,"valueName":"search_term_string"}}],"inLanguage":"et"}]}},"_links":{"self":[{"href":"https:\/\/www.laspa.ee\/et\/wp-json\/wp\/v2\/pages\/4271","targetHints":{"allow":["GET"]}}],"collection":[{"href":"https:\/\/www.laspa.ee\/et\/wp-json\/wp\/v2\/pages"}],"about":[{"href":"https:\/\/www.laspa.ee\/et\/wp-json\/wp\/v2\/types\/page"}],"author":[{"embeddable":true,"href":"https:\/\/www.laspa.ee\/et\/wp-json\/wp\/v2\/users\/4"}],"replies":[{"embeddable":true,"href":"https:\/\/www.laspa.ee\/et\/wp-json\/wp\/v2\/comments?post=4271"}],"version-history":[{"count":4,"href":"https:\/\/www.laspa.ee\/et\/wp-json\/wp\/v2\/pages\/4271\/revisions"}],"predecessor-version":[{"id":9302,"href":"https:\/\/www.laspa.ee\/et\/wp-json\/wp\/v2\/pages\/4271\/revisions\/9302"}],"wp:attachment":[{"href":"https:\/\/www.laspa.ee\/et\/wp-json\/wp\/v2\/media?parent=4271"}],"curies":[{"name":"wp","href":"https:\/\/api.w.org\/{rel}","templated":true}]}}