{"id":4620,"date":"2021-05-23T22:32:19","date_gmt":"2021-05-23T20:32:19","guid":{"rendered":"https:\/\/www.laspa.ee\/?page_id=4620"},"modified":"2026-01-21T12:03:47","modified_gmt":"2026-01-21T10:03:47","slug":"konverentsi-paketid","status":"publish","type":"page","link":"https:\/\/www.laspa.ee\/et\/konverentsi-paketid\/","title":{"rendered":"Konverentsipaketid"},"content":{"rendered":"\n<div class=\"wp-block-cover alignfull is-position-center-center\" style=\"min-height:311px;aspect-ratio:unset;\"><img loading=\"lazy\" decoding=\"async\" width=\"2048\" height=\"1536\" class=\"wp-block-cover__image-background wp-image-14713\" alt=\"\" src=\"https:\/\/www.laspa.ee\/wp-content\/uploads\/2023\/05\/5465.jpg\" style=\"object-position:62% 39%\" data-object-fit=\"cover\" data-object-position=\"62% 39%\" srcset=\"https:\/\/www.laspa.ee\/wp-content\/uploads\/2023\/05\/5465.jpg 2048w, https:\/\/www.laspa.ee\/wp-content\/uploads\/2023\/05\/5465-300x225.jpg 300w, https:\/\/www.laspa.ee\/wp-content\/uploads\/2023\/05\/5465-1150x863.jpg 1150w, https:\/\/www.laspa.ee\/wp-content\/uploads\/2023\/05\/5465-768x576.jpg 768w, https:\/\/www.laspa.ee\/wp-content\/uploads\/2023\/05\/5465-1536x1152.jpg 1536w, https:\/\/www.laspa.ee\/wp-content\/uploads\/2023\/05\/5465-800x600.jpg 800w\" sizes=\"auto, (max-width: 2048px) 100vw, 2048px\" \/><span aria-hidden=\"true\" class=\"wp-block-cover__background has-background-dim-40 has-background-dim\"><\/span><div class=\"wp-block-cover__inner-container is-layout-flow wp-block-cover-is-layout-flow\">\n<h1 class=\"wp-block-heading has-text-align-center has-white-color has-text-color\" id=\"konverentsi-paketid\">Konverentsipaketid<\/h1>\n<\/div><\/div>\n\n\n\n<div class=\"wp-block-edhotels-offers custom-three-blocks offers\"><div class=\"wp-offer-columns\">    <div class=\"wp-offer-column wide\">\n        <div class=\"offer-inner\">\n            <h5>Konverentsi paketid<\/h5>\n            <h4><span>inimene<\/span>196\u20ac<\/h4>\n            <a href=\"https:\/\/www.laspa.ee\/et\/offer\/koosolekupakett-looduse-keskel\/\"><figure class=\"wp-block-image\"><img loading=\"lazy\" decoding=\"async\" width=\"1150\" height=\"766\" src=\"https:\/\/www.laspa.ee\/wp-content\/uploads\/2026\/01\/people-2567915_1280-1150x766.jpg\" class=\"attachment-large size-large wp-post-image\" alt=\"\" srcset=\"https:\/\/www.laspa.ee\/wp-content\/uploads\/2026\/01\/people-2567915_1280-1150x766.jpg 1150w, https:\/\/www.laspa.ee\/wp-content\/uploads\/2026\/01\/people-2567915_1280-300x200.jpg 300w, https:\/\/www.laspa.ee\/wp-content\/uploads\/2026\/01\/people-2567915_1280-768x512.jpg 768w, https:\/\/www.laspa.ee\/wp-content\/uploads\/2026\/01\/people-2567915_1280-800x533.jpg 800w, https:\/\/www.laspa.ee\/wp-content\/uploads\/2026\/01\/people-2567915_1280.jpg 1280w\" sizes=\"auto, (max-width: 1150px) 100vw, 1150px\" \/><\/figure><\/a>\n            <h3><a href=\"https:\/\/www.laspa.ee\/et\/offer\/koosolekupakett-looduse-keskel\/\">Koosolekupakett Looduse keskel<\/a><\/h3>\n            <ul>\n<li>Konverentsiruumi kasutus kogu p\u00e4evaks kuni 6 tundi<\/li>\n<li>Tervituskohvipaus<\/li>\n<li>2-k\u00e4iguline l\u00f5unas\u00f6\u00f6k<\/li>\n<li>V\u00e4rske vahepala enne metsaminekut<\/li>\n<li>30-minutiline jalutusk\u00e4ik Laulasmaa vaikses m\u00e4nnimetsas koos matkajuhiga<\/li>\n<li>Energiat andev saunarituaal puuk\u00fcttega leilisaunas (15 min)<\/li>\n<li>Kolmek\u00e4iguline \u00f5htus\u00f6\u00f6k gurmeerestoranis Wicca<\/li>\n<li>Majutus koos hommikus\u00f6\u00f6gi ja vee-ning saunakeskuse kasutusega kahekohalistes tubades<\/li>\n<\/ul>\n            <div class=\"wp-block-button is-style-no-style\">\n                <a class=\"wp-block-button__link\" href=\"https:\/\/www.laspa.ee\/et\/offer\/koosolekupakett-looduse-keskel\/\">Loe edasi<\/a>\n            <\/div>\n        <\/div>\n    <\/div>\n    \n\n    <div class=\"wp-offer-column wide\">\n        <div class=\"offer-inner\">\n            <h5>Konverentsi paketid<\/h5>\n            <h4><span>inimene<\/span>196\u20ac<\/h4>\n            <a href=\"https:\/\/www.laspa.ee\/et\/offer\/koosolekupakett-laulvad-liivad\/\"><figure class=\"wp-block-image\"><img loading=\"lazy\" decoding=\"async\" width=\"1150\" height=\"767\" src=\"https:\/\/www.laspa.ee\/wp-content\/uploads\/2023\/04\/ewewwe-1150x767.jpg\" class=\"attachment-large size-large wp-post-image\" alt=\"\" srcset=\"https:\/\/www.laspa.ee\/wp-content\/uploads\/2023\/04\/ewewwe-1150x767.jpg 1150w, https:\/\/www.laspa.ee\/wp-content\/uploads\/2023\/04\/ewewwe-300x200.jpg 300w, https:\/\/www.laspa.ee\/wp-content\/uploads\/2023\/04\/ewewwe-768x512.jpg 768w, https:\/\/www.laspa.ee\/wp-content\/uploads\/2023\/04\/ewewwe-1536x1024.jpg 1536w, https:\/\/www.laspa.ee\/wp-content\/uploads\/2023\/04\/ewewwe-800x533.jpg 800w, https:\/\/www.laspa.ee\/wp-content\/uploads\/2023\/04\/ewewwe.jpg 1920w\" sizes=\"auto, (max-width: 1150px) 100vw, 1150px\" \/><\/figure><\/a>\n            <h3><a href=\"https:\/\/www.laspa.ee\/et\/offer\/koosolekupakett-laulvad-liivad\/\">Koosolekupakett Laulvad liivad<\/a><\/h3>\n            <ul>\n<li>Konverentsiruumi kasutus kogu p\u00e4evaks kuni 6 tundi<\/li>\n<li>Tervituskohvipaus<\/li>\n<li>2-k\u00e4iguline l\u00f5unas\u00f6\u00f6k<\/li>\n<li>Arvo P\u00e4rdi keskuse k\u00fclastus koos giidiga<\/li>\n<li>H\u00f5rgutav 3-k\u00e4iguline \u00f5htus\u00f6\u00f6k restoranis Wicca<\/li>\n<li>Majutus koos hommikus\u00f6\u00f6gi ja vee-ning saunakeskuse kasutusega kahekohalistes tubades<\/li>\n<\/ul>\n            <div class=\"wp-block-button is-style-no-style\">\n                <a class=\"wp-block-button__link\" href=\"https:\/\/www.laspa.ee\/et\/offer\/koosolekupakett-laulvad-liivad\/\">Loe edasi<\/a>\n            <\/div>\n        <\/div>\n    <\/div>\n    \n\n    <div class=\"wp-offer-column \">\n        <div class=\"offer-inner\">\n            <h5>Konverentsi paketid<\/h5>\n            <h4><span>inimene<\/span>202\u20ac<\/h4>\n            <a href=\"https:\/\/www.laspa.ee\/et\/offer\/koosolekupakett-uhised-seiklused-laulasmaal\/\"><figure class=\"wp-block-image\"><img loading=\"lazy\" decoding=\"async\" width=\"1150\" height=\"767\" src=\"https:\/\/www.laspa.ee\/wp-content\/uploads\/2023\/04\/xcvsdsdss-1150x767.jpg\" class=\"attachment-large size-large wp-post-image\" alt=\"\" srcset=\"https:\/\/www.laspa.ee\/wp-content\/uploads\/2023\/04\/xcvsdsdss-1150x767.jpg 1150w, https:\/\/www.laspa.ee\/wp-content\/uploads\/2023\/04\/xcvsdsdss-300x200.jpg 300w, https:\/\/www.laspa.ee\/wp-content\/uploads\/2023\/04\/xcvsdsdss-768x512.jpg 768w, https:\/\/www.laspa.ee\/wp-content\/uploads\/2023\/04\/xcvsdsdss-1536x1024.jpg 1536w, https:\/\/www.laspa.ee\/wp-content\/uploads\/2023\/04\/xcvsdsdss-800x533.jpg 800w, https:\/\/www.laspa.ee\/wp-content\/uploads\/2023\/04\/xcvsdsdss.jpg 1920w\" sizes=\"auto, (max-width: 1150px) 100vw, 1150px\" \/><\/figure><\/a>\n            <h3><a href=\"https:\/\/www.laspa.ee\/et\/offer\/koosolekupakett-uhised-seiklused-laulasmaal\/\">Koosolekupakett \u00dchised seiklused Laulasmaal<\/a><\/h3>\n            <ul>\n<li>Konverentsiruumi kasutus kogu p\u00e4evaks kuni 6 tundi<\/li>\n<li>Tervituskohvipaus<\/li>\n<li>2-k\u00e4iguline l\u00f5unas\u00f6\u00f6k<\/li>\n<li>Tunniajane matk koos matkajuhiga Laulasmaa rannas ja kaunis m\u00e4nnimetsas<\/li>\n<li>Peale matka soojendav jook ja k\u00fcpsetised meie tipitelgis<\/li>\n<li>H\u00f5rgutav 3-k\u00e4iguline \u00f5htus\u00f6\u00f6k restoranis Wicca<\/li>\n<li>Majutus koos hommikus\u00f6\u00f6gi ja vee-ning saunakeskuse kasutusega kahekohalistes tubades<\/li>\n<\/ul>\n            <div class=\"wp-block-button is-style-no-style\">\n                <a class=\"wp-block-button__link\" href=\"https:\/\/www.laspa.ee\/et\/offer\/koosolekupakett-uhised-seiklused-laulasmaal\/\">Loe edasi<\/a>\n            <\/div>\n        <\/div>\n    <\/div>\n    \n\n    <div class=\"wp-offer-column \">\n        <div class=\"offer-inner\">\n            <h5>Meeskonna\u00fcritused<\/h5>\n            <h4><span>inimene<\/span>173\u20ac<\/h4>\n            <a href=\"https:\/\/www.laspa.ee\/et\/offer\/meeskonnaurituse-pakett-surf-and-chill\/\"><figure class=\"wp-block-image\"><img loading=\"lazy\" decoding=\"async\" width=\"1024\" height=\"683\" src=\"https:\/\/www.laspa.ee\/wp-content\/uploads\/2020\/12\/surf_school-1024x683.jpg\" class=\"attachment-large size-large wp-post-image\" alt=\"Surf school in Laulasmaa\" srcset=\"https:\/\/www.laspa.ee\/wp-content\/uploads\/2020\/12\/surf_school-1024x683.jpg 1024w, https:\/\/www.laspa.ee\/wp-content\/uploads\/2020\/12\/surf_school-300x200.jpg 300w, https:\/\/www.laspa.ee\/wp-content\/uploads\/2020\/12\/surf_school-768x512.jpg 768w, https:\/\/www.laspa.ee\/wp-content\/uploads\/2020\/12\/surf_school-1536x1025.jpg 1536w, https:\/\/www.laspa.ee\/wp-content\/uploads\/2020\/12\/surf_school-800x534.jpg 800w, https:\/\/www.laspa.ee\/wp-content\/uploads\/2020\/12\/surf_school.jpg 1875w\" sizes=\"auto, (max-width: 1024px) 100vw, 1024px\" \/><\/figure><\/a>\n            <h3><a href=\"https:\/\/www.laspa.ee\/et\/offer\/meeskonnaurituse-pakett-surf-and-chill\/\">Meeskonna\u00fcrituse pakett Surf and Chill<\/a><\/h3>\n            <ul>\n<li>algajatele m\u00f5eldud purjelaua, aerusurfi ning tiivasurfi(wing) koolitus ning kogu vajaminev varustus (30-40 minutit teooriat kaldal ning 1,5-2 tundi praktikat vees)<\/li>\n<li>kaldapealsed tegevused ja varustus (rannatennis, rannav\u00f5rkpall, discgolf ,petanque, minigolf, osavusm\u00e4ngud)<\/li>\n<li>majutus kahekohalistes tubades koos hommikus\u00f6\u00f6gi ja vee- ning saunakeskuse kasutusega<\/li>\n<li>2-k\u00e4iguline l\u00f5unas\u00f6\u00f6k restoranis Liiv<\/li>\n<li>m\u00f5nusad kokteilid ja sn\u00e4kid peale surfip\u00e4eva LaSpa terrassil v\u00f5i tipitelgis<\/li>\n<\/ul>\n            <div class=\"wp-block-button is-style-no-style\">\n                <a class=\"wp-block-button__link\" href=\"https:\/\/www.laspa.ee\/et\/offer\/meeskonnaurituse-pakett-surf-and-chill\/\">Loe edasi<\/a>\n            <\/div>\n        <\/div>\n    <\/div>\n    \n\n    <div class=\"wp-offer-column \">\n        <div class=\"offer-inner\">\n            <h5>Meeskonna\u00fcritused<\/h5>\n            <h4><span>inimene<\/span>130\u20ac<\/h4>\n            <a href=\"https:\/\/www.laspa.ee\/et\/offer\/aerusurf-tiimiga-laulasmaal\/\"><figure class=\"wp-block-image\"><img loading=\"lazy\" decoding=\"async\" width=\"1150\" height=\"920\" src=\"https:\/\/www.laspa.ee\/wp-content\/uploads\/2024\/04\/LaSpa-surf-e1712142251426-1150x920.jpg\" class=\"attachment-large size-large wp-post-image\" alt=\"\" srcset=\"https:\/\/www.laspa.ee\/wp-content\/uploads\/2024\/04\/LaSpa-surf-e1712142251426-1150x920.jpg 1150w, https:\/\/www.laspa.ee\/wp-content\/uploads\/2024\/04\/LaSpa-surf-e1712142251426-300x240.jpg 300w, https:\/\/www.laspa.ee\/wp-content\/uploads\/2024\/04\/LaSpa-surf-e1712142251426-768x614.jpg 768w, https:\/\/www.laspa.ee\/wp-content\/uploads\/2024\/04\/LaSpa-surf-e1712142251426-1536x1229.jpg 1536w, https:\/\/www.laspa.ee\/wp-content\/uploads\/2024\/04\/LaSpa-surf-e1712142251426-800x640.jpg 800w, https:\/\/www.laspa.ee\/wp-content\/uploads\/2024\/04\/LaSpa-surf-e1712142251426.jpg 1920w\" sizes=\"auto, (max-width: 1150px) 100vw, 1150px\" \/><\/figure><\/a>\n            <h3><a href=\"https:\/\/www.laspa.ee\/et\/offer\/aerusurf-tiimiga-laulasmaal\/\">Aerusurf tiimiga Laulasmaal<\/a><\/h3>\n            <ul>\n<li>aerusurfi matk koos matkajuhiga, kestvus 1,5-2 tundi ( sisaldab koolitust ja varustust)<\/li>\n<li>majutus kahekohalistes tubades koos hommikus\u00f6\u00f6gi ja vee- ning saunakeskuse kasutusega<\/li>\n<li>3-k\u00e4iguline \u00f5htus\u00f6\u00f6k restoranis Liiv<\/li>\n<\/ul>\n            <div class=\"wp-block-button is-style-no-style\">\n                <a class=\"wp-block-button__link\" href=\"https:\/\/www.laspa.ee\/et\/offer\/aerusurf-tiimiga-laulasmaal\/\">Loe edasi<\/a>\n            <\/div>\n        <\/div>\n    <\/div>\n    \n\n    <div class=\"wp-offer-column \">\n        <div class=\"offer-inner\">\n            <h5>Meeskonna\u00fcritused<\/h5>\n            <h4><span>inimene<\/span>194\u20ac<\/h4>\n            <a href=\"https:\/\/www.laspa.ee\/et\/offer\/loogastav-paev-laulasmaal\/\"><figure class=\"wp-block-image\"><img loading=\"lazy\" decoding=\"async\" width=\"1150\" height=\"746\" src=\"https:\/\/www.laspa.ee\/wp-content\/uploads\/2021\/08\/naudi-3082-1-1150x746.jpg\" class=\"attachment-large size-large wp-post-image\" alt=\"\" srcset=\"https:\/\/www.laspa.ee\/wp-content\/uploads\/2021\/08\/naudi-3082-1-1150x746.jpg 1150w, https:\/\/www.laspa.ee\/wp-content\/uploads\/2021\/08\/naudi-3082-1-300x195.jpg 300w, https:\/\/www.laspa.ee\/wp-content\/uploads\/2021\/08\/naudi-3082-1-768x498.jpg 768w, https:\/\/www.laspa.ee\/wp-content\/uploads\/2021\/08\/naudi-3082-1-1536x996.jpg 1536w, https:\/\/www.laspa.ee\/wp-content\/uploads\/2021\/08\/naudi-3082-1-600x390.jpg 600w, https:\/\/www.laspa.ee\/wp-content\/uploads\/2021\/08\/naudi-3082-1-800x519.jpg 800w, https:\/\/www.laspa.ee\/wp-content\/uploads\/2021\/08\/naudi-3082-1.jpg 1920w\" sizes=\"auto, (max-width: 1150px) 100vw, 1150px\" \/><\/figure><\/a>\n            <h3><a href=\"https:\/\/www.laspa.ee\/et\/offer\/loogastav-paev-laulasmaal\/\">L\u00f5\u00f5gastav p\u00e4ev Laulasmaal<\/a><\/h3>\n            <ul>\n<li>1 keha- v\u00f5i n\u00e4ohoolitsus valikust<\/li>\n<li>majutus kahekohalistes tubades koos hommikus\u00f6\u00f6gi ja vee- ning saunakeskuse kasutusega<\/li>\n<li>3-k\u00e4iguline \u00f5htus\u00f6\u00f6k restoranis Wicca<\/li>\n<\/ul>\n            <div class=\"wp-block-button is-style-no-style\">\n                <a class=\"wp-block-button__link\" href=\"https:\/\/www.laspa.ee\/et\/offer\/loogastav-paev-laulasmaal\/\">Loe edasi<\/a>\n            <\/div>\n        <\/div>\n    <\/div>\n    <\/div><\/div>\n","protected":false},"excerpt":{"rendered":"","protected":false},"author":4,"featured_media":0,"parent":0,"menu_order":362,"comment_status":"closed","ping_status":"closed","template":"","meta":{"_acf_changed":false,"footnotes":""},"class_list":["post-4620","page","type-page","status-publish","hentry"],"acf":false,"yoast_head":"<!-- This site is optimized with the Yoast SEO plugin v27.4 - https:\/\/yoast.com\/product\/yoast-seo-wordpress\/ -->\n<title>Konverentsipaketid - LaSpa Laulasmaa<\/title>\n<meta name=\"robots\" content=\"index, follow, max-snippet:-1, max-image-preview:large, max-video-preview:-1\" \/>\n<link rel=\"canonical\" href=\"https:\/\/www.laspa.ee\/et\/konverentsi-paketid\/\" \/>\n<meta property=\"og:locale\" content=\"et_EE\" \/>\n<meta property=\"og:type\" content=\"article\" \/>\n<meta property=\"og:title\" content=\"Konverentsipaketid - LaSpa Laulasmaa\" \/>\n<meta property=\"og:url\" content=\"https:\/\/www.laspa.ee\/et\/konverentsi-paketid\/\" \/>\n<meta property=\"og:site_name\" content=\"LaSpa Laulasmaa\" \/>\n<meta property=\"article:publisher\" content=\"https:\/\/www.facebook.com\/LaSpaLaulasmaa\" \/>\n<meta property=\"article:modified_time\" content=\"2026-01-21T10:03:47+00:00\" \/>\n<meta property=\"og:image\" content=\"https:\/\/www.laspa.ee\/wp-content\/uploads\/2023\/05\/5465.jpg\" \/>\n\t<meta property=\"og:image:width\" content=\"2048\" \/>\n\t<meta property=\"og:image:height\" content=\"1536\" \/>\n\t<meta property=\"og:image:type\" content=\"image\/jpeg\" \/>\n<meta name=\"twitter:card\" content=\"summary_large_image\" \/>\n<meta name=\"twitter:label1\" content=\"Est. reading time\" \/>\n\t<meta name=\"twitter:data1\" content=\"1 minut\" \/>\n<script type=\"application\/ld+json\" class=\"yoast-schema-graph\">{\"@context\":\"https:\\\/\\\/schema.org\",\"@graph\":[{\"@type\":\"WebPage\",\"@id\":\"https:\\\/\\\/www.laspa.ee\\\/et\\\/konverentsi-paketid\\\/\",\"url\":\"https:\\\/\\\/www.laspa.ee\\\/et\\\/konverentsi-paketid\\\/\",\"name\":\"Konverentsipaketid - LaSpa Laulasmaa\",\"isPartOf\":{\"@id\":\"https:\\\/\\\/www.laspa.ee\\\/et\\\/#website\"},\"primaryImageOfPage\":{\"@id\":\"https:\\\/\\\/www.laspa.ee\\\/et\\\/konverentsi-paketid\\\/#primaryimage\"},\"image\":{\"@id\":\"https:\\\/\\\/www.laspa.ee\\\/et\\\/konverentsi-paketid\\\/#primaryimage\"},\"thumbnailUrl\":\"https:\\\/\\\/www.laspa.ee\\\/wp-content\\\/uploads\\\/2023\\\/05\\\/5465.jpg\",\"datePublished\":\"2021-05-23T20:32:19+00:00\",\"dateModified\":\"2026-01-21T10:03:47+00:00\",\"breadcrumb\":{\"@id\":\"https:\\\/\\\/www.laspa.ee\\\/et\\\/konverentsi-paketid\\\/#breadcrumb\"},\"inLanguage\":\"et\",\"potentialAction\":[{\"@type\":\"ReadAction\",\"target\":[\"https:\\\/\\\/www.laspa.ee\\\/et\\\/konverentsi-paketid\\\/\"]}]},{\"@type\":\"ImageObject\",\"inLanguage\":\"et\",\"@id\":\"https:\\\/\\\/www.laspa.ee\\\/et\\\/konverentsi-paketid\\\/#primaryimage\",\"url\":\"https:\\\/\\\/www.laspa.ee\\\/wp-content\\\/uploads\\\/2023\\\/05\\\/5465.jpg\",\"contentUrl\":\"https:\\\/\\\/www.laspa.ee\\\/wp-content\\\/uploads\\\/2023\\\/05\\\/5465.jpg\"},{\"@type\":\"BreadcrumbList\",\"@id\":\"https:\\\/\\\/www.laspa.ee\\\/et\\\/konverentsi-paketid\\\/#breadcrumb\",\"itemListElement\":[{\"@type\":\"ListItem\",\"position\":1,\"name\":\"Home\",\"item\":\"https:\\\/\\\/www.laspa.ee\\\/et\\\/\"},{\"@type\":\"ListItem\",\"position\":2,\"name\":\"Konverentsipaketid\"}]},{\"@type\":\"WebSite\",\"@id\":\"https:\\\/\\\/www.laspa.ee\\\/et\\\/#website\",\"url\":\"https:\\\/\\\/www.laspa.ee\\\/et\\\/\",\"name\":\"LaSpa Laulasmaa\",\"description\":\"Wellbeing by nature\",\"potentialAction\":[{\"@type\":\"SearchAction\",\"target\":{\"@type\":\"EntryPoint\",\"urlTemplate\":\"https:\\\/\\\/www.laspa.ee\\\/et\\\/?s={search_term_string}\"},\"query-input\":{\"@type\":\"PropertyValueSpecification\",\"valueRequired\":true,\"valueName\":\"search_term_string\"}}],\"inLanguage\":\"et\"}]}<\/script>\n<!-- \/ Yoast SEO plugin. -->","yoast_head_json":{"title":"Konverentsipaketid - LaSpa Laulasmaa","robots":{"index":"index","follow":"follow","max-snippet":"max-snippet:-1","max-image-preview":"max-image-preview:large","max-video-preview":"max-video-preview:-1"},"canonical":"https:\/\/www.laspa.ee\/et\/konverentsi-paketid\/","og_locale":"et_EE","og_type":"article","og_title":"Konverentsipaketid - LaSpa Laulasmaa","og_url":"https:\/\/www.laspa.ee\/et\/konverentsi-paketid\/","og_site_name":"LaSpa Laulasmaa","article_publisher":"https:\/\/www.facebook.com\/LaSpaLaulasmaa","article_modified_time":"2026-01-21T10:03:47+00:00","og_image":[{"width":2048,"height":1536,"url":"https:\/\/www.laspa.ee\/wp-content\/uploads\/2023\/05\/5465.jpg","type":"image\/jpeg"}],"twitter_card":"summary_large_image","twitter_misc":{"Est. reading time":"1 minut"},"schema":{"@context":"https:\/\/schema.org","@graph":[{"@type":"WebPage","@id":"https:\/\/www.laspa.ee\/et\/konverentsi-paketid\/","url":"https:\/\/www.laspa.ee\/et\/konverentsi-paketid\/","name":"Konverentsipaketid - LaSpa Laulasmaa","isPartOf":{"@id":"https:\/\/www.laspa.ee\/et\/#website"},"primaryImageOfPage":{"@id":"https:\/\/www.laspa.ee\/et\/konverentsi-paketid\/#primaryimage"},"image":{"@id":"https:\/\/www.laspa.ee\/et\/konverentsi-paketid\/#primaryimage"},"thumbnailUrl":"https:\/\/www.laspa.ee\/wp-content\/uploads\/2023\/05\/5465.jpg","datePublished":"2021-05-23T20:32:19+00:00","dateModified":"2026-01-21T10:03:47+00:00","breadcrumb":{"@id":"https:\/\/www.laspa.ee\/et\/konverentsi-paketid\/#breadcrumb"},"inLanguage":"et","potentialAction":[{"@type":"ReadAction","target":["https:\/\/www.laspa.ee\/et\/konverentsi-paketid\/"]}]},{"@type":"ImageObject","inLanguage":"et","@id":"https:\/\/www.laspa.ee\/et\/konverentsi-paketid\/#primaryimage","url":"https:\/\/www.laspa.ee\/wp-content\/uploads\/2023\/05\/5465.jpg","contentUrl":"https:\/\/www.laspa.ee\/wp-content\/uploads\/2023\/05\/5465.jpg"},{"@type":"BreadcrumbList","@id":"https:\/\/www.laspa.ee\/et\/konverentsi-paketid\/#breadcrumb","itemListElement":[{"@type":"ListItem","position":1,"name":"Home","item":"https:\/\/www.laspa.ee\/et\/"},{"@type":"ListItem","position":2,"name":"Konverentsipaketid"}]},{"@type":"WebSite","@id":"https:\/\/www.laspa.ee\/et\/#website","url":"https:\/\/www.laspa.ee\/et\/","name":"LaSpa Laulasmaa","description":"Wellbeing by nature","potentialAction":[{"@type":"SearchAction","target":{"@type":"EntryPoint","urlTemplate":"https:\/\/www.laspa.ee\/et\/?s={search_term_string}"},"query-input":{"@type":"PropertyValueSpecification","valueRequired":true,"valueName":"search_term_string"}}],"inLanguage":"et"}]}},"_links":{"self":[{"href":"https:\/\/www.laspa.ee\/et\/wp-json\/wp\/v2\/pages\/4620","targetHints":{"allow":["GET"]}}],"collection":[{"href":"https:\/\/www.laspa.ee\/et\/wp-json\/wp\/v2\/pages"}],"about":[{"href":"https:\/\/www.laspa.ee\/et\/wp-json\/wp\/v2\/types\/page"}],"author":[{"embeddable":true,"href":"https:\/\/www.laspa.ee\/et\/wp-json\/wp\/v2\/users\/4"}],"replies":[{"embeddable":true,"href":"https:\/\/www.laspa.ee\/et\/wp-json\/wp\/v2\/comments?post=4620"}],"version-history":[{"count":7,"href":"https:\/\/www.laspa.ee\/et\/wp-json\/wp\/v2\/pages\/4620\/revisions"}],"predecessor-version":[{"id":21590,"href":"https:\/\/www.laspa.ee\/et\/wp-json\/wp\/v2\/pages\/4620\/revisions\/21590"}],"wp:attachment":[{"href":"https:\/\/www.laspa.ee\/et\/wp-json\/wp\/v2\/media?parent=4620"}],"curies":[{"name":"wp","href":"https:\/\/api.w.org\/{rel}","templated":true}]}}