{"id":5299,"date":"2021-07-12T09:41:21","date_gmt":"2021-07-12T07:41:21","guid":{"rendered":"https:\/\/www.laspa.ee\/?page_id=5299"},"modified":"2022-02-02T08:38:46","modified_gmt":"2022-02-02T06:38:46","slug":"teeme-pai","status":"publish","type":"page","link":"https:\/\/www.laspa.ee\/et\/teeme-pai\/","title":{"rendered":"Teeme PAI"},"content":{"rendered":"\n<div class=\"wp-block-cover alignfull\"><span aria-hidden=\"true\" class=\"wp-block-cover__gradient-background has-background-dim\"><\/span><img loading=\"lazy\" decoding=\"async\" width=\"2560\" height=\"1917\" class=\"wp-block-cover__image-background wp-image-1196\" alt=\"\" src=\"https:\/\/www.laspa.ee\/wp-content\/uploads\/2020\/12\/kaupokalda-com-20181019-DJI_0699-scaled.jpg\" style=\"object-position:50% 35%\" data-object-fit=\"cover\" data-object-position=\"50% 35%\" srcset=\"https:\/\/www.laspa.ee\/wp-content\/uploads\/2020\/12\/kaupokalda-com-20181019-DJI_0699-scaled.jpg 2560w, https:\/\/www.laspa.ee\/wp-content\/uploads\/2020\/12\/kaupokalda-com-20181019-DJI_0699-300x225.jpg 300w, https:\/\/www.laspa.ee\/wp-content\/uploads\/2020\/12\/kaupokalda-com-20181019-DJI_0699-1150x861.jpg 1150w, https:\/\/www.laspa.ee\/wp-content\/uploads\/2020\/12\/kaupokalda-com-20181019-DJI_0699-768x575.jpg 768w, https:\/\/www.laspa.ee\/wp-content\/uploads\/2020\/12\/kaupokalda-com-20181019-DJI_0699-1536x1150.jpg 1536w, https:\/\/www.laspa.ee\/wp-content\/uploads\/2020\/12\/kaupokalda-com-20181019-DJI_0699-2048x1534.jpg 2048w, https:\/\/www.laspa.ee\/wp-content\/uploads\/2020\/12\/kaupokalda-com-20181019-DJI_0699-800x599.jpg 800w\" sizes=\"auto, (max-width: 2560px) 100vw, 2560px\" \/><div class=\"wp-block-cover__inner-container is-layout-flow wp-block-cover-is-layout-flow\">\n<p class=\"has-text-align-center has-white-color has-text-color has-large-font-size\">Teeme PAI<\/p>\n<\/div><\/div>\n\n\n\n<div class=\"custom-twin-cols\"><div class=\"wp-block-columns has-2-columns\"><div class=\"wp-block-column text-block\">\n<h2 class=\"wp-block-heading\" id=\"aitah-teile-armsad-oed-ja-hooldustootajad\">Ait\u00e4h teile armsad \u00f5ed ja hooldust\u00f6\u00f6tajad! <\/h2>\n\n\n\n<p>T\u00e4nut\u00e4heks oleme kokku pannud just teile m\u00f5eldes m\u00f5ned pakkumised, kus PAI kinkekaarte meie juures kasutada saate.<\/p>\n\n\n\n<ul class=\"wp-block-list\"><li>LaSpa vee- ja saunakeskuse \u00fchekordne p\u00e4\u00e4se 2,5h. Veekeskus on avatud iga p\u00e4ev 9:00-22:00 \u2013 &nbsp;10\u20ac<\/li><li>PAI voucheriga tasudes on restoranis WICCA soodustus s\u00f6\u00f6kidele ja jookidele 10%<\/li><li><strong>\u201eLaSpa PAI\u201c<\/strong>&nbsp;spaapuhkus kahele majutumiseks P-N maksumusega 69\u20ac\/ \u00f6\u00f6. <br>Spaapuhkus sisaldab majutus<strong>t&nbsp;<\/strong>standardtoas kahele, rikkaliku hommikus\u00f6\u00f6ki Rootsi lauas meie merevaatega restoranis, vee- ja saunakeskuse k\u00fclastamist hotellis viibimise ajal, j\u00f5usaali kasutamist, tasuta internetti, tasuta parkimist, 10% soodustus Naudi LaSpa spaahoolitsustelt<br>&#8211; Broneerimiseks kirjuta aadressil&nbsp;<a href=\"mailto:reservations@laspa.ee\">reservations@laspa.ee<\/a>&nbsp; v\u00f5i helista 687 0888. Kasuta salas\u00f5na: TEEME PAI<\/li><\/ul>\n\n\n\n<p>Pakkumised kehtivad kuni 31.03.22. <\/p>\n<\/div><div class=\"wp-block-column image-block\" data-pos=\"right\"><div class=\"wp-block-column\"><figure class=\"wp-block-image\"><img decoding=\"async\" src=\"https:\/\/www.laspa.ee\/wp-content\/uploads\/2021\/07\/teeme-pai-1150x758.jpg\" alt=\"\"\/><\/figure><\/div><\/div><\/div><\/div>\n","protected":false},"excerpt":{"rendered":"","protected":false},"author":4,"featured_media":0,"parent":0,"menu_order":200,"comment_status":"closed","ping_status":"closed","template":"","meta":{"_acf_changed":false,"footnotes":""},"class_list":["post-5299","page","type-page","status-publish","hentry"],"acf":false,"yoast_head":"<!-- This site is optimized with the Yoast SEO plugin v27.2 - https:\/\/yoast.com\/product\/yoast-seo-wordpress\/ -->\n<title>Teeme PAI - LaSpa Laulasmaa<\/title>\n<meta name=\"robots\" content=\"index, follow, max-snippet:-1, max-image-preview:large, max-video-preview:-1\" \/>\n<link rel=\"canonical\" href=\"https:\/\/www.laspa.ee\/et\/teeme-pai\/\" \/>\n<meta property=\"og:locale\" content=\"et_EE\" \/>\n<meta property=\"og:type\" content=\"article\" \/>\n<meta property=\"og:title\" content=\"Teeme PAI - LaSpa Laulasmaa\" \/>\n<meta property=\"og:url\" content=\"https:\/\/www.laspa.ee\/et\/teeme-pai\/\" \/>\n<meta property=\"og:site_name\" content=\"LaSpa Laulasmaa\" \/>\n<meta property=\"article:publisher\" content=\"https:\/\/www.facebook.com\/LaSpaLaulasmaa\" \/>\n<meta property=\"article:modified_time\" content=\"2022-02-02T06:38:46+00:00\" \/>\n<meta property=\"og:image\" content=\"https:\/\/www.laspa.ee\/wp-content\/uploads\/2020\/12\/kaupokalda-com-20181019-DJI_0699-scaled.jpg\" \/>\n<meta name=\"twitter:card\" content=\"summary_large_image\" \/>\n<meta name=\"twitter:label1\" content=\"Est. reading time\" \/>\n\t<meta name=\"twitter:data1\" content=\"1 minut\" \/>\n<script type=\"application\/ld+json\" class=\"yoast-schema-graph\">{\"@context\":\"https:\/\/schema.org\",\"@graph\":[{\"@type\":\"WebPage\",\"@id\":\"https:\/\/www.laspa.ee\/et\/teeme-pai\/\",\"url\":\"https:\/\/www.laspa.ee\/et\/teeme-pai\/\",\"name\":\"Teeme PAI - LaSpa Laulasmaa\",\"isPartOf\":{\"@id\":\"https:\/\/www.laspa.ee\/et\/#website\"},\"primaryImageOfPage\":{\"@id\":\"https:\/\/www.laspa.ee\/et\/teeme-pai\/#primaryimage\"},\"image\":{\"@id\":\"https:\/\/www.laspa.ee\/et\/teeme-pai\/#primaryimage\"},\"thumbnailUrl\":\"https:\/\/www.laspa.ee\/wp-content\/uploads\/2020\/12\/kaupokalda-com-20181019-DJI_0699-scaled.jpg\",\"datePublished\":\"2021-07-12T07:41:21+00:00\",\"dateModified\":\"2022-02-02T06:38:46+00:00\",\"breadcrumb\":{\"@id\":\"https:\/\/www.laspa.ee\/et\/teeme-pai\/#breadcrumb\"},\"inLanguage\":\"et\",\"potentialAction\":[{\"@type\":\"ReadAction\",\"target\":[\"https:\/\/www.laspa.ee\/et\/teeme-pai\/\"]}]},{\"@type\":\"ImageObject\",\"inLanguage\":\"et\",\"@id\":\"https:\/\/www.laspa.ee\/et\/teeme-pai\/#primaryimage\",\"url\":\"https:\/\/www.laspa.ee\/wp-content\/uploads\/2020\/12\/kaupokalda-com-20181019-DJI_0699-scaled.jpg\",\"contentUrl\":\"https:\/\/www.laspa.ee\/wp-content\/uploads\/2020\/12\/kaupokalda-com-20181019-DJI_0699-scaled.jpg\"},{\"@type\":\"BreadcrumbList\",\"@id\":\"https:\/\/www.laspa.ee\/et\/teeme-pai\/#breadcrumb\",\"itemListElement\":[{\"@type\":\"ListItem\",\"position\":1,\"name\":\"Home\",\"item\":\"https:\/\/www.laspa.ee\/et\/\"},{\"@type\":\"ListItem\",\"position\":2,\"name\":\"Teeme PAI\"}]},{\"@type\":\"WebSite\",\"@id\":\"https:\/\/www.laspa.ee\/et\/#website\",\"url\":\"https:\/\/www.laspa.ee\/et\/\",\"name\":\"LaSpa Laulasmaa\",\"description\":\"Wellbeing by nature\",\"potentialAction\":[{\"@type\":\"SearchAction\",\"target\":{\"@type\":\"EntryPoint\",\"urlTemplate\":\"https:\/\/www.laspa.ee\/et\/?s={search_term_string}\"},\"query-input\":{\"@type\":\"PropertyValueSpecification\",\"valueRequired\":true,\"valueName\":\"search_term_string\"}}],\"inLanguage\":\"et\"}]}<\/script>\n<!-- \/ Yoast SEO plugin. -->","yoast_head_json":{"title":"Teeme PAI - LaSpa Laulasmaa","robots":{"index":"index","follow":"follow","max-snippet":"max-snippet:-1","max-image-preview":"max-image-preview:large","max-video-preview":"max-video-preview:-1"},"canonical":"https:\/\/www.laspa.ee\/et\/teeme-pai\/","og_locale":"et_EE","og_type":"article","og_title":"Teeme PAI - LaSpa Laulasmaa","og_url":"https:\/\/www.laspa.ee\/et\/teeme-pai\/","og_site_name":"LaSpa Laulasmaa","article_publisher":"https:\/\/www.facebook.com\/LaSpaLaulasmaa","article_modified_time":"2022-02-02T06:38:46+00:00","og_image":[{"url":"https:\/\/www.laspa.ee\/wp-content\/uploads\/2020\/12\/kaupokalda-com-20181019-DJI_0699-scaled.jpg","type":"","width":"","height":""}],"twitter_card":"summary_large_image","twitter_misc":{"Est. reading time":"1 minut"},"schema":{"@context":"https:\/\/schema.org","@graph":[{"@type":"WebPage","@id":"https:\/\/www.laspa.ee\/et\/teeme-pai\/","url":"https:\/\/www.laspa.ee\/et\/teeme-pai\/","name":"Teeme PAI - LaSpa Laulasmaa","isPartOf":{"@id":"https:\/\/www.laspa.ee\/et\/#website"},"primaryImageOfPage":{"@id":"https:\/\/www.laspa.ee\/et\/teeme-pai\/#primaryimage"},"image":{"@id":"https:\/\/www.laspa.ee\/et\/teeme-pai\/#primaryimage"},"thumbnailUrl":"https:\/\/www.laspa.ee\/wp-content\/uploads\/2020\/12\/kaupokalda-com-20181019-DJI_0699-scaled.jpg","datePublished":"2021-07-12T07:41:21+00:00","dateModified":"2022-02-02T06:38:46+00:00","breadcrumb":{"@id":"https:\/\/www.laspa.ee\/et\/teeme-pai\/#breadcrumb"},"inLanguage":"et","potentialAction":[{"@type":"ReadAction","target":["https:\/\/www.laspa.ee\/et\/teeme-pai\/"]}]},{"@type":"ImageObject","inLanguage":"et","@id":"https:\/\/www.laspa.ee\/et\/teeme-pai\/#primaryimage","url":"https:\/\/www.laspa.ee\/wp-content\/uploads\/2020\/12\/kaupokalda-com-20181019-DJI_0699-scaled.jpg","contentUrl":"https:\/\/www.laspa.ee\/wp-content\/uploads\/2020\/12\/kaupokalda-com-20181019-DJI_0699-scaled.jpg"},{"@type":"BreadcrumbList","@id":"https:\/\/www.laspa.ee\/et\/teeme-pai\/#breadcrumb","itemListElement":[{"@type":"ListItem","position":1,"name":"Home","item":"https:\/\/www.laspa.ee\/et\/"},{"@type":"ListItem","position":2,"name":"Teeme PAI"}]},{"@type":"WebSite","@id":"https:\/\/www.laspa.ee\/et\/#website","url":"https:\/\/www.laspa.ee\/et\/","name":"LaSpa Laulasmaa","description":"Wellbeing by nature","potentialAction":[{"@type":"SearchAction","target":{"@type":"EntryPoint","urlTemplate":"https:\/\/www.laspa.ee\/et\/?s={search_term_string}"},"query-input":{"@type":"PropertyValueSpecification","valueRequired":true,"valueName":"search_term_string"}}],"inLanguage":"et"}]}},"_links":{"self":[{"href":"https:\/\/www.laspa.ee\/et\/wp-json\/wp\/v2\/pages\/5299","targetHints":{"allow":["GET"]}}],"collection":[{"href":"https:\/\/www.laspa.ee\/et\/wp-json\/wp\/v2\/pages"}],"about":[{"href":"https:\/\/www.laspa.ee\/et\/wp-json\/wp\/v2\/types\/page"}],"author":[{"embeddable":true,"href":"https:\/\/www.laspa.ee\/et\/wp-json\/wp\/v2\/users\/4"}],"replies":[{"embeddable":true,"href":"https:\/\/www.laspa.ee\/et\/wp-json\/wp\/v2\/comments?post=5299"}],"version-history":[{"count":7,"href":"https:\/\/www.laspa.ee\/et\/wp-json\/wp\/v2\/pages\/5299\/revisions"}],"predecessor-version":[{"id":8602,"href":"https:\/\/www.laspa.ee\/et\/wp-json\/wp\/v2\/pages\/5299\/revisions\/8602"}],"wp:attachment":[{"href":"https:\/\/www.laspa.ee\/et\/wp-json\/wp\/v2\/media?parent=5299"}],"curies":[{"name":"wp","href":"https:\/\/api.w.org\/{rel}","templated":true}]}}