{"id":5361,"date":"2021-07-17T23:51:44","date_gmt":"2021-07-17T21:51:44","guid":{"rendered":"https:\/\/www.laspa.ee\/?page_id=5361"},"modified":"2024-08-19T09:59:01","modified_gmt":"2024-08-19T07:59:01","slug":"laspa-buffet","status":"publish","type":"page","link":"https:\/\/www.laspa.ee\/et\/laspa-buffet\/","title":{"rendered":"K\u00e4bi"},"content":{"rendered":"\n<div class=\"wp-block-cover alignfull\"><span aria-hidden=\"true\" class=\"wp-block-cover__background has-background-dim\"><\/span><img loading=\"lazy\" decoding=\"async\" width=\"1920\" height=\"1285\" class=\"wp-block-cover__image-background wp-image-5368\" alt=\"\" src=\"https:\/\/www.laspa.ee\/wp-content\/uploads\/2021\/07\/20JJ1125_396.jpg\" style=\"object-position:48% 79%\" data-object-fit=\"cover\" data-object-position=\"48% 79%\" srcset=\"https:\/\/www.laspa.ee\/wp-content\/uploads\/2021\/07\/20JJ1125_396.jpg 1920w, https:\/\/www.laspa.ee\/wp-content\/uploads\/2021\/07\/20JJ1125_396-300x201.jpg 300w, https:\/\/www.laspa.ee\/wp-content\/uploads\/2021\/07\/20JJ1125_396-1150x770.jpg 1150w, https:\/\/www.laspa.ee\/wp-content\/uploads\/2021\/07\/20JJ1125_396-768x514.jpg 768w, https:\/\/www.laspa.ee\/wp-content\/uploads\/2021\/07\/20JJ1125_396-1536x1028.jpg 1536w, https:\/\/www.laspa.ee\/wp-content\/uploads\/2021\/07\/20JJ1125_396-800x535.jpg 800w\" sizes=\"auto, (max-width: 1920px) 100vw, 1920px\" \/><div class=\"wp-block-cover__inner-container is-layout-flow wp-block-cover-is-layout-flow\">\n<p class=\"has-text-align-center has-white-color has-text-color has-large-font-size\">Hommikus\u00f6\u00f6gi ja buffet restoran K\u00e4bi<\/p>\n<\/div><\/div>\n\n\n\n<div class=\"custom-twin-cols\"><div class=\"wp-block-columns has-2-columns\"><div class=\"wp-block-column image-block\" data-pos=\"left\"><div class=\"wp-block-column\"><a href=\"https:\/\/www.laspa.ee\/wp-content\/uploads\/2022\/05\/IMGL0810_fullsize_fotograaf.lauri_.laan_-1150x767.jpg\"><figure class=\"wp-block-image\"><img decoding=\"async\" src=\"https:\/\/www.laspa.ee\/wp-content\/uploads\/2022\/05\/IMGL0810_fullsize_fotograaf.lauri_.laan_-1150x767.jpg\" alt=\"\"\/><\/figure><\/a><\/div><\/div><div class=\"wp-block-column text-block\">\n<h2 class=\"wp-block-heading\" id=\"laspa-buffet\">Hommikus\u00f6\u00f6k<\/h2>\n\n\n\n<p>Peamaja k\u00fclalistele pakume tervisliku ja rikkalikku p\u00f5hjamaist hommikus\u00f6\u00f6ki hommikus\u00f6\u00f6girestoranis K\u00e4bi: <\/p>\n\n\n\n<p>E-R 07:00 &#8211; 10:00<br>L-P 07:30 &#8211; 11:00<\/p>\n\n\n\n<p>Rannamaja k\u00fclalised naudivad samadel kellaaegadel rahulikku hommikus\u00f6\u00f6ki koos buffet valikgua meie peamaja teise korruse privaatses hommikus\u00f6\u00f6gialas M\u00e4nd, mis asub pea trepist paremal pool.<\/p>\n<\/div><\/div><\/div>\n","protected":false},"excerpt":{"rendered":"","protected":false},"author":4,"featured_media":0,"parent":0,"menu_order":195,"comment_status":"closed","ping_status":"closed","template":"","meta":{"_acf_changed":false,"footnotes":""},"class_list":["post-5361","page","type-page","status-publish","hentry"],"acf":false,"yoast_head":"<!-- This site is optimized with the Yoast SEO plugin v27.2 - https:\/\/yoast.com\/product\/yoast-seo-wordpress\/ -->\n<title>K\u00e4bi - LaSpa Laulasmaa<\/title>\n<meta name=\"robots\" content=\"index, follow, max-snippet:-1, max-image-preview:large, max-video-preview:-1\" \/>\n<link rel=\"canonical\" href=\"https:\/\/www.laspa.ee\/et\/laspa-buffet\/\" \/>\n<meta property=\"og:locale\" content=\"et_EE\" \/>\n<meta property=\"og:type\" content=\"article\" \/>\n<meta property=\"og:title\" content=\"K\u00e4bi - LaSpa Laulasmaa\" \/>\n<meta property=\"og:url\" content=\"https:\/\/www.laspa.ee\/et\/laspa-buffet\/\" \/>\n<meta property=\"og:site_name\" content=\"LaSpa Laulasmaa\" \/>\n<meta property=\"article:publisher\" content=\"https:\/\/www.facebook.com\/LaSpaLaulasmaa\" \/>\n<meta property=\"article:modified_time\" content=\"2024-08-19T07:59:01+00:00\" \/>\n<meta property=\"og:image\" content=\"https:\/\/www.laspa.ee\/wp-content\/uploads\/2021\/07\/20JJ1125_396.jpg\" \/>\n<meta name=\"twitter:card\" content=\"summary_large_image\" \/>\n<meta name=\"twitter:label1\" content=\"Est. reading time\" \/>\n\t<meta name=\"twitter:data1\" content=\"1 minut\" \/>\n<script type=\"application\/ld+json\" class=\"yoast-schema-graph\">{\"@context\":\"https:\/\/schema.org\",\"@graph\":[{\"@type\":\"WebPage\",\"@id\":\"https:\/\/www.laspa.ee\/et\/laspa-buffet\/\",\"url\":\"https:\/\/www.laspa.ee\/et\/laspa-buffet\/\",\"name\":\"K\u00e4bi - LaSpa Laulasmaa\",\"isPartOf\":{\"@id\":\"https:\/\/www.laspa.ee\/et\/#website\"},\"primaryImageOfPage\":{\"@id\":\"https:\/\/www.laspa.ee\/et\/laspa-buffet\/#primaryimage\"},\"image\":{\"@id\":\"https:\/\/www.laspa.ee\/et\/laspa-buffet\/#primaryimage\"},\"thumbnailUrl\":\"https:\/\/www.laspa.ee\/wp-content\/uploads\/2021\/07\/20JJ1125_396.jpg\",\"datePublished\":\"2021-07-17T21:51:44+00:00\",\"dateModified\":\"2024-08-19T07:59:01+00:00\",\"breadcrumb\":{\"@id\":\"https:\/\/www.laspa.ee\/et\/laspa-buffet\/#breadcrumb\"},\"inLanguage\":\"et\",\"potentialAction\":[{\"@type\":\"ReadAction\",\"target\":[\"https:\/\/www.laspa.ee\/et\/laspa-buffet\/\"]}]},{\"@type\":\"ImageObject\",\"inLanguage\":\"et\",\"@id\":\"https:\/\/www.laspa.ee\/et\/laspa-buffet\/#primaryimage\",\"url\":\"https:\/\/www.laspa.ee\/wp-content\/uploads\/2021\/07\/20JJ1125_396.jpg\",\"contentUrl\":\"https:\/\/www.laspa.ee\/wp-content\/uploads\/2021\/07\/20JJ1125_396.jpg\"},{\"@type\":\"BreadcrumbList\",\"@id\":\"https:\/\/www.laspa.ee\/et\/laspa-buffet\/#breadcrumb\",\"itemListElement\":[{\"@type\":\"ListItem\",\"position\":1,\"name\":\"Home\",\"item\":\"https:\/\/www.laspa.ee\/et\/\"},{\"@type\":\"ListItem\",\"position\":2,\"name\":\"K\u00e4bi\"}]},{\"@type\":\"WebSite\",\"@id\":\"https:\/\/www.laspa.ee\/et\/#website\",\"url\":\"https:\/\/www.laspa.ee\/et\/\",\"name\":\"LaSpa Laulasmaa\",\"description\":\"Wellbeing by nature\",\"potentialAction\":[{\"@type\":\"SearchAction\",\"target\":{\"@type\":\"EntryPoint\",\"urlTemplate\":\"https:\/\/www.laspa.ee\/et\/?s={search_term_string}\"},\"query-input\":{\"@type\":\"PropertyValueSpecification\",\"valueRequired\":true,\"valueName\":\"search_term_string\"}}],\"inLanguage\":\"et\"}]}<\/script>\n<!-- \/ Yoast SEO plugin. -->","yoast_head_json":{"title":"K\u00e4bi - LaSpa Laulasmaa","robots":{"index":"index","follow":"follow","max-snippet":"max-snippet:-1","max-image-preview":"max-image-preview:large","max-video-preview":"max-video-preview:-1"},"canonical":"https:\/\/www.laspa.ee\/et\/laspa-buffet\/","og_locale":"et_EE","og_type":"article","og_title":"K\u00e4bi - LaSpa Laulasmaa","og_url":"https:\/\/www.laspa.ee\/et\/laspa-buffet\/","og_site_name":"LaSpa Laulasmaa","article_publisher":"https:\/\/www.facebook.com\/LaSpaLaulasmaa","article_modified_time":"2024-08-19T07:59:01+00:00","og_image":[{"url":"https:\/\/www.laspa.ee\/wp-content\/uploads\/2021\/07\/20JJ1125_396.jpg","type":"","width":"","height":""}],"twitter_card":"summary_large_image","twitter_misc":{"Est. reading time":"1 minut"},"schema":{"@context":"https:\/\/schema.org","@graph":[{"@type":"WebPage","@id":"https:\/\/www.laspa.ee\/et\/laspa-buffet\/","url":"https:\/\/www.laspa.ee\/et\/laspa-buffet\/","name":"K\u00e4bi - LaSpa Laulasmaa","isPartOf":{"@id":"https:\/\/www.laspa.ee\/et\/#website"},"primaryImageOfPage":{"@id":"https:\/\/www.laspa.ee\/et\/laspa-buffet\/#primaryimage"},"image":{"@id":"https:\/\/www.laspa.ee\/et\/laspa-buffet\/#primaryimage"},"thumbnailUrl":"https:\/\/www.laspa.ee\/wp-content\/uploads\/2021\/07\/20JJ1125_396.jpg","datePublished":"2021-07-17T21:51:44+00:00","dateModified":"2024-08-19T07:59:01+00:00","breadcrumb":{"@id":"https:\/\/www.laspa.ee\/et\/laspa-buffet\/#breadcrumb"},"inLanguage":"et","potentialAction":[{"@type":"ReadAction","target":["https:\/\/www.laspa.ee\/et\/laspa-buffet\/"]}]},{"@type":"ImageObject","inLanguage":"et","@id":"https:\/\/www.laspa.ee\/et\/laspa-buffet\/#primaryimage","url":"https:\/\/www.laspa.ee\/wp-content\/uploads\/2021\/07\/20JJ1125_396.jpg","contentUrl":"https:\/\/www.laspa.ee\/wp-content\/uploads\/2021\/07\/20JJ1125_396.jpg"},{"@type":"BreadcrumbList","@id":"https:\/\/www.laspa.ee\/et\/laspa-buffet\/#breadcrumb","itemListElement":[{"@type":"ListItem","position":1,"name":"Home","item":"https:\/\/www.laspa.ee\/et\/"},{"@type":"ListItem","position":2,"name":"K\u00e4bi"}]},{"@type":"WebSite","@id":"https:\/\/www.laspa.ee\/et\/#website","url":"https:\/\/www.laspa.ee\/et\/","name":"LaSpa Laulasmaa","description":"Wellbeing by nature","potentialAction":[{"@type":"SearchAction","target":{"@type":"EntryPoint","urlTemplate":"https:\/\/www.laspa.ee\/et\/?s={search_term_string}"},"query-input":{"@type":"PropertyValueSpecification","valueRequired":true,"valueName":"search_term_string"}}],"inLanguage":"et"}]}},"_links":{"self":[{"href":"https:\/\/www.laspa.ee\/et\/wp-json\/wp\/v2\/pages\/5361","targetHints":{"allow":["GET"]}}],"collection":[{"href":"https:\/\/www.laspa.ee\/et\/wp-json\/wp\/v2\/pages"}],"about":[{"href":"https:\/\/www.laspa.ee\/et\/wp-json\/wp\/v2\/types\/page"}],"author":[{"embeddable":true,"href":"https:\/\/www.laspa.ee\/et\/wp-json\/wp\/v2\/users\/4"}],"replies":[{"embeddable":true,"href":"https:\/\/www.laspa.ee\/et\/wp-json\/wp\/v2\/comments?post=5361"}],"version-history":[{"count":20,"href":"https:\/\/www.laspa.ee\/et\/wp-json\/wp\/v2\/pages\/5361\/revisions"}],"predecessor-version":[{"id":18757,"href":"https:\/\/www.laspa.ee\/et\/wp-json\/wp\/v2\/pages\/5361\/revisions\/18757"}],"wp:attachment":[{"href":"https:\/\/www.laspa.ee\/et\/wp-json\/wp\/v2\/media?parent=5361"}],"curies":[{"name":"wp","href":"https:\/\/api.w.org\/{rel}","templated":true}]}}