{"id":5405,"date":"2021-07-19T00:00:54","date_gmt":"2021-07-18T22:00:54","guid":{"rendered":"https:\/\/www.laspa.ee\/?page_id=5405"},"modified":"2022-02-02T08:38:17","modified_gmt":"2022-02-02T06:38:17","slug":"rannabaar","status":"publish","type":"page","link":"https:\/\/www.laspa.ee\/et\/rannabaar\/","title":{"rendered":"Rannabaar"},"content":{"rendered":"\n<div class=\"wp-block-cover alignfull\"><span aria-hidden=\"true\" class=\"wp-block-cover__gradient-background has-background-dim\"><\/span><img decoding=\"async\" class=\"wp-block-cover__image-background wp-image-5406\" alt=\"\" src=\"https:\/\/www.laspa.ee\/wp-content\/uploads\/2021\/07\/208783423_348087556712398_2024429299436895181_n.jpg\" style=\"object-position:57% 45%\" data-object-fit=\"cover\" data-object-position=\"57% 45%\"\/><div class=\"wp-block-cover__inner-container is-layout-flow wp-block-cover-is-layout-flow\">\n<p class=\"has-text-align-center has-white-color has-text-color has-large-font-size\">LaSpa rannabaar<\/p>\n<\/div><\/div>\n\n\n\n<div class=\"custom-twin-cols\"><div class=\"wp-block-columns has-2-columns\"><div class=\"wp-block-column text-block\">\n<h2 class=\"wp-block-heading\" id=\"rannabaar\">Rannabaar<\/h2>\n\n\n\n<p>Otse rannaliival, surfiklubi k\u00f5rval asub LaSpa rannabaar. Valikus on karastavad joogid, kokteilid, veinid \u2013 \u00f5lud, j\u00e4\u00e4tised ja hot dogid. <\/p>\n\n\n\n<p>Selleks hooajaks on rannabaar suletud! Kohtumiseni rannabaaris juba j\u00e4rgmisel suvel. <\/p>\n\n\n\n<p>Lisainfo<br>+372 687 0871<br>+372 5696 6107<\/p>\n<\/div><div class=\"wp-block-column image-block\" data-pos=\"right\"><div class=\"wp-block-column\"><figure class=\"wp-block-image\"><img decoding=\"async\" src=\"https:\/\/www.laspa.ee\/wp-content\/uploads\/2021\/07\/20210630_150610-e1625211551185-1150x816.jpg\" alt=\"\"\/><\/figure><\/div><\/div><\/div><\/div>\n","protected":false},"excerpt":{"rendered":"","protected":false},"author":4,"featured_media":0,"parent":0,"menu_order":196,"comment_status":"closed","ping_status":"closed","template":"","meta":{"_acf_changed":false,"footnotes":""},"class_list":["post-5405","page","type-page","status-publish","hentry"],"acf":false,"yoast_head":"<!-- This site is optimized with the Yoast SEO plugin v27.4 - https:\/\/yoast.com\/product\/yoast-seo-wordpress\/ -->\n<title>Rannabaar - LaSpa Laulasmaa<\/title>\n<meta name=\"robots\" content=\"index, follow, max-snippet:-1, max-image-preview:large, max-video-preview:-1\" \/>\n<link rel=\"canonical\" href=\"https:\/\/www.laspa.ee\/et\/rannabaar\/\" \/>\n<meta property=\"og:locale\" content=\"et_EE\" \/>\n<meta property=\"og:type\" content=\"article\" \/>\n<meta property=\"og:title\" content=\"Rannabaar - LaSpa Laulasmaa\" \/>\n<meta property=\"og:url\" content=\"https:\/\/www.laspa.ee\/et\/rannabaar\/\" \/>\n<meta property=\"og:site_name\" content=\"LaSpa Laulasmaa\" \/>\n<meta property=\"article:publisher\" content=\"https:\/\/www.facebook.com\/LaSpaLaulasmaa\" \/>\n<meta property=\"article:modified_time\" content=\"2022-02-02T06:38:17+00:00\" \/>\n<meta property=\"og:image\" content=\"https:\/\/www.laspa.ee\/wp-content\/uploads\/2021\/07\/208783423_348087556712398_2024429299436895181_n.jpg\" \/>\n<meta name=\"twitter:card\" content=\"summary_large_image\" \/>\n<meta name=\"twitter:label1\" content=\"Est. reading time\" \/>\n\t<meta name=\"twitter:data1\" content=\"1 minut\" \/>\n<script type=\"application\/ld+json\" class=\"yoast-schema-graph\">{\"@context\":\"https:\\\/\\\/schema.org\",\"@graph\":[{\"@type\":\"WebPage\",\"@id\":\"https:\\\/\\\/www.laspa.ee\\\/et\\\/rannabaar\\\/\",\"url\":\"https:\\\/\\\/www.laspa.ee\\\/et\\\/rannabaar\\\/\",\"name\":\"Rannabaar - LaSpa Laulasmaa\",\"isPartOf\":{\"@id\":\"https:\\\/\\\/www.laspa.ee\\\/et\\\/#website\"},\"primaryImageOfPage\":{\"@id\":\"https:\\\/\\\/www.laspa.ee\\\/et\\\/rannabaar\\\/#primaryimage\"},\"image\":{\"@id\":\"https:\\\/\\\/www.laspa.ee\\\/et\\\/rannabaar\\\/#primaryimage\"},\"thumbnailUrl\":\"https:\\\/\\\/www.laspa.ee\\\/wp-content\\\/uploads\\\/2021\\\/07\\\/208783423_348087556712398_2024429299436895181_n.jpg\",\"datePublished\":\"2021-07-18T22:00:54+00:00\",\"dateModified\":\"2022-02-02T06:38:17+00:00\",\"breadcrumb\":{\"@id\":\"https:\\\/\\\/www.laspa.ee\\\/et\\\/rannabaar\\\/#breadcrumb\"},\"inLanguage\":\"et\",\"potentialAction\":[{\"@type\":\"ReadAction\",\"target\":[\"https:\\\/\\\/www.laspa.ee\\\/et\\\/rannabaar\\\/\"]}]},{\"@type\":\"ImageObject\",\"inLanguage\":\"et\",\"@id\":\"https:\\\/\\\/www.laspa.ee\\\/et\\\/rannabaar\\\/#primaryimage\",\"url\":\"https:\\\/\\\/www.laspa.ee\\\/wp-content\\\/uploads\\\/2021\\\/07\\\/208783423_348087556712398_2024429299436895181_n.jpg\",\"contentUrl\":\"https:\\\/\\\/www.laspa.ee\\\/wp-content\\\/uploads\\\/2021\\\/07\\\/208783423_348087556712398_2024429299436895181_n.jpg\"},{\"@type\":\"BreadcrumbList\",\"@id\":\"https:\\\/\\\/www.laspa.ee\\\/et\\\/rannabaar\\\/#breadcrumb\",\"itemListElement\":[{\"@type\":\"ListItem\",\"position\":1,\"name\":\"Home\",\"item\":\"https:\\\/\\\/www.laspa.ee\\\/et\\\/\"},{\"@type\":\"ListItem\",\"position\":2,\"name\":\"Rannabaar\"}]},{\"@type\":\"WebSite\",\"@id\":\"https:\\\/\\\/www.laspa.ee\\\/et\\\/#website\",\"url\":\"https:\\\/\\\/www.laspa.ee\\\/et\\\/\",\"name\":\"LaSpa Laulasmaa\",\"description\":\"Wellbeing by nature\",\"potentialAction\":[{\"@type\":\"SearchAction\",\"target\":{\"@type\":\"EntryPoint\",\"urlTemplate\":\"https:\\\/\\\/www.laspa.ee\\\/et\\\/?s={search_term_string}\"},\"query-input\":{\"@type\":\"PropertyValueSpecification\",\"valueRequired\":true,\"valueName\":\"search_term_string\"}}],\"inLanguage\":\"et\"}]}<\/script>\n<!-- \/ Yoast SEO plugin. -->","yoast_head_json":{"title":"Rannabaar - LaSpa Laulasmaa","robots":{"index":"index","follow":"follow","max-snippet":"max-snippet:-1","max-image-preview":"max-image-preview:large","max-video-preview":"max-video-preview:-1"},"canonical":"https:\/\/www.laspa.ee\/et\/rannabaar\/","og_locale":"et_EE","og_type":"article","og_title":"Rannabaar - LaSpa Laulasmaa","og_url":"https:\/\/www.laspa.ee\/et\/rannabaar\/","og_site_name":"LaSpa Laulasmaa","article_publisher":"https:\/\/www.facebook.com\/LaSpaLaulasmaa","article_modified_time":"2022-02-02T06:38:17+00:00","og_image":[{"url":"https:\/\/www.laspa.ee\/wp-content\/uploads\/2021\/07\/208783423_348087556712398_2024429299436895181_n.jpg","type":"","width":"","height":""}],"twitter_card":"summary_large_image","twitter_misc":{"Est. reading time":"1 minut"},"schema":{"@context":"https:\/\/schema.org","@graph":[{"@type":"WebPage","@id":"https:\/\/www.laspa.ee\/et\/rannabaar\/","url":"https:\/\/www.laspa.ee\/et\/rannabaar\/","name":"Rannabaar - LaSpa Laulasmaa","isPartOf":{"@id":"https:\/\/www.laspa.ee\/et\/#website"},"primaryImageOfPage":{"@id":"https:\/\/www.laspa.ee\/et\/rannabaar\/#primaryimage"},"image":{"@id":"https:\/\/www.laspa.ee\/et\/rannabaar\/#primaryimage"},"thumbnailUrl":"https:\/\/www.laspa.ee\/wp-content\/uploads\/2021\/07\/208783423_348087556712398_2024429299436895181_n.jpg","datePublished":"2021-07-18T22:00:54+00:00","dateModified":"2022-02-02T06:38:17+00:00","breadcrumb":{"@id":"https:\/\/www.laspa.ee\/et\/rannabaar\/#breadcrumb"},"inLanguage":"et","potentialAction":[{"@type":"ReadAction","target":["https:\/\/www.laspa.ee\/et\/rannabaar\/"]}]},{"@type":"ImageObject","inLanguage":"et","@id":"https:\/\/www.laspa.ee\/et\/rannabaar\/#primaryimage","url":"https:\/\/www.laspa.ee\/wp-content\/uploads\/2021\/07\/208783423_348087556712398_2024429299436895181_n.jpg","contentUrl":"https:\/\/www.laspa.ee\/wp-content\/uploads\/2021\/07\/208783423_348087556712398_2024429299436895181_n.jpg"},{"@type":"BreadcrumbList","@id":"https:\/\/www.laspa.ee\/et\/rannabaar\/#breadcrumb","itemListElement":[{"@type":"ListItem","position":1,"name":"Home","item":"https:\/\/www.laspa.ee\/et\/"},{"@type":"ListItem","position":2,"name":"Rannabaar"}]},{"@type":"WebSite","@id":"https:\/\/www.laspa.ee\/et\/#website","url":"https:\/\/www.laspa.ee\/et\/","name":"LaSpa Laulasmaa","description":"Wellbeing by nature","potentialAction":[{"@type":"SearchAction","target":{"@type":"EntryPoint","urlTemplate":"https:\/\/www.laspa.ee\/et\/?s={search_term_string}"},"query-input":{"@type":"PropertyValueSpecification","valueRequired":true,"valueName":"search_term_string"}}],"inLanguage":"et"}]}},"_links":{"self":[{"href":"https:\/\/www.laspa.ee\/et\/wp-json\/wp\/v2\/pages\/5405","targetHints":{"allow":["GET"]}}],"collection":[{"href":"https:\/\/www.laspa.ee\/et\/wp-json\/wp\/v2\/pages"}],"about":[{"href":"https:\/\/www.laspa.ee\/et\/wp-json\/wp\/v2\/types\/page"}],"author":[{"embeddable":true,"href":"https:\/\/www.laspa.ee\/et\/wp-json\/wp\/v2\/users\/4"}],"replies":[{"embeddable":true,"href":"https:\/\/www.laspa.ee\/et\/wp-json\/wp\/v2\/comments?post=5405"}],"version-history":[{"count":3,"href":"https:\/\/www.laspa.ee\/et\/wp-json\/wp\/v2\/pages\/5405\/revisions"}],"predecessor-version":[{"id":8600,"href":"https:\/\/www.laspa.ee\/et\/wp-json\/wp\/v2\/pages\/5405\/revisions\/8600"}],"wp:attachment":[{"href":"https:\/\/www.laspa.ee\/et\/wp-json\/wp\/v2\/media?parent=5405"}],"curies":[{"name":"wp","href":"https:\/\/api.w.org\/{rel}","templated":true}]}}