{"id":6516,"date":"2021-09-29T13:53:06","date_gmt":"2021-09-29T11:53:06","guid":{"rendered":"https:\/\/www.laspa.ee\/?page_id=6516"},"modified":"2026-03-18T15:37:42","modified_gmt":"2026-03-18T13:37:42","slug":"juhised","status":"publish","type":"page","link":"https:\/\/www.laspa.ee\/et\/juhised\/","title":{"rendered":"Juhised"},"content":{"rendered":"\n<div class=\"wp-block-cover alignfull\" style=\"min-height:354px;aspect-ratio:unset;\"><img loading=\"lazy\" decoding=\"async\" width=\"2560\" height=\"1919\" class=\"wp-block-cover__image-background wp-image-2421\" alt=\"\" src=\"https:\/\/www.laspa.ee\/wp-content\/uploads\/2021\/01\/TonuTunnel.com_ArvoPa\u0308rtCentre_008-scaled.jpg\" style=\"object-position:52% 4%\" data-object-fit=\"cover\" data-object-position=\"52% 4%\" srcset=\"https:\/\/www.laspa.ee\/wp-content\/uploads\/2021\/01\/TonuTunnel.com_ArvoPa\u0308rtCentre_008-scaled.jpg 2560w, https:\/\/www.laspa.ee\/wp-content\/uploads\/2021\/01\/TonuTunnel.com_ArvoPa\u0308rtCentre_008-300x225.jpg 300w, https:\/\/www.laspa.ee\/wp-content\/uploads\/2021\/01\/TonuTunnel.com_ArvoPa\u0308rtCentre_008-1150x862.jpg 1150w, https:\/\/www.laspa.ee\/wp-content\/uploads\/2021\/01\/TonuTunnel.com_ArvoPa\u0308rtCentre_008-768x576.jpg 768w, https:\/\/www.laspa.ee\/wp-content\/uploads\/2021\/01\/TonuTunnel.com_ArvoPa\u0308rtCentre_008-1536x1151.jpg 1536w, https:\/\/www.laspa.ee\/wp-content\/uploads\/2021\/01\/TonuTunnel.com_ArvoPa\u0308rtCentre_008-2048x1535.jpg 2048w, https:\/\/www.laspa.ee\/wp-content\/uploads\/2021\/01\/TonuTunnel.com_ArvoPa\u0308rtCentre_008-800x600.jpg 800w\" sizes=\"auto, (max-width: 2560px) 100vw, 2560px\" \/><span aria-hidden=\"true\" class=\"wp-block-cover__background has-background-dim\"><\/span><div class=\"wp-block-cover__inner-container is-layout-flow wp-block-cover-is-layout-flow\">\n<p class=\"has-text-align-center has-white-color has-text-color has-large-font-size\">Juhised kohalej\u00f5udmiseks<\/p>\n<\/div><\/div>\n\n\n\n<a href=\"#\" class=\"trigger-mobile-scrollmenu\">See some options<\/a><ul class=\"onpage-scrollmenu\">\n<li class=\"wp-block-edhotels-anchor-text\"><a href=\"#ab9f0111-883d-4983-9d1e-91223a5f9c05\">BUSSIGA<\/a><\/li>\n\n\n\n<li class=\"wp-block-edhotels-anchor-text\"><a href=\"#3b001126-8326-4cb6-b292-0a1240fb480c\">AUTOGA <\/a><\/li>\n\n\n\n<li class=\"wp-block-edhotels-anchor-text\"><a href=\"#bf8ed872-3e8d-43ce-9eeb-7cd5d61ae91f\">LAEVAGA<\/a><\/li>\n\n\n\n<li class=\"wp-block-edhotels-anchor-text\"><a href=\"#161a8644-e9d0-43ab-969c-23cb52ccf420\">LENNUKIGA<\/a><\/li>\n<\/ul>\n\n\n\n<div class=\"wp-block-columns alignwide is-layout-flex wp-container-corecolumns-is-layout-9d6595d7 wp-block-columns-is-layout-flex\">\n<div class=\"wp-block-column is-layout-flow wp-block-column-is-layout-flow\">\n<p>Asume Laulasmaal, 35 kilomeetri kaugusel Tallinnast, kaunil looduslikul poolsaarel mere ja m\u00e4nnimetsa vahel. Lihtsaim viis siia tulla on autoga, kuid tulla v\u00f5ib ka bussi, v\u00f5i jalgrattaga v\u00f5i jalgsi.<\/p>\n\n\n\n<p><a href=\"https:\/\/www.google.com\/maps\/place\/LaSpa+Laulasmaa\/@59.3744987,24.2354961,17z\/am=t\/data=!3m1!4b1!4m8!3m7!1s0x4692a3c786b158a7:0x57572ae66bd9ec67!5m2!4m1!1i2!8m2!3d59.3744987!4d24.2376901\">Vaadake meid Google Mapsis<\/a><\/p>\n\n\n\n<p>LaSpa pakub oma k\u00fclalistele ka transporti. Meie mugav elektribuss mahutab kuni neli reisijat ning s\u00f5idukit juhib meie kogenud juht. <strong>Vaata lisainfot ja esita p\u00e4ring <a href=\"https:\/\/www.laspa.ee\/et\/transport\/\">siin<\/a>.<\/strong><\/p>\n<\/div>\n<\/div>\n\n\n\n<p><\/p>\n\n\n\n<p><\/p>\n\n\n\n<div id=\"ab9f0111-883d-4983-9d1e-91223a5f9c05\" class=\"wp-block-edhotels-anchor\"><\/div>\n\n\n\n<div class=\"wp-block-columns alignwide is-layout-flex wp-container-corecolumns-is-layout-9d6595d7 wp-block-columns-is-layout-flex\">\n<div class=\"wp-block-column is-layout-flow wp-block-column-is-layout-flow\" style=\"flex-basis:100%\">\n<div class=\"wp-block-columns is-layout-flex wp-container-corecolumns-is-layout-9d6595d7 wp-block-columns-is-layout-flex\">\n<div class=\"wp-block-column is-layout-flow wp-block-column-is-layout-flow\">\n<h2 class=\"wp-block-heading\" id=\"saabun-bussiga\">Saabun bussiga<\/h2>\n\n\n\n<p>Tallinnast p\u00e4\u00e4seb Laulasmaale bussidega 127 ja 128.<\/p>\n\n\n\n<p>V\u00e4ljumine Viru peatusest:<br>Buss nr 127 &#8211; \u00a0Laulasmaa bussipeatus <a href=\"https:\/\/iil.pilet.ee\/et\/explore\/route\/1:567053c7791c6231bae6d14b4d6978f1\/patterns\">(ajagraafik<\/a>)<br>Buss nr 128 \u00a0&#8211; Laulasmaa bussipeatus <a href=\"https:\/\/iil.pilet.ee\/et\/explore\/route\/1:94c64bbb02d853936d0aeae5b4082f13\/patterns\">(ajagraafik)<\/a><\/p>\n\n\n\n<p><strong>Lohusalu tee bussipeatus<\/strong> asub peatee l\u00e4hedal. Bussipeatuses k\u00f5ndige u. 55 m peateeni ja p\u00f6\u00f6rake siis paremale, k\u00f5ndige edasi u. 69m ja p\u00f6\u00f6rake siis taas paremale hotellini viivale teele (Lauresi tee).<\/p>\n\n\n\n<p><strong>Laulasmaa bussipeatus<\/strong> asub hotellist umbes 700 meetri kaugusel. Bussipeatuses k\u00f5ndige u. 200m edasi ja p\u00f6\u00f6rake siis paremale hotellini viivale teele (Lauresi tee).<\/p>\n<\/div>\n<\/div>\n<\/div>\n<\/div>\n\n\n\n<div id=\"3b001126-8326-4cb6-b292-0a1240fb480c\" class=\"wp-block-edhotels-anchor\"><\/div>\n\n\n\n<div class=\"wp-block-columns alignwide is-layout-flex wp-container-corecolumns-is-layout-9d6595d7 wp-block-columns-is-layout-flex\">\n<div class=\"wp-block-column is-layout-flow wp-block-column-is-layout-flow\">\n<h2 class=\"wp-block-heading\" id=\"saabun-autoga\">Saabun autoga<\/h2>\n\n\n\n<p>V\u00f5tke suund Laulasmaa poole.&nbsp; S\u00f5ites m\u00f6\u00f6da Paldiski maanteed (tee 8), Kiia-V\u00e4\u00e4na-Viti (tee 410), V\u00e4\u00e4na-Keila-Joa (tee 411) ja Tallinn-Rannam\u00f5isa-Kloogaranna juurest Laulasmaale.&nbsp;<br>Kui olete k\u00fclla j\u00f5udnud, s\u00f5itke otse. Ligikaudu 800 meetri p\u00e4rast n\u00e4ete teeviita LaSpa Laulasmaale. P\u00f6\u00f6rake paremale Lauresi tee peale. \u00dcks meie kahest parklast asub kohe teist vasakul ja teine parkla asub hotelli territooriumil m\u00e4nnimetsa vahel.<\/p>\n\n\n\n<div id=\"bf8ed872-3e8d-43ce-9eeb-7cd5d61ae91f\" class=\"wp-block-edhotels-anchor\"><\/div>\n\n\n\n<h2 class=\"wp-block-heading\" id=\"saabun-laevaga\">Saabun laevaga<\/h2>\n\n\n\n<p>Soovitame v\u00f5tta rendiauto sadamast v\u00f5i tellida takso. <\/p>\n<\/div>\n<\/div>\n\n\n\n<div id=\"161a8644-e9d0-43ab-969c-23cb52ccf420\" class=\"wp-block-edhotels-anchor\"><\/div>\n\n\n\n<div class=\"wp-block-columns alignwide is-layout-flex wp-container-corecolumns-is-layout-9d6595d7 wp-block-columns-is-layout-flex\">\n<div class=\"wp-block-column is-layout-flow wp-block-column-is-layout-flow\">\n<div class=\"wp-block-columns is-layout-flex wp-container-corecolumns-is-layout-9d6595d7 wp-block-columns-is-layout-flex\">\n<div class=\"wp-block-column is-layout-flow wp-block-column-is-layout-flow\">\n<h2 class=\"wp-block-heading\" id=\"saabun-lennukiga\">Saabun lennukiga<\/h2>\n\n\n\n<p>Soovitame v\u00f5tta rendiauto lennujaamast v\u00f5i tellida takso. <\/p>\n<\/div>\n<\/div>\n<\/div>\n<\/div>\n\n\n\n<div class=\"wp-block-webfactory-map alignfull google-map-edhotels\"><div class=\"wp-block-webfactory-map\"><\/div><\/div>\n","protected":false},"excerpt":{"rendered":"<p>Asume Laulasmaal, 35 kilomeetri kaugusel Tallinnast, kaunil looduslikul poolsaarel mere ja m\u00e4nnimetsa vahel. Lihtsaim viis siia tulla on autoga, kuid tulla v\u00f5ib ka bussi, v\u00f5i jalgrattaga v\u00f5i jalgsi. Vaadake meid Google Mapsis LaSpa pakub oma k\u00fclalistele ka transporti. Meie mugav elektribuss mahutab kuni neli reisijat ning s\u00f5idukit juhib meie kogenud juht. Vaata lisainfot ja esita [&hellip;]<\/p>\n","protected":false},"author":4,"featured_media":0,"parent":0,"menu_order":175,"comment_status":"closed","ping_status":"closed","template":"","meta":{"_acf_changed":false,"footnotes":""},"class_list":["post-6516","page","type-page","status-publish","hentry"],"acf":false,"yoast_head":"<!-- This site is optimized with the Yoast SEO plugin v27.2 - https:\/\/yoast.com\/product\/yoast-seo-wordpress\/ -->\n<title>Juhised - LaSpa Laulasmaa<\/title>\n<meta name=\"robots\" content=\"index, follow, max-snippet:-1, max-image-preview:large, max-video-preview:-1\" \/>\n<link rel=\"canonical\" href=\"https:\/\/www.laspa.ee\/et\/juhised\/\" \/>\n<meta property=\"og:locale\" content=\"et_EE\" \/>\n<meta property=\"og:type\" content=\"article\" \/>\n<meta property=\"og:title\" content=\"Juhised - LaSpa Laulasmaa\" \/>\n<meta property=\"og:description\" content=\"Asume Laulasmaal, 35 kilomeetri kaugusel Tallinnast, kaunil looduslikul poolsaarel mere ja m\u00e4nnimetsa vahel. Lihtsaim viis siia tulla on autoga, kuid tulla v\u00f5ib ka bussi, v\u00f5i jalgrattaga v\u00f5i jalgsi. Vaadake meid Google Mapsis LaSpa pakub oma k\u00fclalistele ka transporti. Meie mugav elektribuss mahutab kuni neli reisijat ning s\u00f5idukit juhib meie kogenud juht. Vaata lisainfot ja esita [&hellip;]\" \/>\n<meta property=\"og:url\" content=\"https:\/\/www.laspa.ee\/et\/juhised\/\" \/>\n<meta property=\"og:site_name\" content=\"LaSpa Laulasmaa\" \/>\n<meta property=\"article:publisher\" content=\"https:\/\/www.facebook.com\/LaSpaLaulasmaa\" \/>\n<meta property=\"article:modified_time\" content=\"2026-03-18T13:37:42+00:00\" \/>\n<meta name=\"twitter:card\" content=\"summary_large_image\" \/>\n<meta name=\"twitter:label1\" content=\"Est. reading time\" \/>\n\t<meta name=\"twitter:data1\" content=\"2 minutit\" \/>\n<script type=\"application\/ld+json\" class=\"yoast-schema-graph\">{\"@context\":\"https:\/\/schema.org\",\"@graph\":[{\"@type\":\"WebPage\",\"@id\":\"https:\/\/www.laspa.ee\/et\/juhised\/\",\"url\":\"https:\/\/www.laspa.ee\/et\/juhised\/\",\"name\":\"Juhised - LaSpa Laulasmaa\",\"isPartOf\":{\"@id\":\"https:\/\/www.laspa.ee\/et\/#website\"},\"datePublished\":\"2021-09-29T11:53:06+00:00\",\"dateModified\":\"2026-03-18T13:37:42+00:00\",\"breadcrumb\":{\"@id\":\"https:\/\/www.laspa.ee\/et\/juhised\/#breadcrumb\"},\"inLanguage\":\"et\",\"potentialAction\":[{\"@type\":\"ReadAction\",\"target\":[\"https:\/\/www.laspa.ee\/et\/juhised\/\"]}]},{\"@type\":\"BreadcrumbList\",\"@id\":\"https:\/\/www.laspa.ee\/et\/juhised\/#breadcrumb\",\"itemListElement\":[{\"@type\":\"ListItem\",\"position\":1,\"name\":\"Home\",\"item\":\"https:\/\/www.laspa.ee\/et\/\"},{\"@type\":\"ListItem\",\"position\":2,\"name\":\"Juhised\"}]},{\"@type\":\"WebSite\",\"@id\":\"https:\/\/www.laspa.ee\/et\/#website\",\"url\":\"https:\/\/www.laspa.ee\/et\/\",\"name\":\"LaSpa Laulasmaa\",\"description\":\"Wellbeing by nature\",\"potentialAction\":[{\"@type\":\"SearchAction\",\"target\":{\"@type\":\"EntryPoint\",\"urlTemplate\":\"https:\/\/www.laspa.ee\/et\/?s={search_term_string}\"},\"query-input\":{\"@type\":\"PropertyValueSpecification\",\"valueRequired\":true,\"valueName\":\"search_term_string\"}}],\"inLanguage\":\"et\"}]}<\/script>\n<!-- \/ Yoast SEO plugin. -->","yoast_head_json":{"title":"Juhised - LaSpa Laulasmaa","robots":{"index":"index","follow":"follow","max-snippet":"max-snippet:-1","max-image-preview":"max-image-preview:large","max-video-preview":"max-video-preview:-1"},"canonical":"https:\/\/www.laspa.ee\/et\/juhised\/","og_locale":"et_EE","og_type":"article","og_title":"Juhised - LaSpa Laulasmaa","og_description":"Asume Laulasmaal, 35 kilomeetri kaugusel Tallinnast, kaunil looduslikul poolsaarel mere ja m\u00e4nnimetsa vahel. Lihtsaim viis siia tulla on autoga, kuid tulla v\u00f5ib ka bussi, v\u00f5i jalgrattaga v\u00f5i jalgsi. Vaadake meid Google Mapsis LaSpa pakub oma k\u00fclalistele ka transporti. Meie mugav elektribuss mahutab kuni neli reisijat ning s\u00f5idukit juhib meie kogenud juht. Vaata lisainfot ja esita [&hellip;]","og_url":"https:\/\/www.laspa.ee\/et\/juhised\/","og_site_name":"LaSpa Laulasmaa","article_publisher":"https:\/\/www.facebook.com\/LaSpaLaulasmaa","article_modified_time":"2026-03-18T13:37:42+00:00","twitter_card":"summary_large_image","twitter_misc":{"Est. reading time":"2 minutit"},"schema":{"@context":"https:\/\/schema.org","@graph":[{"@type":"WebPage","@id":"https:\/\/www.laspa.ee\/et\/juhised\/","url":"https:\/\/www.laspa.ee\/et\/juhised\/","name":"Juhised - LaSpa Laulasmaa","isPartOf":{"@id":"https:\/\/www.laspa.ee\/et\/#website"},"datePublished":"2021-09-29T11:53:06+00:00","dateModified":"2026-03-18T13:37:42+00:00","breadcrumb":{"@id":"https:\/\/www.laspa.ee\/et\/juhised\/#breadcrumb"},"inLanguage":"et","potentialAction":[{"@type":"ReadAction","target":["https:\/\/www.laspa.ee\/et\/juhised\/"]}]},{"@type":"BreadcrumbList","@id":"https:\/\/www.laspa.ee\/et\/juhised\/#breadcrumb","itemListElement":[{"@type":"ListItem","position":1,"name":"Home","item":"https:\/\/www.laspa.ee\/et\/"},{"@type":"ListItem","position":2,"name":"Juhised"}]},{"@type":"WebSite","@id":"https:\/\/www.laspa.ee\/et\/#website","url":"https:\/\/www.laspa.ee\/et\/","name":"LaSpa Laulasmaa","description":"Wellbeing by nature","potentialAction":[{"@type":"SearchAction","target":{"@type":"EntryPoint","urlTemplate":"https:\/\/www.laspa.ee\/et\/?s={search_term_string}"},"query-input":{"@type":"PropertyValueSpecification","valueRequired":true,"valueName":"search_term_string"}}],"inLanguage":"et"}]}},"_links":{"self":[{"href":"https:\/\/www.laspa.ee\/et\/wp-json\/wp\/v2\/pages\/6516","targetHints":{"allow":["GET"]}}],"collection":[{"href":"https:\/\/www.laspa.ee\/et\/wp-json\/wp\/v2\/pages"}],"about":[{"href":"https:\/\/www.laspa.ee\/et\/wp-json\/wp\/v2\/types\/page"}],"author":[{"embeddable":true,"href":"https:\/\/www.laspa.ee\/et\/wp-json\/wp\/v2\/users\/4"}],"replies":[{"embeddable":true,"href":"https:\/\/www.laspa.ee\/et\/wp-json\/wp\/v2\/comments?post=6516"}],"version-history":[{"count":14,"href":"https:\/\/www.laspa.ee\/et\/wp-json\/wp\/v2\/pages\/6516\/revisions"}],"predecessor-version":[{"id":21651,"href":"https:\/\/www.laspa.ee\/et\/wp-json\/wp\/v2\/pages\/6516\/revisions\/21651"}],"wp:attachment":[{"href":"https:\/\/www.laspa.ee\/et\/wp-json\/wp\/v2\/media?parent=6516"}],"curies":[{"name":"wp","href":"https:\/\/api.w.org\/{rel}","templated":true}]}}