{"id":7528,"date":"2021-12-06T17:53:08","date_gmt":"2021-12-06T15:53:08","guid":{"rendered":"https:\/\/www.laspa.ee\/?page_id=7528"},"modified":"2026-03-11T13:53:10","modified_gmt":"2026-03-11T11:53:10","slug":"treeningud","status":"publish","type":"page","link":"https:\/\/www.laspa.ee\/et\/treeningud\/","title":{"rendered":"Treeningud"},"content":{"rendered":"\n<div class=\"wp-block-cover alignfull is-light\"><img loading=\"lazy\" decoding=\"async\" width=\"1920\" height=\"1207\" class=\"wp-block-cover__image-background wp-image-7529\" alt=\"\" src=\"https:\/\/www.laspa.ee\/wp-content\/uploads\/2021\/12\/DSC3075-Edit-copy.jpg\" data-object-fit=\"cover\" srcset=\"https:\/\/www.laspa.ee\/wp-content\/uploads\/2021\/12\/DSC3075-Edit-copy.jpg 1920w, https:\/\/www.laspa.ee\/wp-content\/uploads\/2021\/12\/DSC3075-Edit-copy-300x189.jpg 300w, https:\/\/www.laspa.ee\/wp-content\/uploads\/2021\/12\/DSC3075-Edit-copy-1150x723.jpg 1150w, https:\/\/www.laspa.ee\/wp-content\/uploads\/2021\/12\/DSC3075-Edit-copy-768x483.jpg 768w, https:\/\/www.laspa.ee\/wp-content\/uploads\/2021\/12\/DSC3075-Edit-copy-1536x966.jpg 1536w, https:\/\/www.laspa.ee\/wp-content\/uploads\/2021\/12\/DSC3075-Edit-copy-800x503.jpg 800w\" sizes=\"auto, (max-width: 1920px) 100vw, 1920px\" \/><span aria-hidden=\"true\" class=\"wp-block-cover__background has-background-dim\"><\/span><div class=\"wp-block-cover__inner-container is-layout-flow wp-block-cover-is-layout-flow\">\n<p class=\"has-text-align-center has-white-color has-text-color has-large-font-size\">Treeningud LaSpas<\/p>\n<\/div><\/div>\n\n\n\n<div class=\"wp-block-buttons is-content-justification-center is-layout-flex wp-container-corebuttons-is-layout-16018d1d wp-block-buttons-is-layout-flex\">\n<div class=\"wp-block-button is-style-outline is-style-outline--1\"><a class=\"wp-block-button__link wp-element-button\" href=\"https:\/\/www.laspa.ee\/et\/treeningute-ajakava\/\" target=\"_blank\" rel=\"noreferrer noopener\">Ajakava<\/a><\/div>\n<\/div>\n\n\n\n<div class=\"wp-block-edhotels-text-media-patterns custom-activities-block\"><div class=\"wp-block-columns has-2-columns\">\n<div class=\"wp-block-edhotels-activity-text wp-block-column activities-text\">\n<h2 class=\"wp-block-heading\" id=\"jooga\">Jooga<\/h2>\n\n\n\n<p><strong>Kolmap\u00e4eval kell 18.00, treener Anu Riit<\/strong> (Ashtanga jooga)<br><strong>Neljap\u00e4eval kell 18.00<\/strong>, <strong> treener Kaia Karjaste<\/strong> (pehme jooga helil\u00f5dvestusega)<br><strong>Laup\u00e4eval kell 10.30, treener Kaia Karjaste<\/strong> (pehme jooga helil\u00f5dvestusega)<br><strong>P\u00fchap\u00e4eval kell 17.00, treener Anett P\u00e4rna <\/strong>(Hatha jooga)<br><\/p>\n\n\n\n<p>Hotelli k\u00fclalisele on treening tasuta ning toimuvad meie hubases jooga saalis. Vabade kohtade olemasolul saavad joogatundidega liituda ka v\u00e4ljaspoolt maja tulijad, tunni hind 12\u20ac.<br>Tunnis osalemiseks palume end eelnevalt registreerida v\u00e4hemalt 2h enne tunni algust tel, &#8211; 6870877 v\u00f5i <a href=\"mailto:naudispa@laspa.ee\">naudispa<\/a>@laspa.ee<br>Treening toimub kui registreerunud on v\u00e4hemalt 5 osalist.<\/p>\n\n\n\n<p><a href=\"https:\/\/www.laspa.ee\/et\/jooga-2\/\">Loe lisa<\/a><\/p>\n\n\n\n<h2 class=\"wp-block-heading\" id=\"jousaali-ringtreening\">J\u00f5usaali ringtreening<\/h2>\n\n\n\n<p><strong><br>Esmasp\u00e4eviti kell 18:30<\/strong><br><strong>Teisip\u00e4eviti kell 11.00<br>Kolmap\u00e4eval kell 18:30<\/strong><br><strong>Neljap\u00e4eviti kell 10.00<br>Treener Kerli Pruudel<\/strong><br><\/p>\n\n\n\n<p>Treening toimub meie hotelli j\u00f5usaalis ja maksab 10\u20ac\/in. Tunnis osalemiseks palume eelnevalt registreerida tel. 59008069 v\u00f5i kerli.pruudel@gmail.com. Huvi korral k\u00fcsi pakkumist oma grupile privaat treeninguks v\u00f5i personaaltreeninguks.<\/p>\n\n\n\n<p>Tegemist on kogu keha treeninguga, kus tunni aja jooksul t\u00f6\u00f6tame l\u00e4bi suuremad lihasgrupid. Arendame sinu vastupidavust ja j\u00f5udu. T\u00f6\u00f6 toimub jaamades, kus \u00fchte harjutust sooritame 45 sekundit ning seej\u00e4rel vahetame jaama. Tunni aja jooksul j\u00f5uame teha 2-3 ringi. Ringtreening on sobilik igas vanuses harrastajale. Treener aitab leida just sinule sobivad raskused ja tempo. Tule ja paku oma kehale m\u00f5\u00f5dukat pingutust ka puhkuse ajal.  Sinu keha t\u00e4nab sind hiljem!<\/p>\n\n\n\n<h2 class=\"wp-block-heading\" id=\"beebide-ja-vaikelaste-ujutamine\">Beebide ja v\u00e4ikelaste ujutamine<\/h2>\n\n\n\n<p>Neljap\u00e4eviti kl 10:30 1-3a vanused v\u00e4ikelapsed, tunni pikkus 30 minutit, hind 15 eur<br>Neljap\u00e4eviti kl 11:00 6-15k vanused beebid, tunni pikkus 30 minutit, hind 15 eur<br>Neljap\u00e4eviti kl 11:30 2-6k vanused beebid, tunni pikkus 30 minutit, hind 15 eur<br>Neljap\u00e4eviti kl 12:00 9-18k vanused beebid, tunni pikkus 30 minutit, hind 15 eur<\/p>\n\n\n\n<p>Grupi suurus on kuni 10 last. Palun broneeri osalemine ette tel. 56648090.<\/p>\n\n\n\n<p>Kui soovid eelnevalt n\u00f5u pidada, millisesse r\u00fchma oleks lapsel oma senise ujumiskogemuse p\u00f5hjal sobiv tulla, helista treeneri telefonil 5664 8090.<br>Kaasa v\u00f5tta r\u00e4tik ja ujumism\u00e4he.<br><a href=\"https:\/\/www.laspa.ee\/et\/beebide-ujutamistunnid\/\">Loe lisa<\/a><\/p>\n<\/div>\n\n\n\n<div class=\"wp-block-edhotels-activity-medias wp-block-column activities-boxes\"><div class=\"grid\">\n<a class=\"wp-block-edhotels-activity-media grid-item\" href=\"https:\/\/www.laspa.ee\/activities-laulasmaa\/\"><img decoding=\"async\" src=\"https:\/\/www.laspa.ee\/wp-content\/uploads\/2021\/12\/20JJ1103_101-copy-767x1150.jpg\" alt=\"Treeningud LaSpas\"\/><span><\/span><\/a>\n\n\n\n<a class=\"wp-block-edhotels-activity-media grid-item\" href=\"https:\/\/www.laspa.ee\/activities-laulasmaa\/\"><img decoding=\"async\" src=\"https:\/\/www.laspa.ee\/wp-content\/uploads\/2021\/08\/20200826_121248-1-1150x755.jpg\" alt=\"\"\/><span><\/span><\/a>\n\n\n\n<a class=\"wp-block-edhotels-activity-media grid-item\" href=\"https:\/\/www.laspa.ee\/activities-laulasmaa\/\"><img decoding=\"async\" src=\"https:\/\/www.laspa.ee\/wp-content\/uploads\/2021\/12\/20JJ1118_031-1150x657.jpg\" alt=\"\"\/><span><\/span><\/a>\n\n\n\n<a class=\"wp-block-edhotels-activity-media grid-item\" href=\"https:\/\/www.laspa.ee\/activities-laulasmaa\/\"><img decoding=\"async\" src=\"https:\/\/www.laspa.ee\/wp-content\/uploads\/2021\/08\/naudi-3090-767x1150.jpg\" alt=\"\"\/><span><\/span><\/a>\n<\/div><\/div>\n<\/div><\/div>\n\n\n\n<div class=\"wp-block-columns alignfull is-layout-flex wp-container-corecolumns-is-layout-9d6595d7 wp-block-columns-is-layout-flex\">\n<div class=\"wp-block-column is-layout-flow wp-block-column-is-layout-flow\" style=\"flex-basis:1200px\">\n<p><br><br><\/p>\n<\/div>\n<\/div>\n","protected":false},"excerpt":{"rendered":"","protected":false},"author":4,"featured_media":0,"parent":0,"menu_order":144,"comment_status":"closed","ping_status":"closed","template":"","meta":{"_acf_changed":false,"footnotes":""},"class_list":["post-7528","page","type-page","status-publish","hentry"],"acf":false,"yoast_head":"<!-- This site is optimized with the Yoast SEO plugin v27.2 - https:\/\/yoast.com\/product\/yoast-seo-wordpress\/ -->\n<title>Treeningud - LaSpa Laulasmaa<\/title>\n<meta name=\"robots\" content=\"index, follow, max-snippet:-1, max-image-preview:large, max-video-preview:-1\" \/>\n<link rel=\"canonical\" href=\"https:\/\/www.laspa.ee\/et\/treeningud\/\" \/>\n<meta property=\"og:locale\" content=\"et_EE\" \/>\n<meta property=\"og:type\" content=\"article\" \/>\n<meta property=\"og:title\" content=\"Treeningud - LaSpa Laulasmaa\" \/>\n<meta property=\"og:url\" content=\"https:\/\/www.laspa.ee\/et\/treeningud\/\" \/>\n<meta property=\"og:site_name\" content=\"LaSpa Laulasmaa\" \/>\n<meta property=\"article:publisher\" content=\"https:\/\/www.facebook.com\/LaSpaLaulasmaa\" \/>\n<meta property=\"article:modified_time\" content=\"2026-03-11T11:53:10+00:00\" \/>\n<meta property=\"og:image\" content=\"https:\/\/www.laspa.ee\/wp-content\/uploads\/2021\/12\/DSC3075-Edit-copy.jpg\" \/>\n\t<meta property=\"og:image:width\" content=\"1920\" \/>\n\t<meta property=\"og:image:height\" content=\"1207\" \/>\n\t<meta property=\"og:image:type\" content=\"image\/jpeg\" \/>\n<meta name=\"twitter:card\" content=\"summary_large_image\" \/>\n<meta name=\"twitter:label1\" content=\"Est. reading time\" \/>\n\t<meta name=\"twitter:data1\" content=\"3 minutit\" \/>\n<script type=\"application\/ld+json\" class=\"yoast-schema-graph\">{\"@context\":\"https:\/\/schema.org\",\"@graph\":[{\"@type\":\"WebPage\",\"@id\":\"https:\/\/www.laspa.ee\/et\/treeningud\/\",\"url\":\"https:\/\/www.laspa.ee\/et\/treeningud\/\",\"name\":\"Treeningud - LaSpa Laulasmaa\",\"isPartOf\":{\"@id\":\"https:\/\/www.laspa.ee\/et\/#website\"},\"primaryImageOfPage\":{\"@id\":\"https:\/\/www.laspa.ee\/et\/treeningud\/#primaryimage\"},\"image\":{\"@id\":\"https:\/\/www.laspa.ee\/et\/treeningud\/#primaryimage\"},\"thumbnailUrl\":\"https:\/\/www.laspa.ee\/wp-content\/uploads\/2021\/12\/DSC3075-Edit-copy.jpg\",\"datePublished\":\"2021-12-06T15:53:08+00:00\",\"dateModified\":\"2026-03-11T11:53:10+00:00\",\"breadcrumb\":{\"@id\":\"https:\/\/www.laspa.ee\/et\/treeningud\/#breadcrumb\"},\"inLanguage\":\"et\",\"potentialAction\":[{\"@type\":\"ReadAction\",\"target\":[\"https:\/\/www.laspa.ee\/et\/treeningud\/\"]}]},{\"@type\":\"ImageObject\",\"inLanguage\":\"et\",\"@id\":\"https:\/\/www.laspa.ee\/et\/treeningud\/#primaryimage\",\"url\":\"https:\/\/www.laspa.ee\/wp-content\/uploads\/2021\/12\/DSC3075-Edit-copy.jpg\",\"contentUrl\":\"https:\/\/www.laspa.ee\/wp-content\/uploads\/2021\/12\/DSC3075-Edit-copy.jpg\"},{\"@type\":\"BreadcrumbList\",\"@id\":\"https:\/\/www.laspa.ee\/et\/treeningud\/#breadcrumb\",\"itemListElement\":[{\"@type\":\"ListItem\",\"position\":1,\"name\":\"Home\",\"item\":\"https:\/\/www.laspa.ee\/et\/\"},{\"@type\":\"ListItem\",\"position\":2,\"name\":\"Treeningud\"}]},{\"@type\":\"WebSite\",\"@id\":\"https:\/\/www.laspa.ee\/et\/#website\",\"url\":\"https:\/\/www.laspa.ee\/et\/\",\"name\":\"LaSpa Laulasmaa\",\"description\":\"Wellbeing by nature\",\"potentialAction\":[{\"@type\":\"SearchAction\",\"target\":{\"@type\":\"EntryPoint\",\"urlTemplate\":\"https:\/\/www.laspa.ee\/et\/?s={search_term_string}\"},\"query-input\":{\"@type\":\"PropertyValueSpecification\",\"valueRequired\":true,\"valueName\":\"search_term_string\"}}],\"inLanguage\":\"et\"}]}<\/script>\n<!-- \/ Yoast SEO plugin. -->","yoast_head_json":{"title":"Treeningud - LaSpa Laulasmaa","robots":{"index":"index","follow":"follow","max-snippet":"max-snippet:-1","max-image-preview":"max-image-preview:large","max-video-preview":"max-video-preview:-1"},"canonical":"https:\/\/www.laspa.ee\/et\/treeningud\/","og_locale":"et_EE","og_type":"article","og_title":"Treeningud - LaSpa Laulasmaa","og_url":"https:\/\/www.laspa.ee\/et\/treeningud\/","og_site_name":"LaSpa Laulasmaa","article_publisher":"https:\/\/www.facebook.com\/LaSpaLaulasmaa","article_modified_time":"2026-03-11T11:53:10+00:00","og_image":[{"width":1920,"height":1207,"url":"https:\/\/www.laspa.ee\/wp-content\/uploads\/2021\/12\/DSC3075-Edit-copy.jpg","type":"image\/jpeg"}],"twitter_card":"summary_large_image","twitter_misc":{"Est. reading time":"3 minutit"},"schema":{"@context":"https:\/\/schema.org","@graph":[{"@type":"WebPage","@id":"https:\/\/www.laspa.ee\/et\/treeningud\/","url":"https:\/\/www.laspa.ee\/et\/treeningud\/","name":"Treeningud - LaSpa Laulasmaa","isPartOf":{"@id":"https:\/\/www.laspa.ee\/et\/#website"},"primaryImageOfPage":{"@id":"https:\/\/www.laspa.ee\/et\/treeningud\/#primaryimage"},"image":{"@id":"https:\/\/www.laspa.ee\/et\/treeningud\/#primaryimage"},"thumbnailUrl":"https:\/\/www.laspa.ee\/wp-content\/uploads\/2021\/12\/DSC3075-Edit-copy.jpg","datePublished":"2021-12-06T15:53:08+00:00","dateModified":"2026-03-11T11:53:10+00:00","breadcrumb":{"@id":"https:\/\/www.laspa.ee\/et\/treeningud\/#breadcrumb"},"inLanguage":"et","potentialAction":[{"@type":"ReadAction","target":["https:\/\/www.laspa.ee\/et\/treeningud\/"]}]},{"@type":"ImageObject","inLanguage":"et","@id":"https:\/\/www.laspa.ee\/et\/treeningud\/#primaryimage","url":"https:\/\/www.laspa.ee\/wp-content\/uploads\/2021\/12\/DSC3075-Edit-copy.jpg","contentUrl":"https:\/\/www.laspa.ee\/wp-content\/uploads\/2021\/12\/DSC3075-Edit-copy.jpg"},{"@type":"BreadcrumbList","@id":"https:\/\/www.laspa.ee\/et\/treeningud\/#breadcrumb","itemListElement":[{"@type":"ListItem","position":1,"name":"Home","item":"https:\/\/www.laspa.ee\/et\/"},{"@type":"ListItem","position":2,"name":"Treeningud"}]},{"@type":"WebSite","@id":"https:\/\/www.laspa.ee\/et\/#website","url":"https:\/\/www.laspa.ee\/et\/","name":"LaSpa Laulasmaa","description":"Wellbeing by nature","potentialAction":[{"@type":"SearchAction","target":{"@type":"EntryPoint","urlTemplate":"https:\/\/www.laspa.ee\/et\/?s={search_term_string}"},"query-input":{"@type":"PropertyValueSpecification","valueRequired":true,"valueName":"search_term_string"}}],"inLanguage":"et"}]}},"_links":{"self":[{"href":"https:\/\/www.laspa.ee\/et\/wp-json\/wp\/v2\/pages\/7528","targetHints":{"allow":["GET"]}}],"collection":[{"href":"https:\/\/www.laspa.ee\/et\/wp-json\/wp\/v2\/pages"}],"about":[{"href":"https:\/\/www.laspa.ee\/et\/wp-json\/wp\/v2\/types\/page"}],"author":[{"embeddable":true,"href":"https:\/\/www.laspa.ee\/et\/wp-json\/wp\/v2\/users\/4"}],"replies":[{"embeddable":true,"href":"https:\/\/www.laspa.ee\/et\/wp-json\/wp\/v2\/comments?post=7528"}],"version-history":[{"count":59,"href":"https:\/\/www.laspa.ee\/et\/wp-json\/wp\/v2\/pages\/7528\/revisions"}],"predecessor-version":[{"id":21593,"href":"https:\/\/www.laspa.ee\/et\/wp-json\/wp\/v2\/pages\/7528\/revisions\/21593"}],"wp:attachment":[{"href":"https:\/\/www.laspa.ee\/et\/wp-json\/wp\/v2\/media?parent=7528"}],"curies":[{"name":"wp","href":"https:\/\/api.w.org\/{rel}","templated":true}]}}