{"id":7548,"date":"2021-12-07T01:22:26","date_gmt":"2021-12-06T23:22:26","guid":{"rendered":"https:\/\/www.laspa.ee\/?page_id=7548"},"modified":"2025-12-30T13:02:39","modified_gmt":"2025-12-30T11:02:39","slug":"puhade-lahtiolekuajad","status":"publish","type":"page","link":"https:\/\/www.laspa.ee\/et\/puhade-lahtiolekuajad\/","title":{"rendered":"Avamisajad p\u00fchade ajal"},"content":{"rendered":"\n<div class=\"wp-block-cover alignfull\" style=\"min-height:230px;aspect-ratio:unset;\"><img loading=\"lazy\" decoding=\"async\" width=\"2048\" height=\"1536\" class=\"wp-block-cover__image-background wp-image-19461\" alt=\"\" src=\"https:\/\/www.laspa.ee\/wp-content\/uploads\/2024\/12\/dfhdrh.jpg\" data-object-fit=\"cover\" srcset=\"https:\/\/www.laspa.ee\/wp-content\/uploads\/2024\/12\/dfhdrh.jpg 2048w, https:\/\/www.laspa.ee\/wp-content\/uploads\/2024\/12\/dfhdrh-300x225.jpg 300w, https:\/\/www.laspa.ee\/wp-content\/uploads\/2024\/12\/dfhdrh-1150x863.jpg 1150w, https:\/\/www.laspa.ee\/wp-content\/uploads\/2024\/12\/dfhdrh-768x576.jpg 768w, https:\/\/www.laspa.ee\/wp-content\/uploads\/2024\/12\/dfhdrh-1536x1152.jpg 1536w, https:\/\/www.laspa.ee\/wp-content\/uploads\/2024\/12\/dfhdrh-800x600.jpg 800w\" sizes=\"auto, (max-width: 2048px) 100vw, 2048px\" \/><span aria-hidden=\"true\" class=\"wp-block-cover__background has-background-dim-0 has-background-dim\" style=\"background-color:#836242\"><\/span><div class=\"wp-block-cover__inner-container is-layout-flow wp-block-cover-is-layout-flow\">\n<p class=\"has-text-align-center has-white-color has-text-color has-large-font-size\">Avamisajad p\u00fchade ajal<\/p>\n<\/div><\/div>\n\n\n\n<div class=\"wp-block-columns alignwide is-layout-flex wp-container-corecolumns-is-layout-9d6595d7 wp-block-columns-is-layout-flex\">\n<div class=\"wp-block-column is-layout-flow wp-block-column-is-layout-flow\">\n<p>Meie hotell on alati avatud, restoranid, vee- ja saunakeskus ning Naudi LaSpa heaoluspaa on avatud j\u00f5ulup\u00fchade ajal j\u00e4rgmiselt:<\/p>\n<\/div>\n<\/div>\n\n\n\n<div class=\"wp-block-columns alignwide is-layout-flex wp-container-corecolumns-is-layout-9d6595d7 wp-block-columns-is-layout-flex\">\n<div class=\"wp-block-column is-layout-flow wp-block-column-is-layout-flow\">\n<p><strong>24.12.2025<\/strong><br>LaSpa vee-ja saunakeskus 09.00 &#8211; 20.00<br>Naudi LaSpa heaoluspaa 09.00 &#8211; 18.00<\/p>\n\n\n\n<p>Hommikus\u00f6\u00f6k buffet restoranis K\u00e4bi \u2013 &nbsp;07.30 &#8211; 11.00<br>Restoran Liiv- &nbsp;11.00 &#8211; 23.00 * k\u00f6\u00f6k on avatud 12.00 &#8211; 22.00<br>Restoran Wicca &#8211; 17.00 &#8211; 23.00 <br><\/p>\n\n\n\n<p><strong>25. &#8211; 26.12.2025<\/strong><br>LaSpa vee-ja saunakeskus 9.00 &#8211; 22.00<br>Naudi LaSpa heaoluspaa 09.00 &#8211; 20.00<\/p>\n\n\n\n<p>Hommikus\u00f6\u00f6k buffet restoranis K\u00e4bi \u2013 &nbsp;07.30 &#8211; 11.00<br>Restoran Liiv- &nbsp;11.00 &#8211; 23.00  * k\u00f6\u00f6k avatakse kell 12.00<br>Restoran Wicca &#8211; 17.00 &#8211; 23.00 <\/p>\n\n\n\n<p><br><strong>31.12.2025<\/strong><br>Vee-ja saunakeskus on avatud 09.00 &#8211; 20.00<br>Naudi LaSpa heaoluspaa 09.00 &#8211; 18.00<\/p>\n\n\n\n<p>Hommikus\u00f6\u00f6k buffet restoranis K\u00e4bi \u2013 &nbsp;07.00 &#8211; 10.00<\/p>\n\n\n\n<p>Restoran Liiv- \u00a011:00 &#8211; 03.00 \/ k\u00f6\u00f6k avatud 12.00 &#8211; 22.00<\/p>\n\n\n\n<p>Restoran Wicca pidulik aastavahetuse \u00f5htus\u00f6\u00f6k 18.30 &#8211; 23.00<br>Buffet restorani pidulik aastavahetuse \u00f5htus\u00f6\u00f6k 18.30 &#8211; 23.00<\/p>\n\n\n\n<p>Peale \u00f5htus\u00f6\u00f6ki j\u00e4tkub pidu esimese korruse peosaalis Nimbus koos DJ-ga (kuni 03.00).<\/p>\n\n\n\n<p><strong>01.01.2026<\/strong><br>Vee-ja saunakeskus on avatud 09.00 &#8211; 22.00<br>Naudi LaSpa on 11.00 &#8211; 20.00<\/p>\n\n\n\n<p>Hommikus\u00f6\u00f6k buffet restoranis K\u00e4bi &#8211; &nbsp;08.00 -12.00<\/p>\n\n\n\n<p>Restoran Liiv 12.00 &#8211; 23.00 <br>Restoran Wicca 17.00 &#8211; 23.00<\/p>\n<\/div>\n<\/div>\n\n\n\n<p><\/p>\n","protected":false},"excerpt":{"rendered":"<p>Meie hotell on alati avatud, restoranid, vee- ja saunakeskus ning Naudi LaSpa heaoluspaa on avatud j\u00f5ulup\u00fchade ajal j\u00e4rgmiselt: 24.12.2025LaSpa vee-ja saunakeskus 09.00 &#8211; 20.00Naudi LaSpa heaoluspaa 09.00 &#8211; 18.00 Hommikus\u00f6\u00f6k buffet restoranis K\u00e4bi \u2013 &nbsp;07.30 &#8211; 11.00Restoran Liiv- &nbsp;11.00 &#8211; 23.00 * k\u00f6\u00f6k on avatud 12.00 &#8211; 22.00Restoran Wicca &#8211; 17.00 &#8211; 23.00 25. &#8211; [&hellip;]<\/p>\n","protected":false},"author":4,"featured_media":7398,"parent":0,"menu_order":142,"comment_status":"closed","ping_status":"closed","template":"","meta":{"_acf_changed":false,"footnotes":""},"class_list":["post-7548","page","type-page","status-publish","has-post-thumbnail","hentry"],"acf":false,"yoast_head":"<!-- This site is optimized with the Yoast SEO plugin v27.2 - https:\/\/yoast.com\/product\/yoast-seo-wordpress\/ -->\n<title>Avamisajad p\u00fchade ajal - LaSpa Laulasmaa<\/title>\n<meta name=\"robots\" content=\"index, follow, max-snippet:-1, max-image-preview:large, max-video-preview:-1\" \/>\n<link rel=\"canonical\" href=\"https:\/\/www.laspa.ee\/et\/puhade-lahtiolekuajad\/\" \/>\n<meta property=\"og:locale\" content=\"et_EE\" \/>\n<meta property=\"og:type\" content=\"article\" \/>\n<meta property=\"og:title\" content=\"Avamisajad p\u00fchade ajal - LaSpa Laulasmaa\" \/>\n<meta property=\"og:description\" content=\"Meie hotell on alati avatud, restoranid, vee- ja saunakeskus ning Naudi LaSpa heaoluspaa on avatud j\u00f5ulup\u00fchade ajal j\u00e4rgmiselt: 24.12.2025LaSpa vee-ja saunakeskus 09.00 &#8211; 20.00Naudi LaSpa heaoluspaa 09.00 &#8211; 18.00 Hommikus\u00f6\u00f6k buffet restoranis K\u00e4bi \u2013 &nbsp;07.30 &#8211; 11.00Restoran Liiv- &nbsp;11.00 &#8211; 23.00 * k\u00f6\u00f6k on avatud 12.00 &#8211; 22.00Restoran Wicca &#8211; 17.00 &#8211; 23.00 25. &#8211; [&hellip;]\" \/>\n<meta property=\"og:url\" content=\"https:\/\/www.laspa.ee\/et\/puhade-lahtiolekuajad\/\" \/>\n<meta property=\"og:site_name\" content=\"LaSpa Laulasmaa\" \/>\n<meta property=\"article:publisher\" content=\"https:\/\/www.facebook.com\/LaSpaLaulasmaa\" \/>\n<meta property=\"article:modified_time\" content=\"2025-12-30T11:02:39+00:00\" \/>\n<meta property=\"og:image\" content=\"https:\/\/www.laspa.ee\/wp-content\/uploads\/2021\/11\/hh2-2.jpg\" \/>\n\t<meta property=\"og:image:width\" content=\"1280\" \/>\n\t<meta property=\"og:image:height\" content=\"1920\" \/>\n\t<meta property=\"og:image:type\" content=\"image\/jpeg\" \/>\n<meta name=\"twitter:card\" content=\"summary_large_image\" \/>\n<meta name=\"twitter:label1\" content=\"Est. reading time\" \/>\n\t<meta name=\"twitter:data1\" content=\"1 minut\" \/>\n<script type=\"application\/ld+json\" class=\"yoast-schema-graph\">{\"@context\":\"https:\/\/schema.org\",\"@graph\":[{\"@type\":\"WebPage\",\"@id\":\"https:\/\/www.laspa.ee\/et\/puhade-lahtiolekuajad\/\",\"url\":\"https:\/\/www.laspa.ee\/et\/puhade-lahtiolekuajad\/\",\"name\":\"Avamisajad p\u00fchade ajal - LaSpa Laulasmaa\",\"isPartOf\":{\"@id\":\"https:\/\/www.laspa.ee\/et\/#website\"},\"primaryImageOfPage\":{\"@id\":\"https:\/\/www.laspa.ee\/et\/puhade-lahtiolekuajad\/#primaryimage\"},\"image\":{\"@id\":\"https:\/\/www.laspa.ee\/et\/puhade-lahtiolekuajad\/#primaryimage\"},\"thumbnailUrl\":\"https:\/\/www.laspa.ee\/wp-content\/uploads\/2021\/11\/hh2-2.jpg\",\"datePublished\":\"2021-12-06T23:22:26+00:00\",\"dateModified\":\"2025-12-30T11:02:39+00:00\",\"breadcrumb\":{\"@id\":\"https:\/\/www.laspa.ee\/et\/puhade-lahtiolekuajad\/#breadcrumb\"},\"inLanguage\":\"et\",\"potentialAction\":[{\"@type\":\"ReadAction\",\"target\":[\"https:\/\/www.laspa.ee\/et\/puhade-lahtiolekuajad\/\"]}]},{\"@type\":\"ImageObject\",\"inLanguage\":\"et\",\"@id\":\"https:\/\/www.laspa.ee\/et\/puhade-lahtiolekuajad\/#primaryimage\",\"url\":\"https:\/\/www.laspa.ee\/wp-content\/uploads\/2021\/11\/hh2-2.jpg\",\"contentUrl\":\"https:\/\/www.laspa.ee\/wp-content\/uploads\/2021\/11\/hh2-2.jpg\",\"width\":1280,\"height\":1920},{\"@type\":\"BreadcrumbList\",\"@id\":\"https:\/\/www.laspa.ee\/et\/puhade-lahtiolekuajad\/#breadcrumb\",\"itemListElement\":[{\"@type\":\"ListItem\",\"position\":1,\"name\":\"Home\",\"item\":\"https:\/\/www.laspa.ee\/et\/\"},{\"@type\":\"ListItem\",\"position\":2,\"name\":\"Avamisajad p\u00fchade ajal\"}]},{\"@type\":\"WebSite\",\"@id\":\"https:\/\/www.laspa.ee\/et\/#website\",\"url\":\"https:\/\/www.laspa.ee\/et\/\",\"name\":\"LaSpa Laulasmaa\",\"description\":\"Wellbeing by nature\",\"potentialAction\":[{\"@type\":\"SearchAction\",\"target\":{\"@type\":\"EntryPoint\",\"urlTemplate\":\"https:\/\/www.laspa.ee\/et\/?s={search_term_string}\"},\"query-input\":{\"@type\":\"PropertyValueSpecification\",\"valueRequired\":true,\"valueName\":\"search_term_string\"}}],\"inLanguage\":\"et\"}]}<\/script>\n<!-- \/ Yoast SEO plugin. -->","yoast_head_json":{"title":"Avamisajad p\u00fchade ajal - LaSpa Laulasmaa","robots":{"index":"index","follow":"follow","max-snippet":"max-snippet:-1","max-image-preview":"max-image-preview:large","max-video-preview":"max-video-preview:-1"},"canonical":"https:\/\/www.laspa.ee\/et\/puhade-lahtiolekuajad\/","og_locale":"et_EE","og_type":"article","og_title":"Avamisajad p\u00fchade ajal - LaSpa Laulasmaa","og_description":"Meie hotell on alati avatud, restoranid, vee- ja saunakeskus ning Naudi LaSpa heaoluspaa on avatud j\u00f5ulup\u00fchade ajal j\u00e4rgmiselt: 24.12.2025LaSpa vee-ja saunakeskus 09.00 &#8211; 20.00Naudi LaSpa heaoluspaa 09.00 &#8211; 18.00 Hommikus\u00f6\u00f6k buffet restoranis K\u00e4bi \u2013 &nbsp;07.30 &#8211; 11.00Restoran Liiv- &nbsp;11.00 &#8211; 23.00 * k\u00f6\u00f6k on avatud 12.00 &#8211; 22.00Restoran Wicca &#8211; 17.00 &#8211; 23.00 25. &#8211; [&hellip;]","og_url":"https:\/\/www.laspa.ee\/et\/puhade-lahtiolekuajad\/","og_site_name":"LaSpa Laulasmaa","article_publisher":"https:\/\/www.facebook.com\/LaSpaLaulasmaa","article_modified_time":"2025-12-30T11:02:39+00:00","og_image":[{"width":1280,"height":1920,"url":"https:\/\/www.laspa.ee\/wp-content\/uploads\/2021\/11\/hh2-2.jpg","type":"image\/jpeg"}],"twitter_card":"summary_large_image","twitter_misc":{"Est. reading time":"1 minut"},"schema":{"@context":"https:\/\/schema.org","@graph":[{"@type":"WebPage","@id":"https:\/\/www.laspa.ee\/et\/puhade-lahtiolekuajad\/","url":"https:\/\/www.laspa.ee\/et\/puhade-lahtiolekuajad\/","name":"Avamisajad p\u00fchade ajal - LaSpa Laulasmaa","isPartOf":{"@id":"https:\/\/www.laspa.ee\/et\/#website"},"primaryImageOfPage":{"@id":"https:\/\/www.laspa.ee\/et\/puhade-lahtiolekuajad\/#primaryimage"},"image":{"@id":"https:\/\/www.laspa.ee\/et\/puhade-lahtiolekuajad\/#primaryimage"},"thumbnailUrl":"https:\/\/www.laspa.ee\/wp-content\/uploads\/2021\/11\/hh2-2.jpg","datePublished":"2021-12-06T23:22:26+00:00","dateModified":"2025-12-30T11:02:39+00:00","breadcrumb":{"@id":"https:\/\/www.laspa.ee\/et\/puhade-lahtiolekuajad\/#breadcrumb"},"inLanguage":"et","potentialAction":[{"@type":"ReadAction","target":["https:\/\/www.laspa.ee\/et\/puhade-lahtiolekuajad\/"]}]},{"@type":"ImageObject","inLanguage":"et","@id":"https:\/\/www.laspa.ee\/et\/puhade-lahtiolekuajad\/#primaryimage","url":"https:\/\/www.laspa.ee\/wp-content\/uploads\/2021\/11\/hh2-2.jpg","contentUrl":"https:\/\/www.laspa.ee\/wp-content\/uploads\/2021\/11\/hh2-2.jpg","width":1280,"height":1920},{"@type":"BreadcrumbList","@id":"https:\/\/www.laspa.ee\/et\/puhade-lahtiolekuajad\/#breadcrumb","itemListElement":[{"@type":"ListItem","position":1,"name":"Home","item":"https:\/\/www.laspa.ee\/et\/"},{"@type":"ListItem","position":2,"name":"Avamisajad p\u00fchade ajal"}]},{"@type":"WebSite","@id":"https:\/\/www.laspa.ee\/et\/#website","url":"https:\/\/www.laspa.ee\/et\/","name":"LaSpa Laulasmaa","description":"Wellbeing by nature","potentialAction":[{"@type":"SearchAction","target":{"@type":"EntryPoint","urlTemplate":"https:\/\/www.laspa.ee\/et\/?s={search_term_string}"},"query-input":{"@type":"PropertyValueSpecification","valueRequired":true,"valueName":"search_term_string"}}],"inLanguage":"et"}]}},"_links":{"self":[{"href":"https:\/\/www.laspa.ee\/et\/wp-json\/wp\/v2\/pages\/7548","targetHints":{"allow":["GET"]}}],"collection":[{"href":"https:\/\/www.laspa.ee\/et\/wp-json\/wp\/v2\/pages"}],"about":[{"href":"https:\/\/www.laspa.ee\/et\/wp-json\/wp\/v2\/types\/page"}],"author":[{"embeddable":true,"href":"https:\/\/www.laspa.ee\/et\/wp-json\/wp\/v2\/users\/4"}],"replies":[{"embeddable":true,"href":"https:\/\/www.laspa.ee\/et\/wp-json\/wp\/v2\/comments?post=7548"}],"version-history":[{"count":28,"href":"https:\/\/www.laspa.ee\/et\/wp-json\/wp\/v2\/pages\/7548\/revisions"}],"predecessor-version":[{"id":21197,"href":"https:\/\/www.laspa.ee\/et\/wp-json\/wp\/v2\/pages\/7548\/revisions\/21197"}],"wp:featuredmedia":[{"embeddable":true,"href":"https:\/\/www.laspa.ee\/et\/wp-json\/wp\/v2\/media\/7398"}],"wp:attachment":[{"href":"https:\/\/www.laspa.ee\/et\/wp-json\/wp\/v2\/media?parent=7548"}],"curies":[{"name":"wp","href":"https:\/\/api.w.org\/{rel}","templated":true}]}}