{"id":8046,"date":"2022-01-19T12:05:50","date_gmt":"2022-01-19T10:05:50","guid":{"rendered":"https:\/\/www.laspa.ee\/?page_id=8046"},"modified":"2022-03-09T14:41:29","modified_gmt":"2022-03-09T12:41:29","slug":"hooldustehnik","status":"publish","type":"page","link":"https:\/\/www.laspa.ee\/et\/hooldustehnik\/","title":{"rendered":"hooldustehnik"},"content":{"rendered":"\n<div class=\"wp-block-cover alignfull\"><span aria-hidden=\"true\" class=\"wp-block-cover__gradient-background has-background-dim\"><\/span><img loading=\"lazy\" decoding=\"async\" width=\"2560\" height=\"1917\" class=\"wp-block-cover__image-background wp-image-2839\" alt=\"\" src=\"https:\/\/www.laspa.ee\/wp-content\/uploads\/2021\/02\/kaupokalda-com-20181019-DJI_0882-scaled.jpg\" style=\"object-position:54% 20%\" data-object-fit=\"cover\" data-object-position=\"54% 20%\" srcset=\"https:\/\/www.laspa.ee\/wp-content\/uploads\/2021\/02\/kaupokalda-com-20181019-DJI_0882-scaled.jpg 2560w, https:\/\/www.laspa.ee\/wp-content\/uploads\/2021\/02\/kaupokalda-com-20181019-DJI_0882-300x225.jpg 300w, https:\/\/www.laspa.ee\/wp-content\/uploads\/2021\/02\/kaupokalda-com-20181019-DJI_0882-1150x861.jpg 1150w, https:\/\/www.laspa.ee\/wp-content\/uploads\/2021\/02\/kaupokalda-com-20181019-DJI_0882-768x575.jpg 768w, https:\/\/www.laspa.ee\/wp-content\/uploads\/2021\/02\/kaupokalda-com-20181019-DJI_0882-1536x1150.jpg 1536w, https:\/\/www.laspa.ee\/wp-content\/uploads\/2021\/02\/kaupokalda-com-20181019-DJI_0882-2048x1534.jpg 2048w, https:\/\/www.laspa.ee\/wp-content\/uploads\/2021\/02\/kaupokalda-com-20181019-DJI_0882-800x599.jpg 800w\" sizes=\"auto, (max-width: 2560px) 100vw, 2560px\" \/><div class=\"wp-block-cover__inner-container is-layout-flow wp-block-cover-is-layout-flow\">\n<p class=\"has-text-align-center has-white-color has-text-color has-large-font-size\">Tule t\u00f6\u00f6le: HOOLDUSTEHNIK<\/p>\n<\/div><\/div>\n\n\n\n<div class=\"wp-block-columns alignfull is-layout-flex wp-container-corecolumns-is-layout-9d6595d7 wp-block-columns-is-layout-flex\">\n<div class=\"wp-block-column is-layout-flow wp-block-column-is-layout-flow\" style=\"flex-basis:100%\">\n<div class=\"wp-block-columns alignwide is-layout-flex wp-container-corecolumns-is-layout-9d6595d7 wp-block-columns-is-layout-flex\">\n<div class=\"wp-block-column is-layout-flow wp-block-column-is-layout-flow\" style=\"flex-basis:100%\">\n<div class=\"wp-block-columns is-layout-flex wp-container-corecolumns-is-layout-9d6595d7 wp-block-columns-is-layout-flex\">\n<div class=\"wp-block-column is-layout-flow wp-block-column-is-layout-flow\">\n<div class=\"wp-block-columns alignwide is-layout-flex wp-container-corecolumns-is-layout-9d6595d7 wp-block-columns-is-layout-flex\">\n<div class=\"wp-block-column is-layout-flow wp-block-column-is-layout-flow\">\n<h2 class=\"wp-block-heading\" id=\"hooldustehnik\">Hooldustehnik <\/h2>\n\n\n\n<p>Pakume suurep\u00e4rast eneseteostuse v\u00f5imalust hoolikale hooldustehnikule, kelle igap\u00e4evat\u00f6\u00f6ks on tagada hotelli ning vee- ja saunakeskuse remondi- ning hooldust\u00f6\u00f6de teostamine. Lisaks kuuluvad Sinu t\u00f6\u00f6\u00fclesannete hulka ka konverentsi- ja seminariruumide ettevalmistamine ning vajadusel abistamine territooriumi korrashoiul. <\/p>\n\n\n\n<p>Oled suurep\u00e4rane kandidaat kui:<\/p>\n\n\n\n<ul class=\"wp-block-list\"><li>Sul on eelnev t\u00f6\u00f6kogemus sarnasel ametikohal. <\/li><li>Sul on santehniliste t\u00f6\u00f6de teostamise v\u00f5imekus, teadmised elektrit\u00f6\u00f6dest ning tahe kaasa m\u00f5elda ja iseseisvalt lahendusi leida. <\/li><li>Pead lugu korrast ja puhtusest ning oma tegemistes korrektne. <\/li><\/ul>\n\n\n\n<p>Omalt poolt pakume:<\/p>\n\n\n\n<ul class=\"wp-block-list\"><li>T\u00f6\u00f6d toetavas ja s\u00f5bralikus kollektiivis.<\/li><li>Kaasaegseid t\u00f6\u00f6tingimusi ja t\u00f6\u00f6vahendeid.<\/li><li>J\u00f5usaali ning vee- ja saunakeskuse kasutamise v\u00f5imalust ning palju teisi omat\u00f6\u00f6taja soodustusi. <\/li><\/ul>\n\n\n\n<p>Saada sooviavaldus aadressil <a href=\"mailto:priit.vooglaid@laspa.ee\">priit.voogl<\/a>aid@laspa.ee. <br>Lisainfo Priit Vooglaid, haldusjuht +372 5692 7040.<\/p>\n\n\n\n<p><\/p>\n\n\n\n<p>LaSpa on koht, kus nautida, liikuda, puhata ning olla ja tunda ennast tervena \u2013 seda nii kehas kui vaimus. Meie suurep\u00e4rane asukoht Laulasmaal m\u00e4nnimetsade ja liivaranna keskel, erinevad saunad ja basseinid, j\u00f5usaal, elegantne uus heaoluspaa NAUDI LaSpa, auhinnatud restoran WICCA eesotsas peakokk Angelica Udek\u00fclliga ning h\u00e4sti varustatud valgusk\u00fcllased konverentsiruumid \u2013 need k\u00f5ik muudavad LaSpa suurep\u00e4raseks sihtkohaks nii paaridele, peredele, s\u00f5pruskondadele kui ettev\u00f5tetele tiimi \u00fcrituste korraldamiseks.<\/p>\n<\/div>\n<\/div>\n<\/div>\n<\/div>\n<\/div>\n<\/div>\n<\/div>\n<\/div>\n","protected":false},"excerpt":{"rendered":"<p>Hooldustehnik Pakume suurep\u00e4rast eneseteostuse v\u00f5imalust hoolikale hooldustehnikule, kelle igap\u00e4evat\u00f6\u00f6ks on tagada hotelli ning vee- ja saunakeskuse remondi- ning hooldust\u00f6\u00f6de teostamine. Lisaks kuuluvad Sinu t\u00f6\u00f6\u00fclesannete hulka ka konverentsi- ja seminariruumide ettevalmistamine ning vajadusel abistamine territooriumi korrashoiul. Oled suurep\u00e4rane kandidaat kui: Sul on eelnev t\u00f6\u00f6kogemus sarnasel ametikohal. Sul on santehniliste t\u00f6\u00f6de teostamise v\u00f5imekus, teadmised elektrit\u00f6\u00f6dest ning tahe [&hellip;]<\/p>\n","protected":false},"author":4,"featured_media":0,"parent":0,"menu_order":135,"comment_status":"closed","ping_status":"closed","template":"","meta":{"_acf_changed":false,"footnotes":""},"class_list":["post-8046","page","type-page","status-publish","hentry"],"acf":false,"yoast_head":"<!-- This site is optimized with the Yoast SEO plugin v27.2 - https:\/\/yoast.com\/product\/yoast-seo-wordpress\/ -->\n<title>hooldustehnik - LaSpa Laulasmaa<\/title>\n<meta name=\"robots\" content=\"index, follow, max-snippet:-1, max-image-preview:large, max-video-preview:-1\" \/>\n<link rel=\"canonical\" href=\"https:\/\/www.laspa.ee\/et\/hooldustehnik\/\" \/>\n<meta property=\"og:locale\" content=\"et_EE\" \/>\n<meta property=\"og:type\" content=\"article\" \/>\n<meta property=\"og:title\" content=\"hooldustehnik - LaSpa Laulasmaa\" \/>\n<meta property=\"og:description\" content=\"Hooldustehnik Pakume suurep\u00e4rast eneseteostuse v\u00f5imalust hoolikale hooldustehnikule, kelle igap\u00e4evat\u00f6\u00f6ks on tagada hotelli ning vee- ja saunakeskuse remondi- ning hooldust\u00f6\u00f6de teostamine. Lisaks kuuluvad Sinu t\u00f6\u00f6\u00fclesannete hulka ka konverentsi- ja seminariruumide ettevalmistamine ning vajadusel abistamine territooriumi korrashoiul. Oled suurep\u00e4rane kandidaat kui: Sul on eelnev t\u00f6\u00f6kogemus sarnasel ametikohal. Sul on santehniliste t\u00f6\u00f6de teostamise v\u00f5imekus, teadmised elektrit\u00f6\u00f6dest ning tahe [&hellip;]\" \/>\n<meta property=\"og:url\" content=\"https:\/\/www.laspa.ee\/et\/hooldustehnik\/\" \/>\n<meta property=\"og:site_name\" content=\"LaSpa Laulasmaa\" \/>\n<meta property=\"article:publisher\" content=\"https:\/\/www.facebook.com\/LaSpaLaulasmaa\" \/>\n<meta property=\"article:modified_time\" content=\"2022-03-09T12:41:29+00:00\" \/>\n<meta property=\"og:image\" content=\"https:\/\/www.laspa.ee\/wp-content\/uploads\/2021\/02\/kaupokalda-com-20181019-DJI_0882-scaled.jpg\" \/>\n<meta name=\"twitter:card\" content=\"summary_large_image\" \/>\n<meta name=\"twitter:label1\" content=\"Est. reading time\" \/>\n\t<meta name=\"twitter:data1\" content=\"2 minutit\" \/>\n<script type=\"application\/ld+json\" class=\"yoast-schema-graph\">{\"@context\":\"https:\/\/schema.org\",\"@graph\":[{\"@type\":\"WebPage\",\"@id\":\"https:\/\/www.laspa.ee\/et\/hooldustehnik\/\",\"url\":\"https:\/\/www.laspa.ee\/et\/hooldustehnik\/\",\"name\":\"hooldustehnik - LaSpa Laulasmaa\",\"isPartOf\":{\"@id\":\"https:\/\/www.laspa.ee\/et\/#website\"},\"primaryImageOfPage\":{\"@id\":\"https:\/\/www.laspa.ee\/et\/hooldustehnik\/#primaryimage\"},\"image\":{\"@id\":\"https:\/\/www.laspa.ee\/et\/hooldustehnik\/#primaryimage\"},\"thumbnailUrl\":\"https:\/\/www.laspa.ee\/wp-content\/uploads\/2021\/02\/kaupokalda-com-20181019-DJI_0882-scaled.jpg\",\"datePublished\":\"2022-01-19T10:05:50+00:00\",\"dateModified\":\"2022-03-09T12:41:29+00:00\",\"breadcrumb\":{\"@id\":\"https:\/\/www.laspa.ee\/et\/hooldustehnik\/#breadcrumb\"},\"inLanguage\":\"et\",\"potentialAction\":[{\"@type\":\"ReadAction\",\"target\":[\"https:\/\/www.laspa.ee\/et\/hooldustehnik\/\"]}]},{\"@type\":\"ImageObject\",\"inLanguage\":\"et\",\"@id\":\"https:\/\/www.laspa.ee\/et\/hooldustehnik\/#primaryimage\",\"url\":\"https:\/\/www.laspa.ee\/wp-content\/uploads\/2021\/02\/kaupokalda-com-20181019-DJI_0882-scaled.jpg\",\"contentUrl\":\"https:\/\/www.laspa.ee\/wp-content\/uploads\/2021\/02\/kaupokalda-com-20181019-DJI_0882-scaled.jpg\"},{\"@type\":\"BreadcrumbList\",\"@id\":\"https:\/\/www.laspa.ee\/et\/hooldustehnik\/#breadcrumb\",\"itemListElement\":[{\"@type\":\"ListItem\",\"position\":1,\"name\":\"Home\",\"item\":\"https:\/\/www.laspa.ee\/et\/\"},{\"@type\":\"ListItem\",\"position\":2,\"name\":\"hooldustehnik\"}]},{\"@type\":\"WebSite\",\"@id\":\"https:\/\/www.laspa.ee\/et\/#website\",\"url\":\"https:\/\/www.laspa.ee\/et\/\",\"name\":\"LaSpa Laulasmaa\",\"description\":\"Wellbeing by nature\",\"potentialAction\":[{\"@type\":\"SearchAction\",\"target\":{\"@type\":\"EntryPoint\",\"urlTemplate\":\"https:\/\/www.laspa.ee\/et\/?s={search_term_string}\"},\"query-input\":{\"@type\":\"PropertyValueSpecification\",\"valueRequired\":true,\"valueName\":\"search_term_string\"}}],\"inLanguage\":\"et\"}]}<\/script>\n<!-- \/ Yoast SEO plugin. -->","yoast_head_json":{"title":"hooldustehnik - LaSpa Laulasmaa","robots":{"index":"index","follow":"follow","max-snippet":"max-snippet:-1","max-image-preview":"max-image-preview:large","max-video-preview":"max-video-preview:-1"},"canonical":"https:\/\/www.laspa.ee\/et\/hooldustehnik\/","og_locale":"et_EE","og_type":"article","og_title":"hooldustehnik - LaSpa Laulasmaa","og_description":"Hooldustehnik Pakume suurep\u00e4rast eneseteostuse v\u00f5imalust hoolikale hooldustehnikule, kelle igap\u00e4evat\u00f6\u00f6ks on tagada hotelli ning vee- ja saunakeskuse remondi- ning hooldust\u00f6\u00f6de teostamine. Lisaks kuuluvad Sinu t\u00f6\u00f6\u00fclesannete hulka ka konverentsi- ja seminariruumide ettevalmistamine ning vajadusel abistamine territooriumi korrashoiul. Oled suurep\u00e4rane kandidaat kui: Sul on eelnev t\u00f6\u00f6kogemus sarnasel ametikohal. Sul on santehniliste t\u00f6\u00f6de teostamise v\u00f5imekus, teadmised elektrit\u00f6\u00f6dest ning tahe [&hellip;]","og_url":"https:\/\/www.laspa.ee\/et\/hooldustehnik\/","og_site_name":"LaSpa Laulasmaa","article_publisher":"https:\/\/www.facebook.com\/LaSpaLaulasmaa","article_modified_time":"2022-03-09T12:41:29+00:00","og_image":[{"url":"https:\/\/www.laspa.ee\/wp-content\/uploads\/2021\/02\/kaupokalda-com-20181019-DJI_0882-scaled.jpg","type":"","width":"","height":""}],"twitter_card":"summary_large_image","twitter_misc":{"Est. reading time":"2 minutit"},"schema":{"@context":"https:\/\/schema.org","@graph":[{"@type":"WebPage","@id":"https:\/\/www.laspa.ee\/et\/hooldustehnik\/","url":"https:\/\/www.laspa.ee\/et\/hooldustehnik\/","name":"hooldustehnik - LaSpa Laulasmaa","isPartOf":{"@id":"https:\/\/www.laspa.ee\/et\/#website"},"primaryImageOfPage":{"@id":"https:\/\/www.laspa.ee\/et\/hooldustehnik\/#primaryimage"},"image":{"@id":"https:\/\/www.laspa.ee\/et\/hooldustehnik\/#primaryimage"},"thumbnailUrl":"https:\/\/www.laspa.ee\/wp-content\/uploads\/2021\/02\/kaupokalda-com-20181019-DJI_0882-scaled.jpg","datePublished":"2022-01-19T10:05:50+00:00","dateModified":"2022-03-09T12:41:29+00:00","breadcrumb":{"@id":"https:\/\/www.laspa.ee\/et\/hooldustehnik\/#breadcrumb"},"inLanguage":"et","potentialAction":[{"@type":"ReadAction","target":["https:\/\/www.laspa.ee\/et\/hooldustehnik\/"]}]},{"@type":"ImageObject","inLanguage":"et","@id":"https:\/\/www.laspa.ee\/et\/hooldustehnik\/#primaryimage","url":"https:\/\/www.laspa.ee\/wp-content\/uploads\/2021\/02\/kaupokalda-com-20181019-DJI_0882-scaled.jpg","contentUrl":"https:\/\/www.laspa.ee\/wp-content\/uploads\/2021\/02\/kaupokalda-com-20181019-DJI_0882-scaled.jpg"},{"@type":"BreadcrumbList","@id":"https:\/\/www.laspa.ee\/et\/hooldustehnik\/#breadcrumb","itemListElement":[{"@type":"ListItem","position":1,"name":"Home","item":"https:\/\/www.laspa.ee\/et\/"},{"@type":"ListItem","position":2,"name":"hooldustehnik"}]},{"@type":"WebSite","@id":"https:\/\/www.laspa.ee\/et\/#website","url":"https:\/\/www.laspa.ee\/et\/","name":"LaSpa Laulasmaa","description":"Wellbeing by nature","potentialAction":[{"@type":"SearchAction","target":{"@type":"EntryPoint","urlTemplate":"https:\/\/www.laspa.ee\/et\/?s={search_term_string}"},"query-input":{"@type":"PropertyValueSpecification","valueRequired":true,"valueName":"search_term_string"}}],"inLanguage":"et"}]}},"_links":{"self":[{"href":"https:\/\/www.laspa.ee\/et\/wp-json\/wp\/v2\/pages\/8046","targetHints":{"allow":["GET"]}}],"collection":[{"href":"https:\/\/www.laspa.ee\/et\/wp-json\/wp\/v2\/pages"}],"about":[{"href":"https:\/\/www.laspa.ee\/et\/wp-json\/wp\/v2\/types\/page"}],"author":[{"embeddable":true,"href":"https:\/\/www.laspa.ee\/et\/wp-json\/wp\/v2\/users\/4"}],"replies":[{"embeddable":true,"href":"https:\/\/www.laspa.ee\/et\/wp-json\/wp\/v2\/comments?post=8046"}],"version-history":[{"count":5,"href":"https:\/\/www.laspa.ee\/et\/wp-json\/wp\/v2\/pages\/8046\/revisions"}],"predecessor-version":[{"id":9082,"href":"https:\/\/www.laspa.ee\/et\/wp-json\/wp\/v2\/pages\/8046\/revisions\/9082"}],"wp:attachment":[{"href":"https:\/\/www.laspa.ee\/et\/wp-json\/wp\/v2\/media?parent=8046"}],"curies":[{"name":"wp","href":"https:\/\/api.w.org\/{rel}","templated":true}]}}