{"id":8936,"date":"2022-02-18T01:01:38","date_gmt":"2022-02-17T23:01:38","guid":{"rendered":"https:\/\/www.laspa.ee\/?page_id=8936"},"modified":"2023-12-11T00:58:46","modified_gmt":"2023-12-10T22:58:46","slug":"our-story","status":"publish","type":"page","link":"https:\/\/www.laspa.ee\/et\/our-story\/","title":{"rendered":"Meie lugu"},"content":{"rendered":"\n<div class=\"wp-block-cover alignfull\"><span aria-hidden=\"true\" class=\"wp-block-cover__background has-background-dim\"><\/span><img loading=\"lazy\" decoding=\"async\" width=\"2560\" height=\"1856\" class=\"wp-block-cover__image-background wp-image-1189\" alt=\"Laulasmaa nature I Beach in Laulasmaa\" src=\"https:\/\/www.laspa.ee\/wp-content\/uploads\/2020\/12\/kaupokalda-com-20181019-DJI_0704-scaled.jpg\" data-object-fit=\"cover\" srcset=\"https:\/\/www.laspa.ee\/wp-content\/uploads\/2020\/12\/kaupokalda-com-20181019-DJI_0704-scaled.jpg 2560w, https:\/\/www.laspa.ee\/wp-content\/uploads\/2020\/12\/kaupokalda-com-20181019-DJI_0704-300x217.jpg 300w, https:\/\/www.laspa.ee\/wp-content\/uploads\/2020\/12\/kaupokalda-com-20181019-DJI_0704-1150x834.jpg 1150w, https:\/\/www.laspa.ee\/wp-content\/uploads\/2020\/12\/kaupokalda-com-20181019-DJI_0704-768x557.jpg 768w, https:\/\/www.laspa.ee\/wp-content\/uploads\/2020\/12\/kaupokalda-com-20181019-DJI_0704-1536x1113.jpg 1536w, https:\/\/www.laspa.ee\/wp-content\/uploads\/2020\/12\/kaupokalda-com-20181019-DJI_0704-2048x1485.jpg 2048w, https:\/\/www.laspa.ee\/wp-content\/uploads\/2020\/12\/kaupokalda-com-20181019-DJI_0704-800x580.jpg 800w\" sizes=\"auto, (max-width: 2560px) 100vw, 2560px\" \/><div class=\"wp-block-cover__inner-container is-layout-flow wp-block-cover-is-layout-flow\">\n<h1 class=\"wp-block-heading has-text-align-center has-white-color has-text-color\" id=\"our-story\">Meie lugu<\/h1>\n<\/div><\/div>\n\n\n\n<div class=\"wp-block-columns alignwide is-layout-flex wp-container-corecolumns-is-layout-9d6595d7 wp-block-columns-is-layout-flex\">\n<div class=\"wp-block-column is-layout-flow wp-block-column-is-layout-flow\" style=\"flex-basis:100%\">\n<p>LaSpa lugu sai alguse 2021. aasta jaanuaris, kui LaSpa kauaaegsed hotellikinnistu omanikud v\u00f5tsid \u00fcle spaahotelli igap\u00e4evase tegevuse. Eesm\u00e4rgiga muuta LaSpa terviseoaasiks, mis inspireeriks k\u00f5iki k\u00fclastajaid tegema igap\u00e4evaelus v\u00e4ikseid muudatusi, et parandada heaolu ja \u00f5nnetunnet.<\/p>\n\n\n\n<p>LaSpa omanikud<br>Anna Elam and Peter Elam H\u00e5kansson<br><br><\/p>\n<\/div>\n<\/div>\n\n\n\n<div class=\"wp-block-columns alignfull is-layout-flex wp-container-corecolumns-is-layout-9d6595d7 wp-block-columns-is-layout-flex\">\n<div class=\"wp-block-column is-layout-flow wp-block-column-is-layout-flow\" style=\"flex-basis:100%\">\n<div class=\"custom-twin-cols\"><div class=\"wp-block-columns has-2-columns\"><div class=\"wp-block-column text-block\">\n<h2 class=\"wp-block-heading\" id=\"love-at-first-sight\">Love at first sight<\/h2>\n\n\n\n<p>Anna and Peter first visited Laulasmaa 17 years ago when they travelled around Estonia with their then small four boys. The Elam family has always enjoyed active holidays. It was important to them to have activities to keep the children entertained, so they looked for beautiful beaches and hotels with swimming pools to spend their vacation at. Laulasmaa had just been renovated and looked very beautiful. There started a deep connection with the Elam family and Laulasmaa that has now tied them together in this beautiful wellbeing journey.<\/p>\n<\/div><div class=\"wp-block-column image-block\" data-pos=\"right\"><div class=\"wp-block-column\"><figure class=\"wp-block-image\"><img decoding=\"async\" src=\"https:\/\/www.laspa.ee\/wp-content\/uploads\/2022\/02\/20JJ1103_199-copy-23-1150x739.jpg\" alt=\"\"\/><\/figure><\/div><\/div><\/div><\/div>\n\n\n\n<div class=\"custom-twin-cols\"><div class=\"wp-block-columns has-2-columns\"><div class=\"wp-block-column image-block\" data-pos=\"left\"><div class=\"wp-block-column\"><a href=\"https:\/\/www.laspa.ee\/wp-content\/uploads\/2022\/03\/20JJ1103_199-copy-2-1150x739.jpg\"><figure class=\"wp-block-image\"><img decoding=\"async\" src=\"https:\/\/www.laspa.ee\/wp-content\/uploads\/2022\/03\/20JJ1103_199-copy-2-1150x739.jpg\" alt=\"\"\/><\/figure><\/a><\/div><\/div><div class=\"wp-block-column text-block\">\n<h2 class=\"wp-block-heading\" id=\"love-at-first-sight\">100 aastane side<\/h2>\n\n\n\n<p>LaSpa omaniku Peter Elam H\u00e5knassoni vanaisa Lars s\u00f5itis Rootsist Eesti iseseisvuss\u00f5ja eest v\u00f5itlema<\/p>\n\n\n\n<p>aastaid tagasi. Peeter kuulis lapsep\u00f5lves nendest seiklustest korduvalt lugusid ja tundis juba siis suurt huvi arengute vastu Baltikumis ja \u00fclej\u00e4\u00e4nud Ida-Euroopas.<\/p>\n\n\n\n<p>Nii et niipea, kui Rootsi ja Eesti vahel avati lennuliin, tuli ta k\u00fclla. Ja juba 1994. aastal tegi Peter oma esimesed investeeringud Baltikumi, 1997. aastal asutas ta koos kaaslastega East Capitali ja k\u00e4ivitas 1998. aastal Baltikumi aktsiafondi, mis on investeerinud paljudesse \u00e4ridesse ja aidanud neil kasvada. T\u00e4na on East Capital \u00fclemaailmne firma , mis keskendub arenevatele turgudele. East Capital on ka \u00fcks suurimaid kinnisvarainvestoreid Baltikumis.<\/p>\n<\/div><\/div><\/div>\n\n\n\n<div class=\"custom-twin-cols\"><div class=\"wp-block-columns has-2-columns\"><div class=\"wp-block-column text-block\">\n<h2 class=\"wp-block-heading\" id=\"inspire-to-a-happier-healthier-life\">Inspire to a happier &amp; healthier life <\/h2>\n\n\n\n<p>Our wish is to increase the wellbeing of our guests by inspiring them to make little changes in their daily lives to become healthier and feel better.&nbsp;<\/p>\n\n\n\n<p>For us, wellbeing is a special word that means so many different things. It&#8217;s the great feeling you get when you&#8217;re in one of our pools or saunas or have just completed a workout in our gym. And it&#8217;s that sense of total relaxation you experience after a long massage. Follow this with a healthy cup of tea stretched out on a chaise-longue in front of the fire in our wellness spa NAUDI LaSpa.<\/p>\n\n\n\n<p>You can also find wellbeing in the great outdoors. It&#8217;s. . &#8230;<\/p>\n\n\n\n<ul class=\"wp-block-list\">\n<li>walking in the magical pine forest (something the Japanese call Shinrin-Yoku or forest bathing in English). This is scientifically proven to have health benefits such as reduced blood pressure and even an improved immune system<\/li>\n\n\n\n<li>jogging or hiking along the beach when the sun is shining in a clear blue sky \u2014 or even on a windy and rainy day \u2014 and feeling revitalised and rejuvenated<\/li>\n\n\n\n<li>a windsurfing lesson when you manage to catch the wind in your sail, or yoga and meditation in the clean pine-scented air<\/li>\n\n\n\n<li>definitely watching the sun set over the sea with a cold drink in your hand!<\/li>\n<\/ul>\n\n\n\n<p>What could be better for your wellbeing than a long dinner with family and good friends? Angelica Udek\u00fcll&#8217;s Wicca Restaurant is one of the best in Estonia. You can enjoy local specialities prepared with the best natural ingredients and served with a fine glass of wine.<\/p>\n<\/div><div class=\"wp-block-column image-block\" data-pos=\"right\"><div class=\"wp-block-column\"><figure class=\"wp-block-image\"><img decoding=\"async\" src=\"https:\/\/www.laspa.ee\/wp-content\/uploads\/2022\/02\/20JJ1103_199-copy-5-1150x739.jpg\" alt=\"\"\/><\/figure><\/div><\/div><\/div><\/div>\n\n\n\n<div class=\"custom-twin-cols\"><div class=\"wp-block-columns has-2-columns\"><div class=\"wp-block-column image-block\" data-pos=\"left\"><div class=\"wp-block-column\"><a href=\"https:\/\/www.laspa.ee\/wp-content\/uploads\/2020\/12\/kaupokalda-com-20181019-DJI_0704-1150x834.jpg\"><figure class=\"wp-block-image\"><img decoding=\"async\" src=\"https:\/\/www.laspa.ee\/wp-content\/uploads\/2020\/12\/kaupokalda-com-20181019-DJI_0704-1150x834.jpg\" alt=\"Laulasmaa nature I Beach in Laulasmaa\"\/><\/figure><\/a><\/div><\/div><div class=\"wp-block-column text-block\">\n<h2 class=\"wp-block-heading\" id=\"inspire-to-a-happier-healthier-life\">About the hotel<\/h2>\n\n\n\n<p>LaSpa resort is located between the pine forest and beautiful sandy beaches. The 11,000 square-foot hotel features 142 rooms, a 1,700 square-foot water and sauna centre, a brand new wellness centre Naudi LaSpa, a conference centre with seven different sized conference rooms and three restaurants.<\/p>\n\n\n\n<p>Beautiful interiors are an essential part of the LaSpa experience. We are constantly improving the hotel facilities and have already come a long way.  In 2021 we opened a completely remodelled wellness spa Naudi LaSpa and in 2022 we opened a totally remodelled luxurious <a href=\"https:\/\/www.laspa.ee\/beach-house-rooms\/\">Beach House. <\/a>The next step now is to upgrade all our rooms and corridors also in the main building.<\/p>\n<\/div><\/div><\/div>\n<\/div>\n<\/div>\n","protected":false},"excerpt":{"rendered":"<p>LaSpa lugu sai alguse 2021. aasta jaanuaris, kui LaSpa kauaaegsed hotellikinnistu omanikud v\u00f5tsid \u00fcle spaahotelli igap\u00e4evase tegevuse. Eesm\u00e4rgiga muuta LaSpa terviseoaasiks, mis inspireeriks k\u00f5iki k\u00fclastajaid tegema igap\u00e4evaelus v\u00e4ikseid muudatusi, et parandada heaolu ja \u00f5nnetunnet. LaSpa omanikudAnna Elam and Peter Elam H\u00e5kansson<\/p>\n","protected":false},"author":4,"featured_media":0,"parent":0,"menu_order":117,"comment_status":"closed","ping_status":"closed","template":"","meta":{"_acf_changed":false,"footnotes":""},"class_list":["post-8936","page","type-page","status-publish","hentry"],"acf":false,"yoast_head":"<!-- This site is optimized with the Yoast SEO plugin v27.2 - https:\/\/yoast.com\/product\/yoast-seo-wordpress\/ -->\n<title>Meie lugu - LaSpa Laulasmaa<\/title>\n<meta name=\"robots\" content=\"index, follow, max-snippet:-1, max-image-preview:large, max-video-preview:-1\" \/>\n<link rel=\"canonical\" href=\"https:\/\/www.laspa.ee\/et\/our-story\/\" \/>\n<meta property=\"og:locale\" content=\"et_EE\" \/>\n<meta property=\"og:type\" content=\"article\" \/>\n<meta property=\"og:title\" content=\"Meie lugu - LaSpa Laulasmaa\" \/>\n<meta property=\"og:description\" content=\"LaSpa lugu sai alguse 2021. aasta jaanuaris, kui LaSpa kauaaegsed hotellikinnistu omanikud v\u00f5tsid \u00fcle spaahotelli igap\u00e4evase tegevuse. Eesm\u00e4rgiga muuta LaSpa terviseoaasiks, mis inspireeriks k\u00f5iki k\u00fclastajaid tegema igap\u00e4evaelus v\u00e4ikseid muudatusi, et parandada heaolu ja \u00f5nnetunnet. LaSpa omanikudAnna Elam and Peter Elam H\u00e5kansson\" \/>\n<meta property=\"og:url\" content=\"https:\/\/www.laspa.ee\/et\/our-story\/\" \/>\n<meta property=\"og:site_name\" content=\"LaSpa Laulasmaa\" \/>\n<meta property=\"article:publisher\" content=\"https:\/\/www.facebook.com\/LaSpaLaulasmaa\" \/>\n<meta property=\"article:modified_time\" content=\"2023-12-10T22:58:46+00:00\" \/>\n<meta property=\"og:image\" content=\"https:\/\/www.laspa.ee\/wp-content\/uploads\/2020\/12\/kaupokalda-com-20181019-DJI_0704-scaled.jpg\" \/>\n<meta name=\"twitter:card\" content=\"summary_large_image\" \/>\n<meta name=\"twitter:label1\" content=\"Est. reading time\" \/>\n\t<meta name=\"twitter:data1\" content=\"4 minutit\" \/>\n<script type=\"application\/ld+json\" class=\"yoast-schema-graph\">{\"@context\":\"https:\/\/schema.org\",\"@graph\":[{\"@type\":\"WebPage\",\"@id\":\"https:\/\/www.laspa.ee\/et\/our-story\/\",\"url\":\"https:\/\/www.laspa.ee\/et\/our-story\/\",\"name\":\"Meie lugu - LaSpa Laulasmaa\",\"isPartOf\":{\"@id\":\"https:\/\/www.laspa.ee\/et\/#website\"},\"primaryImageOfPage\":{\"@id\":\"https:\/\/www.laspa.ee\/et\/our-story\/#primaryimage\"},\"image\":{\"@id\":\"https:\/\/www.laspa.ee\/et\/our-story\/#primaryimage\"},\"thumbnailUrl\":\"https:\/\/www.laspa.ee\/wp-content\/uploads\/2020\/12\/kaupokalda-com-20181019-DJI_0704-scaled.jpg\",\"datePublished\":\"2022-02-17T23:01:38+00:00\",\"dateModified\":\"2023-12-10T22:58:46+00:00\",\"breadcrumb\":{\"@id\":\"https:\/\/www.laspa.ee\/et\/our-story\/#breadcrumb\"},\"inLanguage\":\"et\",\"potentialAction\":[{\"@type\":\"ReadAction\",\"target\":[\"https:\/\/www.laspa.ee\/et\/our-story\/\"]}]},{\"@type\":\"ImageObject\",\"inLanguage\":\"et\",\"@id\":\"https:\/\/www.laspa.ee\/et\/our-story\/#primaryimage\",\"url\":\"https:\/\/www.laspa.ee\/wp-content\/uploads\/2020\/12\/kaupokalda-com-20181019-DJI_0704-scaled.jpg\",\"contentUrl\":\"https:\/\/www.laspa.ee\/wp-content\/uploads\/2020\/12\/kaupokalda-com-20181019-DJI_0704-scaled.jpg\"},{\"@type\":\"BreadcrumbList\",\"@id\":\"https:\/\/www.laspa.ee\/et\/our-story\/#breadcrumb\",\"itemListElement\":[{\"@type\":\"ListItem\",\"position\":1,\"name\":\"Home\",\"item\":\"https:\/\/www.laspa.ee\/et\/\"},{\"@type\":\"ListItem\",\"position\":2,\"name\":\"Meie lugu\"}]},{\"@type\":\"WebSite\",\"@id\":\"https:\/\/www.laspa.ee\/et\/#website\",\"url\":\"https:\/\/www.laspa.ee\/et\/\",\"name\":\"LaSpa Laulasmaa\",\"description\":\"Wellbeing by nature\",\"potentialAction\":[{\"@type\":\"SearchAction\",\"target\":{\"@type\":\"EntryPoint\",\"urlTemplate\":\"https:\/\/www.laspa.ee\/et\/?s={search_term_string}\"},\"query-input\":{\"@type\":\"PropertyValueSpecification\",\"valueRequired\":true,\"valueName\":\"search_term_string\"}}],\"inLanguage\":\"et\"}]}<\/script>\n<!-- \/ Yoast SEO plugin. -->","yoast_head_json":{"title":"Meie lugu - LaSpa Laulasmaa","robots":{"index":"index","follow":"follow","max-snippet":"max-snippet:-1","max-image-preview":"max-image-preview:large","max-video-preview":"max-video-preview:-1"},"canonical":"https:\/\/www.laspa.ee\/et\/our-story\/","og_locale":"et_EE","og_type":"article","og_title":"Meie lugu - LaSpa Laulasmaa","og_description":"LaSpa lugu sai alguse 2021. aasta jaanuaris, kui LaSpa kauaaegsed hotellikinnistu omanikud v\u00f5tsid \u00fcle spaahotelli igap\u00e4evase tegevuse. Eesm\u00e4rgiga muuta LaSpa terviseoaasiks, mis inspireeriks k\u00f5iki k\u00fclastajaid tegema igap\u00e4evaelus v\u00e4ikseid muudatusi, et parandada heaolu ja \u00f5nnetunnet. LaSpa omanikudAnna Elam and Peter Elam H\u00e5kansson","og_url":"https:\/\/www.laspa.ee\/et\/our-story\/","og_site_name":"LaSpa Laulasmaa","article_publisher":"https:\/\/www.facebook.com\/LaSpaLaulasmaa","article_modified_time":"2023-12-10T22:58:46+00:00","og_image":[{"url":"https:\/\/www.laspa.ee\/wp-content\/uploads\/2020\/12\/kaupokalda-com-20181019-DJI_0704-scaled.jpg","type":"","width":"","height":""}],"twitter_card":"summary_large_image","twitter_misc":{"Est. reading time":"4 minutit"},"schema":{"@context":"https:\/\/schema.org","@graph":[{"@type":"WebPage","@id":"https:\/\/www.laspa.ee\/et\/our-story\/","url":"https:\/\/www.laspa.ee\/et\/our-story\/","name":"Meie lugu - LaSpa Laulasmaa","isPartOf":{"@id":"https:\/\/www.laspa.ee\/et\/#website"},"primaryImageOfPage":{"@id":"https:\/\/www.laspa.ee\/et\/our-story\/#primaryimage"},"image":{"@id":"https:\/\/www.laspa.ee\/et\/our-story\/#primaryimage"},"thumbnailUrl":"https:\/\/www.laspa.ee\/wp-content\/uploads\/2020\/12\/kaupokalda-com-20181019-DJI_0704-scaled.jpg","datePublished":"2022-02-17T23:01:38+00:00","dateModified":"2023-12-10T22:58:46+00:00","breadcrumb":{"@id":"https:\/\/www.laspa.ee\/et\/our-story\/#breadcrumb"},"inLanguage":"et","potentialAction":[{"@type":"ReadAction","target":["https:\/\/www.laspa.ee\/et\/our-story\/"]}]},{"@type":"ImageObject","inLanguage":"et","@id":"https:\/\/www.laspa.ee\/et\/our-story\/#primaryimage","url":"https:\/\/www.laspa.ee\/wp-content\/uploads\/2020\/12\/kaupokalda-com-20181019-DJI_0704-scaled.jpg","contentUrl":"https:\/\/www.laspa.ee\/wp-content\/uploads\/2020\/12\/kaupokalda-com-20181019-DJI_0704-scaled.jpg"},{"@type":"BreadcrumbList","@id":"https:\/\/www.laspa.ee\/et\/our-story\/#breadcrumb","itemListElement":[{"@type":"ListItem","position":1,"name":"Home","item":"https:\/\/www.laspa.ee\/et\/"},{"@type":"ListItem","position":2,"name":"Meie lugu"}]},{"@type":"WebSite","@id":"https:\/\/www.laspa.ee\/et\/#website","url":"https:\/\/www.laspa.ee\/et\/","name":"LaSpa Laulasmaa","description":"Wellbeing by nature","potentialAction":[{"@type":"SearchAction","target":{"@type":"EntryPoint","urlTemplate":"https:\/\/www.laspa.ee\/et\/?s={search_term_string}"},"query-input":{"@type":"PropertyValueSpecification","valueRequired":true,"valueName":"search_term_string"}}],"inLanguage":"et"}]}},"_links":{"self":[{"href":"https:\/\/www.laspa.ee\/et\/wp-json\/wp\/v2\/pages\/8936","targetHints":{"allow":["GET"]}}],"collection":[{"href":"https:\/\/www.laspa.ee\/et\/wp-json\/wp\/v2\/pages"}],"about":[{"href":"https:\/\/www.laspa.ee\/et\/wp-json\/wp\/v2\/types\/page"}],"author":[{"embeddable":true,"href":"https:\/\/www.laspa.ee\/et\/wp-json\/wp\/v2\/users\/4"}],"replies":[{"embeddable":true,"href":"https:\/\/www.laspa.ee\/et\/wp-json\/wp\/v2\/comments?post=8936"}],"version-history":[{"count":16,"href":"https:\/\/www.laspa.ee\/et\/wp-json\/wp\/v2\/pages\/8936\/revisions"}],"predecessor-version":[{"id":16939,"href":"https:\/\/www.laspa.ee\/et\/wp-json\/wp\/v2\/pages\/8936\/revisions\/16939"}],"wp:attachment":[{"href":"https:\/\/www.laspa.ee\/et\/wp-json\/wp\/v2\/media?parent=8936"}],"curies":[{"name":"wp","href":"https:\/\/api.w.org\/{rel}","templated":true}]}}