{"id":9114,"date":"2022-03-10T07:04:17","date_gmt":"2022-03-10T05:04:17","guid":{"rendered":"https:\/\/www.laspa.ee\/?page_id=9114"},"modified":"2025-11-05T18:15:06","modified_gmt":"2025-11-05T16:15:06","slug":"kokk","status":"publish","type":"page","link":"https:\/\/www.laspa.ee\/et\/kokk\/","title":{"rendered":"A la carte kokk"},"content":{"rendered":"\n<div class=\"wp-block-cover alignfull is-light\" style=\"min-height:311px;aspect-ratio:unset;\"><img loading=\"lazy\" decoding=\"async\" width=\"1920\" height=\"1355\" class=\"wp-block-cover__image-background wp-image-1397\" alt=\"Restoran Wicca I Angelica Udek\u00fcll\" src=\"https:\/\/www.laspa.ee\/wp-content\/uploads\/2020\/12\/Angelica_udeku\u0308ll_.jpg\" style=\"object-position:55% 31%\" data-object-fit=\"cover\" data-object-position=\"55% 31%\" srcset=\"https:\/\/www.laspa.ee\/wp-content\/uploads\/2020\/12\/Angelica_udeku\u0308ll_.jpg 1920w, https:\/\/www.laspa.ee\/wp-content\/uploads\/2020\/12\/Angelica_udeku\u0308ll_-300x212.jpg 300w, https:\/\/www.laspa.ee\/wp-content\/uploads\/2020\/12\/Angelica_udeku\u0308ll_-1150x812.jpg 1150w, https:\/\/www.laspa.ee\/wp-content\/uploads\/2020\/12\/Angelica_udeku\u0308ll_-768x542.jpg 768w, https:\/\/www.laspa.ee\/wp-content\/uploads\/2020\/12\/Angelica_udeku\u0308ll_-1536x1084.jpg 1536w, https:\/\/www.laspa.ee\/wp-content\/uploads\/2020\/12\/Angelica_udeku\u0308ll_-800x565.jpg 800w\" sizes=\"auto, (max-width: 1920px) 100vw, 1920px\" \/><span aria-hidden=\"true\" class=\"wp-block-cover__background has-background-dim\"><\/span><div class=\"wp-block-cover__inner-container is-layout-flow wp-block-cover-is-layout-flow\">\n<p class=\"has-text-align-center has-white-color has-text-color has-large-font-size\"><strong><em>A la carte<\/em> kokk<\/strong><\/p>\n<\/div><\/div>\n\n\n\n<div class=\"wp-block-columns alignwide is-layout-flex wp-container-corecolumns-is-layout-9d6595d7 wp-block-columns-is-layout-flex\">\n<div class=\"wp-block-column is-layout-flow wp-block-column-is-layout-flow\">\n<p>Kutsume oma meeskonnaga liituma a la carte kokka, kellel on v\u00e4lja\u00f5pet, kogemust ning eelk\u00f5ige kirge toidutegemise vastu, meie k\u00fclalistele suurep\u00e4raseid maitseelamusi looma.<br>Meie hotellis on kolm restorani: gurmee restoran, MICHELIN Guide 2025 soovitusega ning Falstaffi poolt tunnustatud restoran Wicca, Vahemere-p\u00e4rane grillrestoran Liiv ja hommikus\u00f6\u00f6gi ja buffet restoran K\u00e4bi &#8211; meil t\u00f6\u00f6tades saab k\u00e4tt proovida neis k\u00f5ikides.<\/p>\n\n\n\n<p><strong>Sinu t\u00f6\u00f6\u00fclesanded on:<\/strong><\/p>\n\n\n\n<ul class=\"wp-block-list\">\n<li>Kvaliteetse toidu valmistamine vastavalt retseptuurile ja tellimustele<\/li>\n\n\n\n<li>Toitude serveerimine<\/li>\n\n\n\n<li>Tooraine ettevalmistus<\/li>\n\n\n\n<li>T\u00f6\u00f6korralduse ja enesekontrolli j\u00e4rgimine<\/li>\n\n\n\n<li>Oma t\u00f6\u00f6 iseseisev planeerimine<\/li>\n<\/ul>\n\n\n\n<p><strong>Ootame, et<\/strong><\/p>\n\n\n\n<ul class=\"wp-block-list\">\n<li>Sa oled erialase haridusega v\u00f5i oled t\u00f6\u00f6tanud kokana<\/li>\n\n\n\n<li>Sulle on oluline k\u00f5rge toidukvaliteet ja hea maine<\/li>\n\n\n\n<li>Sa oled t\u00e4pne ja kiire oma kohustuste t\u00e4itmisel<\/li>\n\n\n\n<li>Sa naudid toidutegemist<\/li>\n\n\n\n<li>Sulle meeldib meeskonnat\u00f6\u00f6<\/li>\n\n\n\n<li>Sulle sobib t\u00f6\u00f6tamine vahetustega (k.a. n\u00e4dalavahetused) graafiku alusel<\/li>\n\n\n\n<li>Suhtled eesti keeles<\/li>\n\n\n\n<li>Sul on kehtiv terviset\u00f5end<\/li>\n<\/ul>\n\n\n\n<p><strong>Omalt poolt pakume:<\/strong><\/p>\n\n\n\n<ul class=\"wp-block-list\">\n<li>Vaheldusrikast ja huvitavat t\u00f6\u00f6d kaunis keskkonnas<\/li>\n\n\n\n<li>Paindlikku t\u00f6\u00f6aega<\/li>\n\n\n\n<li>Omat\u00f6\u00f6tajatele ja nende pereliikmetele m\u00f5eldud soodustusi k\u00f5igilt meie teenustelt, sealhulgas tasuta vee- ja saunakeskuse ning j\u00f5usaali kasutust<\/li>\n\n\n\n<li>Meelespidamist Sinu olulistel t\u00e4htp\u00e4evadel (t\u00f6\u00f6juubelid, lapse s\u00fcnd, koolitee algus jne.)<\/li>\n\n\n\n<li>Abivalmis meeskonda ja v\u00f5imalust pidevalt oma erialaseid teadmisi t\u00e4iendada l\u00e4bi rohkete tootekoolituste<\/li>\n\n\n\n<li>Kaugemalt tulijatele majutust t\u00f6\u00f6vahetuse ajaks<\/li>\n<\/ul>\n\n\n\n<p><br>Lisak\u00fcsimuste korral helista 687 0814 v\u00f5i kirjuta, kui kindlalt tundsid oma uue t\u00f6\u00f6koha \u00e4ra, siis palun saada oma CV personal@laspa.ee.<br>Tere tulemast meie heaolumaailma looduse keskel, kus oleme p\u00fchendunud oma k\u00fclalistele erakordsete elamuste pakkumisele ja unustamatute m\u00e4lestuste loomisele.<\/p>\n\n\n\n<ul class=\"wp-block-list\">\n<li><\/li>\n<\/ul>\n<\/div>\n<\/div>\n\n\n\n<div class=\"wp-block-edhotels-gallery custom-grid-gallery\"><div class=\"grid lightgallery\"><div data-src=\"https:\/\/www.laspa.ee\/wp-content\/uploads\/2024\/07\/image00012-scaled.jpeg\" class=\"grid-item\"><img decoding=\"async\" src=\"https:\/\/www.laspa.ee\/wp-content\/uploads\/2024\/07\/image00012-863x1150.jpeg\" alt=\"\" data-id=\"18609\"\/><\/div><div data-src=\"https:\/\/www.laspa.ee\/wp-content\/uploads\/2024\/07\/image00023-scaled.jpeg\" class=\"grid-item\"><img decoding=\"async\" src=\"https:\/\/www.laspa.ee\/wp-content\/uploads\/2024\/07\/image00023-863x1150.jpeg\" alt=\"\" data-id=\"18637\"\/><\/div><div data-src=\"https:\/\/www.laspa.ee\/wp-content\/uploads\/2025\/06\/MICHELIN-2025_Selected_E-label-scaled.png\" class=\"grid-item\"><img decoding=\"async\" src=\"https:\/\/www.laspa.ee\/wp-content\/uploads\/2025\/06\/MICHELIN-2025_Selected_E-label-1150x1150.png\" alt=\"\" data-id=\"20482\"\/><\/div><div data-src=\"https:\/\/www.laspa.ee\/wp-content\/uploads\/2024\/05\/IMGC8386_fullsize_fotograaf.lauri_.laan2_-scaled.jpg\" class=\"grid-item\"><img decoding=\"async\" src=\"https:\/\/www.laspa.ee\/wp-content\/uploads\/2024\/05\/IMGC8386_fullsize_fotograaf.lauri_.laan2_-1150x767.jpg\" alt=\"Restoran Wicca brunch\" data-id=\"18269\"\/><\/div><div data-src=\"https:\/\/www.laspa.ee\/wp-content\/uploads\/2024\/07\/image00060-scaled.jpeg\" class=\"grid-item\"><img decoding=\"async\" src=\"https:\/\/www.laspa.ee\/wp-content\/uploads\/2024\/07\/image00060-863x1150.jpeg\" alt=\"\" data-id=\"18640\"\/><\/div><div data-src=\"https:\/\/www.laspa.ee\/wp-content\/uploads\/2025\/06\/Logo-Black.png\" class=\"grid-item\"><img decoding=\"async\" src=\"https:\/\/www.laspa.ee\/wp-content\/uploads\/2025\/06\/Logo-Black.png\" alt=\"\" data-id=\"20507\"\/><\/div><div data-src=\"https:\/\/www.laspa.ee\/wp-content\/uploads\/2022\/10\/310905494_830356394814917_3011285191734950579_njkk-scaled.jpg\" class=\"grid-item\"><img decoding=\"async\" src=\"https:\/\/www.laspa.ee\/wp-content\/uploads\/2022\/10\/310905494_830356394814917_3011285191734950579_njkk-1150x720.jpg\" alt=\"\" data-id=\"12094\"\/><\/div><div data-src=\"https:\/\/www.laspa.ee\/wp-content\/uploads\/2024\/11\/IMGL3990_websize_fotograaf.lauri_.laan_.jpg\" class=\"grid-item\"><img decoding=\"async\" src=\"https:\/\/www.laspa.ee\/wp-content\/uploads\/2024\/11\/IMGL3990_websize_fotograaf.lauri_.laan_-1150x767.jpg\" alt=\"\" data-id=\"19355\"\/><\/div><div data-src=\"https:\/\/www.laspa.ee\/wp-content\/uploads\/2023\/06\/347437665_6615086535177647_6122155207865454499_n.jpg\" class=\"grid-item\"><img decoding=\"async\" src=\"https:\/\/www.laspa.ee\/wp-content\/uploads\/2023\/06\/347437665_6615086535177647_6122155207865454499_n-1150x863.jpg\" alt=\"\" data-id=\"15014\"\/><\/div><div data-src=\"https:\/\/www.laspa.ee\/wp-content\/uploads\/2024\/02\/349533438_262659676293557_3425669088452120921_n.jpg\" class=\"grid-item\"><img decoding=\"async\" src=\"https:\/\/www.laspa.ee\/wp-content\/uploads\/2024\/02\/349533438_262659676293557_3425669088452120921_n-1150x766.jpg\" alt=\"\" data-id=\"17547\"\/><\/div><div data-src=\"https:\/\/www.laspa.ee\/wp-content\/uploads\/2022\/09\/kololaolaok.jpg\" class=\"grid-item\"><img decoding=\"async\" src=\"https:\/\/www.laspa.ee\/wp-content\/uploads\/2022\/09\/kololaolaok-1150x863.jpg\" alt=\"\" data-id=\"17717\"\/><\/div><div data-src=\"https:\/\/www.laspa.ee\/wp-content\/uploads\/2023\/06\/l-hdrr.jpg\" class=\"grid-item\"><img decoding=\"async\" src=\"https:\/\/www.laspa.ee\/wp-content\/uploads\/2023\/06\/l-hdrr-1150x863.jpg\" alt=\"\" data-id=\"15011\"\/><\/div><div data-src=\"https:\/\/www.laspa.ee\/wp-content\/uploads\/2024\/08\/LaSpa_rannamajaVEEB_72dpi_IMGL5824-Edit-scaled.jpg\" class=\"grid-item\"><img decoding=\"async\" src=\"https:\/\/www.laspa.ee\/wp-content\/uploads\/2024\/08\/LaSpa_rannamajaVEEB_72dpi_IMGL5824-Edit-1150x767.jpg\" alt=\"\" data-id=\"18741\"\/><\/div><div data-src=\"https:\/\/www.laspa.ee\/wp-content\/uploads\/2024\/07\/image00053-scaled.jpeg\" class=\"grid-item\"><img decoding=\"async\" src=\"https:\/\/www.laspa.ee\/wp-content\/uploads\/2024\/07\/image00053-1150x863.jpeg\" alt=\"\" data-id=\"18646\"\/><\/div><div data-src=\"https:\/\/www.laspa.ee\/wp-content\/uploads\/2024\/07\/image00042-scaled-e1720446374476.jpeg\" class=\"grid-item\"><img decoding=\"async\" src=\"https:\/\/www.laspa.ee\/wp-content\/uploads\/2024\/07\/image00042-scaled-e1720446374476-1150x864.jpeg\" alt=\"\" data-id=\"18605\"\/><\/div><div data-src=\"https:\/\/www.laspa.ee\/wp-content\/uploads\/2024\/07\/image00065-scaled-e1720446265590.jpeg\" class=\"grid-item\"><img decoding=\"async\" src=\"https:\/\/www.laspa.ee\/wp-content\/uploads\/2024\/07\/image00065-scaled-e1720446265590-1150x863.jpeg\" alt=\"\" data-id=\"18618\"\/><\/div><div data-src=\"https:\/\/www.laspa.ee\/wp-content\/uploads\/2021\/07\/20JJ1103_151-Edit7.jpg\" class=\"grid-item\"><img decoding=\"async\" src=\"https:\/\/www.laspa.ee\/wp-content\/uploads\/2021\/07\/20JJ1103_151-Edit7-1150x772.jpg\" alt=\"\" data-id=\"5204\"\/><\/div><div data-src=\"https:\/\/www.laspa.ee\/wp-content\/uploads\/2022\/10\/311429004_654345879440495_327476987852535846_n.jpg\" class=\"grid-item\"><img decoding=\"async\" src=\"https:\/\/www.laspa.ee\/wp-content\/uploads\/2022\/10\/311429004_654345879440495_327476987852535846_n-1150x863.jpg\" alt=\"\" data-id=\"12063\"\/><\/div><div data-src=\"https:\/\/www.laspa.ee\/wp-content\/uploads\/2021\/01\/hommikusook.jpg\" class=\"grid-item\"><img decoding=\"async\" src=\"https:\/\/www.laspa.ee\/wp-content\/uploads\/2021\/01\/hommikusook-1150x767.jpg\" alt=\"Hommikus\u00f6\u00f6k LaSpa spaahotellis\" data-id=\"2068\"\/><\/div><div data-src=\"https:\/\/www.laspa.ee\/wp-content\/uploads\/2024\/12\/dfhdrh.jpg\" class=\"grid-item\"><img decoding=\"async\" src=\"https:\/\/www.laspa.ee\/wp-content\/uploads\/2024\/12\/dfhdrh-1150x863.jpg\" alt=\"\" data-id=\"19461\"\/><\/div><div data-src=\"https:\/\/www.laspa.ee\/wp-content\/uploads\/2024\/02\/Liiv-13.jpg\" class=\"grid-item\"><img decoding=\"async\" src=\"https:\/\/www.laspa.ee\/wp-content\/uploads\/2024\/02\/Liiv-13-1150x863.jpg\" alt=\"\" data-id=\"17480\"\/><\/div><div data-src=\"https:\/\/www.laspa.ee\/wp-content\/uploads\/2023\/01\/WG23-veeb.jpg\" class=\"grid-item\"><img decoding=\"async\" src=\"https:\/\/www.laspa.ee\/wp-content\/uploads\/2023\/01\/WG23-veeb.jpg\" alt=\"\" data-id=\"12970\"\/><\/div><div data-src=\"https:\/\/www.laspa.ee\/wp-content\/uploads\/2023\/11\/IMGC8929_fullsize_fotograaf.lauri_.laan_-scaled.jpg\" class=\"grid-item\"><img decoding=\"async\" src=\"https:\/\/www.laspa.ee\/wp-content\/uploads\/2023\/11\/IMGC8929_fullsize_fotograaf.lauri_.laan_-1150x767.jpg\" alt=\"\" data-id=\"16569\"\/><\/div><div data-src=\"https:\/\/www.laspa.ee\/wp-content\/uploads\/2021\/08\/20JJ1203_503-Edit.jpg\" class=\"grid-item\"><img decoding=\"async\" src=\"https:\/\/www.laspa.ee\/wp-content\/uploads\/2021\/08\/20JJ1203_503-Edit-767x1150.jpg\" alt=\"\" data-id=\"5990\"\/><\/div><div data-src=\"https:\/\/www.laspa.ee\/wp-content\/uploads\/2021\/08\/IMGL8875_fullsize_fotograaf.lauri_.laan_-1.jpg\" class=\"grid-item\"><img decoding=\"async\" src=\"https:\/\/www.laspa.ee\/wp-content\/uploads\/2021\/08\/IMGL8875_fullsize_fotograaf.lauri_.laan_-1-1150x767.jpg\" alt=\"\" data-id=\"5879\"\/><\/div><div data-src=\"https:\/\/www.laspa.ee\/wp-content\/uploads\/2022\/10\/qwsq.jpg\" class=\"grid-item\"><img decoding=\"async\" src=\"https:\/\/www.laspa.ee\/wp-content\/uploads\/2022\/10\/qwsq-1150x889.jpg\" alt=\"Restaurant Wicca LaSpa\" data-id=\"16355\"\/><\/div><div data-src=\"https:\/\/www.laspa.ee\/wp-content\/uploads\/2024\/07\/image00015-scaled.jpeg\" class=\"grid-item\"><img decoding=\"async\" src=\"https:\/\/www.laspa.ee\/wp-content\/uploads\/2024\/07\/image00015-863x1150.jpeg\" alt=\"\" data-id=\"18634\"\/><\/div><div data-src=\"https:\/\/www.laspa.ee\/wp-content\/uploads\/2022\/10\/309308746_1466644703812989_1502147415371072837_n.jpg\" class=\"grid-item\"><img decoding=\"async\" src=\"https:\/\/www.laspa.ee\/wp-content\/uploads\/2022\/10\/309308746_1466644703812989_1502147415371072837_n-863x1150.jpg\" alt=\"\" data-id=\"12078\"\/><\/div><div data-src=\"https:\/\/www.laspa.ee\/wp-content\/uploads\/2021\/06\/Terrass-3.jpg\" class=\"grid-item\"><img decoding=\"async\" src=\"https:\/\/www.laspa.ee\/wp-content\/uploads\/2021\/06\/Terrass-3-1150x767.jpg\" alt=\"\" data-id=\"5063\"\/><\/div><div data-src=\"https:\/\/www.laspa.ee\/wp-content\/uploads\/2021\/08\/IMGL8800_fullsize_fotograaf.lauri_.laan_-1.jpg\" class=\"grid-item\"><img decoding=\"async\" src=\"https:\/\/www.laspa.ee\/wp-content\/uploads\/2021\/08\/IMGL8800_fullsize_fotograaf.lauri_.laan_-1-1150x767.jpg\" alt=\"\" data-id=\"5873\"\/><\/div><div data-src=\"https:\/\/www.laspa.ee\/wp-content\/uploads\/2021\/01\/laulasmaa_spaa.jpg\" class=\"grid-item\"><img decoding=\"async\" src=\"https:\/\/www.laspa.ee\/wp-content\/uploads\/2021\/01\/laulasmaa_spaa-1150x757.jpg\" alt=\"LaSpa spaahotell\" data-id=\"2549\"\/><\/div><div data-src=\"https:\/\/www.laspa.ee\/wp-content\/uploads\/2021\/08\/IMGM7650_fullsize_fotograaf.lauri_.laan_.jpg\" class=\"grid-item\"><img decoding=\"async\" src=\"https:\/\/www.laspa.ee\/wp-content\/uploads\/2021\/08\/IMGM7650_fullsize_fotograaf.lauri_.laan_-1150x767.jpg\" alt=\"\" data-id=\"5951\"\/><\/div><div data-src=\"https:\/\/www.laspa.ee\/wp-content\/uploads\/2024\/07\/image00043-scaled.jpeg\" class=\"grid-item\"><img decoding=\"async\" src=\"https:\/\/www.laspa.ee\/wp-content\/uploads\/2024\/07\/image00043-1150x862.jpeg\" alt=\"Restoran Wicca MICHELIN Guide soovitatud\" data-id=\"18643\"\/><\/div><div data-src=\"https:\/\/www.laspa.ee\/wp-content\/uploads\/2024\/07\/image00014-scaled.jpeg\" class=\"grid-item\"><img decoding=\"async\" src=\"https:\/\/www.laspa.ee\/wp-content\/uploads\/2024\/07\/image00014-863x1150.jpeg\" alt=\"\" data-id=\"18631\"\/><\/div><div data-src=\"https:\/\/www.laspa.ee\/wp-content\/uploads\/2023\/11\/IMGC8600_fullsize_fotograaf.lauri_.laan_-scaled.jpg\" class=\"grid-item\"><img decoding=\"async\" src=\"https:\/\/www.laspa.ee\/wp-content\/uploads\/2023\/11\/IMGC8600_fullsize_fotograaf.lauri_.laan_-767x1150.jpg\" alt=\"\" data-id=\"16582\"\/><\/div><div data-src=\"https:\/\/www.laspa.ee\/wp-content\/uploads\/2023\/07\/Wicca-suvemenuu-3.jpg\" class=\"grid-item\"><img decoding=\"async\" src=\"https:\/\/www.laspa.ee\/wp-content\/uploads\/2023\/07\/Wicca-suvemenuu-3-1150x863.jpg\" alt=\"\" data-id=\"15404\"\/><\/div><\/div><\/div>\n","protected":false},"excerpt":{"rendered":"<p>Kutsume oma meeskonnaga liituma a la carte kokka, kellel on v\u00e4lja\u00f5pet, kogemust ning eelk\u00f5ige kirge toidutegemise vastu, meie k\u00fclalistele suurep\u00e4raseid maitseelamusi looma.Meie hotellis on kolm restorani: gurmee restoran, MICHELIN Guide 2025 soovitusega ning Falstaffi poolt tunnustatud restoran Wicca, Vahemere-p\u00e4rane grillrestoran Liiv ja hommikus\u00f6\u00f6gi ja buffet restoran K\u00e4bi &#8211; meil t\u00f6\u00f6tades saab k\u00e4tt proovida neis k\u00f5ikides. [&hellip;]<\/p>\n","protected":false},"author":4,"featured_media":0,"parent":0,"menu_order":172,"comment_status":"closed","ping_status":"closed","template":"","meta":{"_acf_changed":false,"footnotes":""},"class_list":["post-9114","page","type-page","status-publish","hentry"],"acf":false,"yoast_head":"<!-- This site is optimized with the Yoast SEO plugin v27.2 - https:\/\/yoast.com\/product\/yoast-seo-wordpress\/ -->\n<title>A la carte kokk - LaSpa Laulasmaa<\/title>\n<meta name=\"robots\" content=\"index, follow, max-snippet:-1, max-image-preview:large, max-video-preview:-1\" \/>\n<link rel=\"canonical\" href=\"https:\/\/www.laspa.ee\/et\/kokk\/\" \/>\n<meta property=\"og:locale\" content=\"et_EE\" \/>\n<meta property=\"og:type\" content=\"article\" \/>\n<meta property=\"og:title\" content=\"A la carte kokk - LaSpa Laulasmaa\" \/>\n<meta property=\"og:description\" content=\"Kutsume oma meeskonnaga liituma a la carte kokka, kellel on v\u00e4lja\u00f5pet, kogemust ning eelk\u00f5ige kirge toidutegemise vastu, meie k\u00fclalistele suurep\u00e4raseid maitseelamusi looma.Meie hotellis on kolm restorani: gurmee restoran, MICHELIN Guide 2025 soovitusega ning Falstaffi poolt tunnustatud restoran Wicca, Vahemere-p\u00e4rane grillrestoran Liiv ja hommikus\u00f6\u00f6gi ja buffet restoran K\u00e4bi &#8211; meil t\u00f6\u00f6tades saab k\u00e4tt proovida neis k\u00f5ikides. [&hellip;]\" \/>\n<meta property=\"og:url\" content=\"https:\/\/www.laspa.ee\/et\/kokk\/\" \/>\n<meta property=\"og:site_name\" content=\"LaSpa Laulasmaa\" \/>\n<meta property=\"article:publisher\" content=\"https:\/\/www.facebook.com\/LaSpaLaulasmaa\" \/>\n<meta property=\"article:modified_time\" content=\"2025-11-05T16:15:06+00:00\" \/>\n<meta property=\"og:image\" content=\"https:\/\/www.laspa.ee\/wp-content\/uploads\/2024\/07\/image00012-863x1150.jpeg\" \/>\n<meta name=\"twitter:card\" content=\"summary_large_image\" \/>\n<meta name=\"twitter:label1\" content=\"Est. reading time\" \/>\n\t<meta name=\"twitter:data1\" content=\"7 minutit\" \/>\n<script type=\"application\/ld+json\" class=\"yoast-schema-graph\">{\"@context\":\"https:\/\/schema.org\",\"@graph\":[{\"@type\":\"WebPage\",\"@id\":\"https:\/\/www.laspa.ee\/et\/kokk\/\",\"url\":\"https:\/\/www.laspa.ee\/et\/kokk\/\",\"name\":\"A la carte kokk - LaSpa Laulasmaa\",\"isPartOf\":{\"@id\":\"https:\/\/www.laspa.ee\/et\/#website\"},\"primaryImageOfPage\":{\"@id\":\"https:\/\/www.laspa.ee\/et\/kokk\/#primaryimage\"},\"image\":{\"@id\":\"https:\/\/www.laspa.ee\/et\/kokk\/#primaryimage\"},\"thumbnailUrl\":\"https:\/\/www.laspa.ee\/wp-content\/uploads\/2024\/07\/image00012-863x1150.jpeg\",\"datePublished\":\"2022-03-10T05:04:17+00:00\",\"dateModified\":\"2025-11-05T16:15:06+00:00\",\"breadcrumb\":{\"@id\":\"https:\/\/www.laspa.ee\/et\/kokk\/#breadcrumb\"},\"inLanguage\":\"et\",\"potentialAction\":[{\"@type\":\"ReadAction\",\"target\":[\"https:\/\/www.laspa.ee\/et\/kokk\/\"]}]},{\"@type\":\"ImageObject\",\"inLanguage\":\"et\",\"@id\":\"https:\/\/www.laspa.ee\/et\/kokk\/#primaryimage\",\"url\":\"https:\/\/www.laspa.ee\/wp-content\/uploads\/2024\/07\/image00012-863x1150.jpeg\",\"contentUrl\":\"https:\/\/www.laspa.ee\/wp-content\/uploads\/2024\/07\/image00012-863x1150.jpeg\"},{\"@type\":\"BreadcrumbList\",\"@id\":\"https:\/\/www.laspa.ee\/et\/kokk\/#breadcrumb\",\"itemListElement\":[{\"@type\":\"ListItem\",\"position\":1,\"name\":\"Home\",\"item\":\"https:\/\/www.laspa.ee\/et\/\"},{\"@type\":\"ListItem\",\"position\":2,\"name\":\"A la carte kokk\"}]},{\"@type\":\"WebSite\",\"@id\":\"https:\/\/www.laspa.ee\/et\/#website\",\"url\":\"https:\/\/www.laspa.ee\/et\/\",\"name\":\"LaSpa Laulasmaa\",\"description\":\"Wellbeing by nature\",\"potentialAction\":[{\"@type\":\"SearchAction\",\"target\":{\"@type\":\"EntryPoint\",\"urlTemplate\":\"https:\/\/www.laspa.ee\/et\/?s={search_term_string}\"},\"query-input\":{\"@type\":\"PropertyValueSpecification\",\"valueRequired\":true,\"valueName\":\"search_term_string\"}}],\"inLanguage\":\"et\"}]}<\/script>\n<!-- \/ Yoast SEO plugin. -->","yoast_head_json":{"title":"A la carte kokk - LaSpa Laulasmaa","robots":{"index":"index","follow":"follow","max-snippet":"max-snippet:-1","max-image-preview":"max-image-preview:large","max-video-preview":"max-video-preview:-1"},"canonical":"https:\/\/www.laspa.ee\/et\/kokk\/","og_locale":"et_EE","og_type":"article","og_title":"A la carte kokk - LaSpa Laulasmaa","og_description":"Kutsume oma meeskonnaga liituma a la carte kokka, kellel on v\u00e4lja\u00f5pet, kogemust ning eelk\u00f5ige kirge toidutegemise vastu, meie k\u00fclalistele suurep\u00e4raseid maitseelamusi looma.Meie hotellis on kolm restorani: gurmee restoran, MICHELIN Guide 2025 soovitusega ning Falstaffi poolt tunnustatud restoran Wicca, Vahemere-p\u00e4rane grillrestoran Liiv ja hommikus\u00f6\u00f6gi ja buffet restoran K\u00e4bi &#8211; meil t\u00f6\u00f6tades saab k\u00e4tt proovida neis k\u00f5ikides. [&hellip;]","og_url":"https:\/\/www.laspa.ee\/et\/kokk\/","og_site_name":"LaSpa Laulasmaa","article_publisher":"https:\/\/www.facebook.com\/LaSpaLaulasmaa","article_modified_time":"2025-11-05T16:15:06+00:00","og_image":[{"url":"https:\/\/www.laspa.ee\/wp-content\/uploads\/2024\/07\/image00012-863x1150.jpeg","type":"","width":"","height":""}],"twitter_card":"summary_large_image","twitter_misc":{"Est. reading time":"7 minutit"},"schema":{"@context":"https:\/\/schema.org","@graph":[{"@type":"WebPage","@id":"https:\/\/www.laspa.ee\/et\/kokk\/","url":"https:\/\/www.laspa.ee\/et\/kokk\/","name":"A la carte kokk - LaSpa Laulasmaa","isPartOf":{"@id":"https:\/\/www.laspa.ee\/et\/#website"},"primaryImageOfPage":{"@id":"https:\/\/www.laspa.ee\/et\/kokk\/#primaryimage"},"image":{"@id":"https:\/\/www.laspa.ee\/et\/kokk\/#primaryimage"},"thumbnailUrl":"https:\/\/www.laspa.ee\/wp-content\/uploads\/2024\/07\/image00012-863x1150.jpeg","datePublished":"2022-03-10T05:04:17+00:00","dateModified":"2025-11-05T16:15:06+00:00","breadcrumb":{"@id":"https:\/\/www.laspa.ee\/et\/kokk\/#breadcrumb"},"inLanguage":"et","potentialAction":[{"@type":"ReadAction","target":["https:\/\/www.laspa.ee\/et\/kokk\/"]}]},{"@type":"ImageObject","inLanguage":"et","@id":"https:\/\/www.laspa.ee\/et\/kokk\/#primaryimage","url":"https:\/\/www.laspa.ee\/wp-content\/uploads\/2024\/07\/image00012-863x1150.jpeg","contentUrl":"https:\/\/www.laspa.ee\/wp-content\/uploads\/2024\/07\/image00012-863x1150.jpeg"},{"@type":"BreadcrumbList","@id":"https:\/\/www.laspa.ee\/et\/kokk\/#breadcrumb","itemListElement":[{"@type":"ListItem","position":1,"name":"Home","item":"https:\/\/www.laspa.ee\/et\/"},{"@type":"ListItem","position":2,"name":"A la carte kokk"}]},{"@type":"WebSite","@id":"https:\/\/www.laspa.ee\/et\/#website","url":"https:\/\/www.laspa.ee\/et\/","name":"LaSpa Laulasmaa","description":"Wellbeing by nature","potentialAction":[{"@type":"SearchAction","target":{"@type":"EntryPoint","urlTemplate":"https:\/\/www.laspa.ee\/et\/?s={search_term_string}"},"query-input":{"@type":"PropertyValueSpecification","valueRequired":true,"valueName":"search_term_string"}}],"inLanguage":"et"}]}},"_links":{"self":[{"href":"https:\/\/www.laspa.ee\/et\/wp-json\/wp\/v2\/pages\/9114","targetHints":{"allow":["GET"]}}],"collection":[{"href":"https:\/\/www.laspa.ee\/et\/wp-json\/wp\/v2\/pages"}],"about":[{"href":"https:\/\/www.laspa.ee\/et\/wp-json\/wp\/v2\/types\/page"}],"author":[{"embeddable":true,"href":"https:\/\/www.laspa.ee\/et\/wp-json\/wp\/v2\/users\/4"}],"replies":[{"embeddable":true,"href":"https:\/\/www.laspa.ee\/et\/wp-json\/wp\/v2\/comments?post=9114"}],"version-history":[{"count":8,"href":"https:\/\/www.laspa.ee\/et\/wp-json\/wp\/v2\/pages\/9114\/revisions"}],"predecessor-version":[{"id":20968,"href":"https:\/\/www.laspa.ee\/et\/wp-json\/wp\/v2\/pages\/9114\/revisions\/20968"}],"wp:attachment":[{"href":"https:\/\/www.laspa.ee\/et\/wp-json\/wp\/v2\/media?parent=9114"}],"curies":[{"name":"wp","href":"https:\/\/api.w.org\/{rel}","templated":true}]}}