{"id":9240,"date":"2022-04-18T13:54:12","date_gmt":"2022-04-18T11:54:12","guid":{"rendered":"https:\/\/www.laspa.ee\/?page_id=9240"},"modified":"2022-04-18T13:54:13","modified_gmt":"2022-04-18T11:54:13","slug":"konverentsiruumid","status":"publish","type":"page","link":"https:\/\/www.laspa.ee\/et\/konverentsiruumid\/","title":{"rendered":"Konverentsiruumid"},"content":{"rendered":"\n<div class=\"wp-block-cover alignfull is-light\" style=\"min-height:357px;aspect-ratio:unset;\"><span aria-hidden=\"true\" class=\"wp-block-cover__gradient-background has-background-dim\"><\/span><img loading=\"lazy\" decoding=\"async\" width=\"1920\" height=\"1160\" class=\"wp-block-cover__image-background wp-image-2229\" alt=\"\" src=\"https:\/\/www.laspa.ee\/wp-content\/uploads\/2021\/01\/Mammatus1.jpg\" data-object-fit=\"cover\" srcset=\"https:\/\/www.laspa.ee\/wp-content\/uploads\/2021\/01\/Mammatus1.jpg 1920w, https:\/\/www.laspa.ee\/wp-content\/uploads\/2021\/01\/Mammatus1-300x181.jpg 300w, https:\/\/www.laspa.ee\/wp-content\/uploads\/2021\/01\/Mammatus1-1150x695.jpg 1150w, https:\/\/www.laspa.ee\/wp-content\/uploads\/2021\/01\/Mammatus1-768x464.jpg 768w, https:\/\/www.laspa.ee\/wp-content\/uploads\/2021\/01\/Mammatus1-1536x928.jpg 1536w, https:\/\/www.laspa.ee\/wp-content\/uploads\/2021\/01\/Mammatus1-800x483.jpg 800w\" sizes=\"auto, (max-width: 1920px) 100vw, 1920px\" \/><div class=\"wp-block-cover__inner-container is-layout-flow wp-block-cover-is-layout-flow\">\n<h1 class=\"has-text-align-center has-white-color has-text-color wp-block-heading\" id=\"konverentsiruumid\">LaSpa koosoleku- ja konverentsiruumid<\/h1>\n<\/div><\/div>\n\n\n\n<figure class=\"wp-block-pullquote alignwide is-style-default\"><blockquote><p>Tere tulemast meie heade ideede maailma!<\/p><p>Oled v\u00e4ga teretulnud oma meeskonnaga ajur\u00fcnnakule, uusi plaane arutama ning looma meie avaratesse ning valgusk\u00fcllastesse pilveteemalistesse konverentsiruumidesse, mis on t\u00e4is naturaalset valgust ning kust avaneb v\u00f5rratu vaade merele v\u00f5i m\u00e4nnimetsale.<\/p><\/blockquote><\/figure>\n\n\n\n<ul class=\"filter-menu\">\n<li class=\"wp-block-edhotels-filter-text\"><a href=\"?filter=0-1000#conferences\">K\u00f5ik ruumid<\/a><\/li>\n\n\n\n<li class=\"wp-block-edhotels-filter-text\"><a href=\"?filter=0-40#conferences\">Kuni 40 k\u00fclalist<\/a><\/li>\n\n\n\n<li class=\"wp-block-edhotels-filter-text\"><a href=\"?filter=41-100#conferences\">41-100 k\u00fclalist<\/a><\/li>\n\n\n\n<li class=\"wp-block-edhotels-filter-text\"><a href=\"?filter=101-200#conferences\">Kuni 200 k\u00fclalist<\/a><\/li>\n<\/ul><a id=\"conferences\"><\/a>\n","protected":false},"excerpt":{"rendered":"<p>Tere tulemast meie heade ideede maailma! Oled v\u00e4ga teretulnud oma meeskonnaga ajur\u00fcnnakule, uusi plaane arutama ning looma meie avaratesse ning valgusk\u00fcllastesse pilveteemalistesse konverentsiruumidesse, mis on t\u00e4is naturaalset valgust ning kust avaneb v\u00f5rratu vaade merele v\u00f5i m\u00e4nnimetsale.<\/p>\n","protected":false},"author":4,"featured_media":2229,"parent":0,"menu_order":349,"comment_status":"closed","ping_status":"closed","template":"page-templates\/conferences.php","meta":{"_acf_changed":false,"footnotes":""},"class_list":["post-9240","page","type-page","status-publish","has-post-thumbnail","hentry"],"acf":false,"yoast_head":"<!-- This site is optimized with the Yoast SEO plugin v27.4 - https:\/\/yoast.com\/product\/yoast-seo-wordpress\/ -->\n<title>Konverentsiruumid LaSpa spaahotellis I Laulasmaa I Tallinna l\u00e4hedal<\/title>\n<meta name=\"description\" content=\"Tule oma meeskonnaga Laulasmaale ja pea oma koosolek maalilises looduses. Meie konverentsiruumid on valgusk\u00fcllased, vaatega merele v\u00f5i m\u00e4nnimetsale.\" \/>\n<meta name=\"robots\" content=\"index, follow, max-snippet:-1, max-image-preview:large, max-video-preview:-1\" \/>\n<link rel=\"canonical\" href=\"https:\/\/www.laspa.ee\/et\/konverentsiruumid\/\" \/>\n<meta property=\"og:locale\" content=\"et_EE\" \/>\n<meta property=\"og:type\" content=\"article\" \/>\n<meta property=\"og:title\" content=\"Konverentsiruumid LaSpa spaahotellis I Laulasmaa I Tallinna l\u00e4hedal\" \/>\n<meta property=\"og:description\" content=\"Tule oma meeskonnaga Laulasmaale ja pea oma koosolek maalilises looduses. Meie konverentsiruumid on valgusk\u00fcllased, vaatega merele v\u00f5i m\u00e4nnimetsale.\" \/>\n<meta property=\"og:url\" content=\"https:\/\/www.laspa.ee\/et\/konverentsiruumid\/\" \/>\n<meta property=\"og:site_name\" content=\"LaSpa Laulasmaa\" \/>\n<meta property=\"article:publisher\" content=\"https:\/\/www.facebook.com\/LaSpaLaulasmaa\" \/>\n<meta property=\"article:modified_time\" content=\"2022-04-18T11:54:13+00:00\" \/>\n<meta property=\"og:image\" content=\"https:\/\/www.laspa.ee\/wp-content\/uploads\/2021\/01\/Mammatus1.jpg\" \/>\n\t<meta property=\"og:image:width\" content=\"1920\" \/>\n\t<meta property=\"og:image:height\" content=\"1160\" \/>\n\t<meta property=\"og:image:type\" content=\"image\/jpeg\" \/>\n<meta name=\"twitter:card\" content=\"summary_large_image\" \/>\n<meta name=\"twitter:label1\" content=\"Est. reading time\" \/>\n\t<meta name=\"twitter:data1\" content=\"1 minut\" \/>\n<script type=\"application\/ld+json\" class=\"yoast-schema-graph\">{\"@context\":\"https:\\\/\\\/schema.org\",\"@graph\":[{\"@type\":\"WebPage\",\"@id\":\"https:\\\/\\\/www.laspa.ee\\\/et\\\/konverentsiruumid\\\/\",\"url\":\"https:\\\/\\\/www.laspa.ee\\\/et\\\/konverentsiruumid\\\/\",\"name\":\"Konverentsiruumid LaSpa spaahotellis I Laulasmaa I Tallinna l\u00e4hedal\",\"isPartOf\":{\"@id\":\"https:\\\/\\\/www.laspa.ee\\\/et\\\/#website\"},\"primaryImageOfPage\":{\"@id\":\"https:\\\/\\\/www.laspa.ee\\\/et\\\/konverentsiruumid\\\/#primaryimage\"},\"image\":{\"@id\":\"https:\\\/\\\/www.laspa.ee\\\/et\\\/konverentsiruumid\\\/#primaryimage\"},\"thumbnailUrl\":\"https:\\\/\\\/www.laspa.ee\\\/wp-content\\\/uploads\\\/2021\\\/01\\\/Mammatus1.jpg\",\"datePublished\":\"2022-04-18T11:54:12+00:00\",\"dateModified\":\"2022-04-18T11:54:13+00:00\",\"description\":\"Tule oma meeskonnaga Laulasmaale ja pea oma koosolek maalilises looduses. Meie konverentsiruumid on valgusk\u00fcllased, vaatega merele v\u00f5i m\u00e4nnimetsale.\",\"breadcrumb\":{\"@id\":\"https:\\\/\\\/www.laspa.ee\\\/et\\\/konverentsiruumid\\\/#breadcrumb\"},\"inLanguage\":\"et\",\"potentialAction\":[{\"@type\":\"ReadAction\",\"target\":[\"https:\\\/\\\/www.laspa.ee\\\/et\\\/konverentsiruumid\\\/\"]}]},{\"@type\":\"ImageObject\",\"inLanguage\":\"et\",\"@id\":\"https:\\\/\\\/www.laspa.ee\\\/et\\\/konverentsiruumid\\\/#primaryimage\",\"url\":\"https:\\\/\\\/www.laspa.ee\\\/wp-content\\\/uploads\\\/2021\\\/01\\\/Mammatus1.jpg\",\"contentUrl\":\"https:\\\/\\\/www.laspa.ee\\\/wp-content\\\/uploads\\\/2021\\\/01\\\/Mammatus1.jpg\",\"width\":1920,\"height\":1160,\"caption\":\"Meetings & Events I LaSpa spa hotel\"},{\"@type\":\"BreadcrumbList\",\"@id\":\"https:\\\/\\\/www.laspa.ee\\\/et\\\/konverentsiruumid\\\/#breadcrumb\",\"itemListElement\":[{\"@type\":\"ListItem\",\"position\":1,\"name\":\"Home\",\"item\":\"https:\\\/\\\/www.laspa.ee\\\/et\\\/\"},{\"@type\":\"ListItem\",\"position\":2,\"name\":\"Konverentsiruumid\"}]},{\"@type\":\"WebSite\",\"@id\":\"https:\\\/\\\/www.laspa.ee\\\/et\\\/#website\",\"url\":\"https:\\\/\\\/www.laspa.ee\\\/et\\\/\",\"name\":\"LaSpa Laulasmaa\",\"description\":\"Wellbeing by nature\",\"potentialAction\":[{\"@type\":\"SearchAction\",\"target\":{\"@type\":\"EntryPoint\",\"urlTemplate\":\"https:\\\/\\\/www.laspa.ee\\\/et\\\/?s={search_term_string}\"},\"query-input\":{\"@type\":\"PropertyValueSpecification\",\"valueRequired\":true,\"valueName\":\"search_term_string\"}}],\"inLanguage\":\"et\"}]}<\/script>\n<!-- \/ Yoast SEO plugin. -->","yoast_head_json":{"title":"Konverentsiruumid LaSpa spaahotellis I Laulasmaa I Tallinna l\u00e4hedal","description":"Tule oma meeskonnaga Laulasmaale ja pea oma koosolek maalilises looduses. Meie konverentsiruumid on valgusk\u00fcllased, vaatega merele v\u00f5i m\u00e4nnimetsale.","robots":{"index":"index","follow":"follow","max-snippet":"max-snippet:-1","max-image-preview":"max-image-preview:large","max-video-preview":"max-video-preview:-1"},"canonical":"https:\/\/www.laspa.ee\/et\/konverentsiruumid\/","og_locale":"et_EE","og_type":"article","og_title":"Konverentsiruumid LaSpa spaahotellis I Laulasmaa I Tallinna l\u00e4hedal","og_description":"Tule oma meeskonnaga Laulasmaale ja pea oma koosolek maalilises looduses. Meie konverentsiruumid on valgusk\u00fcllased, vaatega merele v\u00f5i m\u00e4nnimetsale.","og_url":"https:\/\/www.laspa.ee\/et\/konverentsiruumid\/","og_site_name":"LaSpa Laulasmaa","article_publisher":"https:\/\/www.facebook.com\/LaSpaLaulasmaa","article_modified_time":"2022-04-18T11:54:13+00:00","og_image":[{"width":1920,"height":1160,"url":"https:\/\/www.laspa.ee\/wp-content\/uploads\/2021\/01\/Mammatus1.jpg","type":"image\/jpeg"}],"twitter_card":"summary_large_image","twitter_misc":{"Est. reading time":"1 minut"},"schema":{"@context":"https:\/\/schema.org","@graph":[{"@type":"WebPage","@id":"https:\/\/www.laspa.ee\/et\/konverentsiruumid\/","url":"https:\/\/www.laspa.ee\/et\/konverentsiruumid\/","name":"Konverentsiruumid LaSpa spaahotellis I Laulasmaa I Tallinna l\u00e4hedal","isPartOf":{"@id":"https:\/\/www.laspa.ee\/et\/#website"},"primaryImageOfPage":{"@id":"https:\/\/www.laspa.ee\/et\/konverentsiruumid\/#primaryimage"},"image":{"@id":"https:\/\/www.laspa.ee\/et\/konverentsiruumid\/#primaryimage"},"thumbnailUrl":"https:\/\/www.laspa.ee\/wp-content\/uploads\/2021\/01\/Mammatus1.jpg","datePublished":"2022-04-18T11:54:12+00:00","dateModified":"2022-04-18T11:54:13+00:00","description":"Tule oma meeskonnaga Laulasmaale ja pea oma koosolek maalilises looduses. Meie konverentsiruumid on valgusk\u00fcllased, vaatega merele v\u00f5i m\u00e4nnimetsale.","breadcrumb":{"@id":"https:\/\/www.laspa.ee\/et\/konverentsiruumid\/#breadcrumb"},"inLanguage":"et","potentialAction":[{"@type":"ReadAction","target":["https:\/\/www.laspa.ee\/et\/konverentsiruumid\/"]}]},{"@type":"ImageObject","inLanguage":"et","@id":"https:\/\/www.laspa.ee\/et\/konverentsiruumid\/#primaryimage","url":"https:\/\/www.laspa.ee\/wp-content\/uploads\/2021\/01\/Mammatus1.jpg","contentUrl":"https:\/\/www.laspa.ee\/wp-content\/uploads\/2021\/01\/Mammatus1.jpg","width":1920,"height":1160,"caption":"Meetings & Events I LaSpa spa hotel"},{"@type":"BreadcrumbList","@id":"https:\/\/www.laspa.ee\/et\/konverentsiruumid\/#breadcrumb","itemListElement":[{"@type":"ListItem","position":1,"name":"Home","item":"https:\/\/www.laspa.ee\/et\/"},{"@type":"ListItem","position":2,"name":"Konverentsiruumid"}]},{"@type":"WebSite","@id":"https:\/\/www.laspa.ee\/et\/#website","url":"https:\/\/www.laspa.ee\/et\/","name":"LaSpa Laulasmaa","description":"Wellbeing by nature","potentialAction":[{"@type":"SearchAction","target":{"@type":"EntryPoint","urlTemplate":"https:\/\/www.laspa.ee\/et\/?s={search_term_string}"},"query-input":{"@type":"PropertyValueSpecification","valueRequired":true,"valueName":"search_term_string"}}],"inLanguage":"et"}]}},"_links":{"self":[{"href":"https:\/\/www.laspa.ee\/et\/wp-json\/wp\/v2\/pages\/9240","targetHints":{"allow":["GET"]}}],"collection":[{"href":"https:\/\/www.laspa.ee\/et\/wp-json\/wp\/v2\/pages"}],"about":[{"href":"https:\/\/www.laspa.ee\/et\/wp-json\/wp\/v2\/types\/page"}],"author":[{"embeddable":true,"href":"https:\/\/www.laspa.ee\/et\/wp-json\/wp\/v2\/users\/4"}],"replies":[{"embeddable":true,"href":"https:\/\/www.laspa.ee\/et\/wp-json\/wp\/v2\/comments?post=9240"}],"version-history":[{"count":1,"href":"https:\/\/www.laspa.ee\/et\/wp-json\/wp\/v2\/pages\/9240\/revisions"}],"predecessor-version":[{"id":9580,"href":"https:\/\/www.laspa.ee\/et\/wp-json\/wp\/v2\/pages\/9240\/revisions\/9580"}],"wp:featuredmedia":[{"embeddable":true,"href":"https:\/\/www.laspa.ee\/et\/wp-json\/wp\/v2\/media\/2229"}],"wp:attachment":[{"href":"https:\/\/www.laspa.ee\/et\/wp-json\/wp\/v2\/media?parent=9240"}],"curies":[{"name":"wp","href":"https:\/\/api.w.org\/{rel}","templated":true}]}}