{"id":15150,"date":"2023-06-30T10:32:53","date_gmt":"2023-06-30T08:32:53","guid":{"rendered":"https:\/\/www.laspa.ee\/?post_type=product&#038;p=15150"},"modified":"2026-03-20T09:49:59","modified_gmt":"2026-03-20T07:49:59","slug":"hetk_sinu_heaks","status":"publish","type":"product","link":"https:\/\/www.laspa.ee\/et\/product\/hetk_sinu_heaks\/","title":{"rendered":"Massaa\u017eirituaal &#8220;Hetk Sinu heaks&#8221;"},"content":{"rendered":"<p>V\u00f5ta endale aega nautida luksuslikku kehahoolitsust koos silendava koorimise, kullas\u00e4ralise massaa\u017ei\u00f5li ja kollageenidega kehakreemiga. Pehme kooriv geel kookosp\u00e4hkli rasvhapetega ja looduslikul tselluloosil p\u00f5hinevad pehmed elastsed punased sf\u00e4\u00e4rid tagavad sujuva ja \u00f5rna mikrokoorimise. Kullahelvestega massaa\u017ei\u00f5li pakub suurep\u00e4rast antioks\u00fcdantset toimet, pehmendades ideaalselt kuiva nahka. See annab s\u00e4ra ning toidab k\u00fcpset, v\u00e4sinud ja\/v\u00f5i kahjustatud nahka. Hoolitsuse l\u00f5petab luksusliku tekstuuriga kehakreemiga, mis sisaldab kollageeni, h\u00fcaloroonhapet, alpi j\u00e4nesk\u00e4pa \u00f5isi (edelweiss) ja teemante!<\/p>\n<h3>Swissline signatuur kehahoolitsused pakuvad luksuslikku l\u00f5\u00f5gastavat pausi argip\u00e4evast \u2013 v\u00f5imalust end v\u00e4lismaailmast v\u00e4lja l\u00fclitada ja lihtsalt hetkes kohal olla.<\/h3>\n","protected":false},"excerpt":{"rendered":"<p>V\u00f5ta endale aega nautida luksuslikku kehahoolitsust koos silendava koorimise, kullas\u00e4ralise massaa\u017ei\u00f5li ja kollageenidega kehakreemiga. Pehme kooriv geel kookosp\u00e4hkli rasvhapetega ja looduslikul tselluloosil p\u00f5hinevad pehmed elastsed punased sf\u00e4\u00e4rid tagavad sujuva ja \u00f5rna mikrokoorimise.<\/p>\n","protected":false},"featured_media":1935,"template":"","meta":{"_acf_changed":false},"product_brand":[],"product_cat":[93,50,96],"product_tag":[],"class_list":{"0":"post-15150","1":"product","2":"type-product","3":"status-publish","4":"has-post-thumbnail","6":"product_cat-koik","7":"product_cat-massaazirituaalid","8":"product_cat-swissline-kehahoolitsused","10":"first","11":"instock","12":"shipping-taxable","13":"purchasable","14":"product-type-simple"},"acf":false,"yoast_head":"<!-- This site is optimized with the Yoast SEO plugin v27.2 - https:\/\/yoast.com\/product\/yoast-seo-wordpress\/ -->\n<title>Massaa\u017eirituaal &quot;Hetk Sinu heaks&quot; - LaSpa Laulasmaa<\/title>\n<meta name=\"robots\" content=\"index, follow, max-snippet:-1, max-image-preview:large, max-video-preview:-1\" \/>\n<link rel=\"canonical\" href=\"https:\/\/www.laspa.ee\/et\/product\/hetk_sinu_heaks\/\" \/>\n<meta property=\"og:locale\" content=\"et_EE\" \/>\n<meta property=\"og:type\" content=\"article\" \/>\n<meta property=\"og:title\" content=\"Massaa\u017eirituaal &quot;Hetk Sinu heaks&quot; - LaSpa Laulasmaa\" \/>\n<meta property=\"og:description\" content=\"V\u00f5ta endale aega nautida luksuslikku kehahoolitsust koos silendava koorimise, kullas\u00e4ralise massaa\u017ei\u00f5li ja kollageenidega kehakreemiga. Pehme kooriv geel kookosp\u00e4hkli rasvhapetega ja looduslikul tselluloosil p\u00f5hinevad pehmed elastsed punased sf\u00e4\u00e4rid tagavad sujuva ja \u00f5rna mikrokoorimise.\" \/>\n<meta property=\"og:url\" content=\"https:\/\/www.laspa.ee\/et\/product\/hetk_sinu_heaks\/\" \/>\n<meta property=\"og:site_name\" content=\"LaSpa Laulasmaa\" \/>\n<meta property=\"article:publisher\" content=\"https:\/\/www.facebook.com\/LaSpaLaulasmaa\" \/>\n<meta property=\"article:modified_time\" content=\"2026-03-20T07:49:59+00:00\" \/>\n<meta property=\"og:image\" content=\"https:\/\/www.laspa.ee\/wp-content\/uploads\/2021\/01\/laulasmaa_spa.jpg\" \/>\n\t<meta property=\"og:image:width\" content=\"1920\" \/>\n\t<meta property=\"og:image:height\" content=\"1280\" \/>\n\t<meta property=\"og:image:type\" content=\"image\/jpeg\" \/>\n<meta name=\"twitter:card\" content=\"summary_large_image\" \/>\n<meta name=\"twitter:label1\" content=\"Est. reading time\" \/>\n\t<meta name=\"twitter:data1\" content=\"1 minut\" \/>\n<script type=\"application\/ld+json\" class=\"yoast-schema-graph\">{\"@context\":\"https:\/\/schema.org\",\"@graph\":[{\"@type\":\"WebPage\",\"@id\":\"https:\/\/www.laspa.ee\/et\/product\/hetk_sinu_heaks\/\",\"url\":\"https:\/\/www.laspa.ee\/et\/product\/hetk_sinu_heaks\/\",\"name\":\"Massaa\u017eirituaal \\\"Hetk Sinu heaks\\\" - LaSpa Laulasmaa\",\"isPartOf\":{\"@id\":\"https:\/\/www.laspa.ee\/et\/#website\"},\"primaryImageOfPage\":{\"@id\":\"https:\/\/www.laspa.ee\/et\/product\/hetk_sinu_heaks\/#primaryimage\"},\"image\":{\"@id\":\"https:\/\/www.laspa.ee\/et\/product\/hetk_sinu_heaks\/#primaryimage\"},\"thumbnailUrl\":\"https:\/\/www.laspa.ee\/wp-content\/uploads\/2021\/01\/laulasmaa_spa.jpg\",\"datePublished\":\"2023-06-30T08:32:53+00:00\",\"dateModified\":\"2026-03-20T07:49:59+00:00\",\"breadcrumb\":{\"@id\":\"https:\/\/www.laspa.ee\/et\/product\/hetk_sinu_heaks\/#breadcrumb\"},\"inLanguage\":\"et\",\"potentialAction\":[{\"@type\":\"ReadAction\",\"target\":[\"https:\/\/www.laspa.ee\/et\/product\/hetk_sinu_heaks\/\"]}]},{\"@type\":\"ImageObject\",\"inLanguage\":\"et\",\"@id\":\"https:\/\/www.laspa.ee\/et\/product\/hetk_sinu_heaks\/#primaryimage\",\"url\":\"https:\/\/www.laspa.ee\/wp-content\/uploads\/2021\/01\/laulasmaa_spa.jpg\",\"contentUrl\":\"https:\/\/www.laspa.ee\/wp-content\/uploads\/2021\/01\/laulasmaa_spa.jpg\",\"width\":1920,\"height\":1280,\"caption\":\"Naudi spa in Laulasmaa I LaSpa spa hotel\"},{\"@type\":\"BreadcrumbList\",\"@id\":\"https:\/\/www.laspa.ee\/et\/product\/hetk_sinu_heaks\/#breadcrumb\",\"itemListElement\":[{\"@type\":\"ListItem\",\"position\":1,\"name\":\"Home\",\"item\":\"https:\/\/www.laspa.ee\/et\/\"},{\"@type\":\"ListItem\",\"position\":2,\"name\":\"Shop\",\"item\":\"https:\/\/www.laspa.ee\/et\/hoolitsused\/\"},{\"@type\":\"ListItem\",\"position\":3,\"name\":\"Massaa\u017eirituaal &#8220;Hetk Sinu heaks&#8221;\"}]},{\"@type\":\"WebSite\",\"@id\":\"https:\/\/www.laspa.ee\/et\/#website\",\"url\":\"https:\/\/www.laspa.ee\/et\/\",\"name\":\"LaSpa Laulasmaa\",\"description\":\"Wellbeing by nature\",\"potentialAction\":[{\"@type\":\"SearchAction\",\"target\":{\"@type\":\"EntryPoint\",\"urlTemplate\":\"https:\/\/www.laspa.ee\/et\/?s={search_term_string}\"},\"query-input\":{\"@type\":\"PropertyValueSpecification\",\"valueRequired\":true,\"valueName\":\"search_term_string\"}}],\"inLanguage\":\"et\"}]}<\/script>\n<!-- \/ Yoast SEO plugin. -->","yoast_head_json":{"title":"Massaa\u017eirituaal \"Hetk Sinu heaks\" - LaSpa Laulasmaa","robots":{"index":"index","follow":"follow","max-snippet":"max-snippet:-1","max-image-preview":"max-image-preview:large","max-video-preview":"max-video-preview:-1"},"canonical":"https:\/\/www.laspa.ee\/et\/product\/hetk_sinu_heaks\/","og_locale":"et_EE","og_type":"article","og_title":"Massaa\u017eirituaal \"Hetk Sinu heaks\" - LaSpa Laulasmaa","og_description":"V\u00f5ta endale aega nautida luksuslikku kehahoolitsust koos silendava koorimise, kullas\u00e4ralise massaa\u017ei\u00f5li ja kollageenidega kehakreemiga. Pehme kooriv geel kookosp\u00e4hkli rasvhapetega ja looduslikul tselluloosil p\u00f5hinevad pehmed elastsed punased sf\u00e4\u00e4rid tagavad sujuva ja \u00f5rna mikrokoorimise.","og_url":"https:\/\/www.laspa.ee\/et\/product\/hetk_sinu_heaks\/","og_site_name":"LaSpa Laulasmaa","article_publisher":"https:\/\/www.facebook.com\/LaSpaLaulasmaa","article_modified_time":"2026-03-20T07:49:59+00:00","og_image":[{"width":1920,"height":1280,"url":"https:\/\/www.laspa.ee\/wp-content\/uploads\/2021\/01\/laulasmaa_spa.jpg","type":"image\/jpeg"}],"twitter_card":"summary_large_image","twitter_misc":{"Est. reading time":"1 minut"},"schema":{"@context":"https:\/\/schema.org","@graph":[{"@type":"WebPage","@id":"https:\/\/www.laspa.ee\/et\/product\/hetk_sinu_heaks\/","url":"https:\/\/www.laspa.ee\/et\/product\/hetk_sinu_heaks\/","name":"Massaa\u017eirituaal \"Hetk Sinu heaks\" - LaSpa Laulasmaa","isPartOf":{"@id":"https:\/\/www.laspa.ee\/et\/#website"},"primaryImageOfPage":{"@id":"https:\/\/www.laspa.ee\/et\/product\/hetk_sinu_heaks\/#primaryimage"},"image":{"@id":"https:\/\/www.laspa.ee\/et\/product\/hetk_sinu_heaks\/#primaryimage"},"thumbnailUrl":"https:\/\/www.laspa.ee\/wp-content\/uploads\/2021\/01\/laulasmaa_spa.jpg","datePublished":"2023-06-30T08:32:53+00:00","dateModified":"2026-03-20T07:49:59+00:00","breadcrumb":{"@id":"https:\/\/www.laspa.ee\/et\/product\/hetk_sinu_heaks\/#breadcrumb"},"inLanguage":"et","potentialAction":[{"@type":"ReadAction","target":["https:\/\/www.laspa.ee\/et\/product\/hetk_sinu_heaks\/"]}]},{"@type":"ImageObject","inLanguage":"et","@id":"https:\/\/www.laspa.ee\/et\/product\/hetk_sinu_heaks\/#primaryimage","url":"https:\/\/www.laspa.ee\/wp-content\/uploads\/2021\/01\/laulasmaa_spa.jpg","contentUrl":"https:\/\/www.laspa.ee\/wp-content\/uploads\/2021\/01\/laulasmaa_spa.jpg","width":1920,"height":1280,"caption":"Naudi spa in Laulasmaa I LaSpa spa hotel"},{"@type":"BreadcrumbList","@id":"https:\/\/www.laspa.ee\/et\/product\/hetk_sinu_heaks\/#breadcrumb","itemListElement":[{"@type":"ListItem","position":1,"name":"Home","item":"https:\/\/www.laspa.ee\/et\/"},{"@type":"ListItem","position":2,"name":"Shop","item":"https:\/\/www.laspa.ee\/et\/hoolitsused\/"},{"@type":"ListItem","position":3,"name":"Massaa\u017eirituaal &#8220;Hetk Sinu heaks&#8221;"}]},{"@type":"WebSite","@id":"https:\/\/www.laspa.ee\/et\/#website","url":"https:\/\/www.laspa.ee\/et\/","name":"LaSpa Laulasmaa","description":"Wellbeing by nature","potentialAction":[{"@type":"SearchAction","target":{"@type":"EntryPoint","urlTemplate":"https:\/\/www.laspa.ee\/et\/?s={search_term_string}"},"query-input":{"@type":"PropertyValueSpecification","valueRequired":true,"valueName":"search_term_string"}}],"inLanguage":"et"}]}},"_links":{"self":[{"href":"https:\/\/www.laspa.ee\/et\/wp-json\/wp\/v2\/product\/15150","targetHints":{"allow":["GET"]}}],"collection":[{"href":"https:\/\/www.laspa.ee\/et\/wp-json\/wp\/v2\/product"}],"about":[{"href":"https:\/\/www.laspa.ee\/et\/wp-json\/wp\/v2\/types\/product"}],"wp:featuredmedia":[{"embeddable":true,"href":"https:\/\/www.laspa.ee\/et\/wp-json\/wp\/v2\/media\/1935"}],"wp:attachment":[{"href":"https:\/\/www.laspa.ee\/et\/wp-json\/wp\/v2\/media?parent=15150"}],"wp:term":[{"taxonomy":"product_brand","embeddable":true,"href":"https:\/\/www.laspa.ee\/et\/wp-json\/wp\/v2\/product_brand?post=15150"},{"taxonomy":"product_cat","embeddable":true,"href":"https:\/\/www.laspa.ee\/et\/wp-json\/wp\/v2\/product_cat?post=15150"},{"taxonomy":"product_tag","embeddable":true,"href":"https:\/\/www.laspa.ee\/et\/wp-json\/wp\/v2\/product_tag?post=15150"}],"curies":[{"name":"wp","href":"https:\/\/api.w.org\/{rel}","templated":true}]}}