{"id":16210,"date":"2023-10-09T09:53:02","date_gmt":"2023-10-09T07:53:02","guid":{"rendered":"https:\/\/www.laspa.ee\/?post_type=product&#038;p=16210"},"modified":"2025-03-25T17:12:31","modified_gmt":"2025-03-25T15:12:31","slug":"dualmassaaz-lapsele-ja-lapsevanemale","status":"publish","type":"product","link":"https:\/\/www.laspa.ee\/et\/product\/dualmassaaz-lapsele-ja-lapsevanemale\/","title":{"rendered":"Dualmassaa\u017e lapsele ja lapsevanemale"},"content":{"rendered":"<p>Klassikaline massaa\u017e lapsele ja lapsevanemale koos meie dualmassaa\u017ei tubades. Klassikaline massaa\u017e on t\u00f5hus viis keha ja vaimu tasakaalu taastamiseks igas vanuses inimestele. Massaa\u017e on l\u00f5\u00f5gastav ja toonust t\u00f5stev.<\/p>\n<p>Ette broneerides vabade tubade olemasolul, dualmassaa\u017ei tube on piiratud arv.<\/p>\n","protected":false},"excerpt":{"rendered":"<p>Klassikaline massaa\u017e lapsele ja lapsevanemale koos meie dualmassaazi tubades.<\/p>\n","protected":false},"featured_media":16214,"template":"","meta":{"_acf_changed":false},"product_brand":[],"product_cat":[93,50,54],"product_tag":[],"class_list":{"0":"post-16210","1":"product","2":"type-product","3":"status-publish","4":"has-post-thumbnail","6":"product_cat-koik","7":"product_cat-massaazirituaalid","8":"product_cat-lastele","10":"first","11":"instock","12":"shipping-taxable","13":"purchasable","14":"product-type-simple"},"acf":false,"yoast_head":"<!-- This site is optimized with the Yoast SEO plugin v27.4 - https:\/\/yoast.com\/product\/yoast-seo-wordpress\/ -->\n<title>Dualmassaa\u017e lapsele ja lapsevanemale - LaSpa Laulasmaa<\/title>\n<meta name=\"robots\" content=\"index, follow, max-snippet:-1, max-image-preview:large, max-video-preview:-1\" \/>\n<link rel=\"canonical\" href=\"https:\/\/www.laspa.ee\/et\/product\/dualmassaaz-lapsele-ja-lapsevanemale\/\" \/>\n<meta property=\"og:locale\" content=\"et_EE\" \/>\n<meta property=\"og:type\" content=\"article\" \/>\n<meta property=\"og:title\" content=\"Dualmassaa\u017e lapsele ja lapsevanemale - LaSpa Laulasmaa\" \/>\n<meta property=\"og:description\" content=\"Klassikaline massaa\u017e lapsele ja lapsevanemale koos meie dualmassaazi tubades.\" \/>\n<meta property=\"og:url\" content=\"https:\/\/www.laspa.ee\/et\/product\/dualmassaaz-lapsele-ja-lapsevanemale\/\" \/>\n<meta property=\"og:site_name\" content=\"LaSpa Laulasmaa\" \/>\n<meta property=\"article:publisher\" content=\"https:\/\/www.facebook.com\/LaSpaLaulasmaa\" \/>\n<meta property=\"article:modified_time\" content=\"2025-03-25T15:12:31+00:00\" \/>\n<meta property=\"og:image\" content=\"https:\/\/www.laspa.ee\/wp-content\/uploads\/2023\/10\/osteopathist-treating-child-by-massaging-his-head-scaled.jpg\" \/>\n\t<meta property=\"og:image:width\" content=\"2560\" \/>\n\t<meta property=\"og:image:height\" content=\"1707\" \/>\n\t<meta property=\"og:image:type\" content=\"image\/jpeg\" \/>\n<meta name=\"twitter:card\" content=\"summary_large_image\" \/>\n<meta name=\"twitter:label1\" content=\"Est. reading time\" \/>\n\t<meta name=\"twitter:data1\" content=\"1 minut\" \/>\n<script type=\"application\/ld+json\" class=\"yoast-schema-graph\">{\"@context\":\"https:\\\/\\\/schema.org\",\"@graph\":[{\"@type\":\"WebPage\",\"@id\":\"https:\\\/\\\/www.laspa.ee\\\/et\\\/product\\\/dualmassaaz-lapsele-ja-lapsevanemale\\\/\",\"url\":\"https:\\\/\\\/www.laspa.ee\\\/et\\\/product\\\/dualmassaaz-lapsele-ja-lapsevanemale\\\/\",\"name\":\"Dualmassaa\u017e lapsele ja lapsevanemale - LaSpa Laulasmaa\",\"isPartOf\":{\"@id\":\"https:\\\/\\\/www.laspa.ee\\\/et\\\/#website\"},\"primaryImageOfPage\":{\"@id\":\"https:\\\/\\\/www.laspa.ee\\\/et\\\/product\\\/dualmassaaz-lapsele-ja-lapsevanemale\\\/#primaryimage\"},\"image\":{\"@id\":\"https:\\\/\\\/www.laspa.ee\\\/et\\\/product\\\/dualmassaaz-lapsele-ja-lapsevanemale\\\/#primaryimage\"},\"thumbnailUrl\":\"https:\\\/\\\/www.laspa.ee\\\/wp-content\\\/uploads\\\/2023\\\/10\\\/osteopathist-treating-child-by-massaging-his-head-scaled.jpg\",\"datePublished\":\"2023-10-09T07:53:02+00:00\",\"dateModified\":\"2025-03-25T15:12:31+00:00\",\"breadcrumb\":{\"@id\":\"https:\\\/\\\/www.laspa.ee\\\/et\\\/product\\\/dualmassaaz-lapsele-ja-lapsevanemale\\\/#breadcrumb\"},\"inLanguage\":\"et\",\"potentialAction\":[{\"@type\":\"ReadAction\",\"target\":[\"https:\\\/\\\/www.laspa.ee\\\/et\\\/product\\\/dualmassaaz-lapsele-ja-lapsevanemale\\\/\"]}]},{\"@type\":\"ImageObject\",\"inLanguage\":\"et\",\"@id\":\"https:\\\/\\\/www.laspa.ee\\\/et\\\/product\\\/dualmassaaz-lapsele-ja-lapsevanemale\\\/#primaryimage\",\"url\":\"https:\\\/\\\/www.laspa.ee\\\/wp-content\\\/uploads\\\/2023\\\/10\\\/osteopathist-treating-child-by-massaging-his-head-scaled.jpg\",\"contentUrl\":\"https:\\\/\\\/www.laspa.ee\\\/wp-content\\\/uploads\\\/2023\\\/10\\\/osteopathist-treating-child-by-massaging-his-head-scaled.jpg\",\"width\":2560,\"height\":1707},{\"@type\":\"BreadcrumbList\",\"@id\":\"https:\\\/\\\/www.laspa.ee\\\/et\\\/product\\\/dualmassaaz-lapsele-ja-lapsevanemale\\\/#breadcrumb\",\"itemListElement\":[{\"@type\":\"ListItem\",\"position\":1,\"name\":\"Home\",\"item\":\"https:\\\/\\\/www.laspa.ee\\\/et\\\/\"},{\"@type\":\"ListItem\",\"position\":2,\"name\":\"Shop\",\"item\":\"https:\\\/\\\/www.laspa.ee\\\/et\\\/hoolitsused\\\/\"},{\"@type\":\"ListItem\",\"position\":3,\"name\":\"Dualmassaa\u017e lapsele ja lapsevanemale\"}]},{\"@type\":\"WebSite\",\"@id\":\"https:\\\/\\\/www.laspa.ee\\\/et\\\/#website\",\"url\":\"https:\\\/\\\/www.laspa.ee\\\/et\\\/\",\"name\":\"LaSpa Laulasmaa\",\"description\":\"Wellbeing by nature\",\"potentialAction\":[{\"@type\":\"SearchAction\",\"target\":{\"@type\":\"EntryPoint\",\"urlTemplate\":\"https:\\\/\\\/www.laspa.ee\\\/et\\\/?s={search_term_string}\"},\"query-input\":{\"@type\":\"PropertyValueSpecification\",\"valueRequired\":true,\"valueName\":\"search_term_string\"}}],\"inLanguage\":\"et\"}]}<\/script>\n<!-- \/ Yoast SEO plugin. -->","yoast_head_json":{"title":"Dualmassaa\u017e lapsele ja lapsevanemale - LaSpa Laulasmaa","robots":{"index":"index","follow":"follow","max-snippet":"max-snippet:-1","max-image-preview":"max-image-preview:large","max-video-preview":"max-video-preview:-1"},"canonical":"https:\/\/www.laspa.ee\/et\/product\/dualmassaaz-lapsele-ja-lapsevanemale\/","og_locale":"et_EE","og_type":"article","og_title":"Dualmassaa\u017e lapsele ja lapsevanemale - LaSpa Laulasmaa","og_description":"Klassikaline massaa\u017e lapsele ja lapsevanemale koos meie dualmassaazi tubades.","og_url":"https:\/\/www.laspa.ee\/et\/product\/dualmassaaz-lapsele-ja-lapsevanemale\/","og_site_name":"LaSpa Laulasmaa","article_publisher":"https:\/\/www.facebook.com\/LaSpaLaulasmaa","article_modified_time":"2025-03-25T15:12:31+00:00","og_image":[{"width":2560,"height":1707,"url":"https:\/\/www.laspa.ee\/wp-content\/uploads\/2023\/10\/osteopathist-treating-child-by-massaging-his-head-scaled.jpg","type":"image\/jpeg"}],"twitter_card":"summary_large_image","twitter_misc":{"Est. reading time":"1 minut"},"schema":{"@context":"https:\/\/schema.org","@graph":[{"@type":"WebPage","@id":"https:\/\/www.laspa.ee\/et\/product\/dualmassaaz-lapsele-ja-lapsevanemale\/","url":"https:\/\/www.laspa.ee\/et\/product\/dualmassaaz-lapsele-ja-lapsevanemale\/","name":"Dualmassaa\u017e lapsele ja lapsevanemale - LaSpa Laulasmaa","isPartOf":{"@id":"https:\/\/www.laspa.ee\/et\/#website"},"primaryImageOfPage":{"@id":"https:\/\/www.laspa.ee\/et\/product\/dualmassaaz-lapsele-ja-lapsevanemale\/#primaryimage"},"image":{"@id":"https:\/\/www.laspa.ee\/et\/product\/dualmassaaz-lapsele-ja-lapsevanemale\/#primaryimage"},"thumbnailUrl":"https:\/\/www.laspa.ee\/wp-content\/uploads\/2023\/10\/osteopathist-treating-child-by-massaging-his-head-scaled.jpg","datePublished":"2023-10-09T07:53:02+00:00","dateModified":"2025-03-25T15:12:31+00:00","breadcrumb":{"@id":"https:\/\/www.laspa.ee\/et\/product\/dualmassaaz-lapsele-ja-lapsevanemale\/#breadcrumb"},"inLanguage":"et","potentialAction":[{"@type":"ReadAction","target":["https:\/\/www.laspa.ee\/et\/product\/dualmassaaz-lapsele-ja-lapsevanemale\/"]}]},{"@type":"ImageObject","inLanguage":"et","@id":"https:\/\/www.laspa.ee\/et\/product\/dualmassaaz-lapsele-ja-lapsevanemale\/#primaryimage","url":"https:\/\/www.laspa.ee\/wp-content\/uploads\/2023\/10\/osteopathist-treating-child-by-massaging-his-head-scaled.jpg","contentUrl":"https:\/\/www.laspa.ee\/wp-content\/uploads\/2023\/10\/osteopathist-treating-child-by-massaging-his-head-scaled.jpg","width":2560,"height":1707},{"@type":"BreadcrumbList","@id":"https:\/\/www.laspa.ee\/et\/product\/dualmassaaz-lapsele-ja-lapsevanemale\/#breadcrumb","itemListElement":[{"@type":"ListItem","position":1,"name":"Home","item":"https:\/\/www.laspa.ee\/et\/"},{"@type":"ListItem","position":2,"name":"Shop","item":"https:\/\/www.laspa.ee\/et\/hoolitsused\/"},{"@type":"ListItem","position":3,"name":"Dualmassaa\u017e lapsele ja lapsevanemale"}]},{"@type":"WebSite","@id":"https:\/\/www.laspa.ee\/et\/#website","url":"https:\/\/www.laspa.ee\/et\/","name":"LaSpa Laulasmaa","description":"Wellbeing by nature","potentialAction":[{"@type":"SearchAction","target":{"@type":"EntryPoint","urlTemplate":"https:\/\/www.laspa.ee\/et\/?s={search_term_string}"},"query-input":{"@type":"PropertyValueSpecification","valueRequired":true,"valueName":"search_term_string"}}],"inLanguage":"et"}]}},"_links":{"self":[{"href":"https:\/\/www.laspa.ee\/et\/wp-json\/wp\/v2\/product\/16210","targetHints":{"allow":["GET"]}}],"collection":[{"href":"https:\/\/www.laspa.ee\/et\/wp-json\/wp\/v2\/product"}],"about":[{"href":"https:\/\/www.laspa.ee\/et\/wp-json\/wp\/v2\/types\/product"}],"wp:featuredmedia":[{"embeddable":true,"href":"https:\/\/www.laspa.ee\/et\/wp-json\/wp\/v2\/media\/16214"}],"wp:attachment":[{"href":"https:\/\/www.laspa.ee\/et\/wp-json\/wp\/v2\/media?parent=16210"}],"wp:term":[{"taxonomy":"product_brand","embeddable":true,"href":"https:\/\/www.laspa.ee\/et\/wp-json\/wp\/v2\/product_brand?post=16210"},{"taxonomy":"product_cat","embeddable":true,"href":"https:\/\/www.laspa.ee\/et\/wp-json\/wp\/v2\/product_cat?post=16210"},{"taxonomy":"product_tag","embeddable":true,"href":"https:\/\/www.laspa.ee\/et\/wp-json\/wp\/v2\/product_tag?post=16210"}],"curies":[{"name":"wp","href":"https:\/\/api.w.org\/{rel}","templated":true}]}}