{"id":17735,"date":"2024-02-26T14:50:36","date_gmt":"2024-02-26T12:50:36","guid":{"rendered":"https:\/\/www.laspa.ee\/?post_type=product&#038;p=17735"},"modified":"2026-03-20T09:48:21","modified_gmt":"2026-03-20T07:48:21","slug":"kehakoorimine-pehme-naha-hetk-copy","status":"publish","type":"product","link":"https:\/\/www.laspa.ee\/et\/product\/kehakoorimine-pehme-naha-hetk-copy\/","title":{"rendered":"Hetk Sinu ajast"},"content":{"rendered":"<p>Vabastage end igap\u00e4evaelu stressist selle luksusliku kogu keha massaa\u017eiga. Ideaalne peale v\u00e4sitavat t\u00f6\u00f6n\u00e4dalat v\u00f5i stressi vastum\u00fcrgina. Kullahelvestega massaa\u017ei\u00f5li pakub suurep\u00e4rast antioks\u00fcdantset toimet, pehmendades ideaalselt kuiva nahka. See annab s\u00e4ra ning toidab k\u00fcpset, v\u00e4sinud ja\/v\u00f5i kahjustatud nahka. Lisaks s\u00fcgavalt niisutav, sametine l\u00f5pptulemus luksusliku tekstuuriga kehakreemiga, mis sisaldab kollageeni, h\u00fcaluroonhapet, alpi j\u00e4nesek\u00e4pa \u00f5isi (edelweiss) ja teemante!<\/p>\n<h3>Swissline signatuur kehahoolitsused pakuvad luksuslikku l\u00f5\u00f5gastavat pausi argip\u00e4evast \u2013 v\u00f5imalust end v\u00e4lismaailmast v\u00e4lja l\u00fclitada ja lihtsalt hetkes kohal olla.<\/h3>\n","protected":false},"excerpt":{"rendered":"<p>Vabastage end igap\u00e4evaelu stressist selle luksusliku kogu keha massaa\u017eiga. Ideaalne peale v\u00e4sitavat t\u00f6\u00f6n\u00e4dalat v\u00f5i stressi vastum\u00fcrgina. Kullahelvestega massaa\u017ei\u00f5li pakub suurep\u00e4rast antioks\u00fcdantset toimet, pehmendades ideaalselt kuiva nahka.<\/p>\n","protected":false},"featured_media":15142,"template":"","meta":{"_acf_changed":false},"product_brand":[],"product_cat":[93,50,96],"product_tag":[],"class_list":{"0":"post-17735","1":"product","2":"type-product","3":"status-publish","4":"has-post-thumbnail","6":"product_cat-koik","7":"product_cat-massaazirituaalid","8":"product_cat-swissline-kehahoolitsused","10":"first","11":"instock","12":"shipping-taxable","13":"purchasable","14":"product-type-simple"},"acf":false,"yoast_head":"<!-- This site is optimized with the Yoast SEO plugin v27.2 - https:\/\/yoast.com\/product\/yoast-seo-wordpress\/ -->\n<title>Hetk Sinu ajast - LaSpa Laulasmaa<\/title>\n<meta name=\"robots\" content=\"index, follow, max-snippet:-1, max-image-preview:large, max-video-preview:-1\" \/>\n<link rel=\"canonical\" href=\"https:\/\/www.laspa.ee\/et\/product\/kehakoorimine-pehme-naha-hetk-copy\/\" \/>\n<meta property=\"og:locale\" content=\"et_EE\" \/>\n<meta property=\"og:type\" content=\"article\" \/>\n<meta property=\"og:title\" content=\"Hetk Sinu ajast - LaSpa Laulasmaa\" \/>\n<meta property=\"og:description\" content=\"Vabastage end igap\u00e4evaelu stressist selle luksusliku kogu keha massaa\u017eiga. Ideaalne peale v\u00e4sitavat t\u00f6\u00f6n\u00e4dalat v\u00f5i stressi vastum\u00fcrgina. Kullahelvestega massaa\u017ei\u00f5li pakub suurep\u00e4rast antioks\u00fcdantset toimet, pehmendades ideaalselt kuiva nahka.\" \/>\n<meta property=\"og:url\" content=\"https:\/\/www.laspa.ee\/et\/product\/kehakoorimine-pehme-naha-hetk-copy\/\" \/>\n<meta property=\"og:site_name\" content=\"LaSpa Laulasmaa\" \/>\n<meta property=\"article:publisher\" content=\"https:\/\/www.facebook.com\/LaSpaLaulasmaa\" \/>\n<meta property=\"article:modified_time\" content=\"2026-03-20T07:48:21+00:00\" \/>\n<meta property=\"og:image\" content=\"https:\/\/www.laspa.ee\/wp-content\/uploads\/2023\/06\/Swissline_A_moment_in_time.jpg\" \/>\n\t<meta property=\"og:image:width\" content=\"1920\" \/>\n\t<meta property=\"og:image:height\" content=\"1280\" \/>\n\t<meta property=\"og:image:type\" content=\"image\/jpeg\" \/>\n<meta name=\"twitter:card\" content=\"summary_large_image\" \/>\n<meta name=\"twitter:label1\" content=\"Est. reading time\" \/>\n\t<meta name=\"twitter:data1\" content=\"1 minut\" \/>\n<script type=\"application\/ld+json\" class=\"yoast-schema-graph\">{\"@context\":\"https:\/\/schema.org\",\"@graph\":[{\"@type\":\"WebPage\",\"@id\":\"https:\/\/www.laspa.ee\/et\/product\/kehakoorimine-pehme-naha-hetk-copy\/\",\"url\":\"https:\/\/www.laspa.ee\/et\/product\/kehakoorimine-pehme-naha-hetk-copy\/\",\"name\":\"Hetk Sinu ajast - LaSpa Laulasmaa\",\"isPartOf\":{\"@id\":\"https:\/\/www.laspa.ee\/et\/#website\"},\"primaryImageOfPage\":{\"@id\":\"https:\/\/www.laspa.ee\/et\/product\/kehakoorimine-pehme-naha-hetk-copy\/#primaryimage\"},\"image\":{\"@id\":\"https:\/\/www.laspa.ee\/et\/product\/kehakoorimine-pehme-naha-hetk-copy\/#primaryimage\"},\"thumbnailUrl\":\"https:\/\/www.laspa.ee\/wp-content\/uploads\/2023\/06\/Swissline_A_moment_in_time.jpg\",\"datePublished\":\"2024-02-26T12:50:36+00:00\",\"dateModified\":\"2026-03-20T07:48:21+00:00\",\"breadcrumb\":{\"@id\":\"https:\/\/www.laspa.ee\/et\/product\/kehakoorimine-pehme-naha-hetk-copy\/#breadcrumb\"},\"inLanguage\":\"et\",\"potentialAction\":[{\"@type\":\"ReadAction\",\"target\":[\"https:\/\/www.laspa.ee\/et\/product\/kehakoorimine-pehme-naha-hetk-copy\/\"]}]},{\"@type\":\"ImageObject\",\"inLanguage\":\"et\",\"@id\":\"https:\/\/www.laspa.ee\/et\/product\/kehakoorimine-pehme-naha-hetk-copy\/#primaryimage\",\"url\":\"https:\/\/www.laspa.ee\/wp-content\/uploads\/2023\/06\/Swissline_A_moment_in_time.jpg\",\"contentUrl\":\"https:\/\/www.laspa.ee\/wp-content\/uploads\/2023\/06\/Swissline_A_moment_in_time.jpg\",\"width\":1920,\"height\":1280,\"caption\":\"Naudi LaSpa \/ Swissline\"},{\"@type\":\"BreadcrumbList\",\"@id\":\"https:\/\/www.laspa.ee\/et\/product\/kehakoorimine-pehme-naha-hetk-copy\/#breadcrumb\",\"itemListElement\":[{\"@type\":\"ListItem\",\"position\":1,\"name\":\"Home\",\"item\":\"https:\/\/www.laspa.ee\/et\/\"},{\"@type\":\"ListItem\",\"position\":2,\"name\":\"Shop\",\"item\":\"https:\/\/www.laspa.ee\/et\/hoolitsused\/\"},{\"@type\":\"ListItem\",\"position\":3,\"name\":\"Hetk Sinu ajast\"}]},{\"@type\":\"WebSite\",\"@id\":\"https:\/\/www.laspa.ee\/et\/#website\",\"url\":\"https:\/\/www.laspa.ee\/et\/\",\"name\":\"LaSpa Laulasmaa\",\"description\":\"Wellbeing by nature\",\"potentialAction\":[{\"@type\":\"SearchAction\",\"target\":{\"@type\":\"EntryPoint\",\"urlTemplate\":\"https:\/\/www.laspa.ee\/et\/?s={search_term_string}\"},\"query-input\":{\"@type\":\"PropertyValueSpecification\",\"valueRequired\":true,\"valueName\":\"search_term_string\"}}],\"inLanguage\":\"et\"}]}<\/script>\n<!-- \/ Yoast SEO plugin. -->","yoast_head_json":{"title":"Hetk Sinu ajast - LaSpa Laulasmaa","robots":{"index":"index","follow":"follow","max-snippet":"max-snippet:-1","max-image-preview":"max-image-preview:large","max-video-preview":"max-video-preview:-1"},"canonical":"https:\/\/www.laspa.ee\/et\/product\/kehakoorimine-pehme-naha-hetk-copy\/","og_locale":"et_EE","og_type":"article","og_title":"Hetk Sinu ajast - LaSpa Laulasmaa","og_description":"Vabastage end igap\u00e4evaelu stressist selle luksusliku kogu keha massaa\u017eiga. Ideaalne peale v\u00e4sitavat t\u00f6\u00f6n\u00e4dalat v\u00f5i stressi vastum\u00fcrgina. Kullahelvestega massaa\u017ei\u00f5li pakub suurep\u00e4rast antioks\u00fcdantset toimet, pehmendades ideaalselt kuiva nahka.","og_url":"https:\/\/www.laspa.ee\/et\/product\/kehakoorimine-pehme-naha-hetk-copy\/","og_site_name":"LaSpa Laulasmaa","article_publisher":"https:\/\/www.facebook.com\/LaSpaLaulasmaa","article_modified_time":"2026-03-20T07:48:21+00:00","og_image":[{"width":1920,"height":1280,"url":"https:\/\/www.laspa.ee\/wp-content\/uploads\/2023\/06\/Swissline_A_moment_in_time.jpg","type":"image\/jpeg"}],"twitter_card":"summary_large_image","twitter_misc":{"Est. reading time":"1 minut"},"schema":{"@context":"https:\/\/schema.org","@graph":[{"@type":"WebPage","@id":"https:\/\/www.laspa.ee\/et\/product\/kehakoorimine-pehme-naha-hetk-copy\/","url":"https:\/\/www.laspa.ee\/et\/product\/kehakoorimine-pehme-naha-hetk-copy\/","name":"Hetk Sinu ajast - LaSpa Laulasmaa","isPartOf":{"@id":"https:\/\/www.laspa.ee\/et\/#website"},"primaryImageOfPage":{"@id":"https:\/\/www.laspa.ee\/et\/product\/kehakoorimine-pehme-naha-hetk-copy\/#primaryimage"},"image":{"@id":"https:\/\/www.laspa.ee\/et\/product\/kehakoorimine-pehme-naha-hetk-copy\/#primaryimage"},"thumbnailUrl":"https:\/\/www.laspa.ee\/wp-content\/uploads\/2023\/06\/Swissline_A_moment_in_time.jpg","datePublished":"2024-02-26T12:50:36+00:00","dateModified":"2026-03-20T07:48:21+00:00","breadcrumb":{"@id":"https:\/\/www.laspa.ee\/et\/product\/kehakoorimine-pehme-naha-hetk-copy\/#breadcrumb"},"inLanguage":"et","potentialAction":[{"@type":"ReadAction","target":["https:\/\/www.laspa.ee\/et\/product\/kehakoorimine-pehme-naha-hetk-copy\/"]}]},{"@type":"ImageObject","inLanguage":"et","@id":"https:\/\/www.laspa.ee\/et\/product\/kehakoorimine-pehme-naha-hetk-copy\/#primaryimage","url":"https:\/\/www.laspa.ee\/wp-content\/uploads\/2023\/06\/Swissline_A_moment_in_time.jpg","contentUrl":"https:\/\/www.laspa.ee\/wp-content\/uploads\/2023\/06\/Swissline_A_moment_in_time.jpg","width":1920,"height":1280,"caption":"Naudi LaSpa \/ Swissline"},{"@type":"BreadcrumbList","@id":"https:\/\/www.laspa.ee\/et\/product\/kehakoorimine-pehme-naha-hetk-copy\/#breadcrumb","itemListElement":[{"@type":"ListItem","position":1,"name":"Home","item":"https:\/\/www.laspa.ee\/et\/"},{"@type":"ListItem","position":2,"name":"Shop","item":"https:\/\/www.laspa.ee\/et\/hoolitsused\/"},{"@type":"ListItem","position":3,"name":"Hetk Sinu ajast"}]},{"@type":"WebSite","@id":"https:\/\/www.laspa.ee\/et\/#website","url":"https:\/\/www.laspa.ee\/et\/","name":"LaSpa Laulasmaa","description":"Wellbeing by nature","potentialAction":[{"@type":"SearchAction","target":{"@type":"EntryPoint","urlTemplate":"https:\/\/www.laspa.ee\/et\/?s={search_term_string}"},"query-input":{"@type":"PropertyValueSpecification","valueRequired":true,"valueName":"search_term_string"}}],"inLanguage":"et"}]}},"_links":{"self":[{"href":"https:\/\/www.laspa.ee\/et\/wp-json\/wp\/v2\/product\/17735","targetHints":{"allow":["GET"]}}],"collection":[{"href":"https:\/\/www.laspa.ee\/et\/wp-json\/wp\/v2\/product"}],"about":[{"href":"https:\/\/www.laspa.ee\/et\/wp-json\/wp\/v2\/types\/product"}],"wp:featuredmedia":[{"embeddable":true,"href":"https:\/\/www.laspa.ee\/et\/wp-json\/wp\/v2\/media\/15142"}],"wp:attachment":[{"href":"https:\/\/www.laspa.ee\/et\/wp-json\/wp\/v2\/media?parent=17735"}],"wp:term":[{"taxonomy":"product_brand","embeddable":true,"href":"https:\/\/www.laspa.ee\/et\/wp-json\/wp\/v2\/product_brand?post=17735"},{"taxonomy":"product_cat","embeddable":true,"href":"https:\/\/www.laspa.ee\/et\/wp-json\/wp\/v2\/product_cat?post=17735"},{"taxonomy":"product_tag","embeddable":true,"href":"https:\/\/www.laspa.ee\/et\/wp-json\/wp\/v2\/product_tag?post=17735"}],"curies":[{"name":"wp","href":"https:\/\/api.w.org\/{rel}","templated":true}]}}