{"id":2035,"date":"2021-01-04T13:38:06","date_gmt":"2021-01-04T11:38:06","guid":{"rendered":"https:\/\/www.laspa.ee\/?post_type=product&#038;p=2035"},"modified":"2026-03-12T18:04:13","modified_gmt":"2026-03-12T16:04:13","slug":"bali-lilleoite-ja-puuviljade-massaazirituaal","status":"publish","type":"product","link":"https:\/\/www.laspa.ee\/et\/product\/bali-lilleoite-ja-puuviljade-massaazirituaal\/","title":{"rendered":"Bali lille\u00f5ite ja puuviljade puhtuse massaa\u017eirituaal"},"content":{"rendered":"<h3>N\u00e4onahka \u00fchtlustava ja kooriva hoolitsuse k\u00e4igus saate nautida troopilistes lilledes peituvate looduslike AHA puuviljahapete aktiivsete toimeainete parimaid omadusi.<\/h3>\n<ul>\n<li>Toob esile puhta ja s\u00e4rava n\u00e4onaha ning kauni jume<\/li>\n<li>L\u00f5\u00f5gastav massaa\u017eitehnika v\u00e4hendab pingeid<\/li>\n<li>Annab nahale eluj\u00f5ulise s\u00e4ra ning r\u00f5hutab naha loomulikku ilu<\/li>\n<\/ul>\n<p>Bali lille\u00f5ite ja puuviljade rituaalis kasutatakse tooteid, mis puhastavad ja \u00fchtlustavad n\u00e4onahka t\u00e4nu neis sisalduvatele aminohapetele ja vitamiinidele. Tooteid t\u00e4iendab l\u00f5\u00f5gastav massaa\u017eitehnika, mis muudab n\u00e4ohoolitsuse justkui minipuhkuseks! Bali saare ilurituaalidest inspireeritud hoolitsus annab teie nahale eluj\u00f5ulise s\u00e4ra ning r\u00f5hutab naha loomulikku ilu.<\/p>\n","protected":false},"excerpt":{"rendered":"<p>N\u00e4onahka \u00fchtlustava ja kooriva hoolitsuse k\u00e4igus saate nautida troopilistes lilledes peituvate looduslike AHA puuviljahapete aktiivsete toimeainete parimaid omadusi.<\/p>\n<ul>\n<li>Toob esile puhta ja s\u00e4rava n\u00e4onaha ning kauni jume<\/li>\n<li>L\u00f5\u00f5gastav massaa\u017eitehnika v\u00e4hendab pingeid<\/li>\n<li>Annab nahale eluj\u00f5ulise s\u00e4ra ning r\u00f5hutab naha loomulikku ilu<\/li>\n<\/ul>\n","protected":false},"featured_media":1773,"template":"","meta":{"_acf_changed":false},"product_brand":[],"product_cat":[93,51],"product_tag":[],"class_list":{"0":"post-2035","1":"product","2":"type-product","3":"status-publish","4":"has-post-thumbnail","6":"product_cat-koik","7":"product_cat-naole","9":"first","10":"instock","11":"shipping-taxable","12":"purchasable","13":"product-type-simple"},"acf":false,"yoast_head":"<!-- This site is optimized with the Yoast SEO plugin v27.4 - https:\/\/yoast.com\/product\/yoast-seo-wordpress\/ -->\n<title>Bali lille\u00f5ite ja puuviljade puhtuse massaa\u017eirituaal - LaSpa Laulasmaa<\/title>\n<meta name=\"robots\" content=\"index, follow, max-snippet:-1, max-image-preview:large, max-video-preview:-1\" \/>\n<link rel=\"canonical\" href=\"https:\/\/www.laspa.ee\/et\/product\/bali-lilleoite-ja-puuviljade-massaazirituaal\/\" \/>\n<meta property=\"og:locale\" content=\"et_EE\" \/>\n<meta property=\"og:type\" content=\"article\" \/>\n<meta property=\"og:title\" content=\"Bali lille\u00f5ite ja puuviljade puhtuse massaa\u017eirituaal - LaSpa Laulasmaa\" \/>\n<meta property=\"og:description\" content=\"N\u00e4onahka \u00fchtlustava ja kooriva hoolitsuse k\u00e4igus saate nautida troopilistes lilledes peituvate looduslike AHA puuviljahapete aktiivsete toimeainete parimaid omadusi.   Toob esile puhta ja s\u00e4rava n\u00e4onaha ning kauni jume  L\u00f5\u00f5gastav massaa\u017eitehnika v\u00e4hendab pingeid  Annab nahale eluj\u00f5ulise s\u00e4ra ning r\u00f5hutab naha loomulikku ilu\" \/>\n<meta property=\"og:url\" content=\"https:\/\/www.laspa.ee\/et\/product\/bali-lilleoite-ja-puuviljade-massaazirituaal\/\" \/>\n<meta property=\"og:site_name\" content=\"LaSpa Laulasmaa\" \/>\n<meta property=\"article:publisher\" content=\"https:\/\/www.facebook.com\/LaSpaLaulasmaa\" \/>\n<meta property=\"article:modified_time\" content=\"2026-03-12T16:04:13+00:00\" \/>\n<meta property=\"og:image\" content=\"https:\/\/www.laspa.ee\/wp-content\/uploads\/2020\/12\/CINQ-MONDES-Soin-du-visage-HD-1.jpg\" \/>\n\t<meta property=\"og:image:width\" content=\"1920\" \/>\n\t<meta property=\"og:image:height\" content=\"1441\" \/>\n\t<meta property=\"og:image:type\" content=\"image\/jpeg\" \/>\n<meta name=\"twitter:card\" content=\"summary_large_image\" \/>\n<meta name=\"twitter:label1\" content=\"Est. reading time\" \/>\n\t<meta name=\"twitter:data1\" content=\"1 minut\" \/>\n<script type=\"application\/ld+json\" class=\"yoast-schema-graph\">{\"@context\":\"https:\\\/\\\/schema.org\",\"@graph\":[{\"@type\":\"WebPage\",\"@id\":\"https:\\\/\\\/www.laspa.ee\\\/et\\\/product\\\/bali-lilleoite-ja-puuviljade-massaazirituaal\\\/\",\"url\":\"https:\\\/\\\/www.laspa.ee\\\/et\\\/product\\\/bali-lilleoite-ja-puuviljade-massaazirituaal\\\/\",\"name\":\"Bali lille\u00f5ite ja puuviljade puhtuse massaa\u017eirituaal - LaSpa Laulasmaa\",\"isPartOf\":{\"@id\":\"https:\\\/\\\/www.laspa.ee\\\/et\\\/#website\"},\"primaryImageOfPage\":{\"@id\":\"https:\\\/\\\/www.laspa.ee\\\/et\\\/product\\\/bali-lilleoite-ja-puuviljade-massaazirituaal\\\/#primaryimage\"},\"image\":{\"@id\":\"https:\\\/\\\/www.laspa.ee\\\/et\\\/product\\\/bali-lilleoite-ja-puuviljade-massaazirituaal\\\/#primaryimage\"},\"thumbnailUrl\":\"https:\\\/\\\/www.laspa.ee\\\/wp-content\\\/uploads\\\/2020\\\/12\\\/CINQ-MONDES-Soin-du-visage-HD-1.jpg\",\"datePublished\":\"2021-01-04T11:38:06+00:00\",\"dateModified\":\"2026-03-12T16:04:13+00:00\",\"breadcrumb\":{\"@id\":\"https:\\\/\\\/www.laspa.ee\\\/et\\\/product\\\/bali-lilleoite-ja-puuviljade-massaazirituaal\\\/#breadcrumb\"},\"inLanguage\":\"et\",\"potentialAction\":[{\"@type\":\"ReadAction\",\"target\":[\"https:\\\/\\\/www.laspa.ee\\\/et\\\/product\\\/bali-lilleoite-ja-puuviljade-massaazirituaal\\\/\"]}]},{\"@type\":\"ImageObject\",\"inLanguage\":\"et\",\"@id\":\"https:\\\/\\\/www.laspa.ee\\\/et\\\/product\\\/bali-lilleoite-ja-puuviljade-massaazirituaal\\\/#primaryimage\",\"url\":\"https:\\\/\\\/www.laspa.ee\\\/wp-content\\\/uploads\\\/2020\\\/12\\\/CINQ-MONDES-Soin-du-visage-HD-1.jpg\",\"contentUrl\":\"https:\\\/\\\/www.laspa.ee\\\/wp-content\\\/uploads\\\/2020\\\/12\\\/CINQ-MONDES-Soin-du-visage-HD-1.jpg\",\"width\":1920,\"height\":1441,\"caption\":\"Naudi spa in Laulasmaa I LaSpa spa hotel\"},{\"@type\":\"BreadcrumbList\",\"@id\":\"https:\\\/\\\/www.laspa.ee\\\/et\\\/product\\\/bali-lilleoite-ja-puuviljade-massaazirituaal\\\/#breadcrumb\",\"itemListElement\":[{\"@type\":\"ListItem\",\"position\":1,\"name\":\"Home\",\"item\":\"https:\\\/\\\/www.laspa.ee\\\/et\\\/\"},{\"@type\":\"ListItem\",\"position\":2,\"name\":\"Shop\",\"item\":\"https:\\\/\\\/www.laspa.ee\\\/et\\\/hoolitsused\\\/\"},{\"@type\":\"ListItem\",\"position\":3,\"name\":\"Bali lille\u00f5ite ja puuviljade puhtuse massaa\u017eirituaal\"}]},{\"@type\":\"WebSite\",\"@id\":\"https:\\\/\\\/www.laspa.ee\\\/et\\\/#website\",\"url\":\"https:\\\/\\\/www.laspa.ee\\\/et\\\/\",\"name\":\"LaSpa Laulasmaa\",\"description\":\"Wellbeing by nature\",\"potentialAction\":[{\"@type\":\"SearchAction\",\"target\":{\"@type\":\"EntryPoint\",\"urlTemplate\":\"https:\\\/\\\/www.laspa.ee\\\/et\\\/?s={search_term_string}\"},\"query-input\":{\"@type\":\"PropertyValueSpecification\",\"valueRequired\":true,\"valueName\":\"search_term_string\"}}],\"inLanguage\":\"et\"}]}<\/script>\n<!-- \/ Yoast SEO plugin. -->","yoast_head_json":{"title":"Bali lille\u00f5ite ja puuviljade puhtuse massaa\u017eirituaal - LaSpa Laulasmaa","robots":{"index":"index","follow":"follow","max-snippet":"max-snippet:-1","max-image-preview":"max-image-preview:large","max-video-preview":"max-video-preview:-1"},"canonical":"https:\/\/www.laspa.ee\/et\/product\/bali-lilleoite-ja-puuviljade-massaazirituaal\/","og_locale":"et_EE","og_type":"article","og_title":"Bali lille\u00f5ite ja puuviljade puhtuse massaa\u017eirituaal - LaSpa Laulasmaa","og_description":"N\u00e4onahka \u00fchtlustava ja kooriva hoolitsuse k\u00e4igus saate nautida troopilistes lilledes peituvate looduslike AHA puuviljahapete aktiivsete toimeainete parimaid omadusi.   Toob esile puhta ja s\u00e4rava n\u00e4onaha ning kauni jume  L\u00f5\u00f5gastav massaa\u017eitehnika v\u00e4hendab pingeid  Annab nahale eluj\u00f5ulise s\u00e4ra ning r\u00f5hutab naha loomulikku ilu","og_url":"https:\/\/www.laspa.ee\/et\/product\/bali-lilleoite-ja-puuviljade-massaazirituaal\/","og_site_name":"LaSpa Laulasmaa","article_publisher":"https:\/\/www.facebook.com\/LaSpaLaulasmaa","article_modified_time":"2026-03-12T16:04:13+00:00","og_image":[{"width":1920,"height":1441,"url":"https:\/\/www.laspa.ee\/wp-content\/uploads\/2020\/12\/CINQ-MONDES-Soin-du-visage-HD-1.jpg","type":"image\/jpeg"}],"twitter_card":"summary_large_image","twitter_misc":{"Est. reading time":"1 minut"},"schema":{"@context":"https:\/\/schema.org","@graph":[{"@type":"WebPage","@id":"https:\/\/www.laspa.ee\/et\/product\/bali-lilleoite-ja-puuviljade-massaazirituaal\/","url":"https:\/\/www.laspa.ee\/et\/product\/bali-lilleoite-ja-puuviljade-massaazirituaal\/","name":"Bali lille\u00f5ite ja puuviljade puhtuse massaa\u017eirituaal - LaSpa Laulasmaa","isPartOf":{"@id":"https:\/\/www.laspa.ee\/et\/#website"},"primaryImageOfPage":{"@id":"https:\/\/www.laspa.ee\/et\/product\/bali-lilleoite-ja-puuviljade-massaazirituaal\/#primaryimage"},"image":{"@id":"https:\/\/www.laspa.ee\/et\/product\/bali-lilleoite-ja-puuviljade-massaazirituaal\/#primaryimage"},"thumbnailUrl":"https:\/\/www.laspa.ee\/wp-content\/uploads\/2020\/12\/CINQ-MONDES-Soin-du-visage-HD-1.jpg","datePublished":"2021-01-04T11:38:06+00:00","dateModified":"2026-03-12T16:04:13+00:00","breadcrumb":{"@id":"https:\/\/www.laspa.ee\/et\/product\/bali-lilleoite-ja-puuviljade-massaazirituaal\/#breadcrumb"},"inLanguage":"et","potentialAction":[{"@type":"ReadAction","target":["https:\/\/www.laspa.ee\/et\/product\/bali-lilleoite-ja-puuviljade-massaazirituaal\/"]}]},{"@type":"ImageObject","inLanguage":"et","@id":"https:\/\/www.laspa.ee\/et\/product\/bali-lilleoite-ja-puuviljade-massaazirituaal\/#primaryimage","url":"https:\/\/www.laspa.ee\/wp-content\/uploads\/2020\/12\/CINQ-MONDES-Soin-du-visage-HD-1.jpg","contentUrl":"https:\/\/www.laspa.ee\/wp-content\/uploads\/2020\/12\/CINQ-MONDES-Soin-du-visage-HD-1.jpg","width":1920,"height":1441,"caption":"Naudi spa in Laulasmaa I LaSpa spa hotel"},{"@type":"BreadcrumbList","@id":"https:\/\/www.laspa.ee\/et\/product\/bali-lilleoite-ja-puuviljade-massaazirituaal\/#breadcrumb","itemListElement":[{"@type":"ListItem","position":1,"name":"Home","item":"https:\/\/www.laspa.ee\/et\/"},{"@type":"ListItem","position":2,"name":"Shop","item":"https:\/\/www.laspa.ee\/et\/hoolitsused\/"},{"@type":"ListItem","position":3,"name":"Bali lille\u00f5ite ja puuviljade puhtuse massaa\u017eirituaal"}]},{"@type":"WebSite","@id":"https:\/\/www.laspa.ee\/et\/#website","url":"https:\/\/www.laspa.ee\/et\/","name":"LaSpa Laulasmaa","description":"Wellbeing by nature","potentialAction":[{"@type":"SearchAction","target":{"@type":"EntryPoint","urlTemplate":"https:\/\/www.laspa.ee\/et\/?s={search_term_string}"},"query-input":{"@type":"PropertyValueSpecification","valueRequired":true,"valueName":"search_term_string"}}],"inLanguage":"et"}]}},"_links":{"self":[{"href":"https:\/\/www.laspa.ee\/et\/wp-json\/wp\/v2\/product\/2035","targetHints":{"allow":["GET"]}}],"collection":[{"href":"https:\/\/www.laspa.ee\/et\/wp-json\/wp\/v2\/product"}],"about":[{"href":"https:\/\/www.laspa.ee\/et\/wp-json\/wp\/v2\/types\/product"}],"wp:featuredmedia":[{"embeddable":true,"href":"https:\/\/www.laspa.ee\/et\/wp-json\/wp\/v2\/media\/1773"}],"wp:attachment":[{"href":"https:\/\/www.laspa.ee\/et\/wp-json\/wp\/v2\/media?parent=2035"}],"wp:term":[{"taxonomy":"product_brand","embeddable":true,"href":"https:\/\/www.laspa.ee\/et\/wp-json\/wp\/v2\/product_brand?post=2035"},{"taxonomy":"product_cat","embeddable":true,"href":"https:\/\/www.laspa.ee\/et\/wp-json\/wp\/v2\/product_cat?post=2035"},{"taxonomy":"product_tag","embeddable":true,"href":"https:\/\/www.laspa.ee\/et\/wp-json\/wp\/v2\/product_tag?post=2035"}],"curies":[{"name":"wp","href":"https:\/\/api.w.org\/{rel}","templated":true}]}}