{"id":21712,"date":"2026-03-27T12:28:32","date_gmt":"2026-03-27T10:28:32","guid":{"rendered":"https:\/\/www.laspa.ee\/?post_type=product&#038;p=21712"},"modified":"2026-03-31T14:16:33","modified_gmt":"2026-03-31T12:16:33","slug":"swissline-signature-massaaz-45min","status":"publish","type":"product","link":"https:\/\/www.laspa.ee\/et\/product\/swissline-signature-massaaz-45min\/","title":{"rendered":"Swissline Signature massaa\u017e 45min"},"content":{"rendered":"<p>Swissline Signature massaa\u017e on 2023.aasta n\u00e4omassaa\u017ei maailmameistri Anna Tsankova eksklusiivne massaa\u017eitehnika, mis parandab naha toonust, ergutab l\u00fcmfivoolu ja taastab naha loomuliku s\u00e4ra. Hoolitsus sisaldab n\u00e4o-, dekoltee- ja peamassaa\u017ei ning l\u00f5peb nahale sobiva seerumi ja kreemi pealekandmisega.<\/p>\n","protected":false},"excerpt":{"rendered":"<p>Hoolitsus sisaldab n\u00e4o- dekoltee- ja peamassaa\u017ei ning l\u00f5peb nahale sobiva seerumi ja kreemi pealekandmisega.<\/p>\n","protected":false},"featured_media":21715,"template":"","meta":{"_acf_changed":false},"product_brand":[],"product_cat":[93,51],"product_tag":[],"class_list":{"0":"post-21712","1":"product","2":"type-product","3":"status-publish","4":"has-post-thumbnail","6":"product_cat-koik","7":"product_cat-naole","9":"first","10":"instock","11":"shipping-taxable","12":"purchasable","13":"product-type-simple"},"acf":false,"yoast_head":"<!-- This site is optimized with the Yoast SEO plugin v27.2 - https:\/\/yoast.com\/product\/yoast-seo-wordpress\/ -->\n<title>Swissline Signature massaa\u017e 45min - LaSpa Laulasmaa<\/title>\n<meta name=\"robots\" content=\"index, follow, max-snippet:-1, max-image-preview:large, max-video-preview:-1\" \/>\n<link rel=\"canonical\" href=\"https:\/\/www.laspa.ee\/et\/product\/swissline-signature-massaaz-45min\/\" \/>\n<meta property=\"og:locale\" content=\"et_EE\" \/>\n<meta property=\"og:type\" content=\"article\" \/>\n<meta property=\"og:title\" content=\"Swissline Signature massaa\u017e 45min - LaSpa Laulasmaa\" \/>\n<meta property=\"og:description\" content=\"Hoolitsus sisaldab n\u00e4o- dekoltee- ja peamassaa\u017ei ning l\u00f5peb nahale sobiva seerumi ja kreemi pealekandmisega.\" \/>\n<meta property=\"og:url\" content=\"https:\/\/www.laspa.ee\/et\/product\/swissline-signature-massaaz-45min\/\" \/>\n<meta property=\"og:site_name\" content=\"LaSpa Laulasmaa\" \/>\n<meta property=\"article:publisher\" content=\"https:\/\/www.facebook.com\/LaSpaLaulasmaa\" \/>\n<meta property=\"article:modified_time\" content=\"2026-03-31T12:16:33+00:00\" \/>\n<meta property=\"og:image\" content=\"https:\/\/www.laspa.ee\/wp-content\/uploads\/2026\/03\/144085.jpg\" \/>\n\t<meta property=\"og:image:width\" content=\"400\" \/>\n\t<meta property=\"og:image:height\" content=\"400\" \/>\n\t<meta property=\"og:image:type\" content=\"image\/jpeg\" \/>\n<meta name=\"twitter:card\" content=\"summary_large_image\" \/>\n<meta name=\"twitter:label1\" content=\"Est. reading time\" \/>\n\t<meta name=\"twitter:data1\" content=\"1 minut\" \/>\n<script type=\"application\/ld+json\" class=\"yoast-schema-graph\">{\"@context\":\"https:\/\/schema.org\",\"@graph\":[{\"@type\":\"WebPage\",\"@id\":\"https:\/\/www.laspa.ee\/et\/product\/swissline-signature-massaaz-45min\/\",\"url\":\"https:\/\/www.laspa.ee\/et\/product\/swissline-signature-massaaz-45min\/\",\"name\":\"Swissline Signature massaa\u017e 45min - LaSpa Laulasmaa\",\"isPartOf\":{\"@id\":\"https:\/\/www.laspa.ee\/et\/#website\"},\"primaryImageOfPage\":{\"@id\":\"https:\/\/www.laspa.ee\/et\/product\/swissline-signature-massaaz-45min\/#primaryimage\"},\"image\":{\"@id\":\"https:\/\/www.laspa.ee\/et\/product\/swissline-signature-massaaz-45min\/#primaryimage\"},\"thumbnailUrl\":\"https:\/\/www.laspa.ee\/wp-content\/uploads\/2026\/03\/144085.jpg\",\"datePublished\":\"2026-03-27T10:28:32+00:00\",\"dateModified\":\"2026-03-31T12:16:33+00:00\",\"breadcrumb\":{\"@id\":\"https:\/\/www.laspa.ee\/et\/product\/swissline-signature-massaaz-45min\/#breadcrumb\"},\"inLanguage\":\"et\",\"potentialAction\":[{\"@type\":\"ReadAction\",\"target\":[\"https:\/\/www.laspa.ee\/et\/product\/swissline-signature-massaaz-45min\/\"]}]},{\"@type\":\"ImageObject\",\"inLanguage\":\"et\",\"@id\":\"https:\/\/www.laspa.ee\/et\/product\/swissline-signature-massaaz-45min\/#primaryimage\",\"url\":\"https:\/\/www.laspa.ee\/wp-content\/uploads\/2026\/03\/144085.jpg\",\"contentUrl\":\"https:\/\/www.laspa.ee\/wp-content\/uploads\/2026\/03\/144085.jpg\",\"width\":400,\"height\":400,\"caption\":\"Swissline Signature massaa\u017e 45min.\"},{\"@type\":\"BreadcrumbList\",\"@id\":\"https:\/\/www.laspa.ee\/et\/product\/swissline-signature-massaaz-45min\/#breadcrumb\",\"itemListElement\":[{\"@type\":\"ListItem\",\"position\":1,\"name\":\"Home\",\"item\":\"https:\/\/www.laspa.ee\/et\/\"},{\"@type\":\"ListItem\",\"position\":2,\"name\":\"Shop\",\"item\":\"https:\/\/www.laspa.ee\/et\/hoolitsused\/\"},{\"@type\":\"ListItem\",\"position\":3,\"name\":\"Swissline Signature massaa\u017e 45min\"}]},{\"@type\":\"WebSite\",\"@id\":\"https:\/\/www.laspa.ee\/et\/#website\",\"url\":\"https:\/\/www.laspa.ee\/et\/\",\"name\":\"LaSpa Laulasmaa\",\"description\":\"Wellbeing by nature\",\"potentialAction\":[{\"@type\":\"SearchAction\",\"target\":{\"@type\":\"EntryPoint\",\"urlTemplate\":\"https:\/\/www.laspa.ee\/et\/?s={search_term_string}\"},\"query-input\":{\"@type\":\"PropertyValueSpecification\",\"valueRequired\":true,\"valueName\":\"search_term_string\"}}],\"inLanguage\":\"et\"}]}<\/script>\n<!-- \/ Yoast SEO plugin. -->","yoast_head_json":{"title":"Swissline Signature massaa\u017e 45min - LaSpa Laulasmaa","robots":{"index":"index","follow":"follow","max-snippet":"max-snippet:-1","max-image-preview":"max-image-preview:large","max-video-preview":"max-video-preview:-1"},"canonical":"https:\/\/www.laspa.ee\/et\/product\/swissline-signature-massaaz-45min\/","og_locale":"et_EE","og_type":"article","og_title":"Swissline Signature massaa\u017e 45min - LaSpa Laulasmaa","og_description":"Hoolitsus sisaldab n\u00e4o- dekoltee- ja peamassaa\u017ei ning l\u00f5peb nahale sobiva seerumi ja kreemi pealekandmisega.","og_url":"https:\/\/www.laspa.ee\/et\/product\/swissline-signature-massaaz-45min\/","og_site_name":"LaSpa Laulasmaa","article_publisher":"https:\/\/www.facebook.com\/LaSpaLaulasmaa","article_modified_time":"2026-03-31T12:16:33+00:00","og_image":[{"width":400,"height":400,"url":"https:\/\/www.laspa.ee\/wp-content\/uploads\/2026\/03\/144085.jpg","type":"image\/jpeg"}],"twitter_card":"summary_large_image","twitter_misc":{"Est. reading time":"1 minut"},"schema":{"@context":"https:\/\/schema.org","@graph":[{"@type":"WebPage","@id":"https:\/\/www.laspa.ee\/et\/product\/swissline-signature-massaaz-45min\/","url":"https:\/\/www.laspa.ee\/et\/product\/swissline-signature-massaaz-45min\/","name":"Swissline Signature massaa\u017e 45min - LaSpa Laulasmaa","isPartOf":{"@id":"https:\/\/www.laspa.ee\/et\/#website"},"primaryImageOfPage":{"@id":"https:\/\/www.laspa.ee\/et\/product\/swissline-signature-massaaz-45min\/#primaryimage"},"image":{"@id":"https:\/\/www.laspa.ee\/et\/product\/swissline-signature-massaaz-45min\/#primaryimage"},"thumbnailUrl":"https:\/\/www.laspa.ee\/wp-content\/uploads\/2026\/03\/144085.jpg","datePublished":"2026-03-27T10:28:32+00:00","dateModified":"2026-03-31T12:16:33+00:00","breadcrumb":{"@id":"https:\/\/www.laspa.ee\/et\/product\/swissline-signature-massaaz-45min\/#breadcrumb"},"inLanguage":"et","potentialAction":[{"@type":"ReadAction","target":["https:\/\/www.laspa.ee\/et\/product\/swissline-signature-massaaz-45min\/"]}]},{"@type":"ImageObject","inLanguage":"et","@id":"https:\/\/www.laspa.ee\/et\/product\/swissline-signature-massaaz-45min\/#primaryimage","url":"https:\/\/www.laspa.ee\/wp-content\/uploads\/2026\/03\/144085.jpg","contentUrl":"https:\/\/www.laspa.ee\/wp-content\/uploads\/2026\/03\/144085.jpg","width":400,"height":400,"caption":"Swissline Signature massaa\u017e 45min."},{"@type":"BreadcrumbList","@id":"https:\/\/www.laspa.ee\/et\/product\/swissline-signature-massaaz-45min\/#breadcrumb","itemListElement":[{"@type":"ListItem","position":1,"name":"Home","item":"https:\/\/www.laspa.ee\/et\/"},{"@type":"ListItem","position":2,"name":"Shop","item":"https:\/\/www.laspa.ee\/et\/hoolitsused\/"},{"@type":"ListItem","position":3,"name":"Swissline Signature massaa\u017e 45min"}]},{"@type":"WebSite","@id":"https:\/\/www.laspa.ee\/et\/#website","url":"https:\/\/www.laspa.ee\/et\/","name":"LaSpa Laulasmaa","description":"Wellbeing by nature","potentialAction":[{"@type":"SearchAction","target":{"@type":"EntryPoint","urlTemplate":"https:\/\/www.laspa.ee\/et\/?s={search_term_string}"},"query-input":{"@type":"PropertyValueSpecification","valueRequired":true,"valueName":"search_term_string"}}],"inLanguage":"et"}]}},"_links":{"self":[{"href":"https:\/\/www.laspa.ee\/et\/wp-json\/wp\/v2\/product\/21712","targetHints":{"allow":["GET"]}}],"collection":[{"href":"https:\/\/www.laspa.ee\/et\/wp-json\/wp\/v2\/product"}],"about":[{"href":"https:\/\/www.laspa.ee\/et\/wp-json\/wp\/v2\/types\/product"}],"wp:featuredmedia":[{"embeddable":true,"href":"https:\/\/www.laspa.ee\/et\/wp-json\/wp\/v2\/media\/21715"}],"wp:attachment":[{"href":"https:\/\/www.laspa.ee\/et\/wp-json\/wp\/v2\/media?parent=21712"}],"wp:term":[{"taxonomy":"product_brand","embeddable":true,"href":"https:\/\/www.laspa.ee\/et\/wp-json\/wp\/v2\/product_brand?post=21712"},{"taxonomy":"product_cat","embeddable":true,"href":"https:\/\/www.laspa.ee\/et\/wp-json\/wp\/v2\/product_cat?post=21712"},{"taxonomy":"product_tag","embeddable":true,"href":"https:\/\/www.laspa.ee\/et\/wp-json\/wp\/v2\/product_tag?post=21712"}],"curies":[{"name":"wp","href":"https:\/\/api.w.org\/{rel}","templated":true}]}}