{"id":21718,"date":"2026-03-27T13:12:00","date_gmt":"2026-03-27T11:12:00","guid":{"rendered":"https:\/\/www.laspa.ee\/?post_type=product&#038;p=21718"},"modified":"2026-03-27T13:18:28","modified_gmt":"2026-03-27T11:18:28","slug":"kobido-royal-massaazirituaal-60min","status":"publish","type":"product","link":"https:\/\/www.laspa.ee\/et\/product\/kobido-royal-massaazirituaal-60min\/","title":{"rendered":"KoBiDo Royal massaa\u017eirituaal 60min"},"content":{"rendered":"<p>Jaapanist p\u00e4rinev iidne massaa\u017eitehnika, mida tuntakse kui \u201ciidset ilu teed\u201d. Massaa\u017ei liigutused on kiired ja vaheldusrikkad. 75 t\u00e4pselt m\u00e4\u00e4ratletud, r\u00fctmiliselt muutuvat massaa\u017eitehnikat avaldavad kliendile nii f\u00fcsioloogiliselt, kui ka ps\u00fchholoogilist m\u00f5ju. Hoolitsuses ei kasutata tavap\u00e4raseid n\u00e4ohoolitsuse tooteid, toimub ainult pinnapuhastamine ja l\u00f5pukreemitamine.<\/p>\n<p>T\u00f5eline globaalne vananemisvastane massaa\u017e toimiv s\u00fcgavuti kortsudele, naha pingulduse ja s\u00e4rale, keskendudes silma\u00fcmbruspiirkonnale, suule, p\u00f5skedele, laubale, n\u00e4o ovaalile ja kaelale. Nahk on silutud, jume s\u00e4rav ja meel ideaalselt l\u00f5dvestunud.<\/p>\n","protected":false},"excerpt":{"rendered":"<p>T\u00f5eline globaalne vananemisvastane massaa\u017e toimiv s\u00fcgavuti kortsudele, naha pingulduse ja s\u00e4rale, keskendudes silma\u00fcmbruspiirkonnale, suule, p\u00f5skedele, laubale, n\u00e4o ovaalile ja kaelale. Nahk on silutud, jume s\u00e4rav ja meel ideaalselt l\u00f5dvestunud.<\/p>\n","protected":false},"featured_media":1963,"template":"","meta":{"_acf_changed":false},"product_brand":[],"product_cat":[93,51],"product_tag":[],"class_list":{"0":"post-21718","1":"product","2":"type-product","3":"status-publish","4":"has-post-thumbnail","6":"product_cat-koik","7":"product_cat-naole","9":"first","10":"instock","11":"shipping-taxable","12":"purchasable","13":"product-type-simple"},"acf":false,"yoast_head":"<!-- This site is optimized with the Yoast SEO plugin v27.2 - https:\/\/yoast.com\/product\/yoast-seo-wordpress\/ -->\n<title>KoBiDo Royal massaa\u017eirituaal 60min - LaSpa Laulasmaa<\/title>\n<meta name=\"robots\" content=\"index, follow, max-snippet:-1, max-image-preview:large, max-video-preview:-1\" \/>\n<link rel=\"canonical\" href=\"https:\/\/www.laspa.ee\/et\/product\/kobido-royal-massaazirituaal-60min\/\" \/>\n<meta property=\"og:locale\" content=\"et_EE\" \/>\n<meta property=\"og:type\" content=\"article\" \/>\n<meta property=\"og:title\" content=\"KoBiDo Royal massaa\u017eirituaal 60min - LaSpa Laulasmaa\" \/>\n<meta property=\"og:description\" content=\"T\u00f5eline globaalne vananemisvastane massaa\u017e toimiv s\u00fcgavuti kortsudele, naha pingulduse ja s\u00e4rale, keskendudes silma\u00fcmbruspiirkonnale, suule, p\u00f5skedele, laubale, n\u00e4o ovaalile ja kaelale. Nahk on silutud, jume s\u00e4rav ja meel ideaalselt l\u00f5dvestunud.\" \/>\n<meta property=\"og:url\" content=\"https:\/\/www.laspa.ee\/et\/product\/kobido-royal-massaazirituaal-60min\/\" \/>\n<meta property=\"og:site_name\" content=\"LaSpa Laulasmaa\" \/>\n<meta property=\"article:publisher\" content=\"https:\/\/www.facebook.com\/LaSpaLaulasmaa\" \/>\n<meta property=\"article:modified_time\" content=\"2026-03-27T11:18:28+00:00\" \/>\n<meta property=\"og:image\" content=\"https:\/\/www.laspa.ee\/wp-content\/uploads\/2021\/01\/naudi_spa.jpg\" \/>\n\t<meta property=\"og:image:width\" content=\"1920\" \/>\n\t<meta property=\"og:image:height\" content=\"1280\" \/>\n\t<meta property=\"og:image:type\" content=\"image\/jpeg\" \/>\n<meta name=\"twitter:card\" content=\"summary_large_image\" \/>\n<meta name=\"twitter:label1\" content=\"Est. reading time\" \/>\n\t<meta name=\"twitter:data1\" content=\"1 minut\" \/>\n<script type=\"application\/ld+json\" class=\"yoast-schema-graph\">{\"@context\":\"https:\/\/schema.org\",\"@graph\":[{\"@type\":\"WebPage\",\"@id\":\"https:\/\/www.laspa.ee\/et\/product\/kobido-royal-massaazirituaal-60min\/\",\"url\":\"https:\/\/www.laspa.ee\/et\/product\/kobido-royal-massaazirituaal-60min\/\",\"name\":\"KoBiDo Royal massaa\u017eirituaal 60min - LaSpa Laulasmaa\",\"isPartOf\":{\"@id\":\"https:\/\/www.laspa.ee\/et\/#website\"},\"primaryImageOfPage\":{\"@id\":\"https:\/\/www.laspa.ee\/et\/product\/kobido-royal-massaazirituaal-60min\/#primaryimage\"},\"image\":{\"@id\":\"https:\/\/www.laspa.ee\/et\/product\/kobido-royal-massaazirituaal-60min\/#primaryimage\"},\"thumbnailUrl\":\"https:\/\/www.laspa.ee\/wp-content\/uploads\/2021\/01\/naudi_spa.jpg\",\"datePublished\":\"2026-03-27T11:12:00+00:00\",\"dateModified\":\"2026-03-27T11:18:28+00:00\",\"breadcrumb\":{\"@id\":\"https:\/\/www.laspa.ee\/et\/product\/kobido-royal-massaazirituaal-60min\/#breadcrumb\"},\"inLanguage\":\"et\",\"potentialAction\":[{\"@type\":\"ReadAction\",\"target\":[\"https:\/\/www.laspa.ee\/et\/product\/kobido-royal-massaazirituaal-60min\/\"]}]},{\"@type\":\"ImageObject\",\"inLanguage\":\"et\",\"@id\":\"https:\/\/www.laspa.ee\/et\/product\/kobido-royal-massaazirituaal-60min\/#primaryimage\",\"url\":\"https:\/\/www.laspa.ee\/wp-content\/uploads\/2021\/01\/naudi_spa.jpg\",\"contentUrl\":\"https:\/\/www.laspa.ee\/wp-content\/uploads\/2021\/01\/naudi_spa.jpg\",\"width\":1920,\"height\":1280,\"caption\":\"Naudi spaa Laulasmaal\"},{\"@type\":\"BreadcrumbList\",\"@id\":\"https:\/\/www.laspa.ee\/et\/product\/kobido-royal-massaazirituaal-60min\/#breadcrumb\",\"itemListElement\":[{\"@type\":\"ListItem\",\"position\":1,\"name\":\"Home\",\"item\":\"https:\/\/www.laspa.ee\/et\/\"},{\"@type\":\"ListItem\",\"position\":2,\"name\":\"Shop\",\"item\":\"https:\/\/www.laspa.ee\/et\/hoolitsused\/\"},{\"@type\":\"ListItem\",\"position\":3,\"name\":\"KoBiDo Royal massaa\u017eirituaal 60min\"}]},{\"@type\":\"WebSite\",\"@id\":\"https:\/\/www.laspa.ee\/et\/#website\",\"url\":\"https:\/\/www.laspa.ee\/et\/\",\"name\":\"LaSpa Laulasmaa\",\"description\":\"Wellbeing by nature\",\"potentialAction\":[{\"@type\":\"SearchAction\",\"target\":{\"@type\":\"EntryPoint\",\"urlTemplate\":\"https:\/\/www.laspa.ee\/et\/?s={search_term_string}\"},\"query-input\":{\"@type\":\"PropertyValueSpecification\",\"valueRequired\":true,\"valueName\":\"search_term_string\"}}],\"inLanguage\":\"et\"}]}<\/script>\n<!-- \/ Yoast SEO plugin. -->","yoast_head_json":{"title":"KoBiDo Royal massaa\u017eirituaal 60min - LaSpa Laulasmaa","robots":{"index":"index","follow":"follow","max-snippet":"max-snippet:-1","max-image-preview":"max-image-preview:large","max-video-preview":"max-video-preview:-1"},"canonical":"https:\/\/www.laspa.ee\/et\/product\/kobido-royal-massaazirituaal-60min\/","og_locale":"et_EE","og_type":"article","og_title":"KoBiDo Royal massaa\u017eirituaal 60min - LaSpa Laulasmaa","og_description":"T\u00f5eline globaalne vananemisvastane massaa\u017e toimiv s\u00fcgavuti kortsudele, naha pingulduse ja s\u00e4rale, keskendudes silma\u00fcmbruspiirkonnale, suule, p\u00f5skedele, laubale, n\u00e4o ovaalile ja kaelale. Nahk on silutud, jume s\u00e4rav ja meel ideaalselt l\u00f5dvestunud.","og_url":"https:\/\/www.laspa.ee\/et\/product\/kobido-royal-massaazirituaal-60min\/","og_site_name":"LaSpa Laulasmaa","article_publisher":"https:\/\/www.facebook.com\/LaSpaLaulasmaa","article_modified_time":"2026-03-27T11:18:28+00:00","og_image":[{"width":1920,"height":1280,"url":"https:\/\/www.laspa.ee\/wp-content\/uploads\/2021\/01\/naudi_spa.jpg","type":"image\/jpeg"}],"twitter_card":"summary_large_image","twitter_misc":{"Est. reading time":"1 minut"},"schema":{"@context":"https:\/\/schema.org","@graph":[{"@type":"WebPage","@id":"https:\/\/www.laspa.ee\/et\/product\/kobido-royal-massaazirituaal-60min\/","url":"https:\/\/www.laspa.ee\/et\/product\/kobido-royal-massaazirituaal-60min\/","name":"KoBiDo Royal massaa\u017eirituaal 60min - LaSpa Laulasmaa","isPartOf":{"@id":"https:\/\/www.laspa.ee\/et\/#website"},"primaryImageOfPage":{"@id":"https:\/\/www.laspa.ee\/et\/product\/kobido-royal-massaazirituaal-60min\/#primaryimage"},"image":{"@id":"https:\/\/www.laspa.ee\/et\/product\/kobido-royal-massaazirituaal-60min\/#primaryimage"},"thumbnailUrl":"https:\/\/www.laspa.ee\/wp-content\/uploads\/2021\/01\/naudi_spa.jpg","datePublished":"2026-03-27T11:12:00+00:00","dateModified":"2026-03-27T11:18:28+00:00","breadcrumb":{"@id":"https:\/\/www.laspa.ee\/et\/product\/kobido-royal-massaazirituaal-60min\/#breadcrumb"},"inLanguage":"et","potentialAction":[{"@type":"ReadAction","target":["https:\/\/www.laspa.ee\/et\/product\/kobido-royal-massaazirituaal-60min\/"]}]},{"@type":"ImageObject","inLanguage":"et","@id":"https:\/\/www.laspa.ee\/et\/product\/kobido-royal-massaazirituaal-60min\/#primaryimage","url":"https:\/\/www.laspa.ee\/wp-content\/uploads\/2021\/01\/naudi_spa.jpg","contentUrl":"https:\/\/www.laspa.ee\/wp-content\/uploads\/2021\/01\/naudi_spa.jpg","width":1920,"height":1280,"caption":"Naudi spaa Laulasmaal"},{"@type":"BreadcrumbList","@id":"https:\/\/www.laspa.ee\/et\/product\/kobido-royal-massaazirituaal-60min\/#breadcrumb","itemListElement":[{"@type":"ListItem","position":1,"name":"Home","item":"https:\/\/www.laspa.ee\/et\/"},{"@type":"ListItem","position":2,"name":"Shop","item":"https:\/\/www.laspa.ee\/et\/hoolitsused\/"},{"@type":"ListItem","position":3,"name":"KoBiDo Royal massaa\u017eirituaal 60min"}]},{"@type":"WebSite","@id":"https:\/\/www.laspa.ee\/et\/#website","url":"https:\/\/www.laspa.ee\/et\/","name":"LaSpa Laulasmaa","description":"Wellbeing by nature","potentialAction":[{"@type":"SearchAction","target":{"@type":"EntryPoint","urlTemplate":"https:\/\/www.laspa.ee\/et\/?s={search_term_string}"},"query-input":{"@type":"PropertyValueSpecification","valueRequired":true,"valueName":"search_term_string"}}],"inLanguage":"et"}]}},"_links":{"self":[{"href":"https:\/\/www.laspa.ee\/et\/wp-json\/wp\/v2\/product\/21718","targetHints":{"allow":["GET"]}}],"collection":[{"href":"https:\/\/www.laspa.ee\/et\/wp-json\/wp\/v2\/product"}],"about":[{"href":"https:\/\/www.laspa.ee\/et\/wp-json\/wp\/v2\/types\/product"}],"wp:featuredmedia":[{"embeddable":true,"href":"https:\/\/www.laspa.ee\/et\/wp-json\/wp\/v2\/media\/1963"}],"wp:attachment":[{"href":"https:\/\/www.laspa.ee\/et\/wp-json\/wp\/v2\/media?parent=21718"}],"wp:term":[{"taxonomy":"product_brand","embeddable":true,"href":"https:\/\/www.laspa.ee\/et\/wp-json\/wp\/v2\/product_brand?post=21718"},{"taxonomy":"product_cat","embeddable":true,"href":"https:\/\/www.laspa.ee\/et\/wp-json\/wp\/v2\/product_cat?post=21718"},{"taxonomy":"product_tag","embeddable":true,"href":"https:\/\/www.laspa.ee\/et\/wp-json\/wp\/v2\/product_tag?post=21718"}],"curies":[{"name":"wp","href":"https:\/\/api.w.org\/{rel}","templated":true}]}}