{"id":842,"date":"2020-12-14T16:33:48","date_gmt":"2020-12-14T14:33:48","guid":{"rendered":"https:\/\/www.laspa.ee\/product\/manicure-for-little-hands\/"},"modified":"2024-02-27T00:24:22","modified_gmt":"2024-02-26T22:24:22","slug":"vaikeste-preilide-manikuur","status":"publish","type":"product","link":"https:\/\/www.laspa.ee\/et\/product\/vaikeste-preilide-manikuur\/","title":{"rendered":"V\u00e4ikeste preilide manik\u00fc\u00fcr"},"content":{"rendered":"<h3>K\u00fc\u00fcnte ja k\u00e4tehoolitsus v\u00e4ikestele k\u00fclalistele, mis j\u00e4tab k\u00e4ed nii pehmeks, et nad on koheselt valmis, kas v\u00f5lus\u00e4ra laiali puistama v\u00f5i draakonitega v\u00f5itlema.<\/h3>\n<p>Lastehoolitsused sobivad 5-12 aastastele.<\/p>\n","protected":false},"excerpt":{"rendered":"<p>K\u00fc\u00fcnte ja k\u00e4tehoolitsus v\u00e4ikestele k\u00fclalistele, mis j\u00e4tab k\u00e4ed nii pehmeks, et nad on koheselt valmis, kas v\u00f5lus\u00e4ra laiali puistama v\u00f5i draakonitega v\u00f5itlema.<\/p>\n","protected":false},"featured_media":2152,"template":"","meta":{"_acf_changed":false},"product_brand":[],"product_cat":[93,54],"product_tag":[],"class_list":{"0":"post-842","1":"product","2":"type-product","3":"status-publish","4":"has-post-thumbnail","6":"product_cat-koik","7":"product_cat-lastele","9":"first","10":"instock","11":"shipping-taxable","12":"purchasable","13":"product-type-simple"},"acf":false,"yoast_head":"<!-- This site is optimized with the Yoast SEO plugin v27.4 - https:\/\/yoast.com\/product\/yoast-seo-wordpress\/ -->\n<title>V\u00e4ikeste preilide manik\u00fc\u00fcr - LaSpa Laulasmaa<\/title>\n<meta name=\"robots\" content=\"index, follow, max-snippet:-1, max-image-preview:large, max-video-preview:-1\" \/>\n<link rel=\"canonical\" href=\"https:\/\/www.laspa.ee\/et\/product\/vaikeste-preilide-manikuur\/\" \/>\n<meta property=\"og:locale\" content=\"et_EE\" \/>\n<meta property=\"og:type\" content=\"article\" \/>\n<meta property=\"og:title\" content=\"V\u00e4ikeste preilide manik\u00fc\u00fcr - LaSpa Laulasmaa\" \/>\n<meta property=\"og:description\" content=\"K\u00fc\u00fcnte ja k\u00e4tehoolitsus v\u00e4ikestele k\u00fclalistele, mis j\u00e4tab k\u00e4ed nii pehmeks, et nad on koheselt valmis, kas v\u00f5lus\u00e4ra laiali puistama v\u00f5i draakonitega v\u00f5itlema.\" \/>\n<meta property=\"og:url\" content=\"https:\/\/www.laspa.ee\/et\/product\/vaikeste-preilide-manikuur\/\" \/>\n<meta property=\"og:site_name\" content=\"LaSpa Laulasmaa\" \/>\n<meta property=\"article:publisher\" content=\"https:\/\/www.facebook.com\/LaSpaLaulasmaa\" \/>\n<meta property=\"article:modified_time\" content=\"2024-02-26T22:24:22+00:00\" \/>\n<meta property=\"og:image\" content=\"https:\/\/www.laspa.ee\/wp-content\/uploads\/2020\/12\/manikyyr_lastele_laspa.jpg\" \/>\n\t<meta property=\"og:image:width\" content=\"1920\" \/>\n\t<meta property=\"og:image:height\" content=\"1271\" \/>\n\t<meta property=\"og:image:type\" content=\"image\/jpeg\" \/>\n<meta name=\"twitter:card\" content=\"summary_large_image\" \/>\n<meta name=\"twitter:label1\" content=\"Est. reading time\" \/>\n\t<meta name=\"twitter:data1\" content=\"1 minut\" \/>\n<script type=\"application\/ld+json\" class=\"yoast-schema-graph\">{\"@context\":\"https:\\\/\\\/schema.org\",\"@graph\":[{\"@type\":\"WebPage\",\"@id\":\"https:\\\/\\\/www.laspa.ee\\\/et\\\/product\\\/vaikeste-preilide-manikuur\\\/\",\"url\":\"https:\\\/\\\/www.laspa.ee\\\/et\\\/product\\\/vaikeste-preilide-manikuur\\\/\",\"name\":\"V\u00e4ikeste preilide manik\u00fc\u00fcr - LaSpa Laulasmaa\",\"isPartOf\":{\"@id\":\"https:\\\/\\\/www.laspa.ee\\\/et\\\/#website\"},\"primaryImageOfPage\":{\"@id\":\"https:\\\/\\\/www.laspa.ee\\\/et\\\/product\\\/vaikeste-preilide-manikuur\\\/#primaryimage\"},\"image\":{\"@id\":\"https:\\\/\\\/www.laspa.ee\\\/et\\\/product\\\/vaikeste-preilide-manikuur\\\/#primaryimage\"},\"thumbnailUrl\":\"https:\\\/\\\/www.laspa.ee\\\/wp-content\\\/uploads\\\/2020\\\/12\\\/manikyyr_lastele_laspa.jpg\",\"datePublished\":\"2020-12-14T14:33:48+00:00\",\"dateModified\":\"2024-02-26T22:24:22+00:00\",\"breadcrumb\":{\"@id\":\"https:\\\/\\\/www.laspa.ee\\\/et\\\/product\\\/vaikeste-preilide-manikuur\\\/#breadcrumb\"},\"inLanguage\":\"et\",\"potentialAction\":[{\"@type\":\"ReadAction\",\"target\":[\"https:\\\/\\\/www.laspa.ee\\\/et\\\/product\\\/vaikeste-preilide-manikuur\\\/\"]}]},{\"@type\":\"ImageObject\",\"inLanguage\":\"et\",\"@id\":\"https:\\\/\\\/www.laspa.ee\\\/et\\\/product\\\/vaikeste-preilide-manikuur\\\/#primaryimage\",\"url\":\"https:\\\/\\\/www.laspa.ee\\\/wp-content\\\/uploads\\\/2020\\\/12\\\/manikyyr_lastele_laspa.jpg\",\"contentUrl\":\"https:\\\/\\\/www.laspa.ee\\\/wp-content\\\/uploads\\\/2020\\\/12\\\/manikyyr_lastele_laspa.jpg\",\"width\":1920,\"height\":1271,\"caption\":\"Laste manik\u00fc\u00fcr LaSpa spaahotellis\"},{\"@type\":\"BreadcrumbList\",\"@id\":\"https:\\\/\\\/www.laspa.ee\\\/et\\\/product\\\/vaikeste-preilide-manikuur\\\/#breadcrumb\",\"itemListElement\":[{\"@type\":\"ListItem\",\"position\":1,\"name\":\"Home\",\"item\":\"https:\\\/\\\/www.laspa.ee\\\/et\\\/\"},{\"@type\":\"ListItem\",\"position\":2,\"name\":\"Shop\",\"item\":\"https:\\\/\\\/www.laspa.ee\\\/et\\\/hoolitsused\\\/\"},{\"@type\":\"ListItem\",\"position\":3,\"name\":\"V\u00e4ikeste preilide manik\u00fc\u00fcr\"}]},{\"@type\":\"WebSite\",\"@id\":\"https:\\\/\\\/www.laspa.ee\\\/et\\\/#website\",\"url\":\"https:\\\/\\\/www.laspa.ee\\\/et\\\/\",\"name\":\"LaSpa Laulasmaa\",\"description\":\"Wellbeing by nature\",\"potentialAction\":[{\"@type\":\"SearchAction\",\"target\":{\"@type\":\"EntryPoint\",\"urlTemplate\":\"https:\\\/\\\/www.laspa.ee\\\/et\\\/?s={search_term_string}\"},\"query-input\":{\"@type\":\"PropertyValueSpecification\",\"valueRequired\":true,\"valueName\":\"search_term_string\"}}],\"inLanguage\":\"et\"}]}<\/script>\n<!-- \/ Yoast SEO plugin. -->","yoast_head_json":{"title":"V\u00e4ikeste preilide manik\u00fc\u00fcr - LaSpa Laulasmaa","robots":{"index":"index","follow":"follow","max-snippet":"max-snippet:-1","max-image-preview":"max-image-preview:large","max-video-preview":"max-video-preview:-1"},"canonical":"https:\/\/www.laspa.ee\/et\/product\/vaikeste-preilide-manikuur\/","og_locale":"et_EE","og_type":"article","og_title":"V\u00e4ikeste preilide manik\u00fc\u00fcr - LaSpa Laulasmaa","og_description":"K\u00fc\u00fcnte ja k\u00e4tehoolitsus v\u00e4ikestele k\u00fclalistele, mis j\u00e4tab k\u00e4ed nii pehmeks, et nad on koheselt valmis, kas v\u00f5lus\u00e4ra laiali puistama v\u00f5i draakonitega v\u00f5itlema.","og_url":"https:\/\/www.laspa.ee\/et\/product\/vaikeste-preilide-manikuur\/","og_site_name":"LaSpa Laulasmaa","article_publisher":"https:\/\/www.facebook.com\/LaSpaLaulasmaa","article_modified_time":"2024-02-26T22:24:22+00:00","og_image":[{"width":1920,"height":1271,"url":"https:\/\/www.laspa.ee\/wp-content\/uploads\/2020\/12\/manikyyr_lastele_laspa.jpg","type":"image\/jpeg"}],"twitter_card":"summary_large_image","twitter_misc":{"Est. reading time":"1 minut"},"schema":{"@context":"https:\/\/schema.org","@graph":[{"@type":"WebPage","@id":"https:\/\/www.laspa.ee\/et\/product\/vaikeste-preilide-manikuur\/","url":"https:\/\/www.laspa.ee\/et\/product\/vaikeste-preilide-manikuur\/","name":"V\u00e4ikeste preilide manik\u00fc\u00fcr - LaSpa Laulasmaa","isPartOf":{"@id":"https:\/\/www.laspa.ee\/et\/#website"},"primaryImageOfPage":{"@id":"https:\/\/www.laspa.ee\/et\/product\/vaikeste-preilide-manikuur\/#primaryimage"},"image":{"@id":"https:\/\/www.laspa.ee\/et\/product\/vaikeste-preilide-manikuur\/#primaryimage"},"thumbnailUrl":"https:\/\/www.laspa.ee\/wp-content\/uploads\/2020\/12\/manikyyr_lastele_laspa.jpg","datePublished":"2020-12-14T14:33:48+00:00","dateModified":"2024-02-26T22:24:22+00:00","breadcrumb":{"@id":"https:\/\/www.laspa.ee\/et\/product\/vaikeste-preilide-manikuur\/#breadcrumb"},"inLanguage":"et","potentialAction":[{"@type":"ReadAction","target":["https:\/\/www.laspa.ee\/et\/product\/vaikeste-preilide-manikuur\/"]}]},{"@type":"ImageObject","inLanguage":"et","@id":"https:\/\/www.laspa.ee\/et\/product\/vaikeste-preilide-manikuur\/#primaryimage","url":"https:\/\/www.laspa.ee\/wp-content\/uploads\/2020\/12\/manikyyr_lastele_laspa.jpg","contentUrl":"https:\/\/www.laspa.ee\/wp-content\/uploads\/2020\/12\/manikyyr_lastele_laspa.jpg","width":1920,"height":1271,"caption":"Laste manik\u00fc\u00fcr LaSpa spaahotellis"},{"@type":"BreadcrumbList","@id":"https:\/\/www.laspa.ee\/et\/product\/vaikeste-preilide-manikuur\/#breadcrumb","itemListElement":[{"@type":"ListItem","position":1,"name":"Home","item":"https:\/\/www.laspa.ee\/et\/"},{"@type":"ListItem","position":2,"name":"Shop","item":"https:\/\/www.laspa.ee\/et\/hoolitsused\/"},{"@type":"ListItem","position":3,"name":"V\u00e4ikeste preilide manik\u00fc\u00fcr"}]},{"@type":"WebSite","@id":"https:\/\/www.laspa.ee\/et\/#website","url":"https:\/\/www.laspa.ee\/et\/","name":"LaSpa Laulasmaa","description":"Wellbeing by nature","potentialAction":[{"@type":"SearchAction","target":{"@type":"EntryPoint","urlTemplate":"https:\/\/www.laspa.ee\/et\/?s={search_term_string}"},"query-input":{"@type":"PropertyValueSpecification","valueRequired":true,"valueName":"search_term_string"}}],"inLanguage":"et"}]}},"_links":{"self":[{"href":"https:\/\/www.laspa.ee\/et\/wp-json\/wp\/v2\/product\/842","targetHints":{"allow":["GET"]}}],"collection":[{"href":"https:\/\/www.laspa.ee\/et\/wp-json\/wp\/v2\/product"}],"about":[{"href":"https:\/\/www.laspa.ee\/et\/wp-json\/wp\/v2\/types\/product"}],"wp:featuredmedia":[{"embeddable":true,"href":"https:\/\/www.laspa.ee\/et\/wp-json\/wp\/v2\/media\/2152"}],"wp:attachment":[{"href":"https:\/\/www.laspa.ee\/et\/wp-json\/wp\/v2\/media?parent=842"}],"wp:term":[{"taxonomy":"product_brand","embeddable":true,"href":"https:\/\/www.laspa.ee\/et\/wp-json\/wp\/v2\/product_brand?post=842"},{"taxonomy":"product_cat","embeddable":true,"href":"https:\/\/www.laspa.ee\/et\/wp-json\/wp\/v2\/product_cat?post=842"},{"taxonomy":"product_tag","embeddable":true,"href":"https:\/\/www.laspa.ee\/et\/wp-json\/wp\/v2\/product_tag?post=842"}],"curies":[{"name":"wp","href":"https:\/\/api.w.org\/{rel}","templated":true}]}}