{"id":849,"date":"2020-12-14T16:25:23","date_gmt":"2020-12-14T14:25:23","guid":{"rendered":"https:\/\/www.laspa.ee\/product\/salt-therapy-chamber\/"},"modified":"2026-03-20T13:02:55","modified_gmt":"2026-03-20T11:02:55","slug":"soolakamber","status":"publish","type":"product","link":"https:\/\/www.laspa.ee\/et\/product\/soolakamber\/","title":{"rendered":"Soolakamber"},"content":{"rendered":"<h3>Soolaravi kasutatakse eelk\u00f5ige krooniliste hingamisteede haiguste, sealhulgas astma, kroonilise bronhiidi, kroonilise p\u00f5skkoopap\u00f5letiku, kroonilise nohu raviks.<\/h3>\n<ul>\n<li>Tugevdab limaskestadega seotud immuuns\u00fcsteemi, v\u00e4hendab hingamisteede turseid ja kergendab nohu korral hingamist.<\/li>\n<li>V\u00e4hendab stressi.<\/li>\n<li>Nahaprobleemide korral on sool leevendava toimega.<\/li>\n<\/ul>\n<p>Samuti sobib soolakamber suitsetajatele ja tolmuse t\u00f6\u00f6 tegijatele. Sellisel viisil on v\u00f5imalik v\u00e4ltida krooniliste haiguste teket.<\/p>\n","protected":false},"excerpt":{"rendered":"<p>Soolaravi kasutatakse eelk\u00f5ige krooniliste hingamisteede haiguste, sealhulgas astma, kroonilise bronhiidi, kroonilise p\u00f5skkoopap\u00f5letiku, kroonilise nohu raviks.<\/p>\n<ul>\n<li>Tugevdab limaskestadega seotud immuuns\u00fcsteemi, v\u00e4hendab hingamisteede turseid ja kergendab nohu korral hingamist.<\/li>\n<li>V\u00e4hendab stressi.<\/li>\n<li>Nahaprobleemide korral on sool leevendava toimega<\/li>\n<\/ul>\n<p>Soolakoopa hind kehtib \u00fchele inimesele.<\/p>\n","protected":false},"featured_media":12393,"template":"","meta":{"_acf_changed":false},"product_brand":[],"product_cat":[93,53],"product_tag":[],"class_list":{"0":"post-849","1":"product","2":"type-product","3":"status-publish","4":"has-post-thumbnail","6":"product_cat-koik","7":"product_cat-soolateraapia","9":"first","10":"instock","11":"shipping-taxable","12":"purchasable","13":"product-type-simple"},"acf":false,"yoast_head":"<!-- This site is optimized with the Yoast SEO plugin v27.4 - https:\/\/yoast.com\/product\/yoast-seo-wordpress\/ -->\n<title>Soolakamber - LaSpa Laulasmaa<\/title>\n<meta name=\"robots\" content=\"index, follow, max-snippet:-1, max-image-preview:large, max-video-preview:-1\" \/>\n<link rel=\"canonical\" href=\"https:\/\/www.laspa.ee\/et\/product\/soolakamber\/\" \/>\n<meta property=\"og:locale\" content=\"et_EE\" \/>\n<meta property=\"og:type\" content=\"article\" \/>\n<meta property=\"og:title\" content=\"Soolakamber - LaSpa Laulasmaa\" \/>\n<meta property=\"og:description\" content=\"Soolaravi kasutatakse eelk\u00f5ige krooniliste hingamisteede haiguste, sealhulgas astma, kroonilise bronhiidi, kroonilise p\u00f5skkoopap\u00f5letiku, kroonilise nohu raviks.   Tugevdab limaskestadega seotud immuuns\u00fcsteemi, v\u00e4hendab hingamisteede turseid ja kergendab nohu korral hingamist.  V\u00e4hendab stressi.  Nahaprobleemide korral on sool leevendava toimega  Soolakoopa hind kehtib \u00fchele inimesele.\" \/>\n<meta property=\"og:url\" content=\"https:\/\/www.laspa.ee\/et\/product\/soolakamber\/\" \/>\n<meta property=\"og:site_name\" content=\"LaSpa Laulasmaa\" \/>\n<meta property=\"article:publisher\" content=\"https:\/\/www.facebook.com\/LaSpaLaulasmaa\" \/>\n<meta property=\"article:modified_time\" content=\"2026-03-20T11:02:55+00:00\" \/>\n<meta property=\"og:image\" content=\"https:\/\/www.laspa.ee\/wp-content\/uploads\/2020\/12\/Soolakoobas-scaled.jpg\" \/>\n\t<meta property=\"og:image:width\" content=\"2560\" \/>\n\t<meta property=\"og:image:height\" content=\"1920\" \/>\n\t<meta property=\"og:image:type\" content=\"image\/jpeg\" \/>\n<meta name=\"twitter:card\" content=\"summary_large_image\" \/>\n<meta name=\"twitter:label1\" content=\"Est. reading time\" \/>\n\t<meta name=\"twitter:data1\" content=\"1 minut\" \/>\n<script type=\"application\/ld+json\" class=\"yoast-schema-graph\">{\"@context\":\"https:\\\/\\\/schema.org\",\"@graph\":[{\"@type\":\"WebPage\",\"@id\":\"https:\\\/\\\/www.laspa.ee\\\/et\\\/product\\\/soolakamber\\\/\",\"url\":\"https:\\\/\\\/www.laspa.ee\\\/et\\\/product\\\/soolakamber\\\/\",\"name\":\"Soolakamber - LaSpa Laulasmaa\",\"isPartOf\":{\"@id\":\"https:\\\/\\\/www.laspa.ee\\\/et\\\/#website\"},\"primaryImageOfPage\":{\"@id\":\"https:\\\/\\\/www.laspa.ee\\\/et\\\/product\\\/soolakamber\\\/#primaryimage\"},\"image\":{\"@id\":\"https:\\\/\\\/www.laspa.ee\\\/et\\\/product\\\/soolakamber\\\/#primaryimage\"},\"thumbnailUrl\":\"https:\\\/\\\/www.laspa.ee\\\/wp-content\\\/uploads\\\/2020\\\/12\\\/Soolakoobas-scaled.jpg\",\"datePublished\":\"2020-12-14T14:25:23+00:00\",\"dateModified\":\"2026-03-20T11:02:55+00:00\",\"breadcrumb\":{\"@id\":\"https:\\\/\\\/www.laspa.ee\\\/et\\\/product\\\/soolakamber\\\/#breadcrumb\"},\"inLanguage\":\"et\",\"potentialAction\":[{\"@type\":\"ReadAction\",\"target\":[\"https:\\\/\\\/www.laspa.ee\\\/et\\\/product\\\/soolakamber\\\/\"]}]},{\"@type\":\"ImageObject\",\"inLanguage\":\"et\",\"@id\":\"https:\\\/\\\/www.laspa.ee\\\/et\\\/product\\\/soolakamber\\\/#primaryimage\",\"url\":\"https:\\\/\\\/www.laspa.ee\\\/wp-content\\\/uploads\\\/2020\\\/12\\\/Soolakoobas-scaled.jpg\",\"contentUrl\":\"https:\\\/\\\/www.laspa.ee\\\/wp-content\\\/uploads\\\/2020\\\/12\\\/Soolakoobas-scaled.jpg\",\"width\":2560,\"height\":1920},{\"@type\":\"BreadcrumbList\",\"@id\":\"https:\\\/\\\/www.laspa.ee\\\/et\\\/product\\\/soolakamber\\\/#breadcrumb\",\"itemListElement\":[{\"@type\":\"ListItem\",\"position\":1,\"name\":\"Home\",\"item\":\"https:\\\/\\\/www.laspa.ee\\\/et\\\/\"},{\"@type\":\"ListItem\",\"position\":2,\"name\":\"Shop\",\"item\":\"https:\\\/\\\/www.laspa.ee\\\/et\\\/hoolitsused\\\/\"},{\"@type\":\"ListItem\",\"position\":3,\"name\":\"Soolakamber\"}]},{\"@type\":\"WebSite\",\"@id\":\"https:\\\/\\\/www.laspa.ee\\\/et\\\/#website\",\"url\":\"https:\\\/\\\/www.laspa.ee\\\/et\\\/\",\"name\":\"LaSpa Laulasmaa\",\"description\":\"Wellbeing by nature\",\"potentialAction\":[{\"@type\":\"SearchAction\",\"target\":{\"@type\":\"EntryPoint\",\"urlTemplate\":\"https:\\\/\\\/www.laspa.ee\\\/et\\\/?s={search_term_string}\"},\"query-input\":{\"@type\":\"PropertyValueSpecification\",\"valueRequired\":true,\"valueName\":\"search_term_string\"}}],\"inLanguage\":\"et\"}]}<\/script>\n<!-- \/ Yoast SEO plugin. -->","yoast_head_json":{"title":"Soolakamber - LaSpa Laulasmaa","robots":{"index":"index","follow":"follow","max-snippet":"max-snippet:-1","max-image-preview":"max-image-preview:large","max-video-preview":"max-video-preview:-1"},"canonical":"https:\/\/www.laspa.ee\/et\/product\/soolakamber\/","og_locale":"et_EE","og_type":"article","og_title":"Soolakamber - LaSpa Laulasmaa","og_description":"Soolaravi kasutatakse eelk\u00f5ige krooniliste hingamisteede haiguste, sealhulgas astma, kroonilise bronhiidi, kroonilise p\u00f5skkoopap\u00f5letiku, kroonilise nohu raviks.   Tugevdab limaskestadega seotud immuuns\u00fcsteemi, v\u00e4hendab hingamisteede turseid ja kergendab nohu korral hingamist.  V\u00e4hendab stressi.  Nahaprobleemide korral on sool leevendava toimega  Soolakoopa hind kehtib \u00fchele inimesele.","og_url":"https:\/\/www.laspa.ee\/et\/product\/soolakamber\/","og_site_name":"LaSpa Laulasmaa","article_publisher":"https:\/\/www.facebook.com\/LaSpaLaulasmaa","article_modified_time":"2026-03-20T11:02:55+00:00","og_image":[{"width":2560,"height":1920,"url":"https:\/\/www.laspa.ee\/wp-content\/uploads\/2020\/12\/Soolakoobas-scaled.jpg","type":"image\/jpeg"}],"twitter_card":"summary_large_image","twitter_misc":{"Est. reading time":"1 minut"},"schema":{"@context":"https:\/\/schema.org","@graph":[{"@type":"WebPage","@id":"https:\/\/www.laspa.ee\/et\/product\/soolakamber\/","url":"https:\/\/www.laspa.ee\/et\/product\/soolakamber\/","name":"Soolakamber - LaSpa Laulasmaa","isPartOf":{"@id":"https:\/\/www.laspa.ee\/et\/#website"},"primaryImageOfPage":{"@id":"https:\/\/www.laspa.ee\/et\/product\/soolakamber\/#primaryimage"},"image":{"@id":"https:\/\/www.laspa.ee\/et\/product\/soolakamber\/#primaryimage"},"thumbnailUrl":"https:\/\/www.laspa.ee\/wp-content\/uploads\/2020\/12\/Soolakoobas-scaled.jpg","datePublished":"2020-12-14T14:25:23+00:00","dateModified":"2026-03-20T11:02:55+00:00","breadcrumb":{"@id":"https:\/\/www.laspa.ee\/et\/product\/soolakamber\/#breadcrumb"},"inLanguage":"et","potentialAction":[{"@type":"ReadAction","target":["https:\/\/www.laspa.ee\/et\/product\/soolakamber\/"]}]},{"@type":"ImageObject","inLanguage":"et","@id":"https:\/\/www.laspa.ee\/et\/product\/soolakamber\/#primaryimage","url":"https:\/\/www.laspa.ee\/wp-content\/uploads\/2020\/12\/Soolakoobas-scaled.jpg","contentUrl":"https:\/\/www.laspa.ee\/wp-content\/uploads\/2020\/12\/Soolakoobas-scaled.jpg","width":2560,"height":1920},{"@type":"BreadcrumbList","@id":"https:\/\/www.laspa.ee\/et\/product\/soolakamber\/#breadcrumb","itemListElement":[{"@type":"ListItem","position":1,"name":"Home","item":"https:\/\/www.laspa.ee\/et\/"},{"@type":"ListItem","position":2,"name":"Shop","item":"https:\/\/www.laspa.ee\/et\/hoolitsused\/"},{"@type":"ListItem","position":3,"name":"Soolakamber"}]},{"@type":"WebSite","@id":"https:\/\/www.laspa.ee\/et\/#website","url":"https:\/\/www.laspa.ee\/et\/","name":"LaSpa Laulasmaa","description":"Wellbeing by nature","potentialAction":[{"@type":"SearchAction","target":{"@type":"EntryPoint","urlTemplate":"https:\/\/www.laspa.ee\/et\/?s={search_term_string}"},"query-input":{"@type":"PropertyValueSpecification","valueRequired":true,"valueName":"search_term_string"}}],"inLanguage":"et"}]}},"_links":{"self":[{"href":"https:\/\/www.laspa.ee\/et\/wp-json\/wp\/v2\/product\/849","targetHints":{"allow":["GET"]}}],"collection":[{"href":"https:\/\/www.laspa.ee\/et\/wp-json\/wp\/v2\/product"}],"about":[{"href":"https:\/\/www.laspa.ee\/et\/wp-json\/wp\/v2\/types\/product"}],"wp:featuredmedia":[{"embeddable":true,"href":"https:\/\/www.laspa.ee\/et\/wp-json\/wp\/v2\/media\/12393"}],"wp:attachment":[{"href":"https:\/\/www.laspa.ee\/et\/wp-json\/wp\/v2\/media?parent=849"}],"wp:term":[{"taxonomy":"product_brand","embeddable":true,"href":"https:\/\/www.laspa.ee\/et\/wp-json\/wp\/v2\/product_brand?post=849"},{"taxonomy":"product_cat","embeddable":true,"href":"https:\/\/www.laspa.ee\/et\/wp-json\/wp\/v2\/product_cat?post=849"},{"taxonomy":"product_tag","embeddable":true,"href":"https:\/\/www.laspa.ee\/et\/wp-json\/wp\/v2\/product_tag?post=849"}],"curies":[{"name":"wp","href":"https:\/\/api.w.org\/{rel}","templated":true}]}}