{"id":853,"date":"2020-12-14T16:16:18","date_gmt":"2020-12-14T14:16:18","guid":{"rendered":"https:\/\/www.laspa.ee\/product\/pedicure-with-gel-polish\/"},"modified":"2026-03-19T14:52:55","modified_gmt":"2026-03-19T12:52:55","slug":"pedikuur-geellakkimisega","status":"publish","type":"product","link":"https:\/\/www.laspa.ee\/et\/product\/pedikuur-geellakkimisega\/","title":{"rendered":"Pedik\u00fc\u00fcr geellakkimisega"},"content":{"rendered":"<p>Hoolitsus sisaldab k\u00fc\u00fcnte ja k\u00fc\u00fcnenahkade korrastamist ning vajadusel paksenenud naha eemaldamist. Hoolitsuse l\u00f5pus kantakse k\u00fc\u00fcntele geellakk.<\/p>\n","protected":false},"excerpt":{"rendered":"<p>Hoolitsetud jalad ja kaunilt lakitud k\u00fc\u00fcned kuuluvad iga enesekindla naise iluarsenali. Pedik\u00fc\u00fcr geellakiga on mugav viis, kuidas tagada k\u00fc\u00fcntele pikaks ajaks ning v\u00e4hese vaevaga hoolitsetud v\u00e4limus.<\/p>\n","protected":false},"featured_media":10828,"template":"","meta":{"_acf_changed":false},"product_brand":[],"product_cat":[93,52],"product_tag":[],"class_list":{"0":"post-853","1":"product","2":"type-product","3":"status-publish","4":"has-post-thumbnail","6":"product_cat-koik","7":"product_cat-kaed-ja-jalad","9":"first","10":"instock","11":"shipping-taxable","12":"purchasable","13":"product-type-simple"},"acf":false,"yoast_head":"<!-- This site is optimized with the Yoast SEO plugin v27.4 - https:\/\/yoast.com\/product\/yoast-seo-wordpress\/ -->\n<title>Pedik\u00fc\u00fcr geellakkimisega - LaSpa Laulasmaa<\/title>\n<meta name=\"robots\" content=\"index, follow, max-snippet:-1, max-image-preview:large, max-video-preview:-1\" \/>\n<link rel=\"canonical\" href=\"https:\/\/www.laspa.ee\/et\/product\/pedikuur-geellakkimisega\/\" \/>\n<meta property=\"og:locale\" content=\"et_EE\" \/>\n<meta property=\"og:type\" content=\"article\" \/>\n<meta property=\"og:title\" content=\"Pedik\u00fc\u00fcr geellakkimisega - LaSpa Laulasmaa\" \/>\n<meta property=\"og:description\" content=\"Hoolitsetud jalad ja kaunilt lakitud k\u00fc\u00fcned kuuluvad iga enesekindla naise iluarsenali. Pedik\u00fc\u00fcr geellakiga on mugav viis, kuidas tagada k\u00fc\u00fcntele pikaks ajaks ning v\u00e4hese vaevaga hoolitsetud v\u00e4limus.\" \/>\n<meta property=\"og:url\" content=\"https:\/\/www.laspa.ee\/et\/product\/pedikuur-geellakkimisega\/\" \/>\n<meta property=\"og:site_name\" content=\"LaSpa Laulasmaa\" \/>\n<meta property=\"article:publisher\" content=\"https:\/\/www.facebook.com\/LaSpaLaulasmaa\" \/>\n<meta property=\"article:modified_time\" content=\"2026-03-19T12:52:55+00:00\" \/>\n<meta property=\"og:image\" content=\"https:\/\/www.laspa.ee\/wp-content\/uploads\/2020\/12\/shutterstock_695164240-copy-scaled.jpg\" \/>\n\t<meta property=\"og:image:width\" content=\"2560\" \/>\n\t<meta property=\"og:image:height\" content=\"1727\" \/>\n\t<meta property=\"og:image:type\" content=\"image\/jpeg\" \/>\n<meta name=\"twitter:card\" content=\"summary_large_image\" \/>\n<meta name=\"twitter:label1\" content=\"Est. reading time\" \/>\n\t<meta name=\"twitter:data1\" content=\"1 minut\" \/>\n<script type=\"application\/ld+json\" class=\"yoast-schema-graph\">{\"@context\":\"https:\\\/\\\/schema.org\",\"@graph\":[{\"@type\":\"WebPage\",\"@id\":\"https:\\\/\\\/www.laspa.ee\\\/et\\\/product\\\/pedikuur-geellakkimisega\\\/\",\"url\":\"https:\\\/\\\/www.laspa.ee\\\/et\\\/product\\\/pedikuur-geellakkimisega\\\/\",\"name\":\"Pedik\u00fc\u00fcr geellakkimisega - LaSpa Laulasmaa\",\"isPartOf\":{\"@id\":\"https:\\\/\\\/www.laspa.ee\\\/et\\\/#website\"},\"primaryImageOfPage\":{\"@id\":\"https:\\\/\\\/www.laspa.ee\\\/et\\\/product\\\/pedikuur-geellakkimisega\\\/#primaryimage\"},\"image\":{\"@id\":\"https:\\\/\\\/www.laspa.ee\\\/et\\\/product\\\/pedikuur-geellakkimisega\\\/#primaryimage\"},\"thumbnailUrl\":\"https:\\\/\\\/www.laspa.ee\\\/wp-content\\\/uploads\\\/2020\\\/12\\\/shutterstock_695164240-copy-scaled.jpg\",\"datePublished\":\"2020-12-14T14:16:18+00:00\",\"dateModified\":\"2026-03-19T12:52:55+00:00\",\"breadcrumb\":{\"@id\":\"https:\\\/\\\/www.laspa.ee\\\/et\\\/product\\\/pedikuur-geellakkimisega\\\/#breadcrumb\"},\"inLanguage\":\"et\",\"potentialAction\":[{\"@type\":\"ReadAction\",\"target\":[\"https:\\\/\\\/www.laspa.ee\\\/et\\\/product\\\/pedikuur-geellakkimisega\\\/\"]}]},{\"@type\":\"ImageObject\",\"inLanguage\":\"et\",\"@id\":\"https:\\\/\\\/www.laspa.ee\\\/et\\\/product\\\/pedikuur-geellakkimisega\\\/#primaryimage\",\"url\":\"https:\\\/\\\/www.laspa.ee\\\/wp-content\\\/uploads\\\/2020\\\/12\\\/shutterstock_695164240-copy-scaled.jpg\",\"contentUrl\":\"https:\\\/\\\/www.laspa.ee\\\/wp-content\\\/uploads\\\/2020\\\/12\\\/shutterstock_695164240-copy-scaled.jpg\",\"width\":2560,\"height\":1727},{\"@type\":\"BreadcrumbList\",\"@id\":\"https:\\\/\\\/www.laspa.ee\\\/et\\\/product\\\/pedikuur-geellakkimisega\\\/#breadcrumb\",\"itemListElement\":[{\"@type\":\"ListItem\",\"position\":1,\"name\":\"Home\",\"item\":\"https:\\\/\\\/www.laspa.ee\\\/et\\\/\"},{\"@type\":\"ListItem\",\"position\":2,\"name\":\"Shop\",\"item\":\"https:\\\/\\\/www.laspa.ee\\\/et\\\/hoolitsused\\\/\"},{\"@type\":\"ListItem\",\"position\":3,\"name\":\"Pedik\u00fc\u00fcr geellakkimisega\"}]},{\"@type\":\"WebSite\",\"@id\":\"https:\\\/\\\/www.laspa.ee\\\/et\\\/#website\",\"url\":\"https:\\\/\\\/www.laspa.ee\\\/et\\\/\",\"name\":\"LaSpa Laulasmaa\",\"description\":\"Wellbeing by nature\",\"potentialAction\":[{\"@type\":\"SearchAction\",\"target\":{\"@type\":\"EntryPoint\",\"urlTemplate\":\"https:\\\/\\\/www.laspa.ee\\\/et\\\/?s={search_term_string}\"},\"query-input\":{\"@type\":\"PropertyValueSpecification\",\"valueRequired\":true,\"valueName\":\"search_term_string\"}}],\"inLanguage\":\"et\"}]}<\/script>\n<!-- \/ Yoast SEO plugin. -->","yoast_head_json":{"title":"Pedik\u00fc\u00fcr geellakkimisega - LaSpa Laulasmaa","robots":{"index":"index","follow":"follow","max-snippet":"max-snippet:-1","max-image-preview":"max-image-preview:large","max-video-preview":"max-video-preview:-1"},"canonical":"https:\/\/www.laspa.ee\/et\/product\/pedikuur-geellakkimisega\/","og_locale":"et_EE","og_type":"article","og_title":"Pedik\u00fc\u00fcr geellakkimisega - LaSpa Laulasmaa","og_description":"Hoolitsetud jalad ja kaunilt lakitud k\u00fc\u00fcned kuuluvad iga enesekindla naise iluarsenali. Pedik\u00fc\u00fcr geellakiga on mugav viis, kuidas tagada k\u00fc\u00fcntele pikaks ajaks ning v\u00e4hese vaevaga hoolitsetud v\u00e4limus.","og_url":"https:\/\/www.laspa.ee\/et\/product\/pedikuur-geellakkimisega\/","og_site_name":"LaSpa Laulasmaa","article_publisher":"https:\/\/www.facebook.com\/LaSpaLaulasmaa","article_modified_time":"2026-03-19T12:52:55+00:00","og_image":[{"width":2560,"height":1727,"url":"https:\/\/www.laspa.ee\/wp-content\/uploads\/2020\/12\/shutterstock_695164240-copy-scaled.jpg","type":"image\/jpeg"}],"twitter_card":"summary_large_image","twitter_misc":{"Est. reading time":"1 minut"},"schema":{"@context":"https:\/\/schema.org","@graph":[{"@type":"WebPage","@id":"https:\/\/www.laspa.ee\/et\/product\/pedikuur-geellakkimisega\/","url":"https:\/\/www.laspa.ee\/et\/product\/pedikuur-geellakkimisega\/","name":"Pedik\u00fc\u00fcr geellakkimisega - LaSpa Laulasmaa","isPartOf":{"@id":"https:\/\/www.laspa.ee\/et\/#website"},"primaryImageOfPage":{"@id":"https:\/\/www.laspa.ee\/et\/product\/pedikuur-geellakkimisega\/#primaryimage"},"image":{"@id":"https:\/\/www.laspa.ee\/et\/product\/pedikuur-geellakkimisega\/#primaryimage"},"thumbnailUrl":"https:\/\/www.laspa.ee\/wp-content\/uploads\/2020\/12\/shutterstock_695164240-copy-scaled.jpg","datePublished":"2020-12-14T14:16:18+00:00","dateModified":"2026-03-19T12:52:55+00:00","breadcrumb":{"@id":"https:\/\/www.laspa.ee\/et\/product\/pedikuur-geellakkimisega\/#breadcrumb"},"inLanguage":"et","potentialAction":[{"@type":"ReadAction","target":["https:\/\/www.laspa.ee\/et\/product\/pedikuur-geellakkimisega\/"]}]},{"@type":"ImageObject","inLanguage":"et","@id":"https:\/\/www.laspa.ee\/et\/product\/pedikuur-geellakkimisega\/#primaryimage","url":"https:\/\/www.laspa.ee\/wp-content\/uploads\/2020\/12\/shutterstock_695164240-copy-scaled.jpg","contentUrl":"https:\/\/www.laspa.ee\/wp-content\/uploads\/2020\/12\/shutterstock_695164240-copy-scaled.jpg","width":2560,"height":1727},{"@type":"BreadcrumbList","@id":"https:\/\/www.laspa.ee\/et\/product\/pedikuur-geellakkimisega\/#breadcrumb","itemListElement":[{"@type":"ListItem","position":1,"name":"Home","item":"https:\/\/www.laspa.ee\/et\/"},{"@type":"ListItem","position":2,"name":"Shop","item":"https:\/\/www.laspa.ee\/et\/hoolitsused\/"},{"@type":"ListItem","position":3,"name":"Pedik\u00fc\u00fcr geellakkimisega"}]},{"@type":"WebSite","@id":"https:\/\/www.laspa.ee\/et\/#website","url":"https:\/\/www.laspa.ee\/et\/","name":"LaSpa Laulasmaa","description":"Wellbeing by nature","potentialAction":[{"@type":"SearchAction","target":{"@type":"EntryPoint","urlTemplate":"https:\/\/www.laspa.ee\/et\/?s={search_term_string}"},"query-input":{"@type":"PropertyValueSpecification","valueRequired":true,"valueName":"search_term_string"}}],"inLanguage":"et"}]}},"_links":{"self":[{"href":"https:\/\/www.laspa.ee\/et\/wp-json\/wp\/v2\/product\/853","targetHints":{"allow":["GET"]}}],"collection":[{"href":"https:\/\/www.laspa.ee\/et\/wp-json\/wp\/v2\/product"}],"about":[{"href":"https:\/\/www.laspa.ee\/et\/wp-json\/wp\/v2\/types\/product"}],"wp:featuredmedia":[{"embeddable":true,"href":"https:\/\/www.laspa.ee\/et\/wp-json\/wp\/v2\/media\/10828"}],"wp:attachment":[{"href":"https:\/\/www.laspa.ee\/et\/wp-json\/wp\/v2\/media?parent=853"}],"wp:term":[{"taxonomy":"product_brand","embeddable":true,"href":"https:\/\/www.laspa.ee\/et\/wp-json\/wp\/v2\/product_brand?post=853"},{"taxonomy":"product_cat","embeddable":true,"href":"https:\/\/www.laspa.ee\/et\/wp-json\/wp\/v2\/product_cat?post=853"},{"taxonomy":"product_tag","embeddable":true,"href":"https:\/\/www.laspa.ee\/et\/wp-json\/wp\/v2\/product_tag?post=853"}],"curies":[{"name":"wp","href":"https:\/\/api.w.org\/{rel}","templated":true}]}}